{"id":3472,"date":"2012-08-16T14:39:27","date_gmt":"2012-08-16T14:39:27","guid":{"rendered":"https:\/\/arturf.com\/?page_id=3472"},"modified":"2019-04-25T02:14:53","modified_gmt":"2019-04-25T02:14:53","slug":"baseball","status":"publish","type":"page","link":"https:\/\/arturf.com\/es\/sports\/baseball\/","title":{"rendered":"Campo de b\u00e9isbol de c\u00e9sped artificial"},"content":{"rendered":"<div class=\"banner has-hover\" id=\"banner-1134489191\">\n          <div class=\"banner-inner fill\">\n        <div class=\"banner-bg fill\" >\n            <img loading=\"lazy\" decoding=\"async\" width=\"1020\" height=\"366\" src=\"https:\/\/arturf.com\/wp-content\/uploads\/2019\/02\/Artificial-Grass-Baseball-Field-1024x367.jpg\" class=\"bg attachment-large size-large\" alt=\"\" \/>                        <div class=\"overlay\"><\/div>            \n                    <\/div>\n\t\t\n        <div class=\"banner-layers container\">\n            <div class=\"fill banner-link\"><\/div>            \n\n   <div id=\"text-box-329822414\" class=\"text-box banner-layer x50 md-x50 lg-x50 y50 md-y50 lg-y50 res-text\">\n                                <div class=\"text-box-content text dark\">\n              \n              <div class=\"text-inner text-center\">\n                  \n\n<h3 class=\"uppercase\">Cambia esto a cualquier cosa<\/h3>\n<p>Lorem ipsum dolor sit amet, consectetuer adipiscing elit, sed diam nonummy nibh euismod tincidunt ut laoreet dolore magna aliquam erat volutpat.<\/p>\n<a class=\"button white is-outline\" >\n\t\t<span>Haz click en mi<\/span>\n\t<\/a>\n\n\n\n              <\/div>\n           <\/div>\n                            \n<style>\n#text-box-329822414 {\n  width: 60%;\n}\n#text-box-329822414 .text-box-content {\n  font-size: 100%;\n}\n<\/style>\n    <\/div>\n \n\n        <\/div>\n      <\/div>\n\n            \n<style>\n#banner-1134489191 {\n  padding-top: 400px;\n}\n#banner-1134489191 .overlay {\n  background-color: rgba(0, 0, 0, 0.17);\n}\n<\/style>\n  <\/div>\n\n\n<div class=\"row\"  id=\"row-1888574638\">\n\n\n\t<div id=\"col-663863570\" class=\"col small-12 large-12\"  >\n\t\t\t\t<div class=\"col-inner\"  >\n\t\t\t\n\t\t\t\n\n<p>El c\u00e9sped de campo deportivo para b\u00e9isbol se ha convertido en una tendencia tan creciente que muchos colegios y equipos de universidades del mundo han optado por jugar sus juegos en c\u00e9sped sint\u00e9tico sobre c\u00e9sped natural.<\/p>\n<p>\u00a0La textura del c\u00e9sped sint\u00e9tico tambi\u00e9n es ideal para un deporte como el b\u00e9isbol, ya que algunos estudios indican que el c\u00e9sped sint\u00e9tico tiene una tracci\u00f3n que probablemente sea comparable a la del c\u00e9sped natural. Esto se debe a que las palas de polietileno crean una superficie que no es demasiado dura ni demasiado resbaladiza para jugar, lo que evita resbalones y posibles lesiones. Este tipo de c\u00e9sped artificial para campos deportivos es tan amigable con la tracci\u00f3n que es perfecto para que los atletas pivoten y asuman las muchas posturas y posiciones de b\u00e9isbol en sus tacos.<\/p>\n<p>Tambi\u00e9n existen muchos ahorros de costos para los propietarios de estadios de b\u00e9isbol, ya que los campos sint\u00e9ticos no requieren el mismo tiempo de mantenimiento intensivo de poda, riego y podado que necesitan los campos tradicionales. Como puede ver, el b\u00e9isbol ha estado a la vanguardia de la tendencia del c\u00e9sped artificial.<\/p>\n\n\t\t<\/div>\n\t\t\t\t\t<\/div>\n\n\t\n\n<\/div>","protected":false},"excerpt":{"rendered":"","protected":false},"author":3,"featured_media":0,"parent":2230,"menu_order":15,"comment_status":"closed","ping_status":"closed","template":"page-blank.php","meta":{"_seopress_robots_primary_cat":"","_seopress_titles_title":"Artificial Turf for Baseball Field-China Artificial Grass Factory","_seopress_titles_desc":"Artificial turf for baseball has become such a growing trend that many colleges and universities\u2019 teams have chosen to play their games on synthetic grass.","_seopress_robots_index":"","footnotes":""},"class_list":["post-3472","page","type-page","status-publish","hentry"],"_links":{"self":[{"href":"https:\/\/arturf.com\/es\/wp-json\/wp\/v2\/pages\/3472","targetHints":{"allow":["GET"]}}],"collection":[{"href":"https:\/\/arturf.com\/es\/wp-json\/wp\/v2\/pages"}],"about":[{"href":"https:\/\/arturf.com\/es\/wp-json\/wp\/v2\/types\/page"}],"author":[{"embeddable":true,"href":"https:\/\/arturf.com\/es\/wp-json\/wp\/v2\/users\/3"}],"replies":[{"embeddable":true,"href":"https:\/\/arturf.com\/es\/wp-json\/wp\/v2\/comments?post=3472"}],"version-history":[{"count":0,"href":"https:\/\/arturf.com\/es\/wp-json\/wp\/v2\/pages\/3472\/revisions"}],"up":[{"embeddable":true,"href":"https:\/\/arturf.com\/es\/wp-json\/wp\/v2\/pages\/2230"}],"wp:attachment":[{"href":"https:\/\/arturf.com\/es\/wp-json\/wp\/v2\/media?parent=3472"}],"curies":[{"name":"gracias","href":"https:\/\/api.w.org\/{rel}","templated":true}]}}