{"id":4360,"date":"2013-04-20T15:15:44","date_gmt":"2013-04-20T15:15:44","guid":{"rendered":"https:\/\/arturf.com\/?page_id=4360"},"modified":"2023-07-08T15:38:22","modified_gmt":"2023-07-08T07:38:22","slug":"paintball-field","status":"publish","type":"page","link":"https:\/\/arturf.com\/es\/sports\/paintball-field\/","title":{"rendered":"Campo de paintball de c\u00e9sped artificial"},"content":{"rendered":"<div class=\"banner has-hover\" id=\"banner-2026626108\">\n          <div class=\"banner-inner fill\">\n        <div class=\"banner-bg fill\" >\n            <img loading=\"lazy\" decoding=\"async\" width=\"1536\" height=\"614\" src=\"https:\/\/arturf.com\/wp-content\/uploads\/2023\/07\/Arturf-Artificial-Grass-for-Paintball-Banner-1536x614.jpg\" class=\"bg attachment-1536x1536 size-1536x1536\" alt=\"Paintball\" \/>                                    \n                    <\/div>\n\t\t\n        <div class=\"banner-layers container\">\n            <div class=\"fill banner-link\"><\/div>            \n\n   <div id=\"text-box-434089157\" class=\"text-box banner-layer x50 md-x50 lg-x50 y50 md-y50 lg-y50 res-text\">\n                                <div class=\"text-box-content text dark\">\n              \n              <div class=\"text-inner text-center\">\n                  \n\n<h1>C\u00e9sped sint\u00e9tico superior para campos de paintball<\/h1>\n<p>C\u00e9sped artificial de paintball duradero y seguro dise\u00f1ado para un juego superior y f\u00e1cil mantenimiento.<\/p>\n\n              <\/div>\n           <\/div>\n                            \n<style>\n#text-box-434089157 {\n  width: 60%;\n}\n#text-box-434089157 .text-box-content {\n  font-size: 100%;\n}\n<\/style>\n    <\/div>\n \n\n        <\/div>\n      <\/div>\n\n            \n<style>\n#banner-2026626108 {\n  padding-top: 500px;\n}\n<\/style>\n  <\/div>\n\n\n<div class=\"row align-center\"  id=\"row-394802286\">\n\n\n\t<div id=\"col-583666644\" class=\"col medium-10 small-12 large-10\"  >\n\t\t\t\t<div class=\"col-inner\"  >\n\t\t\t\n\t\t\t\n\n<p>El paintball, un deporte popular y una actividad recreativa, requiere un campo de juego resistente y duradero. Mientras que algunos campos de paintball integran entornos naturales como bosques o desiertos, muchas instalaciones interiores y exteriores optan por c\u00e9sped artificial. Dise\u00f1ado espec\u00edficamente para el entorno del paintball, el c\u00e9sped artificial proporciona tracci\u00f3n y seguridad a los jugadores. Cuando se trata de c\u00e9sped artificial de alta calidad para campos de paintball, Arturf lidera el camino como fabricante de renombre. Ofrecemos una amplia gama de opciones modernas de c\u00e9sped sint\u00e9tico dise\u00f1adas espec\u00edficamente para cumplir con los requisitos \u00fanicos del paintball.<\/p>\n<h2>\u00bfPor qu\u00e9 elegir el c\u00e9sped sint\u00e9tico profesional de Arturf para Paintball?<\/h2>\n<ol>\n<li>\n<h4>Calidad y durabilidad superiores<\/h4>\n<p>En Arturf, nos enorgullecemos de ofrecer c\u00e9sped sint\u00e9tico de calidad excepcional. Nuestro c\u00e9sped est\u00e1 dise\u00f1ado para soportar las demandas de un intenso juego de paintball, lo que garantiza un rendimiento y una durabilidad duraderos. Puede confiar en nuestros productos para proporcionar una superficie de juego confiable y segura para jugadores de todos los niveles.<\/p>\n<\/li>\n<li>\n<h4>Adaptado a sus necesidades<\/h4>\n<p>Entendemos que cada campo de paintball es \u00fanico y por eso ofrecemos una amplia gama de opciones de personalizaci\u00f3n. Desde diferentes pesos frontales hasta diferentes alturas y densidades de pelo, nuestro c\u00e9sped sint\u00e9tico se puede adaptar para cumplir con sus requisitos espec\u00edficos. Trabajamos en estrecha colaboraci\u00f3n con usted para encontrar la soluci\u00f3n perfecta que mejore la experiencia general de paintball.<\/p>\n<\/li>\n<li>\n<h4>Bajo mantenimiento y adaptabilidad<\/h4>\n<p>El c\u00e9sped sint\u00e9tico de Arturf est\u00e1 dise\u00f1ado pensando en un bajo mantenimiento. Diga adi\u00f3s al riego, corte y fertilizaci\u00f3n constantes que requiere el c\u00e9sped natural. Nuestro c\u00e9sped requiere un mantenimiento m\u00ednimo, lo que le permite concentrarse m\u00e1s en el juego. Adem\u00e1s, nuestro c\u00e9sped se adapta a diferentes configuraciones de campo, se adapta f\u00e1cilmente a los bunkers de campo y proporciona una tracci\u00f3n y seguridad \u00f3ptimas para los jugadores.<\/p>\n<\/li>\n<li>\n<h4>Experiencia y confianza<\/h4>\n<p>Con nuestra amplia experiencia en la industria, Arturf se ha ganado la confianza de los entusiastas del paintball en todo el mundo. Estamos comprometidos a ofrecer soluciones de c\u00e9sped sint\u00e9tico de alta calidad que cumplan con los m\u00e1s altos est\u00e1ndares. Cuando elige Arturf, est\u00e1 eligiendo un socio confiable dedicado a garantizar el \u00e9xito de su campo de paintball.<\/p>\n<\/li>\n<\/ol>\n<p><img alt=\"Paintball\" loading=\"lazy\" decoding=\"async\" class=\"aligncenter wp-image-4466 size-full\" src=\"https:\/\/arturf.com\/wp-content\/uploads\/2013\/04\/Artificial-Turf-Paintball-Field-3.jpg\" width=\"600\" height=\"450\" srcset=\"https:\/\/arturf.com\/wp-content\/uploads\/2013\/04\/Artificial-Turf-Paintball-Field-3.jpg 600w, https:\/\/arturf.com\/wp-content\/uploads\/2013\/04\/Artificial-Turf-Paintball-Field-3-300x225.jpg 300w, https:\/\/arturf.com\/wp-content\/uploads\/2013\/04\/Artificial-Turf-Paintball-Field-3-200x150.jpg 200w, https:\/\/arturf.com\/wp-content\/uploads\/2013\/04\/Artificial-Turf-Paintball-Field-3-16x12.jpg 16w, https:\/\/arturf.com\/wp-content\/uploads\/2013\/04\/Artificial-Turf-Paintball-Field-3-350x263.jpg 350w, https:\/\/arturf.com\/wp-content\/uploads\/2013\/04\/Artificial-Turf-Paintball-Field-3-510x383.jpg 510w\" sizes=\"auto, (max-width: 600px) 100vw, 600px\" \/><\/p>\n<h2>Elegir el c\u00e9sped artificial adecuado para campos de paintball<\/h2>\n<ol>\n<li>\n<h4>C\u00e9sped de hoja corta<\/h4>\n<p>El c\u00e9sped de hoja corta es adecuado tanto para campos interiores como exteriores y ofrece una limpieza m\u00e1s f\u00e1cil. Si prefiere una est\u00e9tica de &quot;c\u00e9sped real&quot; para su campo de paintball al aire libre, considere nuestro <a href=\"https:\/\/arturf.com\/es\/products\/landscape-grass\/\">C\u00e9sped de hoja larga<\/a>.<\/p>\n<\/li>\n<li>\n<h4>C\u00e9sped de hoja larga<\/h4>\n<p>El c\u00e9sped de hojas largas se usa principalmente para campos al aire libre debido a los desaf\u00edos de limpiar las hojas largas en interiores. Si tiene una instalaci\u00f3n de paintball cubierta, le recomendamos explorar nuestra selecci\u00f3n de <a href=\"https:\/\/arturf.com\/es\/products\/multi-purpose\/\">C\u00e9sped \u201ccorto\u201d<\/a> para un mantenimiento m\u00e1s conveniente.<\/p>\n<\/li>\n<\/ol>\n<h2>Elija Arturf para una soluci\u00f3n superior de campo de paintball<\/h2>\n<p>Cuando se trata de c\u00e9sped sint\u00e9tico profesional para campos de paintball, Arturf es el nombre en el que puede confiar. Con caracter\u00edsticas personalizables como pesos frontales, densidad y alturas de pila, nuestros productos aseguran el ajuste perfecto para su instalaci\u00f3n de paintball, ya sea en interiores o exteriores. Espere una calidad, seguridad y durabilidad superiores con el c\u00e9sped sint\u00e9tico Arturf, conocido por su adaptabilidad y bajo mantenimiento. Conf\u00ede en nuestra experiencia para proporcionar una soluci\u00f3n de campo de paintball excepcional y duradera. Elija Arturf para obtener lo mejor en c\u00e9sped sint\u00e9tico.<\/p>\n\n\t\t<\/div>\n\t\t\t\t\t<\/div>\n\n\t\n\n<\/div>","protected":false},"excerpt":{"rendered":"","protected":false},"author":3,"featured_media":0,"parent":2230,"menu_order":22,"comment_status":"closed","ping_status":"closed","template":"page-blank.php","meta":{"_seopress_robots_primary_cat":"","_seopress_titles_title":"Superior Synthetic Turf for Paintball Fields","_seopress_titles_desc":"Experience safe and enjoyable paintball with Arturf&#039;s durable, adaptable, and low-maintenance synthetic turf. Discover our high-quality products today.","_seopress_robots_index":"","footnotes":""},"class_list":["post-4360","page","type-page","status-publish","hentry"],"_links":{"self":[{"href":"https:\/\/arturf.com\/es\/wp-json\/wp\/v2\/pages\/4360","targetHints":{"allow":["GET"]}}],"collection":[{"href":"https:\/\/arturf.com\/es\/wp-json\/wp\/v2\/pages"}],"about":[{"href":"https:\/\/arturf.com\/es\/wp-json\/wp\/v2\/types\/page"}],"author":[{"embeddable":true,"href":"https:\/\/arturf.com\/es\/wp-json\/wp\/v2\/users\/3"}],"replies":[{"embeddable":true,"href":"https:\/\/arturf.com\/es\/wp-json\/wp\/v2\/comments?post=4360"}],"version-history":[{"count":0,"href":"https:\/\/arturf.com\/es\/wp-json\/wp\/v2\/pages\/4360\/revisions"}],"up":[{"embeddable":true,"href":"https:\/\/arturf.com\/es\/wp-json\/wp\/v2\/pages\/2230"}],"wp:attachment":[{"href":"https:\/\/arturf.com\/es\/wp-json\/wp\/v2\/media?parent=4360"}],"curies":[{"name":"gracias","href":"https:\/\/api.w.org\/{rel}","templated":true}]}}