{"id":5284,"date":"2015-01-20T09:09:27","date_gmt":"2015-01-20T09:09:27","guid":{"rendered":"https:\/\/arturf.com\/?page_id=5284"},"modified":"2023-07-10T11:03:42","modified_gmt":"2023-07-10T03:03:42","slug":"multi-sport","status":"publish","type":"page","link":"https:\/\/arturf.com\/es\/sports\/multi-sport\/","title":{"rendered":"Campos polideportivos de c\u00e9sped artificial"},"content":{"rendered":"<div class=\"banner has-hover\" id=\"banner-1453279992\">\n          <div class=\"banner-inner fill\">\n        <div class=\"banner-bg fill\" >\n            <img loading=\"lazy\" decoding=\"async\" width=\"1500\" height=\"536\" src=\"https:\/\/arturf.com\/wp-content\/uploads\/2019\/01\/Multi-purpose-artificial-grass-hockey-grass.jpg\" class=\"bg attachment-original size-original\" alt=\"Putting Green, Multideporte\" \/>                        <div class=\"overlay\"><\/div>            \n                    <\/div>\n\t\t\n        <div class=\"banner-layers container\">\n            <div class=\"fill banner-link\"><\/div>            \n\n   <div id=\"text-box-235152449\" class=\"text-box banner-layer x50 md-x50 lg-x50 y50 md-y50 lg-y50 res-text\">\n                                <div class=\"text-box-content text dark\">\n              \n              <div class=\"text-inner text-center\">\n                  \n\n<h1><span style=\"font-size: 80%;\">C\u00e9sped artificial para polideportivos<\/span><\/h1>\n<p>Nuestro c\u00e9sped artificial multideportivo est\u00e1 dise\u00f1ado para campos que albergan varios deportes, ahorran espacio y promueven diversas actividades deportivas.<\/p>\n<a href=\"https:\/\/arturf.com\/es\/products\/multi-purpose\/\" class=\"button white is-outline\" >\n\t\t<span>Explorar productos<\/span>\n\t<\/a>\n\n\n\n              <\/div>\n           <\/div>\n                            \n<style>\n#text-box-235152449 {\n  width: 60%;\n}\n#text-box-235152449 .text-box-content {\n  font-size: 100%;\n}\n<\/style>\n    <\/div>\n \n\n        <\/div>\n      <\/div>\n\n            \n<style>\n#banner-1453279992 {\n  padding-top: 400px;\n  background-color: rgb(0,0,0);\n}\n#banner-1453279992 .overlay {\n  background-color: rgba(0, 0, 0, 0.5);\n}\n<\/style>\n  <\/div>\n\n\n<div class=\"row align-center\"  id=\"row-2058028008\">\n\n\n\t<div id=\"col-526589749\" class=\"col small-12 large-12\"  >\n\t\t\t\t<div class=\"col-inner\"  >\n\t\t\t\n\t\t\t\n\n<p>El c\u00e9sped sint\u00e9tico permite que los equipos practiquen y jueguen en todas las condiciones clim\u00e1ticas, y se adapta f\u00e1cilmente a varios deportes para jugar en un campo. Utilizando <a href=\"https:\/\/arturf.com\/es\/installation\/artificial-grass-line-marking\/\">diferentes colores para marcas de juego incrustadas<\/a>, el retorno de la inversi\u00f3n de un campo se puede incrementar considerablemente.<\/p>\n<p>Los campos polideportivos son extremadamente pr\u00e1cticos para los polideportivos p\u00fablicos, escuelas, hoteles, universidades y centros de salud, que deben satisfacer al mayor n\u00famero posible de usuarios de forma flexible y sin complicaciones. Muchos de ellos necesitan satisfacer m\u00faltiples necesidades deportivas y recreativas, pero tienen un espacio limitado.<\/p>\n<h4>Algunos ejemplos de nuestros campos deportivos polivalentes<\/h4>\n\n  \n    <div class=\"row large-columns-4 medium-columns-3 small-columns-2\" >\n  <div class=\"gallery-col col\" >\n          <div class=\"col-inner\">\n            <a class=\"image-lightbox lightbox-gallery\" href=\"https:\/\/arturf.com\/wp-content\/uploads\/2019\/05\/Artificial-Grass-Multi-sport-Projects-3.jpg\" title=\"\">            <div class=\"box has-hover gallery-box box-overlay dark\">\n              <div class=\"box-image\" >\n                <img loading=\"lazy\" decoding=\"async\" width=\"300\" height=\"200\" src=\"https:\/\/arturf.com\/wp-content\/uploads\/2019\/05\/Artificial-Grass-Multi-sport-Projects-3-300x200.jpg\" class=\"attachment-medium size-medium\" alt=\"Putting Green, Multideporte\" ids=\"9319,9317,9320,9318\" srcset=\"https:\/\/arturf.com\/wp-content\/uploads\/2019\/05\/Artificial-Grass-Multi-sport-Projects-3-300x200.jpg 300w, https:\/\/arturf.com\/wp-content\/uploads\/2019\/05\/Artificial-Grass-Multi-sport-Projects-3-768x512.jpg 768w, https:\/\/arturf.com\/wp-content\/uploads\/2019\/05\/Artificial-Grass-Multi-sport-Projects-3-18x12.jpg 18w, https:\/\/arturf.com\/wp-content\/uploads\/2019\/05\/Artificial-Grass-Multi-sport-Projects-3-510x340.jpg 510w, https:\/\/arturf.com\/wp-content\/uploads\/2019\/05\/Artificial-Grass-Multi-sport-Projects-3.jpg 800w\" sizes=\"auto, (max-width: 300px) 100vw, 300px\" \/>                                  <div class=\"overlay fill\"\n                      style=\"background-color: rgba(0,0,0,.15)\">\n                  <\/div>\n                                                              <\/div>\n              <div class=\"box-text text-left\" >\n                 <p><\/p>\n              <\/div>\n            <\/div>\n            <\/a>          <\/div>\n         <\/div><div class=\"gallery-col col\" >\n          <div class=\"col-inner\">\n            <a class=\"image-lightbox lightbox-gallery\" href=\"https:\/\/arturf.com\/wp-content\/uploads\/2019\/05\/Artificial-Grass-Multi-sport-Projects-1.jpg\" title=\"\">            <div class=\"box has-hover gallery-box box-overlay dark\">\n              <div class=\"box-image\" >\n                <img loading=\"lazy\" decoding=\"async\" width=\"300\" height=\"200\" src=\"https:\/\/arturf.com\/wp-content\/uploads\/2019\/05\/Artificial-Grass-Multi-sport-Projects-1-300x200.jpg\" class=\"attachment-medium size-medium\" alt=\"Putting Green, Multideporte\" ids=\"9319,9317,9320,9318\" srcset=\"https:\/\/arturf.com\/wp-content\/uploads\/2019\/05\/Artificial-Grass-Multi-sport-Projects-1-300x200.jpg 300w, https:\/\/arturf.com\/wp-content\/uploads\/2019\/05\/Artificial-Grass-Multi-sport-Projects-1-768x512.jpg 768w, https:\/\/arturf.com\/wp-content\/uploads\/2019\/05\/Artificial-Grass-Multi-sport-Projects-1-18x12.jpg 18w, https:\/\/arturf.com\/wp-content\/uploads\/2019\/05\/Artificial-Grass-Multi-sport-Projects-1-510x340.jpg 510w, https:\/\/arturf.com\/wp-content\/uploads\/2019\/05\/Artificial-Grass-Multi-sport-Projects-1.jpg 800w\" sizes=\"auto, (max-width: 300px) 100vw, 300px\" \/>                                  <div class=\"overlay fill\"\n                      style=\"background-color: rgba(0,0,0,.15)\">\n                  <\/div>\n                                                              <\/div>\n              <div class=\"box-text text-left\" >\n                 <p><\/p>\n              <\/div>\n            <\/div>\n            <\/a>          <\/div>\n         <\/div><div class=\"gallery-col col\" >\n          <div class=\"col-inner\">\n            <a class=\"image-lightbox lightbox-gallery\" href=\"https:\/\/arturf.com\/wp-content\/uploads\/2019\/05\/Artificial-Grass-Multi-sport-Projects-4.jpg\" title=\"\">            <div class=\"box has-hover gallery-box box-overlay dark\">\n              <div class=\"box-image\" >\n                <img loading=\"lazy\" decoding=\"async\" width=\"300\" height=\"200\" src=\"https:\/\/arturf.com\/wp-content\/uploads\/2019\/05\/Artificial-Grass-Multi-sport-Projects-4-300x200.jpg\" class=\"attachment-medium size-medium\" alt=\"Putting Green, Multideporte\" ids=\"9319,9317,9320,9318\" srcset=\"https:\/\/arturf.com\/wp-content\/uploads\/2019\/05\/Artificial-Grass-Multi-sport-Projects-4-300x200.jpg 300w, https:\/\/arturf.com\/wp-content\/uploads\/2019\/05\/Artificial-Grass-Multi-sport-Projects-4-768x512.jpg 768w, https:\/\/arturf.com\/wp-content\/uploads\/2019\/05\/Artificial-Grass-Multi-sport-Projects-4-18x12.jpg 18w, https:\/\/arturf.com\/wp-content\/uploads\/2019\/05\/Artificial-Grass-Multi-sport-Projects-4-510x340.jpg 510w, https:\/\/arturf.com\/wp-content\/uploads\/2019\/05\/Artificial-Grass-Multi-sport-Projects-4.jpg 800w\" sizes=\"auto, (max-width: 300px) 100vw, 300px\" \/>                                  <div class=\"overlay fill\"\n                      style=\"background-color: rgba(0,0,0,.15)\">\n                  <\/div>\n                                                              <\/div>\n              <div class=\"box-text text-left\" >\n                 <p><\/p>\n              <\/div>\n            <\/div>\n            <\/a>          <\/div>\n         <\/div><div class=\"gallery-col col\" >\n          <div class=\"col-inner\">\n            <a class=\"image-lightbox lightbox-gallery\" href=\"https:\/\/arturf.com\/wp-content\/uploads\/2019\/05\/Artificial-Grass-Multi-sport-Projects-2.jpg\" title=\"\">            <div class=\"box has-hover gallery-box box-overlay dark\">\n              <div class=\"box-image\" >\n                <img loading=\"lazy\" decoding=\"async\" width=\"300\" height=\"200\" src=\"https:\/\/arturf.com\/wp-content\/uploads\/2019\/05\/Artificial-Grass-Multi-sport-Projects-2-300x200.jpg\" class=\"attachment-medium size-medium\" alt=\"Putting Green, Multideporte\" ids=\"9319,9317,9320,9318\" srcset=\"https:\/\/arturf.com\/wp-content\/uploads\/2019\/05\/Artificial-Grass-Multi-sport-Projects-2-300x200.jpg 300w, https:\/\/arturf.com\/wp-content\/uploads\/2019\/05\/Artificial-Grass-Multi-sport-Projects-2-768x512.jpg 768w, https:\/\/arturf.com\/wp-content\/uploads\/2019\/05\/Artificial-Grass-Multi-sport-Projects-2-18x12.jpg 18w, https:\/\/arturf.com\/wp-content\/uploads\/2019\/05\/Artificial-Grass-Multi-sport-Projects-2-510x340.jpg 510w, https:\/\/arturf.com\/wp-content\/uploads\/2019\/05\/Artificial-Grass-Multi-sport-Projects-2.jpg 800w\" sizes=\"auto, (max-width: 300px) 100vw, 300px\" \/>                                  <div class=\"overlay fill\"\n                      style=\"background-color: rgba(0,0,0,.15)\">\n                  <\/div>\n                                                              <\/div>\n              <div class=\"box-text text-left\" >\n                 <p><\/p>\n              <\/div>\n            <\/div>\n            <\/a>          <\/div>\n         <\/div><\/div>\n\n<p>Caracter\u00edsticas del c\u00e9sped artificial multideporte<\/p>\n<ul>\n<li class=\"bullet-arrow\">Fomenta el juego activo y la participaci\u00f3n deportiva de los ni\u00f1os.<\/li>\n<li class=\"bullet-arrow\">Superficie de juego segura, incluso en condiciones de lluvia<\/li>\n<li class=\"bullet-arrow\">Rendimiento constante para f\u00fatbol americano, f\u00fatbol, lacrosse y rugby.<\/li>\n<li class=\"bullet-arrow\">Redes flexibles y l\u00edneas para dividir el \u00e1rea, facilitando actividades simult\u00e1neas<\/li>\n<\/ul>\n<h3>Productos Destacados<\/h3>\n\n\t\t<\/div>\n\t\t\t\t\t<\/div>\n\n\t\n\n<\/div>\n\t\n  \n    <div class=\"row large-columns-4 medium-columns-3 small-columns-2 row-small slider row-slider slider-nav-reveal slider-nav-push\"  data-flickity-options='{&quot;imagesLoaded&quot;: true, &quot;groupCells&quot;: &quot;100%&quot;, &quot;dragThreshold&quot; : 5, &quot;cellAlign&quot;: &quot;left&quot;,&quot;wrapAround&quot;: true,&quot;prevNextButtons&quot;: true,&quot;percentPosition&quot;: true,&quot;pageDots&quot;: false, &quot;rightToLeft&quot;: false, &quot;autoPlay&quot; : false}' >\n\n  \n\t     <div class=\"col\" >\n\t\t\t\t\t\t<div class=\"col-inner\">\n\t\t\t\t\t\t\n<div class=\"badge-container absolute left top z-1\">\n\n<\/div>\n\t\t\t\t\t\t<div class=\"product-small box has-hover box-normal box-text-bottom\">\n\t\t\t\t\t\t\t<div class=\"box-image\" >\n\t\t\t\t\t\t\t\t<div class=\"image-cover\" style=\"padding-top:56.25%;\">\n\t\t\t\t\t\t\t\t\t<a href=\"https:\/\/arturf.com\/es\/product\/tennis-multi-sports-artificial-grass-elite\/\" aria-label=\"C\u00e9sped artificial para tenis y deportes m\u00faltiples - Elite\">\n\t\t\t\t\t\t\t\t\t\t<img loading=\"lazy\" decoding=\"async\" width=\"350\" height=\"263\" src=\"https:\/\/arturf.com\/wp-content\/uploads\/2018\/06\/Tennis-Court-Artificial-Turf-F15-Red-350x263.jpg\" class=\"show-on-hover absolute fill hide-for-small back-image\" alt=\"Vista alternativa de C\u00e9sped Artificial para Tenis y Multideportes - \u00c9lite\" aria-hidden=\"true\" srcset=\"https:\/\/arturf.com\/wp-content\/uploads\/2018\/06\/Tennis-Court-Artificial-Turf-F15-Red-350x263.jpg 350w, https:\/\/arturf.com\/wp-content\/uploads\/2018\/06\/Tennis-Court-Artificial-Turf-F15-Red-300x225.jpg 300w, https:\/\/arturf.com\/wp-content\/uploads\/2018\/06\/Tennis-Court-Artificial-Turf-F15-Red-200x150.jpg 200w, https:\/\/arturf.com\/wp-content\/uploads\/2018\/06\/Tennis-Court-Artificial-Turf-F15-Red-768x576.jpg 768w, https:\/\/arturf.com\/wp-content\/uploads\/2018\/06\/Tennis-Court-Artificial-Turf-F15-Red-16x12.jpg 16w, https:\/\/arturf.com\/wp-content\/uploads\/2018\/06\/Tennis-Court-Artificial-Turf-F15-Red-510x383.jpg 510w, https:\/\/arturf.com\/wp-content\/uploads\/2018\/06\/Tennis-Court-Artificial-Turf-F15-Red.jpg 800w\" sizes=\"auto, (max-width: 350px) 100vw, 350px\" \/><img loading=\"lazy\" decoding=\"async\" width=\"350\" height=\"263\" src=\"https:\/\/arturf.com\/wp-content\/uploads\/2018\/06\/Fibrillated-Artificial-Grass-Elite-12-350x263.jpg\" class=\"attachment-woocommerce_thumbnail size-woocommerce_thumbnail\" alt=\"C\u00e9sped artificial para tenis y deportes m\u00faltiples - Elite\" srcset=\"https:\/\/arturf.com\/wp-content\/uploads\/2018\/06\/Fibrillated-Artificial-Grass-Elite-12-350x263.jpg 350w, https:\/\/arturf.com\/wp-content\/uploads\/2018\/06\/Fibrillated-Artificial-Grass-Elite-12-300x225.jpg 300w, https:\/\/arturf.com\/wp-content\/uploads\/2018\/06\/Fibrillated-Artificial-Grass-Elite-12-200x150.jpg 200w, https:\/\/arturf.com\/wp-content\/uploads\/2018\/06\/Fibrillated-Artificial-Grass-Elite-12-768x576.jpg 768w, https:\/\/arturf.com\/wp-content\/uploads\/2018\/06\/Fibrillated-Artificial-Grass-Elite-12-16x12.jpg 16w, https:\/\/arturf.com\/wp-content\/uploads\/2018\/06\/Fibrillated-Artificial-Grass-Elite-12-510x383.jpg 510w, https:\/\/arturf.com\/wp-content\/uploads\/2018\/06\/Fibrillated-Artificial-Grass-Elite-12.jpg 800w\" sizes=\"auto, (max-width: 350px) 100vw, 350px\" \/>\t\t\t\t\t\t\t\t\t<\/a>\n\t\t\t\t\t\t\t\t\t\t\t\t\t\t\t\t\t\t \t\t\t\t\t\t\t\t<\/div>\n\t\t\t\t\t\t\t\t<div class=\"image-tools top right show-on-hover\">\n\t\t\t\t\t\t\t\t\t\t\t\t\t\t\t\t\t<\/div>\n\t\t\t\t\t\t\t\t\t\t\t\t\t\t\t\t\t<div class=\"image-tools grid-tools text-center hide-for-small bottom hover-slide-in show-on-hover\">\n\t\t\t\t\t\t\t\t\t\t<a href=\"#quick-view\" class=\"quick-view\" role=\"button\" data-prod=\"6559\" aria-haspopup=\"dialog\" aria-expanded=\"false\" data-flatsome-role-button>Vista R\u00e1pida<\/a>\t\t\t\t\t\t\t\t\t<\/div>\n\t\t\t\t\t\t\t\t\t\t\t\t\t\t\t\t\t\t\t\t\t\t\t<\/div>\n\n\t\t\t\t\t\t\t<div class=\"box-text text-center dark\" style=\"background-color:rgb(255, 102, 0);\">\n\t\t\t\t\t\t\t\t<div class=\"title-wrapper\"><p class=\"name product-title woocommerce-loop-product__title\"><a href=\"https:\/\/arturf.com\/es\/product\/tennis-multi-sports-artificial-grass-elite\/\" class=\"woocommerce-LoopProduct-link woocommerce-loop-product__link\">C\u00e9sped artificial para tenis y deportes m\u00faltiples - Elite<\/a><\/p><\/div><div class=\"price-wrapper\"><\/div>\t\t\t\t\t\t\t<\/div>\n\t\t\t\t\t\t<\/div>\n\t\t\t\t\t\t<\/div>\n\t\t\t\t\t<\/div><div class=\"col\" >\n\t\t\t\t\t\t<div class=\"col-inner\">\n\t\t\t\t\t\t\n<div class=\"badge-container absolute left top z-1\">\n\n<\/div>\n\t\t\t\t\t\t<div class=\"product-small box has-hover box-normal box-text-bottom\">\n\t\t\t\t\t\t\t<div class=\"box-image\" >\n\t\t\t\t\t\t\t\t<div class=\"image-cover\" style=\"padding-top:56.25%;\">\n\t\t\t\t\t\t\t\t\t<a href=\"https:\/\/arturf.com\/es\/product\/multi-sports-artificial-grass-multifit\/\" aria-label=\"C\u00e9sped artificial multideportivo -MultiFit\">\n\t\t\t\t\t\t\t\t\t\t<img loading=\"lazy\" decoding=\"async\" width=\"350\" height=\"263\" src=\"https:\/\/arturf.com\/wp-content\/uploads\/2018\/06\/Multi-sport-grass-350x263.jpg\" class=\"show-on-hover absolute fill hide-for-small back-image\" alt=\"Vista alternativa de C\u00e9sped Artificial Multideportivo -MultiFit\" aria-hidden=\"true\" srcset=\"https:\/\/arturf.com\/wp-content\/uploads\/2018\/06\/Multi-sport-grass-350x263.jpg 350w, https:\/\/arturf.com\/wp-content\/uploads\/2018\/06\/Multi-sport-grass-300x225.jpg 300w, https:\/\/arturf.com\/wp-content\/uploads\/2018\/06\/Multi-sport-grass-200x150.jpg 200w, https:\/\/arturf.com\/wp-content\/uploads\/2018\/06\/Multi-sport-grass-768x575.jpg 768w, https:\/\/arturf.com\/wp-content\/uploads\/2018\/06\/Multi-sport-grass-16x12.jpg 16w, https:\/\/arturf.com\/wp-content\/uploads\/2018\/06\/Multi-sport-grass-510x382.jpg 510w, https:\/\/arturf.com\/wp-content\/uploads\/2018\/06\/Multi-sport-grass.jpg 800w\" sizes=\"auto, (max-width: 350px) 100vw, 350px\" \/><img loading=\"lazy\" decoding=\"async\" width=\"350\" height=\"263\" src=\"https:\/\/arturf.com\/wp-content\/uploads\/2018\/06\/Tennis-And-multi-sport-grass-350x263.jpg\" class=\"attachment-woocommerce_thumbnail size-woocommerce_thumbnail\" alt=\"C\u00e9sped artificial multideportivo -MultiFit\" srcset=\"https:\/\/arturf.com\/wp-content\/uploads\/2018\/06\/Tennis-And-multi-sport-grass-350x263.jpg 350w, https:\/\/arturf.com\/wp-content\/uploads\/2018\/06\/Tennis-And-multi-sport-grass-300x225.jpg 300w, https:\/\/arturf.com\/wp-content\/uploads\/2018\/06\/Tennis-And-multi-sport-grass-200x150.jpg 200w, https:\/\/arturf.com\/wp-content\/uploads\/2018\/06\/Tennis-And-multi-sport-grass-768x576.jpg 768w, https:\/\/arturf.com\/wp-content\/uploads\/2018\/06\/Tennis-And-multi-sport-grass-16x12.jpg 16w, https:\/\/arturf.com\/wp-content\/uploads\/2018\/06\/Tennis-And-multi-sport-grass-510x383.jpg 510w, https:\/\/arturf.com\/wp-content\/uploads\/2018\/06\/Tennis-And-multi-sport-grass.jpg 800w\" sizes=\"auto, (max-width: 350px) 100vw, 350px\" \/>\t\t\t\t\t\t\t\t\t<\/a>\n\t\t\t\t\t\t\t\t\t\t\t\t\t\t\t\t\t\t \t\t\t\t\t\t\t\t<\/div>\n\t\t\t\t\t\t\t\t<div class=\"image-tools top right show-on-hover\">\n\t\t\t\t\t\t\t\t\t\t\t\t\t\t\t\t\t<\/div>\n\t\t\t\t\t\t\t\t\t\t\t\t\t\t\t\t\t<div class=\"image-tools grid-tools text-center hide-for-small bottom hover-slide-in show-on-hover\">\n\t\t\t\t\t\t\t\t\t\t<a href=\"#quick-view\" class=\"quick-view\" role=\"button\" data-prod=\"6560\" aria-haspopup=\"dialog\" aria-expanded=\"false\" data-flatsome-role-button>Vista R\u00e1pida<\/a>\t\t\t\t\t\t\t\t\t<\/div>\n\t\t\t\t\t\t\t\t\t\t\t\t\t\t\t\t\t\t\t\t\t\t\t<\/div>\n\n\t\t\t\t\t\t\t<div class=\"box-text text-center dark\" style=\"background-color:rgb(255, 102, 0);\">\n\t\t\t\t\t\t\t\t<div class=\"title-wrapper\"><p class=\"name product-title woocommerce-loop-product__title\"><a href=\"https:\/\/arturf.com\/es\/product\/multi-sports-artificial-grass-multifit\/\" class=\"woocommerce-LoopProduct-link woocommerce-loop-product__link\">C\u00e9sped artificial multideportivo -MultiFit<\/a><\/p><\/div><div class=\"price-wrapper\"><\/div>\t\t\t\t\t\t\t<\/div>\n\t\t\t\t\t\t<\/div>\n\t\t\t\t\t\t<\/div>\n\t\t\t\t\t<\/div><div class=\"col\" >\n\t\t\t\t\t\t<div class=\"col-inner\">\n\t\t\t\t\t\t\n<div class=\"badge-container absolute left top z-1\">\n\n<\/div>\n\t\t\t\t\t\t<div class=\"product-small box has-hover box-normal box-text-bottom\">\n\t\t\t\t\t\t\t<div class=\"box-image\" >\n\t\t\t\t\t\t\t\t<div class=\"image-cover\" style=\"padding-top:56.25%;\">\n\t\t\t\t\t\t\t\t\t<a href=\"https:\/\/arturf.com\/es\/product\/speed\/\" aria-label=\"Velocidad\">\n\t\t\t\t\t\t\t\t\t\t<img loading=\"lazy\" decoding=\"async\" width=\"350\" height=\"263\" src=\"https:\/\/arturf.com\/wp-content\/uploads\/2019\/01\/Field-Hockey-Grass-Olive-Green-350x263.jpg\" class=\"show-on-hover absolute fill hide-for-small back-image\" alt=\"Vista alternativa de Speed\" aria-hidden=\"true\" srcset=\"https:\/\/arturf.com\/wp-content\/uploads\/2019\/01\/Field-Hockey-Grass-Olive-Green-350x263.jpg 350w, https:\/\/arturf.com\/wp-content\/uploads\/2019\/01\/Field-Hockey-Grass-Olive-Green-300x225.jpg 300w, https:\/\/arturf.com\/wp-content\/uploads\/2019\/01\/Field-Hockey-Grass-Olive-Green-200x150.jpg 200w, https:\/\/arturf.com\/wp-content\/uploads\/2019\/01\/Field-Hockey-Grass-Olive-Green-768x576.jpg 768w, https:\/\/arturf.com\/wp-content\/uploads\/2019\/01\/Field-Hockey-Grass-Olive-Green-16x12.jpg 16w, https:\/\/arturf.com\/wp-content\/uploads\/2019\/01\/Field-Hockey-Grass-Olive-Green-510x383.jpg 510w, https:\/\/arturf.com\/wp-content\/uploads\/2019\/01\/Field-Hockey-Grass-Olive-Green.jpg 800w\" sizes=\"auto, (max-width: 350px) 100vw, 350px\" \/><img loading=\"lazy\" decoding=\"async\" width=\"350\" height=\"263\" src=\"https:\/\/arturf.com\/wp-content\/uploads\/2019\/01\/Field-Hocky-Multi-sports-Artificial-Grass-350x263.jpg\" class=\"attachment-woocommerce_thumbnail size-woocommerce_thumbnail\" alt=\"Velocidad\" srcset=\"https:\/\/arturf.com\/wp-content\/uploads\/2019\/01\/Field-Hocky-Multi-sports-Artificial-Grass-350x263.jpg 350w, https:\/\/arturf.com\/wp-content\/uploads\/2019\/01\/Field-Hocky-Multi-sports-Artificial-Grass-300x225.jpg 300w, https:\/\/arturf.com\/wp-content\/uploads\/2019\/01\/Field-Hocky-Multi-sports-Artificial-Grass-200x150.jpg 200w, https:\/\/arturf.com\/wp-content\/uploads\/2019\/01\/Field-Hocky-Multi-sports-Artificial-Grass-768x576.jpg 768w, https:\/\/arturf.com\/wp-content\/uploads\/2019\/01\/Field-Hocky-Multi-sports-Artificial-Grass-16x12.jpg 16w, https:\/\/arturf.com\/wp-content\/uploads\/2019\/01\/Field-Hocky-Multi-sports-Artificial-Grass-510x383.jpg 510w, https:\/\/arturf.com\/wp-content\/uploads\/2019\/01\/Field-Hocky-Multi-sports-Artificial-Grass.jpg 800w\" sizes=\"auto, (max-width: 350px) 100vw, 350px\" \/>\t\t\t\t\t\t\t\t\t<\/a>\n\t\t\t\t\t\t\t\t\t\t\t\t\t\t\t\t\t\t \t\t\t\t\t\t\t\t<\/div>\n\t\t\t\t\t\t\t\t<div class=\"image-tools top right show-on-hover\">\n\t\t\t\t\t\t\t\t\t\t\t\t\t\t\t\t\t<\/div>\n\t\t\t\t\t\t\t\t\t\t\t\t\t\t\t\t\t<div class=\"image-tools grid-tools text-center hide-for-small bottom hover-slide-in show-on-hover\">\n\t\t\t\t\t\t\t\t\t\t<a href=\"#quick-view\" class=\"quick-view\" role=\"button\" data-prod=\"7609\" aria-haspopup=\"dialog\" aria-expanded=\"false\" data-flatsome-role-button>Vista R\u00e1pida<\/a>\t\t\t\t\t\t\t\t\t<\/div>\n\t\t\t\t\t\t\t\t\t\t\t\t\t\t\t\t\t\t\t\t\t\t\t<\/div>\n\n\t\t\t\t\t\t\t<div class=\"box-text text-center dark\" style=\"background-color:rgb(255, 102, 0);\">\n\t\t\t\t\t\t\t\t<div class=\"title-wrapper\"><p class=\"name product-title woocommerce-loop-product__title\"><a href=\"https:\/\/arturf.com\/es\/product\/speed\/\" class=\"woocommerce-LoopProduct-link woocommerce-loop-product__link\">Velocidad<\/a><\/p><\/div><div class=\"price-wrapper\"><\/div>\t\t\t\t\t\t\t<\/div>\n\t\t\t\t\t\t<\/div>\n\t\t\t\t\t\t<\/div>\n\t\t\t\t\t<\/div><div class=\"col\" >\n\t\t\t\t\t\t<div class=\"col-inner\">\n\t\t\t\t\t\t\n<div class=\"badge-container absolute left top z-1\">\n\n<\/div>\n\t\t\t\t\t\t<div class=\"product-small box has-hover box-normal box-text-bottom\">\n\t\t\t\t\t\t\t<div class=\"box-image\" >\n\t\t\t\t\t\t\t\t<div class=\"image-cover\" style=\"padding-top:56.25%;\">\n\t\t\t\t\t\t\t\t\t<a href=\"https:\/\/arturf.com\/es\/product\/flex\/\" aria-label=\"Flexionar\">\n\t\t\t\t\t\t\t\t\t\t<img loading=\"lazy\" decoding=\"async\" width=\"350\" height=\"263\" src=\"https:\/\/arturf.com\/wp-content\/uploads\/2018\/05\/Flex-Green-350x263.jpg\" class=\"show-on-hover absolute fill hide-for-small back-image\" alt=\"Vista alternativa de Flex\" aria-hidden=\"true\" srcset=\"https:\/\/arturf.com\/wp-content\/uploads\/2018\/05\/Flex-Green-350x263.jpg 350w, https:\/\/arturf.com\/wp-content\/uploads\/2018\/05\/Flex-Green-500x375.jpg 500w, https:\/\/arturf.com\/wp-content\/uploads\/2018\/05\/Flex-Green-200x150.jpg 200w, https:\/\/arturf.com\/wp-content\/uploads\/2018\/05\/Flex-Green-768x576.jpg 768w, https:\/\/arturf.com\/wp-content\/uploads\/2018\/05\/Flex-Green-16x12.jpg 16w, https:\/\/arturf.com\/wp-content\/uploads\/2018\/05\/Flex-Green-510x383.jpg 510w, https:\/\/arturf.com\/wp-content\/uploads\/2018\/05\/Flex-Green.jpg 800w\" sizes=\"auto, (max-width: 350px) 100vw, 350px\" \/><img loading=\"lazy\" decoding=\"async\" width=\"350\" height=\"263\" src=\"https:\/\/arturf.com\/wp-content\/uploads\/2018\/05\/Arturf-Putting-Green-Flex-Pro-16-1-1-350x263.jpg\" class=\"attachment-woocommerce_thumbnail size-woocommerce_thumbnail\" alt=\"Flexionar\" srcset=\"https:\/\/arturf.com\/wp-content\/uploads\/2018\/05\/Arturf-Putting-Green-Flex-Pro-16-1-1-350x263.jpg 350w, https:\/\/arturf.com\/wp-content\/uploads\/2018\/05\/Arturf-Putting-Green-Flex-Pro-16-1-1-500x375.jpg 500w, https:\/\/arturf.com\/wp-content\/uploads\/2018\/05\/Arturf-Putting-Green-Flex-Pro-16-1-1-200x150.jpg 200w, https:\/\/arturf.com\/wp-content\/uploads\/2018\/05\/Arturf-Putting-Green-Flex-Pro-16-1-1-768x576.jpg 768w, https:\/\/arturf.com\/wp-content\/uploads\/2018\/05\/Arturf-Putting-Green-Flex-Pro-16-1-1-16x12.jpg 16w, https:\/\/arturf.com\/wp-content\/uploads\/2018\/05\/Arturf-Putting-Green-Flex-Pro-16-1-1-510x383.jpg 510w, https:\/\/arturf.com\/wp-content\/uploads\/2018\/05\/Arturf-Putting-Green-Flex-Pro-16-1-1.jpg 800w\" sizes=\"auto, (max-width: 350px) 100vw, 350px\" \/>\t\t\t\t\t\t\t\t\t<\/a>\n\t\t\t\t\t\t\t\t\t\t\t\t\t\t\t\t\t\t \t\t\t\t\t\t\t\t<\/div>\n\t\t\t\t\t\t\t\t<div class=\"image-tools top right show-on-hover\">\n\t\t\t\t\t\t\t\t\t\t\t\t\t\t\t\t\t<\/div>\n\t\t\t\t\t\t\t\t\t\t\t\t\t\t\t\t\t<div class=\"image-tools grid-tools text-center hide-for-small bottom hover-slide-in show-on-hover\">\n\t\t\t\t\t\t\t\t\t\t<a href=\"#quick-view\" class=\"quick-view\" role=\"button\" data-prod=\"6519\" aria-haspopup=\"dialog\" aria-expanded=\"false\" data-flatsome-role-button>Vista R\u00e1pida<\/a>\t\t\t\t\t\t\t\t\t<\/div>\n\t\t\t\t\t\t\t\t\t\t\t\t\t\t\t\t\t\t\t\t\t\t\t<\/div>\n\n\t\t\t\t\t\t\t<div class=\"box-text text-center dark\" style=\"background-color:rgb(255, 102, 0);\">\n\t\t\t\t\t\t\t\t<div class=\"title-wrapper\"><p class=\"name product-title woocommerce-loop-product__title\"><a href=\"https:\/\/arturf.com\/es\/product\/flex\/\" class=\"woocommerce-LoopProduct-link woocommerce-loop-product__link\">Flexionar<\/a><\/p><\/div><div class=\"price-wrapper\"><\/div>\t\t\t\t\t\t\t<\/div>\n\t\t\t\t\t\t<\/div>\n\t\t\t\t\t\t<\/div>\n\t\t\t\t\t<\/div><\/div>","protected":false},"excerpt":{"rendered":"","protected":false},"author":3,"featured_media":0,"parent":2230,"menu_order":13,"comment_status":"closed","ping_status":"closed","template":"page-blank.php","meta":{"_seopress_robots_primary_cat":"","_seopress_titles_title":"","_seopress_titles_desc":"Artificial grass field allow teams to practice and play games under all weather conditions, and it easily accommodates multiple sports to be played on one field.","_seopress_robots_index":"","footnotes":""},"class_list":["post-5284","page","type-page","status-publish","hentry"],"_links":{"self":[{"href":"https:\/\/arturf.com\/es\/wp-json\/wp\/v2\/pages\/5284","targetHints":{"allow":["GET"]}}],"collection":[{"href":"https:\/\/arturf.com\/es\/wp-json\/wp\/v2\/pages"}],"about":[{"href":"https:\/\/arturf.com\/es\/wp-json\/wp\/v2\/types\/page"}],"author":[{"embeddable":true,"href":"https:\/\/arturf.com\/es\/wp-json\/wp\/v2\/users\/3"}],"replies":[{"embeddable":true,"href":"https:\/\/arturf.com\/es\/wp-json\/wp\/v2\/comments?post=5284"}],"version-history":[{"count":0,"href":"https:\/\/arturf.com\/es\/wp-json\/wp\/v2\/pages\/5284\/revisions"}],"up":[{"embeddable":true,"href":"https:\/\/arturf.com\/es\/wp-json\/wp\/v2\/pages\/2230"}],"wp:attachment":[{"href":"https:\/\/arturf.com\/es\/wp-json\/wp\/v2\/media?parent=5284"}],"curies":[{"name":"gracias","href":"https:\/\/api.w.org\/{rel}","templated":true}]}}