{"id":5652,"date":"2016-12-11T12:12:47","date_gmt":"2016-12-11T12:12:47","guid":{"rendered":"https:\/\/arturf.com\/?page_id=5652"},"modified":"2023-09-03T20:37:29","modified_gmt":"2023-09-03T12:37:29","slug":"about","status":"publish","type":"page","link":"https:\/\/arturf.com\/es\/about\/","title":{"rendered":"Acerca de"},"content":{"rendered":"<section class=\"section dark\" id=\"section_771085924\">\n\t\t<div class=\"section-bg fill\" >\n\t\t\t<img loading=\"lazy\" decoding=\"async\" width=\"2000\" height=\"1500\" src=\"https:\/\/arturf.com\/wp-content\/uploads\/2023\/07\/Arturf-Factory-Artificial-Grass-Tufting.jpg\" class=\"bg attachment- size-\" alt=\"Fabricante, Arturf\" \/>\t\t\t\t<div class=\"video-overlay no-click fill\"><\/div>\n\t<div id=\"ytplayer-403\" class=\"ux-youtube fill object-fit hide-for-medium\" data-videoid=\"zJLf-lc35wc\" data-loop=\"1\" data-audio=\"0\"><\/div>\n\t\t\t<div class=\"section-bg-overlay absolute fill\"><\/div>\n\t\t\t\n\n\t\t<\/div>\n\n\t\t\n\n\t\t<div class=\"section-content relative\">\n\t\t\t\n\n<div class=\"row\"  id=\"row-181984889\">\n\n\n\t<div id=\"col-1374811915\" class=\"col medium-7 small-9 large-5\"  >\n\t\t\t\t<div class=\"col-inner\"  >\n\t\t\t\n\t\t\t\n\n\t<div id=\"text-2694536431\" class=\"text\">\n\t\t\n\n<h1>Fabricante l\u00edder de c\u00e9sped artificial: su socio comercial confiable<\/h1>\n\t\t\n<style>\n#text-2694536431 {\n  font-size: 1.5rem;\n}\n<\/style>\n\t<\/div>\n\t\n\n\t\t<\/div>\n\t\t\t\t\t<\/div>\n\n\t\n\n<\/div>\n\n\t\t<\/div>\n\n\t\t\n<style>\n#section_771085924 {\n  padding-top: 100px;\n  padding-bottom: 100px;\n}\n#section_771085924 .section-bg-overlay {\n  background-color: rgba(0, 0, 0, 0.13);\n}\n@media (min-width:550px) {\n  #section_771085924 {\n    padding-top: 140px;\n    padding-bottom: 140px;\n  }\n}\n@media (min-width:850px) {\n  #section_771085924 {\n    padding-top: 180px;\n    padding-bottom: 180px;\n  }\n}\n<\/style>\n\t<\/section>\n\t\n\n\t<section class=\"section\" id=\"section_331389131\">\n\t\t<div class=\"section-bg fill\" >\n\t\t\t\t\t\t\t\t\t\n\t\t\t\n\n\t\t<\/div>\n\n\t\t\n\n\t\t<div class=\"section-content relative\">\n\t\t\t\n\n<div class=\"row row-large align-right\"  id=\"row-701228920\">\n\n\n\t<div id=\"col-1122993712\" class=\"col medium-4 small-12 large-4\"  >\n\t\t\t\t<div class=\"col-inner\"  >\n\t\t\t\n\t\t\t\n\n\t<div class=\"ux-menu stack stack-col justify-start ux-menu--divider-solid\">\n\t\t\n\n\t<div class=\"ux-menu-link flex menu-item\">\n\t\t<a class=\"ux-menu-link__link flex\" href=\"https:\/\/arturf.com\/es\/about\/artificial-grass-factory\/\" >\n\t\t\t<i class=\"ux-menu-link__icon text-center icon-angle-right\" aria-hidden=\"true\"><\/i>\t\t\t<span class=\"ux-menu-link__text\">\n\t\t\t\tTour por la f\u00e1brica\t\t\t<\/span>\n\t\t<\/a>\n\t<\/div>\n\t\n\n\t<div class=\"ux-menu-link flex menu-item\">\n\t\t<a class=\"ux-menu-link__link flex\" href=\"https:\/\/arturf.com\/es\/about\/quality-assurance\/\" >\n\t\t\t<i class=\"ux-menu-link__icon text-center icon-angle-right\" aria-hidden=\"true\"><\/i>\t\t\t<span class=\"ux-menu-link__text\">\n\t\t\t\tSeguro de calidad\t\t\t<\/span>\n\t\t<\/a>\n\t<\/div>\n\t\n\n\t<div class=\"ux-menu-link flex menu-item\">\n\t\t<a class=\"ux-menu-link__link flex\" href=\"https:\/\/arturf.com\/es\/about\/technology-innovation\/\" >\n\t\t\t<i class=\"ux-menu-link__icon text-center icon-angle-right\" aria-hidden=\"true\"><\/i>\t\t\t<span class=\"ux-menu-link__text\">\n\t\t\t\tTecnolog\u00eda e Innovaci\u00f3n\t\t\t<\/span>\n\t\t<\/a>\n\t<\/div>\n\t\n\n\n\t<\/div>\n\t\n\n\t\t<\/div>\n\t\t\t\t\t<\/div>\n\n\t\n\n\t<div id=\"col-1344075960\" class=\"col medium-8 small-12 large-8\"  >\n\t\t\t\t<div class=\"col-inner\"  >\n\t\t\t\n\t\t\t\n\n<h2>Resumen de la empresa<\/h2>\n<p>Arturf, o Team Sports Industry Ltd., es un fabricante l\u00edder de c\u00e9sped artificial en China. Nuestra f\u00e1brica de \u00faltima generaci\u00f3n est\u00e1 equipada con maquinaria avanzada, lo que garantiza la producci\u00f3n de c\u00e9sped sint\u00e9tico de alta calidad. Priorizamos la seguridad, la durabilidad y la est\u00e9tica para brindar el mejor valor en la industria.<\/p>\n<p>Con nuestra propia planta de extrusi\u00f3n de hilo, mantenemos un estricto control de calidad desde el principio. Nuestra f\u00e1brica ofrece opciones de personalizaci\u00f3n basadas en sus especificaciones, junto con servicios OEM\/ODM para distribuidores. Tenemos una red de clientes bien establecida y priorizamos la satisfacci\u00f3n del cliente por encima de todo. En ARTURF, creemos que el c\u00e9sped artificial es una forma de arte y nos dedicamos a ofrecer productos excepcionales que reflejen nuestra pasi\u00f3n por esta industria innovadora.<\/p>\n\n\t\t<\/div>\n\t\t\t\t\t<\/div>\n\n\t\n\n<\/div>\n\t<div id=\"gap-505503742\" class=\"gap-element clearfix\" style=\"display:block; height:auto;\">\n\t\t\n<style>\n#gap-505503742 {\n  padding-top: 400px;\n}\n<\/style>\n\t<\/div>\n\t\n\n\n\t\t<\/div>\n\n\t\t\n<style>\n#section_331389131 {\n  padding-top: 30px;\n  padding-bottom: 30px;\n}\n<\/style>\n\t<\/section>\n\t\n\n\t<section class=\"section\" id=\"section_1841309330\">\n\t\t<div class=\"section-bg fill\" >\n\t\t\t\t\t\t\t\t\t\n\t\t\t\n\n\t\t<\/div>\n\n\t\t\n\n\t\t<div class=\"section-content relative\">\n\t\t\t\n\n<div class=\"row\"  id=\"row-66640390\">\n\n\n\t<div id=\"col-1820998508\" class=\"col small-12 large-12\"  >\n\t\t\t\t<div class=\"col-inner\"  >\n\t\t\t\n\t\t\t\n\n<div class=\"row\"  id=\"row-287548161\">\n\n\n\t<div id=\"col-1700522916\" class=\"col medium-6 small-12 large-6\"  >\n\t\t\t\t<div class=\"col-inner\"  >\n\t\t\t\n\t\t\t\n\n\n  <div class=\"banner has-hover\" id=\"banner-1960611804\">\n          <div class=\"banner-inner fill\">\n        <div class=\"banner-bg fill\" >\n            <img loading=\"lazy\" decoding=\"async\" width=\"1000\" height=\"750\" src=\"https:\/\/arturf.com\/wp-content\/uploads\/2018\/12\/Yarn-Producing-4.jpg\" class=\"bg attachment-large size-large\" alt=\"Fabricante, Arturf\" \/>                                    \n                    <\/div>\n\t\t\n        <div class=\"banner-layers container\">\n            <div class=\"fill banner-link\"><\/div>            \n\n   <div id=\"text-box-1606332495\" class=\"text-box banner-layer x50 md-x50 lg-x50 y50 md-y50 lg-y50 res-text\">\n                                <div class=\"text-box-content text dark\">\n              \n              <div class=\"text-inner text-center\">\n                  \n\n\n              <\/div>\n           <\/div>\n                            \n<style>\n#text-box-1606332495 {\n  width: 60%;\n}\n#text-box-1606332495 .text-box-content {\n  font-size: 100%;\n}\n@media (min-width:550px) {\n  #text-box-1606332495 {\n    width: 60%;\n  }\n}\n<\/style>\n    <\/div>\n \n\n        <\/div>\n      <\/div>\n\n            \n<style>\n#banner-1960611804 {\n  padding-top: 360px;\n  background-color: rgb(250, 250, 250);\n}\n<\/style>\n  <\/div>\n\n\n\n\t\t<\/div>\n\t\t\t\t\t<\/div>\n\n\t\n\n\t<div id=\"col-666146334\" class=\"col medium-6 small-12 large-6\"  >\n\t\t\t\t<div class=\"col-inner\"  >\n\t\t\t\n\t\t\t\n\n\n  <div class=\"banner has-hover\" id=\"banner-550821490\">\n          <div class=\"banner-inner fill\">\n        <div class=\"banner-bg fill\" >\n            <img loading=\"lazy\" decoding=\"async\" width=\"768\" height=\"576\" src=\"https:\/\/arturf.com\/wp-content\/uploads\/2023\/07\/Arturf-Tufting-Machine-768x576.jpg\" class=\"bg attachment-medium_large size-medium_large\" alt=\"Fabricante, Arturf\" \/>                                    \n                    <\/div>\n\t\t\n        <div class=\"banner-layers container\">\n            <div class=\"fill banner-link\"><\/div>            \n\n   <div id=\"text-box-259147722\" class=\"text-box banner-layer x50 md-x50 lg-x50 y50 md-y50 lg-y50 res-text\">\n                                <div class=\"text-box-content text dark\">\n              \n              <div class=\"text-inner text-center\">\n                  \n\n\n              <\/div>\n           <\/div>\n                            \n<style>\n#text-box-259147722 {\n  width: 60%;\n}\n#text-box-259147722 .text-box-content {\n  font-size: 100%;\n}\n@media (min-width:550px) {\n  #text-box-259147722 {\n    width: 60%;\n  }\n}\n<\/style>\n    <\/div>\n \n\n        <\/div>\n      <\/div>\n\n            \n<style>\n#banner-550821490 {\n  padding-top: 500px;\n  background-color: rgb(250, 250, 250);\n}\n#banner-550821490 .banner-bg img {\n  object-position: 60% 88%;\n}\n<\/style>\n  <\/div>\n\n\n\n\t\t<\/div>\n\t\t\t\t\t<\/div>\n\n\t\n\n<\/div>\n\n\t\t<\/div>\n\t\t\t\t\n<style>\n#col-1820998508 > .col-inner {\n  margin: -390px 0px 0px 0px;\n}\n<\/style>\n\t<\/div>\n\n\t\n\n<\/div>\n\n\t\t<\/div>\n\n\t\t\n<style>\n#section_1841309330 {\n  padding-top: 30px;\n  padding-bottom: 30px;\n  background-color: rgb(122, 156, 89);\n}\n<\/style>\n\t<\/section>\n\t\n\n\t<section class=\"section dark\" id=\"section_1511251936\">\n\t\t<div class=\"section-bg fill\" >\n\t\t\t\t\t\t\t\t\t\n\t\t\t\n\n\t\t<\/div>\n\n\t\t\n\n\t\t<div class=\"section-content relative\">\n\t\t\t\n\n<div class=\"row\"  id=\"row-1216481811\">\n\n\n\t<div id=\"col-1968162900\" class=\"col small-12 large-12\"  >\n\t\t\t\t<div class=\"col-inner\"  >\n\t\t\t\n\t\t\t\n\n\t<div id=\"text-937855702\" class=\"text\">\n\t\t\n\n<h2>\u00bfPor qu\u00e9 Arturf?<\/h2>\n\t\t\n<style>\n#text-937855702 {\n  font-size: 1.45rem;\n  text-align: center;\n}\n<\/style>\n\t<\/div>\n\t\n\n\t\t<\/div>\n\t\t\t\t\t<\/div>\n\n\t\n\n<\/div>\n<div class=\"row row-large\"  id=\"row-1902844747\">\n\n\n\t<div id=\"col-350057466\" class=\"col small-12 large-12\"  >\n\t\t\t\t<div class=\"col-inner\"  >\n\t\t\t\n\t\t\t\n\n<div class=\"container section-title-container\" style=\"margin-top:5px;margin-bottom:5px;\"><h3 class=\"section-title section-title-normal\"><b aria-hidden=\"true\"><\/b><span class=\"section-title-main\" style=\"font-size:80%;color:rgb(251, 251, 251);\">01<\/span><b aria-hidden=\"true\"><\/b><\/h3><\/div>\n\n\n\t\t<\/div>\n\t\t\t\t\n<style>\n#col-350057466 > .col-inner {\n  margin: 0px 0px -20px 0px;\n}\n<\/style>\n\t<\/div>\n\n\t\n\n\t<div id=\"col-247112133\" class=\"col medium-12 small-12 large-6\"  >\n\t\t\t\t<div class=\"col-inner\"  >\n\t\t\t\n\t\t\t\n\n\t<div id=\"text-1669512854\" class=\"text\">\n\t\t\n\n<h3><span style=\"font-size: 180%;\">Seguro de calidad<\/span><\/h3>\n\t\t\n<style>\n#text-1669512854 {\n  font-size: 0.8rem;\n}\n<\/style>\n\t<\/div>\n\t\n\n\t\t<\/div>\n\t\t\t\t\t<\/div>\n\n\t\n\n\t<div id=\"col-1376942470\" class=\"col medium-12 small-12 large-6\"  >\n\t\t\t\t<div class=\"col-inner\"  >\n\t\t\t\n\t\t\t\n\n<p>Controlamos todo el proceso de fabricaci\u00f3n del c\u00e9sped artificial y trabajamos en estrecha colaboraci\u00f3n con los proveedores mundiales de materias primas para garantizar un c\u00e9sped artificial de alta calidad a precios competitivos.<\/p>\n\n\t\t<\/div>\n\t\t\t\t\t<\/div>\n\n\t\n\n<\/div>\n<div class=\"row row-large\"  id=\"row-334527164\">\n\n\n\t<div id=\"col-1645204637\" class=\"col small-12 large-12\"  >\n\t\t\t\t<div class=\"col-inner\"  >\n\t\t\t\n\t\t\t\n\n<div class=\"container section-title-container\" style=\"margin-top:5px;margin-bottom:5px;\"><h3 class=\"section-title section-title-normal\"><b aria-hidden=\"true\"><\/b><span class=\"section-title-main\" style=\"font-size:80%;color:rgb(255, 255, 255);\">02<\/span><b aria-hidden=\"true\"><\/b><\/h3><\/div>\n\n\n\t\t<\/div>\n\t\t\t\t\n<style>\n#col-1645204637 > .col-inner {\n  padding: 60px 0px 0px 0px;\n  margin: 0px 0px -20px 0px;\n}\n<\/style>\n\t<\/div>\n\n\t\n\n\t<div id=\"col-588037877\" class=\"col medium-12 small-12 large-6\"  >\n\t\t\t\t<div class=\"col-inner\"  >\n\t\t\t\n\t\t\t\n\n\t<div id=\"text-3807748639\" class=\"text\">\n\t\t\n\n<h3><span style=\"font-size: 180%;\">Integridad transparente<\/span><\/h3>\n\t\t\n<style>\n#text-3807748639 {\n  font-size: 0.8rem;\n}\n<\/style>\n\t<\/div>\n\t\n\n\t\t<\/div>\n\t\t\t\t\t<\/div>\n\n\t\n\n\t<div id=\"col-1943895436\" class=\"col medium-12 small-12 large-6\"  >\n\t\t\t\t<div class=\"col-inner\"  >\n\t\t\t\n\t\t\t\n\n<p>Realizamos negocios con honestidad, proporcionando especificaciones precisas, precios transparentes y garant\u00edas confiables sin recurrir a t\u00e1cticas de venta o costos ocultos.<\/p>\n\n\t\t<\/div>\n\t\t\t\t\t<\/div>\n\n\t\n\n<\/div>\n<div class=\"row row-large\"  id=\"row-1919468222\">\n\n\n\t<div id=\"col-1877650755\" class=\"col small-12 large-12\"  >\n\t\t\t\t<div class=\"col-inner\"  >\n\t\t\t\n\t\t\t\n\n<div class=\"container section-title-container\" style=\"margin-top:5px;margin-bottom:5px;\"><h3 class=\"section-title section-title-normal\"><b aria-hidden=\"true\"><\/b><span class=\"section-title-main\" style=\"font-size:80%;color:rgb(255, 255, 255);\">03<\/span><b aria-hidden=\"true\"><\/b><\/h3><\/div>\n\n\n\t\t<\/div>\n\t\t\t\t\n<style>\n#col-1877650755 > .col-inner {\n  padding: 60px 0px 0px 0px;\n  margin: 0px 0px -20px 0px;\n}\n<\/style>\n\t<\/div>\n\n\t\n\n\t<div id=\"col-221125458\" class=\"col medium-12 small-12 large-6\"  >\n\t\t\t\t<div class=\"col-inner\"  >\n\t\t\t\n\t\t\t\n\n\t<div id=\"text-880901012\" class=\"text\">\n\t\t\n\n<h3><span style=\"font-size: 180%;\">Enfoque centrado en el cliente<br><\/span><\/h3>\n\t\t\n<style>\n#text-880901012 {\n  font-size: 0.8rem;\n}\n<\/style>\n\t<\/div>\n\t\n\n\t\t<\/div>\n\t\t\t\t\t<\/div>\n\n\t\n\n\t<div id=\"col-1393613869\" class=\"col medium-12 small-12 large-6\"  >\n\t\t\t\t<div class=\"col-inner\"  >\n\t\t\t\n\t\t\t\n\n<p>Priorizamos la satisfacci\u00f3n del cliente respetando sus necesidades y expectativas. Superamos las expectativas a trav\u00e9s de precios asequibles, calidad superior, entrega oportuna y la opci\u00f3n de especificaciones de c\u00e9sped artificial personalizadas.<\/p>\n\n\t\t<\/div>\n\t\t\t\t\t<\/div>\n\n\t\n\n<\/div>\n<div class=\"row row-large\"  id=\"row-1490412958\">\n\n\n\t<div id=\"col-470070905\" class=\"col small-12 large-12\"  >\n\t\t\t\t<div class=\"col-inner\"  >\n\t\t\t\n\t\t\t\n\n<div class=\"container section-title-container\" style=\"margin-top:5px;margin-bottom:5px;\"><h3 class=\"section-title section-title-normal\"><b aria-hidden=\"true\"><\/b><span class=\"section-title-main\" style=\"font-size:80%;color:rgb(255, 255, 255);\">04<\/span><b aria-hidden=\"true\"><\/b><\/h3><\/div>\n\n\n\t\t<\/div>\n\t\t\t\t\n<style>\n#col-470070905 > .col-inner {\n  padding: 60px 0px 0px 0px;\n  margin: 0px 0px -20px 0px;\n}\n<\/style>\n\t<\/div>\n\n\t\n\n\t<div id=\"col-52968461\" class=\"col medium-12 small-12 large-6\"  >\n\t\t\t\t<div class=\"col-inner\"  >\n\t\t\t\n\t\t\t\n\n\t<div id=\"text-3216000614\" class=\"text\">\n\t\t\n\n<h3><span style=\"font-size: 180%;\">Soluciones Completas<\/span><\/h3>\n\t\t\n<style>\n#text-3216000614 {\n  font-size: 0.8rem;\n}\n<\/style>\n\t<\/div>\n\t\n\n\t\t<\/div>\n\t\t\t\t\t<\/div>\n\n\t\n\n\t<div id=\"col-854647429\" class=\"col medium-12 small-12 large-6\"  >\n\t\t\t\t<div class=\"col-inner\"  >\n\t\t\t\n\t\t\t\n\n<p>Completa tu instalaci\u00f3n con nuestro <a href=\"https:\/\/arturf.com\/es\/products\/accessories\/\">accesorios de ventanilla \u00fanica<\/a>: base de almohadilla de choque, gr\u00e1nulos de goma, cinta de uni\u00f3n, adhesivo, vallas e iluminaci\u00f3n...<\/p>\n\n\t\t<\/div>\n\t\t\t\t\t<\/div>\n\n\t\n\n<\/div>\n\n\t\t<\/div>\n\n\t\t\n<style>\n#section_1511251936 {\n  padding-top: 80px;\n  padding-bottom: 80px;\n  background-color: #7a9c59;\n}\n<\/style>\n\t<\/section>","protected":false},"excerpt":{"rendered":"","protected":false},"author":3,"featured_media":0,"parent":0,"menu_order":1,"comment_status":"closed","ping_status":"closed","template":"page-blank.php","meta":{"_seopress_robots_primary_cat":"","_seopress_titles_title":"Premier Artificial Turf Manufacturer- Your Reliable Business Partner","_seopress_titles_desc":"Arturf: A manufacturer and your trusted partner for premium artificial grass. We offer customization, transparency, and complete solutions for all your turf needs.","_seopress_robots_index":"","footnotes":""},"class_list":["post-5652","page","type-page","status-publish","hentry"],"_links":{"self":[{"href":"https:\/\/arturf.com\/es\/wp-json\/wp\/v2\/pages\/5652","targetHints":{"allow":["GET"]}}],"collection":[{"href":"https:\/\/arturf.com\/es\/wp-json\/wp\/v2\/pages"}],"about":[{"href":"https:\/\/arturf.com\/es\/wp-json\/wp\/v2\/types\/page"}],"author":[{"embeddable":true,"href":"https:\/\/arturf.com\/es\/wp-json\/wp\/v2\/users\/3"}],"replies":[{"embeddable":true,"href":"https:\/\/arturf.com\/es\/wp-json\/wp\/v2\/comments?post=5652"}],"version-history":[{"count":0,"href":"https:\/\/arturf.com\/es\/wp-json\/wp\/v2\/pages\/5652\/revisions"}],"wp:attachment":[{"href":"https:\/\/arturf.com\/es\/wp-json\/wp\/v2\/media?parent=5652"}],"curies":[{"name":"gracias","href":"https:\/\/api.w.org\/{rel}","templated":true}]}}