{"id":6786,"date":"2018-08-04T08:57:54","date_gmt":"2018-08-04T08:57:54","guid":{"rendered":"https:\/\/arturf.com\/?page_id=6786"},"modified":"2023-07-13T11:29:03","modified_gmt":"2023-07-13T03:29:03","slug":"artificial-grass-factory","status":"publish","type":"page","link":"https:\/\/arturf.com\/es\/about\/artificial-grass-factory\/","title":{"rendered":"F\u00e1brica de c\u00e9sped artificial"},"content":{"rendered":"<section class=\"section dark\" id=\"section_1713758900\">\n\t\t<div class=\"section-bg fill\" >\n\t\t\t<img loading=\"lazy\" decoding=\"async\" width=\"1536\" height=\"1152\" src=\"https:\/\/arturf.com\/wp-content\/uploads\/2023\/07\/Arturf-Factory-Artificial-Grass-Tufting-1536x1152.jpg\" class=\"bg attachment-1536x1536 size-1536x1536\" alt=\"fabricante\" \/>\t\t\t\t\t\t<div class=\"section-bg-overlay absolute fill\"><\/div>\n\t\t\t\n\n\t\t<\/div>\n\n\t\t\n\n\t\t<div class=\"section-content relative\">\n\t\t\t\n\n<div class=\"row align-center\"  id=\"row-433259763\">\n\n\n\t<div id=\"col-17807461\" class=\"col medium-10 small-12 large-7\"  >\n\t\t\t\t<div class=\"col-inner text-center\"  >\n\t\t\t\n\t\t\t\n\n<div class=\"video-button-wrapper\" style=\"font-size:120%\"><a href=\"https:\/\/www.youtube.com\/watch?v=zJLf-lc35wc\" class=\"button open-video icon circle is-outline is-xlarge\" role=\"button\" aria-label=\"Abrir el v\u00eddeo en lightbox\" data-flatsome-role-button><i class=\"icon-play\" aria-hidden=\"true\" style=\"font-size:1.5em;\"><\/i><\/a><\/div>\n\n\t<div id=\"text-3400910619\" class=\"text\">\n\t\t\n\n<h1>F\u00e1brica de c\u00e9sped artificial<\/h1>\n\t\t\n<style>\n#text-3400910619 {\n  font-size: 1.5rem;\n}\n<\/style>\n\t<\/div>\n\t\n<p>Arturf se distingue como fabricante l\u00edder de c\u00e9sped artificial en China al mantener un control total sobre todo el proceso de fabricaci\u00f3n.<\/p>\n\t<div id=\"gap-1572352869\" class=\"gap-element clearfix\" style=\"display:block; height:auto;\">\n\t\t\n<style>\n#gap-1572352869 {\n  padding-top: 10px;\n}\n<\/style>\n\t<\/div>\n\t\n\n\n\t\t<\/div>\n\t\t\t\t\t<\/div>\n\n\t\n\n<\/div>\n\n\t\t<\/div>\n\n\t\t\n<style>\n#section_1713758900 {\n  padding-top: 30px;\n  padding-bottom: 30px;\n  min-height: 600px;\n}\n#section_1713758900 .section-bg-overlay {\n  background-color: rgba(0, 0, 0, 0.5);\n}\n@media (min-width:550px) {\n  #section_1713758900 {\n    min-height: 700px;\n  }\n}\n@media (min-width:850px) {\n  #section_1713758900 {\n    min-height: 900px;\n  }\n}\n<\/style>\n\t<\/section>\n\t\n<div class=\"row align-middle align-center\"  id=\"row-1123184226\">\n\n\n\t<div id=\"col-2018714388\" class=\"col small-12 large-12\"  >\n\t\t\t\t<div class=\"col-inner\"  >\n\t\t\t\n\t\t\t\n\n\t<div id=\"gap-1648336919\" class=\"gap-element clearfix\" style=\"display:block; height:auto;\">\n\t\t\n<style>\n#gap-1648336919 {\n  padding-top: 30px;\n}\n<\/style>\n\t<\/div>\n\t\n\n<p>Arturf, un fabricante confiable de c\u00e9sped artificial en China, se destaca de la competencia al supervisar todo el proceso de fabricaci\u00f3n, asegurando un control estricto y una calidad impecable. \u00danase a nosotros en un extraordinario recorrido por la f\u00e1brica mientras revelamos las complejidades de nuestros tres pasos esenciales de fabricaci\u00f3n: Extrusi\u00f3n de fibra, Tufting de c\u00e9sped y Recubrimiento posterior. Cada paso contribuye a la creaci\u00f3n de nuestros productos superiores de c\u00e9sped artificial.<\/p>\n\n\t\t<\/div>\n\t\t\t\t\t<\/div>\n\n\t\n\n<\/div>\n<div class=\"row align-middle\"  id=\"row-140767101\">\n\n\n\t<div id=\"col-95282160\" class=\"col medium-6 small-12 large-6\"  >\n\t\t\t\t<div class=\"col-inner\"  >\n\t\t\t\n\t\t\t\n\n\t<div id=\"gap-367429260\" class=\"gap-element clearfix\" style=\"display:block; height:auto;\">\n\t\t\n<style>\n#gap-367429260 {\n  padding-top: 30px;\n}\n<\/style>\n\t<\/div>\n\t\n\n<h3>Extrusi\u00f3n: elaboraci\u00f3n de la esencia del c\u00e9sped artificial<\/h3>\n<p>En el centro de cualquier sistema de c\u00e9sped artificial se encuentra el hilo, un componente crucial que influye directamente en el rendimiento y la vida \u00fatil. En Arturf, nos tomamos este aspecto en serio. Nuestro hilo se elabora meticulosamente con gr\u00e1nulos de resina de primera calidad, que se funden para formar la base de nuestros hilos de c\u00e9sped artificial. Durante este crucial proceso de extrusi\u00f3n, incorporamos inhibidores UV de alta calidad y otros aditivos que mejoran la longevidad de nuestros productos de c\u00e9sped sint\u00e9tico. Estas caracter\u00edsticas se convierten en una parte inherente del c\u00e9sped, asegurando que nunca se desvanezcan o se laven con el tiempo. A trav\u00e9s del arte de la extrusi\u00f3n, damos vida a nuestras resinas, transform\u00e1ndolas en hilos resistentes y duraderos.<\/p>\n\n\t\t<\/div>\n\t\t\t\t\t<\/div>\n\n\t\n\n\t<div id=\"col-710374213\" class=\"col medium-6 small-12 large-6 small-col-first\"  >\n\t\t\t\t<div class=\"col-inner\"  >\n\t\t\t\n\t\t\t\n\n\t<div id=\"gap-50621607\" class=\"gap-element clearfix\" style=\"display:block; height:auto;\">\n\t\t\n<style>\n#gap-50621607 {\n  padding-top: 30px;\n}\n<\/style>\n\t<\/div>\n\t\n\n\t<div class=\"box has-hover   has-hover box-overlay dark box-text-middle\" >\n\n\t\t<div class=\"box-image\" style=\"border-radius:100%;width:80%;\">\n\t\t\t\t\t\t<div class=\"image-zoom-long image-cover\" style=\"padding-top:100%;\">\n\t\t\t\t<img loading=\"lazy\" decoding=\"async\" width=\"1000\" height=\"750\" src=\"https:\/\/arturf.com\/wp-content\/uploads\/2018\/12\/Yarn-Producing-4.jpg\" class=\"attachment-large size-large\" alt=\"fabricante\" srcset=\"https:\/\/arturf.com\/wp-content\/uploads\/2018\/12\/Yarn-Producing-4.jpg 1000w, https:\/\/arturf.com\/wp-content\/uploads\/2018\/12\/Yarn-Producing-4-300x225.jpg 300w, https:\/\/arturf.com\/wp-content\/uploads\/2018\/12\/Yarn-Producing-4-200x150.jpg 200w, https:\/\/arturf.com\/wp-content\/uploads\/2018\/12\/Yarn-Producing-4-768x576.jpg 768w, https:\/\/arturf.com\/wp-content\/uploads\/2018\/12\/Yarn-Producing-4-16x12.jpg 16w, https:\/\/arturf.com\/wp-content\/uploads\/2018\/12\/Yarn-Producing-4-350x263.jpg 350w, https:\/\/arturf.com\/wp-content\/uploads\/2018\/12\/Yarn-Producing-4-510x383.jpg 510w\" sizes=\"auto, (max-width: 1000px) 100vw, 1000px\" \/>\t\t\t\t<div class=\"overlay\" style=\"background-color:1\"><\/div>\t\t\t\t\t\t\t<\/div>\n\t\t\t\t\t<\/div>\n\n\t\t<div class=\"box-text text-center\" >\n\t\t\t<div class=\"box-text-inner\">\n\t\t\t\t\n\n<h4>Extrusi\u00f3n de hilo<\/h4>\n\n\t\t\t<\/div>\n\t\t<\/div>\n\t<\/div>\n\t\n\n\t\t<\/div>\n\t\t\t\t\t<\/div>\n\n\t\n\n<\/div>\n\t<div id=\"gap-1307524246\" class=\"gap-element clearfix\" style=\"display:block; height:auto;\">\n\t\t\n<style>\n#gap-1307524246 {\n  padding-top: 80px;\n}\n<\/style>\n\t<\/div>\n\t\n\n<div class=\"row align-middle\"  id=\"row-509608230\">\n\n\n\t<div id=\"col-993629186\" class=\"col medium-6 small-12 large-6 small-col-first\"  >\n\t\t\t\t<div class=\"col-inner\"  >\n\t\t\t\n\t\t\t\n\n\t<div id=\"gap-446831846\" class=\"gap-element clearfix\" style=\"display:block; height:auto;\">\n\t\t\n<style>\n#gap-446831846 {\n  padding-top: 30px;\n}\n<\/style>\n\t<\/div>\n\t\n\n\t<div class=\"box has-hover   has-hover box-overlay dark box-text-middle\" >\n\n\t\t<div class=\"box-image\" style=\"border-radius:100%;width:80%;\">\n\t\t\t\t\t\t<div class=\"image-zoom-long image-cover\" style=\"padding-top:100%;\">\n\t\t\t\t<img loading=\"lazy\" decoding=\"async\" width=\"1000\" height=\"750\" src=\"https:\/\/arturf.com\/wp-content\/uploads\/2018\/12\/Artificial-Grass-Tufting-2.jpg\" class=\"attachment- size-\" alt=\"fabricante\" srcset=\"https:\/\/arturf.com\/wp-content\/uploads\/2018\/12\/Artificial-Grass-Tufting-2.jpg 1000w, https:\/\/arturf.com\/wp-content\/uploads\/2018\/12\/Artificial-Grass-Tufting-2-300x225.jpg 300w, https:\/\/arturf.com\/wp-content\/uploads\/2018\/12\/Artificial-Grass-Tufting-2-200x150.jpg 200w, https:\/\/arturf.com\/wp-content\/uploads\/2018\/12\/Artificial-Grass-Tufting-2-768x576.jpg 768w, https:\/\/arturf.com\/wp-content\/uploads\/2018\/12\/Artificial-Grass-Tufting-2-16x12.jpg 16w, https:\/\/arturf.com\/wp-content\/uploads\/2018\/12\/Artificial-Grass-Tufting-2-350x263.jpg 350w, https:\/\/arturf.com\/wp-content\/uploads\/2018\/12\/Artificial-Grass-Tufting-2-510x383.jpg 510w\" sizes=\"auto, (max-width: 1000px) 100vw, 1000px\" \/>\t\t\t\t<div class=\"overlay\" style=\"background-color:1\"><\/div>\t\t\t\t\t\t\t<\/div>\n\t\t\t\t\t<\/div>\n\n\t\t<div class=\"box-text text-center\" >\n\t\t\t<div class=\"box-text-inner\">\n\t\t\t\t\n\n<h4>Mechones de c\u00e9sped artificial<\/h4>\n\n\t\t\t<\/div>\n\t\t<\/div>\n\t<\/div>\n\t\n\n\t\t<\/div>\n\t\t\t\t\t<\/div>\n\n\t\n\n\t<div id=\"col-1542219154\" class=\"col medium-6 small-12 large-6\"  >\n\t\t\t\t<div class=\"col-inner\"  >\n\t\t\t\n\t\t\t\n\n\t<div id=\"gap-303644238\" class=\"gap-element clearfix\" style=\"display:block; height:auto;\">\n\t\t\n<style>\n#gap-303644238 {\n  padding-top: 30px;\n}\n<\/style>\n\t<\/div>\n\t\n\n<h3>Tufting: tejiendo excelencia en cada hilo<\/h3>\n<p>Una vez que los hilos de c\u00e9sped artificial est\u00e1n completos, se someten al proceso de tufting para crear un soporte resistente. Este respaldo, hecho de tejido o tela, constituye la base del c\u00e9sped sint\u00e9tico.<\/p>\n<p>Durante la formaci\u00f3n de mechones, los hilos de c\u00e9sped artificial o los paquetes de filamentos se tejen meticulosamente en el respaldo, formando bucles. Una aguja especializada, similar a una aguja de coser grande, empuja a trav\u00e9s del respaldo, entrelaz\u00e1ndose con los hilos para crear lazos o montones. Luego, estos bucles se cortan con precisi\u00f3n, lo que da como resultado montones de c\u00e9sped individuales. En nuestras l\u00edneas de producci\u00f3n de tufting, empleamos maquinaria de \u00faltima generaci\u00f3n equipada con m\u00e1s de 1000 agujas por fila, que var\u00edan seg\u00fan el ancho de la alfombra de c\u00e9sped y la intensidad del pelo deseada. En la f\u00e1brica de c\u00e9sped artificial de Arturf, nos enorgullecemos de nuestras l\u00edneas de producci\u00f3n de tufting avanzadas, atendidas por profesionales experimentados con m\u00e1s de seis a\u00f1os de experiencia.<\/p>\n\n\t\t<\/div>\n\t\t\t\t\t<\/div>\n\n\t\n\n<\/div>\n\t<div id=\"gap-678012650\" class=\"gap-element clearfix\" style=\"display:block; height:auto;\">\n\t\t\n<style>\n#gap-678012650 {\n  padding-top: 80px;\n}\n<\/style>\n\t<\/div>\n\t\n\n<div class=\"row align-middle\"  id=\"row-383136797\">\n\n\n\t<div id=\"col-1626536611\" class=\"col medium-6 small-12 large-6\"  >\n\t\t\t\t<div class=\"col-inner\"  >\n\t\t\t\n\t\t\t\n\n\t<div id=\"gap-1585507415\" class=\"gap-element clearfix\" style=\"display:block; height:auto;\">\n\t\t\n<style>\n#gap-1585507415 {\n  padding-top: 30px;\n}\n<\/style>\n\t<\/div>\n\t\n\n<h3>Recubrimiento: asegurando la calidad para un rendimiento \u00f3ptimo<\/h3>\n<p>Despu\u00e9s del proceso de tufting, es esencial asegurar firmemente los hilos de c\u00e9sped artificial al respaldo, evitando cualquier posibilidad de que se desprendan durante el uso.<\/p>\n<p>En el tercer paso, aplicamos l\u00e1tex o poliuretano en la parte posterior del respaldo, asegurando una fuerte uni\u00f3n entre los hilos y el respaldo, al mismo tiempo que proporciona mayor rigidez.<\/p>\n<p>El l\u00e1tex o poliuretano se encuentra inicialmente en estado l\u00edquido, similar al pegamento, cuando se aplica a la alfombra. Sin embargo, durante el proceso de recubrimiento, se endurece, reforzando la alfombra y asegurando firmemente las pilas de c\u00e9sped. Para facilitar un drenaje eficiente, se perforan meticulosamente peque\u00f1os orificios en la alfombra de c\u00e9sped, lo que permite que el agua fluya desde la superficie hacia el suelo subyacente, incluso durante fuertes lluvias. Si bien estos orificios de drenaje permanecen invisibles, juegan un papel crucial en el mantenimiento de la integridad del sistema de c\u00e9sped artificial.<\/p>\n\n\t\t<\/div>\n\t\t\t\t\t<\/div>\n\n\t\n\n\t<div id=\"col-2030120878\" class=\"col medium-6 small-12 large-6 small-col-first\"  >\n\t\t\t\t<div class=\"col-inner\"  >\n\t\t\t\n\t\t\t\n\n\t<div id=\"gap-2129356209\" class=\"gap-element clearfix\" style=\"display:block; height:auto;\">\n\t\t\n<style>\n#gap-2129356209 {\n  padding-top: 30px;\n}\n<\/style>\n\t<\/div>\n\t\n\n\t<div class=\"box has-hover   has-hover box-overlay dark box-text-middle\" >\n\n\t\t<div class=\"box-image\" style=\"border-radius:100%;width:80%;\">\n\t\t\t\t\t\t<div class=\"image-zoom-long image-cover\" style=\"padding-top:100%;\">\n\t\t\t\t<img loading=\"lazy\" decoding=\"async\" width=\"750\" height=\"562\" src=\"https:\/\/arturf.com\/wp-content\/uploads\/2018\/12\/Artificial-Grass-Coating.jpg\" class=\"attachment- size-\" alt=\"fabricante\" srcset=\"https:\/\/arturf.com\/wp-content\/uploads\/2018\/12\/Artificial-Grass-Coating.jpg 750w, https:\/\/arturf.com\/wp-content\/uploads\/2018\/12\/Artificial-Grass-Coating-300x225.jpg 300w, https:\/\/arturf.com\/wp-content\/uploads\/2018\/12\/Artificial-Grass-Coating-200x150.jpg 200w, https:\/\/arturf.com\/wp-content\/uploads\/2018\/12\/Artificial-Grass-Coating-16x12.jpg 16w, https:\/\/arturf.com\/wp-content\/uploads\/2018\/12\/Artificial-Grass-Coating-350x263.jpg 350w, https:\/\/arturf.com\/wp-content\/uploads\/2018\/12\/Artificial-Grass-Coating-510x382.jpg 510w\" sizes=\"auto, (max-width: 750px) 100vw, 750px\" \/>\t\t\t\t<div class=\"overlay\" style=\"background-color:1\"><\/div>\t\t\t\t\t\t\t<\/div>\n\t\t\t\t\t<\/div>\n\n\t\t<div class=\"box-text text-center\" >\n\t\t\t<div class=\"box-text-inner\">\n\t\t\t\t\n\n<h4>Revestimiento de respaldo<\/h4>\n\n\t\t\t<\/div>\n\t\t<\/div>\n\t<\/div>\n\t\n\n\t\t<\/div>\n\t\t\t\t\t<\/div>\n\n\t\n\n<\/div>\n\t<div id=\"gap-741231566\" class=\"gap-element clearfix\" style=\"display:block; height:auto;\">\n\t\t\n<style>\n#gap-741231566 {\n  padding-top: 80px;\n}\n<\/style>\n\t<\/div>\n\t\n\n\t<div id=\"gap-1649924383\" class=\"gap-element clearfix\" style=\"display:block; height:auto;\">\n\t\t\n<style>\n#gap-1649924383 {\n  padding-top: 80px;\n}\n<\/style>\n\t<\/div>\n\t\n\n<div class=\"row align-middle\"  id=\"row-1756051273\">\n\n\n\t<div id=\"col-479279491\" class=\"col medium-6 small-12 large-6 small-col-first\"  >\n\t\t\t\t<div class=\"col-inner\"  >\n\t\t\t\n\t\t\t\n\n\t<div id=\"gap-1459363978\" class=\"gap-element clearfix\" style=\"display:block; height:auto;\">\n\t\t\n<style>\n#gap-1459363978 {\n  padding-top: 30px;\n}\n<\/style>\n\t<\/div>\n\t\n\n\t<div class=\"box has-hover   has-hover box-overlay dark box-text-middle\" >\n\n\t\t<div class=\"box-image\" style=\"border-radius:100%;width:80%;\">\n\t\t\t\t\t\t<div class=\"image-zoom-long image-cover\" style=\"padding-top:100%;\">\n\t\t\t\t<img loading=\"lazy\" decoding=\"async\" width=\"1000\" height=\"749\" src=\"https:\/\/arturf.com\/wp-content\/uploads\/2018\/12\/Artificial-Grass-Warehousing.jpg\" class=\"attachment- size-\" alt=\"fabricante\" srcset=\"https:\/\/arturf.com\/wp-content\/uploads\/2018\/12\/Artificial-Grass-Warehousing.jpg 1000w, https:\/\/arturf.com\/wp-content\/uploads\/2018\/12\/Artificial-Grass-Warehousing-300x225.jpg 300w, https:\/\/arturf.com\/wp-content\/uploads\/2018\/12\/Artificial-Grass-Warehousing-200x150.jpg 200w, https:\/\/arturf.com\/wp-content\/uploads\/2018\/12\/Artificial-Grass-Warehousing-768x575.jpg 768w, https:\/\/arturf.com\/wp-content\/uploads\/2018\/12\/Artificial-Grass-Warehousing-16x12.jpg 16w, https:\/\/arturf.com\/wp-content\/uploads\/2018\/12\/Artificial-Grass-Warehousing-350x263.jpg 350w, https:\/\/arturf.com\/wp-content\/uploads\/2018\/12\/Artificial-Grass-Warehousing-510x382.jpg 510w\" sizes=\"auto, (max-width: 1000px) 100vw, 1000px\" \/>\t\t\t\t<div class=\"overlay\" style=\"background-color:1\"><\/div>\t\t\t\t\t\t\t<\/div>\n\t\t\t\t\t<\/div>\n\n\t\t<div class=\"box-text text-center\" >\n\t\t\t<div class=\"box-text-inner\">\n\t\t\t\t\n\n<h4>Almacenamiento de productos terminados<\/h4>\n\n\t\t\t<\/div>\n\t\t<\/div>\n\t<\/div>\n\t\n\n\t\t<\/div>\n\t\t\t\t\t<\/div>\n\n\t\n\n\t<div id=\"col-1718543136\" class=\"col medium-6 small-12 large-6\"  >\n\t\t\t\t<div class=\"col-inner\"  >\n\t\t\t\n\t\t\t\n\n\t<div id=\"gap-1438913347\" class=\"gap-element clearfix\" style=\"display:block; height:auto;\">\n\t\t\n<style>\n#gap-1438913347 {\n  padding-top: 30px;\n}\n<\/style>\n\t<\/div>\n\t\n\n<h3>Almacenamiento - Protecci\u00f3n de la calidad<\/h3>\n<p>Antes del env\u00edo, los rollos de c\u00e9sped artificial se almacenan de forma segura en nuestro moderno almac\u00e9n, dise\u00f1ado exclusivamente para el almacenamiento de c\u00e9sped artificial. A cada rollo se le asigna un c\u00f3digo para su f\u00e1cil diferenciaci\u00f3n y m\u00e1ximo cuidado hasta la entrega.<\/p>\n\n\t\t<\/div>\n\t\t\t\t\t<\/div>\n\n\t\n\n<\/div>\n\t<div id=\"gap-1341751023\" class=\"gap-element clearfix\" style=\"display:block; height:auto;\">\n\t\t\n<style>\n#gap-1341751023 {\n  padding-top: 30px;\n}\n<\/style>\n\t<\/div>\n\t\n\n<div class=\"row align-center\"  id=\"row-1409252332\">\n\n\n\t<div id=\"col-1102356913\" class=\"col medium-10 small-12 large-10\"  >\n\t\t\t\t<div class=\"col-inner text-left\"  >\n\t\t\t\n\t\t\t\n\n<p>La satisfacci\u00f3n del cliente es nuestra principal prioridad en Arturf. Para garantizar esto, nos esforzamos continuamente por mejorar y refinar varios aspectos de nuestras operaciones, incluida nuestra cadena de suministro, procesos de control de calidad, mano de obra de producci\u00f3n, capacitaci\u00f3n del personal y l\u00edneas de producci\u00f3n. Si est\u00e1 buscando un fabricante confiable de c\u00e9sped artificial, Arturf es la elecci\u00f3n perfecta para usted.<\/p>\n\t<div id=\"gap-1634877760\" class=\"gap-element clearfix\" style=\"display:block; height:auto;\">\n\t\t\n<style>\n#gap-1634877760 {\n  padding-top: 30px;\n}\n<\/style>\n\t<\/div>\n\t\n\n<div class=\"nav-wrapper\"><ul class=\"nav nav-uppercase nav-horizontal nav-pills text-center nav-center\"><li class=\"active\"><a href=\"https:\/\/arturf.com\/es\/about\/artificial-grass-factory\/\">F\u00e1brica de c\u00e9sped artificial<\/a><\/li><li class=\"\"><a href=\"https:\/\/arturf.com\/es\/about\/quality-assurance\/\">Seguro de calidad<\/a><\/li><li class=\"\"><a href=\"https:\/\/arturf.com\/es\/about\/technology-innovation\/\">Tecnolog\u00eda e Innovaci\u00f3n<\/a><\/li><\/ul><\/div>\n\n\n\t\t<\/div>\n\t\t\t\t\t<\/div>\n\n\t\n\n<\/div>","protected":false},"excerpt":{"rendered":"","protected":false},"author":3,"featured_media":0,"parent":5652,"menu_order":1,"comment_status":"closed","ping_status":"closed","template":"page-blank.php","meta":{"_seopress_robots_primary_cat":"","_seopress_titles_title":"Artificial Grass Factory","_seopress_titles_desc":"A leading artificial grass factory in China. We control the whole process of manufacturing from start to finish.","_seopress_robots_index":"","footnotes":""},"class_list":["post-6786","page","type-page","status-publish","hentry"],"_links":{"self":[{"href":"https:\/\/arturf.com\/es\/wp-json\/wp\/v2\/pages\/6786","targetHints":{"allow":["GET"]}}],"collection":[{"href":"https:\/\/arturf.com\/es\/wp-json\/wp\/v2\/pages"}],"about":[{"href":"https:\/\/arturf.com\/es\/wp-json\/wp\/v2\/types\/page"}],"author":[{"embeddable":true,"href":"https:\/\/arturf.com\/es\/wp-json\/wp\/v2\/users\/3"}],"replies":[{"embeddable":true,"href":"https:\/\/arturf.com\/es\/wp-json\/wp\/v2\/comments?post=6786"}],"version-history":[{"count":0,"href":"https:\/\/arturf.com\/es\/wp-json\/wp\/v2\/pages\/6786\/revisions"}],"up":[{"embeddable":true,"href":"https:\/\/arturf.com\/es\/wp-json\/wp\/v2\/pages\/5652"}],"wp:attachment":[{"href":"https:\/\/arturf.com\/es\/wp-json\/wp\/v2\/media?parent=6786"}],"curies":[{"name":"gracias","href":"https:\/\/api.w.org\/{rel}","templated":true}]}}