{"id":7057,"date":"2018-11-29T08:02:12","date_gmt":"2018-11-29T08:02:12","guid":{"rendered":"https:\/\/arturf.com\/?page_id=7057"},"modified":"2023-07-14T22:00:30","modified_gmt":"2023-07-14T14:00:30","slug":"technology-innovation","status":"publish","type":"page","link":"https:\/\/arturf.com\/es\/about\/technology-innovation\/","title":{"rendered":"Tecnolog\u00eda e innovaci\u00f3n"},"content":{"rendered":"<section class=\"section has-scroll-for-more\" id=\"section_822287343\">\n\t\t<div class=\"section-bg fill\" >\n\t\t\t\t\t\t\t\t\t<button class=\"scroll-for-more z-5 icon absolute bottom h-center\" aria-label=\"Despl\u00e1cese para m\u00e1s\"><i class=\"icon-angle-down\" aria-hidden=\"true\" style=\"font-size:42px;\"><\/i><\/button>\n\t\t\t\n\n\t\t<\/div>\n\n\t\t\n\n\t\t<div class=\"section-content relative\">\n\t\t\t\n\n<div class=\"row align-center\"  id=\"row-354530482\">\n\n\n\t<div id=\"col-2032501786\" class=\"col medium-8 small-10 large-7\"  >\n\t\t\t\t<div class=\"col-inner text-center\"  >\n\t\t\t\n\t\t\t\n\n<h2 style=\"font-size: 250%;\">Estamos dedicados a permanecer a la vanguardia de la tecnolog\u00eda y la innovaci\u00f3n.<\/h2>\n\n\t\t<\/div>\n\t\t\t\t\n<style>\n#col-2032501786 > .col-inner {\n  padding: 40px 0px 0px 0px;\n}\n<\/style>\n\t<\/div>\n\n\t\n\n<\/div>\n\n\t\t<\/div>\n\n\t\t\n<style>\n#section_822287343 {\n  padding-top: 30px;\n  padding-bottom: 30px;\n}\n<\/style>\n\t<\/section>\n\t\n\n\t<section class=\"section\" id=\"section_1909640326\">\n\t\t<div class=\"section-bg fill\" >\n\t\t\t\t\t\t\t\t\t\n\t\t\t\n\n\t\t<\/div>\n\n\t\t\n\n\t\t<div class=\"section-content relative\">\n\t\t\t\n\n<div class=\"row align-middle\"  id=\"row-1222229878\">\n\n\n\t<div id=\"col-1198251305\" class=\"col medium-4 small-12 large-4\"  >\n\t\t\t\t<div class=\"col-inner\"  >\n\t\t\t\n\t\t\t\n\n\n  <div class=\"banner has-hover\" id=\"banner-1938212435\">\n          <div class=\"banner-inner fill\">\n        <div class=\"banner-bg fill\" >\n            <img loading=\"lazy\" decoding=\"async\" width=\"500\" height=\"375\" src=\"https:\/\/arturf.com\/wp-content\/uploads\/2023\/07\/Arturf-Artificial-Turf-Fiber-500x375.jpg\" class=\"bg attachment-medium size-medium\" alt=\"Tecnolog\u00eda, Innovaci\u00f3n\" \/>                                    \n                    <\/div>\n\t\t\n        <div class=\"banner-layers container\">\n            <div class=\"fill banner-link\"><\/div>            \n\n\n        <\/div>\n      <\/div>\n\n            \n<style>\n#banner-1938212435 {\n  padding-top: 250px;\n  background-color: rgb(247, 245, 244);\n}\n@media (min-width:550px) {\n  #banner-1938212435 {\n    padding-top: 99.99%;\n  }\n}\n<\/style>\n  <\/div>\n\n\n\n\t\t<\/div>\n\t\t\t\t\t<\/div>\n\n\t\n\n\t<div id=\"col-1050595514\" class=\"col medium-4 small-12 large-4\"  >\n\t\t\t\t<div class=\"col-inner\"  >\n\t\t\t\n\t\t\t\n\n\n  <div class=\"banner has-hover has-parallax\" id=\"banner-2005437256\">\n          <div class=\"banner-inner fill\">\n        <div class=\"banner-bg fill\" data-parallax=\"-6\" data-parallax-container=\".banner\" data-parallax-background>\n            <img loading=\"lazy\" decoding=\"async\" width=\"768\" height=\"575\" src=\"https:\/\/arturf.com\/wp-content\/uploads\/2018\/04\/NON-INFILL-FOOTBALL-GRASS-NFMT30-2-768x575.jpg\" class=\"bg attachment-medium_large size-medium_large\" alt=\"Tecnolog\u00eda, Innovaci\u00f3n\" \/>                                    \n                    <\/div>\n\t\t\n        <div class=\"banner-layers container\">\n            <div class=\"fill banner-link\"><\/div>            \n\n\n        <\/div>\n      <\/div>\n\n            \n<style>\n#banner-2005437256 {\n  padding-top: 400px;\n  background-color: rgb(247, 245, 244);\n}\n@media (min-width:850px) {\n  #banner-2005437256 {\n    padding-top: 500px;\n  }\n}\n<\/style>\n  <\/div>\n\n\n\n\t\t<\/div>\n\t\t\t\t\t<\/div>\n\n\t\n\n\t<div id=\"col-1802456516\" class=\"col medium-4 small-12 large-4\"  >\n\t\t\t\t<div class=\"col-inner\"  >\n\t\t\t\n\t\t\t\n\n\n  <div class=\"banner has-hover\" id=\"banner-29339140\">\n          <div class=\"banner-inner fill\">\n        <div class=\"banner-bg fill\" >\n            <img loading=\"lazy\" decoding=\"async\" width=\"500\" height=\"334\" src=\"https:\/\/arturf.com\/wp-content\/uploads\/2023\/07\/Pet-Artificial-Turf-PetGo-2-500x334.jpg\" class=\"bg attachment-medium size-medium\" alt=\"Tecnolog\u00eda, Innovaci\u00f3n\" \/>                                    \n                    <\/div>\n\t\t\n        <div class=\"banner-layers container\">\n            <div class=\"fill banner-link\"><\/div>            \n\n\n        <\/div>\n      <\/div>\n\n            \n<style>\n#banner-29339140 {\n  padding-top: 250px;\n  background-color: rgb(247, 245, 244);\n}\n@media (min-width:550px) {\n  #banner-29339140 {\n    padding-top: 99.99%;\n  }\n}\n<\/style>\n  <\/div>\n\n\n\n\t\t<\/div>\n\t\t\t\t\t<\/div>\n\n\t\n\n<\/div>\n\n\t\t<\/div>\n\n\t\t\n<style>\n#section_1909640326 {\n  padding-top: 30px;\n  padding-bottom: 30px;\n}\n<\/style>\n\t<\/section>\n\t\n\n\t<section class=\"section\" id=\"section_285054088\">\n\t\t<div class=\"section-bg fill\" >\n\t\t\t\t\t\t\t\t\t\n\t\t\t\n\n\t\t<\/div>\n\n\t\t\n\n\t\t<div class=\"section-content relative\">\n\t\t\t\n\n<div class=\"row align-center\"  id=\"row-194257507\">\n\n\n\t<div id=\"col-1112319317\" class=\"col medium-7 small-12 large-7\"  >\n\t\t\t\t<div class=\"col-inner\"  >\n\t\t\t\n\t\t\t\n\n<p>En Arturf, nos dedicamos a invertir continuamente en tecnolog\u00eda e innovaci\u00f3n para liderar el camino en la industria del c\u00e9sped artificial. A trav\u00e9s de nuestros continuos esfuerzos de investigaci\u00f3n y desarrollo, nos esforzamos por mejorar el rendimiento, la est\u00e9tica natural y la durabilidad de nuestros productos de c\u00e9sped artificial.<\/p>\n<h3>Ejemplos de nuestros avances tecnol\u00f3gicos:<\/h3>\n<h4>1. Forma de hilo:<\/h4>\n<p>La forma del hilo es un factor crucial para determinar la calidad final del c\u00e9sped artificial. Nuestro equipo en Arturf ha desarrollado una gama de distintos <a href=\"https:\/\/arturf.com\/es\/knowledge-hub\/exploring-artificial-turf-yarn-shapes\/\">formas de hilo<\/a>, cada uno con caracter\u00edsticas \u00fanicas. Estas formas influyen significativamente en el atractivo visual, la textura y el rendimiento general de las hojas de c\u00e9sped artificial.<\/p>\n<h4>2. Color realista:<\/h4>\n<p>Inspir\u00e1ndonos en la belleza del c\u00e9sped natural, replicamos meticulosamente los colores de varias especies de c\u00e9sped para imitar sus tonos vibrantes a lo largo de las estaciones. Entendemos que los clientes de diferentes regiones tienen diversas preferencias y ofrecemos una amplia gama de colores para satisfacer las necesidades individuales.<\/p>\n<h4>3. C\u00e9sped sin relleno:<\/h4>\n<p>A trav\u00e9s de ingenier\u00eda innovadora, hemos sido pioneros <a href=\"https:\/\/arturf.com\/es\/buyers-guide\/infill-or-non-infill-artificial-grass\/\">c\u00e9sped sin relleno<\/a> soluciones que eliminan la necesidad de materiales de relleno como caucho o arena. Esta tecnolog\u00eda innovadora agiliza el proceso de instalaci\u00f3n, reduce los requisitos de mantenimiento y garantiza un rendimiento y una durabilidad excepcionales.<\/p>\n<h4>4. C\u00e9sped para mascotas:<\/h4>\n<p>Reconocemos la importancia de brindar un entorno seguro y c\u00f3modo para nuestros amigos peludos. Para abordar esto, hemos desarrollado c\u00e9sped para mascotas especializado dise\u00f1ado para soportar un uso intensivo, resistir los olores y permitir una f\u00e1cil limpieza. Nuestro <a href=\"https:\/\/arturf.com\/es\/product\/pet-artificial-grass-pawscape\/\">cesped artificial apto para mascotas<\/a> es ideal para aplicaciones residenciales y comerciales por igual.<\/p>\n<h4>5. C\u00e9sped antiest\u00e1tico:<\/h4>\n<p>Para mejorar la experiencia del usuario, hemos introducido <a href=\"https:\/\/arturf.com\/es\/product\/anti-static-artificial-grass\/\">c\u00e9sped antiest\u00e1tico<\/a>. Esta innovadora soluci\u00f3n minimiza de forma eficaz la acumulaci\u00f3n de electricidad est\u00e1tica en la superficie del c\u00e9sped, creando un entorno m\u00e1s agradable y c\u00f3modo para las personas y las mascotas.<\/p>\n<h4>6. Costura en Z:<\/h4>\n<p>Ofrecemos dos m\u00e9todos de costura: 1 forma de costura y <a href=\"https:\/\/arturf.com\/es\/knowledge-hub\/w-stitch-tufted-artificial-grass\/\">Forma de costura en Z<\/a>. Si bien ambos m\u00e9todos cumplen con est\u00e1ndares rigurosos, la forma de costura en Z garantiza una distribuci\u00f3n m\u00e1s uniforme de las fibras de c\u00e9sped y mejora la fuerza adhesiva. Esto da como resultado una calidad general y un rendimiento mejorados de nuestro c\u00e9sped artificial.<\/p>\n<p>Estos ejemplos son solo un vistazo de nuestra dedicaci\u00f3n a los avances tecnol\u00f3gicos y la innovaci\u00f3n. En Arturf, seguimos comprometidos a ampliar los l\u00edmites de la tecnolog\u00eda del c\u00e9sped artificial. Al invertir continuamente en investigaci\u00f3n y desarrollo, nos esforzamos por ofrecer productos excepcionales que superen las expectativas de los clientes.<\/p>\n\n\t\t<\/div>\n\t\t\t\t\n<style>\n#col-1112319317 > .col-inner {\n  margin: 0px 0px -60px 0px;\n}\n<\/style>\n\t<\/div>\n\n\t\n\n<\/div>\n\n\t\t<\/div>\n\n\t\t\n<style>\n#section_285054088 {\n  padding-top: 60px;\n  padding-bottom: 60px;\n}\n<\/style>\n\t<\/section>\n\t\n\n\t<section class=\"section\" id=\"section_585758574\">\n\t\t<div class=\"section-bg fill\" >\n\t\t\t\t\t\t\t\t\t\n\t\t\t\n\n\t\t<\/div>\n\n\t\t\n\n\t\t<div class=\"section-content relative\">\n\t\t\t\n\n<div class=\"nav-wrapper\"><ul class=\"nav nav-uppercase nav-horizontal nav-pills text-center nav-center\"><li class=\"\"><a href=\"https:\/\/arturf.com\/es\/about\/artificial-grass-factory\/\">F\u00e1brica de c\u00e9sped artificial<\/a><\/li><li class=\"\"><a href=\"https:\/\/arturf.com\/es\/about\/quality-assurance\/\">Seguro de calidad<\/a><\/li><li class=\"active\"><a href=\"https:\/\/arturf.com\/es\/about\/technology-innovation\/\">Tecnolog\u00eda e Innovaci\u00f3n<\/a><\/li><\/ul><\/div>\n\n\n\t\t<\/div>\n\n\t\t\n<style>\n#section_585758574 {\n  padding-top: 30px;\n  padding-bottom: 30px;\n}\n<\/style>\n\t<\/section>","protected":false},"excerpt":{"rendered":"","protected":false},"author":3,"featured_media":0,"parent":5652,"menu_order":3,"comment_status":"closed","ping_status":"closed","template":"page-blank.php","meta":{"_seopress_robots_primary_cat":"","_seopress_titles_title":"Technology and Innovation-Leading Artificial Grass Manufacturer","_seopress_titles_desc":"Experience our industry-leading dedication to technology and innovation. Enhancing performance, aesthetics, and durability in artificial grass.","_seopress_robots_index":"","footnotes":""},"class_list":["post-7057","page","type-page","status-publish","hentry"],"_links":{"self":[{"href":"https:\/\/arturf.com\/es\/wp-json\/wp\/v2\/pages\/7057","targetHints":{"allow":["GET"]}}],"collection":[{"href":"https:\/\/arturf.com\/es\/wp-json\/wp\/v2\/pages"}],"about":[{"href":"https:\/\/arturf.com\/es\/wp-json\/wp\/v2\/types\/page"}],"author":[{"embeddable":true,"href":"https:\/\/arturf.com\/es\/wp-json\/wp\/v2\/users\/3"}],"replies":[{"embeddable":true,"href":"https:\/\/arturf.com\/es\/wp-json\/wp\/v2\/comments?post=7057"}],"version-history":[{"count":0,"href":"https:\/\/arturf.com\/es\/wp-json\/wp\/v2\/pages\/7057\/revisions"}],"up":[{"embeddable":true,"href":"https:\/\/arturf.com\/es\/wp-json\/wp\/v2\/pages\/5652"}],"wp:attachment":[{"href":"https:\/\/arturf.com\/es\/wp-json\/wp\/v2\/media?parent=7057"}],"curies":[{"name":"gracias","href":"https:\/\/api.w.org\/{rel}","templated":true}]}}