{"id":10362,"date":"2019-12-10T02:40:11","date_gmt":"2019-12-10T02:40:11","guid":{"rendered":"https:\/\/arturf.com\/?post_type=product&#038;p=10362"},"modified":"2023-07-19T18:00:19","modified_gmt":"2023-07-19T10:00:19","slug":"golf-hitting-mat","status":"publish","type":"product","link":"https:\/\/arturf.com\/es\/product\/golf-hitting-mat\/","title":{"rendered":"Estera de golpeo de golf: estabilidad y durabilidad superiores"},"content":{"rendered":"<p>Descubra la mejor experiencia de entrenamiento de golf con nuestra alfombrilla de golpeo de golf de primera l\u00ednea. Tanto si es un golfista experimentado como si acaba de empezar, esta alfombrilla est\u00e1 dise\u00f1ada para ayudarle a lograr sus mejores swings y perfeccionar sus tiros.<\/p>\n<h3>Estabilidad y durabilidad incomparables:<\/h3>\n<p>Nuestra alfombrilla de golf est\u00e1 cuidadosamente dise\u00f1ada con una base de goma EVA gruesa y robusta, lo que proporciona una estabilidad inigualable en cualquier superficie plana. Con esta construcci\u00f3n resistente, puede practicar con confianza sus unidades de largo alcance sin temor a resbalar o perder el equilibrio.<\/p>\n<h3>Perfecto para todos los golfistas:<\/h3>\n<p>Ya sea que sea un golfista profesional o un novato que reci\u00e9n comienza a aprender el juego, nuestra alfombra de golf se adapta a todos los niveles de habilidad. Los principiantes pueden ganar confianza y mejorar sus golpes, mientras que los jugadores experimentados pueden afinar sus t\u00e9cnicas y mantener la consistencia.<\/p>\n<h3>La herramienta de entrenamiento definitiva:<\/h3>\n<p>Lleve su entrenamiento de golf al siguiente nivel con esta alfombrilla de golpeo de primera calidad. Practicar regularmente con nuestra colchoneta no solo mejorar\u00e1 la mec\u00e1nica de tu swing, sino que tambi\u00e9n minimizar\u00e1 el impacto en tus articulaciones, gracias a sus propiedades amortiguadoras.<\/p>\n<p>Mejore su experiencia de golf con nuestra alfombrilla de golf profesional. Eleve su juego, mejore su precisi\u00f3n y observe c\u00f3mo aumenta su confianza mientras golpea los greens como un profesional. \u00a1Invierta en su viaje de golf hoy!<\/p>\n\n  \n    <div class=\"row large-columns-6 medium-columns-3 small-columns-2\" >\n  <div class=\"gallery-col col\" >\n          <div class=\"col-inner\">\n            <a class=\"image-lightbox lightbox-gallery\" href=\"https:\/\/arturf.com\/wp-content\/uploads\/2020\/08\/ARTURF-Golf-Hitting-Mat-Stock.jpg\" title=\"\">            <div class=\"box has-hover gallery-box box-overlay dark\">\n              <div class=\"box-image\" >\n                <img loading=\"lazy\" decoding=\"async\" width=\"300\" height=\"200\" src=\"https:\/\/arturf.com\/wp-content\/uploads\/2020\/08\/ARTURF-Golf-Hitting-Mat-Stock-300x200.jpg\" class=\"attachment-medium size-medium\" alt=\"\" ids=\"12516,12517,12518,12519\" columns=\"6\" srcset=\"https:\/\/arturf.com\/wp-content\/uploads\/2020\/08\/ARTURF-Golf-Hitting-Mat-Stock-300x200.jpg 300w, https:\/\/arturf.com\/wp-content\/uploads\/2020\/08\/ARTURF-Golf-Hitting-Mat-Stock-768x511.jpg 768w, https:\/\/arturf.com\/wp-content\/uploads\/2020\/08\/ARTURF-Golf-Hitting-Mat-Stock-18x12.jpg 18w, https:\/\/arturf.com\/wp-content\/uploads\/2020\/08\/ARTURF-Golf-Hitting-Mat-Stock-510x339.jpg 510w, https:\/\/arturf.com\/wp-content\/uploads\/2020\/08\/ARTURF-Golf-Hitting-Mat-Stock.jpg 800w\" sizes=\"auto, (max-width: 300px) 100vw, 300px\" \/>                                  <div class=\"overlay fill\"\n                      style=\"background-color: rgba(0,0,0,.15)\">\n                  <\/div>\n                                                              <\/div>\n              <div class=\"box-text text-left\" >\n                 <p><\/p>\n              <\/div>\n            <\/div>\n            <\/a>          <\/div>\n         <\/div><div class=\"gallery-col col\" >\n          <div class=\"col-inner\">\n            <a class=\"image-lightbox lightbox-gallery\" href=\"https:\/\/arturf.com\/wp-content\/uploads\/2020\/08\/Arturf-Golf-Hitting-Mat-Use-2.jpg\" title=\"\">            <div class=\"box has-hover gallery-box box-overlay dark\">\n              <div class=\"box-image\" >\n                <img loading=\"lazy\" decoding=\"async\" width=\"300\" height=\"200\" src=\"https:\/\/arturf.com\/wp-content\/uploads\/2020\/08\/Arturf-Golf-Hitting-Mat-Use-2-300x200.jpg\" class=\"attachment-medium size-medium\" alt=\"\" ids=\"12516,12517,12518,12519\" columns=\"6\" srcset=\"https:\/\/arturf.com\/wp-content\/uploads\/2020\/08\/Arturf-Golf-Hitting-Mat-Use-2-300x200.jpg 300w, https:\/\/arturf.com\/wp-content\/uploads\/2020\/08\/Arturf-Golf-Hitting-Mat-Use-2-768x512.jpg 768w, https:\/\/arturf.com\/wp-content\/uploads\/2020\/08\/Arturf-Golf-Hitting-Mat-Use-2-18x12.jpg 18w, https:\/\/arturf.com\/wp-content\/uploads\/2020\/08\/Arturf-Golf-Hitting-Mat-Use-2-510x340.jpg 510w, https:\/\/arturf.com\/wp-content\/uploads\/2020\/08\/Arturf-Golf-Hitting-Mat-Use-2.jpg 800w\" sizes=\"auto, (max-width: 300px) 100vw, 300px\" \/>                                  <div class=\"overlay fill\"\n                      style=\"background-color: rgba(0,0,0,.15)\">\n                  <\/div>\n                                                              <\/div>\n              <div class=\"box-text text-left\" >\n                 <p><\/p>\n              <\/div>\n            <\/div>\n            <\/a>          <\/div>\n         <\/div><div class=\"gallery-col col\" >\n          <div class=\"col-inner\">\n            <a class=\"image-lightbox lightbox-gallery\" href=\"https:\/\/arturf.com\/wp-content\/uploads\/2020\/08\/Arturf-Golf-Hitting-Mat-Use-1.jpg\" title=\"\">            <div class=\"box has-hover gallery-box box-overlay dark\">\n              <div class=\"box-image\" >\n                <img loading=\"lazy\" decoding=\"async\" width=\"300\" height=\"200\" src=\"https:\/\/arturf.com\/wp-content\/uploads\/2020\/08\/Arturf-Golf-Hitting-Mat-Use-1-300x200.jpg\" class=\"attachment-medium size-medium\" alt=\"\" ids=\"12516,12517,12518,12519\" columns=\"6\" srcset=\"https:\/\/arturf.com\/wp-content\/uploads\/2020\/08\/Arturf-Golf-Hitting-Mat-Use-1-300x200.jpg 300w, https:\/\/arturf.com\/wp-content\/uploads\/2020\/08\/Arturf-Golf-Hitting-Mat-Use-1-768x511.jpg 768w, https:\/\/arturf.com\/wp-content\/uploads\/2020\/08\/Arturf-Golf-Hitting-Mat-Use-1-18x12.jpg 18w, https:\/\/arturf.com\/wp-content\/uploads\/2020\/08\/Arturf-Golf-Hitting-Mat-Use-1-510x339.jpg 510w, https:\/\/arturf.com\/wp-content\/uploads\/2020\/08\/Arturf-Golf-Hitting-Mat-Use-1.jpg 800w\" sizes=\"auto, (max-width: 300px) 100vw, 300px\" \/>                                  <div class=\"overlay fill\"\n                      style=\"background-color: rgba(0,0,0,.15)\">\n                  <\/div>\n                                                              <\/div>\n              <div class=\"box-text text-left\" >\n                 <p><\/p>\n              <\/div>\n            <\/div>\n            <\/a>          <\/div>\n         <\/div><div class=\"gallery-col col\" >\n          <div class=\"col-inner\">\n            <a class=\"image-lightbox lightbox-gallery\" href=\"https:\/\/arturf.com\/wp-content\/uploads\/2020\/08\/Arturf-Golf-Hitting-Mat-Use-3.jpg\" title=\"\">            <div class=\"box has-hover gallery-box box-overlay dark\">\n              <div class=\"box-image\" >\n                <img loading=\"lazy\" decoding=\"async\" width=\"300\" height=\"200\" src=\"https:\/\/arturf.com\/wp-content\/uploads\/2020\/08\/Arturf-Golf-Hitting-Mat-Use-3-300x200.jpg\" class=\"attachment-medium size-medium\" alt=\"\" ids=\"12516,12517,12518,12519\" columns=\"6\" srcset=\"https:\/\/arturf.com\/wp-content\/uploads\/2020\/08\/Arturf-Golf-Hitting-Mat-Use-3-300x200.jpg 300w, https:\/\/arturf.com\/wp-content\/uploads\/2020\/08\/Arturf-Golf-Hitting-Mat-Use-3-768x512.jpg 768w, https:\/\/arturf.com\/wp-content\/uploads\/2020\/08\/Arturf-Golf-Hitting-Mat-Use-3-18x12.jpg 18w, https:\/\/arturf.com\/wp-content\/uploads\/2020\/08\/Arturf-Golf-Hitting-Mat-Use-3-510x340.jpg 510w, https:\/\/arturf.com\/wp-content\/uploads\/2020\/08\/Arturf-Golf-Hitting-Mat-Use-3.jpg 800w\" sizes=\"auto, (max-width: 300px) 100vw, 300px\" \/>                                  <div class=\"overlay fill\"\n                      style=\"background-color: rgba(0,0,0,.15)\">\n                  <\/div>\n                                                              <\/div>\n              <div class=\"box-text text-left\" >\n                 <p><\/p>\n              <\/div>\n            <\/div>\n            <\/a>          <\/div>\n         <\/div><\/div>","protected":false},"excerpt":{"rendered":"<p>Mejore su juego de golf con nuestra alfombrilla de golf profesional. Elaborada con una base gruesa de EVA, esta alfombrilla premium est\u00e1 dise\u00f1ada tanto para profesionales como para principiantes. Ya sea que prefiera practicar en interiores o exteriores, nuestra alfombra de golf ofrece la soluci\u00f3n perfecta para mejorar sus habilidades y su rendimiento.<\/p>","protected":false},"featured_media":10365,"template":"","meta":{"_seopress_robots_primary_cat":"","_seopress_titles_title":"","_seopress_titles_desc":"","_seopress_robots_index":""},"product_brand":[],"product_cat":[65],"product_tag":[],"class_list":{"0":"post-10362","1":"product","2":"type-product","3":"status-publish","4":"has-post-thumbnail","6":"product_cat-golf","8":"first","9":"instock","10":"shipping-taxable","11":"product-type-simple"},"_links":{"self":[{"href":"https:\/\/arturf.com\/es\/wp-json\/wp\/v2\/product\/10362","targetHints":{"allow":["GET"]}}],"collection":[{"href":"https:\/\/arturf.com\/es\/wp-json\/wp\/v2\/product"}],"about":[{"href":"https:\/\/arturf.com\/es\/wp-json\/wp\/v2\/types\/product"}],"wp:featuredmedia":[{"embeddable":true,"href":"https:\/\/arturf.com\/es\/wp-json\/wp\/v2\/media\/10365"}],"wp:attachment":[{"href":"https:\/\/arturf.com\/es\/wp-json\/wp\/v2\/media?parent=10362"}],"wp:term":[{"taxonomy":"product_brand","embeddable":true,"href":"https:\/\/arturf.com\/es\/wp-json\/wp\/v2\/product_brand?post=10362"},{"taxonomy":"product_cat","embeddable":true,"href":"https:\/\/arturf.com\/es\/wp-json\/wp\/v2\/product_cat?post=10362"},{"taxonomy":"product_tag","embeddable":true,"href":"https:\/\/arturf.com\/es\/wp-json\/wp\/v2\/product_tag?post=10362"}],"curies":[{"name":"gracias","href":"https:\/\/api.w.org\/{rel}","templated":true}]}}