{"id":11306,"date":"2020-03-14T14:33:00","date_gmt":"2020-03-14T06:33:00","guid":{"rendered":"https:\/\/arturf.com\/?post_type=product&#038;p=11306"},"modified":"2023-09-06T10:07:01","modified_gmt":"2023-09-06T02:07:01","slug":"artificial-grass-brush-machine","status":"publish","type":"product","link":"https:\/\/arturf.com\/es\/product\/artificial-grass-brush-machine\/","title":{"rendered":"M\u00e1quina de cepillo de hierba artificial"},"content":{"rendered":"<h3>Cepillo para jard\u00edn y \u00e1reas de juego<\/h3>\n<p>Nuestra m\u00e1quina de cepillos de c\u00e9sped artificial port\u00e1til y f\u00e1cil de usar es ideal para la instalaci\u00f3n y el mantenimiento de jardines y \u00e1reas de juegos, y algunos campos deportivos peque\u00f1os. El cepillo de este dispositivo accionado por motor es para cepillar c\u00e9sped artificial tanto para fines de instalaci\u00f3n como de mantenimiento. El &#039;pelo&#039; especial en el cepillo evita cualquier da\u00f1o a las fibras de c\u00e9sped artificial en el c\u00e9sped mientras sigue realizando la limpieza y la acci\u00f3n del peine adecuadas. Har\u00e1 que las costuras sean menos visibles, eliminar\u00e1 los escombros, peinar\u00e1 las fibras y cepillar\u00e1 el relleno (si aplicable). El motor de gasolina requiere poco mantenimiento y es muy econ\u00f3mico. Los manillares anchos proporcionan un buen control direccional y un buen agarre.<\/p>\n\t<div id=\"gap-437722486\" class=\"gap-element clearfix\" style=\"display:block; height:auto;\">\n\t\t\n<style>\n#gap-437722486 {\n  padding-top: 30px;\n}\n<\/style>\n\t<\/div>\n\t\n<div class=\"row align-middle\"  id=\"row-449662924\">\n\n\t<div id=\"col-1320509252\" class=\"col medium-4 small-12 large-4\"  >\n\t\t\t\t<div class=\"col-inner\"  >\n\t\t\t\n\t\t\t\n\t<div class=\"img has-hover x md-x lg-x y md-y lg-y\" id=\"image_478775166\">\n\t\t\t\t\t\t\t\t<div class=\"img-inner image-cover dark\" style=\"padding-top:75%;\">\n\t\t\t<img loading=\"lazy\" decoding=\"async\" width=\"800\" height=\"599\" src=\"https:\/\/arturf.com\/wp-content\/uploads\/2020\/03\/Artificial-Grass-Brush-Machine-1.jpg\" class=\"attachment-large size-large\" alt=\"Cepillo de la m\u00e1quina\" srcset=\"https:\/\/arturf.com\/wp-content\/uploads\/2020\/03\/Artificial-Grass-Brush-Machine-1.jpg 800w, https:\/\/arturf.com\/wp-content\/uploads\/2020\/03\/Artificial-Grass-Brush-Machine-1-300x225.jpg 300w, https:\/\/arturf.com\/wp-content\/uploads\/2020\/03\/Artificial-Grass-Brush-Machine-1-200x150.jpg 200w, https:\/\/arturf.com\/wp-content\/uploads\/2020\/03\/Artificial-Grass-Brush-Machine-1-768x575.jpg 768w, https:\/\/arturf.com\/wp-content\/uploads\/2020\/03\/Artificial-Grass-Brush-Machine-1-16x12.jpg 16w, https:\/\/arturf.com\/wp-content\/uploads\/2020\/03\/Artificial-Grass-Brush-Machine-1-350x263.jpg 350w, https:\/\/arturf.com\/wp-content\/uploads\/2020\/03\/Artificial-Grass-Brush-Machine-1-510x382.jpg 510w\" sizes=\"auto, (max-width: 800px) 100vw, 800px\" \/>\t\t\t\t\t\t\n\t\t\t\t\t<\/div>\n\t\t\t\t\t\t\t\t\n<style>\n#image_478775166 {\n  width: 100%;\n}\n<\/style>\n\t<\/div>\n\t\n\t\t<\/div>\n\t\t\t\t\t<\/div>\n\n\t\n\n\t<div id=\"col-1177365954\" class=\"col medium-8 small-12 large-8\"  >\n\t\t\t\t<div class=\"col-inner\"  >\n\t\t\t\n\t\t\t\n<p>Se utiliza para cepillar arenas de s\u00edlice en c\u00e9sped artificial. Ideal para instalaci\u00f3n y mantenimiento de c\u00e9sped artificial en jardines, mantenimiento de mini campos deportivos. <\/p>\n<ul>\n<li>Producto: Cepillo de c\u00e9sped artificial LW60<\/li>\n<li>Ancho de trabajo: 600 mm Potencia: 1.2kw<\/li>\n<li>Peso: 28kg<\/li>\n<li>Dimensi\u00f3n del esquema: (L x W x H) 1100 mm x 600 mm x 900 mm<\/li>\n<\/ul>\n\t\t<\/div>\n\t\t\t\t\t<\/div>\n\n\t\n<\/div>\n<div class=\"row align-middle\"  id=\"row-48289348\">\n\n\t<div id=\"col-2146993965\" class=\"col medium-4 small-12 large-4\"  >\n\t\t\t\t<div class=\"col-inner\"  >\n\t\t\t\n\t\t\t\n\t<div class=\"img has-hover x md-x lg-x y md-y lg-y\" id=\"image_681153020\">\n\t\t\t\t\t\t\t\t<div class=\"img-inner image-cover dark\" style=\"padding-top:75%;\">\n\t\t\t<img loading=\"lazy\" decoding=\"async\" width=\"800\" height=\"534\" src=\"https:\/\/arturf.com\/wp-content\/uploads\/2020\/03\/Artificial-Grass-Brush-Machine-LW70.jpg\" class=\"attachment-large size-large\" alt=\"Cepillo de la m\u00e1quina\" srcset=\"https:\/\/arturf.com\/wp-content\/uploads\/2020\/03\/Artificial-Grass-Brush-Machine-LW70.jpg 800w, https:\/\/arturf.com\/wp-content\/uploads\/2020\/03\/Artificial-Grass-Brush-Machine-LW70-300x200.jpg 300w, https:\/\/arturf.com\/wp-content\/uploads\/2020\/03\/Artificial-Grass-Brush-Machine-LW70-768x513.jpg 768w, https:\/\/arturf.com\/wp-content\/uploads\/2020\/03\/Artificial-Grass-Brush-Machine-LW70-18x12.jpg 18w, https:\/\/arturf.com\/wp-content\/uploads\/2020\/03\/Artificial-Grass-Brush-Machine-LW70-510x340.jpg 510w\" sizes=\"auto, (max-width: 800px) 100vw, 800px\" \/>\t\t\t\t\t\t\n\t\t\t\t\t<\/div>\n\t\t\t\t\t\t\t\t\n<style>\n#image_681153020 {\n  width: 100%;\n}\n<\/style>\n\t<\/div>\n\t\n\t\t<\/div>\n\t\t\t\t\t<\/div>\n\n\t\n\n\t<div id=\"col-1061502846\" class=\"col medium-8 small-12 large-8\"  >\n\t\t\t\t<div class=\"col-inner\"  >\n\t\t\t\n\t\t\t\n<p>Se utiliza para cepillar arenas de s\u00edlice en c\u00e9sped artificial. Ideal para la instalaci\u00f3n y mantenimiento de \u00e1reas de c\u00e9sped artificial en jardines y mini c\u00e9sped deportivo. <\/p>\n<ul>\n<li>Producto: Cepillo de c\u00e9sped artificial LW70<\/li>\n<li>Ancho de trabajo: 700 mm<\/li>\n<li>Potencia: 6.5HP (gasolina)<\/li>\n<li>Peso: 80kg<\/li>\n<li>Dimensi\u00f3n del esquema: (L x W x H) 1700 mm x 700 mm x 1020 mm<\/li>\n<\/ul>\n\t\t<\/div>\n\t\t\t\t\t<\/div>\n\n\t\n<\/div>\n<hr \/>\n<h3>M\u00e1quina de cepillos para campos deportivos<\/h3>\n<p>Una buena m\u00e1quina de cepillos es a\u00fan m\u00e1s importante para campos deportivos que para jardines y \u00e1reas de juego, porque la mayor\u00eda de campos deportivos son mucho m\u00e1s grandes y necesitan m\u00e1s relleno. Por ejemplo, para el campo de f\u00fatbol de c\u00e9sped artificial, no solo necesita rellenar arena de s\u00edlice, sino que tambi\u00e9n necesita rellenar gr\u00e1nulos de goma. Un campo de f\u00fatbol sala tiene unos 800 metros cuadrados. Los campos de f\u00fatbol 7 y 11 son incluso mucho m\u00e1s grandes. En estos casos, es muy dif\u00edcil cepillar uniformemente los materiales de relleno manualmente. Para un campo de f\u00fatbol sala o campos deportivos m\u00e1s peque\u00f1os, a\u00fan puede usar las dos m\u00e1quinas port\u00e1tiles anteriores. Si usted es un constructor de campos deportivos o un instalador de c\u00e9sped deportivo, es posible que necesite una m\u00e1quina de cepillos de c\u00e9sped artificial m\u00e1s profesional como las siguientes dos m\u00e1quinas de cepillos:<\/p>\n<div class=\"row align-middle\"  id=\"row-973058961\">\n\n\t<div id=\"col-1172080048\" class=\"col medium-4 small-12 large-4\"  >\n\t\t\t\t<div class=\"col-inner text-center\"  >\n\t\t\t\n\t\t\t\n\t<div class=\"img has-hover x md-x lg-x y md-y lg-y\" id=\"image_260918169\">\n\t\t\t\t\t\t\t\t<div class=\"img-inner dark\" >\n\t\t\t<img loading=\"lazy\" decoding=\"async\" width=\"768\" height=\"512\" src=\"https:\/\/arturf.com\/wp-content\/uploads\/2020\/03\/Artificial-turf-brushing-machine-SW-Pro-768x512.jpg\" class=\"attachment-medium_large size-medium_large\" alt=\"Cepillo de la m\u00e1quina\" srcset=\"https:\/\/arturf.com\/wp-content\/uploads\/2020\/03\/Artificial-turf-brushing-machine-SW-Pro-768x512.jpg 768w, https:\/\/arturf.com\/wp-content\/uploads\/2020\/03\/Artificial-turf-brushing-machine-SW-Pro-300x200.jpg 300w, https:\/\/arturf.com\/wp-content\/uploads\/2020\/03\/Artificial-turf-brushing-machine-SW-Pro-18x12.jpg 18w, https:\/\/arturf.com\/wp-content\/uploads\/2020\/03\/Artificial-turf-brushing-machine-SW-Pro-510x340.jpg 510w, https:\/\/arturf.com\/wp-content\/uploads\/2020\/03\/Artificial-turf-brushing-machine-SW-Pro.jpg 800w\" sizes=\"auto, (max-width: 768px) 100vw, 768px\" \/>\t\t\t\t\t\t\n\t\t\t\t\t<\/div>\n\t\t\t\t\t\t\t\t\n<style>\n#image_260918169 {\n  width: 100%;\n}\n<\/style>\n\t<\/div>\n\t\n\t\t<\/div>\n\t\t\t\t\t<\/div>\n\n\t\n\n\t<div id=\"col-1740086638\" class=\"col medium-8 small-12 large-8\"  >\n\t\t\t\t<div class=\"col-inner\"  >\n\t\t\t\n\t\t\t\n<ul>\n<li>Producto: c\u00e9sped artificial <strong>Relleno y cepillo<\/strong> M\u00e1quina SFB 145<\/li>\n<li>Capacidad de carga Pro: 1000 kg-1200 kg<\/li>\n<li>Ancho de relleno de arena: 1450 mm<\/li>\n<li>Velocidad de movimiento: 1,9-2,2 km \/ h<\/li>\n<li>Poder: 12kw<\/li>\n<li>Peso: 1800kg<\/li>\n<li>Dimensi\u00f3n del esquema: (L x W x H) 2800 mm x 2000 mm x 2100 mm<\/li>\n<\/ul>\n<div class=\"video-button-wrapper\"><a href=\"https:\/\/www.youtube.com\/watch?v=mHL9izhv9WI\" class=\"button open-video icon circle is-outline is-xlarge\" role=\"button\" aria-label=\"Abrir el v\u00eddeo en lightbox\" data-flatsome-role-button><i class=\"icon-play\" aria-hidden=\"true\" style=\"font-size:1.5em;\"><\/i><\/a><\/div>\n\t\t<\/div>\n\t\t\t\t\t<\/div>\n\n\t\n<\/div>\n\t<div id=\"gap-1373753988\" class=\"gap-element clearfix\" style=\"display:block; height:auto;\">\n\t\t\n<style>\n#gap-1373753988 {\n  padding-top: 30px;\n}\n<\/style>\n\t<\/div>\n\t\n<div class=\"row align-middle\"  id=\"row-2065699296\">\n\n\t<div id=\"col-250756332\" class=\"col medium-4 small-12 large-4\"  >\n\t\t\t\t<div class=\"col-inner\"  >\n\t\t\t\n\t\t\t\n\t<div class=\"img has-hover x md-x lg-x y md-y lg-y\" id=\"image_1522309470\">\n\t\t\t\t\t\t\t\t<div class=\"img-inner image-cover dark\" style=\"padding-top:75%;\">\n\t\t\t<img loading=\"lazy\" decoding=\"async\" width=\"800\" height=\"533\" src=\"https:\/\/arturf.com\/wp-content\/uploads\/2020\/03\/Artificial-turf-brushing-machine-SW150-.jpg\" class=\"attachment-large size-large\" alt=\"Cepillo de la m\u00e1quina\" srcset=\"https:\/\/arturf.com\/wp-content\/uploads\/2020\/03\/Artificial-turf-brushing-machine-SW150-.jpg 800w, https:\/\/arturf.com\/wp-content\/uploads\/2020\/03\/Artificial-turf-brushing-machine-SW150--300x200.jpg 300w, https:\/\/arturf.com\/wp-content\/uploads\/2020\/03\/Artificial-turf-brushing-machine-SW150--768x512.jpg 768w, https:\/\/arturf.com\/wp-content\/uploads\/2020\/03\/Artificial-turf-brushing-machine-SW150--18x12.jpg 18w, https:\/\/arturf.com\/wp-content\/uploads\/2020\/03\/Artificial-turf-brushing-machine-SW150--510x340.jpg 510w\" sizes=\"auto, (max-width: 800px) 100vw, 800px\" \/>\t\t\t\t\t\t\n\t\t\t\t\t<\/div>\n\t\t\t\t\t\t\t\t\n<style>\n#image_1522309470 {\n  width: 100%;\n}\n<\/style>\n\t<\/div>\n\t\n\t\t<\/div>\n\t\t\t\t\t<\/div>\n\n\t\n\n\t<div id=\"col-511821897\" class=\"col medium-8 small-12 large-8\"  >\n\t\t\t\t<div class=\"col-inner\"  >\n\t\t\t\n\t\t\t\n<ul>\n<li>Producto: Cepillo para c\u00e9sped artificial SW 150<\/li>\n<li>Ancho de trabajo: 1500 mm<\/li>\n<li>Potencia: 5.5HP (gasolina)<\/li>\n<li>Peso: 200kg<\/li>\n<li>Dimensi\u00f3n del esquema: (L x W x H) 1800 mm x 1100 mm x 950 mm<\/li>\n<\/ul>\n<div class=\"video-button-wrapper\"><a href=\"https:\/\/www.youtube.com\/watch?v=8nj2IHufir8\" class=\"button open-video icon circle is-outline is-xlarge\" role=\"button\" aria-label=\"Abrir el v\u00eddeo en lightbox\" data-flatsome-role-button><i class=\"icon-play\" aria-hidden=\"true\" style=\"font-size:1.5em;\"><\/i><\/a><\/div>\n\t\t<\/div>\n\t\t\t\t\t<\/div>\n\n\t\n<\/div>\n\t<div id=\"gap-41476541\" class=\"gap-element clearfix\" style=\"display:block; height:auto;\">\n\t\t\n<style>\n#gap-41476541 {\n  padding-top: 30px;\n}\n<\/style>\n\t<\/div>\n\t\n<hr \/>\n<h3>Equipamiento adicional<\/h3>\n<p>Equipos o herramientas adicionales que pueden ayudar a esparcir rellenos como arena de s\u00edlice y gr\u00e1nulos de caucho, y cepillar la superficie de c\u00e9sped artificial.<\/p>\n<div class=\"row align-middle\"  id=\"row-1177588699\">\n\n\t<div id=\"col-1843072856\" class=\"col medium-4 small-12 large-4\"  >\n\t\t\t\t<div class=\"col-inner\"  >\n\t\t\t\n\t\t\t\n\t<div class=\"img has-hover x md-x lg-x y md-y lg-y\" id=\"image_1054108787\">\n\t\t\t\t\t\t\t\t<div class=\"img-inner image-cover dark\" style=\"padding-top:75%;\">\n\t\t\t<img loading=\"lazy\" decoding=\"async\" width=\"800\" height=\"600\" src=\"https:\/\/arturf.com\/wp-content\/uploads\/2022\/07\/Triangular-Turf-Brush.jpg\" class=\"attachment-large size-large\" alt=\"Cepillo de la m\u00e1quina\" srcset=\"https:\/\/arturf.com\/wp-content\/uploads\/2022\/07\/Triangular-Turf-Brush.jpg 800w, https:\/\/arturf.com\/wp-content\/uploads\/2022\/07\/Triangular-Turf-Brush-500x375.jpg 500w, https:\/\/arturf.com\/wp-content\/uploads\/2022\/07\/Triangular-Turf-Brush-200x150.jpg 200w, https:\/\/arturf.com\/wp-content\/uploads\/2022\/07\/Triangular-Turf-Brush-768x576.jpg 768w, https:\/\/arturf.com\/wp-content\/uploads\/2022\/07\/Triangular-Turf-Brush-16x12.jpg 16w, https:\/\/arturf.com\/wp-content\/uploads\/2022\/07\/Triangular-Turf-Brush-350x263.jpg 350w, https:\/\/arturf.com\/wp-content\/uploads\/2022\/07\/Triangular-Turf-Brush-510x383.jpg 510w\" sizes=\"auto, (max-width: 800px) 100vw, 800px\" \/>\t\t\t\t\t\t\n\t\t\t\t\t<\/div>\n\t\t\t\t\t\t\t\t\n<style>\n#image_1054108787 {\n  width: 100%;\n}\n<\/style>\n\t<\/div>\n\t\n\t\t<\/div>\n\t\t\t\t\t<\/div>\n\n\t\n\n\t<div id=\"col-2053033778\" class=\"col medium-8 small-12 large-8\"  >\n\t\t\t\t<div class=\"col-inner\"  >\n\t\t\t\n\t\t\t\n<h3>Cepillo triangular para c\u00e9sped<\/h3>\n<p>La escoba de c\u00e9sped tiene forma triangular. La disposici\u00f3n triangular altamente eficaz de los cepillos enderezar\u00e1 y cepillar\u00e1 cada hoja de c\u00e9sped o levantar\u00e1 las fibras sint\u00e9ticas y redistribuir\u00e1 el relleno para una mejor consistencia de la cancha.<\/p>\n\n  \n    <div class=\"row large-columns-6 medium-columns-3 small-columns-2\" >\n  <div class=\"gallery-col col\" >\n          <div class=\"col-inner\">\n            <a class=\"image-lightbox lightbox-gallery\" href=\"https:\/\/arturf.com\/wp-content\/uploads\/2020\/12\/Triangular-Turf-Brush-002.jpg\" title=\"\">            <div class=\"box has-hover gallery-box box-overlay dark\">\n              <div class=\"box-image\" >\n                <img loading=\"lazy\" decoding=\"async\" width=\"300\" height=\"200\" src=\"https:\/\/arturf.com\/wp-content\/uploads\/2020\/12\/Triangular-Turf-Brush-002-300x200.jpg\" class=\"attachment-medium size-medium\" alt=\"Cepillo de la m\u00e1quina\" ids=\"13572,13571,13574\" columns=\"6\" srcset=\"https:\/\/arturf.com\/wp-content\/uploads\/2020\/12\/Triangular-Turf-Brush-002-300x200.jpg 300w, https:\/\/arturf.com\/wp-content\/uploads\/2020\/12\/Triangular-Turf-Brush-002-18x12.jpg 18w, https:\/\/arturf.com\/wp-content\/uploads\/2020\/12\/Triangular-Turf-Brush-002-510x339.jpg 510w, https:\/\/arturf.com\/wp-content\/uploads\/2020\/12\/Triangular-Turf-Brush-002.jpg 600w\" sizes=\"auto, (max-width: 300px) 100vw, 300px\" \/>                                  <div class=\"overlay fill\"\n                      style=\"background-color: rgba(0,0,0,.15)\">\n                  <\/div>\n                                                              <\/div>\n              <div class=\"box-text text-left\" >\n                 <p><\/p>\n              <\/div>\n            <\/div>\n            <\/a>          <\/div>\n         <\/div><div class=\"gallery-col col\" >\n          <div class=\"col-inner\">\n            <a class=\"image-lightbox lightbox-gallery\" href=\"https:\/\/arturf.com\/wp-content\/uploads\/2020\/12\/Triangular-Turf-Brush-001.jpg\" title=\"\">            <div class=\"box has-hover gallery-box box-overlay dark\">\n              <div class=\"box-image\" >\n                <img loading=\"lazy\" decoding=\"async\" width=\"300\" height=\"200\" src=\"https:\/\/arturf.com\/wp-content\/uploads\/2020\/12\/Triangular-Turf-Brush-001-300x200.jpg\" class=\"attachment-medium size-medium\" alt=\"Cepillo de la m\u00e1quina\" ids=\"13572,13571,13574\" columns=\"6\" srcset=\"https:\/\/arturf.com\/wp-content\/uploads\/2020\/12\/Triangular-Turf-Brush-001-300x200.jpg 300w, https:\/\/arturf.com\/wp-content\/uploads\/2020\/12\/Triangular-Turf-Brush-001-18x12.jpg 18w, https:\/\/arturf.com\/wp-content\/uploads\/2020\/12\/Triangular-Turf-Brush-001-510x339.jpg 510w, https:\/\/arturf.com\/wp-content\/uploads\/2020\/12\/Triangular-Turf-Brush-001.jpg 600w\" sizes=\"auto, (max-width: 300px) 100vw, 300px\" \/>                                  <div class=\"overlay fill\"\n                      style=\"background-color: rgba(0,0,0,.15)\">\n                  <\/div>\n                                                              <\/div>\n              <div class=\"box-text text-left\" >\n                 <p><\/p>\n              <\/div>\n            <\/div>\n            <\/a>          <\/div>\n         <\/div><div class=\"gallery-col col\" >\n          <div class=\"col-inner\">\n            <a class=\"image-lightbox lightbox-gallery\" href=\"https:\/\/arturf.com\/wp-content\/uploads\/2020\/12\/Triangular-Turf-Brush-003-1.jpg\" title=\"\">            <div class=\"box has-hover gallery-box box-overlay dark\">\n              <div class=\"box-image\" >\n                <img loading=\"lazy\" decoding=\"async\" width=\"300\" height=\"200\" src=\"https:\/\/arturf.com\/wp-content\/uploads\/2020\/12\/Triangular-Turf-Brush-003-1-300x200.jpg\" class=\"attachment-medium size-medium\" alt=\"Cepillo de la m\u00e1quina\" ids=\"13572,13571,13574\" columns=\"6\" srcset=\"https:\/\/arturf.com\/wp-content\/uploads\/2020\/12\/Triangular-Turf-Brush-003-1-300x200.jpg 300w, https:\/\/arturf.com\/wp-content\/uploads\/2020\/12\/Triangular-Turf-Brush-003-1-18x12.jpg 18w, https:\/\/arturf.com\/wp-content\/uploads\/2020\/12\/Triangular-Turf-Brush-003-1-510x339.jpg 510w, https:\/\/arturf.com\/wp-content\/uploads\/2020\/12\/Triangular-Turf-Brush-003-1.jpg 600w\" sizes=\"auto, (max-width: 300px) 100vw, 300px\" \/>                                  <div class=\"overlay fill\"\n                      style=\"background-color: rgba(0,0,0,.15)\">\n                  <\/div>\n                                                              <\/div>\n              <div class=\"box-text text-left\" >\n                 <p><\/p>\n              <\/div>\n            <\/div>\n            <\/a>          <\/div>\n         <\/div><\/div>\n\t\t<\/div>\n\t\t\t\t\t<\/div>\n\n\t\n<\/div>\n\t<div id=\"gap-2116219988\" class=\"gap-element clearfix\" style=\"display:block; height:auto;\">\n\t\t\n<style>\n#gap-2116219988 {\n  padding-top: 30px;\n}\n<\/style>\n\t<\/div>\n\t\n<div class=\"row align-middle\"  id=\"row-1363664215\">\n\n\t<div id=\"col-696657652\" class=\"col medium-4 small-12 large-4\"  >\n\t\t\t\t<div class=\"col-inner\"  >\n\t\t\t\n\t\t\t\n\t<div class=\"img has-hover x md-x lg-x y md-y lg-y\" id=\"image_1922205537\">\n\t\t\t\t\t\t\t\t<div class=\"img-inner image-cover dark\" style=\"padding-top:75%;\">\n\t\t\t<img loading=\"lazy\" decoding=\"async\" width=\"800\" height=\"600\" src=\"https:\/\/arturf.com\/wp-content\/uploads\/2021\/08\/Infill-Drop-Spreader-1.jpg\" class=\"attachment-large size-large\" alt=\"Cepillo de la m\u00e1quina\" srcset=\"https:\/\/arturf.com\/wp-content\/uploads\/2021\/08\/Infill-Drop-Spreader-1.jpg 800w, https:\/\/arturf.com\/wp-content\/uploads\/2021\/08\/Infill-Drop-Spreader-1-300x225.jpg 300w, https:\/\/arturf.com\/wp-content\/uploads\/2021\/08\/Infill-Drop-Spreader-1-200x150.jpg 200w, https:\/\/arturf.com\/wp-content\/uploads\/2021\/08\/Infill-Drop-Spreader-1-768x576.jpg 768w, https:\/\/arturf.com\/wp-content\/uploads\/2021\/08\/Infill-Drop-Spreader-1-16x12.jpg 16w, https:\/\/arturf.com\/wp-content\/uploads\/2021\/08\/Infill-Drop-Spreader-1-350x263.jpg 350w, https:\/\/arturf.com\/wp-content\/uploads\/2021\/08\/Infill-Drop-Spreader-1-510x383.jpg 510w\" sizes=\"auto, (max-width: 800px) 100vw, 800px\" \/>\t\t\t\t\t\t\n\t\t\t\t\t<\/div>\n\t\t\t\t\t\t\t\t\n<style>\n#image_1922205537 {\n  width: 100%;\n}\n<\/style>\n\t<\/div>\n\t\n\t\t<\/div>\n\t\t\t\t\t<\/div>\n\n\t\n\n\t<div id=\"col-715464052\" class=\"col medium-8 small-12 large-8\"  >\n\t\t\t\t<div class=\"col-inner\"  >\n\t\t\t\n\t\t\t\n<h3>Esparcidor de gota de relleno<\/h3>\n<p>Una forma conveniente y eficiente de distribuir arena en \u00e1reas m\u00e1s peque\u00f1as de c\u00e9sped sint\u00e9tico. El esparcidor de gotas de relleno divide la arena en partes iguales sobre el campo de c\u00e9sped artificial. La cantidad de arena se puede ajustar con la palanca debajo del manillar.<\/p>\n<p>Puede aumentar la productividad de cualquier equipo de instalaci\u00f3n profesional, ya que reducir\u00e1 dr\u00e1sticamente la cantidad de tiempo necesario para aplicar el ap\u00f3sito de arena.<\/p>\n\n  \n    <div class=\"row large-columns-6 medium-columns-3 small-columns-2\" >\n  <div class=\"gallery-col col\" >\n          <div class=\"col-inner\">\n            <a class=\"image-lightbox lightbox-gallery\" href=\"https:\/\/arturf.com\/wp-content\/uploads\/2021\/08\/Infill-Drop-Spreader-3.jpg\" title=\"\">            <div class=\"box has-hover gallery-box box-overlay dark\">\n              <div class=\"box-image\" >\n                <img loading=\"lazy\" decoding=\"async\" width=\"300\" height=\"225\" src=\"https:\/\/arturf.com\/wp-content\/uploads\/2021\/08\/Infill-Drop-Spreader-3-300x225.jpg\" class=\"attachment-medium size-medium\" alt=\"Cepillo de la m\u00e1quina\" ids=\"15507,15509,15506\" columns=\"6\" srcset=\"https:\/\/arturf.com\/wp-content\/uploads\/2021\/08\/Infill-Drop-Spreader-3-300x225.jpg 300w, https:\/\/arturf.com\/wp-content\/uploads\/2021\/08\/Infill-Drop-Spreader-3-200x150.jpg 200w, https:\/\/arturf.com\/wp-content\/uploads\/2021\/08\/Infill-Drop-Spreader-3-768x575.jpg 768w, https:\/\/arturf.com\/wp-content\/uploads\/2021\/08\/Infill-Drop-Spreader-3-16x12.jpg 16w, https:\/\/arturf.com\/wp-content\/uploads\/2021\/08\/Infill-Drop-Spreader-3-350x263.jpg 350w, https:\/\/arturf.com\/wp-content\/uploads\/2021\/08\/Infill-Drop-Spreader-3-510x382.jpg 510w, https:\/\/arturf.com\/wp-content\/uploads\/2021\/08\/Infill-Drop-Spreader-3.jpg 800w\" sizes=\"auto, (max-width: 300px) 100vw, 300px\" \/>                                  <div class=\"overlay fill\"\n                      style=\"background-color: rgba(0,0,0,.15)\">\n                  <\/div>\n                                                              <\/div>\n              <div class=\"box-text text-left\" >\n                 <p><\/p>\n              <\/div>\n            <\/div>\n            <\/a>          <\/div>\n         <\/div><div class=\"gallery-col col\" >\n          <div class=\"col-inner\">\n            <a class=\"image-lightbox lightbox-gallery\" href=\"https:\/\/arturf.com\/wp-content\/uploads\/2021\/08\/Infill-Drop-Spreader-2-1.jpg\" title=\"\">            <div class=\"box has-hover gallery-box box-overlay dark\">\n              <div class=\"box-image\" >\n                <img loading=\"lazy\" decoding=\"async\" width=\"300\" height=\"225\" src=\"https:\/\/arturf.com\/wp-content\/uploads\/2021\/08\/Infill-Drop-Spreader-2-1-300x225.jpg\" class=\"attachment-medium size-medium\" alt=\"Cepillo de la m\u00e1quina\" ids=\"15507,15509,15506\" columns=\"6\" srcset=\"https:\/\/arturf.com\/wp-content\/uploads\/2021\/08\/Infill-Drop-Spreader-2-1-300x225.jpg 300w, https:\/\/arturf.com\/wp-content\/uploads\/2021\/08\/Infill-Drop-Spreader-2-1-200x150.jpg 200w, https:\/\/arturf.com\/wp-content\/uploads\/2021\/08\/Infill-Drop-Spreader-2-1-768x576.jpg 768w, https:\/\/arturf.com\/wp-content\/uploads\/2021\/08\/Infill-Drop-Spreader-2-1-16x12.jpg 16w, https:\/\/arturf.com\/wp-content\/uploads\/2021\/08\/Infill-Drop-Spreader-2-1-350x263.jpg 350w, https:\/\/arturf.com\/wp-content\/uploads\/2021\/08\/Infill-Drop-Spreader-2-1-510x383.jpg 510w, https:\/\/arturf.com\/wp-content\/uploads\/2021\/08\/Infill-Drop-Spreader-2-1.jpg 800w\" sizes=\"auto, (max-width: 300px) 100vw, 300px\" \/>                                  <div class=\"overlay fill\"\n                      style=\"background-color: rgba(0,0,0,.15)\">\n                  <\/div>\n                                                              <\/div>\n              <div class=\"box-text text-left\" >\n                 <p><\/p>\n              <\/div>\n            <\/div>\n            <\/a>          <\/div>\n         <\/div><div class=\"gallery-col col\" >\n          <div class=\"col-inner\">\n            <a class=\"image-lightbox lightbox-gallery\" href=\"https:\/\/arturf.com\/wp-content\/uploads\/2021\/08\/Infill-Drop-Spreader-4.jpg\" title=\"\">            <div class=\"box has-hover gallery-box box-overlay dark\">\n              <div class=\"box-image\" >\n                <img loading=\"lazy\" decoding=\"async\" width=\"300\" height=\"225\" src=\"https:\/\/arturf.com\/wp-content\/uploads\/2021\/08\/Infill-Drop-Spreader-4-300x225.jpg\" class=\"attachment-medium size-medium\" alt=\"Cepillo de la m\u00e1quina\" ids=\"15507,15509,15506\" columns=\"6\" srcset=\"https:\/\/arturf.com\/wp-content\/uploads\/2021\/08\/Infill-Drop-Spreader-4-300x225.jpg 300w, https:\/\/arturf.com\/wp-content\/uploads\/2021\/08\/Infill-Drop-Spreader-4-200x150.jpg 200w, https:\/\/arturf.com\/wp-content\/uploads\/2021\/08\/Infill-Drop-Spreader-4-768x576.jpg 768w, https:\/\/arturf.com\/wp-content\/uploads\/2021\/08\/Infill-Drop-Spreader-4-16x12.jpg 16w, https:\/\/arturf.com\/wp-content\/uploads\/2021\/08\/Infill-Drop-Spreader-4-350x263.jpg 350w, https:\/\/arturf.com\/wp-content\/uploads\/2021\/08\/Infill-Drop-Spreader-4-510x383.jpg 510w, https:\/\/arturf.com\/wp-content\/uploads\/2021\/08\/Infill-Drop-Spreader-4.jpg 800w\" sizes=\"auto, (max-width: 300px) 100vw, 300px\" \/>                                  <div class=\"overlay fill\"\n                      style=\"background-color: rgba(0,0,0,.15)\">\n                  <\/div>\n                                                              <\/div>\n              <div class=\"box-text text-left\" >\n                 <p><\/p>\n              <\/div>\n            <\/div>\n            <\/a>          <\/div>\n         <\/div><\/div>\n\t\t<\/div>\n\t\t\t\t\t<\/div>\n\n\t\n<\/div>","protected":false},"excerpt":{"rendered":"<p>La m\u00e1quina de cepillos de c\u00e9sped artificial es una de las herramientas \/ m\u00e1quinas m\u00e1s importantes para la instalaci\u00f3n y el mantenimiento de c\u00e9sped artificial. Ofrecemos diferentes opciones tanto para <strong>\u00e1reas de paisaje<\/strong> y <strong>campos deportivos<\/strong>.<\/p>","protected":false},"featured_media":11307,"template":"","meta":{"_seopress_robots_primary_cat":"","_seopress_titles_title":"","_seopress_titles_desc":"","_seopress_robots_index":""},"product_brand":[],"product_cat":[66],"product_tag":[],"class_list":{"0":"post-11306","1":"product","2":"type-product","3":"status-publish","4":"has-post-thumbnail","6":"product_cat-accessories","8":"first","9":"instock","10":"shipping-taxable","11":"product-type-simple"},"_links":{"self":[{"href":"https:\/\/arturf.com\/es\/wp-json\/wp\/v2\/product\/11306","targetHints":{"allow":["GET"]}}],"collection":[{"href":"https:\/\/arturf.com\/es\/wp-json\/wp\/v2\/product"}],"about":[{"href":"https:\/\/arturf.com\/es\/wp-json\/wp\/v2\/types\/product"}],"wp:featuredmedia":[{"embeddable":true,"href":"https:\/\/arturf.com\/es\/wp-json\/wp\/v2\/media\/11307"}],"wp:attachment":[{"href":"https:\/\/arturf.com\/es\/wp-json\/wp\/v2\/media?parent=11306"}],"wp:term":[{"taxonomy":"product_brand","embeddable":true,"href":"https:\/\/arturf.com\/es\/wp-json\/wp\/v2\/product_brand?post=11306"},{"taxonomy":"product_cat","embeddable":true,"href":"https:\/\/arturf.com\/es\/wp-json\/wp\/v2\/product_cat?post=11306"},{"taxonomy":"product_tag","embeddable":true,"href":"https:\/\/arturf.com\/es\/wp-json\/wp\/v2\/product_tag?post=11306"}],"curies":[{"name":"gracias","href":"https:\/\/api.w.org\/{rel}","templated":true}]}}