{"id":11452,"date":"2020-04-29T16:37:37","date_gmt":"2020-04-29T08:37:37","guid":{"rendered":"https:\/\/arturf.com\/?post_type=product&#038;p=11452"},"modified":"2023-07-14T18:00:42","modified_gmt":"2023-07-14T10:00:42","slug":"artificial-grass-winter","status":"publish","type":"product","link":"https:\/\/arturf.com\/es\/product\/artificial-grass-winter\/","title":{"rendered":"\u2661Winter"},"content":{"rendered":"<p>Un c\u00e9sped artificial de alta calidad dise\u00f1ado para replicar la belleza de los paisajes invernales. A diferencia de las fibras verdes bicolores tradicionales, \u2661Winter presenta una combinaci\u00f3n de fibras principales de color verde campo y blanco cremoso, que recuerda al c\u00e9sped natural en invierno. Esta combinaci\u00f3n de colores \u00fanica ha ganado popularidad en Europa y Australia. Con una altura de pelo recomendada de 30 mm a 40 mm, \u2661Winter ofrece una apariencia realista y una durabilidad excepcional, lo que la convierte en la opci\u00f3n ideal para sus necesidades de jardiner\u00eda.<\/p>\n<h3>Caracter\u00edsticas clave:<\/h3>\n<ol>\n<li>Colores \u00fanicos: las fibras principales verde campo y blanco cremoso crean una apariencia distintiva.<\/li>\n<li>Fibras viscoel\u00e1sticas en forma de C y paja densa: mejora la resiliencia y la durabilidad.<\/li>\n<li>Realista y duradero: proporciona una apariencia similar a la de la hierba natural y un rendimiento duradero.<\/li>\n<\/ol>\n\n\t<section class=\"section\" id=\"section_1706255990\">\n\t\t<div class=\"section-bg fill\" >\n\t\t\t\t\t\t\t\t\t\n\t\t\t\n\n\t\t<\/div>\n\n\t\t\n\n\t\t<div class=\"section-content relative\">\n\t\t\t\n\n<div class=\"row\"  id=\"row-1918674665\">\n\n\n\t<div id=\"col-176697361\" class=\"col small-12 large-12\"  >\n\t\t\t\t<div class=\"col-inner text-center\"  >\n\t\t\t\n\t\t\t\n\n<h2>preguntas frecuentes<\/h2>\n\n\t\t<\/div>\n\t\t\t\t\t<\/div>\n\n\t\n\n<\/div>\n<div class=\"row align-center row-box-shadow-1\"  id=\"row-222343087\">\n\n\n\t<div id=\"col-2026651137\" class=\"col medium-10 small-12 large-9\"  >\n\t\t\t\t<div class=\"col-inner\" style=\"background-color:rgb(255,255,255);\" >\n\t\t\t\n\t\t\t\n\n<div class=\"accordion\">\n\n\t<div id=\"accordion-2305551765\" class=\"accordion-item\">\n\t\t<a id=\"accordion-2305551765-label\" class=\"accordion-title plain\" href=\"#accordion-item-can-you-customize-specifications-for-your-artificial-turf-products?\" aria-expanded=\"false\" aria-controls=\"accordion-2305551765-content\">\n\t\t\t<button class=\"toggle\" aria-label=\"Palanca\"><i class=\"icon-angle-down\" aria-hidden=\"true\"><\/i><\/button>\n\t\t\t<span>\u00bfPuede personalizar las especificaciones de sus productos de c\u00e9sped artificial?<\/span>\n\t\t<\/a>\n\t\t<div id=\"accordion-2305551765-content\" class=\"accordion-inner\" aria-labelledby=\"accordion-2305551765-label\">\n\t\t\t\n\n<p>S\u00ed, ofrecemos opciones de personalizaci\u00f3n para el color, la forma del hilo, la altura del pelo, la densidad y el respaldo. Tambi\u00e9n podemos producir de acuerdo con una muestra proporcionada.<\/p>\n\n\t\t<\/div>\n\t<\/div>\n\t\n\t<div id=\"accordion-456960495\" class=\"accordion-item\">\n\t\t<a id=\"accordion-456960495-label\" class=\"accordion-title plain\" href=\"#accordion-item-do-you-have-stock?\" aria-expanded=\"false\" aria-controls=\"accordion-456960495-content\">\n\t\t\t<button class=\"toggle\" aria-label=\"Palanca\"><i class=\"icon-angle-down\" aria-hidden=\"true\"><\/i><\/button>\n\t\t\t<span>\u00bfTiene existencias?<\/span>\n\t\t<\/a>\n\t\t<div id=\"accordion-456960495-content\" class=\"accordion-inner\" aria-labelledby=\"accordion-456960495-label\">\n\t\t\t\n\n<p>No, no mantenemos stock. Comenzamos la producci\u00f3n en base a pedidos espec\u00edficos.<\/p>\n\n\t\t<\/div>\n\t<\/div>\n\t\n\t<div id=\"accordion-3997061707\" class=\"accordion-item\">\n\t\t<a id=\"accordion-3997061707-label\" class=\"accordion-title plain\" href=\"#accordion-item-what-is-your-moq?\" aria-expanded=\"false\" aria-controls=\"accordion-3997061707-content\">\n\t\t\t<button class=\"toggle\" aria-label=\"Palanca\"><i class=\"icon-angle-down\" aria-hidden=\"true\"><\/i><\/button>\n\t\t\t<span>\u00bfCu\u00e1l es su MOQ?<\/span>\n\t\t<\/a>\n\t\t<div id=\"accordion-3997061707-content\" class=\"accordion-inner\" aria-labelledby=\"accordion-3997061707-label\">\n\t\t\t\n\n<p>Para la mayor\u00eda de los c\u00e9spedes artificiales, nuestra cantidad m\u00ednima de pedido (MOQ) es de 500 metros cuadrados. Para algunos productos de peso ligero, el pedido m\u00ednimo es de 800 metros cuadrados.<\/p>\n\n\t\t<\/div>\n\t<\/div>\n\t\n\t<div id=\"accordion-738136760\" class=\"accordion-item\">\n\t\t<a id=\"accordion-738136760-label\" class=\"accordion-title plain\" href=\"#accordion-item-what-are-the-width-and-length-options-for-artificial-grass?\" aria-expanded=\"false\" aria-controls=\"accordion-738136760-content\">\n\t\t\t<button class=\"toggle\" aria-label=\"Palanca\"><i class=\"icon-angle-down\" aria-hidden=\"true\"><\/i><\/button>\n\t\t\t<span>\u00bfCu\u00e1les son las opciones de ancho y largo para el c\u00e9sped artificial?<\/span>\n\t\t<\/a>\n\t\t<div id=\"accordion-738136760-content\" class=\"accordion-inner\" aria-labelledby=\"accordion-738136760-label\">\n\t\t\t\n\n<p>Nuestras opciones de ancho comunes son 2 m, 3,75 m, 3,95 m, 4 m y 5 m. La longitud se puede personalizar de acuerdo con los requisitos espec\u00edficos de su proyecto. Por defecto, mezclamos c\u00e9sped de 4 m de ancho y 2 m de ancho para optimizar el espacio del contenedor.<\/p>\n\n\t\t<\/div>\n\t<\/div>\n\t\n\t<div id=\"accordion-3900437941\" class=\"accordion-item\">\n\t\t<a id=\"accordion-3900437941-label\" class=\"accordion-title plain\" href=\"#accordion-item-what-information-do-you-need-to-provide-the-landed-cost-for-international-customers?\" aria-expanded=\"false\" aria-controls=\"accordion-3900437941-content\">\n\t\t\t<button class=\"toggle\" aria-label=\"Palanca\"><i class=\"icon-angle-down\" aria-hidden=\"true\"><\/i><\/button>\n\t\t\t<span>\u00bfQu\u00e9 informaci\u00f3n necesita para proporcionar el costo de entrega para clientes internacionales?<\/span>\n\t\t<\/a>\n\t\t<div id=\"accordion-3900437941-content\" class=\"accordion-inner\" aria-labelledby=\"accordion-3900437941-label\">\n\t\t\t\n\n<p>Para proporcionar el costo de desembarque, requerimos informaci\u00f3n sobre los detalles del producto, la cantidad y el puerto mar\u00edtimo de destino.<\/p>\n\n\t\t<\/div>\n\t<\/div>\n\t\n\n<\/div>\n\n\t\t<\/div>\n\t\t\t\t\t<\/div>\n\n\t\n\n\n<style>\n#row-222343087 > .col > .col-inner {\n  padding: 0px 0px 0px 0px;\n}\n@media (min-width:550px) {\n  #row-222343087 > .col > .col-inner {\n    padding: 30px 30px 30px 30px;\n  }\n}\n<\/style>\n<\/div>\n\n\t\t<\/div>\n\n\t\t\n<style>\n#section_1706255990 {\n  padding-top: 60px;\n  padding-bottom: 60px;\n}\n<\/style>\n\t<\/section>\n\t\n<div class=\"row align-center\"  id=\"row-1293439038\">\n\n\n\t<div id=\"col-34991645\" class=\"col medium-4 large-4\"  >\n\t\t\t\t<div class=\"col-inner\"  >\n\t\t\t\n\t<div class=\"is-border\"\n\t\tstyle=\"border-width:0px 0px 0px 0px;\">\n\t<\/div>\n\t\t\t\n\n\n\t\t<div class=\"icon-box featured-box icon-box-center text-center\"  style=\"margin:0px 0px 0px 0px;\">\n\t\t\t\t\t<div class=\"icon-box-img has-icon-bg\" style=\"width: 100px\">\n\t\t\t\t<div class=\"icon\">\n\t\t\t\t\t<div class=\"icon-inner\" style=\"border-width:2px;color:rgba(47, 159, 18, 0.88);\">\n\t\t\t\t\t\t<img loading=\"lazy\" decoding=\"async\" width=\"100\" height=\"100\" src=\"https:\/\/arturf.com\/wp-content\/uploads\/2018\/06\/Icon-Good-quality.png\" class=\"attachment-medium size-medium\" alt=\"\" srcset=\"https:\/\/arturf.com\/wp-content\/uploads\/2018\/06\/Icon-Good-quality.png 100w, https:\/\/arturf.com\/wp-content\/uploads\/2018\/06\/Icon-Good-quality-12x12.png 12w\" sizes=\"auto, (max-width: 100px) 100vw, 100px\" \/>\t\t\t\t\t<\/div>\n\t\t\t\t<\/div>\n\t\t\t<\/div>\n\t\t\t\t<div class=\"icon-box-text last-reset\">\n\t\t\t<h5 class=\"uppercase\">Calidad comprobada<\/h5>\t\t\t\t\t\t\n\n<p>C\u00e9sped artificial premium con resistencia a los rayos UV y al desgaste. Las s\u00f3lidas garant\u00edas aseguran una satisfacci\u00f3n duradera.<\/p>\n\n\t\t<\/div>\n\t<\/div>\n\t\n\t\n\n\t\t<\/div>\n\t\t\t\t\t<\/div>\n\n\t\n\n\t<div id=\"col-148348051\" class=\"col medium-4 large-4\"  >\n\t\t\t\t<div class=\"col-inner\"  >\n\t\t\t\n\t<div class=\"is-border\"\n\t\tstyle=\"border-width:0px 0px 0px 0px;\">\n\t<\/div>\n\t\t\t\n\n\n\t\t<div class=\"icon-box featured-box icon-box-center text-center\"  style=\"margin:0px 0px 0px 0px;\">\n\t\t\t\t\t<div class=\"icon-box-img has-icon-bg\" style=\"width: 100px\">\n\t\t\t\t<div class=\"icon\">\n\t\t\t\t\t<div class=\"icon-inner\" style=\"border-width:2px;color:rgba(47, 159, 18, 0.88);\">\n\t\t\t\t\t\t<img loading=\"lazy\" decoding=\"async\" width=\"100\" height=\"100\" src=\"https:\/\/arturf.com\/wp-content\/uploads\/2018\/06\/Icon-Good-price.png\" class=\"attachment-medium size-medium\" alt=\"\" srcset=\"https:\/\/arturf.com\/wp-content\/uploads\/2018\/06\/Icon-Good-price.png 100w, https:\/\/arturf.com\/wp-content\/uploads\/2018\/06\/Icon-Good-price-12x12.png 12w\" sizes=\"auto, (max-width: 100px) 100vw, 100px\" \/>\t\t\t\t\t<\/div>\n\t\t\t\t<\/div>\n\t\t\t<\/div>\n\t\t\t\t<div class=\"icon-box-text last-reset\">\n\t\t\t<h5 class=\"uppercase\">Precio competitivo<\/h5>\t\t\t\t\t\t\n\n<p>Ofrecemos precios competitivos, fomentando el crecimiento mutuo y el \u00e9xito a largo plazo con nuestros estimados distribuidores.<\/p>\n\n\t\t<\/div>\n\t<\/div>\n\t\n\t\n\n\t\t<\/div>\n\t\t\t\t\t<\/div>\n\n\t\n\n\t<div id=\"col-1787835863\" class=\"col medium-4 large-4\"  >\n\t\t\t\t<div class=\"col-inner\"  >\n\t\t\t\n\t<div class=\"is-border\"\n\t\tstyle=\"border-width:0px 0px 0px 0px;\">\n\t<\/div>\n\t\t\t\n\n\n\t\t<div class=\"icon-box featured-box icon-box-center text-center\"  style=\"margin:0px 0px 0px 0px;\">\n\t\t\t\t\t<div class=\"icon-box-img has-icon-bg\" style=\"width: 100px\">\n\t\t\t\t<div class=\"icon\">\n\t\t\t\t\t<div class=\"icon-inner\" style=\"border-width:2px;color:rgba(47, 159, 18, 0.88);\">\n\t\t\t\t\t\t<img loading=\"lazy\" decoding=\"async\" width=\"100\" height=\"100\" src=\"https:\/\/arturf.com\/wp-content\/uploads\/2018\/06\/Icon-tailor-made.png\" class=\"attachment-medium size-medium\" alt=\"\" srcset=\"https:\/\/arturf.com\/wp-content\/uploads\/2018\/06\/Icon-tailor-made.png 100w, https:\/\/arturf.com\/wp-content\/uploads\/2018\/06\/Icon-tailor-made-12x12.png 12w\" sizes=\"auto, (max-width: 100px) 100vw, 100px\" \/>\t\t\t\t\t<\/div>\n\t\t\t\t<\/div>\n\t\t\t<\/div>\n\t\t\t\t<div class=\"icon-box-text last-reset\">\n\t\t\t<h5 class=\"uppercase\">Soluciones personalizadas<\/h5>\t\t\t\t\t\t\n\n<p>Libere el potencial del mercado con diversas opciones de c\u00e9sped artificial. <a href=\"https:\/\/arturf.com\/es\/buyers-guide\/customized-artificial-grass-products\/\">Adaptado a necesidades o muestras \u00fanicas<\/a>.<\/p>\n\n\t\t<\/div>\n\t<\/div>\n\t\n\t\n\n\t\t<\/div>\n\t\t\t\t\t<\/div>\n\n\t\n\n<\/div>","protected":false},"excerpt":{"rendered":"<p>C\u00e9sped artificial de alta calidad con colores \u00fanicos, fibras resistentes en forma de C y paja densa, que recrea la belleza de los paisajes invernales con durabilidad y realismo.<\/p>","protected":false},"featured_media":11455,"template":"","meta":{"_seopress_robots_primary_cat":"","_seopress_titles_title":"","_seopress_titles_desc":"","_seopress_robots_index":""},"product_brand":[],"product_cat":[64],"product_tag":[],"class_list":{"0":"post-11452","1":"product","2":"type-product","3":"status-publish","4":"has-post-thumbnail","6":"product_cat-landscape","8":"first","9":"instock","10":"shipping-taxable","11":"product-type-simple"},"_links":{"self":[{"href":"https:\/\/arturf.com\/es\/wp-json\/wp\/v2\/product\/11452","targetHints":{"allow":["GET"]}}],"collection":[{"href":"https:\/\/arturf.com\/es\/wp-json\/wp\/v2\/product"}],"about":[{"href":"https:\/\/arturf.com\/es\/wp-json\/wp\/v2\/types\/product"}],"wp:featuredmedia":[{"embeddable":true,"href":"https:\/\/arturf.com\/es\/wp-json\/wp\/v2\/media\/11455"}],"wp:attachment":[{"href":"https:\/\/arturf.com\/es\/wp-json\/wp\/v2\/media?parent=11452"}],"wp:term":[{"taxonomy":"product_brand","embeddable":true,"href":"https:\/\/arturf.com\/es\/wp-json\/wp\/v2\/product_brand?post=11452"},{"taxonomy":"product_cat","embeddable":true,"href":"https:\/\/arturf.com\/es\/wp-json\/wp\/v2\/product_cat?post=11452"},{"taxonomy":"product_tag","embeddable":true,"href":"https:\/\/arturf.com\/es\/wp-json\/wp\/v2\/product_tag?post=11452"}],"curies":[{"name":"gracias","href":"https:\/\/api.w.org\/{rel}","templated":true}]}}