{"id":11797,"date":"2020-06-18T08:58:24","date_gmt":"2020-06-18T00:58:24","guid":{"rendered":"https:\/\/arturf.com\/?post_type=product&#038;p=11797"},"modified":"2022-05-28T09:45:12","modified_gmt":"2022-05-28T01:45:12","slug":"professional-artificial-grass-installation-tools","status":"publish","type":"product","link":"https:\/\/arturf.com\/es\/product\/professional-artificial-grass-installation-tools\/","title":{"rendered":"Herramientas profesionales de instalaci\u00f3n de c\u00e9sped artificial"},"content":{"rendered":"<p>Juego de herramientas para la instalaci\u00f3n de c\u00e9sped artificial. Nueve herramientas de instalaci\u00f3n de c\u00e9sped artificial para un paquete completo. Puede comprar un paquete completo o simplemente seleccionar varias de las herramientas de uso m\u00e1s frecuente. Nuestras herramientas de instalaci\u00f3n te ayudar\u00e1n mucho a ahorrar tiempo y energ\u00eda si eres un instalador de c\u00e9sped artificial, especialmente \u00fatiles para los instaladores de c\u00e9sped artificial de f\u00fatbol.<\/p>\n\t<div class=\"box has-hover   has-hover box-vertical box-text-bottom\" >\n\n\t\t<div class=\"box-image\" style=\"width:20%;\">\n\t\t\t\t\t\t<div class=\"\" >\n\t\t\t\t<img loading=\"lazy\" decoding=\"async\" width=\"400\" height=\"400\" src=\"https:\/\/arturf.com\/wp-content\/uploads\/2020\/06\/Line-Cutter.jpg\" class=\"attachment- size-\" alt=\"\" srcset=\"https:\/\/arturf.com\/wp-content\/uploads\/2020\/06\/Line-Cutter.jpg 400w, https:\/\/arturf.com\/wp-content\/uploads\/2020\/06\/Line-Cutter-300x300.jpg 300w, https:\/\/arturf.com\/wp-content\/uploads\/2020\/06\/Line-Cutter-12x12.jpg 12w, https:\/\/arturf.com\/wp-content\/uploads\/2020\/06\/Line-Cutter-100x100.jpg 100w\" sizes=\"auto, (max-width: 400px) 100vw, 400px\" \/>\t\t\t\t\t\t\t\t\t\t\t<\/div>\n\t\t\t\t\t<\/div>\n\n\t\t<div class=\"box-text text-left\" >\n\t\t\t<div class=\"box-text-inner\">\n\t\t\t\t\n<h4>Cortador de l\u00ednea<\/h4>\n<p>Una herramienta \u00fatil para cortar la hierba verde colocada en una l\u00ednea y luego instalar una l\u00ednea de hierba blanca cortada. Es dif\u00edcil instalar el <a href=\"https:\/\/arturf.com\/es\/installation\/artificial-grass-line-marking\/\">marcas de linea blanca<\/a> sin esta herramienta, es clave e importante para la instalaci\u00f3n del c\u00e9sped.<\/p>\n\t\t\t<\/div>\n\t\t<\/div>\n\t<\/div>\n\t\n\t<div id=\"gap-842683031\" class=\"gap-element clearfix\" style=\"display:block; height:auto;\">\n\t\t\n<style>\n#gap-842683031 {\n  padding-top: 20px;\n}\n<\/style>\n\t<\/div>\n\t\n\t<div class=\"box has-hover   has-hover box-vertical box-text-bottom\" >\n\n\t\t<div class=\"box-image\" style=\"width:20%;\">\n\t\t\t\t\t\t<div class=\"\" >\n\t\t\t\t<img loading=\"lazy\" decoding=\"async\" width=\"400\" height=\"400\" src=\"https:\/\/arturf.com\/wp-content\/uploads\/2020\/06\/Circle-Cutter.jpg\" class=\"attachment- size-\" alt=\"\" srcset=\"https:\/\/arturf.com\/wp-content\/uploads\/2020\/06\/Circle-Cutter.jpg 400w, https:\/\/arturf.com\/wp-content\/uploads\/2020\/06\/Circle-Cutter-300x300.jpg 300w, https:\/\/arturf.com\/wp-content\/uploads\/2020\/06\/Circle-Cutter-12x12.jpg 12w, https:\/\/arturf.com\/wp-content\/uploads\/2020\/06\/Circle-Cutter-100x100.jpg 100w\" sizes=\"auto, (max-width: 400px) 100vw, 400px\" \/>\t\t\t\t\t\t\t\t\t\t\t<\/div>\n\t\t\t\t\t<\/div>\n\n\t\t<div class=\"box-text text-left\" >\n\t\t\t<div class=\"box-text-inner\">\n\t\t\t\t\n<h4>Cortador circular<\/h4>\n<p>Una \u00fatil herramienta para c\u00e9sped artificial llamada cortadora de c\u00e9sped circular. Est\u00e1 dise\u00f1ado para crear puntos perfectos en el c\u00edrculo de c\u00e9sped, como puntos centrales y puntos de penalizaci\u00f3n en el campo de f\u00fatbol. Y es una herramienta maravillosa e importante para el cortador de hoyos verdes de golf.<\/p>\n\t\t\t<\/div>\n\t\t<\/div>\n\t<\/div>\n\t\n\t<div id=\"gap-1398267531\" class=\"gap-element clearfix\" style=\"display:block; height:auto;\">\n\t\t\n<style>\n#gap-1398267531 {\n  padding-top: 20px;\n}\n<\/style>\n\t<\/div>\n\t\n\t<div class=\"box has-hover   has-hover box-vertical box-text-bottom\" >\n\n\t\t<div class=\"box-image\" style=\"width:20%;\">\n\t\t\t\t\t\t<div class=\"\" >\n\t\t\t\t<img loading=\"lazy\" decoding=\"async\" width=\"400\" height=\"400\" src=\"https:\/\/arturf.com\/wp-content\/uploads\/2020\/06\/Turf-Fix.jpg\" class=\"attachment- size-\" alt=\"\" srcset=\"https:\/\/arturf.com\/wp-content\/uploads\/2020\/06\/Turf-Fix.jpg 400w, https:\/\/arturf.com\/wp-content\/uploads\/2020\/06\/Turf-Fix-300x300.jpg 300w, https:\/\/arturf.com\/wp-content\/uploads\/2020\/06\/Turf-Fix-12x12.jpg 12w, https:\/\/arturf.com\/wp-content\/uploads\/2020\/06\/Turf-Fix-100x100.jpg 100w\" sizes=\"auto, (max-width: 400px) 100vw, 400px\" \/>\t\t\t\t\t\t\t\t\t\t\t<\/div>\n\t\t\t\t\t<\/div>\n\n\t\t<div class=\"box-text text-left\" >\n\t\t\t<div class=\"box-text-inner\">\n\t\t\t\t\n<h4>Arreglo de c\u00e9sped<\/h4>\n<p>Una herramienta \u00fatil y profesional de instalaci\u00f3n de c\u00e9sped artificial que ayuda a juntar dos piezas de c\u00e9sped pesado de forma f\u00e1cil y lenta para unir cada uno a la perfecci\u00f3n y lograr una costura sin costuras.<\/p>\n\t\t\t<\/div>\n\t\t<\/div>\n\t<\/div>\n\t\n\t<div id=\"gap-1828552723\" class=\"gap-element clearfix\" style=\"display:block; height:auto;\">\n\t\t\n<style>\n#gap-1828552723 {\n  padding-top: 20px;\n}\n<\/style>\n\t<\/div>\n\t\n\t<div class=\"box has-hover   has-hover box-vertical box-text-bottom\" >\n\n\t\t<div class=\"box-image\" style=\"width:20%;\">\n\t\t\t\t\t\t<div class=\"\" >\n\t\t\t\t<img loading=\"lazy\" decoding=\"async\" width=\"400\" height=\"400\" src=\"https:\/\/arturf.com\/wp-content\/uploads\/2020\/06\/Grass-Grip.jpg\" class=\"attachment- size-\" alt=\"\" srcset=\"https:\/\/arturf.com\/wp-content\/uploads\/2020\/06\/Grass-Grip.jpg 400w, https:\/\/arturf.com\/wp-content\/uploads\/2020\/06\/Grass-Grip-300x300.jpg 300w, https:\/\/arturf.com\/wp-content\/uploads\/2020\/06\/Grass-Grip-12x12.jpg 12w, https:\/\/arturf.com\/wp-content\/uploads\/2020\/06\/Grass-Grip-100x100.jpg 100w\" sizes=\"auto, (max-width: 400px) 100vw, 400px\" \/>\t\t\t\t\t\t\t\t\t\t\t<\/div>\n\t\t\t\t\t<\/div>\n\n\t\t<div class=\"box-text text-left\" >\n\t\t\t<div class=\"box-text-inner\">\n\t\t\t\t\n<h4>Agarre de hierba<\/h4>\n<p>Una herramienta \u00fatil y profesional para la instalaci\u00f3n de c\u00e9sped artificial que ayuda a agarrar el c\u00e9sped pesado y a tirarlo f\u00e1cilmente sin da\u00f1arlo. Tiene una gran boca llena de poderosos dientes que se conectan con dos asas, sostienen las asas con las dos manos y tirando de ellas. Da fuerza de poder para agarrar la hierba usando la regla de palanca.<\/p>\n\t\t\t<\/div>\n\t\t<\/div>\n\t<\/div>\n\t\n\t<div id=\"gap-1032480039\" class=\"gap-element clearfix\" style=\"display:block; height:auto;\">\n\t\t\n<style>\n#gap-1032480039 {\n  padding-top: 20px;\n}\n<\/style>\n\t<\/div>\n\t\n\t<div class=\"box has-hover   has-hover box-vertical box-text-bottom\" >\n\n\t\t<div class=\"box-image\" style=\"width:20%;\">\n\t\t\t\t\t\t<div class=\"\" >\n\t\t\t\t<img loading=\"lazy\" decoding=\"async\" width=\"400\" height=\"400\" src=\"https:\/\/arturf.com\/wp-content\/uploads\/2020\/06\/Seam-Fix.jpg\" class=\"attachment- size-\" alt=\"\" srcset=\"https:\/\/arturf.com\/wp-content\/uploads\/2020\/06\/Seam-Fix.jpg 400w, https:\/\/arturf.com\/wp-content\/uploads\/2020\/06\/Seam-Fix-300x300.jpg 300w, https:\/\/arturf.com\/wp-content\/uploads\/2020\/06\/Seam-Fix-12x12.jpg 12w, https:\/\/arturf.com\/wp-content\/uploads\/2020\/06\/Seam-Fix-100x100.jpg 100w\" sizes=\"auto, (max-width: 400px) 100vw, 400px\" \/>\t\t\t\t\t\t\t\t\t\t\t<\/div>\n\t\t\t\t\t<\/div>\n\n\t\t<div class=\"box-text text-left\" >\n\t\t\t<div class=\"box-text-inner\">\n\t\t\t\t\n<h4>Arreglo de costura<\/h4>\n<p>Para presionar y fijar los bordes de la hierba juntos, puede ayudar a arreglar una costura s\u00f3lida y hermosa. Est\u00e1 dise\u00f1ado con un asa y un aro que se puede usar de forma agachada, o con un palo o tubo con la longitud adecuada para que pueda caminar.<\/p>\n\t\t\t<\/div>\n\t\t<\/div>\n\t<\/div>\n\t\n\t<div id=\"gap-1036269449\" class=\"gap-element clearfix\" style=\"display:block; height:auto;\">\n\t\t\n<style>\n#gap-1036269449 {\n  padding-top: 20px;\n}\n<\/style>\n\t<\/div>\n\t\n\t<div class=\"box has-hover   has-hover box-vertical box-text-bottom\" >\n\n\t\t<div class=\"box-image\" style=\"width:20%;\">\n\t\t\t\t\t\t<div class=\"\" >\n\t\t\t\t<img loading=\"lazy\" decoding=\"async\" width=\"400\" height=\"400\" src=\"https:\/\/arturf.com\/wp-content\/uploads\/2020\/06\/Glue-Fix.jpg\" class=\"attachment- size-\" alt=\"\" srcset=\"https:\/\/arturf.com\/wp-content\/uploads\/2020\/06\/Glue-Fix.jpg 400w, https:\/\/arturf.com\/wp-content\/uploads\/2020\/06\/Glue-Fix-300x300.jpg 300w, https:\/\/arturf.com\/wp-content\/uploads\/2020\/06\/Glue-Fix-12x12.jpg 12w, https:\/\/arturf.com\/wp-content\/uploads\/2020\/06\/Glue-Fix-100x100.jpg 100w\" sizes=\"auto, (max-width: 400px) 100vw, 400px\" \/>\t\t\t\t\t\t\t\t\t\t\t<\/div>\n\t\t\t\t\t<\/div>\n\n\t\t<div class=\"box-text text-left\" >\n\t\t\t<div class=\"box-text-inner\">\n\t\t\t\t\n<h4>Fijaci\u00f3n de pegamento<\/h4>\n<p>Una herramienta \u00fatil tambi\u00e9n llamada aplicador de pegamento para el recubrimiento de pegamento de cinta de costura para c\u00e9sped artificial. Con \u00e9l, puedes difundir <a href=\"https:\/\/arturf.com\/es\/product\/artificial-grass-adhesive\/\">pegamento de c\u00e9sped artificial<\/a> en la cinta de costura r\u00e1pida y f\u00e1cilmente. Dos contenedores de pegamento, ancho de recubrimiento ajustable para adaptar diferentes anchos de cinta de costura<\/p>\n\t\t\t<\/div>\n\t\t<\/div>\n\t<\/div>\n\t\n\t<div id=\"gap-2049456440\" class=\"gap-element clearfix\" style=\"display:block; height:auto;\">\n\t\t\n<style>\n#gap-2049456440 {\n  padding-top: 20px;\n}\n<\/style>\n\t<\/div>\n\t\n\t<div class=\"box has-hover   has-hover box-vertical box-text-bottom\" >\n\n\t\t<div class=\"box-image\" style=\"width:20%;\">\n\t\t\t\t\t\t<div class=\"\" >\n\t\t\t\t<img loading=\"lazy\" decoding=\"async\" width=\"400\" height=\"400\" src=\"https:\/\/arturf.com\/wp-content\/uploads\/2020\/06\/Grass-Cutter.jpg\" class=\"attachment- size-\" alt=\"\" srcset=\"https:\/\/arturf.com\/wp-content\/uploads\/2020\/06\/Grass-Cutter.jpg 400w, https:\/\/arturf.com\/wp-content\/uploads\/2020\/06\/Grass-Cutter-300x300.jpg 300w, https:\/\/arturf.com\/wp-content\/uploads\/2020\/06\/Grass-Cutter-12x12.jpg 12w, https:\/\/arturf.com\/wp-content\/uploads\/2020\/06\/Grass-Cutter-100x100.jpg 100w\" sizes=\"auto, (max-width: 400px) 100vw, 400px\" \/>\t\t\t\t\t\t\t\t\t\t\t<\/div>\n\t\t\t\t\t<\/div>\n\n\t\t<div class=\"box-text text-left\" >\n\t\t\t<div class=\"box-text-inner\">\n\t\t\t\t\n<h4>Cortador de hierba<\/h4>\n<p>Una \u00fatil herramienta de c\u00e9sped para cortar r\u00e1pidamente junto a la pista existente de c\u00e9sped artificial. Mango c\u00f3modo y f\u00e1cil de sujetar con una sola mano. Herramienta cortadora de c\u00e9sped ligera y pr\u00e1ctica, f\u00e1cil de empujar hacia adelante para cortar en l\u00ednea recta.<\/p>\n\t\t\t<\/div>\n\t\t<\/div>\n\t<\/div>\n\t\n\t<div id=\"gap-145114817\" class=\"gap-element clearfix\" style=\"display:block; height:auto;\">\n\t\t\n<style>\n#gap-145114817 {\n  padding-top: 20px;\n}\n<\/style>\n\t<\/div>\n\t\n\t<div class=\"box has-hover   has-hover box-vertical box-text-bottom\" >\n\n\t\t<div class=\"box-image\" style=\"width:20%;\">\n\t\t\t\t\t\t<div class=\"\" >\n\t\t\t\t<img loading=\"lazy\" decoding=\"async\" width=\"400\" height=\"400\" src=\"https:\/\/arturf.com\/wp-content\/uploads\/2020\/06\/Edge-Trimmer.jpg\" class=\"attachment- size-\" alt=\"\" srcset=\"https:\/\/arturf.com\/wp-content\/uploads\/2020\/06\/Edge-Trimmer.jpg 400w, https:\/\/arturf.com\/wp-content\/uploads\/2020\/06\/Edge-Trimmer-300x300.jpg 300w, https:\/\/arturf.com\/wp-content\/uploads\/2020\/06\/Edge-Trimmer-12x12.jpg 12w, https:\/\/arturf.com\/wp-content\/uploads\/2020\/06\/Edge-Trimmer-100x100.jpg 100w\" sizes=\"auto, (max-width: 400px) 100vw, 400px\" \/>\t\t\t\t\t\t\t\t\t\t\t<\/div>\n\t\t\t\t\t<\/div>\n\n\t\t<div class=\"box-text text-left\" >\n\t\t\t<div class=\"box-text-inner\">\n\t\t\t\t\n<h4>Recortadora de bordes<\/h4>\n<p>La cortadora de bordes de c\u00e9sped es una herramienta muy \u00fatil y eficaz para la instalaci\u00f3n de c\u00e9sped sint\u00e9tico, nos puede ayudar a cortar el borde extra (respaldo extra de c\u00e9sped) o la parte extra de c\u00e9sped r\u00e1pidamente. Tiene un mango para que usted lo sostenga con la mano y lo use en una forma de agacharse, sin embargo, un palo de la longitud adecuada es para sujetarlo con fuerza a esta herramienta para que pueda caminar r\u00e1pida y c\u00f3modamente. Hay un aro para conectar el palo o el tubo.<\/p>\n\t\t\t<\/div>\n\t\t<\/div>\n\t<\/div>\n\t\n\t<div id=\"gap-2083818694\" class=\"gap-element clearfix\" style=\"display:block; height:auto;\">\n\t\t\n<style>\n#gap-2083818694 {\n  padding-top: 20px;\n}\n<\/style>\n\t<\/div>\n\t\n\t<div class=\"box has-hover   has-hover box-vertical box-text-bottom\" >\n\n\t\t<div class=\"box-image\" style=\"width:20%;\">\n\t\t\t\t\t\t<div class=\"\" >\n\t\t\t\t<img loading=\"lazy\" decoding=\"async\" width=\"403\" height=\"403\" src=\"https:\/\/arturf.com\/wp-content\/uploads\/2020\/06\/Floor-Test.jpg\" class=\"attachment- size-\" alt=\"\" srcset=\"https:\/\/arturf.com\/wp-content\/uploads\/2020\/06\/Floor-Test.jpg 403w, https:\/\/arturf.com\/wp-content\/uploads\/2020\/06\/Floor-Test-300x300.jpg 300w, https:\/\/arturf.com\/wp-content\/uploads\/2020\/06\/Floor-Test-12x12.jpg 12w, https:\/\/arturf.com\/wp-content\/uploads\/2020\/06\/Floor-Test-100x100.jpg 100w\" sizes=\"auto, (max-width: 403px) 100vw, 403px\" \/>\t\t\t\t\t\t\t\t\t\t\t<\/div>\n\t\t\t\t\t<\/div>\n\n\t\t<div class=\"box-text text-left\" >\n\t\t\t<div class=\"box-text-inner\">\n\t\t\t\t\n<h4>Prueba de suelo<\/h4>\n<p>Esta herramienta (regla) llamada prueba de piso o regla de profundidad se utiliza para medir la profundidad del relleno, incluidos los gr\u00e1nulos de arena y caucho y otros materiales de relleno que se rellenan dentro del c\u00e9sped sint\u00e9tico \/ c\u00e9sped artificial, es una herramienta muy \u00fatil para la instalaci\u00f3n de c\u00e9sped artificial , nos ayuda a probar la cantidad y calidad de relleno de la superficie de c\u00e9sped artificial.<\/p>\n\t\t\t<\/div>\n\t\t<\/div>\n\t<\/div>","protected":false},"excerpt":{"rendered":"<p>Herramientas \u00fatiles y profesionales para la instalaci\u00f3n de c\u00e9sped artificial, incluyendo cortador de l\u00ednea, cortador circular, arreglo de c\u00e9sped, agarre de c\u00e9sped, arreglo de costura, arreglo de pegamento, cortador de c\u00e9sped, recortador de bordes, prueba de piso. Totalmente nueve herramientas de instalaci\u00f3n de c\u00e9sped artificial para un paquete completo. Puede comprar un paquete completo o simplemente seleccionar varias de las herramientas de uso m\u00e1s frecuente.<\/p>","protected":false},"featured_media":11916,"template":"","meta":{"_seopress_robots_primary_cat":"","_seopress_titles_title":"","_seopress_titles_desc":"Useful and professional tools for artificial grass installation, including turf grip, turf fix, seam fix, line cutter, grass cutter, glue fix, edge trimmer, circle cutter, and floor test.","_seopress_robots_index":""},"product_brand":[],"product_cat":[66],"product_tag":[],"class_list":{"0":"post-11797","1":"product","2":"type-product","3":"status-publish","4":"has-post-thumbnail","6":"product_cat-accessories","8":"first","9":"instock","10":"shipping-taxable","11":"product-type-simple"},"_links":{"self":[{"href":"https:\/\/arturf.com\/es\/wp-json\/wp\/v2\/product\/11797","targetHints":{"allow":["GET"]}}],"collection":[{"href":"https:\/\/arturf.com\/es\/wp-json\/wp\/v2\/product"}],"about":[{"href":"https:\/\/arturf.com\/es\/wp-json\/wp\/v2\/types\/product"}],"wp:featuredmedia":[{"embeddable":true,"href":"https:\/\/arturf.com\/es\/wp-json\/wp\/v2\/media\/11916"}],"wp:attachment":[{"href":"https:\/\/arturf.com\/es\/wp-json\/wp\/v2\/media?parent=11797"}],"wp:term":[{"taxonomy":"product_brand","embeddable":true,"href":"https:\/\/arturf.com\/es\/wp-json\/wp\/v2\/product_brand?post=11797"},{"taxonomy":"product_cat","embeddable":true,"href":"https:\/\/arturf.com\/es\/wp-json\/wp\/v2\/product_cat?post=11797"},{"taxonomy":"product_tag","embeddable":true,"href":"https:\/\/arturf.com\/es\/wp-json\/wp\/v2\/product_tag?post=11797"}],"curies":[{"name":"gracias","href":"https:\/\/api.w.org\/{rel}","templated":true}]}}