{"id":12663,"date":"2020-08-29T08:36:12","date_gmt":"2020-08-29T00:36:12","guid":{"rendered":"https:\/\/arturf.com\/?post_type=product&#038;p=12663"},"modified":"2023-07-15T11:42:39","modified_gmt":"2023-07-15T03:42:39","slug":"decor","status":"publish","type":"product","link":"https:\/\/arturf.com\/es\/product\/decor\/","title":{"rendered":"Decor"},"content":{"rendered":"<h3>Caracter\u00edsticas clave:<\/h3>\n<ol>\n<li>\n<h4>Longitud de fibra corta:<\/h4>\n<p>Con una longitud de fibra compacta que var\u00eda de 8 mm a 15 mm, Decor ofrece una apariencia elegante y bien cuidada que se asemeja a una alfombra de alta calidad.<\/p>\n<\/li>\n<li>\n<h4>Est\u00e9tica de aspecto de alfombra:<\/h4>\n<p>Con su construcci\u00f3n cuidadosamente dise\u00f1ada, Decor replica el atractivo visual de una alfombra natural, agregando un toque de elegancia a cualquier espacio.<\/p>\n<\/li>\n<li>\n<h4>Soluci\u00f3n rentable:<\/h4>\n<p>Decor se destaca como una opci\u00f3n econ\u00f3mica, lo que garantiza que pueda mejorar su entorno sin arruinarse.<\/p>\n<\/li>\n<\/ol>\n<h3>Aplicaciones adecuadas:\u00a0<\/h3>\n<ol>\n<li>\n<h4>Exhibici\u00f3n de negocios:<\/h4>\n<p>Tanto si es un minorista, un hotelero o un expositor, el Decor es una excelente opci\u00f3n para exhibiciones comerciales, ya que agrega un toque de sofisticaci\u00f3n y refinamiento a su sala de exposici\u00f3n o \u00e1rea de exhibici\u00f3n.<\/p>\n<p><img loading=\"lazy\" decoding=\"async\" class=\"wp-image-5525 size-full alignnone\" style=\"color: #555555; font-size: 14.4px;\" src=\"https:\/\/arturf.com\/wp-content\/uploads\/2016\/06\/Artificial-Grass-for-Display-4.jpg\" alt=\"C\u00e9sped artificial para exhibici\u00f3n\" width=\"800\" height=\"533\" srcset=\"https:\/\/arturf.com\/wp-content\/uploads\/2016\/06\/Artificial-Grass-for-Display-4.jpg 800w, https:\/\/arturf.com\/wp-content\/uploads\/2016\/06\/Artificial-Grass-for-Display-4-300x200.jpg 300w, https:\/\/arturf.com\/wp-content\/uploads\/2016\/06\/Artificial-Grass-for-Display-4-768x512.jpg 768w, https:\/\/arturf.com\/wp-content\/uploads\/2016\/06\/Artificial-Grass-for-Display-4-18x12.jpg 18w, https:\/\/arturf.com\/wp-content\/uploads\/2016\/06\/Artificial-Grass-for-Display-4-510x340.jpg 510w\" sizes=\"auto, (max-width: 800px) 100vw, 800px\" \/><\/p>\n<\/li>\n<li>\n<h4>Decoraci\u00f3n:<\/h4>\n<p>Realza la belleza de tus espacios interiores o exteriores incorporando Decor. Su apariencia similar a una alfombra eleva el atractivo est\u00e9tico de jardines, balcones, patios o cualquier \u00e1rea donde desee un ambiente atractivo y visualmente atractivo.<\/p>\n<p><img alt=\"\" loading=\"lazy\" decoding=\"async\" class=\"alignnone wp-image-12665 size-full\" style=\"color: #555555; font-size: 14.4px;\" src=\"https:\/\/arturf.com\/wp-content\/uploads\/2020\/08\/Wall-Decoration-Grass-2.jpg\" width=\"800\" height=\"533\" srcset=\"https:\/\/arturf.com\/wp-content\/uploads\/2020\/08\/Wall-Decoration-Grass-2.jpg 800w, https:\/\/arturf.com\/wp-content\/uploads\/2020\/08\/Wall-Decoration-Grass-2-300x200.jpg 300w, https:\/\/arturf.com\/wp-content\/uploads\/2020\/08\/Wall-Decoration-Grass-2-768x512.jpg 768w, https:\/\/arturf.com\/wp-content\/uploads\/2020\/08\/Wall-Decoration-Grass-2-18x12.jpg 18w, https:\/\/arturf.com\/wp-content\/uploads\/2020\/08\/Wall-Decoration-Grass-2-510x340.jpg 510w\" sizes=\"auto, (max-width: 800px) 100vw, 800px\" \/><\/p>\n<\/li>\n<li>\n<h4>Eventos:<\/h4>\n<p>Perfecto para eventos privados y corporativos, Decor ofrece una soluci\u00f3n rentable para crear impresionantes espacios para eventos. Ya sea una boda, una fiesta o una reuni\u00f3n corporativa, este c\u00e9sped artificial con aspecto de alfombra puede mejorar el ambiente general y dejar una impresi\u00f3n duradera en sus invitados.<\/p>\n<p><img alt=\"\" loading=\"lazy\" decoding=\"async\" class=\"alignnone wp-image-17477 size-full\" style=\"color: #555555; font-size: 14.4px;\" src=\"https:\/\/arturf.com\/wp-content\/uploads\/2022\/08\/Green-Event-turf-Decor.jpg\" width=\"800\" height=\"533\" srcset=\"https:\/\/arturf.com\/wp-content\/uploads\/2022\/08\/Green-Event-turf-Decor.jpg 800w, https:\/\/arturf.com\/wp-content\/uploads\/2022\/08\/Green-Event-turf-Decor-300x200.jpg 300w, https:\/\/arturf.com\/wp-content\/uploads\/2022\/08\/Green-Event-turf-Decor-768x512.jpg 768w, https:\/\/arturf.com\/wp-content\/uploads\/2022\/08\/Green-Event-turf-Decor-18x12.jpg 18w, https:\/\/arturf.com\/wp-content\/uploads\/2022\/08\/Green-Event-turf-Decor-510x340.jpg 510w\" sizes=\"auto, (max-width: 800px) 100vw, 800px\" \/><\/p>\n<\/li>\n<\/ol>\n\n\t<section class=\"section\" id=\"section_513121328\">\n\t\t<div class=\"section-bg fill\" >\n\t\t\t\t\t\t\t\t\t\n\t\t\t\n\n\t\t<\/div>\n\n\t\t\n\n\t\t<div class=\"section-content relative\">\n\t\t\t\n\n<div class=\"row\"  id=\"row-1391766283\">\n\n\n\t<div id=\"col-453930544\" class=\"col small-12 large-12\"  >\n\t\t\t\t<div class=\"col-inner text-center\"  >\n\t\t\t\n\t\t\t\n\n<h2>preguntas frecuentes<\/h2>\n\n\t\t<\/div>\n\t\t\t\t\t<\/div>\n\n\t\n\n<\/div>\n<div class=\"row align-center row-box-shadow-1\"  id=\"row-43834188\">\n\n\n\t<div id=\"col-1466548747\" class=\"col medium-10 small-12 large-9\"  >\n\t\t\t\t<div class=\"col-inner\" style=\"background-color:rgb(255,255,255);\" >\n\t\t\t\n\t\t\t\n\n<div class=\"accordion\">\n\n\t<div id=\"accordion-4101087249\" class=\"accordion-item\">\n\t\t<a id=\"accordion-4101087249-label\" class=\"accordion-title plain\" href=\"#accordion-item-can-you-customize-specifications-for-your-artificial-turf-products?\" aria-expanded=\"false\" aria-controls=\"accordion-4101087249-content\">\n\t\t\t<button class=\"toggle\" aria-label=\"Palanca\"><i class=\"icon-angle-down\" aria-hidden=\"true\"><\/i><\/button>\n\t\t\t<span>\u00bfPuede personalizar las especificaciones de sus productos de c\u00e9sped artificial?<\/span>\n\t\t<\/a>\n\t\t<div id=\"accordion-4101087249-content\" class=\"accordion-inner\" aria-labelledby=\"accordion-4101087249-label\">\n\t\t\t\n\n<p>S\u00ed, ofrecemos opciones de personalizaci\u00f3n para el color, la forma del hilo, la altura del pelo, la densidad y el respaldo. Tambi\u00e9n podemos producir de acuerdo con una muestra proporcionada.<\/p>\n\n\t\t<\/div>\n\t<\/div>\n\t\n\t<div id=\"accordion-3493917352\" class=\"accordion-item\">\n\t\t<a id=\"accordion-3493917352-label\" class=\"accordion-title plain\" href=\"#accordion-item-do-you-have-stock?\" aria-expanded=\"false\" aria-controls=\"accordion-3493917352-content\">\n\t\t\t<button class=\"toggle\" aria-label=\"Palanca\"><i class=\"icon-angle-down\" aria-hidden=\"true\"><\/i><\/button>\n\t\t\t<span>\u00bfTiene existencias?<\/span>\n\t\t<\/a>\n\t\t<div id=\"accordion-3493917352-content\" class=\"accordion-inner\" aria-labelledby=\"accordion-3493917352-label\">\n\t\t\t\n\n<p>No, no mantenemos stock. Comenzamos la producci\u00f3n en base a pedidos espec\u00edficos.<\/p>\n\n\t\t<\/div>\n\t<\/div>\n\t\n\t<div id=\"accordion-1955734897\" class=\"accordion-item\">\n\t\t<a id=\"accordion-1955734897-label\" class=\"accordion-title plain\" href=\"#accordion-item-what-is-your-moq?\" aria-expanded=\"false\" aria-controls=\"accordion-1955734897-content\">\n\t\t\t<button class=\"toggle\" aria-label=\"Palanca\"><i class=\"icon-angle-down\" aria-hidden=\"true\"><\/i><\/button>\n\t\t\t<span>\u00bfCu\u00e1l es su MOQ?<\/span>\n\t\t<\/a>\n\t\t<div id=\"accordion-1955734897-content\" class=\"accordion-inner\" aria-labelledby=\"accordion-1955734897-label\">\n\t\t\t\n\n<p>Para la mayor\u00eda de los c\u00e9spedes artificiales, nuestra cantidad m\u00ednima de pedido (MOQ) es de 500 metros cuadrados. Para algunos productos de peso ligero, el pedido m\u00ednimo es de 800 metros cuadrados.<\/p>\n\n\t\t<\/div>\n\t<\/div>\n\t\n\t<div id=\"accordion-3395248348\" class=\"accordion-item\">\n\t\t<a id=\"accordion-3395248348-label\" class=\"accordion-title plain\" href=\"#accordion-item-what-are-the-width-and-length-options-for-artificial-grass?\" aria-expanded=\"false\" aria-controls=\"accordion-3395248348-content\">\n\t\t\t<button class=\"toggle\" aria-label=\"Palanca\"><i class=\"icon-angle-down\" aria-hidden=\"true\"><\/i><\/button>\n\t\t\t<span>\u00bfCu\u00e1les son las opciones de ancho y largo para el c\u00e9sped artificial?<\/span>\n\t\t<\/a>\n\t\t<div id=\"accordion-3395248348-content\" class=\"accordion-inner\" aria-labelledby=\"accordion-3395248348-label\">\n\t\t\t\n\n<p>Nuestras opciones de ancho comunes son 2 m, 3,75 m, 3,95 m, 4 m y 5 m. La longitud se puede personalizar de acuerdo con los requisitos espec\u00edficos de su proyecto. Por defecto, mezclamos c\u00e9sped de 4 m de ancho y 2 m de ancho para optimizar el espacio del contenedor.<\/p>\n\n\t\t<\/div>\n\t<\/div>\n\t\n\t<div id=\"accordion-1417151863\" class=\"accordion-item\">\n\t\t<a id=\"accordion-1417151863-label\" class=\"accordion-title plain\" href=\"#accordion-item-what-information-do-you-need-to-provide-the-landed-cost-for-international-customers?\" aria-expanded=\"false\" aria-controls=\"accordion-1417151863-content\">\n\t\t\t<button class=\"toggle\" aria-label=\"Palanca\"><i class=\"icon-angle-down\" aria-hidden=\"true\"><\/i><\/button>\n\t\t\t<span>\u00bfQu\u00e9 informaci\u00f3n necesita para proporcionar el costo de entrega para clientes internacionales?<\/span>\n\t\t<\/a>\n\t\t<div id=\"accordion-1417151863-content\" class=\"accordion-inner\" aria-labelledby=\"accordion-1417151863-label\">\n\t\t\t\n\n<p>Para proporcionar el costo de desembarque, requerimos informaci\u00f3n sobre los detalles del producto, la cantidad y el puerto mar\u00edtimo de destino.<\/p>\n\n\t\t<\/div>\n\t<\/div>\n\t\n\n<\/div>\n\n\t\t<\/div>\n\t\t\t\t\t<\/div>\n\n\t\n\n\n<style>\n#row-43834188 > .col > .col-inner {\n  padding: 0px 0px 0px 0px;\n}\n@media (min-width:550px) {\n  #row-43834188 > .col > .col-inner {\n    padding: 30px 30px 30px 30px;\n  }\n}\n<\/style>\n<\/div>\n\n\t\t<\/div>\n\n\t\t\n<style>\n#section_513121328 {\n  padding-top: 60px;\n  padding-bottom: 60px;\n}\n<\/style>\n\t<\/section>\n\t\n<div class=\"row align-center\"  id=\"row-1992433864\">\n\n\n\t<div id=\"col-701005929\" class=\"col medium-4 large-4\"  >\n\t\t\t\t<div class=\"col-inner\"  >\n\t\t\t\n\t<div class=\"is-border\"\n\t\tstyle=\"border-width:0px 0px 0px 0px;\">\n\t<\/div>\n\t\t\t\n\n\n\t\t<div class=\"icon-box featured-box icon-box-center text-center\"  style=\"margin:0px 0px 0px 0px;\">\n\t\t\t\t\t<div class=\"icon-box-img has-icon-bg\" style=\"width: 100px\">\n\t\t\t\t<div class=\"icon\">\n\t\t\t\t\t<div class=\"icon-inner\" style=\"border-width:2px;color:rgba(47, 159, 18, 0.88);\">\n\t\t\t\t\t\t<img loading=\"lazy\" decoding=\"async\" width=\"100\" height=\"100\" src=\"https:\/\/arturf.com\/wp-content\/uploads\/2018\/06\/Icon-Good-quality.png\" class=\"attachment-medium size-medium\" alt=\"\" srcset=\"https:\/\/arturf.com\/wp-content\/uploads\/2018\/06\/Icon-Good-quality.png 100w, https:\/\/arturf.com\/wp-content\/uploads\/2018\/06\/Icon-Good-quality-12x12.png 12w\" sizes=\"auto, (max-width: 100px) 100vw, 100px\" \/>\t\t\t\t\t<\/div>\n\t\t\t\t<\/div>\n\t\t\t<\/div>\n\t\t\t\t<div class=\"icon-box-text last-reset\">\n\t\t\t<h5 class=\"uppercase\">Calidad comprobada<\/h5>\t\t\t\t\t\t\n\n<p>C\u00e9sped artificial premium con resistencia a los rayos UV y al desgaste. Las s\u00f3lidas garant\u00edas aseguran una satisfacci\u00f3n duradera.<\/p>\n\n\t\t<\/div>\n\t<\/div>\n\t\n\t\n\n\t\t<\/div>\n\t\t\t\t\t<\/div>\n\n\t\n\n\t<div id=\"col-1431099010\" class=\"col medium-4 large-4\"  >\n\t\t\t\t<div class=\"col-inner\"  >\n\t\t\t\n\t<div class=\"is-border\"\n\t\tstyle=\"border-width:0px 0px 0px 0px;\">\n\t<\/div>\n\t\t\t\n\n\n\t\t<div class=\"icon-box featured-box icon-box-center text-center\"  style=\"margin:0px 0px 0px 0px;\">\n\t\t\t\t\t<div class=\"icon-box-img has-icon-bg\" style=\"width: 100px\">\n\t\t\t\t<div class=\"icon\">\n\t\t\t\t\t<div class=\"icon-inner\" style=\"border-width:2px;color:rgba(47, 159, 18, 0.88);\">\n\t\t\t\t\t\t<img loading=\"lazy\" decoding=\"async\" width=\"100\" height=\"100\" src=\"https:\/\/arturf.com\/wp-content\/uploads\/2018\/06\/Icon-Good-price.png\" class=\"attachment-medium size-medium\" alt=\"\" srcset=\"https:\/\/arturf.com\/wp-content\/uploads\/2018\/06\/Icon-Good-price.png 100w, https:\/\/arturf.com\/wp-content\/uploads\/2018\/06\/Icon-Good-price-12x12.png 12w\" sizes=\"auto, (max-width: 100px) 100vw, 100px\" \/>\t\t\t\t\t<\/div>\n\t\t\t\t<\/div>\n\t\t\t<\/div>\n\t\t\t\t<div class=\"icon-box-text last-reset\">\n\t\t\t<h5 class=\"uppercase\">Precio competitivo<\/h5>\t\t\t\t\t\t\n\n<p>Ofrecemos precios competitivos, fomentando el crecimiento mutuo y el \u00e9xito a largo plazo con nuestros estimados distribuidores.<\/p>\n\n\t\t<\/div>\n\t<\/div>\n\t\n\t\n\n\t\t<\/div>\n\t\t\t\t\t<\/div>\n\n\t\n\n\t<div id=\"col-123290370\" class=\"col medium-4 large-4\"  >\n\t\t\t\t<div class=\"col-inner\"  >\n\t\t\t\n\t<div class=\"is-border\"\n\t\tstyle=\"border-width:0px 0px 0px 0px;\">\n\t<\/div>\n\t\t\t\n\n\n\t\t<div class=\"icon-box featured-box icon-box-center text-center\"  style=\"margin:0px 0px 0px 0px;\">\n\t\t\t\t\t<div class=\"icon-box-img has-icon-bg\" style=\"width: 100px\">\n\t\t\t\t<div class=\"icon\">\n\t\t\t\t\t<div class=\"icon-inner\" style=\"border-width:2px;color:rgba(47, 159, 18, 0.88);\">\n\t\t\t\t\t\t<img loading=\"lazy\" decoding=\"async\" width=\"100\" height=\"100\" src=\"https:\/\/arturf.com\/wp-content\/uploads\/2018\/06\/Icon-tailor-made.png\" class=\"attachment-medium size-medium\" alt=\"\" srcset=\"https:\/\/arturf.com\/wp-content\/uploads\/2018\/06\/Icon-tailor-made.png 100w, https:\/\/arturf.com\/wp-content\/uploads\/2018\/06\/Icon-tailor-made-12x12.png 12w\" sizes=\"auto, (max-width: 100px) 100vw, 100px\" \/>\t\t\t\t\t<\/div>\n\t\t\t\t<\/div>\n\t\t\t<\/div>\n\t\t\t\t<div class=\"icon-box-text last-reset\">\n\t\t\t<h5 class=\"uppercase\">Soluciones personalizadas<\/h5>\t\t\t\t\t\t\n\n<p>Libere el potencial del mercado con diversas opciones de c\u00e9sped artificial. <a href=\"https:\/\/arturf.com\/es\/buyers-guide\/customized-artificial-grass-products\/\">Adaptado a necesidades o muestras \u00fanicas<\/a>.<\/p>\n\n\t\t<\/div>\n\t<\/div>\n\t\n\t\n\n\t\t<\/div>\n\t\t\t\t\t<\/div>\n\n\t\n\n<\/div>","protected":false},"excerpt":{"rendered":"<p>Decor es una notable opci\u00f3n de c\u00e9sped artificial dise\u00f1ada para emular la apariencia de una alfombra exuberante, al mismo tiempo que ofrece una asequibilidad inigualable. Con su longitud de fibra corta y su precio asequible, el Decor est\u00e1 dise\u00f1ado principalmente para fines decorativos y paisaj\u00edsticos, lo que lo convierte en una opci\u00f3n ideal para una variedad de aplicaciones.<\/p>","protected":false},"featured_media":17157,"template":"","meta":{"_seopress_robots_primary_cat":"","_seopress_titles_title":"Decor: Affordable Artificial Turf for Displays, Decoration, Events","_seopress_titles_desc":"Transform your spaces with affordable artificial turf for business displays, decoration, and events. Experience the elegance of carpet-like aesthetics.","_seopress_robots_index":""},"product_brand":[],"product_cat":[64],"product_tag":[],"class_list":{"0":"post-12663","1":"product","2":"type-product","3":"status-publish","4":"has-post-thumbnail","6":"product_cat-landscape","8":"first","9":"instock","10":"shipping-taxable","11":"product-type-simple"},"_links":{"self":[{"href":"https:\/\/arturf.com\/es\/wp-json\/wp\/v2\/product\/12663","targetHints":{"allow":["GET"]}}],"collection":[{"href":"https:\/\/arturf.com\/es\/wp-json\/wp\/v2\/product"}],"about":[{"href":"https:\/\/arturf.com\/es\/wp-json\/wp\/v2\/types\/product"}],"wp:featuredmedia":[{"embeddable":true,"href":"https:\/\/arturf.com\/es\/wp-json\/wp\/v2\/media\/17157"}],"wp:attachment":[{"href":"https:\/\/arturf.com\/es\/wp-json\/wp\/v2\/media?parent=12663"}],"wp:term":[{"taxonomy":"product_brand","embeddable":true,"href":"https:\/\/arturf.com\/es\/wp-json\/wp\/v2\/product_brand?post=12663"},{"taxonomy":"product_cat","embeddable":true,"href":"https:\/\/arturf.com\/es\/wp-json\/wp\/v2\/product_cat?post=12663"},{"taxonomy":"product_tag","embeddable":true,"href":"https:\/\/arturf.com\/es\/wp-json\/wp\/v2\/product_tag?post=12663"}],"curies":[{"name":"gracias","href":"https:\/\/api.w.org\/{rel}","templated":true}]}}