{"id":13490,"date":"2020-12-07T14:25:30","date_gmt":"2020-12-07T06:25:30","guid":{"rendered":"https:\/\/arturf.com\/?post_type=product&#038;p=13490"},"modified":"2024-07-13T16:25:22","modified_gmt":"2024-07-13T08:25:22","slug":"sports-lighting","status":"publish","type":"product","link":"https:\/\/arturf.com\/es\/product\/sports-lighting\/","title":{"rendered":"Iluminaci\u00f3n Deportiva"},"content":{"rendered":"<p>Experimente el pin\u00e1culo de la iluminaci\u00f3n deportiva con nuestras soluciones LED premium. Colaboramos estrechamente con reconocidos fabricantes de iluminaci\u00f3n deportiva LED para ofrecerle tecnolog\u00eda de vanguardia que mejore la visibilidad y la eficiencia de su campo deportivo.<\/p>\n<h3>\u00bfPor qu\u00e9 elegir nuestras luces LED deportivas?<\/h3>\n<ol>\n<li>\n<p><strong>Asociaciones de expertos:<\/strong> Aunque no producimos reflectores LED nosotros mismos, hemos establecido colaboraciones profundas con varios proveedores acreditados de iluminaci\u00f3n deportiva. Esto nos permite seleccionar los productos de iluminaci\u00f3n deportiva LED m\u00e1s apropiados para nuestros valiosos clientes, garantizando el mejor rendimiento y confiabilidad posibles.<\/p>\n<\/li>\n<li>\n<p><strong>Seguro de calidad:<\/strong> Nuestras asociaciones a largo plazo garantizan una calidad estable y precios competitivos, ofreciendo un valor excepcional sin comprometer el rendimiento.<\/p>\n<\/li>\n<li>\n<p><strong>Soluciones personalizadas:<\/strong> Dise\u00f1ados para adaptarse a los requisitos \u00fanicos de su proyecto, proporcionamos informes de simulaci\u00f3n y an\u00e1lisis fotom\u00e9tricos gratuitos. Esto garantiza un rendimiento \u00f3ptimo y soluciones rentables adaptadas al tama\u00f1o de su campo, los niveles de iluminancia deseados, la cantidad de postes de luz y las alturas de los postes.<\/p>\n<\/li>\n<li>\n<p><strong>Servicio sin complicaciones:<\/strong> Como su \u00fanico punto de contacto, Arturf gestiona todos los aspectos de su proyecto de iluminaci\u00f3n, garantizando una implementaci\u00f3n fluida y exitosa.<\/p>\n<\/li>\n<\/ol>\n<h3>Caracter\u00edsticas de nuestros productos de iluminaci\u00f3n LED para deportes:<\/h3>\n<ul>\n<li>\n<p><strong>Alta eficiencia:<\/strong> Utilizando chips LED de alta calidad, nuestras luces para estadios alcanzan hasta 150-160 lm\/W, maximizando el ahorro de energ\u00eda y los reembolsos operativos.<\/p>\n<\/li>\n<li>\n<p><strong>Dise\u00f1o modular:<\/strong> La potencia ajustable que oscila entre 200 W y 1800 W permite flexibilidad en el dise\u00f1o y la gesti\u00f3n de la energ\u00eda.<\/p>\n<\/li>\n<li>\n<p><strong>Controladores confiables:<\/strong> Equipado con controladores de marcas reconocidas como Meanwell, Inventronics o Philips, que garantizan un alto factor de potencia (&gt;0,9), una baja distorsi\u00f3n arm\u00f3nica total (THD) y un funcionamiento sin parpadeos.<\/p>\n<\/li>\n<li>\n<p><strong>Ligero y duradero:<\/strong> Dise\u00f1adas espec\u00edficamente para entornos deportivos, nuestras luces ofrecen una construcci\u00f3n robusta sin comprometer el rendimiento.<\/p>\n<\/li>\n<li>\n<p><strong>\u00c1ngulos de haz vers\u00e1tiles:<\/strong> Elija entre una variedad de \u00e1ngulos de haz para optimizar la distribuci\u00f3n de la luz para diferentes tama\u00f1os y configuraciones de campo, asegurando una cobertura uniforme y un deslumbramiento m\u00ednimo.<\/p>\n<\/li>\n<\/ul>\n<h3>Galer\u00eda de productos<\/h3>\n<p>Explore nuestra selecci\u00f3n de soluciones premium de iluminaci\u00f3n LED para deportes.<\/p>\n<div class=\"row\"  id=\"row-2042648019\">\n\n\t<div id=\"col-97113689\" class=\"col small-12 large-12\"  >\n\t\t\t\t<div class=\"col-inner\"  >\n\t\t\t\n\t\t\t\n\n  \n    <div class=\"row large-columns-3 medium-columns- small-columns-2\" >\n  <div class=\"gallery-col col\" >\n          <div class=\"col-inner\">\n            <a class=\"image-lightbox lightbox-gallery\" href=\"https:\/\/arturf.com\/wp-content\/uploads\/2020\/12\/Arturf-LED-Sports-Lighting-03.jpg\" title=\"\">            <div class=\"box has-hover gallery-box box-overlay dark\">\n              <div class=\"box-image image-cover\" style=\"padding-top:100%;\">\n                <img loading=\"lazy\" decoding=\"async\" width=\"500\" height=\"500\" src=\"https:\/\/arturf.com\/wp-content\/uploads\/2020\/12\/Arturf-LED-Sports-Lighting-03-500x500.jpg\" class=\"attachment-medium size-medium\" alt=\"\" ids=\"19851,19850,19849,13496,13497,13495\" columns=\"3\" image_height=\"100%\" srcset=\"https:\/\/arturf.com\/wp-content\/uploads\/2020\/12\/Arturf-LED-Sports-Lighting-03-500x500.jpg 500w, https:\/\/arturf.com\/wp-content\/uploads\/2020\/12\/Arturf-LED-Sports-Lighting-03-768x768.jpg 768w, https:\/\/arturf.com\/wp-content\/uploads\/2020\/12\/Arturf-LED-Sports-Lighting-03-12x12.jpg 12w, https:\/\/arturf.com\/wp-content\/uploads\/2020\/12\/Arturf-LED-Sports-Lighting-03-510x510.jpg 510w, https:\/\/arturf.com\/wp-content\/uploads\/2020\/12\/Arturf-LED-Sports-Lighting-03-100x100.jpg 100w, https:\/\/arturf.com\/wp-content\/uploads\/2020\/12\/Arturf-LED-Sports-Lighting-03.jpg 1000w\" sizes=\"auto, (max-width: 500px) 100vw, 500px\" \/>                                  <div class=\"overlay fill\"\n                      style=\"background-color: rgba(0,0,0,.15)\">\n                  <\/div>\n                                                              <\/div>\n              <div class=\"box-text text-left\" >\n                 <p><\/p>\n              <\/div>\n            <\/div>\n            <\/a>          <\/div>\n         <\/div><div class=\"gallery-col col\" >\n          <div class=\"col-inner\">\n            <a class=\"image-lightbox lightbox-gallery\" href=\"https:\/\/arturf.com\/wp-content\/uploads\/2020\/12\/Arturf-LED-Sports-Lighting-02.jpg\" title=\"\">            <div class=\"box has-hover gallery-box box-overlay dark\">\n              <div class=\"box-image image-cover\" style=\"padding-top:100%;\">\n                <img loading=\"lazy\" decoding=\"async\" width=\"500\" height=\"375\" src=\"https:\/\/arturf.com\/wp-content\/uploads\/2020\/12\/Arturf-LED-Sports-Lighting-02-500x375.jpg\" class=\"attachment-medium size-medium\" alt=\"\" ids=\"19851,19850,19849,13496,13497,13495\" columns=\"3\" image_height=\"100%\" srcset=\"https:\/\/arturf.com\/wp-content\/uploads\/2020\/12\/Arturf-LED-Sports-Lighting-02-500x375.jpg 500w, https:\/\/arturf.com\/wp-content\/uploads\/2020\/12\/Arturf-LED-Sports-Lighting-02-200x150.jpg 200w, https:\/\/arturf.com\/wp-content\/uploads\/2020\/12\/Arturf-LED-Sports-Lighting-02-768x575.jpg 768w, https:\/\/arturf.com\/wp-content\/uploads\/2020\/12\/Arturf-LED-Sports-Lighting-02-16x12.jpg 16w, https:\/\/arturf.com\/wp-content\/uploads\/2020\/12\/Arturf-LED-Sports-Lighting-02-350x263.jpg 350w, https:\/\/arturf.com\/wp-content\/uploads\/2020\/12\/Arturf-LED-Sports-Lighting-02-510x382.jpg 510w, https:\/\/arturf.com\/wp-content\/uploads\/2020\/12\/Arturf-LED-Sports-Lighting-02.jpg 1000w\" sizes=\"auto, (max-width: 500px) 100vw, 500px\" \/>                                  <div class=\"overlay fill\"\n                      style=\"background-color: rgba(0,0,0,.15)\">\n                  <\/div>\n                                                              <\/div>\n              <div class=\"box-text text-left\" >\n                 <p><\/p>\n              <\/div>\n            <\/div>\n            <\/a>          <\/div>\n         <\/div><div class=\"gallery-col col\" >\n          <div class=\"col-inner\">\n            <a class=\"image-lightbox lightbox-gallery\" href=\"https:\/\/arturf.com\/wp-content\/uploads\/2020\/12\/Arturf-LED-Sports-Lighting-01.jpg\" title=\"\">            <div class=\"box has-hover gallery-box box-overlay dark\">\n              <div class=\"box-image image-cover\" style=\"padding-top:100%;\">\n                <img loading=\"lazy\" decoding=\"async\" width=\"500\" height=\"500\" src=\"https:\/\/arturf.com\/wp-content\/uploads\/2020\/12\/Arturf-LED-Sports-Lighting-01-500x500.jpg\" class=\"attachment-medium size-medium\" alt=\"\" ids=\"19851,19850,19849,13496,13497,13495\" columns=\"3\" image_height=\"100%\" srcset=\"https:\/\/arturf.com\/wp-content\/uploads\/2020\/12\/Arturf-LED-Sports-Lighting-01-500x500.jpg 500w, https:\/\/arturf.com\/wp-content\/uploads\/2020\/12\/Arturf-LED-Sports-Lighting-01-768x768.jpg 768w, https:\/\/arturf.com\/wp-content\/uploads\/2020\/12\/Arturf-LED-Sports-Lighting-01-12x12.jpg 12w, https:\/\/arturf.com\/wp-content\/uploads\/2020\/12\/Arturf-LED-Sports-Lighting-01-510x510.jpg 510w, https:\/\/arturf.com\/wp-content\/uploads\/2020\/12\/Arturf-LED-Sports-Lighting-01-100x100.jpg 100w, https:\/\/arturf.com\/wp-content\/uploads\/2020\/12\/Arturf-LED-Sports-Lighting-01.jpg 1000w\" sizes=\"auto, (max-width: 500px) 100vw, 500px\" \/>                                  <div class=\"overlay fill\"\n                      style=\"background-color: rgba(0,0,0,.15)\">\n                  <\/div>\n                                                              <\/div>\n              <div class=\"box-text text-left\" >\n                 <p><\/p>\n              <\/div>\n            <\/div>\n            <\/a>          <\/div>\n         <\/div><div class=\"gallery-col col\" >\n          <div class=\"col-inner\">\n            <a class=\"image-lightbox lightbox-gallery\" href=\"https:\/\/arturf.com\/wp-content\/uploads\/2020\/12\/LED-SPORTS-LIGHTING-QC865.jpg\" title=\"\">            <div class=\"box has-hover gallery-box box-overlay dark\">\n              <div class=\"box-image image-cover\" style=\"padding-top:100%;\">\n                <img loading=\"lazy\" decoding=\"async\" width=\"300\" height=\"300\" src=\"https:\/\/arturf.com\/wp-content\/uploads\/2020\/12\/LED-SPORTS-LIGHTING-QC865-300x300.jpg\" class=\"attachment-medium size-medium\" alt=\"\" ids=\"19851,19850,19849,13496,13497,13495\" columns=\"3\" image_height=\"100%\" srcset=\"https:\/\/arturf.com\/wp-content\/uploads\/2020\/12\/LED-SPORTS-LIGHTING-QC865-300x300.jpg 300w, https:\/\/arturf.com\/wp-content\/uploads\/2020\/12\/LED-SPORTS-LIGHTING-QC865-768x768.jpg 768w, https:\/\/arturf.com\/wp-content\/uploads\/2020\/12\/LED-SPORTS-LIGHTING-QC865-12x12.jpg 12w, https:\/\/arturf.com\/wp-content\/uploads\/2020\/12\/LED-SPORTS-LIGHTING-QC865-510x510.jpg 510w, https:\/\/arturf.com\/wp-content\/uploads\/2020\/12\/LED-SPORTS-LIGHTING-QC865-100x100.jpg 100w, https:\/\/arturf.com\/wp-content\/uploads\/2020\/12\/LED-SPORTS-LIGHTING-QC865.jpg 800w\" sizes=\"auto, (max-width: 300px) 100vw, 300px\" \/>                                  <div class=\"overlay fill\"\n                      style=\"background-color: rgba(0,0,0,.15)\">\n                  <\/div>\n                                                              <\/div>\n              <div class=\"box-text text-left\" >\n                 <p><\/p>\n              <\/div>\n            <\/div>\n            <\/a>          <\/div>\n         <\/div><div class=\"gallery-col col\" >\n          <div class=\"col-inner\">\n            <a class=\"image-lightbox lightbox-gallery\" href=\"https:\/\/arturf.com\/wp-content\/uploads\/2020\/12\/LED-SPORTS-LIGHTING-QC866.jpg\" title=\"\">            <div class=\"box has-hover gallery-box box-overlay dark\">\n              <div class=\"box-image image-cover\" style=\"padding-top:100%;\">\n                <img loading=\"lazy\" decoding=\"async\" width=\"300\" height=\"300\" src=\"https:\/\/arturf.com\/wp-content\/uploads\/2020\/12\/LED-SPORTS-LIGHTING-QC866-300x300.jpg\" class=\"attachment-medium size-medium\" alt=\"\" ids=\"19851,19850,19849,13496,13497,13495\" columns=\"3\" image_height=\"100%\" srcset=\"https:\/\/arturf.com\/wp-content\/uploads\/2020\/12\/LED-SPORTS-LIGHTING-QC866-300x300.jpg 300w, https:\/\/arturf.com\/wp-content\/uploads\/2020\/12\/LED-SPORTS-LIGHTING-QC866-768x768.jpg 768w, https:\/\/arturf.com\/wp-content\/uploads\/2020\/12\/LED-SPORTS-LIGHTING-QC866-12x12.jpg 12w, https:\/\/arturf.com\/wp-content\/uploads\/2020\/12\/LED-SPORTS-LIGHTING-QC866-510x510.jpg 510w, https:\/\/arturf.com\/wp-content\/uploads\/2020\/12\/LED-SPORTS-LIGHTING-QC866-100x100.jpg 100w, https:\/\/arturf.com\/wp-content\/uploads\/2020\/12\/LED-SPORTS-LIGHTING-QC866.jpg 800w\" sizes=\"auto, (max-width: 300px) 100vw, 300px\" \/>                                  <div class=\"overlay fill\"\n                      style=\"background-color: rgba(0,0,0,.15)\">\n                  <\/div>\n                                                              <\/div>\n              <div class=\"box-text text-left\" >\n                 <p><\/p>\n              <\/div>\n            <\/div>\n            <\/a>          <\/div>\n         <\/div><div class=\"gallery-col col\" >\n          <div class=\"col-inner\">\n            <a class=\"image-lightbox lightbox-gallery\" href=\"https:\/\/arturf.com\/wp-content\/uploads\/2020\/12\/LED-SPORTS-LIGHTING-TLT337.png\" title=\"\">            <div class=\"box has-hover gallery-box box-overlay dark\">\n              <div class=\"box-image image-cover\" style=\"padding-top:100%;\">\n                <img loading=\"lazy\" decoding=\"async\" width=\"300\" height=\"300\" src=\"https:\/\/arturf.com\/wp-content\/uploads\/2020\/12\/LED-SPORTS-LIGHTING-TLT337-300x300.png\" class=\"attachment-medium size-medium\" alt=\"\" ids=\"19851,19850,19849,13496,13497,13495\" columns=\"3\" image_height=\"100%\" srcset=\"https:\/\/arturf.com\/wp-content\/uploads\/2020\/12\/LED-SPORTS-LIGHTING-TLT337-300x300.png 300w, https:\/\/arturf.com\/wp-content\/uploads\/2020\/12\/LED-SPORTS-LIGHTING-TLT337-768x768.png 768w, https:\/\/arturf.com\/wp-content\/uploads\/2020\/12\/LED-SPORTS-LIGHTING-TLT337-12x12.png 12w, https:\/\/arturf.com\/wp-content\/uploads\/2020\/12\/LED-SPORTS-LIGHTING-TLT337-510x510.png 510w, https:\/\/arturf.com\/wp-content\/uploads\/2020\/12\/LED-SPORTS-LIGHTING-TLT337-100x100.png 100w, https:\/\/arturf.com\/wp-content\/uploads\/2020\/12\/LED-SPORTS-LIGHTING-TLT337.png 800w\" sizes=\"auto, (max-width: 300px) 100vw, 300px\" \/>                                  <div class=\"overlay fill\"\n                      style=\"background-color: rgba(0,0,0,.15)\">\n                  <\/div>\n                                                              <\/div>\n              <div class=\"box-text text-left\" >\n                 <p><\/p>\n              <\/div>\n            <\/div>\n            <\/a>          <\/div>\n         <\/div><\/div>\n\t\t<\/div>\n\t\t\t\t\t<\/div>\n\n\t\n<\/div>\n<p class=\"lead\">Conclusi\u00f3n<\/p>\n<p>Seleccionar la iluminaci\u00f3n deportiva LED adecuada es crucial para cumplir con los est\u00e1ndares regulatorios y mejorar la experiencia tanto de los jugadores como de los espectadores. Ya sea para campos escolares o estadios nacionales, nuestras soluciones LED se adaptan a todos los niveles de juego con precisi\u00f3n y confiabilidad.<\/p>\n<p>Para m\u00e1s consultas o para comenzar a planificar su soluci\u00f3n de iluminaci\u00f3n, cont\u00e1ctenos en <a rel=\"noreferrer\">info@arturf.com<\/a>. Nuestro dedicado equipo de ingenier\u00eda y ventas est\u00e1 listo para ayudarlo.<\/p>\n<p class=\"lead\">Informaci\u00f3n adicional: Requisitos de lux para la iluminaci\u00f3n de campos de f\u00fatbol<\/p>\n<p>Los requisitos de lux para la iluminaci\u00f3n de un campo de f\u00fatbol dependen del tipo de actividad y del nivel competitivo. Aqu\u00ed hay unos ejemplos:<\/p>\n<ul>\n<li>Partidos recreativos: 200 lux<\/li>\n<li>F\u00fatbol americano de secundaria o universidad: 500 lux<\/li>\n<li>Iluminaci\u00f3n de transmisi\u00f3n est\u00e1ndar: 200 fc<\/li>\n<li>Eventos televisados: 1500-2000 lux<\/li>\n<li>Entrenamientos para el mundial o peque\u00f1as competiciones: 750 lux<\/li>\n<li>Pr\u00e1ctica de partido: 500 lux<\/li>\n<li>Entrenamiento est\u00e1ndar: 300 lux<\/li>\n<\/ul>","protected":false},"excerpt":{"rendered":"<p>Mejora tus campos deportivos con nuestros sistemas de iluminaci\u00f3n LED de \u00faltima generaci\u00f3n. Al asociarnos con fabricantes de primer nivel, ofrecemos iluminaci\u00f3n personalizable de alta eficiencia adaptada a sus necesidades espec\u00edficas. Disfrute de una calidad superior, precios competitivos y un servicio sin complicaciones con Arturf.<\/p>","protected":false},"featured_media":13491,"template":"","meta":{"_seopress_robots_primary_cat":"","_seopress_titles_title":"","_seopress_titles_desc":"","_seopress_robots_index":""},"product_brand":[],"product_cat":[66],"product_tag":[],"class_list":{"0":"post-13490","1":"product","2":"type-product","3":"status-publish","4":"has-post-thumbnail","6":"product_cat-accessories","8":"first","9":"instock","10":"shipping-taxable","11":"product-type-simple"},"_links":{"self":[{"href":"https:\/\/arturf.com\/es\/wp-json\/wp\/v2\/product\/13490","targetHints":{"allow":["GET"]}}],"collection":[{"href":"https:\/\/arturf.com\/es\/wp-json\/wp\/v2\/product"}],"about":[{"href":"https:\/\/arturf.com\/es\/wp-json\/wp\/v2\/types\/product"}],"wp:featuredmedia":[{"embeddable":true,"href":"https:\/\/arturf.com\/es\/wp-json\/wp\/v2\/media\/13491"}],"wp:attachment":[{"href":"https:\/\/arturf.com\/es\/wp-json\/wp\/v2\/media?parent=13490"}],"wp:term":[{"taxonomy":"product_brand","embeddable":true,"href":"https:\/\/arturf.com\/es\/wp-json\/wp\/v2\/product_brand?post=13490"},{"taxonomy":"product_cat","embeddable":true,"href":"https:\/\/arturf.com\/es\/wp-json\/wp\/v2\/product_cat?post=13490"},{"taxonomy":"product_tag","embeddable":true,"href":"https:\/\/arturf.com\/es\/wp-json\/wp\/v2\/product_tag?post=13490"}],"curies":[{"name":"gracias","href":"https:\/\/api.w.org\/{rel}","templated":true}]}}