{"id":13683,"date":"2021-01-08T16:46:13","date_gmt":"2021-01-08T08:46:13","guid":{"rendered":"https:\/\/arturf.com\/?post_type=product&#038;p=13683"},"modified":"2022-07-03T14:51:00","modified_gmt":"2022-07-03T06:51:00","slug":"vertical-garden-panels","status":"publish","type":"product","link":"https:\/\/arturf.com\/es\/product\/vertical-garden-panels\/","title":{"rendered":"Paneles de jard\u00edn verticales"},"content":{"rendered":"<h3>Especificaciones:<\/h3>\n<p>Material: 100% PE nuevo y fresco<br \/>Tama\u00f1o normal: 100 cm x 100 cm (40\u2033 * 40\u2033)<br \/>Estable a los rayos UV\/resistente al fuego: s\u00ed u opcional<br \/>Ocasi\u00f3n: al aire libre; interior<br \/>Garant\u00eda: Exterior 3 a\u00f1os; interior 5 a\u00f1os<br \/>MOQ: 100 metros cuadrados<\/p>\n<p>Nuestros paneles de jard\u00edn verticales de setos artificiales est\u00e1n hechos con varios tama\u00f1os, profundidades y estilos de plantas. El follaje y las flores se levantan y se alejan del panel y le dan a la pared verde mayor profundidad y realismo.<\/p>\n<p>Ideal para paredes verdes artificiales en oficinas, hogares, tiendas, hoteles, bares, caf\u00e9s y restaurantes. Ideal para stands de exhibici\u00f3n, eventos corporativos, bodas y otros eventos privados, as\u00ed como fondos impresionantes para logotipos, letreros de ne\u00f3n y letras.<\/p>\n<h3>Una gran variedad de productos<\/h3>\n<p>Una gran variedad de paneles de jard\u00edn verticales vivos hechos con diferentes follajes y flores. Algunos de los productos se enumeran a continuaci\u00f3n, cont\u00e1ctenos para obtener m\u00e1s opciones.<\/p>\n\n  \n    <div class=\"row large-columns-5 medium-columns-3 small-columns-2 slider row-slider slider-nav-reveal slider-nav-push\"  data-flickity-options='{&quot;imagesLoaded&quot;: true, &quot;groupCells&quot;: &quot;100%&quot;, &quot;dragThreshold&quot; : 5, &quot;cellAlign&quot;: &quot;left&quot;,&quot;wrapAround&quot;: true,&quot;prevNextButtons&quot;: true,&quot;percentPosition&quot;: true,&quot;pageDots&quot;: false, &quot;rightToLeft&quot;: false, &quot;autoPlay&quot; : false}' >\n\n  <div class=\"gallery-col col\" >\n          <div class=\"col-inner\">\n            <a class=\"image-lightbox lightbox-gallery\" href=\"https:\/\/arturf.com\/wp-content\/uploads\/2021\/01\/H9.jpg\" title=\"\">            <div class=\"box has-hover gallery-box box-normal\">\n              <div class=\"box-image\" >\n                <img loading=\"lazy\" decoding=\"async\" width=\"300\" height=\"300\" src=\"https:\/\/arturf.com\/wp-content\/uploads\/2021\/01\/H9-300x300.jpg\" class=\"attachment-medium size-medium\" alt=\"\" ids=\"13690,13689,13688,13687,13691,13686\" style=\"normal\" type=\"slider\" columns=\"5\" srcset=\"https:\/\/arturf.com\/wp-content\/uploads\/2021\/01\/H9-300x300.jpg 300w, https:\/\/arturf.com\/wp-content\/uploads\/2021\/01\/H9-768x768.jpg 768w, https:\/\/arturf.com\/wp-content\/uploads\/2021\/01\/H9-12x12.jpg 12w, https:\/\/arturf.com\/wp-content\/uploads\/2021\/01\/H9-510x510.jpg 510w, https:\/\/arturf.com\/wp-content\/uploads\/2021\/01\/H9-100x100.jpg 100w, https:\/\/arturf.com\/wp-content\/uploads\/2021\/01\/H9.jpg 800w\" sizes=\"auto, (max-width: 300px) 100vw, 300px\" \/>                                                              <\/div>\n              <div class=\"box-text text-left\" >\n                 <p><\/p>\n              <\/div>\n            <\/div>\n            <\/a>          <\/div>\n         <\/div><div class=\"gallery-col col\" >\n          <div class=\"col-inner\">\n            <a class=\"image-lightbox lightbox-gallery\" href=\"https:\/\/arturf.com\/wp-content\/uploads\/2021\/01\/H8.jpg\" title=\"\">            <div class=\"box has-hover gallery-box box-normal\">\n              <div class=\"box-image\" >\n                <img loading=\"lazy\" decoding=\"async\" width=\"300\" height=\"300\" src=\"https:\/\/arturf.com\/wp-content\/uploads\/2021\/01\/H8-300x300.jpg\" class=\"attachment-medium size-medium\" alt=\"\" ids=\"13690,13689,13688,13687,13691,13686\" style=\"normal\" type=\"slider\" columns=\"5\" srcset=\"https:\/\/arturf.com\/wp-content\/uploads\/2021\/01\/H8-300x300.jpg 300w, https:\/\/arturf.com\/wp-content\/uploads\/2021\/01\/H8-768x768.jpg 768w, https:\/\/arturf.com\/wp-content\/uploads\/2021\/01\/H8-12x12.jpg 12w, https:\/\/arturf.com\/wp-content\/uploads\/2021\/01\/H8-510x510.jpg 510w, https:\/\/arturf.com\/wp-content\/uploads\/2021\/01\/H8-100x100.jpg 100w, https:\/\/arturf.com\/wp-content\/uploads\/2021\/01\/H8.jpg 800w\" sizes=\"auto, (max-width: 300px) 100vw, 300px\" \/>                                                              <\/div>\n              <div class=\"box-text text-left\" >\n                 <p><\/p>\n              <\/div>\n            <\/div>\n            <\/a>          <\/div>\n         <\/div><div class=\"gallery-col col\" >\n          <div class=\"col-inner\">\n            <a class=\"image-lightbox lightbox-gallery\" href=\"https:\/\/arturf.com\/wp-content\/uploads\/2021\/01\/H6.jpg\" title=\"\">            <div class=\"box has-hover gallery-box box-normal\">\n              <div class=\"box-image\" >\n                <img loading=\"lazy\" decoding=\"async\" width=\"300\" height=\"300\" src=\"https:\/\/arturf.com\/wp-content\/uploads\/2021\/01\/H6-300x300.jpg\" class=\"attachment-medium size-medium\" alt=\"\" ids=\"13690,13689,13688,13687,13691,13686\" style=\"normal\" type=\"slider\" columns=\"5\" srcset=\"https:\/\/arturf.com\/wp-content\/uploads\/2021\/01\/H6-300x300.jpg 300w, https:\/\/arturf.com\/wp-content\/uploads\/2021\/01\/H6-768x768.jpg 768w, https:\/\/arturf.com\/wp-content\/uploads\/2021\/01\/H6-12x12.jpg 12w, https:\/\/arturf.com\/wp-content\/uploads\/2021\/01\/H6-510x510.jpg 510w, https:\/\/arturf.com\/wp-content\/uploads\/2021\/01\/H6-100x100.jpg 100w, https:\/\/arturf.com\/wp-content\/uploads\/2021\/01\/H6.jpg 800w\" sizes=\"auto, (max-width: 300px) 100vw, 300px\" \/>                                                              <\/div>\n              <div class=\"box-text text-left\" >\n                 <p><\/p>\n              <\/div>\n            <\/div>\n            <\/a>          <\/div>\n         <\/div><div class=\"gallery-col col\" >\n          <div class=\"col-inner\">\n            <a class=\"image-lightbox lightbox-gallery\" href=\"https:\/\/arturf.com\/wp-content\/uploads\/2021\/01\/H5.jpg\" title=\"\">            <div class=\"box has-hover gallery-box box-normal\">\n              <div class=\"box-image\" >\n                <img loading=\"lazy\" decoding=\"async\" width=\"300\" height=\"300\" src=\"https:\/\/arturf.com\/wp-content\/uploads\/2021\/01\/H5-300x300.jpg\" class=\"attachment-medium size-medium\" alt=\"\" ids=\"13690,13689,13688,13687,13691,13686\" style=\"normal\" type=\"slider\" columns=\"5\" srcset=\"https:\/\/arturf.com\/wp-content\/uploads\/2021\/01\/H5-300x300.jpg 300w, https:\/\/arturf.com\/wp-content\/uploads\/2021\/01\/H5-768x768.jpg 768w, https:\/\/arturf.com\/wp-content\/uploads\/2021\/01\/H5-12x12.jpg 12w, https:\/\/arturf.com\/wp-content\/uploads\/2021\/01\/H5-510x510.jpg 510w, https:\/\/arturf.com\/wp-content\/uploads\/2021\/01\/H5-100x100.jpg 100w, https:\/\/arturf.com\/wp-content\/uploads\/2021\/01\/H5.jpg 800w\" sizes=\"auto, (max-width: 300px) 100vw, 300px\" \/>                                                              <\/div>\n              <div class=\"box-text text-left\" >\n                 <p><\/p>\n              <\/div>\n            <\/div>\n            <\/a>          <\/div>\n         <\/div><div class=\"gallery-col col\" >\n          <div class=\"col-inner\">\n            <a class=\"image-lightbox lightbox-gallery\" href=\"https:\/\/arturf.com\/wp-content\/uploads\/2021\/01\/H10.jpg\" title=\"\">            <div class=\"box has-hover gallery-box box-normal\">\n              <div class=\"box-image\" >\n                <img loading=\"lazy\" decoding=\"async\" width=\"300\" height=\"300\" src=\"https:\/\/arturf.com\/wp-content\/uploads\/2021\/01\/H10-300x300.jpg\" class=\"attachment-medium size-medium\" alt=\"\" ids=\"13690,13689,13688,13687,13691,13686\" style=\"normal\" type=\"slider\" columns=\"5\" srcset=\"https:\/\/arturf.com\/wp-content\/uploads\/2021\/01\/H10-300x300.jpg 300w, https:\/\/arturf.com\/wp-content\/uploads\/2021\/01\/H10-768x768.jpg 768w, https:\/\/arturf.com\/wp-content\/uploads\/2021\/01\/H10-12x12.jpg 12w, https:\/\/arturf.com\/wp-content\/uploads\/2021\/01\/H10-510x510.jpg 510w, https:\/\/arturf.com\/wp-content\/uploads\/2021\/01\/H10-100x100.jpg 100w, https:\/\/arturf.com\/wp-content\/uploads\/2021\/01\/H10.jpg 800w\" sizes=\"auto, (max-width: 300px) 100vw, 300px\" \/>                                                              <\/div>\n              <div class=\"box-text text-left\" >\n                 <p><\/p>\n              <\/div>\n            <\/div>\n            <\/a>          <\/div>\n         <\/div><div class=\"gallery-col col\" >\n          <div class=\"col-inner\">\n            <a class=\"image-lightbox lightbox-gallery\" href=\"https:\/\/arturf.com\/wp-content\/uploads\/2021\/01\/H2.jpg\" title=\"\">            <div class=\"box has-hover gallery-box box-normal\">\n              <div class=\"box-image\" >\n                <img loading=\"lazy\" decoding=\"async\" width=\"300\" height=\"300\" src=\"https:\/\/arturf.com\/wp-content\/uploads\/2021\/01\/H2-300x300.jpg\" class=\"attachment-medium size-medium\" alt=\"\" ids=\"13690,13689,13688,13687,13691,13686\" style=\"normal\" type=\"slider\" columns=\"5\" srcset=\"https:\/\/arturf.com\/wp-content\/uploads\/2021\/01\/H2-300x300.jpg 300w, https:\/\/arturf.com\/wp-content\/uploads\/2021\/01\/H2-768x768.jpg 768w, https:\/\/arturf.com\/wp-content\/uploads\/2021\/01\/H2-12x12.jpg 12w, https:\/\/arturf.com\/wp-content\/uploads\/2021\/01\/H2-510x510.jpg 510w, https:\/\/arturf.com\/wp-content\/uploads\/2021\/01\/H2-100x100.jpg 100w, https:\/\/arturf.com\/wp-content\/uploads\/2021\/01\/H2.jpg 800w\" sizes=\"auto, (max-width: 300px) 100vw, 300px\" \/>                                                              <\/div>\n              <div class=\"box-text text-left\" >\n                 <p><\/p>\n              <\/div>\n            <\/div>\n            <\/a>          <\/div>\n         <\/div><\/div>","protected":false},"excerpt":{"rendered":"<p>Ofrecemos una amplia selecci\u00f3n de paneles de jard\u00edn verticales de setos artificiales que pueden llevar la belleza natural del aire libre al hogar o \u00e1reas comerciales. Cada pieza de follaje est\u00e1 muy detallada con colores y texturas realistas, mientras que los distintos tama\u00f1os y estilos de las plantas artificiales a\u00f1aden una verdadera sensaci\u00f3n de profundidad y realismo a la pared verde.<\/p>","protected":false},"featured_media":13673,"template":"","meta":{"_seopress_robots_primary_cat":"","_seopress_titles_title":"","_seopress_titles_desc":"","_seopress_robots_index":""},"product_brand":[],"product_cat":[782],"product_tag":[],"class_list":{"0":"post-13683","1":"product","2":"type-product","3":"status-publish","4":"has-post-thumbnail","6":"product_cat-artificial-hedge","8":"first","9":"instock","10":"shipping-taxable","11":"product-type-simple"},"_links":{"self":[{"href":"https:\/\/arturf.com\/es\/wp-json\/wp\/v2\/product\/13683","targetHints":{"allow":["GET"]}}],"collection":[{"href":"https:\/\/arturf.com\/es\/wp-json\/wp\/v2\/product"}],"about":[{"href":"https:\/\/arturf.com\/es\/wp-json\/wp\/v2\/types\/product"}],"wp:featuredmedia":[{"embeddable":true,"href":"https:\/\/arturf.com\/es\/wp-json\/wp\/v2\/media\/13673"}],"wp:attachment":[{"href":"https:\/\/arturf.com\/es\/wp-json\/wp\/v2\/media?parent=13683"}],"wp:term":[{"taxonomy":"product_brand","embeddable":true,"href":"https:\/\/arturf.com\/es\/wp-json\/wp\/v2\/product_brand?post=13683"},{"taxonomy":"product_cat","embeddable":true,"href":"https:\/\/arturf.com\/es\/wp-json\/wp\/v2\/product_cat?post=13683"},{"taxonomy":"product_tag","embeddable":true,"href":"https:\/\/arturf.com\/es\/wp-json\/wp\/v2\/product_tag?post=13683"}],"curies":[{"name":"gracias","href":"https:\/\/api.w.org\/{rel}","templated":true}]}}