{"id":17132,"date":"2022-07-02T10:45:18","date_gmt":"2022-07-02T02:45:18","guid":{"rendered":"https:\/\/arturf.com\/?post_type=product&#038;p=17132"},"modified":"2022-08-25T19:57:58","modified_gmt":"2022-08-25T11:57:58","slug":"event-turf","status":"publish","type":"product","link":"https:\/\/arturf.com\/es\/product\/event-turf\/","title":{"rendered":"C\u00e9sped para eventos"},"content":{"rendered":"<p>Nuestro c\u00e9sped para eventos es perfecto para casi cualquier espacio para eventos porque es f\u00e1cil de instalar y se puede cortar para adaptarse a cualquier tama\u00f1o. Se puede utilizar m\u00e1s de una vez. El maravilloso c\u00e9sped para eventos llevar\u00e1 su espacio al siguiente nivel y har\u00e1 felices a todos los invitados.<\/p>\n<p>Las empresas de eventos pueden utilizar nuestro c\u00e9sped sint\u00e9tico para pisos de eventos. Los beneficios incluyen:<\/p>\n<ul>\n<li>Econ\u00f3mico<\/li>\n<li>Variedad de hermosos colores<\/li>\n<li>Ligero, f\u00e1cil de cortar para adaptarse a la forma y tama\u00f1o deseados<\/li>\n<li>Protecci\u00f3n UV integrada para evitar da\u00f1os por el sol y la decoloraci\u00f3n.<\/li>\n<\/ul>\n<p><img alt=\"\" loading=\"lazy\" decoding=\"async\" class=\"alignnone wp-image-17137 size-full\" src=\"https:\/\/arturf.com\/wp-content\/uploads\/2022\/07\/Tradeshow-Events-Turf.jpg\" width=\"1000\" height=\"554\" srcset=\"https:\/\/arturf.com\/wp-content\/uploads\/2022\/07\/Tradeshow-Events-Turf.jpg 1000w, https:\/\/arturf.com\/wp-content\/uploads\/2022\/07\/Tradeshow-Events-Turf-500x277.jpg 500w, https:\/\/arturf.com\/wp-content\/uploads\/2022\/07\/Tradeshow-Events-Turf-768x425.jpg 768w, https:\/\/arturf.com\/wp-content\/uploads\/2022\/07\/Tradeshow-Events-Turf-18x10.jpg 18w, https:\/\/arturf.com\/wp-content\/uploads\/2022\/07\/Tradeshow-Events-Turf-510x283.jpg 510w\" sizes=\"auto, (max-width: 1000px) 100vw, 1000px\" \/><\/p>\n<p>El c\u00e9sped para eventos no es un producto espec\u00edfico. En t\u00e9rminos generales, es una serie de productos. Caracter\u00edsticas de Event Turf:<\/p>\n<ul>\n<li>Pelo corto, en su mayor\u00eda de 6 mm a 12 mm<\/li>\n<li>Bajo Dtex y peso ligero<\/li>\n<li>Tufted por fibras de polipropileno<\/li>\n<li>Econ\u00f3mico, Multiusos<\/li>\n<li>Ideal para eventos y decoraci\u00f3n (Ver producto\u00a0<a href=\"https:\/\/arturf.com\/es\/product\/decor\/\">Decor<\/a>)<\/li>\n<\/ul>\n<p>Adem\u00e1s, <a href=\"https:\/\/arturf.com\/es\/product\/artificial-grass-logos-and-insignia-bespoke-logo-mats\/\">alfombrillas con logotipo<\/a> tambi\u00e9n se puede utilizar para eventos y actividades. Contacta con nosotros y cu\u00e9ntanos tus necesidades. Nuestras ventas dar\u00e1n sugerencias profesionales.<\/p>","protected":false},"excerpt":{"rendered":"<p>C\u00e9sped ligero para eventos con una variedad de colores. Ideal para ambientes al aire libre y bajo techo, incluidas ferias comerciales, exhibiciones de autos, eventos corporativos, graduaciones, fiestas, bodas, terrazas, patios, campamentos y m\u00e1s.<\/p>","protected":false},"featured_media":17133,"template":"","meta":{"_seopress_robots_primary_cat":"","_seopress_titles_title":"","_seopress_titles_desc":"","_seopress_robots_index":""},"product_brand":[],"product_cat":[64],"product_tag":[],"class_list":{"0":"post-17132","1":"product","2":"type-product","3":"status-publish","4":"has-post-thumbnail","6":"product_cat-landscape","8":"first","9":"instock","10":"shipping-taxable","11":"product-type-simple"},"_links":{"self":[{"href":"https:\/\/arturf.com\/es\/wp-json\/wp\/v2\/product\/17132","targetHints":{"allow":["GET"]}}],"collection":[{"href":"https:\/\/arturf.com\/es\/wp-json\/wp\/v2\/product"}],"about":[{"href":"https:\/\/arturf.com\/es\/wp-json\/wp\/v2\/types\/product"}],"wp:featuredmedia":[{"embeddable":true,"href":"https:\/\/arturf.com\/es\/wp-json\/wp\/v2\/media\/17133"}],"wp:attachment":[{"href":"https:\/\/arturf.com\/es\/wp-json\/wp\/v2\/media?parent=17132"}],"wp:term":[{"taxonomy":"product_brand","embeddable":true,"href":"https:\/\/arturf.com\/es\/wp-json\/wp\/v2\/product_brand?post=17132"},{"taxonomy":"product_cat","embeddable":true,"href":"https:\/\/arturf.com\/es\/wp-json\/wp\/v2\/product_cat?post=17132"},{"taxonomy":"product_tag","embeddable":true,"href":"https:\/\/arturf.com\/es\/wp-json\/wp\/v2\/product_tag?post=17132"}],"curies":[{"name":"gracias","href":"https:\/\/api.w.org\/{rel}","templated":true}]}}