{"id":17294,"date":"2022-07-19T13:25:15","date_gmt":"2022-07-19T05:25:15","guid":{"rendered":"https:\/\/arturf.com\/?post_type=product&#038;p=17294"},"modified":"2023-07-14T22:18:15","modified_gmt":"2023-07-14T14:18:15","slug":"anti-static-artificial-grass","status":"publish","type":"product","link":"https:\/\/arturf.com\/es\/product\/anti-static-artificial-grass\/","title":{"rendered":"SparkGuard: c\u00e9sped artificial antiest\u00e1tico"},"content":{"rendered":"<p>El c\u00e9sped artificial tiene muchas ventajas que el c\u00e9sped natural no tiene, pero lamentablemente tambi\u00e9n tiene desventajas. La \u201celectricidad est\u00e1tica\u201d es una de las desventajas que tiene el c\u00e9sped artificial. La electricidad est\u00e1tica puede afectarnos a trav\u00e9s de peque\u00f1os golpes, sonidos molestos e incluso calambres. Nuestro c\u00e9sped artificial antiest\u00e1tico soluciona por completo este problema y proporciona una superficie m\u00e1s segura. Es ideal para parques infantiles. La tecnolog\u00eda antiest\u00e1tica est\u00e1 integrada en las hojas del c\u00e9sped artificial y no se desgastar\u00e1 con el tiempo.<\/p>\n<h3>C\u00e9sped artificial antiest\u00e1tico, una superficie m\u00e1s segura para los ni\u00f1os<\/h3>\n<p>Un deslizamiento r\u00e1pido sobre c\u00e9sped artificial puede provocar descargas est\u00e1ticas. Por lo general, las descargas no son dolorosas, pero definitivamente no son divertidas para los ni\u00f1os. Lo que es peor, para los ni\u00f1os con implantes cocleares u otros dispositivos m\u00e9dicos electr\u00f3nicos, la electricidad est\u00e1tica es una amenaza para ellos porque tiene la posibilidad de da\u00f1ar los dispositivos que tanto necesitan.<\/p>\n<div class=\"row align-bottom align-center\"  id=\"row-542404180\">\n\n\t<div id=\"col-1363238980\" class=\"col medium-3 small-12 large-3\"  >\n\t\t\t\t<div class=\"col-inner\"  >\n\t\t\t\n\t\t\t\n\n\t\t<div class=\"icon-box featured-box icon-box-center text-center\"  >\n\t\t\t\t\t<div class=\"icon-box-img\" style=\"width: 120px\">\n\t\t\t\t<div class=\"icon\">\n\t\t\t\t\t<div class=\"icon-inner\" >\n\t\t\t\t\t\t<img loading=\"lazy\" decoding=\"async\" width=\"110\" height=\"111\" src=\"https:\/\/arturf.com\/wp-content\/uploads\/2020\/04\/Arturf-anti-uv.png\" class=\"attachment-medium size-medium\" alt=\"Anti est\u00e1tico\" srcset=\"https:\/\/arturf.com\/wp-content\/uploads\/2020\/04\/Arturf-anti-uv.png 110w, https:\/\/arturf.com\/wp-content\/uploads\/2020\/04\/Arturf-anti-uv-12x12.png 12w, https:\/\/arturf.com\/wp-content\/uploads\/2020\/04\/Arturf-anti-uv-100x100.png 100w\" sizes=\"auto, (max-width: 110px) 100vw, 110px\" \/>\t\t\t\t\t<\/div>\n\t\t\t\t<\/div>\n\t\t\t<\/div>\n\t\t\t\t<div class=\"icon-box-text last-reset\">\n\t\t\t\t\t\t\t\t\t\n<h3>anti-ultravioleta<\/h3>\n\t\t<\/div>\n\t<\/div>\n\t\n\t\n\t\t<\/div>\n\t\t\t\t\t<\/div>\n\n\t\n\n\t<div id=\"col-460234993\" class=\"col medium-3 small-12 large-3\"  >\n\t\t\t\t<div class=\"col-inner\"  >\n\t\t\t\n\t\t\t\n\n\t\t<div class=\"icon-box featured-box icon-box-center text-center\"  >\n\t\t\t\t\t<div class=\"icon-box-img\" style=\"width: 96px\">\n\t\t\t\t<div class=\"icon\">\n\t\t\t\t\t<div class=\"icon-inner\" >\n\t\t\t\t\t\t<img loading=\"lazy\" decoding=\"async\" width=\"256\" height=\"300\" src=\"https:\/\/arturf.com\/wp-content\/uploads\/2022\/07\/Anti-static-256x300.png\" class=\"attachment-medium size-medium\" alt=\"Anti est\u00e1tico\" srcset=\"https:\/\/arturf.com\/wp-content\/uploads\/2022\/07\/Anti-static-256x300.png 256w, https:\/\/arturf.com\/wp-content\/uploads\/2022\/07\/Anti-static-10x12.png 10w, https:\/\/arturf.com\/wp-content\/uploads\/2022\/07\/Anti-static.png 409w\" sizes=\"auto, (max-width: 256px) 100vw, 256px\" \/>\t\t\t\t\t<\/div>\n\t\t\t\t<\/div>\n\t\t\t<\/div>\n\t\t\t\t<div class=\"icon-box-text last-reset\">\n\t\t\t\t\t\t\t\t\t\n<h3>Anti est\u00e1tico<\/h3>\n\t\t<\/div>\n\t<\/div>\n\t\n\t\n\t\t<\/div>\n\t\t\t\t\t<\/div>\n\n\t\n\n\t<div id=\"col-1870976864\" class=\"col medium-3 small-12 large-3\"  >\n\t\t\t\t<div class=\"col-inner\"  >\n\t\t\t\n\t\t\t\n\n\t\t<div class=\"icon-box featured-box icon-box-center text-center\"  >\n\t\t\t\t\t<div class=\"icon-box-img\" style=\"width: 114px\">\n\t\t\t\t<div class=\"icon\">\n\t\t\t\t\t<div class=\"icon-inner\" >\n\t\t\t\t\t\t<img loading=\"lazy\" decoding=\"async\" width=\"156\" height=\"152\" src=\"https:\/\/arturf.com\/wp-content\/uploads\/2022\/07\/Lead-Free.png\" class=\"attachment-medium size-medium\" alt=\"Anti est\u00e1tico\" srcset=\"https:\/\/arturf.com\/wp-content\/uploads\/2022\/07\/Lead-Free.png 156w, https:\/\/arturf.com\/wp-content\/uploads\/2022\/07\/Lead-Free-12x12.png 12w\" sizes=\"auto, (max-width: 156px) 100vw, 156px\" \/>\t\t\t\t\t<\/div>\n\t\t\t\t<\/div>\n\t\t\t<\/div>\n\t\t\t\t<div class=\"icon-box-text last-reset\">\n\t\t\t\t\t\t\t\t\t\n<h3>sin hojas<\/h3>\n\t\t<\/div>\n\t<\/div>\n\t\n\t\n\t\t<\/div>\n\t\t\t\t\t<\/div>\n\n\t\n<\/div>\n<p>Todos nuestros productos de c\u00e9sped artificial para \u00e1reas de juego est\u00e1n fabricados con materiales seguros 100%. Son anti-UV, sin plomo y ahora el producto SparkGuard con antiest\u00e1tico fabricado en las fibras. Tendr\u00e1s una zona de juegos m\u00e1s segura que nunca.<\/p>\n<p>Otras lecturas: <a href=\"https:\/\/arturf.com\/es\/knowledge-hub\/how-to-remove-static-electricity-from-artificial-grass\/\">\u00bfC\u00f3mo eliminar la electricidad est\u00e1tica del c\u00e9sped artificial?<\/a><\/p>","protected":false},"excerpt":{"rendered":"<p>Experimente un \u00e1rea de juego m\u00e1s segura con SparkGuard, el c\u00e9sped artificial antiest\u00e1tico permanente y de por vida. Di adi\u00f3s a las molestas descargas est\u00e1ticas y crea un entorno seguro para los ni\u00f1os.<\/p>","protected":false},"featured_media":17297,"template":"","meta":{"_seopress_robots_primary_cat":"","_seopress_titles_title":"","_seopress_titles_desc":"","_seopress_robots_index":""},"product_brand":[],"product_cat":[64],"product_tag":[],"class_list":{"0":"post-17294","1":"product","2":"type-product","3":"status-publish","4":"has-post-thumbnail","6":"product_cat-landscape","8":"first","9":"instock","10":"shipping-taxable","11":"product-type-simple"},"_links":{"self":[{"href":"https:\/\/arturf.com\/es\/wp-json\/wp\/v2\/product\/17294","targetHints":{"allow":["GET"]}}],"collection":[{"href":"https:\/\/arturf.com\/es\/wp-json\/wp\/v2\/product"}],"about":[{"href":"https:\/\/arturf.com\/es\/wp-json\/wp\/v2\/types\/product"}],"wp:featuredmedia":[{"embeddable":true,"href":"https:\/\/arturf.com\/es\/wp-json\/wp\/v2\/media\/17297"}],"wp:attachment":[{"href":"https:\/\/arturf.com\/es\/wp-json\/wp\/v2\/media?parent=17294"}],"wp:term":[{"taxonomy":"product_brand","embeddable":true,"href":"https:\/\/arturf.com\/es\/wp-json\/wp\/v2\/product_brand?post=17294"},{"taxonomy":"product_cat","embeddable":true,"href":"https:\/\/arturf.com\/es\/wp-json\/wp\/v2\/product_cat?post=17294"},{"taxonomy":"product_tag","embeddable":true,"href":"https:\/\/arturf.com\/es\/wp-json\/wp\/v2\/product_tag?post=17294"}],"curies":[{"name":"gracias","href":"https:\/\/api.w.org\/{rel}","templated":true}]}}