{"id":18223,"date":"2021-05-27T08:53:23","date_gmt":"2021-05-27T00:53:23","guid":{"rendered":"https:\/\/arturf.com\/?post_type=product&#038;p=18223"},"modified":"2025-07-19T12:11:17","modified_gmt":"2025-07-19T04:11:17","slug":"padel-court-kit","status":"publish","type":"product","link":"https:\/\/arturf.com\/es\/product\/padel-court-kit\/","title":{"rendered":"Kit Pista de Padel"},"content":{"rendered":"<h3>Experiencia y flexibilidad del proveedor:<\/h3>\n<p>Como l\u00edder <a href=\"https:\/\/arturf.com\/es\/sports\/padel\/\">fabricante de pistas de p\u00e1del<\/a> Con sede en China, nos enorgullecemos de suministrar c\u00e9sped artificial de primera calidad durante m\u00e1s de 15 a\u00f1os. Desde 2018, hemos ampliado nuestra oferta para incluir kits completos para pistas de p\u00e1del, colaborando con socios de renombre para garantizar un rendimiento excepcional y una imagen de marca profesional. Nuestro enfoque flexible nos permite personalizar componentes e integrar se\u00f1alizaci\u00f3n o logotipos a la perfecci\u00f3n para satisfacer las necesidades espec\u00edficas de su proyecto.<\/p>\n<p><img loading=\"lazy\" decoding=\"async\" class=\"aligncenter wp-image-27259\" src=\"https:\/\/arturf.com\/wp-content\/uploads\/2025\/07\/arturf-padel-court-package-kit-\u2013-key-components-1024x767.png\" alt=\"Paquete de pista de p\u00e1del Arturf: componentes clave\" width=\"800\" height=\"600\" srcset=\"https:\/\/arturf.com\/wp-content\/uploads\/2025\/07\/arturf-padel-court-package-kit-\u2013-key-components-1024x767.png 1024w, https:\/\/arturf.com\/wp-content\/uploads\/2025\/07\/arturf-padel-court-package-kit-\u2013-key-components-500x375.png 500w, https:\/\/arturf.com\/wp-content\/uploads\/2025\/07\/arturf-padel-court-package-kit-\u2013-key-components-200x150.png 200w, https:\/\/arturf.com\/wp-content\/uploads\/2025\/07\/arturf-padel-court-package-kit-\u2013-key-components-768x576.png 768w, https:\/\/arturf.com\/wp-content\/uploads\/2025\/07\/arturf-padel-court-package-kit-\u2013-key-components-1536x1151.png 1536w, https:\/\/arturf.com\/wp-content\/uploads\/2025\/07\/arturf-padel-court-package-kit-\u2013-key-components-16x12.png 16w, https:\/\/arturf.com\/wp-content\/uploads\/2025\/07\/arturf-padel-court-package-kit-\u2013-key-components-350x263.png 350w, https:\/\/arturf.com\/wp-content\/uploads\/2025\/07\/arturf-padel-court-package-kit-\u2013-key-components-510x382.png 510w, https:\/\/arturf.com\/wp-content\/uploads\/2025\/07\/arturf-padel-court-package-kit-\u2013-key-components.png 2000w\" sizes=\"auto, (max-width: 800px) 100vw, 800px\" \/><\/p>\n<h3>Paquete Completo Pista de P\u00e1del: Componentes Esenciales para un Juego \u00d3ptimo<\/h3>\n<p>Este paquete todo en uno incluye todos los elementos clave necesarios para una pista de p\u00e1del profesional, duradera y de alto rendimiento. Todos los componentes cumplen o superan las expectativas. <strong>FIP (Federaci\u00f3n Internacional de P\u00e1del)<\/strong> normas y <strong>Normas europeas de estructura y seguridad<\/strong>.<\/p>\n<hr \/>\n<h3>C\u00e9sped artificial de p\u00e1del<\/h3>\n<ul style=\"list-style: none; padding-left: 0; margin-bottom: 0;\">\n<li><strong>\u2022 Rebote \u00f3ptimo de la pelota<\/strong>, tracci\u00f3n y absorci\u00f3n de impactos<\/li>\n<li><strong>\u2022 Al menos 25 puntos por cada 10 cm<\/strong>Hilo de PE resistente a los rayos UV (KDK)<\/li>\n<li><strong>\u2022 Marcas de l\u00ednea blanca integradas<\/strong> (seg\u00fan las reglas de la FIP)<\/li>\n<li><strong>\u2022 Bajo relleno de arena<\/strong>:15\u201320 kg\/m\u00b2<\/li>\n<li><strong>\u2022 Tama\u00f1o est\u00e1ndar<\/strong>: 20\u00d710 m (cancha individual)<\/li>\n<li><strong>\u2022 Est\u00e1ndares cumplidos<\/strong>: EN 15330-1 (rendimiento), ISO 4892-3 (resistencia a los rayos UV)<\/li>\n<\/ul>\n<p><a href=\"https:\/\/arturf.com\/es\/etiqueta-producto\/padel-turf\/\">M\u00e1s sobre Arturf Padel Turf<\/a><\/p>\n<hr \/>\n<h3>Columnas y vigas transversales del marco<\/h3>\n<ul style=\"list-style: none; padding-left: 0; margin-bottom: 0;\">\n<li><strong>\u2022 Postes de acero galvanizado en caliente<\/strong> (m\u00edn. 2 mm de espesor)<\/li>\n<li><strong>\u2022 Vigas transversales superiores e inferiores<\/strong> para una mayor rigidez<\/li>\n<li><strong>\u2022 Acabado con recubrimiento en polvo<\/strong> para resistencia a la corrosi\u00f3n<\/li>\n<li><strong>\u2022 Est\u00e1ndares cumplidos<\/strong>: EN 1090 (estructuras de acero), ISO 1461 (galvanizaci\u00f3n)<\/li>\n<\/ul>\n<hr \/>\n<h3>Paredes de vidrio templado<\/h3>\n<ul style=\"list-style: none; padding-left: 0; margin-bottom: 0;\">\n<li><strong>\u2022 Paneles de vidrio templado de seguridad de 12 mm<\/strong><\/li>\n<li><strong>\u2022 Dise\u00f1ado para resistencia al impacto.<\/strong> y una visibilidad clara<\/li>\n<li><strong>\u2022 Bordes pulidos<\/strong> y abrazaderas de acero inoxidable<\/li>\n<li><strong>\u2022 Est\u00e1ndares cumplidos<\/strong>:EN 12150 (vidrio de seguridad templado)<\/li>\n<\/ul>\n<hr \/>\n<h3>Paneles de malla de alambre<\/h3>\n<ul style=\"list-style: none; padding-left: 0; margin-bottom: 0;\">\n<li><strong>\u2022 Malla de acero soldada<\/strong>, 50\u00d750 mm, di\u00e1metro del alambre 4 mm<\/li>\n<li><strong>\u2022 Galvanizado y recubierto de polvo<\/strong> para protecci\u00f3n<\/li>\n<li><strong>\u2022 Dise\u00f1o seguro y transpirable.<\/strong> para visibilidad y flujo de aire<\/li>\n<li><strong>\u2022 Est\u00e1ndares cumplidos<\/strong>: EN 10223-4 (cercas de malla soldada)<\/li>\n<\/ul>\n<hr \/>\n<h3>Sistema de iluminaci\u00f3n<\/h3>\n<ul style=\"list-style: none; padding-left: 0; margin-bottom: 0;\">\n<li><strong>\u2022 Proyectores LED<\/strong>, 300\u2013500 lux promedio (compatible con FIP)<\/li>\n<li><strong>\u2022 Dise\u00f1o antideslumbrante<\/strong> con lentes sim\u00e9tricas o asim\u00e9tricas<\/li>\n<li><strong>\u2022 6\u20138 luces por cancha<\/strong>, montados sobre postes de iluminaci\u00f3n de acero<\/li>\n<li><strong>\u2022 Est\u00e1ndares cumplidos<\/strong>: Gu\u00eda de iluminaci\u00f3n FIP, IEC 60598 (luminarias)<\/li>\n<\/ul>\n<hr \/>\n<h3>Accesorios esenciales<\/h3>\n<ul style=\"list-style: none; padding-left: 0; margin-bottom: 0;\">\n<li><strong>\u2022 Puesto de red central<\/strong>:Acero galvanizado con placa base<\/li>\n<li><strong>\u2022 Construcci\u00f3n estable<\/strong> garantiza la altura y tensi\u00f3n adecuadas de la red<\/li>\n<li><strong>\u2022 Red de p\u00e1del<\/strong>:Estable a los rayos UV con cable de acero<\/li>\n<li><strong>\u2022 Altura de regulaci\u00f3n<\/strong>:88 cm en el centro, 92 cm a los lados<\/li>\n<li><strong>\u2022 Est\u00e1ndares cumplidos<\/strong>:Reglas de la FIP, EN 1510 (redes deportivas)<\/li>\n<\/ul>\n<hr \/>\n<h3>Resumen<\/h3>\n<ul style=\"list-style: none; padding-left: 0; margin-bottom: 0;\">\n<li><strong>\u2022 Cumplimiento total<\/strong> con FIP y normas de seguridad europeas<\/li>\n<li><strong>\u2022 Durabilidad a largo plazo<\/strong> en varios climas<\/li>\n<li><strong>\u2022 Instalaci\u00f3n r\u00e1pida<\/strong> y f\u00e1cil mantenimiento<\/li>\n<\/ul>\n<p>Esta soluci\u00f3n completa le ayuda a construir una cancha de p\u00e1del de primer nivel con confianza.<\/p>\n\t<div id=\"gap-492917492\" class=\"gap-element clearfix\" style=\"display:block; height:auto;\">\n\t\t\n<style>\n#gap-492917492 {\n  padding-top: 30px;\n}\n<\/style>\n\t<\/div>\n\t\n<h3>Opciones de pista de p\u00e1del:<\/h3>\n<p>Mejora tu experiencia en la pista de p\u00e1del con nuestra amplia gama de productos. Desde CoreX, que ofrece calidad confiable a un precio accesible, hasta Pro, con durabilidad excepcional y un atractivo cl\u00e1sico, y SuperVision, que ofrece una inmersi\u00f3n panor\u00e1mica para un juego inigualable: tenemos la soluci\u00f3n perfecta para tu visi\u00f3n.<\/p>\n<div class=\"row\"  id=\"row-149079985\">\n\n\t<div id=\"col-1350545119\" class=\"col medium-3 small-12 large-3\"  >\n\t\t\t\t<div class=\"col-inner\"  >\n\t\t\t\n\t\t\t\n\t<div class=\"box has-hover   has-hover box-text-bottom\" >\n\n\t\t<div class=\"box-image\" >\n\t\t\t\t\t\t<div class=\"\" >\n\t\t\t\t<img loading=\"lazy\" decoding=\"async\" width=\"1000\" height=\"666\" src=\"https:\/\/arturf.com\/wp-content\/uploads\/2021\/05\/arturf-padel-court-corex.png\" class=\"attachment- size-\" alt=\"p\u00e1del\" srcset=\"https:\/\/arturf.com\/wp-content\/uploads\/2021\/05\/arturf-padel-court-corex.png 1000w, https:\/\/arturf.com\/wp-content\/uploads\/2021\/05\/arturf-padel-court-corex-500x333.png 500w, https:\/\/arturf.com\/wp-content\/uploads\/2021\/05\/arturf-padel-court-corex-768x511.png 768w, https:\/\/arturf.com\/wp-content\/uploads\/2021\/05\/arturf-padel-court-corex-18x12.png 18w, https:\/\/arturf.com\/wp-content\/uploads\/2021\/05\/arturf-padel-court-corex-510x340.png 510w\" sizes=\"auto, (max-width: 1000px) 100vw, 1000px\" \/>\t\t\t\t\t\t\t\t\t\t\t<\/div>\n\t\t\t\t\t<\/div>\n\n\t\t<div class=\"box-text text-center\" >\n\t\t\t<div class=\"box-text-inner\">\n\t\t\t\t\n<h4>CoreX<\/h4>\n<p>Una pista de p\u00e1del fundamental con rendimiento equilibrado y rentabilidad. Perfecto para clubes que buscan calidad confiable.<\/p>\n\t\t\t<\/div>\n\t\t<\/div>\n\t<\/div>\n\t\n\t\t<\/div>\n\t\t\t\t\t<\/div>\n\n\t\n\n\t<div id=\"col-736929913\" class=\"col medium-3 small-12 large-3\"  >\n\t\t\t\t<div class=\"col-inner\"  >\n\t\t\t\n\t\t\t\n\t<div class=\"box has-hover   has-hover box-text-bottom\" >\n\n\t\t<div class=\"box-image\" >\n\t\t\t\t\t\t<div class=\"\" >\n\t\t\t\t<img loading=\"lazy\" decoding=\"async\" width=\"1000\" height=\"666\" src=\"https:\/\/arturf.com\/wp-content\/uploads\/2021\/05\/arturf-padel-court-pro.png\" class=\"attachment- size-\" alt=\"p\u00e1del\" srcset=\"https:\/\/arturf.com\/wp-content\/uploads\/2021\/05\/arturf-padel-court-pro.png 1000w, https:\/\/arturf.com\/wp-content\/uploads\/2021\/05\/arturf-padel-court-pro-500x333.png 500w, https:\/\/arturf.com\/wp-content\/uploads\/2021\/05\/arturf-padel-court-pro-768x511.png 768w, https:\/\/arturf.com\/wp-content\/uploads\/2021\/05\/arturf-padel-court-pro-18x12.png 18w, https:\/\/arturf.com\/wp-content\/uploads\/2021\/05\/arturf-padel-court-pro-510x340.png 510w\" sizes=\"auto, (max-width: 1000px) 100vw, 1000px\" \/>\t\t\t\t\t\t\t\t\t\t\t<\/div>\n\t\t\t\t\t<\/div>\n\n\t\t<div class=\"box-text text-center\" >\n\t\t\t<div class=\"box-text-inner\">\n\t\t\t\t\n<h4>Pro<\/h4>\n<p>La cumbre de la excelencia en pistas de p\u00e1del, que combina durabilidad con un atractivo cl\u00e1sico. Ideal para jugar a largo plazo y al m\u00e1ximo nivel.<\/p>\n\t\t\t<\/div>\n\t\t<\/div>\n\t<\/div>\n\t\n\t\t<\/div>\n\t\t\t\t\t<\/div>\n\n\t\n\n\t<div id=\"col-1139036537\" class=\"col medium-3 small-12 large-3\"  >\n\t\t\t\t<div class=\"col-inner\"  >\n\t\t\t\n\t\t\t\n\t<div class=\"box has-hover   has-hover box-text-bottom\" >\n\n\t\t<div class=\"box-image\" >\n\t\t\t\t\t\t<div class=\"\" >\n\t\t\t\t<img loading=\"lazy\" decoding=\"async\" width=\"1000\" height=\"666\" src=\"https:\/\/arturf.com\/wp-content\/uploads\/2021\/05\/arturf-padel-court-supervision.png\" class=\"attachment- size-\" alt=\"p\u00e1del\" srcset=\"https:\/\/arturf.com\/wp-content\/uploads\/2021\/05\/arturf-padel-court-supervision.png 1000w, https:\/\/arturf.com\/wp-content\/uploads\/2021\/05\/arturf-padel-court-supervision-500x333.png 500w, https:\/\/arturf.com\/wp-content\/uploads\/2021\/05\/arturf-padel-court-supervision-768x511.png 768w, https:\/\/arturf.com\/wp-content\/uploads\/2021\/05\/arturf-padel-court-supervision-18x12.png 18w, https:\/\/arturf.com\/wp-content\/uploads\/2021\/05\/arturf-padel-court-supervision-510x340.png 510w\" sizes=\"auto, (max-width: 1000px) 100vw, 1000px\" \/>\t\t\t\t\t\t\t\t\t\t\t<\/div>\n\t\t\t\t\t<\/div>\n\n\t\t<div class=\"box-text text-center\" >\n\t\t\t<div class=\"box-text-inner\">\n\t\t\t\t\n<h4>Supervisi\u00f3n<\/h4>\n<p>Experimente la m\u00e1xima inmersi\u00f3n con vistas panor\u00e1micas para un juego incomparable. Ideal para un mayor compromiso y emoci\u00f3n.<\/p>\n\t\t\t<\/div>\n\t\t<\/div>\n\t<\/div>\n\t\n\t\t<\/div>\n\t\t\t\t\t<\/div>\n\n\t\n\n\t<div id=\"col-947091152\" class=\"col medium-3 small-12 large-3\"  >\n\t\t\t\t<div class=\"col-inner\"  >\n\t\t\t\n\t\t\t\n\t<div class=\"box has-hover   has-hover box-text-bottom\" >\n\n\t\t<div class=\"box-image\" >\n\t\t\t\t\t\t<div class=\"\" >\n\t\t\t\t<img loading=\"lazy\" decoding=\"async\" width=\"1500\" height=\"1000\" src=\"https:\/\/arturf.com\/wp-content\/uploads\/2021\/05\/arturf-padel-court-coast_shield.jpg\" class=\"attachment- size-\" alt=\"p\u00e1del\" srcset=\"https:\/\/arturf.com\/wp-content\/uploads\/2021\/05\/arturf-padel-court-coast_shield.jpg 1500w, https:\/\/arturf.com\/wp-content\/uploads\/2021\/05\/arturf-padel-court-coast_shield-500x333.jpg 500w, https:\/\/arturf.com\/wp-content\/uploads\/2021\/05\/arturf-padel-court-coast_shield-1024x683.jpg 1024w, https:\/\/arturf.com\/wp-content\/uploads\/2021\/05\/arturf-padel-court-coast_shield-768x512.jpg 768w, https:\/\/arturf.com\/wp-content\/uploads\/2021\/05\/arturf-padel-court-coast_shield-18x12.jpg 18w, https:\/\/arturf.com\/wp-content\/uploads\/2021\/05\/arturf-padel-court-coast_shield-510x340.jpg 510w\" sizes=\"auto, (max-width: 1500px) 100vw, 1500px\" \/>\t\t\t\t\t\t\t\t\t\t\t<\/div>\n\t\t\t\t\t<\/div>\n\n\t\t<div class=\"box-text text-center\" >\n\t\t\t<div class=\"box-text-inner\">\n\t\t\t\t\n<h4>Escudo costero<\/h4>\n<p>Dise\u00f1ado para condiciones costeras adversas con una resistencia superior a la corrosi\u00f3n y al viento. Ideal para una larga duraci\u00f3n. <a href=\"https:\/\/arturf.com\/es\/padel-court\/padel-courts-for-seaside-locations\/\">Pistas de p\u00e1del junto al mar.<\/a><\/p>\n\t\t\t<\/div>\n\t\t<\/div>\n\t<\/div>\n\t\n\t\t<\/div>\n\t\t\t\t\t<\/div>\n\n\t\n<\/div>\n<div class=\"row\"  id=\"row-2022707194\">\n\n\t<div id=\"col-1477506585\" class=\"col small-12 large-12\"  >\n\t\t\t\t<div class=\"col-inner\"  >\n\t\t\t\n\t\t\t\n<div id=\"Custom-Options\">\n<h3>Opciones personalizadas<\/h3>\n<p>Nuestras opciones de personalizaci\u00f3n garantizan un rendimiento \u00f3ptimo, se ajustan a su presupuesto y la capacidad de crear una cancha de p\u00e1del que se destaque con caracter\u00edsticas y marca distintivas.<\/p>\n<ul style=\"list-style: none; padding-left: 0; margin-bottom: 0;\">\n<li><strong>\u2022 Especificaciones del c\u00e9sped artificial:<\/strong> Adapte las propiedades del c\u00e9sped a sus necesidades exactas para lograr una superficie de juego uniforme, flexible y de alto rendimiento.<\/li>\n<li><strong>\u2022 Color del c\u00e9sped de p\u00e1del:<\/strong> Seleccione entre una variedad de opciones de colores que incluyen arcilla, azul, rojo, verde y rosa para combinar con la est\u00e9tica deseada.<\/li>\n<li><strong>\u2022 Tama\u00f1o del tubo cuadrado:<\/strong> Elija entre las versiones CoreX y Pro, que ofrecen diferentes tama\u00f1os de tubos cuadrados para pilares y vigas manteniendo una calidad y un rendimiento constantes.<\/li>\n<li><strong>\u2022 Marca:<\/strong> Personalice su cancha con componentes de marca, como postes de red, cinta de red, relleno de entrada y pilares de esquina para lograr una apariencia profesional y cohesiva.<\/li>\n<li><strong>\u2022 Opciones de postes de iluminaci\u00f3n:<\/strong> Disponible en dise\u00f1os en forma de C, forma de Z y forma recta para complementar el estilo visual de su cancha y los requisitos de instalaci\u00f3n.<\/li>\n<li><strong>\u2022 Tipo de iluminaci\u00f3n:<\/strong> Elija entre dos sistemas de iluminaci\u00f3n LED optimizados para la visibilidad, la eficiencia energ\u00e9tica y un mejor ambiente en la cancha.<\/li>\n<\/ul>\n<p>Experimente lo \u00faltimo en construcci\u00f3n de canchas de p\u00e1del con nuestros kits flexibles y de alto rendimiento, dise\u00f1ados para darle vida a su visi\u00f3n y mejorar cada aspecto de su entorno de juego.<\/p>\n<div>\u00a0<\/div>\n<\/div>\n\t\t<\/div>\n\t\t\t\t\t<\/div>\n\n\t\n<\/div>","protected":false},"excerpt":{"rendered":"<p>Paquetes de canchas de p\u00e1del completos y personalizables con c\u00e9sped de primera calidad, estructuras de acero, vidrio templado, iluminaci\u00f3n y accesorios, dise\u00f1ados para cumplir con los est\u00e1ndares FIP y europeos de durabilidad y rendimiento.<\/p>","protected":false},"featured_media":18224,"template":"","meta":{"_seopress_robots_primary_cat":"932","_seopress_titles_title":"Complete Padel Court Kit: Grass, Framework, Glass Walls & More","_seopress_titles_desc":"Premium padel court packages with high-quality turf, galvanized steel frames, tempered glass, LED lighting, and accessories. Fully customizable, FIP and European standard compliant.","_seopress_robots_index":""},"product_brand":[],"product_cat":[932],"product_tag":[],"class_list":{"0":"post-18223","1":"product","2":"type-product","3":"status-publish","4":"has-post-thumbnail","6":"product_cat-padel","8":"first","9":"instock","10":"shipping-taxable","11":"product-type-simple"},"_links":{"self":[{"href":"https:\/\/arturf.com\/es\/wp-json\/wp\/v2\/product\/18223","targetHints":{"allow":["GET"]}}],"collection":[{"href":"https:\/\/arturf.com\/es\/wp-json\/wp\/v2\/product"}],"about":[{"href":"https:\/\/arturf.com\/es\/wp-json\/wp\/v2\/types\/product"}],"wp:featuredmedia":[{"embeddable":true,"href":"https:\/\/arturf.com\/es\/wp-json\/wp\/v2\/media\/18224"}],"wp:attachment":[{"href":"https:\/\/arturf.com\/es\/wp-json\/wp\/v2\/media?parent=18223"}],"wp:term":[{"taxonomy":"product_brand","embeddable":true,"href":"https:\/\/arturf.com\/es\/wp-json\/wp\/v2\/product_brand?post=18223"},{"taxonomy":"product_cat","embeddable":true,"href":"https:\/\/arturf.com\/es\/wp-json\/wp\/v2\/product_cat?post=18223"},{"taxonomy":"product_tag","embeddable":true,"href":"https:\/\/arturf.com\/es\/wp-json\/wp\/v2\/product_tag?post=18223"}],"curies":[{"name":"gracias","href":"https:\/\/api.w.org\/{rel}","templated":true}]}}