{"id":18786,"date":"2023-07-06T21:34:25","date_gmt":"2023-07-06T13:34:25","guid":{"rendered":"https:\/\/arturf.com\/?post_type=product&#038;p=18786"},"modified":"2023-07-15T09:57:47","modified_gmt":"2023-07-15T01:57:47","slug":"pet-artificial-grass-pawscape","status":"publish","type":"product","link":"https:\/\/arturf.com\/es\/product\/pet-artificial-grass-pawscape\/","title":{"rendered":"Pawscape: c\u00e9sped artificial para mascotas"},"content":{"rendered":"<p>Descubra los beneficios del c\u00e9sped artificial para mascotas Pawscape, donde sus queridas mascotas pueden jugar, correr, saltar y estirarse como lo har\u00edan en el c\u00e9sped real, sin desorden ni patas embarradas. Nuestro c\u00e9sped artificial ofrece una suavidad incre\u00edble y un tacto suave, garantizando la seguridad y el disfrute de tus mascotas.<\/p>\n<p>Dise\u00f1ado espec\u00edficamente pensando en las mascotas, el Pawscape incorpora caracter\u00edsticas que promueven la limpieza y la higiene. La superficie del c\u00e9sped es resistente al crecimiento de bacterias y moho, lo que previene eficazmente el desarrollo de olores. Esto garantiza un ambiente limpio y saludable para sus mascotas, reduciendo el riesgo de alergias o infecciones.<\/p>\n<p>Al elegir Pawscape, le brinda a su mascota la mejor experiencia posible mientras fomenta un v\u00ednculo especial entre usted y su compa\u00f1ero peludo. Aprecien momentos preciosos juntos en el c\u00e9sped artificial de alta calidad de Pawscape.<\/p>\n<p><img loading=\"lazy\" decoding=\"async\" class=\"alignnone wp-image-19067\" src=\"https:\/\/arturf.com\/wp-content\/uploads\/2023\/07\/Pet-Artificial-Turf-PetGo-2-1024x684.jpg\" alt=\"Base de c\u00e9sped artificial para mascotas (Pawscape)\" width=\"600\" height=\"401\" srcset=\"https:\/\/arturf.com\/wp-content\/uploads\/2023\/07\/Pet-Artificial-Turf-PetGo-2-1024x684.jpg 1024w, https:\/\/arturf.com\/wp-content\/uploads\/2023\/07\/Pet-Artificial-Turf-PetGo-2-500x334.jpg 500w, https:\/\/arturf.com\/wp-content\/uploads\/2023\/07\/Pet-Artificial-Turf-PetGo-2-768x513.jpg 768w, https:\/\/arturf.com\/wp-content\/uploads\/2023\/07\/Pet-Artificial-Turf-PetGo-2-18x12.jpg 18w, https:\/\/arturf.com\/wp-content\/uploads\/2023\/07\/Pet-Artificial-Turf-PetGo-2-510x340.jpg 510w, https:\/\/arturf.com\/wp-content\/uploads\/2023\/07\/Pet-Artificial-Turf-PetGo-2.jpg 1080w\" sizes=\"auto, (max-width: 600px) 100vw, 600px\" \/><\/p>\n<h3>Caracter\u00edsticas del respaldo de c\u00e9sped artificial para mascotas (Pawscape):<\/h3>\n<ol>\n<li>\n<h4>100% Reciclable y Ecol\u00f3gico:<\/h4>\n<p>Pawscape est\u00e1 dise\u00f1ado pensando en la sostenibilidad. No contiene l\u00e1tex, PU ni recubrimientos, lo que lo hace seguro y saludable tanto para los usuarios como para el medio ambiente.<\/p>\n<\/li>\n<li>\n<h4>Ultraligero y Suavidad:<\/h4>\n<p>El c\u00e9sped artificial de Pawscape es incre\u00edblemente ligero, lo que hace que la instalaci\u00f3n sea muy sencilla. Es la soluci\u00f3n ideal para proyectos de bricolaje y ofrece menores costos de transporte y entrega. De hecho, es 30% m\u00e1s ligero que el c\u00e9sped normal.<\/p>\n<\/li>\n<li>\n<h4>Drenaje superior:<\/h4>\n<p>Con Pawscape, puede despedirse de las \u00e1reas empapadas y fangosas. El respaldo permeable 100% garantiza un drenaje superior, lo que permite que el c\u00e9sped se seque r\u00e1pidamente despu\u00e9s de la lluvia. Experimente un drenaje hasta 5 veces m\u00e1s r\u00e1pido en comparaci\u00f3n con el c\u00e9sped normal.<\/p>\n<\/li>\n<li>\n<h4>Excelente barrera contra malezas:<\/h4>\n<p>El dise\u00f1o de Pawscape incluye una funci\u00f3n resistente a las malas hierbas. La ausencia de orificios de drenaje elimina la posibilidad de malezas, proporcionando una soluci\u00f3n limpia y de bajo mantenimiento para el \u00e1rea de juego de su mascota. Disfrute de una tasa de sombreado 99%, evitando el crecimiento de malas hierbas no deseadas.<\/p>\n<\/li>\n<\/ol>\n<p>Invierta hoy en el c\u00e9sped artificial para mascotas Pawscape y cree un espacio seguro, limpio e higi\u00e9nico para que sus mascotas disfruten. Mejore la calidad de su tiempo de juego y asegure un ambiente saludable. Experimente la alegr\u00eda de vincularse con sus amigos peludos en el c\u00e9sped artificial de alta calidad de Pawscape.<\/p>\n<p><strong>Otras lecturas:<\/strong><\/p>\n<ul>\n<li class=\"bullet-arrow\"><a href=\"https:\/\/arturf.com\/es\/maintenance\/pet-urine-on-artificial-grass-and-how-to-remove-the-smell\/\"><span style=\"font-size: 14.4px;\">Orina de mascotas en c\u00e9sped artificial y c\u00f3mo eliminar el olor<\/span><\/a><\/li>\n<\/ul>\n\n\t<section class=\"section\" id=\"section_632508211\">\n\t\t<div class=\"section-bg fill\" >\n\t\t\t\t\t\t\t\t\t\n\t\t\t\n\n\t\t<\/div>\n\n\t\t\n\n\t\t<div class=\"section-content relative\">\n\t\t\t\n\n<div class=\"row\"  id=\"row-820163539\">\n\n\n\t<div id=\"col-1710705575\" class=\"col small-12 large-12\"  >\n\t\t\t\t<div class=\"col-inner text-center\"  >\n\t\t\t\n\t\t\t\n\n<h2>preguntas frecuentes<\/h2>\n\n\t\t<\/div>\n\t\t\t\t\t<\/div>\n\n\t\n\n<\/div>\n<div class=\"row align-center row-box-shadow-1\"  id=\"row-1757979661\">\n\n\n\t<div id=\"col-37930357\" class=\"col medium-10 small-12 large-9\"  >\n\t\t\t\t<div class=\"col-inner\" style=\"background-color:rgb(255,255,255);\" >\n\t\t\t\n\t\t\t\n\n<div class=\"accordion\">\n\n\t<div id=\"accordion-981650950\" class=\"accordion-item\">\n\t\t<a id=\"accordion-981650950-label\" class=\"accordion-title plain\" href=\"#accordion-item-can-you-customize-specifications-for-your-artificial-turf-products?\" aria-expanded=\"false\" aria-controls=\"accordion-981650950-content\">\n\t\t\t<button class=\"toggle\" aria-label=\"Palanca\"><i class=\"icon-angle-down\" aria-hidden=\"true\"><\/i><\/button>\n\t\t\t<span>\u00bfPuede personalizar las especificaciones de sus productos de c\u00e9sped artificial?<\/span>\n\t\t<\/a>\n\t\t<div id=\"accordion-981650950-content\" class=\"accordion-inner\" aria-labelledby=\"accordion-981650950-label\">\n\t\t\t\n\n<p>S\u00ed, ofrecemos opciones de personalizaci\u00f3n para el color, la forma del hilo, la altura del pelo, la densidad y el respaldo. Tambi\u00e9n podemos producir de acuerdo con una muestra proporcionada.<\/p>\n\n\t\t<\/div>\n\t<\/div>\n\t\n\t<div id=\"accordion-3910297937\" class=\"accordion-item\">\n\t\t<a id=\"accordion-3910297937-label\" class=\"accordion-title plain\" href=\"#accordion-item-do-you-have-stock?\" aria-expanded=\"false\" aria-controls=\"accordion-3910297937-content\">\n\t\t\t<button class=\"toggle\" aria-label=\"Palanca\"><i class=\"icon-angle-down\" aria-hidden=\"true\"><\/i><\/button>\n\t\t\t<span>\u00bfTiene existencias?<\/span>\n\t\t<\/a>\n\t\t<div id=\"accordion-3910297937-content\" class=\"accordion-inner\" aria-labelledby=\"accordion-3910297937-label\">\n\t\t\t\n\n<p>No, no mantenemos stock. Comenzamos la producci\u00f3n en base a pedidos espec\u00edficos.<\/p>\n\n\t\t<\/div>\n\t<\/div>\n\t\n\t<div id=\"accordion-3687460050\" class=\"accordion-item\">\n\t\t<a id=\"accordion-3687460050-label\" class=\"accordion-title plain\" href=\"#accordion-item-what-is-your-moq?\" aria-expanded=\"false\" aria-controls=\"accordion-3687460050-content\">\n\t\t\t<button class=\"toggle\" aria-label=\"Palanca\"><i class=\"icon-angle-down\" aria-hidden=\"true\"><\/i><\/button>\n\t\t\t<span>\u00bfCu\u00e1l es su MOQ?<\/span>\n\t\t<\/a>\n\t\t<div id=\"accordion-3687460050-content\" class=\"accordion-inner\" aria-labelledby=\"accordion-3687460050-label\">\n\t\t\t\n\n<p>Para la mayor\u00eda de los c\u00e9spedes artificiales, nuestra cantidad m\u00ednima de pedido (MOQ) es de 500 metros cuadrados. Para algunos productos de peso ligero, el pedido m\u00ednimo es de 800 metros cuadrados.<\/p>\n\n\t\t<\/div>\n\t<\/div>\n\t\n\t<div id=\"accordion-635407778\" class=\"accordion-item\">\n\t\t<a id=\"accordion-635407778-label\" class=\"accordion-title plain\" href=\"#accordion-item-what-are-the-width-and-length-options-for-artificial-grass?\" aria-expanded=\"false\" aria-controls=\"accordion-635407778-content\">\n\t\t\t<button class=\"toggle\" aria-label=\"Palanca\"><i class=\"icon-angle-down\" aria-hidden=\"true\"><\/i><\/button>\n\t\t\t<span>\u00bfCu\u00e1les son las opciones de ancho y largo para el c\u00e9sped artificial?<\/span>\n\t\t<\/a>\n\t\t<div id=\"accordion-635407778-content\" class=\"accordion-inner\" aria-labelledby=\"accordion-635407778-label\">\n\t\t\t\n\n<p>Nuestras opciones de ancho comunes son 2 m, 3,75 m, 3,95 m, 4 m y 5 m. La longitud se puede personalizar de acuerdo con los requisitos espec\u00edficos de su proyecto. Por defecto, mezclamos c\u00e9sped de 4 m de ancho y 2 m de ancho para optimizar el espacio del contenedor.<\/p>\n\n\t\t<\/div>\n\t<\/div>\n\t\n\t<div id=\"accordion-1164730773\" class=\"accordion-item\">\n\t\t<a id=\"accordion-1164730773-label\" class=\"accordion-title plain\" href=\"#accordion-item-what-information-do-you-need-to-provide-the-landed-cost-for-international-customers?\" aria-expanded=\"false\" aria-controls=\"accordion-1164730773-content\">\n\t\t\t<button class=\"toggle\" aria-label=\"Palanca\"><i class=\"icon-angle-down\" aria-hidden=\"true\"><\/i><\/button>\n\t\t\t<span>\u00bfQu\u00e9 informaci\u00f3n necesita para proporcionar el costo de entrega para clientes internacionales?<\/span>\n\t\t<\/a>\n\t\t<div id=\"accordion-1164730773-content\" class=\"accordion-inner\" aria-labelledby=\"accordion-1164730773-label\">\n\t\t\t\n\n<p>Para proporcionar el costo de desembarque, requerimos informaci\u00f3n sobre los detalles del producto, la cantidad y el puerto mar\u00edtimo de destino.<\/p>\n\n\t\t<\/div>\n\t<\/div>\n\t\n\n<\/div>\n\n\t\t<\/div>\n\t\t\t\t\t<\/div>\n\n\t\n\n\n<style>\n#row-1757979661 > .col > .col-inner {\n  padding: 0px 0px 0px 0px;\n}\n@media (min-width:550px) {\n  #row-1757979661 > .col > .col-inner {\n    padding: 30px 30px 30px 30px;\n  }\n}\n<\/style>\n<\/div>\n\n\t\t<\/div>\n\n\t\t\n<style>\n#section_632508211 {\n  padding-top: 60px;\n  padding-bottom: 60px;\n}\n<\/style>\n\t<\/section>\n\t\n<div class=\"row align-center\"  id=\"row-2145046818\">\n\n\n\t<div id=\"col-1257752492\" class=\"col medium-4 large-4\"  >\n\t\t\t\t<div class=\"col-inner\"  >\n\t\t\t\n\t<div class=\"is-border\"\n\t\tstyle=\"border-width:0px 0px 0px 0px;\">\n\t<\/div>\n\t\t\t\n\n\n\t\t<div class=\"icon-box featured-box icon-box-center text-center\"  style=\"margin:0px 0px 0px 0px;\">\n\t\t\t\t\t<div class=\"icon-box-img has-icon-bg\" style=\"width: 100px\">\n\t\t\t\t<div class=\"icon\">\n\t\t\t\t\t<div class=\"icon-inner\" style=\"border-width:2px;color:rgba(47, 159, 18, 0.88);\">\n\t\t\t\t\t\t<img loading=\"lazy\" decoding=\"async\" width=\"100\" height=\"100\" src=\"https:\/\/arturf.com\/wp-content\/uploads\/2018\/06\/Icon-Good-quality.png\" class=\"attachment-medium size-medium\" alt=\"C\u00e9sped artificial para mascotas, Pawscape\" srcset=\"https:\/\/arturf.com\/wp-content\/uploads\/2018\/06\/Icon-Good-quality.png 100w, https:\/\/arturf.com\/wp-content\/uploads\/2018\/06\/Icon-Good-quality-12x12.png 12w\" sizes=\"auto, (max-width: 100px) 100vw, 100px\" \/>\t\t\t\t\t<\/div>\n\t\t\t\t<\/div>\n\t\t\t<\/div>\n\t\t\t\t<div class=\"icon-box-text last-reset\">\n\t\t\t<h5 class=\"uppercase\">Calidad comprobada<\/h5>\t\t\t\t\t\t\n\n<p>C\u00e9sped artificial premium con resistencia a los rayos UV y al desgaste. Las s\u00f3lidas garant\u00edas aseguran una satisfacci\u00f3n duradera.<\/p>\n\n\t\t<\/div>\n\t<\/div>\n\t\n\t\n\n\t\t<\/div>\n\t\t\t\t\t<\/div>\n\n\t\n\n\t<div id=\"col-1246491343\" class=\"col medium-4 large-4\"  >\n\t\t\t\t<div class=\"col-inner\"  >\n\t\t\t\n\t<div class=\"is-border\"\n\t\tstyle=\"border-width:0px 0px 0px 0px;\">\n\t<\/div>\n\t\t\t\n\n\n\t\t<div class=\"icon-box featured-box icon-box-center text-center\"  style=\"margin:0px 0px 0px 0px;\">\n\t\t\t\t\t<div class=\"icon-box-img has-icon-bg\" style=\"width: 100px\">\n\t\t\t\t<div class=\"icon\">\n\t\t\t\t\t<div class=\"icon-inner\" style=\"border-width:2px;color:rgba(47, 159, 18, 0.88);\">\n\t\t\t\t\t\t<img loading=\"lazy\" decoding=\"async\" width=\"100\" height=\"100\" src=\"https:\/\/arturf.com\/wp-content\/uploads\/2018\/06\/Icon-Good-price.png\" class=\"attachment-medium size-medium\" alt=\"C\u00e9sped artificial para mascotas, Pawscape\" srcset=\"https:\/\/arturf.com\/wp-content\/uploads\/2018\/06\/Icon-Good-price.png 100w, https:\/\/arturf.com\/wp-content\/uploads\/2018\/06\/Icon-Good-price-12x12.png 12w\" sizes=\"auto, (max-width: 100px) 100vw, 100px\" \/>\t\t\t\t\t<\/div>\n\t\t\t\t<\/div>\n\t\t\t<\/div>\n\t\t\t\t<div class=\"icon-box-text last-reset\">\n\t\t\t<h5 class=\"uppercase\">Precio competitivo<\/h5>\t\t\t\t\t\t\n\n<p>Ofrecemos precios competitivos, fomentando el crecimiento mutuo y el \u00e9xito a largo plazo con nuestros estimados distribuidores.<\/p>\n\n\t\t<\/div>\n\t<\/div>\n\t\n\t\n\n\t\t<\/div>\n\t\t\t\t\t<\/div>\n\n\t\n\n\t<div id=\"col-1185245577\" class=\"col medium-4 large-4\"  >\n\t\t\t\t<div class=\"col-inner\"  >\n\t\t\t\n\t<div class=\"is-border\"\n\t\tstyle=\"border-width:0px 0px 0px 0px;\">\n\t<\/div>\n\t\t\t\n\n\n\t\t<div class=\"icon-box featured-box icon-box-center text-center\"  style=\"margin:0px 0px 0px 0px;\">\n\t\t\t\t\t<div class=\"icon-box-img has-icon-bg\" style=\"width: 100px\">\n\t\t\t\t<div class=\"icon\">\n\t\t\t\t\t<div class=\"icon-inner\" style=\"border-width:2px;color:rgba(47, 159, 18, 0.88);\">\n\t\t\t\t\t\t<img loading=\"lazy\" decoding=\"async\" width=\"100\" height=\"100\" src=\"https:\/\/arturf.com\/wp-content\/uploads\/2018\/06\/Icon-tailor-made.png\" class=\"attachment-medium size-medium\" alt=\"C\u00e9sped artificial para mascotas, Pawscape\" srcset=\"https:\/\/arturf.com\/wp-content\/uploads\/2018\/06\/Icon-tailor-made.png 100w, https:\/\/arturf.com\/wp-content\/uploads\/2018\/06\/Icon-tailor-made-12x12.png 12w\" sizes=\"auto, (max-width: 100px) 100vw, 100px\" \/>\t\t\t\t\t<\/div>\n\t\t\t\t<\/div>\n\t\t\t<\/div>\n\t\t\t\t<div class=\"icon-box-text last-reset\">\n\t\t\t<h5 class=\"uppercase\">Soluciones personalizadas<\/h5>\t\t\t\t\t\t\n\n<p>Libere el potencial del mercado con diversas opciones de c\u00e9sped artificial. <a href=\"https:\/\/arturf.com\/es\/buyers-guide\/customized-artificial-grass-products\/\">Adaptado a necesidades o muestras \u00fanicas<\/a>.<\/p>\n\n\t\t<\/div>\n\t<\/div>\n\t\n\t\n\n\t\t<\/div>\n\t\t\t\t\t<\/div>\n\n\t\n\n<\/div>","protected":false},"excerpt":{"rendered":"<p>Experimente el c\u00e9sped artificial para mascotas Pawscape para un entorno seguro, limpio e higi\u00e9nico para sus mascotas. Proporciona un espacio divertido para jugar mientras inhibe las bacterias y los olores, lo que garantiza una experiencia saludable. Disfruta de momentos de calidad con tus amigos peludos en Pawscape.<\/p>","protected":false},"featured_media":19066,"template":"","meta":{"_seopress_robots_primary_cat":"","_seopress_titles_title":"Pawscape Pet Artificial Grass- Inhibit Bacteria &amp; Odors","_seopress_titles_desc":"","_seopress_robots_index":""},"product_brand":[],"product_cat":[64],"product_tag":[],"class_list":{"0":"post-18786","1":"product","2":"type-product","3":"status-publish","4":"has-post-thumbnail","6":"product_cat-landscape","8":"first","9":"instock","10":"shipping-taxable","11":"product-type-simple"},"_links":{"self":[{"href":"https:\/\/arturf.com\/es\/wp-json\/wp\/v2\/product\/18786","targetHints":{"allow":["GET"]}}],"collection":[{"href":"https:\/\/arturf.com\/es\/wp-json\/wp\/v2\/product"}],"about":[{"href":"https:\/\/arturf.com\/es\/wp-json\/wp\/v2\/types\/product"}],"wp:featuredmedia":[{"embeddable":true,"href":"https:\/\/arturf.com\/es\/wp-json\/wp\/v2\/media\/19066"}],"wp:attachment":[{"href":"https:\/\/arturf.com\/es\/wp-json\/wp\/v2\/media?parent=18786"}],"wp:term":[{"taxonomy":"product_brand","embeddable":true,"href":"https:\/\/arturf.com\/es\/wp-json\/wp\/v2\/product_brand?post=18786"},{"taxonomy":"product_cat","embeddable":true,"href":"https:\/\/arturf.com\/es\/wp-json\/wp\/v2\/product_cat?post=18786"},{"taxonomy":"product_tag","embeddable":true,"href":"https:\/\/arturf.com\/es\/wp-json\/wp\/v2\/product_tag?post=18786"}],"curies":[{"name":"gracias","href":"https:\/\/api.w.org\/{rel}","templated":true}]}}