{"id":19373,"date":"2023-09-06T21:57:13","date_gmt":"2023-09-06T13:57:13","guid":{"rendered":"https:\/\/arturf.com\/?post_type=product&#038;p=19373"},"modified":"2023-09-08T10:27:27","modified_gmt":"2023-09-08T02:27:27","slug":"rubber-tiles","status":"publish","type":"product","link":"https:\/\/arturf.com\/es\/product\/rubber-tiles\/","title":{"rendered":"Baldosas de caucho"},"content":{"rendered":"<p>Nuestras losetas de caucho para pisos est\u00e1n dise\u00f1adas para soportar las condiciones m\u00e1s duras, lo que las convierte en la mejor opci\u00f3n para aplicaciones de pisos de primera calidad.<\/p>\n<p>Ofrecemos una amplia selecci\u00f3n de productos de baldosas de caucho adecuados tanto para \u00e1reas de juego al aire libre como para pisos de gimnasios en interiores. Proporcionan protecci\u00f3n y amortiguaci\u00f3n cruciales, especialmente para los jugadores que corren el riesgo de sufrir ca\u00eddas mientras juegan o participan en actividades f\u00edsicas.<\/p>\n<h3>Baldosas de caucho para patios de juegos al aire libre:<\/h3>\n<p>Estas losetas de caucho est\u00e1n dise\u00f1adas espec\u00edficamente para su uso en parques infantiles y sirven como una superficie confiable tanto para los ni\u00f1os peque\u00f1os como para los equipos de juego.<\/p>\n<ul>\n<li class=\"bullet-arrow\"><strong>Talla:<\/strong> 50 x 50 cm.<\/li>\n<li class=\"bullet-arrow\"><strong>Opciones de espesor:<\/strong> 20 mm, 25 mm, 30 mm, 35 mm, 40 mm, 45 mm, 50 mm<\/li>\n<li class=\"bullet-arrow\"><strong>Color est\u00e1ndar: <\/strong>Negro, Rojo, Verde<\/li>\n<li class=\"bullet-arrow\"><strong>Color personalizable:<\/strong> Amarillo, Azul, Gris<\/li>\n<\/ul>\n<h4>Galer\u00eda<\/h4>\n\n  \n    <div class=\"row large-columns-5 medium-columns-3 small-columns-2\" >\n  <div class=\"gallery-col col\" >\n          <div class=\"col-inner\">\n            <a class=\"image-lightbox lightbox-gallery\" href=\"https:\/\/arturf.com\/wp-content\/uploads\/2023\/09\/Outdoor-Rubber-Tiles-Teamsports-1-1.jpg\" title=\"\">            <div class=\"box has-hover gallery-box box-overlay dark\">\n              <div class=\"box-image\" >\n                <img loading=\"lazy\" decoding=\"async\" width=\"500\" height=\"375\" src=\"https:\/\/arturf.com\/wp-content\/uploads\/2023\/09\/Outdoor-Rubber-Tiles-Teamsports-1-1-500x375.jpg\" class=\"attachment-medium size-medium\" alt=\"Baldosas de caucho\" ids=\"19381,19382,19383,19384,19385\" columns=\"5\" srcset=\"https:\/\/arturf.com\/wp-content\/uploads\/2023\/09\/Outdoor-Rubber-Tiles-Teamsports-1-1-500x375.jpg 500w, https:\/\/arturf.com\/wp-content\/uploads\/2023\/09\/Outdoor-Rubber-Tiles-Teamsports-1-1-200x150.jpg 200w, https:\/\/arturf.com\/wp-content\/uploads\/2023\/09\/Outdoor-Rubber-Tiles-Teamsports-1-1-768x576.jpg 768w, https:\/\/arturf.com\/wp-content\/uploads\/2023\/09\/Outdoor-Rubber-Tiles-Teamsports-1-1-16x12.jpg 16w, https:\/\/arturf.com\/wp-content\/uploads\/2023\/09\/Outdoor-Rubber-Tiles-Teamsports-1-1-350x263.jpg 350w, https:\/\/arturf.com\/wp-content\/uploads\/2023\/09\/Outdoor-Rubber-Tiles-Teamsports-1-1-510x383.jpg 510w, https:\/\/arturf.com\/wp-content\/uploads\/2023\/09\/Outdoor-Rubber-Tiles-Teamsports-1-1.jpg 1000w\" sizes=\"auto, (max-width: 500px) 100vw, 500px\" \/>                                  <div class=\"overlay fill\"\n                      style=\"background-color: rgba(0,0,0,.15)\">\n                  <\/div>\n                                                              <\/div>\n              <div class=\"box-text text-left\" >\n                 <p><\/p>\n              <\/div>\n            <\/div>\n            <\/a>          <\/div>\n         <\/div><div class=\"gallery-col col\" >\n          <div class=\"col-inner\">\n            <a class=\"image-lightbox lightbox-gallery\" href=\"https:\/\/arturf.com\/wp-content\/uploads\/2023\/09\/Outdoor-Rubber-Tiles-Teamsports-2.jpg\" title=\"\">            <div class=\"box has-hover gallery-box box-overlay dark\">\n              <div class=\"box-image\" >\n                <img loading=\"lazy\" decoding=\"async\" width=\"500\" height=\"375\" src=\"https:\/\/arturf.com\/wp-content\/uploads\/2023\/09\/Outdoor-Rubber-Tiles-Teamsports-2-500x375.jpg\" class=\"attachment-medium size-medium\" alt=\"Baldosas de caucho\" ids=\"19381,19382,19383,19384,19385\" columns=\"5\" srcset=\"https:\/\/arturf.com\/wp-content\/uploads\/2023\/09\/Outdoor-Rubber-Tiles-Teamsports-2-500x375.jpg 500w, https:\/\/arturf.com\/wp-content\/uploads\/2023\/09\/Outdoor-Rubber-Tiles-Teamsports-2-200x150.jpg 200w, https:\/\/arturf.com\/wp-content\/uploads\/2023\/09\/Outdoor-Rubber-Tiles-Teamsports-2-768x576.jpg 768w, https:\/\/arturf.com\/wp-content\/uploads\/2023\/09\/Outdoor-Rubber-Tiles-Teamsports-2-16x12.jpg 16w, https:\/\/arturf.com\/wp-content\/uploads\/2023\/09\/Outdoor-Rubber-Tiles-Teamsports-2-350x263.jpg 350w, https:\/\/arturf.com\/wp-content\/uploads\/2023\/09\/Outdoor-Rubber-Tiles-Teamsports-2-510x383.jpg 510w, https:\/\/arturf.com\/wp-content\/uploads\/2023\/09\/Outdoor-Rubber-Tiles-Teamsports-2.jpg 1000w\" sizes=\"auto, (max-width: 500px) 100vw, 500px\" \/>                                  <div class=\"overlay fill\"\n                      style=\"background-color: rgba(0,0,0,.15)\">\n                  <\/div>\n                                                              <\/div>\n              <div class=\"box-text text-left\" >\n                 <p><\/p>\n              <\/div>\n            <\/div>\n            <\/a>          <\/div>\n         <\/div><div class=\"gallery-col col\" >\n          <div class=\"col-inner\">\n            <a class=\"image-lightbox lightbox-gallery\" href=\"https:\/\/arturf.com\/wp-content\/uploads\/2023\/09\/Outdoor-Rubber-Tiles-Teamsports-3.jpg\" title=\"\">            <div class=\"box has-hover gallery-box box-overlay dark\">\n              <div class=\"box-image\" >\n                <img loading=\"lazy\" decoding=\"async\" width=\"500\" height=\"375\" src=\"https:\/\/arturf.com\/wp-content\/uploads\/2023\/09\/Outdoor-Rubber-Tiles-Teamsports-3-500x375.jpg\" class=\"attachment-medium size-medium\" alt=\"Baldosas de caucho\" ids=\"19381,19382,19383,19384,19385\" columns=\"5\" srcset=\"https:\/\/arturf.com\/wp-content\/uploads\/2023\/09\/Outdoor-Rubber-Tiles-Teamsports-3-500x375.jpg 500w, https:\/\/arturf.com\/wp-content\/uploads\/2023\/09\/Outdoor-Rubber-Tiles-Teamsports-3-200x150.jpg 200w, https:\/\/arturf.com\/wp-content\/uploads\/2023\/09\/Outdoor-Rubber-Tiles-Teamsports-3-768x575.jpg 768w, https:\/\/arturf.com\/wp-content\/uploads\/2023\/09\/Outdoor-Rubber-Tiles-Teamsports-3-16x12.jpg 16w, https:\/\/arturf.com\/wp-content\/uploads\/2023\/09\/Outdoor-Rubber-Tiles-Teamsports-3-350x263.jpg 350w, https:\/\/arturf.com\/wp-content\/uploads\/2023\/09\/Outdoor-Rubber-Tiles-Teamsports-3-510x382.jpg 510w, https:\/\/arturf.com\/wp-content\/uploads\/2023\/09\/Outdoor-Rubber-Tiles-Teamsports-3.jpg 1000w\" sizes=\"auto, (max-width: 500px) 100vw, 500px\" \/>                                  <div class=\"overlay fill\"\n                      style=\"background-color: rgba(0,0,0,.15)\">\n                  <\/div>\n                                                              <\/div>\n              <div class=\"box-text text-left\" >\n                 <p><\/p>\n              <\/div>\n            <\/div>\n            <\/a>          <\/div>\n         <\/div><div class=\"gallery-col col\" >\n          <div class=\"col-inner\">\n            <a class=\"image-lightbox lightbox-gallery\" href=\"https:\/\/arturf.com\/wp-content\/uploads\/2023\/09\/Outdoor-Rubber-Tiles-Teamsports-4.jpg\" title=\"\">            <div class=\"box has-hover gallery-box box-overlay dark\">\n              <div class=\"box-image\" >\n                <img loading=\"lazy\" decoding=\"async\" width=\"500\" height=\"375\" src=\"https:\/\/arturf.com\/wp-content\/uploads\/2023\/09\/Outdoor-Rubber-Tiles-Teamsports-4-500x375.jpg\" class=\"attachment-medium size-medium\" alt=\"Baldosas de caucho\" ids=\"19381,19382,19383,19384,19385\" columns=\"5\" srcset=\"https:\/\/arturf.com\/wp-content\/uploads\/2023\/09\/Outdoor-Rubber-Tiles-Teamsports-4-500x375.jpg 500w, https:\/\/arturf.com\/wp-content\/uploads\/2023\/09\/Outdoor-Rubber-Tiles-Teamsports-4-200x150.jpg 200w, https:\/\/arturf.com\/wp-content\/uploads\/2023\/09\/Outdoor-Rubber-Tiles-Teamsports-4-768x576.jpg 768w, https:\/\/arturf.com\/wp-content\/uploads\/2023\/09\/Outdoor-Rubber-Tiles-Teamsports-4-16x12.jpg 16w, https:\/\/arturf.com\/wp-content\/uploads\/2023\/09\/Outdoor-Rubber-Tiles-Teamsports-4-350x263.jpg 350w, https:\/\/arturf.com\/wp-content\/uploads\/2023\/09\/Outdoor-Rubber-Tiles-Teamsports-4-510x383.jpg 510w, https:\/\/arturf.com\/wp-content\/uploads\/2023\/09\/Outdoor-Rubber-Tiles-Teamsports-4.jpg 1000w\" sizes=\"auto, (max-width: 500px) 100vw, 500px\" \/>                                  <div class=\"overlay fill\"\n                      style=\"background-color: rgba(0,0,0,.15)\">\n                  <\/div>\n                                                              <\/div>\n              <div class=\"box-text text-left\" >\n                 <p><\/p>\n              <\/div>\n            <\/div>\n            <\/a>          <\/div>\n         <\/div><div class=\"gallery-col col\" >\n          <div class=\"col-inner\">\n            <a class=\"image-lightbox lightbox-gallery\" href=\"https:\/\/arturf.com\/wp-content\/uploads\/2023\/09\/Outdoor-Rubber-Tiles-Teamsports-5.jpg\" title=\"\">            <div class=\"box has-hover gallery-box box-overlay dark\">\n              <div class=\"box-image\" >\n                <img loading=\"lazy\" decoding=\"async\" width=\"500\" height=\"375\" src=\"https:\/\/arturf.com\/wp-content\/uploads\/2023\/09\/Outdoor-Rubber-Tiles-Teamsports-5-500x375.jpg\" class=\"attachment-medium size-medium\" alt=\"Baldosas de caucho\" ids=\"19381,19382,19383,19384,19385\" columns=\"5\" srcset=\"https:\/\/arturf.com\/wp-content\/uploads\/2023\/09\/Outdoor-Rubber-Tiles-Teamsports-5-500x375.jpg 500w, https:\/\/arturf.com\/wp-content\/uploads\/2023\/09\/Outdoor-Rubber-Tiles-Teamsports-5-200x150.jpg 200w, https:\/\/arturf.com\/wp-content\/uploads\/2023\/09\/Outdoor-Rubber-Tiles-Teamsports-5-768x576.jpg 768w, https:\/\/arturf.com\/wp-content\/uploads\/2023\/09\/Outdoor-Rubber-Tiles-Teamsports-5-16x12.jpg 16w, https:\/\/arturf.com\/wp-content\/uploads\/2023\/09\/Outdoor-Rubber-Tiles-Teamsports-5-350x263.jpg 350w, https:\/\/arturf.com\/wp-content\/uploads\/2023\/09\/Outdoor-Rubber-Tiles-Teamsports-5-510x383.jpg 510w, https:\/\/arturf.com\/wp-content\/uploads\/2023\/09\/Outdoor-Rubber-Tiles-Teamsports-5.jpg 1000w\" sizes=\"auto, (max-width: 500px) 100vw, 500px\" \/>                                  <div class=\"overlay fill\"\n                      style=\"background-color: rgba(0,0,0,.15)\">\n                  <\/div>\n                                                              <\/div>\n              <div class=\"box-text text-left\" >\n                 <p><\/p>\n              <\/div>\n            <\/div>\n            <\/a>          <\/div>\n         <\/div><\/div>\n<p><span style=\"font-size: 20.16px;\">Baldosas de caucho entrelazadas para interiores:<\/span><\/p>\n<p>Nuestras losetas de caucho para interiores cuentan con un innovador mecanismo de enclavamiento que emplea pasadores conectores de pl\u00e1stico resistentes. Cada loseta de caucho incorpora dos orificios en los cuatro lados, lo que da como resultado un total de cinco pines conectores por loseta. Estos pasadores est\u00e1n fabricados con pl\u00e1stico resistente con bordes con casquillos que los anclan de forma segura dentro de la loseta una vez insertados. El proceso de instalaci\u00f3n es sencillo, lo que elimina la necesidad de utilizar pegamento complicado o costosos instaladores profesionales. Con nuestro dise\u00f1o apto para bricolaje, cualquiera puede lograr f\u00e1cilmente una soluci\u00f3n de piso duradera y sin costuras.<\/p>\n<ul>\n<li class=\"bullet-arrow\"><strong>Talla:<\/strong> 50 cm x 50 cm, 100 cm x 100 cm<\/li>\n<li class=\"bullet-arrow\"><strong>Opciones de espesor:<\/strong> 15 mm, 20 mm, 25 mm, 30 mm, 35 mm, 40 mm, 45 mm, 50 mm<\/li>\n<li class=\"bullet-arrow\"><strong>Color: <\/strong>cont\u00e1ctenos para m\u00e1s informaci\u00f3n.<\/li>\n<\/ul>\n<h4>Galer\u00eda<\/p>\n<\/h4>\n\n  \n    <div class=\"row large-columns-5 medium-columns-3 small-columns-2\" >\n  <div class=\"gallery-col col\" >\n          <div class=\"col-inner\">\n            <a class=\"image-lightbox lightbox-gallery\" href=\"https:\/\/arturf.com\/wp-content\/uploads\/2023\/09\/Gym-Rubber-Tiles-Teamsports-1.jpg\" title=\"\">            <div class=\"box has-hover gallery-box box-overlay dark\">\n              <div class=\"box-image\" >\n                <img loading=\"lazy\" decoding=\"async\" width=\"500\" height=\"375\" src=\"https:\/\/arturf.com\/wp-content\/uploads\/2023\/09\/Gym-Rubber-Tiles-Teamsports-1-500x375.jpg\" class=\"attachment-medium size-medium\" alt=\"Baldosas de caucho\" ids=\"19376,19377,19378,19379,19380\" columns=\"5\" srcset=\"https:\/\/arturf.com\/wp-content\/uploads\/2023\/09\/Gym-Rubber-Tiles-Teamsports-1-500x375.jpg 500w, https:\/\/arturf.com\/wp-content\/uploads\/2023\/09\/Gym-Rubber-Tiles-Teamsports-1-200x150.jpg 200w, https:\/\/arturf.com\/wp-content\/uploads\/2023\/09\/Gym-Rubber-Tiles-Teamsports-1-768x576.jpg 768w, https:\/\/arturf.com\/wp-content\/uploads\/2023\/09\/Gym-Rubber-Tiles-Teamsports-1-16x12.jpg 16w, https:\/\/arturf.com\/wp-content\/uploads\/2023\/09\/Gym-Rubber-Tiles-Teamsports-1-350x263.jpg 350w, https:\/\/arturf.com\/wp-content\/uploads\/2023\/09\/Gym-Rubber-Tiles-Teamsports-1-510x383.jpg 510w, https:\/\/arturf.com\/wp-content\/uploads\/2023\/09\/Gym-Rubber-Tiles-Teamsports-1.jpg 1000w\" sizes=\"auto, (max-width: 500px) 100vw, 500px\" \/>                                  <div class=\"overlay fill\"\n                      style=\"background-color: rgba(0,0,0,.15)\">\n                  <\/div>\n                                                              <\/div>\n              <div class=\"box-text text-left\" >\n                 <p><\/p>\n              <\/div>\n            <\/div>\n            <\/a>          <\/div>\n         <\/div><div class=\"gallery-col col\" >\n          <div class=\"col-inner\">\n            <a class=\"image-lightbox lightbox-gallery\" href=\"https:\/\/arturf.com\/wp-content\/uploads\/2023\/09\/Gym-Rubber-Tiles-Teamsports-2.jpg\" title=\"\">            <div class=\"box has-hover gallery-box box-overlay dark\">\n              <div class=\"box-image\" >\n                <img loading=\"lazy\" decoding=\"async\" width=\"500\" height=\"375\" src=\"https:\/\/arturf.com\/wp-content\/uploads\/2023\/09\/Gym-Rubber-Tiles-Teamsports-2-500x375.jpg\" class=\"attachment-medium size-medium\" alt=\"Baldosas de caucho\" ids=\"19376,19377,19378,19379,19380\" columns=\"5\" srcset=\"https:\/\/arturf.com\/wp-content\/uploads\/2023\/09\/Gym-Rubber-Tiles-Teamsports-2-500x375.jpg 500w, https:\/\/arturf.com\/wp-content\/uploads\/2023\/09\/Gym-Rubber-Tiles-Teamsports-2-200x150.jpg 200w, https:\/\/arturf.com\/wp-content\/uploads\/2023\/09\/Gym-Rubber-Tiles-Teamsports-2-768x576.jpg 768w, https:\/\/arturf.com\/wp-content\/uploads\/2023\/09\/Gym-Rubber-Tiles-Teamsports-2-16x12.jpg 16w, https:\/\/arturf.com\/wp-content\/uploads\/2023\/09\/Gym-Rubber-Tiles-Teamsports-2-350x263.jpg 350w, https:\/\/arturf.com\/wp-content\/uploads\/2023\/09\/Gym-Rubber-Tiles-Teamsports-2-510x383.jpg 510w, https:\/\/arturf.com\/wp-content\/uploads\/2023\/09\/Gym-Rubber-Tiles-Teamsports-2.jpg 1000w\" sizes=\"auto, (max-width: 500px) 100vw, 500px\" \/>                                  <div class=\"overlay fill\"\n                      style=\"background-color: rgba(0,0,0,.15)\">\n                  <\/div>\n                                                              <\/div>\n              <div class=\"box-text text-left\" >\n                 <p><\/p>\n              <\/div>\n            <\/div>\n            <\/a>          <\/div>\n         <\/div><div class=\"gallery-col col\" >\n          <div class=\"col-inner\">\n            <a class=\"image-lightbox lightbox-gallery\" href=\"https:\/\/arturf.com\/wp-content\/uploads\/2023\/09\/Gym-Rubber-Tiles-Teamsports-3.jpg\" title=\"\">            <div class=\"box has-hover gallery-box box-overlay dark\">\n              <div class=\"box-image\" >\n                <img loading=\"lazy\" decoding=\"async\" width=\"500\" height=\"375\" src=\"https:\/\/arturf.com\/wp-content\/uploads\/2023\/09\/Gym-Rubber-Tiles-Teamsports-3-500x375.jpg\" class=\"attachment-medium size-medium\" alt=\"Baldosas de caucho\" ids=\"19376,19377,19378,19379,19380\" columns=\"5\" srcset=\"https:\/\/arturf.com\/wp-content\/uploads\/2023\/09\/Gym-Rubber-Tiles-Teamsports-3-500x375.jpg 500w, https:\/\/arturf.com\/wp-content\/uploads\/2023\/09\/Gym-Rubber-Tiles-Teamsports-3-200x150.jpg 200w, https:\/\/arturf.com\/wp-content\/uploads\/2023\/09\/Gym-Rubber-Tiles-Teamsports-3-768x575.jpg 768w, https:\/\/arturf.com\/wp-content\/uploads\/2023\/09\/Gym-Rubber-Tiles-Teamsports-3-16x12.jpg 16w, https:\/\/arturf.com\/wp-content\/uploads\/2023\/09\/Gym-Rubber-Tiles-Teamsports-3-350x263.jpg 350w, https:\/\/arturf.com\/wp-content\/uploads\/2023\/09\/Gym-Rubber-Tiles-Teamsports-3-510x382.jpg 510w, https:\/\/arturf.com\/wp-content\/uploads\/2023\/09\/Gym-Rubber-Tiles-Teamsports-3.jpg 1000w\" sizes=\"auto, (max-width: 500px) 100vw, 500px\" \/>                                  <div class=\"overlay fill\"\n                      style=\"background-color: rgba(0,0,0,.15)\">\n                  <\/div>\n                                                              <\/div>\n              <div class=\"box-text text-left\" >\n                 <p><\/p>\n              <\/div>\n            <\/div>\n            <\/a>          <\/div>\n         <\/div><div class=\"gallery-col col\" >\n          <div class=\"col-inner\">\n            <a class=\"image-lightbox lightbox-gallery\" href=\"https:\/\/arturf.com\/wp-content\/uploads\/2023\/09\/Gym-Rubber-Tiles-Teamsports-4.jpg\" title=\"\">            <div class=\"box has-hover gallery-box box-overlay dark\">\n              <div class=\"box-image\" >\n                <img loading=\"lazy\" decoding=\"async\" width=\"500\" height=\"375\" src=\"https:\/\/arturf.com\/wp-content\/uploads\/2023\/09\/Gym-Rubber-Tiles-Teamsports-4-500x375.jpg\" class=\"attachment-medium size-medium\" alt=\"Baldosas de caucho\" ids=\"19376,19377,19378,19379,19380\" columns=\"5\" srcset=\"https:\/\/arturf.com\/wp-content\/uploads\/2023\/09\/Gym-Rubber-Tiles-Teamsports-4-500x375.jpg 500w, https:\/\/arturf.com\/wp-content\/uploads\/2023\/09\/Gym-Rubber-Tiles-Teamsports-4-200x150.jpg 200w, https:\/\/arturf.com\/wp-content\/uploads\/2023\/09\/Gym-Rubber-Tiles-Teamsports-4-768x576.jpg 768w, https:\/\/arturf.com\/wp-content\/uploads\/2023\/09\/Gym-Rubber-Tiles-Teamsports-4-16x12.jpg 16w, https:\/\/arturf.com\/wp-content\/uploads\/2023\/09\/Gym-Rubber-Tiles-Teamsports-4-350x263.jpg 350w, https:\/\/arturf.com\/wp-content\/uploads\/2023\/09\/Gym-Rubber-Tiles-Teamsports-4-510x383.jpg 510w, https:\/\/arturf.com\/wp-content\/uploads\/2023\/09\/Gym-Rubber-Tiles-Teamsports-4.jpg 1000w\" sizes=\"auto, (max-width: 500px) 100vw, 500px\" \/>                                  <div class=\"overlay fill\"\n                      style=\"background-color: rgba(0,0,0,.15)\">\n                  <\/div>\n                                                              <\/div>\n              <div class=\"box-text text-left\" >\n                 <p><\/p>\n              <\/div>\n            <\/div>\n            <\/a>          <\/div>\n         <\/div><div class=\"gallery-col col\" >\n          <div class=\"col-inner\">\n            <a class=\"image-lightbox lightbox-gallery\" href=\"https:\/\/arturf.com\/wp-content\/uploads\/2023\/09\/Gym-Rubber-Tiles-Teamsports-5.jpg\" title=\"\">            <div class=\"box has-hover gallery-box box-overlay dark\">\n              <div class=\"box-image\" >\n                <img loading=\"lazy\" decoding=\"async\" width=\"500\" height=\"375\" src=\"https:\/\/arturf.com\/wp-content\/uploads\/2023\/09\/Gym-Rubber-Tiles-Teamsports-5-500x375.jpg\" class=\"attachment-medium size-medium\" alt=\"Baldosas de caucho\" ids=\"19376,19377,19378,19379,19380\" columns=\"5\" srcset=\"https:\/\/arturf.com\/wp-content\/uploads\/2023\/09\/Gym-Rubber-Tiles-Teamsports-5-500x375.jpg 500w, https:\/\/arturf.com\/wp-content\/uploads\/2023\/09\/Gym-Rubber-Tiles-Teamsports-5-200x150.jpg 200w, https:\/\/arturf.com\/wp-content\/uploads\/2023\/09\/Gym-Rubber-Tiles-Teamsports-5-768x576.jpg 768w, https:\/\/arturf.com\/wp-content\/uploads\/2023\/09\/Gym-Rubber-Tiles-Teamsports-5-16x12.jpg 16w, https:\/\/arturf.com\/wp-content\/uploads\/2023\/09\/Gym-Rubber-Tiles-Teamsports-5-350x263.jpg 350w, https:\/\/arturf.com\/wp-content\/uploads\/2023\/09\/Gym-Rubber-Tiles-Teamsports-5-510x383.jpg 510w, https:\/\/arturf.com\/wp-content\/uploads\/2023\/09\/Gym-Rubber-Tiles-Teamsports-5.jpg 1000w\" sizes=\"auto, (max-width: 500px) 100vw, 500px\" \/>                                  <div class=\"overlay fill\"\n                      style=\"background-color: rgba(0,0,0,.15)\">\n                  <\/div>\n                                                              <\/div>\n              <div class=\"box-text text-left\" >\n                 <p><\/p>\n              <\/div>\n            <\/div>\n            <\/a>          <\/div>\n         <\/div><\/div>","protected":false},"excerpt":{"rendered":"<p>Nuestras losetas de caucho gruesas est\u00e1n construidas de manera resistente para soportar el uso intensivo en gimnasios, parques infantiles o como protecci\u00f3n de pisos. F\u00e1cil instalaci\u00f3n de bricolaje con dise\u00f1o entrelazado (baldosas de goma para interiores). Hay opciones disponibles tanto para aplicaciones interiores como exteriores.<\/p>","protected":false},"featured_media":19374,"template":"","meta":{"_seopress_robots_primary_cat":"","_seopress_titles_title":"Outdoor Playground Rubber Tiles &amp; Indoor Interlocking Rubber Tiles","_seopress_titles_desc":"","_seopress_robots_index":""},"product_brand":[],"product_cat":[831],"product_tag":[],"class_list":{"0":"post-19373","1":"product","2":"type-product","3":"status-publish","4":"has-post-thumbnail","6":"product_cat-extras","8":"first","9":"instock","10":"shipping-taxable","11":"product-type-simple"},"_links":{"self":[{"href":"https:\/\/arturf.com\/es\/wp-json\/wp\/v2\/product\/19373","targetHints":{"allow":["GET"]}}],"collection":[{"href":"https:\/\/arturf.com\/es\/wp-json\/wp\/v2\/product"}],"about":[{"href":"https:\/\/arturf.com\/es\/wp-json\/wp\/v2\/types\/product"}],"wp:featuredmedia":[{"embeddable":true,"href":"https:\/\/arturf.com\/es\/wp-json\/wp\/v2\/media\/19374"}],"wp:attachment":[{"href":"https:\/\/arturf.com\/es\/wp-json\/wp\/v2\/media?parent=19373"}],"wp:term":[{"taxonomy":"product_brand","embeddable":true,"href":"https:\/\/arturf.com\/es\/wp-json\/wp\/v2\/product_brand?post=19373"},{"taxonomy":"product_cat","embeddable":true,"href":"https:\/\/arturf.com\/es\/wp-json\/wp\/v2\/product_cat?post=19373"},{"taxonomy":"product_tag","embeddable":true,"href":"https:\/\/arturf.com\/es\/wp-json\/wp\/v2\/product_tag?post=19373"}],"curies":[{"name":"gracias","href":"https:\/\/api.w.org\/{rel}","templated":true}]}}