{"id":19515,"date":"2023-09-27T17:49:19","date_gmt":"2023-09-27T09:49:19","guid":{"rendered":"https:\/\/arturf.com\/?post_type=product&#038;p=19515"},"modified":"2025-06-02T15:47:15","modified_gmt":"2025-06-02T07:47:15","slug":"padel-flex","status":"publish","type":"product","link":"https:\/\/arturf.com\/es\/product\/padel-flex\/","title":{"rendered":"PadelFlex"},"content":{"rendered":"<p>PadelFlex es un sistema de c\u00e9sped artificial de primer nivel dise\u00f1ado para mejorar la experiencia en la pista de p\u00e1del. Es igualmente competente para el tenis y las superficies polideportivas. PadelFlex, compuesto por monofilamentos texturizados, garantiza un rendimiento y una longevidad superiores.<\/p>\n<p><strong>Caracter\u00edsticas clave:<\/strong><\/p>\n<ol>\n<li><strong>\u00a0Consistencia del rebote:<\/strong> <br \/>PadelFlex garantiza un rebote angular y vertical constante en las pistas de p\u00e1del. Ya sea que la pelota golpee la superficie o las paredes de vidrio, los jugadores pueden confiar en caracter\u00edsticas de rebote uniformes durante todo el juego.<\/li>\n<li><strong style=\"color: #555555; font-size: 14.4px;\">Durabilidad:<\/strong><span style=\"color: #555555; font-size: 14.4px;\"> <br \/>Gracias a su construcci\u00f3n robusta y a su fibra y respaldo extremadamente resistentes, PadelFlex mantiene un alto rendimiento incluso bajo un uso intenso. Las fibras texturizadas ayudan a retener el relleno de arena, mejorando la estabilidad de la cancha y reduciendo el desgaste tanto de las fibras como de las bolas.<\/span><\/li>\n<li><strong style=\"color: #555555; font-size: 14.4px;\">Versatilidad:<\/strong><span style=\"color: #555555; font-size: 14.4px;\"> <br \/>PadelFlex est\u00e1 dise\u00f1ado para un uso vers\u00e1til. Ya sea que est\u00e9 instalando una cancha de p\u00e1del cubierta o al aire libre, o incluso considerando una aplicaci\u00f3n de tenis o multideporte, este sistema de c\u00e9sped sint\u00e9tico ofrece resultados excepcionales en diversos escenarios deportivos.<\/span><\/li>\n<li><strong style=\"color: #555555; font-size: 14.4px;\">Juego mejorado:<\/strong><span style=\"color: #555555; font-size: 14.4px;\"> <br \/>Los monofilamentos texturizados contribuyen a una superficie de juego suave y confiable, mejorando la experiencia de juego general. Garantiza que los jugadores puedan concentrarse en sus habilidades sin verse obstaculizados por rebotes inconsistentes o problemas relacionados con el desgaste.<\/span><\/li>\n<li><strong style=\"color: #555555; font-size: 14.4px;\">Sostenibilidad:<\/strong><span style=\"color: #555555; font-size: 14.4px;\"> <br \/>PadelFlex est\u00e1 dise\u00f1ado pensando en la sostenibilidad. Su rendimiento duradero reduce la necesidad de reemplazos frecuentes, lo que genera menos desperdicio y una opci\u00f3n m\u00e1s ecol\u00f3gica para las instalaciones deportivas.<\/span><\/li>\n<\/ol>\n<h3>Opciones de revestimiento posterior:<\/h3>\n\n\t<section class=\"section\" id=\"section_1134924920\">\n\t\t<div class=\"section-bg fill\" >\n\t\t\t\t\t\t\t\t\t\n\t\t\t\n\n\t\t<\/div>\n\n\t\t\n\n\t\t<div class=\"section-content relative\">\n\t\t\t\n<div class=\"row\"  id=\"row-1728661522\">\n\n\t<div id=\"col-1586588097\" class=\"col medium-4 small-12 large-4\"  >\n\t\t\t\t<div class=\"col-inner\"  >\n\t\t\t\n\t\t\t\n\t<div class=\"box has-hover   has-hover box-text-bottom\" >\n\n\t\t<div class=\"box-image\" style=\"border-radius:50%;\">\n\t\t\t\t\t\t<div class=\"image-cover\" style=\"padding-top:100%;\">\n\t\t\t\t<img loading=\"lazy\" decoding=\"async\" width=\"800\" height=\"800\" src=\"https:\/\/arturf.com\/wp-content\/uploads\/2023\/09\/Padel-Flex-Backing-Option-SBR-Latex.jpg\" class=\"attachment- size-\" alt=\"p\u00e1del\" srcset=\"https:\/\/arturf.com\/wp-content\/uploads\/2023\/09\/Padel-Flex-Backing-Option-SBR-Latex.jpg 800w, https:\/\/arturf.com\/wp-content\/uploads\/2023\/09\/Padel-Flex-Backing-Option-SBR-Latex-500x500.jpg 500w, https:\/\/arturf.com\/wp-content\/uploads\/2023\/09\/Padel-Flex-Backing-Option-SBR-Latex-768x768.jpg 768w, https:\/\/arturf.com\/wp-content\/uploads\/2023\/09\/Padel-Flex-Backing-Option-SBR-Latex-12x12.jpg 12w, https:\/\/arturf.com\/wp-content\/uploads\/2023\/09\/Padel-Flex-Backing-Option-SBR-Latex-510x510.jpg 510w, https:\/\/arturf.com\/wp-content\/uploads\/2023\/09\/Padel-Flex-Backing-Option-SBR-Latex-100x100.jpg 100w\" sizes=\"auto, (max-width: 800px) 100vw, 800px\" \/>\t\t\t\t\t\t\t\t\t\t\t<\/div>\n\t\t\t\t\t<\/div>\n\n\t\t<div class=\"box-text text-center\" >\n\t\t\t<div class=\"box-text-inner\">\n\t\t\t\t\n<h4>Respaldo recubierto de l\u00e1tex SBR<\/h4>\n<p>Una opci\u00f3n de recubrimiento resistente y rentable.<\/p>\n\t\t\t<\/div>\n\t\t<\/div>\n\t<\/div>\n\t\n\t\t<\/div>\n\t\t\t\t\t<\/div>\n\n\t\n\n\t<div id=\"col-2052588161\" class=\"col medium-4 small-12 large-4\"  >\n\t\t\t\t<div class=\"col-inner\"  >\n\t\t\t\n\t\t\t\n\t<div class=\"box has-hover   has-hover box-text-bottom\" >\n\n\t\t<div class=\"box-image\" style=\"border-radius:50%;\">\n\t\t\t\t\t\t<div class=\"image-cover\" style=\"padding-top:100%;\">\n\t\t\t\t<img loading=\"lazy\" decoding=\"async\" width=\"800\" height=\"800\" src=\"https:\/\/arturf.com\/wp-content\/uploads\/2023\/09\/Padel-Flex-Backing-Option-PU.jpg\" class=\"attachment- size-\" alt=\"p\u00e1del\" srcset=\"https:\/\/arturf.com\/wp-content\/uploads\/2023\/09\/Padel-Flex-Backing-Option-PU.jpg 800w, https:\/\/arturf.com\/wp-content\/uploads\/2023\/09\/Padel-Flex-Backing-Option-PU-500x500.jpg 500w, https:\/\/arturf.com\/wp-content\/uploads\/2023\/09\/Padel-Flex-Backing-Option-PU-768x768.jpg 768w, https:\/\/arturf.com\/wp-content\/uploads\/2023\/09\/Padel-Flex-Backing-Option-PU-12x12.jpg 12w, https:\/\/arturf.com\/wp-content\/uploads\/2023\/09\/Padel-Flex-Backing-Option-PU-510x510.jpg 510w, https:\/\/arturf.com\/wp-content\/uploads\/2023\/09\/Padel-Flex-Backing-Option-PU-100x100.jpg 100w\" sizes=\"auto, (max-width: 800px) 100vw, 800px\" \/>\t\t\t\t\t\t\t\t\t\t\t<\/div>\n\t\t\t\t\t<\/div>\n\n\t\t<div class=\"box-text text-center\" >\n\t\t\t<div class=\"box-text-inner\">\n\t\t\t\t\n<h4>Empaquetadura recubierta de PU (poliuretano)<\/h4>\n<p>Extremadamente fuerte y duradero, sujeta firmemente las fibras, lo que lo hace ideal para mucho tr\u00e1fico y competencia intensa.<\/p>\n\t\t\t<\/div>\n\t\t<\/div>\n\t<\/div>\n\t\n\t\t<\/div>\n\t\t\t\t\t<\/div>\n\n\t\n\n\t<div id=\"col-1929861062\" class=\"col medium-4 small-12 large-4\"  >\n\t\t\t\t<div class=\"col-inner\"  >\n\t\t\t\n\t\t\t\n\t\t<\/div>\n\t\t\t\t\t<\/div>\n\n\t\n<\/div>\n\t\t<\/div>\n\n\t\t\n<style>\n#section_1134924920 {\n  padding-top: 30px;\n  padding-bottom: 30px;\n}\n<\/style>\n\t<\/section>\n\t\n<p>En conclusi\u00f3n, PadelFlex es la elecci\u00f3n ideal para quienes buscan un sistema de c\u00e9sped artificial que aporte fiabilidad, consistencia y durabilidad a pistas de p\u00e1del, tenis y superficies polideportivas. Con su dise\u00f1o innovador y materiales de alta calidad, es una inversi\u00f3n en el futuro de su instalaci\u00f3n deportiva.<\/p>\n<p>Adem\u00e1s del c\u00e9sped artificial de p\u00e1del, ofrecemos un paquete completo de componentes para la construcci\u00f3n de pistas de p\u00e1del. Consulte los detalles del producto a continuaci\u00f3n.<\/p>\n\t\n  \n    <div class=\"row  equalize-box large-columns-3 medium-columns- small-columns-2 row-small slider row-slider slider-nav-reveal slider-nav-push\"  data-flickity-options='{&quot;imagesLoaded&quot;: true, &quot;groupCells&quot;: &quot;100%&quot;, &quot;dragThreshold&quot; : 5, &quot;cellAlign&quot;: &quot;left&quot;,&quot;wrapAround&quot;: true,&quot;prevNextButtons&quot;: true,&quot;percentPosition&quot;: true,&quot;pageDots&quot;: false, &quot;rightToLeft&quot;: false, &quot;autoPlay&quot; : false}' >\n\n  \n\t     <div class=\"product-small col has-hover product type-product post-18223 status-publish first instock product_cat-padel has-post-thumbnail shipping-taxable product-type-simple\">\n\t<div class=\"col-inner\">\n\t\n<div class=\"badge-container absolute left top z-1\">\n\n<\/div>\n\t<div class=\"product-small box\">\n\t\t<div class=\"box-image\">\n\t\t\t<div class=\"image-fade_in_back\">\n\t\t\t\t<a href=\"https:\/\/arturf.com\/es\/product\/padel-court-kit\/\">\n\t\t\t\t\t<img loading=\"lazy\" decoding=\"async\" width=\"350\" height=\"263\" src=\"https:\/\/arturf.com\/wp-content\/uploads\/2023\/05\/Arturf-Padel-Court-2-350x263.jpg\" class=\"attachment-woocommerce_thumbnail size-woocommerce_thumbnail\" alt=\"Kit Pista de Padel\" srcset=\"https:\/\/arturf.com\/wp-content\/uploads\/2023\/05\/Arturf-Padel-Court-2-350x263.jpg 350w, https:\/\/arturf.com\/wp-content\/uploads\/2023\/05\/Arturf-Padel-Court-2-300x225.jpg 300w, https:\/\/arturf.com\/wp-content\/uploads\/2023\/05\/Arturf-Padel-Court-2-1024x768.jpg 1024w, https:\/\/arturf.com\/wp-content\/uploads\/2023\/05\/Arturf-Padel-Court-2-200x150.jpg 200w, https:\/\/arturf.com\/wp-content\/uploads\/2023\/05\/Arturf-Padel-Court-2-768x576.jpg 768w, https:\/\/arturf.com\/wp-content\/uploads\/2023\/05\/Arturf-Padel-Court-2-16x12.jpg 16w, https:\/\/arturf.com\/wp-content\/uploads\/2023\/05\/Arturf-Padel-Court-2-510x383.jpg 510w, https:\/\/arturf.com\/wp-content\/uploads\/2023\/05\/Arturf-Padel-Court-2.jpg 1229w\" sizes=\"auto, (max-width: 350px) 100vw, 350px\" \/><img loading=\"lazy\" decoding=\"async\" width=\"350\" height=\"263\" src=\"https:\/\/arturf.com\/wp-content\/uploads\/2023\/05\/Arturf-Padel-court-1-350x263.png\" class=\"show-on-hover absolute fill hide-for-small back-image\" alt=\"Vista alternativa del Kit de Pista de P\u00e1del\" aria-hidden=\"true\" srcset=\"https:\/\/arturf.com\/wp-content\/uploads\/2023\/05\/Arturf-Padel-court-1-350x263.png 350w, https:\/\/arturf.com\/wp-content\/uploads\/2023\/05\/Arturf-Padel-court-1-300x225.png 300w, https:\/\/arturf.com\/wp-content\/uploads\/2023\/05\/Arturf-Padel-court-1-200x150.png 200w, https:\/\/arturf.com\/wp-content\/uploads\/2023\/05\/Arturf-Padel-court-1-768x576.png 768w, https:\/\/arturf.com\/wp-content\/uploads\/2023\/05\/Arturf-Padel-court-1-16x12.png 16w, https:\/\/arturf.com\/wp-content\/uploads\/2023\/05\/Arturf-Padel-court-1-510x383.png 510w, https:\/\/arturf.com\/wp-content\/uploads\/2023\/05\/Arturf-Padel-court-1.png 1000w\" sizes=\"auto, (max-width: 350px) 100vw, 350px\" \/>\t\t\t\t<\/a>\n\t\t\t<\/div>\n\t\t\t<div class=\"image-tools is-small top right show-on-hover\">\n\t\t\t\t\t\t\t<\/div>\n\t\t\t<div class=\"image-tools is-small hide-for-small bottom left show-on-hover\">\n\t\t\t\t\t\t\t<\/div>\n\t\t\t<div class=\"image-tools grid-tools text-center hide-for-small bottom hover-slide-in show-on-hover\">\n\t\t\t\t<a href=\"#quick-view\" class=\"quick-view\" role=\"button\" data-prod=\"18223\" aria-haspopup=\"dialog\" aria-expanded=\"false\" data-flatsome-role-button>Vista R\u00e1pida<\/a>\t\t\t<\/div>\n\t\t\t\t\t<\/div>\n\n\t\t<div class=\"box-text box-text-products\">\n\t\t\t<div class=\"title-wrapper\">\t\t<p class=\"category uppercase is-smaller no-text-overflow product-cat op-8\">\n\t\t\tp\u00e1del\t\t<\/p>\n\t<p class=\"name product-title woocommerce-loop-product__title\"><a href=\"https:\/\/arturf.com\/es\/product\/padel-court-kit\/\" class=\"woocommerce-LoopProduct-link woocommerce-loop-product__link\">Kit Pista de Padel<\/a><\/p><\/div><div class=\"price-wrapper\"><\/div>\t\t<\/div>\n\t<\/div>\n\t\t<\/div>\n<\/div><\/div>","protected":false},"excerpt":{"rendered":"<p>PadelFlex es un avanzado sistema de c\u00e9sped artificial dise\u00f1ado para pistas de p\u00e1del, que ofrece una consistencia de rebote y durabilidad excepcionales, lo que lo hace apto tanto para uso interior como exterior.<\/p>","protected":false},"featured_media":19732,"template":"","meta":{"_seopress_robots_primary_cat":"932","_seopress_titles_title":"Padel Artificial Turf - FlexPlus: Ultimate Performance","_seopress_titles_desc":"","_seopress_robots_index":""},"product_brand":[],"product_cat":[932,69],"product_tag":[946],"class_list":{"0":"post-19515","1":"product","2":"type-product","3":"status-publish","4":"has-post-thumbnail","6":"product_cat-padel","7":"product_cat-multi-purpose","8":"product_tag-padel-turf","10":"","11":"instock","12":"shipping-taxable","13":"product-type-simple"},"_links":{"self":[{"href":"https:\/\/arturf.com\/es\/wp-json\/wp\/v2\/product\/19515","targetHints":{"allow":["GET"]}}],"collection":[{"href":"https:\/\/arturf.com\/es\/wp-json\/wp\/v2\/product"}],"about":[{"href":"https:\/\/arturf.com\/es\/wp-json\/wp\/v2\/types\/product"}],"wp:featuredmedia":[{"embeddable":true,"href":"https:\/\/arturf.com\/es\/wp-json\/wp\/v2\/media\/19732"}],"wp:attachment":[{"href":"https:\/\/arturf.com\/es\/wp-json\/wp\/v2\/media?parent=19515"}],"wp:term":[{"taxonomy":"product_brand","embeddable":true,"href":"https:\/\/arturf.com\/es\/wp-json\/wp\/v2\/product_brand?post=19515"},{"taxonomy":"product_cat","embeddable":true,"href":"https:\/\/arturf.com\/es\/wp-json\/wp\/v2\/product_cat?post=19515"},{"taxonomy":"product_tag","embeddable":true,"href":"https:\/\/arturf.com\/es\/wp-json\/wp\/v2\/product_tag?post=19515"}],"curies":[{"name":"gracias","href":"https:\/\/api.w.org\/{rel}","templated":true}]}}