{"id":19819,"date":"2024-06-14T11:53:06","date_gmt":"2024-06-14T03:53:06","guid":{"rendered":"https:\/\/arturf.com\/?post_type=product&#038;p=19819"},"modified":"2024-06-14T12:02:30","modified_gmt":"2024-06-14T04:02:30","slug":"ball-hitting-mat","status":"publish","type":"product","link":"https:\/\/arturf.com\/es\/product\/ball-hitting-mat\/","title":{"rendered":"Tapete para golpear la pelota"},"content":{"rendered":"<p>Transforme sus sesiones de entrenamiento con nuestro tapete de bateo de b\u00e9isbol\/s\u00f3ftbol premium, meticulosamente dise\u00f1ado para atletas que exigen lo mejor. Ya sea que practique en interiores o exteriores, esta alfombra ofrece una durabilidad y un rendimiento inigualables.<\/p>\n<p><strong>Construcci\u00f3n de alta calidad:<\/strong><\/p>\n<p>Fabricada con hilo de c\u00e9sped artificial de PE de primera calidad, nuestra alfombra de bateo est\u00e1 dise\u00f1ada para durar. La capa de respaldo de PU de 5 mm agrega un nivel adicional de durabilidad, lo que garantiza que el tapete pueda soportar un uso intensivo y tacos sin comprometer su integridad. Esta alfombra es un elemento b\u00e1sico tanto para jugadores aficionados como profesionales que buscan mejorar sus habilidades.<\/p>\n<p><strong>Dise\u00f1o con incrustaciones para mayor visibilidad:<\/strong><\/p>\n<p>Nuestro tapete presenta l\u00edneas blancas con incrustaciones y un plato de home, lo que brinda una visibilidad clara y duradera. A diferencia de las l\u00edneas pintadas que pueden desvanecerse o desgastarse, nuestro dise\u00f1o incrustado garantiza que las l\u00edneas y el plato permanezcan intactos, incluso despu\u00e9s de un uso prolongado. Esta caracter\u00edstica es esencial para mantener un entorno de pr\u00e1ctica consistente.<\/p>\n<p><strong>Comodidad y estabilidad superiores:<\/strong><\/p>\n<p>El acolchado de espuma de 5 mm integrado en la alfombra ofrece una excepcional absorci\u00f3n de impactos, haciendo que cada postura y movimiento sea m\u00e1s c\u00f3modo. Este acolchado tambi\u00e9n contribuye a la estabilidad de la colchoneta, permitiendo a los jugadores concentrarse en su t\u00e9cnica sin preocuparse por resbalones o molestias.<\/p>\n<p><strong>Calidad profesional:<\/strong><\/p>\n<p>Cumpliendo con las especificaciones reglamentarias, esta alfombra de golpeo es perfecta para un entrenamiento serio. Ya sea que lo est\u00e9 usando en jaulas de bateo, \u00e1reas del plato de home u otros entornos de pr\u00e1ctica, puede confiar en que brindar\u00e1 una experiencia de nivel profesional en todo momento.<\/p>\n<p><strong>Vers\u00e1til y f\u00e1cil de transportar:<\/strong><\/p>\n<p>Dise\u00f1ado pensando en la versatilidad, este tapete se puede usar sobre c\u00e9sped, c\u00e9sped o superficies interiores. Su construcci\u00f3n liviana y su color arcilla lo hacen f\u00e1cil de transportar y est\u00e9ticamente agradable en cualquier entorno. Cuando no est\u00e9 en uso, se puede enrollar y guardar f\u00e1cilmente, ahorrando un valioso espacio.<\/p>\n<p><strong>Protector y antideslizante:<\/strong><\/p>\n<p>Proteja los pisos de su gimnasio y las \u00e1reas de pr\u00e1ctica con nuestra alfombra de golpe resistente a picos. El respaldo de espuma antideslizante garantiza que el tapete permanezca en su lugar, proporcionando una superficie estable y segura para cada sesi\u00f3n de pr\u00e1ctica. Esta caracter\u00edstica protectora es crucial para mantener la calidad de su entorno de entrenamiento.<\/p>\n<p><strong>Altamente recomendado por los clientes:<\/strong><\/p>\n<p>Nuestra alfombra de golpe es altamente recomendada por clientes que la han usado durante m\u00e1s de un a\u00f1o. Elogian su s\u00f3lida construcci\u00f3n y durabilidad, lo que la convierte en una inversi\u00f3n digna para cualquier jugador serio de b\u00e9isbol o softbol.<\/p>\n<p><img alt=\"\" loading=\"lazy\" decoding=\"async\" class=\"alignnone wp-image-19822 size-full\" src=\"https:\/\/arturf.com\/wp-content\/uploads\/2024\/06\/Arturf-Premium-BaseballSoftball-Hitting-Mat-3.jpg\" width=\"1000\" height=\"750\" srcset=\"https:\/\/arturf.com\/wp-content\/uploads\/2024\/06\/Arturf-Premium-BaseballSoftball-Hitting-Mat-3.jpg 1000w, https:\/\/arturf.com\/wp-content\/uploads\/2024\/06\/Arturf-Premium-BaseballSoftball-Hitting-Mat-3-500x375.jpg 500w, https:\/\/arturf.com\/wp-content\/uploads\/2024\/06\/Arturf-Premium-BaseballSoftball-Hitting-Mat-3-200x150.jpg 200w, https:\/\/arturf.com\/wp-content\/uploads\/2024\/06\/Arturf-Premium-BaseballSoftball-Hitting-Mat-3-768x576.jpg 768w, https:\/\/arturf.com\/wp-content\/uploads\/2024\/06\/Arturf-Premium-BaseballSoftball-Hitting-Mat-3-16x12.jpg 16w, https:\/\/arturf.com\/wp-content\/uploads\/2024\/06\/Arturf-Premium-BaseballSoftball-Hitting-Mat-3-350x263.jpg 350w, https:\/\/arturf.com\/wp-content\/uploads\/2024\/06\/Arturf-Premium-BaseballSoftball-Hitting-Mat-3-510x383.jpg 510w\" sizes=\"auto, (max-width: 1000px) 100vw, 1000px\" \/><\/p>\n<p><strong>Caracter\u00edsticas clave:<\/strong><\/p>\n<ul>\n<li><strong>Material:<\/strong> Hilo de c\u00e9sped artificial de PE de primera calidad con una capa de respaldo de PU de 5 mm<\/li>\n<li><strong>Dise\u00f1o:<\/strong> L\u00edneas blancas con incrustaciones y placa de home para mayor durabilidad y visibilidad.<\/li>\n<li><strong>Relleno:<\/strong> Acolchado de espuma de 5 mm para absorci\u00f3n de impactos y estabilidad.<\/li>\n<li><strong>Durabilidad:<\/strong> A prueba de picos y construido para soportar un uso intensivo<\/li>\n<li><strong>Versatilidad:<\/strong> Adecuado tanto para uso interior como exterior, ligero y f\u00e1cil de transportar.<\/li>\n<li><strong>Proteccion:<\/strong> Material antideslizante y resistente a picos para proteger las superficies.<\/li>\n<li><strong>Calidad profesional:<\/strong> Cumple con las especificaciones reglamentarias para una formaci\u00f3n de nivel profesional.<\/li>\n<\/ul>\n<p>Actualice su entrenamiento con nuestra estera de bateo de b\u00e9isbol\/softbol premium y experimente la diferencia en calidad y rendimiento. Perfecto para jaulas de bateo, \u00e1reas de home y m\u00e1s, este tapete es un complemento esencial para el equipo de cualquier atleta serio. \u00a1Ordene ahora y lleve su pr\u00e1ctica al siguiente nivel!<\/p>","protected":false},"excerpt":{"rendered":"<p>Actualice su pr\u00e1ctica de b\u00e9isbol y softbol con nuestra alfombra de bateo de b\u00e9isbol\/softbol premium. Dise\u00f1ado para uso en interiores y exteriores, este tapete duradero y de alta calidad presenta l\u00edneas blancas con mechones incrustados, una placa de inicio y un acolchado de espuma de 5 mm para una absorci\u00f3n de impactos superior. Perfecto para jaulas de bateo y \u00e1reas de home, protege las superficies contra da\u00f1os y proporciona una superficie estable y antideslizante para un entrenamiento de calidad profesional.<\/p>","protected":false},"featured_media":19820,"template":"","meta":{"_seopress_robots_primary_cat":"","_seopress_titles_title":"","_seopress_titles_desc":"","_seopress_robots_index":""},"product_brand":[],"product_cat":[831],"product_tag":[],"class_list":{"0":"post-19819","1":"product","2":"type-product","3":"status-publish","4":"has-post-thumbnail","6":"product_cat-extras","8":"first","9":"instock","10":"shipping-taxable","11":"product-type-simple"},"_links":{"self":[{"href":"https:\/\/arturf.com\/es\/wp-json\/wp\/v2\/product\/19819","targetHints":{"allow":["GET"]}}],"collection":[{"href":"https:\/\/arturf.com\/es\/wp-json\/wp\/v2\/product"}],"about":[{"href":"https:\/\/arturf.com\/es\/wp-json\/wp\/v2\/types\/product"}],"wp:featuredmedia":[{"embeddable":true,"href":"https:\/\/arturf.com\/es\/wp-json\/wp\/v2\/media\/19820"}],"wp:attachment":[{"href":"https:\/\/arturf.com\/es\/wp-json\/wp\/v2\/media?parent=19819"}],"wp:term":[{"taxonomy":"product_brand","embeddable":true,"href":"https:\/\/arturf.com\/es\/wp-json\/wp\/v2\/product_brand?post=19819"},{"taxonomy":"product_cat","embeddable":true,"href":"https:\/\/arturf.com\/es\/wp-json\/wp\/v2\/product_cat?post=19819"},{"taxonomy":"product_tag","embeddable":true,"href":"https:\/\/arturf.com\/es\/wp-json\/wp\/v2\/product_tag?post=19819"}],"curies":[{"name":"gracias","href":"https:\/\/api.w.org\/{rel}","templated":true}]}}