{"id":19842,"date":"2024-06-29T16:51:51","date_gmt":"2024-06-29T08:51:51","guid":{"rendered":"https:\/\/arturf.com\/?post_type=product&#038;p=19842"},"modified":"2024-07-13T21:37:46","modified_gmt":"2024-07-13T13:37:46","slug":"sport-netting-barrier","status":"publish","type":"product","link":"https:\/\/arturf.com\/es\/product\/sport-netting-barrier\/","title":{"rendered":"Barrera de red deportiva"},"content":{"rendered":"<p>Nuestra barrera de red deportiva, o red para detener la pelota, es adecuada para una variedad de deportes, incluidos f\u00fatbol, b\u00e9isbol y golf. Ya sea que necesite cercar un campo completo o solo \u00e1reas espec\u00edficas, nuestra red proporciona la soluci\u00f3n perfecta para cualquier club deportivo o instalaci\u00f3n recreativa.<\/p>\n<h3>Caracter\u00edsticas clave<\/h3>\n<ul>\n<li><strong>Material:<\/strong> Polipropileno de alta densidad (HDPP)<\/li>\n<li><strong>Personalizaci\u00f3n:<\/strong> El tama\u00f1o del orificio y el di\u00e1metro de la l\u00ednea se pueden personalizar para satisfacer sus necesidades espec\u00edficas.<\/li>\n<li><strong>Estabilizado a los rayos UV:<\/strong> Resistente a los rayos UV, asegurando longevidad y durabilidad incluso en condiciones clim\u00e1ticas adversas.<\/li>\n<li><strong>Alta resistencia:<\/strong> Dise\u00f1ado para soportar impactos intensos, lo que lo hace perfecto para diversas aplicaciones deportivas.<\/li>\n<\/ul>\n<h3>Red de protecci\u00f3n lateral<\/h3>\n<ul>\n<li><strong>Tama\u00f1o de agujero est\u00e1ndar:<\/strong> 5cm x 5cm<\/li>\n<li><strong>Di\u00e1metro de l\u00ednea est\u00e1ndar:<\/strong> 3mm o 4mm<\/li>\n<li><strong>Uso:<\/strong> Ideal para proteger los laterales de campos deportivos, evitar que las pelotas salgan del \u00e1rea y garantizar la seguridad de los espectadores y alrededores. Las redes de protecci\u00f3n lateral se utilizan normalmente junto con <a href=\"https:\/\/arturf.com\/es\/product\/sports-fencing\/\">vallas deportivas<\/a>. Por ejemplo, en un sistema de vallado deportivo de 6 m de altura, se puede utilizar una valla deportiva de 4 m en la parte inferior y una red de protecci\u00f3n lateral de 2 m en la parte superior.<\/li>\n<\/ul>\n<p><img alt=\"\" loading=\"lazy\" decoding=\"async\" class=\"alignnone wp-image-19861 size-large\" src=\"https:\/\/arturf.com\/wp-content\/uploads\/2024\/07\/Arturf-Sport-Fence-Net-1024x768.jpg\" width=\"1024\" height=\"768\" srcset=\"https:\/\/arturf.com\/wp-content\/uploads\/2024\/07\/Arturf-Sport-Fence-Net-1024x768.jpg 1024w, https:\/\/arturf.com\/wp-content\/uploads\/2024\/07\/Arturf-Sport-Fence-Net-500x375.jpg 500w, https:\/\/arturf.com\/wp-content\/uploads\/2024\/07\/Arturf-Sport-Fence-Net-200x150.jpg 200w, https:\/\/arturf.com\/wp-content\/uploads\/2024\/07\/Arturf-Sport-Fence-Net-768x576.jpg 768w, https:\/\/arturf.com\/wp-content\/uploads\/2024\/07\/Arturf-Sport-Fence-Net-16x12.jpg 16w, https:\/\/arturf.com\/wp-content\/uploads\/2024\/07\/Arturf-Sport-Fence-Net-350x263.jpg 350w, https:\/\/arturf.com\/wp-content\/uploads\/2024\/07\/Arturf-Sport-Fence-Net-510x383.jpg 510w, https:\/\/arturf.com\/wp-content\/uploads\/2024\/07\/Arturf-Sport-Fence-Net.jpg 1440w\" sizes=\"auto, (max-width: 1024px) 100vw, 1024px\" \/><\/p>\n<h3>Red de cubierta superior<\/h3>\n<ul>\n<li><strong>Tama\u00f1o de agujero est\u00e1ndar:<\/strong> 10cm x 10cm<\/li>\n<li><strong>Di\u00e1metro de l\u00ednea est\u00e1ndar:<\/strong> 2mm<\/li>\n<li><strong>Uso:<\/strong> Perfecto para cubrir la parte superior del campo deportivo, evitando que las bolas se escapen verticalmente y aportando una capa adicional de protecci\u00f3n.<\/li>\n<\/ul>\n<h3><img alt=\"\" loading=\"lazy\" decoding=\"async\" class=\"alignnone wp-image-19843 size-large\" src=\"https:\/\/arturf.com\/wp-content\/uploads\/2024\/06\/Top-Cover-Net-Ball-Stop-Net-Arturf-Artificial-Grass-1024x768.jpg\" width=\"1024\" height=\"768\" srcset=\"https:\/\/arturf.com\/wp-content\/uploads\/2024\/06\/Top-Cover-Net-Ball-Stop-Net-Arturf-Artificial-Grass-1024x768.jpg 1024w, https:\/\/arturf.com\/wp-content\/uploads\/2024\/06\/Top-Cover-Net-Ball-Stop-Net-Arturf-Artificial-Grass-500x375.jpg 500w, https:\/\/arturf.com\/wp-content\/uploads\/2024\/06\/Top-Cover-Net-Ball-Stop-Net-Arturf-Artificial-Grass-200x150.jpg 200w, https:\/\/arturf.com\/wp-content\/uploads\/2024\/06\/Top-Cover-Net-Ball-Stop-Net-Arturf-Artificial-Grass-768x576.jpg 768w, https:\/\/arturf.com\/wp-content\/uploads\/2024\/06\/Top-Cover-Net-Ball-Stop-Net-Arturf-Artificial-Grass-16x12.jpg 16w, https:\/\/arturf.com\/wp-content\/uploads\/2024\/06\/Top-Cover-Net-Ball-Stop-Net-Arturf-Artificial-Grass-350x263.jpg 350w, https:\/\/arturf.com\/wp-content\/uploads\/2024\/06\/Top-Cover-Net-Ball-Stop-Net-Arturf-Artificial-Grass-510x383.jpg 510w, https:\/\/arturf.com\/wp-content\/uploads\/2024\/06\/Top-Cover-Net-Ball-Stop-Net-Arturf-Artificial-Grass.jpg 1440w\" sizes=\"auto, (max-width: 1024px) 100vw, 1024px\" \/><\/h3>\n<h3>Beneficios<\/h3>\n<ul>\n<li><strong>Durabilidad:<\/strong> Fabricada con hilo de HDPP retorcido, nuestra red de retenci\u00f3n de bolas es excepcionalmente fuerte y puede soportar un uso intensivo sin deshilacharse ni da\u00f1arse.<\/li>\n<li><strong>Resistente al clima:<\/strong> La estabilizaci\u00f3n UV permite que la red permanezca al aire libre en cualquier condici\u00f3n clim\u00e1tica sin pudrirse ni degradarse.<\/li>\n<li><strong>Personalizable:<\/strong> Adapte la red a sus necesidades espec\u00edficas con tama\u00f1os de orificios y di\u00e1metros de l\u00ednea personalizables, lo que garantiza un rendimiento \u00f3ptimo para su deporte.<\/li>\n<li><strong>Seguridad:<\/strong> Proporciona una contenci\u00f3n confiable, lo que reduce el riesgo de da\u00f1os a la propiedad y lesiones a los transe\u00fantes.<\/li>\n<\/ul>","protected":false},"excerpt":{"rendered":"<p>Nuestra barrera de red deportiva es la soluci\u00f3n definitiva para proteger el per\u00edmetro y la cubierta superior de su campo deportivo. Este vers\u00e1til sistema de red, tambi\u00e9n conocido como red de parada de pelotas, est\u00e1 dise\u00f1ado para mantener el \u00e1rea de juego segura, asegurando que las pelotas y otros equipos permanezcan dentro de los l\u00edmites del campo. Nuestra barrera de red deportiva ofrece dos opciones: la red de protecci\u00f3n lateral y la red de cobertura superior. Ambos est\u00e1n fabricados con polipropileno de alta densidad (HDPP) para una resistencia y durabilidad superiores.<\/p>","protected":false},"featured_media":7007,"template":"","meta":{"_seopress_robots_primary_cat":"","_seopress_titles_title":"","_seopress_titles_desc":"","_seopress_robots_index":""},"product_brand":[],"product_cat":[66],"product_tag":[],"class_list":{"0":"post-19842","1":"product","2":"type-product","3":"status-publish","4":"has-post-thumbnail","6":"product_cat-accessories","8":"first","9":"instock","10":"shipping-taxable","11":"product-type-simple"},"_links":{"self":[{"href":"https:\/\/arturf.com\/es\/wp-json\/wp\/v2\/product\/19842","targetHints":{"allow":["GET"]}}],"collection":[{"href":"https:\/\/arturf.com\/es\/wp-json\/wp\/v2\/product"}],"about":[{"href":"https:\/\/arturf.com\/es\/wp-json\/wp\/v2\/types\/product"}],"wp:featuredmedia":[{"embeddable":true,"href":"https:\/\/arturf.com\/es\/wp-json\/wp\/v2\/media\/7007"}],"wp:attachment":[{"href":"https:\/\/arturf.com\/es\/wp-json\/wp\/v2\/media?parent=19842"}],"wp:term":[{"taxonomy":"product_brand","embeddable":true,"href":"https:\/\/arturf.com\/es\/wp-json\/wp\/v2\/product_brand?post=19842"},{"taxonomy":"product_cat","embeddable":true,"href":"https:\/\/arturf.com\/es\/wp-json\/wp\/v2\/product_cat?post=19842"},{"taxonomy":"product_tag","embeddable":true,"href":"https:\/\/arturf.com\/es\/wp-json\/wp\/v2\/product_tag?post=19842"}],"curies":[{"name":"gracias","href":"https:\/\/api.w.org\/{rel}","templated":true}]}}