{"id":19845,"date":"2024-07-06T10:39:27","date_gmt":"2024-07-06T02:39:27","guid":{"rendered":"https:\/\/arturf.com\/?post_type=product&#038;p=19845"},"modified":"2024-07-06T10:59:13","modified_gmt":"2024-07-06T02:59:13","slug":"football-goal","status":"publish","type":"product","link":"https:\/\/arturf.com\/es\/product\/football-goal\/","title":{"rendered":"Porter\u00eda de f\u00fatbol"},"content":{"rendered":"<p><strong>Caracter\u00edsticas del producto:<\/strong><\/p>\n<p><strong>1. Conformado de una sola pieza:<\/strong><br \/>Nuestros marcos de porter\u00eda est\u00e1n hechos de acero de primera calidad, doblados para darles forma mediante un solo proceso. Este dise\u00f1o, junto con un acabado pl\u00e1stico en aerosol electrost\u00e1tico, garantiza una estructura s\u00f3lida y estable que resiste el da\u00f1o del viento y el sol.<\/p>\n<p><strong>2. Soldadura firme:<\/strong><br \/>Utilizando soldadura protectora con CO\u2082 y granallado para eliminar el \u00f3xido, seguido de pulverizaci\u00f3n electrost\u00e1tica, garantizamos que nuestras soldaduras sean robustas, atractivas y duraderas.<\/p>\n<p><strong>3. Dise\u00f1o estable:<\/strong><br \/>La base de la porter\u00eda presenta un dise\u00f1o de estabilizaci\u00f3n de disco grande, lo que garantiza que permanezca segura y duradera incluso bajo fuertes impactos durante el juego.<\/p>\n<p><strong>4. Prima neta:<\/strong><br \/>Nuestras redes est\u00e1n fabricadas con polietileno de alta calidad y ofrecen una durabilidad superior, resistencia a los rayos UV e impermeabilidad.<\/p>\n<p><strong>5. Tubos de acero engrosados:<\/strong><br \/>Construidas con tubos de acero engrosados de primera calidad est\u00e1ndar nacional, nuestras porter\u00edas est\u00e1n hechas de materiales genuinos y duraderos dise\u00f1ados para durar.<\/p>\n<h3>Tama\u00f1o del poste de la porter\u00eda por tama\u00f1o del equipo:<\/h3>\n<ul>\n<li>\n<p><strong>11-A-Lado<\/strong>:<\/p>\n<ul>\n<li><strong>Nivel junior<\/strong>: El tama\u00f1o del poste de la porter\u00eda es de 21 pies x 7 pies (6,40 mx 2,13 m).<\/li>\n<li><strong>Nivel superior<\/strong>: El tama\u00f1o del poste de la porter\u00eda es de 24 pies x 8 pies (7,32 mx 2,44 m).<\/li>\n<\/ul>\n<\/li>\n<li>\n<p><strong>9-A-Lado<\/strong>:<\/p>\n<ul>\n<li>El tama\u00f1o del poste de la porter\u00eda es de 4,88 mx 2,13 m (16 pies x 7 pies).<\/li>\n<\/ul>\n<\/li>\n<li>\n<p><strong>7-A-Lado<\/strong> y <strong>5-A-Lado<\/strong>:<\/p>\n<ul>\n<li>El tama\u00f1o recomendado del poste de la porter\u00eda es de 12 pies x 6 pies (3,66 mx 1,83 m), tambi\u00e9n conocido como porter\u00eda de \u201cmini f\u00fatbol\u201d.<\/li>\n<li>Para juegos de f\u00fatbol sala, los tama\u00f1os de los postes de la porter\u00eda son 12 pies x 4 pies (3,66 mx 1,22 m) o 16 pies x 4 pies (4,88 mx 1,22 m).<\/li>\n<\/ul>\n<\/li>\n<\/ul>\n<p>Nuestras porter\u00edas de f\u00fatbol est\u00e1n dise\u00f1adas para satisfacer las diversas necesidades de equipos de distintos tama\u00f1os, garantizando que cada jugador pueda disfrutar del juego con un equipo seguro, duradero y adaptado a su nivel.<\/p>\n<p><strong>Nota IMPORTANTE:<\/strong> Tenga en cuenta que no proporcionamos porter\u00edas de f\u00fatbol individualmente. Est\u00e1n disponibles s\u00f3lo en conjunto con nuestro <a href=\"https:\/\/arturf.com\/es\/products\/football-grass\/\">c\u00e9sped de f\u00fatbol<\/a> u otros productos.<\/p>","protected":false},"excerpt":{"rendered":"<p>Incluye poste y red, nuestra porter\u00eda de f\u00fatbol est\u00e1 dise\u00f1ada para brindar durabilidad y estabilidad, perfecta para equipos de varios tama\u00f1os, desde 3 hasta 11. Construida con acero galvanizado de alta calidad y con una robusta red de polietileno, esta porter\u00eda est\u00e1 dise\u00f1ada para soportar un juego intenso y condiciones clim\u00e1ticas adversas.<\/p>","protected":false},"featured_media":19846,"template":"","meta":{"_seopress_robots_primary_cat":"","_seopress_titles_title":"","_seopress_titles_desc":"","_seopress_robots_index":""},"product_brand":[],"product_cat":[831],"product_tag":[],"class_list":{"0":"post-19845","1":"product","2":"type-product","3":"status-publish","4":"has-post-thumbnail","6":"product_cat-extras","8":"first","9":"instock","10":"shipping-taxable","11":"product-type-simple"},"_links":{"self":[{"href":"https:\/\/arturf.com\/es\/wp-json\/wp\/v2\/product\/19845","targetHints":{"allow":["GET"]}}],"collection":[{"href":"https:\/\/arturf.com\/es\/wp-json\/wp\/v2\/product"}],"about":[{"href":"https:\/\/arturf.com\/es\/wp-json\/wp\/v2\/types\/product"}],"wp:featuredmedia":[{"embeddable":true,"href":"https:\/\/arturf.com\/es\/wp-json\/wp\/v2\/media\/19846"}],"wp:attachment":[{"href":"https:\/\/arturf.com\/es\/wp-json\/wp\/v2\/media?parent=19845"}],"wp:term":[{"taxonomy":"product_brand","embeddable":true,"href":"https:\/\/arturf.com\/es\/wp-json\/wp\/v2\/product_brand?post=19845"},{"taxonomy":"product_cat","embeddable":true,"href":"https:\/\/arturf.com\/es\/wp-json\/wp\/v2\/product_cat?post=19845"},{"taxonomy":"product_tag","embeddable":true,"href":"https:\/\/arturf.com\/es\/wp-json\/wp\/v2\/product_tag?post=19845"}],"curies":[{"name":"gracias","href":"https:\/\/api.w.org\/{rel}","templated":true}]}}