{"id":20426,"date":"2024-08-23T11:10:52","date_gmt":"2024-08-23T03:10:52","guid":{"rendered":"https:\/\/arturf.com\/?post_type=product&#038;p=20426"},"modified":"2025-03-22T20:12:09","modified_gmt":"2025-03-22T12:12:09","slug":"padel-court-cover","status":"publish","type":"product","link":"https:\/\/arturf.com\/es\/product\/padel-court-cover\/","title":{"rendered":"Funda para pista de p\u00e1del"},"content":{"rendered":"<p>En Arturf, ofrecemos cubiertas y toldos de primera calidad para pistas de p\u00e1del que garantizan el juego durante todo el a\u00f1o, independientemente del clima. A diferencia de las opciones inflables, nuestros toldos est\u00e1ticos est\u00e1n dise\u00f1ados para durar y ofrecen protecci\u00f3n permanente contra los elementos. Con soluciones personalizadas adaptadas a las necesidades \u00fanicas de cada lugar, Arturf facilita mejorar su experiencia en la pista de p\u00e1del al aire libre.<\/p>\n<h3>1. Marquesina integrada con pilares de pista de p\u00e1del<\/h3>\n<p>Nuestras soluciones de cubiertas integradas para pistas de p\u00e1del se combinan a la perfecci\u00f3n con los pilares de la pista de p\u00e1del, creando un dise\u00f1o unificado y elegante. Estas cubiertas brindan una protecci\u00f3n \u00f3ptima contra la lluvia, el sol y el viento, lo que garantiza que su pista se mantenga en perfectas condiciones. Con las cubiertas integradas de Arturf, disfrute de un juego continuo y mejore el atractivo est\u00e9tico de su pista de p\u00e1del con una cubierta duradera y resistente a todo tipo de climas.<\/p>\n<p><img alt=\"\" loading=\"lazy\" decoding=\"async\" class=\"alignnone wp-image-20433 size-medium\" src=\"https:\/\/arturf.com\/wp-content\/uploads\/2024\/08\/Canopy-Integrated-with-Padel-Court-Pillars-500x333.jpg\" width=\"500\" height=\"333\" srcset=\"https:\/\/arturf.com\/wp-content\/uploads\/2024\/08\/Canopy-Integrated-with-Padel-Court-Pillars-500x333.jpg 500w, https:\/\/arturf.com\/wp-content\/uploads\/2024\/08\/Canopy-Integrated-with-Padel-Court-Pillars-768x511.jpg 768w, https:\/\/arturf.com\/wp-content\/uploads\/2024\/08\/Canopy-Integrated-with-Padel-Court-Pillars-18x12.jpg 18w, https:\/\/arturf.com\/wp-content\/uploads\/2024\/08\/Canopy-Integrated-with-Padel-Court-Pillars-510x340.jpg 510w, https:\/\/arturf.com\/wp-content\/uploads\/2024\/08\/Canopy-Integrated-with-Padel-Court-Pillars.jpg 1000w\" sizes=\"auto, (max-width: 500px) 100vw, 500px\" \/><\/p>\n<h3>2. Marquesina separada de la estructura de la pista de p\u00e1del<\/h3>\n<p>Para aquellos que requieren m\u00e1s flexibilidad, Arturf ofrece soluciones de cubiertas para pistas de p\u00e1del que est\u00e1n separadas de la estructura de la pista de p\u00e1del. Estas cubiertas vers\u00e1tiles se pueden personalizar para cumplir con los requisitos espec\u00edficos de su recinto, lo que proporciona una protecci\u00f3n s\u00f3lida sin interferir con el dise\u00f1o de la pista. Ya sea que se enfrente a un sol intenso o a una lluvia intensa, nuestras cubiertas separadas brindan una cobertura confiable, lo que permite un juego ininterrumpido y preserva la integridad del dise\u00f1o de su pista de p\u00e1del.<\/p>\n<p><img alt=\"\" loading=\"lazy\" decoding=\"async\" class=\"alignnone size-medium wp-image-20439\" src=\"https:\/\/arturf.com\/wp-content\/uploads\/2024\/08\/Canopy-Separated-from-Padel-Court-Structure-500x333.jpg\" width=\"500\" height=\"333\" srcset=\"https:\/\/arturf.com\/wp-content\/uploads\/2024\/08\/Canopy-Separated-from-Padel-Court-Structure-500x333.jpg 500w, https:\/\/arturf.com\/wp-content\/uploads\/2024\/08\/Canopy-Separated-from-Padel-Court-Structure-768x511.jpg 768w, https:\/\/arturf.com\/wp-content\/uploads\/2024\/08\/Canopy-Separated-from-Padel-Court-Structure-18x12.jpg 18w, https:\/\/arturf.com\/wp-content\/uploads\/2024\/08\/Canopy-Separated-from-Padel-Court-Structure-510x340.jpg 510w, https:\/\/arturf.com\/wp-content\/uploads\/2024\/08\/Canopy-Separated-from-Padel-Court-Structure.jpg 1000w\" sizes=\"auto, (max-width: 500px) 100vw, 500px\" \/><\/p>\n<h3>3. Edificio de acero\/aluminio con paredes<\/h3>\n<p>Para una m\u00e1xima protecci\u00f3n y versatilidad, Arturf ofrece soluciones de construcci\u00f3n de acero o aluminio con paredes para su cancha de p\u00e1del. Estas estructuras brindan un entorno completamente cerrado, protegiendo a los jugadores y el equipo de todas las condiciones clim\u00e1ticas, incluidos vientos fuertes, lluvias intensas y luz solar intensa. Construidas con acero o aluminio de alta calidad, estas estructuras est\u00e1n dise\u00f1adas para brindar durabilidad y longevidad, lo que garantiza que su cancha est\u00e9 bien protegida durante todo el a\u00f1o.<\/p>\n<p>Los edificios de acero o aluminio se pueden personalizar para adaptarse a sus requisitos espec\u00edficos, incluidos el tama\u00f1o, el dise\u00f1o y las caracter\u00edsticas adicionales, como los sistemas de iluminaci\u00f3n y ventilaci\u00f3n. Con los edificios de acero o aluminio de Arturf, puede transformar su cancha de p\u00e1del en una instalaci\u00f3n c\u00f3moda para todas las estaciones que mejore la experiencia del jugador y ampl\u00ede la usabilidad de la cancha.<\/p>\n<p><img alt=\"\" loading=\"lazy\" decoding=\"async\" class=\"alignnone wp-image-20432 size-medium\" src=\"https:\/\/arturf.com\/wp-content\/uploads\/2024\/08\/Padel-Court-Cover-500x300.jpg\" width=\"500\" height=\"300\" srcset=\"https:\/\/arturf.com\/wp-content\/uploads\/2024\/08\/Padel-Court-Cover-500x300.jpg 500w, https:\/\/arturf.com\/wp-content\/uploads\/2024\/08\/Padel-Court-Cover-768x460.jpg 768w, https:\/\/arturf.com\/wp-content\/uploads\/2024\/08\/Padel-Court-Cover-18x12.jpg 18w, https:\/\/arturf.com\/wp-content\/uploads\/2024\/08\/Padel-Court-Cover-510x305.jpg 510w, https:\/\/arturf.com\/wp-content\/uploads\/2024\/08\/Padel-Court-Cover.jpg 1000w\" sizes=\"auto, (max-width: 500px) 100vw, 500px\" \/><\/p>","protected":false},"excerpt":{"rendered":"<p>Explora las opciones de cubiertas y toldos para canchas de p\u00e1del de Arturf para jugar todo el a\u00f1o. Dise\u00f1os personalizados, duraderos y elegantes que protegen tu cancha en cualquier clima.<\/p>","protected":false},"featured_media":20431,"template":"","meta":{"_seopress_robots_primary_cat":"932","_seopress_titles_title":"Padel Court Cover & Canopy | Durable All-Weather Protection","_seopress_titles_desc":"","_seopress_robots_index":""},"product_brand":[],"product_cat":[932,831],"product_tag":[],"class_list":{"0":"post-20426","1":"product","2":"type-product","3":"status-publish","4":"has-post-thumbnail","6":"product_cat-padel","7":"product_cat-extras","9":"first","10":"instock","11":"shipping-taxable","12":"product-type-simple"},"_links":{"self":[{"href":"https:\/\/arturf.com\/es\/wp-json\/wp\/v2\/product\/20426","targetHints":{"allow":["GET"]}}],"collection":[{"href":"https:\/\/arturf.com\/es\/wp-json\/wp\/v2\/product"}],"about":[{"href":"https:\/\/arturf.com\/es\/wp-json\/wp\/v2\/types\/product"}],"wp:featuredmedia":[{"embeddable":true,"href":"https:\/\/arturf.com\/es\/wp-json\/wp\/v2\/media\/20431"}],"wp:attachment":[{"href":"https:\/\/arturf.com\/es\/wp-json\/wp\/v2\/media?parent=20426"}],"wp:term":[{"taxonomy":"product_brand","embeddable":true,"href":"https:\/\/arturf.com\/es\/wp-json\/wp\/v2\/product_brand?post=20426"},{"taxonomy":"product_cat","embeddable":true,"href":"https:\/\/arturf.com\/es\/wp-json\/wp\/v2\/product_cat?post=20426"},{"taxonomy":"product_tag","embeddable":true,"href":"https:\/\/arturf.com\/es\/wp-json\/wp\/v2\/product_tag?post=20426"}],"curies":[{"name":"gracias","href":"https:\/\/api.w.org\/{rel}","templated":true}]}}