{"id":26578,"date":"2025-07-05T17:35:13","date_gmt":"2025-07-05T09:35:13","guid":{"rendered":"https:\/\/arturf.com\/?post_type=product&#038;p=26578"},"modified":"2025-07-07T08:19:05","modified_gmt":"2025-07-07T00:19:05","slug":"pickleball-floor","status":"publish","type":"product","link":"https:\/\/arturf.com\/es\/product\/pickleball-floor\/","title":{"rendered":"Piso de Pickleball"},"content":{"rendered":"<p>El pickleball est\u00e1 en auge mundial. Para satisfacer la creciente demanda, <strong>Arturf<\/strong>\u00a0ha lanzado un suelo de pickleball de alto rendimiento con propiedades antideslizantes y resistentes al desgaste. Dise\u00f1ado tanto para uso en interiores como en exteriores, ofrece un excelente rebote y soporta el ritmo \u00fanico del juego de pickleball. La superficie cuenta con <strong>Tecnolog\u00eda de superficie NanoShield del Arturf<\/strong>, ofreciendo una resistencia superior al envejecimiento, a los rayos UV y a la acumulaci\u00f3n de grasa.<\/p>\n<h4>Tecnolog\u00eda de superficie NanoShield<\/h4>\n<p><strong>Tecnolog\u00eda de superficie NanoShield<\/strong>\u00a0Es un revestimiento ecol\u00f3gico de \u00faltima generaci\u00f3n que mejora la durabilidad y la apariencia del piso. Este avanzado nanorrevestimiento de pol\u00edmero protege contra la decoloraci\u00f3n, la migraci\u00f3n de aceite, los rayos UV y el desgaste, a la vez que mantiene una tracci\u00f3n constante y un color vibrante incluso en condiciones exteriores extremas.<\/p>\n<figure id=\"attachment_26582\" aria-describedby=\"caption-attachment-26582\" style=\"width: 1020px\" class=\"wp-caption aligncenter\"><img alt=\"\" loading=\"lazy\" decoding=\"async\" class=\"wp-image-26582 size-large\" src=\"https:\/\/arturf.com\/wp-content\/uploads\/2025\/07\/arturf-pickleball-floor-p3-structure-images-1024x952.jpg\" width=\"1020\" height=\"948\" srcset=\"https:\/\/arturf.com\/wp-content\/uploads\/2025\/07\/arturf-pickleball-floor-p3-structure-images-1024x952.jpg 1024w, https:\/\/arturf.com\/wp-content\/uploads\/2025\/07\/arturf-pickleball-floor-p3-structure-images-500x465.jpg 500w, https:\/\/arturf.com\/wp-content\/uploads\/2025\/07\/arturf-pickleball-floor-p3-structure-images-768x714.jpg 768w, https:\/\/arturf.com\/wp-content\/uploads\/2025\/07\/arturf-pickleball-floor-p3-structure-images-1536x1428.jpg 1536w, https:\/\/arturf.com\/wp-content\/uploads\/2025\/07\/arturf-pickleball-floor-p3-structure-images-13x12.jpg 13w, https:\/\/arturf.com\/wp-content\/uploads\/2025\/07\/arturf-pickleball-floor-p3-structure-images-510x474.jpg 510w, https:\/\/arturf.com\/wp-content\/uploads\/2025\/07\/arturf-pickleball-floor-p3-structure-images.jpg 1652w\" sizes=\"auto, (max-width: 1020px) 100vw, 1020px\" \/><figcaption id=\"caption-attachment-26582\" class=\"wp-caption-text\">Estructura e im\u00e1genes del suelo de pickleball Arturf P3<\/figcaption><\/figure>\n<h4>Caracter\u00edsticas del producto\u00a0<\/h4>\n<ol>\n<li><b><\/b><strong><b>Superficie con revestimiento nanom\u00e9trico<\/b><\/strong>Previene la formaci\u00f3n de aceite y la degradaci\u00f3n de la superficie por la exposici\u00f3n a los rayos UV.<\/li>\n<li><b><\/b><strong><b>Texturizado con peque\u00f1as vetas de piedra.<\/b><\/strong>y part\u00edculas antideslizantes para m\u00e1ximo agarre y seguridad.<\/li>\n<li><b><\/b><strong><b>Construcci\u00f3n densa de PVC puro <\/b><\/strong>garantiza una m\u00ednima p\u00e9rdida de elasticidad y un excelente rebote de la pelota.<\/li>\n<li><b><\/b><strong><b>F\u00f3rmula patentada sin aceite,<\/b><\/strong>Antienvejecimiento y rendimiento duradero.<\/li>\n<li><b><\/b><strong><b>Antibacteriano, no absorbente.<\/b><\/strong>y sin olor para unas condiciones de juego m\u00e1s limpias.<\/li>\n<li><b><\/b><strong><b>Materiales ecol\u00f3gicos<\/b><\/strong>: no t\u00f3xico, inodoro y compatible con los est\u00e1ndares ecol\u00f3gicos.<\/li>\n<li><b><\/b><strong><b>Resistente a la temperatura<\/b><\/strong>: funciona de forma fiable desde -40 \u00b0C hasta 100 \u00b0C<\/li>\n<\/ol>\n<p>\u00a0<\/p>","protected":false},"excerpt":{"rendered":"<p>Dise\u00f1ado para canchas interiores y exteriores, el piso de Pickleball Arturf presenta una textura antideslizante, un excelente rebote y una larga durabilidad. Mejorado con <strong data-start=\"282\" data-end=\"316\">Tecnolog\u00eda de superficie NanoShield<\/strong>Resiste los rayos UV, la lubricaci\u00f3n y el desgaste, lo que garantiza un rendimiento y una seguridad constantes. Fabricado con PVC ecol\u00f3gico, es antibacteriano, inodoro y est\u00e1 dise\u00f1ado para soportar temperaturas extremas.<\/p>","protected":false},"featured_media":26581,"template":"","meta":{"_seopress_robots_primary_cat":"","_seopress_titles_title":"Professional Pickleball Flooring - Indoor\/Outdoor, Anti-Slip Surface","_seopress_titles_desc":"","_seopress_robots_index":""},"product_brand":[],"product_cat":[831],"product_tag":[],"class_list":{"0":"post-26578","1":"product","2":"type-product","3":"status-publish","4":"has-post-thumbnail","6":"product_cat-extras","8":"first","9":"instock","10":"shipping-taxable","11":"product-type-simple"},"_links":{"self":[{"href":"https:\/\/arturf.com\/es\/wp-json\/wp\/v2\/product\/26578","targetHints":{"allow":["GET"]}}],"collection":[{"href":"https:\/\/arturf.com\/es\/wp-json\/wp\/v2\/product"}],"about":[{"href":"https:\/\/arturf.com\/es\/wp-json\/wp\/v2\/types\/product"}],"wp:featuredmedia":[{"embeddable":true,"href":"https:\/\/arturf.com\/es\/wp-json\/wp\/v2\/media\/26581"}],"wp:attachment":[{"href":"https:\/\/arturf.com\/es\/wp-json\/wp\/v2\/media?parent=26578"}],"wp:term":[{"taxonomy":"product_brand","embeddable":true,"href":"https:\/\/arturf.com\/es\/wp-json\/wp\/v2\/product_brand?post=26578"},{"taxonomy":"product_cat","embeddable":true,"href":"https:\/\/arturf.com\/es\/wp-json\/wp\/v2\/product_cat?post=26578"},{"taxonomy":"product_tag","embeddable":true,"href":"https:\/\/arturf.com\/es\/wp-json\/wp\/v2\/product_tag?post=26578"}],"curies":[{"name":"gracias","href":"https:\/\/api.w.org\/{rel}","templated":true}]}}