{"id":6520,"date":"2011-05-18T01:44:47","date_gmt":"2011-05-18T01:44:47","guid":{"rendered":"https:\/\/arturf.com\/?post_type=product&#038;p=6520"},"modified":"2019-06-25T01:30:28","modified_gmt":"2019-06-25T01:30:28","slug":"ultimate-portable-green","status":"publish","type":"product","link":"https:\/\/arturf.com\/es\/product\/ultimate-portable-green\/","title":{"rendered":"Ultimate Portable Green"},"content":{"rendered":"<p>Todo buen jugador de golf sabe que la forma n\u00famero uno de reducir sus puntuaciones de golf es practicar el putt. Los Putting Greens port\u00e1tiles de ARTURF son un gran asistente para mejorar sus habilidades de putt. Nuestros greens port\u00e1tiles se han dise\u00f1ado cuidadosamente para que puedan colocarse en cualquier habitaci\u00f3n de su hogar durante los meses de invierno y luego en su jard\u00edn durante el verano. El Putting Green de golf port\u00e1til ARTURF Ultimate es muy adecuado tanto para <strong>uso en exteriores e interiores. Port\u00e1til y f\u00e1cil de instalar; solo desenrolla y juega.<\/strong><\/p>\n<p><strong>Putting Greens port\u00e1tiles dise\u00f1ados con toda la funcionalidad<\/strong><br \/>Los putting green port\u00e1tiles preempaquetados est\u00e1n dise\u00f1ados para brindarle toda la funcionalidad de un green tradicional en la comodidad y calidez de su propio hogar u oficina. Encontrar\u00e1 que nuestros greens port\u00e1tiles para interiores y exteriores son hermosos e incre\u00edblemente realistas.<\/p>\n<p>Nuestros Putting Greens port\u00e1tiles est\u00e1n dise\u00f1ados por golfistas para golfistas con la intenci\u00f3n de crear el mejor entorno de pr\u00e1ctica de putt disponible sin desperdiciar pies cuadrados que tendr\u00e1 que pagar y agregar poco valor pr\u00e1ctico.<\/p>\n<p>\u00a1Ahora puede ir al campo de golf donde quiera que viaje! M\u00e1s realista y desafiante que apuntar una pelota a un vaso en la alfombra.<\/p>\n<p><strong>caracteristicas:<\/strong><\/p>\n<ul>\n<li class=\"bullet-arrow\"><strong>Talla: <\/strong><strong>1,5 m * 3,0 m \/ 3,5 m,\u00a0<\/strong>\u00a0lo suficientemente grande para un putt complicado, pero compacto para jugar en casi cualquier lugar. Se puede personalizar un tama\u00f1o especial.<\/li>\n<li class=\"bullet-arrow\">La m\u00e1s alta funcionalidad y el green sint\u00e9tico m\u00e1s realista<\/li>\n<li class=\"bullet-arrow\"><strong>Materiales:<\/strong> Polietileno texturizado con flecos de polietileno monofilamento<\/li>\n<li class=\"bullet-arrow\"><strong>Garant\u00eda:<\/strong> Garant\u00eda de 8 a\u00f1os<\/li>\n<li class=\"bullet-arrow\">Putting green de interior con el mejor valor del mercado<\/li>\n<\/ul>\n<p><strong>Beneficios:<\/strong><\/p>\n<ul>\n<li class=\"bullet-checkmark bullet-arrow\">Dise\u00f1ado para presentar una textura de putt realista y rugosidad simulada.<\/li>\n<li class=\"bullet-checkmark bullet-arrow\">Embalado con una bolsa de tela tejida. Muy f\u00e1cil de llevar.<\/li>\n<\/ul>\n<p><img loading=\"lazy\" decoding=\"async\" class=\"alignnone size-full wp-image-3893\" title=\"Putting Green port\u00e1til definitivo\" src=\"https:\/\/arturf.com\/wp-content\/uploads\/2012\/08\/mini-golf.jpg\" alt=\"Putting Green port\u00e1til\" width=\"600\" height=\"532\" \/><\/p>\n<p>Tenga en cuenta que no sugerimos comprar el Ultimate Portable Green individualmente ya que el flete a\u00e9reo ser\u00e1 muy alto y probablemente mucho m\u00e1s alto que el valor de los productos. Recomendamos pedir junto con c\u00e9sped artificial y poner Ultimate Portable Green en el mismo recipiente.\u00a0<\/p>\n\n\t<section class=\"section\" id=\"section_166707349\">\n\t\t<div class=\"section-bg fill\" >\n\t\t\t\t\t\t\t\t\t\n\t\t\t\n\n\t\t<\/div>\n\n\t\t\n\n\t\t<div class=\"section-content relative\">\n\t\t\t\n\n<div class=\"row\"  id=\"row-1020896868\">\n\n\n\t<div id=\"col-1718005864\" class=\"col small-12 large-12\"  >\n\t\t\t\t<div class=\"col-inner text-center\"  >\n\t\t\t\n\t\t\t\n\n<h2>preguntas frecuentes<\/h2>\n\n\t\t<\/div>\n\t\t\t\t\t<\/div>\n\n\t\n\n<\/div>\n<div class=\"row align-center row-box-shadow-1\"  id=\"row-1299165693\">\n\n\n\t<div id=\"col-2034447761\" class=\"col medium-10 small-12 large-9\"  >\n\t\t\t\t<div class=\"col-inner\" style=\"background-color:rgb(255,255,255);\" >\n\t\t\t\n\t\t\t\n\n<div class=\"accordion\">\n\n\t<div id=\"accordion-1094957307\" class=\"accordion-item\">\n\t\t<a id=\"accordion-1094957307-label\" class=\"accordion-title plain\" href=\"#accordion-item-can-you-customize-specifications-for-your-artificial-turf-products?\" aria-expanded=\"false\" aria-controls=\"accordion-1094957307-content\">\n\t\t\t<button class=\"toggle\" aria-label=\"Palanca\"><i class=\"icon-angle-down\" aria-hidden=\"true\"><\/i><\/button>\n\t\t\t<span>\u00bfPuede personalizar las especificaciones de sus productos de c\u00e9sped artificial?<\/span>\n\t\t<\/a>\n\t\t<div id=\"accordion-1094957307-content\" class=\"accordion-inner\" aria-labelledby=\"accordion-1094957307-label\">\n\t\t\t\n\n<p>S\u00ed, ofrecemos opciones de personalizaci\u00f3n para el color, la forma del hilo, la altura del pelo, la densidad y el respaldo. Tambi\u00e9n podemos producir de acuerdo con una muestra proporcionada.<\/p>\n\n\t\t<\/div>\n\t<\/div>\n\t\n\t<div id=\"accordion-1282700447\" class=\"accordion-item\">\n\t\t<a id=\"accordion-1282700447-label\" class=\"accordion-title plain\" href=\"#accordion-item-do-you-have-stock?\" aria-expanded=\"false\" aria-controls=\"accordion-1282700447-content\">\n\t\t\t<button class=\"toggle\" aria-label=\"Palanca\"><i class=\"icon-angle-down\" aria-hidden=\"true\"><\/i><\/button>\n\t\t\t<span>\u00bfTiene existencias?<\/span>\n\t\t<\/a>\n\t\t<div id=\"accordion-1282700447-content\" class=\"accordion-inner\" aria-labelledby=\"accordion-1282700447-label\">\n\t\t\t\n\n<p>No, no mantenemos stock. Comenzamos la producci\u00f3n en base a pedidos espec\u00edficos.<\/p>\n\n\t\t<\/div>\n\t<\/div>\n\t\n\t<div id=\"accordion-3764821324\" class=\"accordion-item\">\n\t\t<a id=\"accordion-3764821324-label\" class=\"accordion-title plain\" href=\"#accordion-item-what-is-your-moq?\" aria-expanded=\"false\" aria-controls=\"accordion-3764821324-content\">\n\t\t\t<button class=\"toggle\" aria-label=\"Palanca\"><i class=\"icon-angle-down\" aria-hidden=\"true\"><\/i><\/button>\n\t\t\t<span>\u00bfCu\u00e1l es su MOQ?<\/span>\n\t\t<\/a>\n\t\t<div id=\"accordion-3764821324-content\" class=\"accordion-inner\" aria-labelledby=\"accordion-3764821324-label\">\n\t\t\t\n\n<p>Para la mayor\u00eda de los c\u00e9spedes artificiales, nuestra cantidad m\u00ednima de pedido (MOQ) es de 500 metros cuadrados. Para algunos productos de peso ligero, el pedido m\u00ednimo es de 800 metros cuadrados.<\/p>\n\n\t\t<\/div>\n\t<\/div>\n\t\n\t<div id=\"accordion-1176415298\" class=\"accordion-item\">\n\t\t<a id=\"accordion-1176415298-label\" class=\"accordion-title plain\" href=\"#accordion-item-what-are-the-width-and-length-options-for-artificial-grass?\" aria-expanded=\"false\" aria-controls=\"accordion-1176415298-content\">\n\t\t\t<button class=\"toggle\" aria-label=\"Palanca\"><i class=\"icon-angle-down\" aria-hidden=\"true\"><\/i><\/button>\n\t\t\t<span>\u00bfCu\u00e1les son las opciones de ancho y largo para el c\u00e9sped artificial?<\/span>\n\t\t<\/a>\n\t\t<div id=\"accordion-1176415298-content\" class=\"accordion-inner\" aria-labelledby=\"accordion-1176415298-label\">\n\t\t\t\n\n<p>Nuestras opciones de ancho comunes son 2 m, 3,75 m, 3,95 m, 4 m y 5 m. La longitud se puede personalizar de acuerdo con los requisitos espec\u00edficos de su proyecto. Por defecto, mezclamos c\u00e9sped de 4 m de ancho y 2 m de ancho para optimizar el espacio del contenedor.<\/p>\n\n\t\t<\/div>\n\t<\/div>\n\t\n\t<div id=\"accordion-2612339135\" class=\"accordion-item\">\n\t\t<a id=\"accordion-2612339135-label\" class=\"accordion-title plain\" href=\"#accordion-item-what-information-do-you-need-to-provide-the-landed-cost-for-international-customers?\" aria-expanded=\"false\" aria-controls=\"accordion-2612339135-content\">\n\t\t\t<button class=\"toggle\" aria-label=\"Palanca\"><i class=\"icon-angle-down\" aria-hidden=\"true\"><\/i><\/button>\n\t\t\t<span>\u00bfQu\u00e9 informaci\u00f3n necesita para proporcionar el costo de entrega para clientes internacionales?<\/span>\n\t\t<\/a>\n\t\t<div id=\"accordion-2612339135-content\" class=\"accordion-inner\" aria-labelledby=\"accordion-2612339135-label\">\n\t\t\t\n\n<p>Para proporcionar el costo de desembarque, requerimos informaci\u00f3n sobre los detalles del producto, la cantidad y el puerto mar\u00edtimo de destino.<\/p>\n\n\t\t<\/div>\n\t<\/div>\n\t\n\n<\/div>\n\n\t\t<\/div>\n\t\t\t\t\t<\/div>\n\n\t\n\n\n<style>\n#row-1299165693 > .col > .col-inner {\n  padding: 0px 0px 0px 0px;\n}\n@media (min-width:550px) {\n  #row-1299165693 > .col > .col-inner {\n    padding: 30px 30px 30px 30px;\n  }\n}\n<\/style>\n<\/div>\n\n\t\t<\/div>\n\n\t\t\n<style>\n#section_166707349 {\n  padding-top: 60px;\n  padding-bottom: 60px;\n}\n<\/style>\n\t<\/section>\n\t\n<div class=\"row align-center\"  id=\"row-1545513741\">\n\n\n\t<div id=\"col-1732007742\" class=\"col medium-4 large-4\"  >\n\t\t\t\t<div class=\"col-inner\"  >\n\t\t\t\n\t<div class=\"is-border\"\n\t\tstyle=\"border-width:0px 0px 0px 0px;\">\n\t<\/div>\n\t\t\t\n\n\n\t\t<div class=\"icon-box featured-box icon-box-center text-center\"  style=\"margin:0px 0px 0px 0px;\">\n\t\t\t\t\t<div class=\"icon-box-img has-icon-bg\" style=\"width: 100px\">\n\t\t\t\t<div class=\"icon\">\n\t\t\t\t\t<div class=\"icon-inner\" style=\"border-width:2px;color:rgba(47, 159, 18, 0.88);\">\n\t\t\t\t\t\t<img loading=\"lazy\" decoding=\"async\" width=\"100\" height=\"100\" src=\"https:\/\/arturf.com\/wp-content\/uploads\/2018\/06\/Icon-Good-quality.png\" class=\"attachment-medium size-medium\" alt=\"\" srcset=\"https:\/\/arturf.com\/wp-content\/uploads\/2018\/06\/Icon-Good-quality.png 100w, https:\/\/arturf.com\/wp-content\/uploads\/2018\/06\/Icon-Good-quality-12x12.png 12w\" sizes=\"auto, (max-width: 100px) 100vw, 100px\" \/>\t\t\t\t\t<\/div>\n\t\t\t\t<\/div>\n\t\t\t<\/div>\n\t\t\t\t<div class=\"icon-box-text last-reset\">\n\t\t\t<h5 class=\"uppercase\">Calidad comprobada<\/h5>\t\t\t\t\t\t\n\n<p>C\u00e9sped artificial premium con resistencia a los rayos UV y al desgaste. Las s\u00f3lidas garant\u00edas aseguran una satisfacci\u00f3n duradera.<\/p>\n\n\t\t<\/div>\n\t<\/div>\n\t\n\t\n\n\t\t<\/div>\n\t\t\t\t\t<\/div>\n\n\t\n\n\t<div id=\"col-664235484\" class=\"col medium-4 large-4\"  >\n\t\t\t\t<div class=\"col-inner\"  >\n\t\t\t\n\t<div class=\"is-border\"\n\t\tstyle=\"border-width:0px 0px 0px 0px;\">\n\t<\/div>\n\t\t\t\n\n\n\t\t<div class=\"icon-box featured-box icon-box-center text-center\"  style=\"margin:0px 0px 0px 0px;\">\n\t\t\t\t\t<div class=\"icon-box-img has-icon-bg\" style=\"width: 100px\">\n\t\t\t\t<div class=\"icon\">\n\t\t\t\t\t<div class=\"icon-inner\" style=\"border-width:2px;color:rgba(47, 159, 18, 0.88);\">\n\t\t\t\t\t\t<img loading=\"lazy\" decoding=\"async\" width=\"100\" height=\"100\" src=\"https:\/\/arturf.com\/wp-content\/uploads\/2018\/06\/Icon-Good-price.png\" class=\"attachment-medium size-medium\" alt=\"\" srcset=\"https:\/\/arturf.com\/wp-content\/uploads\/2018\/06\/Icon-Good-price.png 100w, https:\/\/arturf.com\/wp-content\/uploads\/2018\/06\/Icon-Good-price-12x12.png 12w\" sizes=\"auto, (max-width: 100px) 100vw, 100px\" \/>\t\t\t\t\t<\/div>\n\t\t\t\t<\/div>\n\t\t\t<\/div>\n\t\t\t\t<div class=\"icon-box-text last-reset\">\n\t\t\t<h5 class=\"uppercase\">Precio competitivo<\/h5>\t\t\t\t\t\t\n\n<p>Ofrecemos precios competitivos, fomentando el crecimiento mutuo y el \u00e9xito a largo plazo con nuestros estimados distribuidores.<\/p>\n\n\t\t<\/div>\n\t<\/div>\n\t\n\t\n\n\t\t<\/div>\n\t\t\t\t\t<\/div>\n\n\t\n\n\t<div id=\"col-1680388008\" class=\"col medium-4 large-4\"  >\n\t\t\t\t<div class=\"col-inner\"  >\n\t\t\t\n\t<div class=\"is-border\"\n\t\tstyle=\"border-width:0px 0px 0px 0px;\">\n\t<\/div>\n\t\t\t\n\n\n\t\t<div class=\"icon-box featured-box icon-box-center text-center\"  style=\"margin:0px 0px 0px 0px;\">\n\t\t\t\t\t<div class=\"icon-box-img has-icon-bg\" style=\"width: 100px\">\n\t\t\t\t<div class=\"icon\">\n\t\t\t\t\t<div class=\"icon-inner\" style=\"border-width:2px;color:rgba(47, 159, 18, 0.88);\">\n\t\t\t\t\t\t<img loading=\"lazy\" decoding=\"async\" width=\"100\" height=\"100\" src=\"https:\/\/arturf.com\/wp-content\/uploads\/2018\/06\/Icon-tailor-made.png\" class=\"attachment-medium size-medium\" alt=\"\" srcset=\"https:\/\/arturf.com\/wp-content\/uploads\/2018\/06\/Icon-tailor-made.png 100w, https:\/\/arturf.com\/wp-content\/uploads\/2018\/06\/Icon-tailor-made-12x12.png 12w\" sizes=\"auto, (max-width: 100px) 100vw, 100px\" \/>\t\t\t\t\t<\/div>\n\t\t\t\t<\/div>\n\t\t\t<\/div>\n\t\t\t\t<div class=\"icon-box-text last-reset\">\n\t\t\t<h5 class=\"uppercase\">Soluciones personalizadas<\/h5>\t\t\t\t\t\t\n\n<p>Libere el potencial del mercado con diversas opciones de c\u00e9sped artificial. <a href=\"https:\/\/arturf.com\/es\/buyers-guide\/customized-artificial-grass-products\/\">Adaptado a necesidades o muestras \u00fanicas<\/a>.<\/p>\n\n\t\t<\/div>\n\t<\/div>\n\t\n\t\n\n\t\t<\/div>\n\t\t\t\t\t<\/div>\n\n\t\n\n<\/div>","protected":false},"excerpt":{"rendered":"<p>Nuestro \u00faltimo Putting Green port\u00e1til para golf es para golfistas de todos los niveles. Este es un green de calidad profesional con dos copas y banderines. Astillas, putts largos, sensaci\u00f3n de solidez y el verdadero rodar de la pelota, casi todo lo que espera de un green real. Adecuado tanto para exteriores como para\u00a0<strong>uso interior. Port\u00e1til y f\u00e1cil de instalar; solo desenrolla y juega.<\/strong><\/p>","protected":false},"featured_media":3909,"template":"","meta":{"_seopress_robots_primary_cat":"","_seopress_titles_title":"","_seopress_titles_desc":"","_seopress_robots_index":""},"product_brand":[],"product_cat":[65],"product_tag":[],"class_list":{"0":"post-6520","1":"product","2":"type-product","3":"status-publish","4":"has-post-thumbnail","6":"product_cat-golf","8":"first","9":"instock","10":"shipping-taxable","11":"product-type-simple"},"_links":{"self":[{"href":"https:\/\/arturf.com\/es\/wp-json\/wp\/v2\/product\/6520","targetHints":{"allow":["GET"]}}],"collection":[{"href":"https:\/\/arturf.com\/es\/wp-json\/wp\/v2\/product"}],"about":[{"href":"https:\/\/arturf.com\/es\/wp-json\/wp\/v2\/types\/product"}],"wp:featuredmedia":[{"embeddable":true,"href":"https:\/\/arturf.com\/es\/wp-json\/wp\/v2\/media\/3909"}],"wp:attachment":[{"href":"https:\/\/arturf.com\/es\/wp-json\/wp\/v2\/media?parent=6520"}],"wp:term":[{"taxonomy":"product_brand","embeddable":true,"href":"https:\/\/arturf.com\/es\/wp-json\/wp\/v2\/product_brand?post=6520"},{"taxonomy":"product_cat","embeddable":true,"href":"https:\/\/arturf.com\/es\/wp-json\/wp\/v2\/product_cat?post=6520"},{"taxonomy":"product_tag","embeddable":true,"href":"https:\/\/arturf.com\/es\/wp-json\/wp\/v2\/product_tag?post=6520"}],"curies":[{"name":"gracias","href":"https:\/\/api.w.org\/{rel}","templated":true}]}}