{"id":6521,"date":"2017-05-19T08:13:27","date_gmt":"2017-05-19T08:13:27","guid":{"rendered":"https:\/\/arturf.com\/?post_type=product&#038;p=6521"},"modified":"2019-12-18T02:39:54","modified_gmt":"2019-12-18T02:39:54","slug":"artificial-grass-rubber-infill","status":"publish","type":"product","link":"https:\/\/arturf.com\/es\/product\/artificial-grass-rubber-infill\/","title":{"rendered":"Gr\u00e1nulo de goma"},"content":{"rendered":"<h2 style=\"text-align: left;\"><strong>\u00bfPor qu\u00e9 usar relleno de goma para campos de f\u00fatbol?<\/strong><\/h2>\n<ul>\n<li class=\"bullet-checkmark bullet-arrow\" style=\"text-align: left;\">Se utiliza una capa de relleno para mejorar la jugabilidad en c\u00e9sped artificial. El relleno proporciona agarre, comodidad de deslizamiento, estabilidad y restauraci\u00f3n de energ\u00eda.<\/li>\n<li class=\"bullet-checkmark bullet-arrow\" style=\"text-align: left;\">El relleno de goma permite que las hojas de hierba sint\u00e9tica se mantengan erguidas, lo que le da una apariencia natural.<\/li>\n<li class=\"bullet-checkmark bullet-arrow\" style=\"text-align: left;\">Proporcione una superficie acolchada para jugar de forma similar a la del c\u00e9sped natural.<\/li>\n<li class=\"bullet-checkmark bullet-arrow\" style=\"text-align: left;\">Haga que las superficies de c\u00e9sped artificial sean capaces de soportar tensiones superiores a las normales (proteja el sistema de c\u00e9sped artificial y haga que dure m\u00e1s)<\/li>\n<\/ul>\n\t<div class=\"img has-hover x md-x lg-x y md-y lg-y\" id=\"image_1478226371\">\n\t\t\t\t\t\t\t\t<div class=\"img-inner dark\" >\n\t\t\t<img loading=\"lazy\" decoding=\"async\" width=\"700\" height=\"294\" src=\"https:\/\/arturf.com\/wp-content\/uploads\/2018\/05\/Football-Turf-Infill-System.jpg\" class=\"attachment-large size-large\" alt=\"Sin relleno\" srcset=\"https:\/\/arturf.com\/wp-content\/uploads\/2018\/05\/Football-Turf-Infill-System.jpg 700w, https:\/\/arturf.com\/wp-content\/uploads\/2018\/05\/Football-Turf-Infill-System-300x126.jpg 300w, https:\/\/arturf.com\/wp-content\/uploads\/2018\/05\/Football-Turf-Infill-System-18x8.jpg 18w, https:\/\/arturf.com\/wp-content\/uploads\/2018\/05\/Football-Turf-Infill-System-510x214.jpg 510w\" sizes=\"auto, (max-width: 700px) 100vw, 700px\" \/>\t\t\t\t\t\t\n\t\t\t\t\t<\/div>\n\t\t\t\t\t\t\t\t\n<style>\n#image_1478226371 {\n  width: 60%;\n}\n<\/style>\n\t<\/div>\n\t\n<h2>\u00bfQu\u00e9 tipo de relleno de goma puede usar para campos de c\u00e9sped artificial?<\/h2>\n<p>Hay varios tipos de caucho desmenuzado que puede usar como relleno, incluidos gr\u00e1nulos de grubber SBR, gr\u00e1nulos de caucho TPE, gr\u00e1nulos de caucho EPDM y materiales org\u00e1nicos. Recomendamos gr\u00e1nulos de caucho SBR o caucho de miga TPE. Estos dos son los rellenos de caucho de alto rendimiento m\u00e1s comunes y probados en el mercado.<\/p>\n<h3>1. SBR Crumb Rubber<\/h3>\n<p>El caucho desmenuzado SBR (despu\u00e9s de su composici\u00f3n qu\u00edmica - caucho de estireno-butadieno) se hace m\u00e1s com\u00fanmente del neum\u00e1tico reciclado. El material fue <a href=\"https:\/\/arturf.com\/es\/blog\/is-sbr-infill-safe\/\" target=\"_blank\" rel=\"noopener noreferrer\">probado seguro<\/a> Para ser utilizado como relleno de c\u00e9sped artificial. El gr\u00e1nulo de caucho SBR es el relleno de caucho m\u00e1s com\u00fan en el mercado, con peque\u00f1as caracter\u00edsticas de inversi\u00f3n de la producci\u00f3n.<\/p>\n<p>Caucho de miga negra de 1-3 mm de tama\u00f1o para mejorar el rendimiento de los campos deportivos. Buena calidad, limpio, sin mal olor y respetuoso con el medio ambiente.<\/p>\n\t<div class=\"img has-hover x md-x lg-x y md-y lg-y\" id=\"image_886650648\">\n\t\t\t\t\t\t\t\t<div class=\"img-inner dark\" style=\"margin:30px 0px 30px 0px;\">\n\t\t\t<img loading=\"lazy\" decoding=\"async\" width=\"460\" height=\"295\" src=\"https:\/\/arturf.com\/wp-content\/uploads\/2014\/07\/rubber_2-3.jpg\" class=\"attachment-large size-large\" alt=\"Relleno de gr\u00e1nulos de goma\" srcset=\"https:\/\/arturf.com\/wp-content\/uploads\/2014\/07\/rubber_2-3.jpg 460w, https:\/\/arturf.com\/wp-content\/uploads\/2014\/07\/rubber_2-3-300x192.jpg 300w, https:\/\/arturf.com\/wp-content\/uploads\/2014\/07\/rubber_2-3-18x12.jpg 18w\" sizes=\"auto, (max-width: 460px) 100vw, 460px\" \/>\t\t\t\t\t\t\n\t\t\t\t\t<\/div>\n\t\t\t\t\t\t\t\t\n<style>\n#image_886650648 {\n  width: 50%;\n}\n<\/style>\n\t<\/div>\n\t\n<h3>2. Gr\u00e1nulos de goma TPE<\/h3>\n<p>El elast\u00f3mero termopl\u00e1stico posee una alta elasticidad, resistencia y elasticidad el\u00e1stica del caucho, y tambi\u00e9n tiene las caracter\u00edsticas del procesamiento por inyecci\u00f3n. Es un gr\u00e1nulo de caucho polim\u00e9rico basado en PU, PE, EPDM, SBS, SEBS, PP, PC, PA, ABS. Nuestros gr\u00e1nulos huecos de TPE son adecuados como material de relleno para c\u00e9sped artificial.<\/p>\n\t<div class=\"img has-hover x md-x lg-x y md-y lg-y\" id=\"image_1987811066\">\n\t\t\t\t\t\t\t\t<div class=\"img-inner dark\" style=\"margin:30px 0px 30px 0px;\">\n\t\t\t<img loading=\"lazy\" decoding=\"async\" width=\"800\" height=\"533\" src=\"https:\/\/arturf.com\/wp-content\/uploads\/2019\/04\/TPE-RUBBER-INFILL.jpg\" class=\"attachment-large size-large\" alt=\"LLENADO DE GOMA TPE\" srcset=\"https:\/\/arturf.com\/wp-content\/uploads\/2019\/04\/TPE-RUBBER-INFILL.jpg 800w, https:\/\/arturf.com\/wp-content\/uploads\/2019\/04\/TPE-RUBBER-INFILL-300x200.jpg 300w, https:\/\/arturf.com\/wp-content\/uploads\/2019\/04\/TPE-RUBBER-INFILL-768x512.jpg 768w, https:\/\/arturf.com\/wp-content\/uploads\/2019\/04\/TPE-RUBBER-INFILL-18x12.jpg 18w, https:\/\/arturf.com\/wp-content\/uploads\/2019\/04\/TPE-RUBBER-INFILL-510x340.jpg 510w\" sizes=\"auto, (max-width: 800px) 100vw, 800px\" \/>\t\t\t\t\t\t\n\t\t\t\t\t<\/div>\n\t\t\t\t\t\t\t\t\n<style>\n#image_1987811066 {\n  width: 50%;\n}\n<\/style>\n\t<\/div>\n\t\n<h2>\u00bfHay alguna hierba de f\u00fatbol que no necesita rellenos?<\/h2>\n<p><strong>Si.<\/strong> Si desea un mantenimiento minimizado y una superficie m\u00e1s limpia, puede elegir nuestro c\u00e9sped de f\u00fatbol sin relleno. No necesita arena de s\u00edlice y relleno de goma. Ideal para f\u00fatbol sala, f\u00fatbol sala o f\u00fatbol sala, y cancha de usos m\u00faltiples.<\/p>\n\t\n  \n    <div class=\"row large-columns-2 medium-columns- small-columns- row-small\" >\n  \n\t     <div class=\"product-small col has-hover product type-product post-6298 status-publish first instock product_cat-football product_cat-multi-purpose product_tag-football-grass product_tag-non-infill has-post-thumbnail shipping-taxable product-type-simple\">\n\t<div class=\"col-inner\">\n\t\n<div class=\"badge-container absolute left top z-1\">\n\n<\/div>\n\t<div class=\"product-small box\">\n\t\t<div class=\"box-image\">\n\t\t\t<div class=\"image-fade_in_back\">\n\t\t\t\t<a href=\"https:\/\/arturf.com\/es\/product\/non-infill-football-grass\/\">\n\t\t\t\t\t<img loading=\"lazy\" decoding=\"async\" width=\"350\" height=\"263\" src=\"https:\/\/arturf.com\/wp-content\/uploads\/2018\/04\/NON-INFILL-FOOTBALL-GRASS-NFMT30-1-350x263.jpg\" class=\"attachment-woocommerce_thumbnail size-woocommerce_thumbnail\" alt=\"Hierba de f\u00fatbol sin relleno\" srcset=\"https:\/\/arturf.com\/wp-content\/uploads\/2018\/04\/NON-INFILL-FOOTBALL-GRASS-NFMT30-1-350x263.jpg 350w, https:\/\/arturf.com\/wp-content\/uploads\/2018\/04\/NON-INFILL-FOOTBALL-GRASS-NFMT30-1-300x225.jpg 300w, https:\/\/arturf.com\/wp-content\/uploads\/2018\/04\/NON-INFILL-FOOTBALL-GRASS-NFMT30-1-200x150.jpg 200w, https:\/\/arturf.com\/wp-content\/uploads\/2018\/04\/NON-INFILL-FOOTBALL-GRASS-NFMT30-1-768x576.jpg 768w, https:\/\/arturf.com\/wp-content\/uploads\/2018\/04\/NON-INFILL-FOOTBALL-GRASS-NFMT30-1-16x12.jpg 16w, https:\/\/arturf.com\/wp-content\/uploads\/2018\/04\/NON-INFILL-FOOTBALL-GRASS-NFMT30-1-510x383.jpg 510w, https:\/\/arturf.com\/wp-content\/uploads\/2018\/04\/NON-INFILL-FOOTBALL-GRASS-NFMT30-1.jpg 800w\" sizes=\"auto, (max-width: 350px) 100vw, 350px\" \/><img loading=\"lazy\" decoding=\"async\" width=\"350\" height=\"263\" src=\"https:\/\/arturf.com\/wp-content\/uploads\/2018\/04\/NON-INFILL-FOOTBALL-GRASS-NFMT30-2-350x263.jpg\" class=\"show-on-hover absolute fill hide-for-small back-image\" alt=\"Vista alternativa de c\u00e9sped de f\u00fatbol sin relleno\" aria-hidden=\"true\" srcset=\"https:\/\/arturf.com\/wp-content\/uploads\/2018\/04\/NON-INFILL-FOOTBALL-GRASS-NFMT30-2-350x263.jpg 350w, https:\/\/arturf.com\/wp-content\/uploads\/2018\/04\/NON-INFILL-FOOTBALL-GRASS-NFMT30-2-300x225.jpg 300w, https:\/\/arturf.com\/wp-content\/uploads\/2018\/04\/NON-INFILL-FOOTBALL-GRASS-NFMT30-2-200x150.jpg 200w, https:\/\/arturf.com\/wp-content\/uploads\/2018\/04\/NON-INFILL-FOOTBALL-GRASS-NFMT30-2-768x575.jpg 768w, https:\/\/arturf.com\/wp-content\/uploads\/2018\/04\/NON-INFILL-FOOTBALL-GRASS-NFMT30-2-16x12.jpg 16w, https:\/\/arturf.com\/wp-content\/uploads\/2018\/04\/NON-INFILL-FOOTBALL-GRASS-NFMT30-2-510x382.jpg 510w, https:\/\/arturf.com\/wp-content\/uploads\/2018\/04\/NON-INFILL-FOOTBALL-GRASS-NFMT30-2.jpg 800w\" sizes=\"auto, (max-width: 350px) 100vw, 350px\" \/>\t\t\t\t<\/a>\n\t\t\t<\/div>\n\t\t\t<div class=\"image-tools is-small top right show-on-hover\">\n\t\t\t\t\t\t\t<\/div>\n\t\t\t<div class=\"image-tools is-small hide-for-small bottom left show-on-hover\">\n\t\t\t\t\t\t\t<\/div>\n\t\t\t<div class=\"image-tools grid-tools text-center hide-for-small bottom hover-slide-in show-on-hover\">\n\t\t\t\t<a href=\"#quick-view\" class=\"quick-view\" role=\"button\" data-prod=\"6298\" aria-haspopup=\"dialog\" aria-expanded=\"false\" data-flatsome-role-button>Vista R\u00e1pida<\/a>\t\t\t<\/div>\n\t\t\t\t\t<\/div>\n\n\t\t<div class=\"box-text box-text-products\">\n\t\t\t<div class=\"title-wrapper\">\t\t<p class=\"category uppercase is-smaller no-text-overflow product-cat op-8\">\n\t\t\tF\u00fatbol americano\t\t<\/p>\n\t<p class=\"name product-title woocommerce-loop-product__title\"><a href=\"https:\/\/arturf.com\/es\/product\/non-infill-football-grass\/\" class=\"woocommerce-LoopProduct-link woocommerce-loop-product__link\">Hierba de f\u00fatbol sin relleno<\/a><\/p><\/div><div class=\"price-wrapper\"><\/div>\t\t<\/div>\n\t<\/div>\n\t\t<\/div>\n<\/div><\/div>\n<p>C\u00e9sped de f\u00fatbol lleno o sin relleno, \u00bfcu\u00e1l es mejor para m\u00ed? Por favor <a href=\"https:\/\/arturf.com\/es\/support\/infill-or-non-infill-artificial-grass\/\">haga clic para obtener m\u00e1s detalles<\/a>.<\/p>","protected":false},"excerpt":{"rendered":"<p>El c\u00e9sped artificial sin fibras de paja necesita relleno para mantenerse en pie. El relleno de goma proporciona una superficie m\u00e1s suave y da rebote. Especialmente, se requiere relleno de goma para el c\u00e9sped de f\u00fatbol lleno de arena. Recomendamos goma miga negra o gr\u00e1nulos de goma TPE.<\/p>","protected":false},"featured_media":7004,"template":"","meta":{"_seopress_robots_primary_cat":"","_seopress_titles_title":"Rubber Granule - Artificial Grass Infill - Installation Accessories","_seopress_titles_desc":"","_seopress_robots_index":""},"product_brand":[],"product_cat":[66],"product_tag":[],"class_list":{"0":"post-6521","1":"product","2":"type-product","3":"status-publish","4":"has-post-thumbnail","6":"product_cat-accessories","8":"","9":"instock","10":"shipping-taxable","11":"product-type-simple"},"_links":{"self":[{"href":"https:\/\/arturf.com\/es\/wp-json\/wp\/v2\/product\/6521","targetHints":{"allow":["GET"]}}],"collection":[{"href":"https:\/\/arturf.com\/es\/wp-json\/wp\/v2\/product"}],"about":[{"href":"https:\/\/arturf.com\/es\/wp-json\/wp\/v2\/types\/product"}],"wp:featuredmedia":[{"embeddable":true,"href":"https:\/\/arturf.com\/es\/wp-json\/wp\/v2\/media\/7004"}],"wp:attachment":[{"href":"https:\/\/arturf.com\/es\/wp-json\/wp\/v2\/media?parent=6521"}],"wp:term":[{"taxonomy":"product_brand","embeddable":true,"href":"https:\/\/arturf.com\/es\/wp-json\/wp\/v2\/product_brand?post=6521"},{"taxonomy":"product_cat","embeddable":true,"href":"https:\/\/arturf.com\/es\/wp-json\/wp\/v2\/product_cat?post=6521"},{"taxonomy":"product_tag","embeddable":true,"href":"https:\/\/arturf.com\/es\/wp-json\/wp\/v2\/product_tag?post=6521"}],"curies":[{"name":"gracias","href":"https:\/\/api.w.org\/{rel}","templated":true}]}}