{"id":6549,"date":"2018-06-05T13:23:36","date_gmt":"2018-06-05T13:23:36","guid":{"rendered":"https:\/\/arturf.com\/?post_type=product&#038;p=6549"},"modified":"2023-07-10T21:26:38","modified_gmt":"2023-07-10T13:26:38","slug":"shock-pad","status":"publish","type":"product","link":"https:\/\/arturf.com\/es\/product\/shock-pad\/","title":{"rendered":"Almohadilla de choque"},"content":{"rendered":"<div class=\"row align-middle align-center\"  id=\"row-1851457932\">\n\n\t<div id=\"col-175624722\" class=\"col medium-6 small-12 large-6 small-col-first\"  >\n\t\t\t\t<div class=\"col-inner\"  >\n\t\t\t\n\t\t\t\n<h3>La forma definitiva de agregar seguridad y resiliencia<\/h3>\n<p>Mejore la seguridad y la resistencia de su superficie de c\u00e9sped artificial con nuestra almohadilla amortiguadora de primera l\u00ednea. Dise\u00f1ado para mejorar la jugabilidad y la longevidad de los campos de c\u00e9sped artificial, nuestro amortiguador ofrece un efecto de amortiguaci\u00f3n c\u00f3modo y natural, lo que minimiza el riesgo de lesiones.<\/p>\n\t\t<\/div>\n\t\t\t\t\t<\/div>\n\n\t\n\n\t<div id=\"col-617621575\" class=\"col medium-6 small-12 large-6\"  >\n\t\t\t\t<div class=\"col-inner\"  >\n\t\t\t\n\t\t\t\n\t<div class=\"img has-hover x md-x lg-x y md-y lg-y\" id=\"image_1487659294\">\n\t\t\t\t\t\t\t\t<div class=\"img-inner image-cover dark\" style=\"padding-top:56.25%;\">\n\t\t\t<img loading=\"lazy\" decoding=\"async\" width=\"700\" height=\"309\" src=\"https:\/\/arturf.com\/wp-content\/uploads\/2015\/05\/Shockpad-artificial-grass-underlay-3.jpg\" class=\"attachment-large size-large\" alt=\"Almohadilla de Choque de C\u00e9sped Artificial\" srcset=\"https:\/\/arturf.com\/wp-content\/uploads\/2015\/05\/Shockpad-artificial-grass-underlay-3.jpg 700w, https:\/\/arturf.com\/wp-content\/uploads\/2015\/05\/Shockpad-artificial-grass-underlay-3-300x132.jpg 300w, https:\/\/arturf.com\/wp-content\/uploads\/2015\/05\/Shockpad-artificial-grass-underlay-3-18x8.jpg 18w, https:\/\/arturf.com\/wp-content\/uploads\/2015\/05\/Shockpad-artificial-grass-underlay-3-510x225.jpg 510w\" sizes=\"auto, (max-width: 700px) 100vw, 700px\" \/>\t\t\t\t\t\t\n\t\t\t\t\t<\/div>\n\t\t\t\t\t\t\t\t\n<style>\n#image_1487659294 {\n  width: 100%;\n}\n<\/style>\n\t<\/div>\n\t\n\t\t<\/div>\n\t\t\t\t\t<\/div>\n\n\t\n<\/div>\n\t<div id=\"gap-300598450\" class=\"gap-element clearfix\" style=\"display:block; height:auto;\">\n\t\t\n<style>\n#gap-300598450 {\n  padding-top: 50px;\n}\n<\/style>\n\t<\/div>\n\t\n<div class=\"row align-middle\"  id=\"row-154483884\">\n\n\t<div id=\"col-122973056\" class=\"col medium-6 small-12 large-6\"  >\n\t\t\t\t<div class=\"col-inner\"  >\n\t\t\t\n\t\t\t\n\t<div class=\"img has-hover x md-x lg-x y md-y lg-y\" id=\"image_413625171\">\n\t\t\t\t\t\t\t\t<div class=\"img-inner image-cover dark\" style=\"padding-top:56.25%;\">\n\t\t\t<img loading=\"lazy\" decoding=\"async\" width=\"800\" height=\"445\" src=\"https:\/\/arturf.com\/wp-content\/uploads\/2020\/08\/Arturf-Shock-Pad-Cross-X3010.jpg\" class=\"attachment-original size-original\" alt=\"Almohadilla de choque\" srcset=\"https:\/\/arturf.com\/wp-content\/uploads\/2020\/08\/Arturf-Shock-Pad-Cross-X3010.jpg 800w, https:\/\/arturf.com\/wp-content\/uploads\/2020\/08\/Arturf-Shock-Pad-Cross-X3010-300x167.jpg 300w, https:\/\/arturf.com\/wp-content\/uploads\/2020\/08\/Arturf-Shock-Pad-Cross-X3010-768x427.jpg 768w, https:\/\/arturf.com\/wp-content\/uploads\/2020\/08\/Arturf-Shock-Pad-Cross-X3010-18x10.jpg 18w, https:\/\/arturf.com\/wp-content\/uploads\/2020\/08\/Arturf-Shock-Pad-Cross-X3010-510x284.jpg 510w\" sizes=\"auto, (max-width: 800px) 100vw, 800px\" \/>\t\t\t\t\t\t\n\t\t\t\t\t<\/div>\n\t\t\t\t\t\t\t\t\n<style>\n#image_413625171 {\n  width: 100%;\n}\n<\/style>\n\t<\/div>\n\t\n\t\t<\/div>\n\t\t\t\t\t<\/div>\n\n\t\n\n\t<div id=\"col-476429121\" class=\"col medium-6 small-12 large-6 small-col-first\"  >\n\t\t\t\t<div class=\"col-inner\"  >\n\t\t\t\n\t\t\t\n<h3>Verdaderamente vers\u00e1til<\/h3>\n<p>Conocida como una &quot;p\u00f3liza de seguro&quot; en la industria del deporte, nuestra almohadilla de choque cumple con las normas respaldadas por la FIFA para pruebas de atenuaci\u00f3n de impactos en campos de f\u00fatbol. Es la capa adicional perfecta para <a href=\"https:\/\/arturf.com\/es\/product\/non-infill-football-grass\/\">c\u00e9sped artificial sin relleno<\/a>. Adem\u00e1s, proporciona una garant\u00eda de seguridad para las \u00e1reas de juego, asegurando que sus hijos puedan jugar con tranquilidad. Nuestra almohadilla amortiguadora es adecuada para diversas superficies de c\u00e9sped artificial, como f\u00fatbol, f\u00fatbol, rugby, hockey, parques infantiles, \u00e1reas de usos m\u00faltiples y greens.<\/p>\n\t\t<\/div>\n\t\t\t\t\t<\/div>\n\n\t\n<\/div>\n\t<div id=\"gap-2092964122\" class=\"gap-element clearfix\" style=\"display:block; height:auto;\">\n\t\t\n<style>\n#gap-2092964122 {\n  padding-top: 50px;\n}\n<\/style>\n\t<\/div>\n\t\n<div class=\"row align-middle\"  id=\"row-1701327280\">\n\n\t<div id=\"col-657995438\" class=\"col medium-6 small-12 large-6 small-col-first\"  >\n\t\t\t\t<div class=\"col-inner\"  >\n\t\t\t\n\t\t\t\n<h3>Instalaci\u00f3n f\u00e1cil y r\u00e1pida<\/h3>\n<p>Experimente una instalaci\u00f3n sin problemas con nuestra capa base de espuma liviana. Puede ser manejado f\u00e1cilmente por dos personas, lo que le permite cubrir un campo deportivo en un solo d\u00eda. No se requiere maquinaria especial ni personal capacitado para su instalaci\u00f3n. La longitud del rollo se puede personalizar para que coincida con el tama\u00f1o del campo, lo que reduce el desperdicio y la mano de obra.<\/p>\n\t\t<\/div>\n\t\t\t\t\t<\/div>\n\n\t\n\n\t<div id=\"col-1472031943\" class=\"col medium-6 small-12 large-6\"  >\n\t\t\t\t<div class=\"col-inner\"  >\n\t\t\t\n\t\t\t\n\t<div class=\"img has-hover x md-x lg-x y md-y lg-y\" id=\"image_1118061366\">\n\t\t\t\t\t\t\t\t<div class=\"img-inner image-cover dark\" style=\"padding-top:56.25%;\">\n\t\t\t<img loading=\"lazy\" decoding=\"async\" width=\"800\" height=\"600\" src=\"https:\/\/arturf.com\/wp-content\/uploads\/2020\/08\/Arturf-Shock-Pad-Cross-X3010-Installation.jpg\" class=\"attachment-original size-original\" alt=\"Almohadilla de choque\" srcset=\"https:\/\/arturf.com\/wp-content\/uploads\/2020\/08\/Arturf-Shock-Pad-Cross-X3010-Installation.jpg 800w, https:\/\/arturf.com\/wp-content\/uploads\/2020\/08\/Arturf-Shock-Pad-Cross-X3010-Installation-300x225.jpg 300w, https:\/\/arturf.com\/wp-content\/uploads\/2020\/08\/Arturf-Shock-Pad-Cross-X3010-Installation-200x150.jpg 200w, https:\/\/arturf.com\/wp-content\/uploads\/2020\/08\/Arturf-Shock-Pad-Cross-X3010-Installation-768x576.jpg 768w, https:\/\/arturf.com\/wp-content\/uploads\/2020\/08\/Arturf-Shock-Pad-Cross-X3010-Installation-16x12.jpg 16w, https:\/\/arturf.com\/wp-content\/uploads\/2020\/08\/Arturf-Shock-Pad-Cross-X3010-Installation-350x263.jpg 350w, https:\/\/arturf.com\/wp-content\/uploads\/2020\/08\/Arturf-Shock-Pad-Cross-X3010-Installation-510x383.jpg 510w\" sizes=\"auto, (max-width: 800px) 100vw, 800px\" \/>\t\t\t\t\t\t\n\t\t\t\t\t<\/div>\n\t\t\t\t\t\t\t\t\n<style>\n#image_1118061366 {\n  width: 100%;\n}\n<\/style>\n\t<\/div>\n\t\n\t\t<\/div>\n\t\t\t\t\t<\/div>\n\n\t\n<\/div>\n\t<div id=\"gap-2002494469\" class=\"gap-element clearfix\" style=\"display:block; height:auto;\">\n\t\t\n<style>\n#gap-2002494469 {\n  padding-top: 30px;\n}\n<\/style>\n\t<\/div>\n\t\n<h2>Caracter\u00edsticas clave:<\/h2>\n<ol>\n<li>Excelente absorci\u00f3n de impactos y rebote de la pelota<\/li>\n<li>Material resistente al agua para instalaci\u00f3n en todo tipo de clima<\/li>\n<li>Bordes cuidadosamente cortados para soldadura\/uni\u00f3n f\u00e1cil y precisa con cinta adhesiva<\/li>\n<li>Dise\u00f1o \u00fanico para drenaje de agua eficiente y estabilidad dimensional<\/li>\n<li>Longevidad: resistente a la pudrici\u00f3n y la pulverizaci\u00f3n, vida \u00fatil prolongada<\/li>\n<li>Absorci\u00f3n de impactos estable para un rendimiento constante a lo largo del tiempo<\/li>\n<\/ol>\n<h3 style=\"text-align: left;\">Opciones de patr\u00f3n<\/h3>\n<div class=\"row\"  id=\"row-472798993\">\n\n\t<div id=\"col-1698511216\" class=\"col medium-3 small-6 large-3\"  >\n\t\t\t\t<div class=\"col-inner\"  >\n\t\t\t\n\t\t\t\n\t<div class=\"box has-hover   has-hover box-text-bottom\" >\n\n\t\t<div class=\"box-image\" style=\"border-radius:100%;\">\n\t\t\t\t\t\t<div class=\"\" >\n\t\t\t\t<img loading=\"lazy\" decoding=\"async\" width=\"400\" height=\"400\" src=\"https:\/\/arturf.com\/wp-content\/uploads\/2020\/04\/Artificial-Grass-Shockpads.jpg\" class=\"attachment- size-\" alt=\"Almohadilla de choque\" srcset=\"https:\/\/arturf.com\/wp-content\/uploads\/2020\/04\/Artificial-Grass-Shockpads.jpg 400w, https:\/\/arturf.com\/wp-content\/uploads\/2020\/04\/Artificial-Grass-Shockpads-300x300.jpg 300w, https:\/\/arturf.com\/wp-content\/uploads\/2020\/04\/Artificial-Grass-Shockpads-12x12.jpg 12w, https:\/\/arturf.com\/wp-content\/uploads\/2020\/04\/Artificial-Grass-Shockpads-100x100.jpg 100w\" sizes=\"auto, (max-width: 400px) 100vw, 400px\" \/>\t\t\t\t\t\t\t\t\t\t\t<\/div>\n\t\t\t\t\t<\/div>\n\n\t\t<div class=\"box-text text-center\" >\n\t\t\t<div class=\"box-text-inner\">\n\t\t\t\t\n\t<div id=\"text-3340950596\" class=\"text\">\n\t\t\n<h4 style=\"text-align: center;\">Molino<\/h4>\n<p style=\"text-align: center;\"><strong>Solicitud:<\/strong> Exterior Interior<br \/><strong>Palabras clave:<\/strong> Una de las almohadillas de choque m\u00e1s populares del mercado.<\/p>\n\t\t\n<style>\n#text-3340950596 {\n  text-align: center;\n}\n<\/style>\n\t<\/div>\n\t\n\t\t\t<\/div>\n\t\t<\/div>\n\t<\/div>\n\t\n\t\t<\/div>\n\t\t\t\t\t<\/div>\n\n\t\n\n\t<div id=\"col-705711498\" class=\"col medium-3 small-6 large-3\"  >\n\t\t\t\t<div class=\"col-inner\"  >\n\t\t\t\n\t\t\t\n\t<div class=\"box has-hover   has-hover box-text-bottom\" >\n\n\t\t<div class=\"box-image\" style=\"border-radius:100%;\">\n\t\t\t\t\t\t<div class=\"\" >\n\t\t\t\t<img loading=\"lazy\" decoding=\"async\" width=\"400\" height=\"400\" src=\"https:\/\/arturf.com\/wp-content\/uploads\/2020\/04\/Artificial-Grass-Shock-Pad-Cross.jpg\" class=\"attachment- size-\" alt=\"Almohadilla de choque\" srcset=\"https:\/\/arturf.com\/wp-content\/uploads\/2020\/04\/Artificial-Grass-Shock-Pad-Cross.jpg 400w, https:\/\/arturf.com\/wp-content\/uploads\/2020\/04\/Artificial-Grass-Shock-Pad-Cross-300x300.jpg 300w, https:\/\/arturf.com\/wp-content\/uploads\/2020\/04\/Artificial-Grass-Shock-Pad-Cross-12x12.jpg 12w, https:\/\/arturf.com\/wp-content\/uploads\/2020\/04\/Artificial-Grass-Shock-Pad-Cross-100x100.jpg 100w\" sizes=\"auto, (max-width: 400px) 100vw, 400px\" \/>\t\t\t\t\t\t\t\t\t\t\t<\/div>\n\t\t\t\t\t<\/div>\n\n\t\t<div class=\"box-text text-center\" >\n\t\t\t<div class=\"box-text-inner\">\n\t\t\t\t\n<h4 style=\"text-align: center;\">Cruzar<\/h4>\n<p style=\"text-align: center;\"><strong>Solicitud: <\/strong>Exterior Interior<br \/><strong>Palabras clave:<\/strong> Ideal para c\u00e9sped artificial sin relleno y relleno, Vers\u00e1til<\/p>\n\t\t\t<\/div>\n\t\t<\/div>\n\t<\/div>\n\t\n\t\t<\/div>\n\t\t\t\t\t<\/div>\n\n\t\n\n\t<div id=\"col-1286568037\" class=\"col medium-3 small-6 large-3\"  >\n\t\t\t\t<div class=\"col-inner\"  >\n\t\t\t\n\t\t\t\n\t<div class=\"box has-hover   has-hover box-text-bottom\" >\n\n\t\t<div class=\"box-image\" style=\"border-radius:100%;\">\n\t\t\t\t\t\t<div class=\"\" >\n\t\t\t\t<img loading=\"lazy\" decoding=\"async\" width=\"600\" height=\"600\" src=\"https:\/\/arturf.com\/wp-content\/uploads\/2020\/04\/1.jpg\" class=\"attachment- size-\" alt=\"Almohadilla de choque\" srcset=\"https:\/\/arturf.com\/wp-content\/uploads\/2020\/04\/1.jpg 600w, https:\/\/arturf.com\/wp-content\/uploads\/2020\/04\/1-300x300.jpg 300w, https:\/\/arturf.com\/wp-content\/uploads\/2020\/04\/1-12x12.jpg 12w, https:\/\/arturf.com\/wp-content\/uploads\/2020\/04\/1-510x510.jpg 510w, https:\/\/arturf.com\/wp-content\/uploads\/2020\/04\/1-100x100.jpg 100w\" sizes=\"auto, (max-width: 600px) 100vw, 600px\" \/>\t\t\t\t\t\t\t\t\t\t\t<\/div>\n\t\t\t\t\t<\/div>\n\n\t\t<div class=\"box-text text-center\" >\n\t\t\t<div class=\"box-text-inner\">\n\t\t\t\t\n<h4 style=\"text-align: center;\">Molino de viento y muesca<\/h4>\n<p style=\"text-align: center;\"><strong>Solicitud: <\/strong>Exterior Interior<br \/><strong>Palabras clave:<\/strong>S\u00faper duradero, muy resistente<\/p>\n\t\t\t<\/div>\n\t\t<\/div>\n\t<\/div>\n\t\n\t\t<\/div>\n\t\t\t\t\t<\/div>\n\n\t\n\n\t<div id=\"col-471293121\" class=\"col medium-3 small-6 large-3\"  >\n\t\t\t\t<div class=\"col-inner\"  >\n\t\t\t\n\t\t\t\n\t<div class=\"box has-hover   has-hover box-text-bottom\" >\n\n\t\t<div class=\"box-image\" style=\"border-radius:100%;\">\n\t\t\t\t\t\t<div class=\"\" >\n\t\t\t\t<img loading=\"lazy\" decoding=\"async\" width=\"500\" height=\"500\" src=\"https:\/\/arturf.com\/wp-content\/uploads\/2020\/09\/Shock-Pad-UltraFlexFlow.jpg\" class=\"attachment- size-\" alt=\"Almohadilla de choque\" srcset=\"https:\/\/arturf.com\/wp-content\/uploads\/2020\/09\/Shock-Pad-UltraFlexFlow.jpg 500w, https:\/\/arturf.com\/wp-content\/uploads\/2020\/09\/Shock-Pad-UltraFlexFlow-300x300.jpg 300w, https:\/\/arturf.com\/wp-content\/uploads\/2020\/09\/Shock-Pad-UltraFlexFlow-12x12.jpg 12w, https:\/\/arturf.com\/wp-content\/uploads\/2020\/09\/Shock-Pad-UltraFlexFlow-100x100.jpg 100w\" sizes=\"auto, (max-width: 500px) 100vw, 500px\" \/>\t\t\t\t\t\t\t\t\t\t\t<\/div>\n\t\t\t\t\t<\/div>\n\n\t\t<div class=\"box-text text-center\" >\n\t\t\t<div class=\"box-text-inner\">\n\t\t\t\t\n<h4 style=\"text-align: center;\">Molino<\/h4>\n<p style=\"text-align: center;\"><strong>Solicitud:<\/strong> Exterior Interior<br \/><strong>Palabras clave:<\/strong> S\u00faper resiliencia, drenaje s\u00faper r\u00e1pido, exterior<\/p>\n\t\t\t<\/div>\n\t\t<\/div>\n\t<\/div>\n\t\n\t\t<\/div>\n\t\t\t\t\t<\/div>\n\n\t\n<\/div>\n<div class=\"row\"  id=\"row-1531649027\">\n\n\t<div id=\"col-82124596\" class=\"col small-12 large-12\"  >\n\t\t\t\t<div class=\"col-inner\"  >\n\t\t\t\n\t\t\t\n<h3>Grosor y densidad del material:<\/h3>\n<p>Elija entre nuestra gama de opciones de grosor de almohadilla de choque, que van desde 10 mm a 70 mm. Para campos de f\u00fatbol, los espesores m\u00e1s utilizados son de 10 mm o 15 mm.<\/p>\n<p>Nuestras opciones de densidad de material est\u00e1ndar incluyen 30 kg\/m\u00b3 y 50 kg\/m\u00b3. Para MOQ m\u00e1s altos, podemos producir amortiguadores con una densidad de 70 kg\/m\u00b3 u otros materiales de densidad personalizados.<\/p>\n<p>Mejore la seguridad y el rendimiento de su superficie de c\u00e9sped artificial con nuestra almohadilla amortiguadora de alta calidad. Experimente comodidad superior, durabilidad y f\u00e1cil instalaci\u00f3n. Cont\u00e1ctenos ahora para ordenar o consultar sobre opciones personalizadas.<\/p>\n\t\t<\/div>\n\t\t\t\t\t<\/div>\n\n\t\n<\/div>","protected":false},"excerpt":{"rendered":"<p>Nuestro amortiguador es una capa resistente dise\u00f1ada para brindar comodidad y seguridad \u00f3ptimas en superficies de c\u00e9sped artificial. Ofrece una amortiguaci\u00f3n superior para los jugadores y garantiza una experiencia de juego m\u00e1s suave. Ya sea que lo necesite para \u00e1reas de juego, campos de f\u00fatbol (especialmente c\u00e9sped sin relleno) o greens, nuestro amortiguador Arturf es la soluci\u00f3n ideal.<\/p>","protected":false},"featured_media":9603,"template":"","meta":{"_seopress_robots_primary_cat":"","_seopress_titles_title":"Shock Pad - Enhance Safety and Comfort for Artificial Grass Surfaces","_seopress_titles_desc":"Enhance safety and comfort with our shock pad for artificial grass surfaces. Easy installation, versatile, and resilient. ","_seopress_robots_index":""},"product_brand":[],"product_cat":[66],"product_tag":[],"class_list":{"0":"post-6549","1":"product","2":"type-product","3":"status-publish","4":"has-post-thumbnail","6":"product_cat-accessories","8":"first","9":"instock","10":"shipping-taxable","11":"product-type-simple"},"_links":{"self":[{"href":"https:\/\/arturf.com\/es\/wp-json\/wp\/v2\/product\/6549","targetHints":{"allow":["GET"]}}],"collection":[{"href":"https:\/\/arturf.com\/es\/wp-json\/wp\/v2\/product"}],"about":[{"href":"https:\/\/arturf.com\/es\/wp-json\/wp\/v2\/types\/product"}],"wp:featuredmedia":[{"embeddable":true,"href":"https:\/\/arturf.com\/es\/wp-json\/wp\/v2\/media\/9603"}],"wp:attachment":[{"href":"https:\/\/arturf.com\/es\/wp-json\/wp\/v2\/media?parent=6549"}],"wp:term":[{"taxonomy":"product_brand","embeddable":true,"href":"https:\/\/arturf.com\/es\/wp-json\/wp\/v2\/product_brand?post=6549"},{"taxonomy":"product_cat","embeddable":true,"href":"https:\/\/arturf.com\/es\/wp-json\/wp\/v2\/product_cat?post=6549"},{"taxonomy":"product_tag","embeddable":true,"href":"https:\/\/arturf.com\/es\/wp-json\/wp\/v2\/product_tag?post=6549"}],"curies":[{"name":"gracias","href":"https:\/\/api.w.org\/{rel}","templated":true}]}}