{"id":6559,"date":"2018-06-05T14:11:04","date_gmt":"2018-06-05T14:11:04","guid":{"rendered":"https:\/\/arturf.com\/?post_type=product&#038;p=6559"},"modified":"2021-09-04T16:05:12","modified_gmt":"2021-09-04T08:05:12","slug":"tennis-multi-sports-artificial-grass-elite","status":"publish","type":"product","link":"https:\/\/arturf.com\/es\/product\/tennis-multi-sports-artificial-grass-elite\/","title":{"rendered":"C\u00e9sped artificial para tenis y deportes m\u00faltiples - Elite"},"content":{"rendered":"<p>Tenis y c\u00e9sped artificial multideportivo: Elite proporciona una superficie plana y flexible con arena. La superficie ha sido desarrollada para un juego seguro y consistente en todas las condiciones, manteniendo su atractivo est\u00e9tico. Es ideal para tenis y campos polivalentes.<\/p>\n<div class=\"row\"  id=\"row-1090465659\">\n\n\t<div id=\"col-1149260716\" class=\"col medium-6 small-12 large-6\"  >\n\t\t\t\t<div class=\"col-inner\"  >\n\t\t\t\n\t\t\t\n<div class=\"video video-fit mb\" style=\"padding-top:56.25%;\"><p><iframe loading=\"lazy\" title=\"Cancha de tenis de c\u00e9sped artificial\" width=\"1020\" height=\"574\" src=\"https:\/\/www.youtube.com\/embed\/HCKBZ2CxjQA?feature=oembed\" frameborder=\"0\" allow=\"accelerometer; autoplay; clipboard-write; encrypted-media; gyroscope; picture-in-picture; web-share\" referrerpolicy=\"strict-origin-when-cross-origin\" allowfullscreen><\/iframe><\/p>\n<\/div>\n\t\t<\/div>\n\t\t\t\t\t<\/div>\n\n\t\n\n\t<div id=\"col-244726548\" class=\"col medium-6 small-12 large-6\"  >\n\t\t\t\t<div class=\"col-inner\"  >\n\t\t\t\n\t\t\t\n<div class=\"video video-fit mb\" style=\"padding-top:56.25%;\"><p><iframe loading=\"lazy\" title=\"Cancha de tenis de c\u00e9sped artificial para ni\u00f1os de 3 a\u00f1os love Arturf\" width=\"1020\" height=\"574\" src=\"https:\/\/www.youtube.com\/embed\/sOXqP5ECeuQ?feature=oembed\" frameborder=\"0\" allow=\"accelerometer; autoplay; clipboard-write; encrypted-media; gyroscope; picture-in-picture; web-share\" referrerpolicy=\"strict-origin-when-cross-origin\" allowfullscreen><\/iframe><\/p>\n<\/div>\n\t\t<\/div>\n\t\t\t\t\t<\/div>\n\n\t\n<\/div>","protected":false},"excerpt":{"rendered":"<p>Se recomienda una altura de pila de 10 mm a 15 mm. C\u00e9sped artificial de alta densidad de puntadas, relleno de arena para construir un <a href=\"https:\/\/arturf.com\/es\/sports\/tennis\/\">pista de tenis<\/a>, <a href=\"https:\/\/arturf.com\/es\/sports\/cricket\/\">campo de cricket<\/a> o <a href=\"https:\/\/arturf.com\/es\/sports\/multi-sport\/\">de m\u00faltiples fines<\/a> Deportes.<\/p>","protected":false},"featured_media":12538,"template":"","meta":{"_seopress_robots_primary_cat":"","_seopress_titles_title":"","_seopress_titles_desc":"","_seopress_robots_index":""},"product_brand":[],"product_cat":[68,69,71],"product_tag":[],"class_list":{"0":"post-6559","1":"product","2":"type-product","3":"status-publish","4":"has-post-thumbnail","6":"product_cat-tennis","7":"product_cat-multi-purpose","8":"product_cat-hockey","10":"first","11":"instock","12":"shipping-taxable","13":"product-type-simple"},"_links":{"self":[{"href":"https:\/\/arturf.com\/es\/wp-json\/wp\/v2\/product\/6559","targetHints":{"allow":["GET"]}}],"collection":[{"href":"https:\/\/arturf.com\/es\/wp-json\/wp\/v2\/product"}],"about":[{"href":"https:\/\/arturf.com\/es\/wp-json\/wp\/v2\/types\/product"}],"wp:featuredmedia":[{"embeddable":true,"href":"https:\/\/arturf.com\/es\/wp-json\/wp\/v2\/media\/12538"}],"wp:attachment":[{"href":"https:\/\/arturf.com\/es\/wp-json\/wp\/v2\/media?parent=6559"}],"wp:term":[{"taxonomy":"product_brand","embeddable":true,"href":"https:\/\/arturf.com\/es\/wp-json\/wp\/v2\/product_brand?post=6559"},{"taxonomy":"product_cat","embeddable":true,"href":"https:\/\/arturf.com\/es\/wp-json\/wp\/v2\/product_cat?post=6559"},{"taxonomy":"product_tag","embeddable":true,"href":"https:\/\/arturf.com\/es\/wp-json\/wp\/v2\/product_tag?post=6559"}],"curies":[{"name":"gracias","href":"https:\/\/api.w.org\/{rel}","templated":true}]}}