{"id":6713,"date":"2018-07-27T15:10:48","date_gmt":"2018-07-27T15:10:48","guid":{"rendered":"https:\/\/arturf.com\/?post_type=product&#038;p=6713"},"modified":"2024-08-23T08:52:30","modified_gmt":"2024-08-23T00:52:30","slug":"color-grass","status":"publish","type":"product","link":"https:\/\/arturf.com\/es\/product\/color-grass\/","title":{"rendered":"Hierba de color"},"content":{"rendered":"<p>El c\u00e9sped artificial de colores crea una oportunidad para un dise\u00f1o de vida interior y exterior verdaderamente \u00fanico. Puede colocarse sobre cualquier superficie y adherirse a casi cualquier forma. Especialmente es una maravillosa adici\u00f3n al campo de deportes, jard\u00edn de infantes, jard\u00edn, terraza, patio u oficina.<\/p>\n<p>La flexibilidad en forma y color elimina todas las limitaciones anteriores impuestas a los dise\u00f1os de c\u00e9sped artificial. Puede utilizar una variedad de colores de c\u00e9sped artificial para dividir el espacio o crear espacios decorativos. Con una amplia variedad de colores y estilos disponibles, las opciones resultantes son infinitas. Con todo, el c\u00e9sped artificial de colores se puede utilizar para cualquier aplicaci\u00f3n con el fin de mejorar el entorno.<\/p>\n<h4>\u00bfD\u00f3nde se usa m\u00e1s com\u00fanmente el c\u00e9sped artificial de color?<\/h4>\n<ul>\n<li class=\"bullet-arrow\">Campos deportivos <a href=\"https:\/\/arturf.com\/es\/support\/artificial-grass-line-marking\/\">marca de l\u00ednea<\/a><\/li>\n<li class=\"bullet-arrow\">Campos deportivos como campo de f\u00fatbol azul, rojo o azul <a href=\"https:\/\/arturf.com\/es\/sports\/tennis\/\">pista de tenis<\/a>.<\/li>\n<li class=\"bullet-arrow\">Pista de carreras\/<a href=\"https:\/\/arturf.com\/es\/athletics-tracks\/\">Pistas y superficies de atletismo<\/a><\/li>\n<li class=\"bullet-arrow\">\u00c1reas de juego<\/li>\n<li class=\"bullet-arrow\">Decoraci\u00f3n<\/li>\n<li class=\"bullet-arrow\">Logos de c\u00e9sped artificial de colores<\/li>\n<\/ul>\n\n  \n    <div class=\"row large-columns-8 medium-columns-3 small-columns-2 row-small slider row-slider slider-nav-reveal slider-nav-push\"  data-flickity-options='{&quot;imagesLoaded&quot;: true, &quot;groupCells&quot;: &quot;100%&quot;, &quot;dragThreshold&quot; : 5, &quot;cellAlign&quot;: &quot;left&quot;,&quot;wrapAround&quot;: true,&quot;prevNextButtons&quot;: true,&quot;percentPosition&quot;: true,&quot;pageDots&quot;: false, &quot;rightToLeft&quot;: false, &quot;autoPlay&quot; : false}' >\n\n  <div class=\"gallery-col col\" >\n          <div class=\"col-inner\">\n            <a class=\"image-lightbox lightbox-gallery\" href=\"https:\/\/arturf.com\/wp-content\/uploads\/2019\/01\/Artificial-Grass-Marking-Lines.jpg\" title=\"\">            <div class=\"box has-hover gallery-box box-normal\">\n              <div class=\"box-image image-cover\" style=\"padding-top:75%;\">\n                <img loading=\"lazy\" decoding=\"async\" width=\"300\" height=\"225\" src=\"https:\/\/arturf.com\/wp-content\/uploads\/2019\/01\/Artificial-Grass-Marking-Lines-300x225.jpg\" class=\"attachment-medium size-medium\" alt=\"\" ids=\"8218,11691,10219,11692,11695,11693,11696,11697,11694,5866\" style=\"normal\" type=\"slider\" col_spacing=\"small\" columns=\"8\" image_height=\"75%\" srcset=\"https:\/\/arturf.com\/wp-content\/uploads\/2019\/01\/Artificial-Grass-Marking-Lines-300x225.jpg 300w, https:\/\/arturf.com\/wp-content\/uploads\/2019\/01\/Artificial-Grass-Marking-Lines-200x150.jpg 200w, https:\/\/arturf.com\/wp-content\/uploads\/2019\/01\/Artificial-Grass-Marking-Lines-768x576.jpg 768w, https:\/\/arturf.com\/wp-content\/uploads\/2019\/01\/Artificial-Grass-Marking-Lines-16x12.jpg 16w, https:\/\/arturf.com\/wp-content\/uploads\/2019\/01\/Artificial-Grass-Marking-Lines-350x263.jpg 350w, https:\/\/arturf.com\/wp-content\/uploads\/2019\/01\/Artificial-Grass-Marking-Lines-510x383.jpg 510w, https:\/\/arturf.com\/wp-content\/uploads\/2019\/01\/Artificial-Grass-Marking-Lines.jpg 800w\" sizes=\"auto, (max-width: 300px) 100vw, 300px\" \/>                                                              <\/div>\n              <div class=\"box-text text-left\" >\n                 <p><\/p>\n              <\/div>\n            <\/div>\n            <\/a>          <\/div>\n         <\/div><div class=\"gallery-col col\" >\n          <div class=\"col-inner\">\n            <a class=\"image-lightbox lightbox-gallery\" href=\"https:\/\/arturf.com\/wp-content\/uploads\/2020\/05\/Running-Track-Artificial-Turf.jpg\" title=\"\">            <div class=\"box has-hover gallery-box box-normal\">\n              <div class=\"box-image image-cover\" style=\"padding-top:75%;\">\n                <img loading=\"lazy\" decoding=\"async\" width=\"300\" height=\"225\" src=\"https:\/\/arturf.com\/wp-content\/uploads\/2020\/05\/Running-Track-Artificial-Turf-300x225.jpg\" class=\"attachment-medium size-medium\" alt=\"\" ids=\"8218,11691,10219,11692,11695,11693,11696,11697,11694,5866\" style=\"normal\" type=\"slider\" col_spacing=\"small\" columns=\"8\" image_height=\"75%\" srcset=\"https:\/\/arturf.com\/wp-content\/uploads\/2020\/05\/Running-Track-Artificial-Turf-300x225.jpg 300w, https:\/\/arturf.com\/wp-content\/uploads\/2020\/05\/Running-Track-Artificial-Turf-200x150.jpg 200w, https:\/\/arturf.com\/wp-content\/uploads\/2020\/05\/Running-Track-Artificial-Turf-768x576.jpg 768w, https:\/\/arturf.com\/wp-content\/uploads\/2020\/05\/Running-Track-Artificial-Turf-16x12.jpg 16w, https:\/\/arturf.com\/wp-content\/uploads\/2020\/05\/Running-Track-Artificial-Turf-350x263.jpg 350w, https:\/\/arturf.com\/wp-content\/uploads\/2020\/05\/Running-Track-Artificial-Turf-510x383.jpg 510w, https:\/\/arturf.com\/wp-content\/uploads\/2020\/05\/Running-Track-Artificial-Turf.jpg 800w\" sizes=\"auto, (max-width: 300px) 100vw, 300px\" \/>                                                              <\/div>\n              <div class=\"box-text text-left\" >\n                 <p><\/p>\n              <\/div>\n            <\/div>\n            <\/a>          <\/div>\n         <\/div><div class=\"gallery-col col\" >\n          <div class=\"col-inner\">\n            <a class=\"image-lightbox lightbox-gallery\" href=\"https:\/\/arturf.com\/wp-content\/uploads\/2014\/05\/Artificial-GrassTennis-Court-Blue-and-Green-1024x842.jpg\" title=\"\">            <div class=\"box has-hover gallery-box box-normal\">\n              <div class=\"box-image image-cover\" style=\"padding-top:75%;\">\n                <img loading=\"lazy\" decoding=\"async\" width=\"300\" height=\"247\" src=\"https:\/\/arturf.com\/wp-content\/uploads\/2014\/05\/Artificial-GrassTennis-Court-Blue-and-Green-300x247.jpg\" class=\"attachment-medium size-medium\" alt=\"\" ids=\"8218,11691,10219,11692,11695,11693,11696,11697,11694,5866\" style=\"normal\" type=\"slider\" col_spacing=\"small\" columns=\"8\" image_height=\"75%\" srcset=\"https:\/\/arturf.com\/wp-content\/uploads\/2014\/05\/Artificial-GrassTennis-Court-Blue-and-Green-300x247.jpg 300w, https:\/\/arturf.com\/wp-content\/uploads\/2014\/05\/Artificial-GrassTennis-Court-Blue-and-Green-1024x842.jpg 1024w, https:\/\/arturf.com\/wp-content\/uploads\/2014\/05\/Artificial-GrassTennis-Court-Blue-and-Green-768x631.jpg 768w, https:\/\/arturf.com\/wp-content\/uploads\/2014\/05\/Artificial-GrassTennis-Court-Blue-and-Green-15x12.jpg 15w, https:\/\/arturf.com\/wp-content\/uploads\/2014\/05\/Artificial-GrassTennis-Court-Blue-and-Green-510x419.jpg 510w, https:\/\/arturf.com\/wp-content\/uploads\/2014\/05\/Artificial-GrassTennis-Court-Blue-and-Green.jpg 1080w\" sizes=\"auto, (max-width: 300px) 100vw, 300px\" \/>                                                              <\/div>\n              <div class=\"box-text text-left\" >\n                 <p><\/p>\n              <\/div>\n            <\/div>\n            <\/a>          <\/div>\n         <\/div><div class=\"gallery-col col\" >\n          <div class=\"col-inner\">\n            <a class=\"image-lightbox lightbox-gallery\" href=\"https:\/\/arturf.com\/wp-content\/uploads\/2020\/05\/Blue-Artificial-Grass-for-Playrounds.jpg\" title=\"\">            <div class=\"box has-hover gallery-box box-normal\">\n              <div class=\"box-image image-cover\" style=\"padding-top:75%;\">\n                <img loading=\"lazy\" decoding=\"async\" width=\"300\" height=\"225\" src=\"https:\/\/arturf.com\/wp-content\/uploads\/2020\/05\/Blue-Artificial-Grass-for-Playrounds-300x225.jpg\" class=\"attachment-medium size-medium\" alt=\"\" ids=\"8218,11691,10219,11692,11695,11693,11696,11697,11694,5866\" style=\"normal\" type=\"slider\" col_spacing=\"small\" columns=\"8\" image_height=\"75%\" srcset=\"https:\/\/arturf.com\/wp-content\/uploads\/2020\/05\/Blue-Artificial-Grass-for-Playrounds-300x225.jpg 300w, https:\/\/arturf.com\/wp-content\/uploads\/2020\/05\/Blue-Artificial-Grass-for-Playrounds-200x150.jpg 200w, https:\/\/arturf.com\/wp-content\/uploads\/2020\/05\/Blue-Artificial-Grass-for-Playrounds-768x576.jpg 768w, https:\/\/arturf.com\/wp-content\/uploads\/2020\/05\/Blue-Artificial-Grass-for-Playrounds-16x12.jpg 16w, https:\/\/arturf.com\/wp-content\/uploads\/2020\/05\/Blue-Artificial-Grass-for-Playrounds-350x263.jpg 350w, https:\/\/arturf.com\/wp-content\/uploads\/2020\/05\/Blue-Artificial-Grass-for-Playrounds-510x383.jpg 510w, https:\/\/arturf.com\/wp-content\/uploads\/2020\/05\/Blue-Artificial-Grass-for-Playrounds.jpg 800w\" sizes=\"auto, (max-width: 300px) 100vw, 300px\" \/>                                                              <\/div>\n              <div class=\"box-text text-left\" >\n                 <p><\/p>\n              <\/div>\n            <\/div>\n            <\/a>          <\/div>\n         <\/div><div class=\"gallery-col col\" >\n          <div class=\"col-inner\">\n            <a class=\"image-lightbox lightbox-gallery\" href=\"https:\/\/arturf.com\/wp-content\/uploads\/2020\/05\/Colored-Artificial-Grass-3.jpg\" title=\"\">            <div class=\"box has-hover gallery-box box-normal\">\n              <div class=\"box-image image-cover\" style=\"padding-top:75%;\">\n                <img loading=\"lazy\" decoding=\"async\" width=\"225\" height=\"300\" src=\"https:\/\/arturf.com\/wp-content\/uploads\/2020\/05\/Colored-Artificial-Grass-3-225x300.jpg\" class=\"attachment-medium size-medium\" alt=\"\" ids=\"8218,11691,10219,11692,11695,11693,11696,11697,11694,5866\" style=\"normal\" type=\"slider\" col_spacing=\"small\" columns=\"8\" image_height=\"75%\" srcset=\"https:\/\/arturf.com\/wp-content\/uploads\/2020\/05\/Colored-Artificial-Grass-3-225x300.jpg 225w, https:\/\/arturf.com\/wp-content\/uploads\/2020\/05\/Colored-Artificial-Grass-3-9x12.jpg 9w, https:\/\/arturf.com\/wp-content\/uploads\/2020\/05\/Colored-Artificial-Grass-3-510x681.jpg 510w, https:\/\/arturf.com\/wp-content\/uploads\/2020\/05\/Colored-Artificial-Grass-3.jpg 599w\" sizes=\"auto, (max-width: 225px) 100vw, 225px\" \/>                                                              <\/div>\n              <div class=\"box-text text-left\" >\n                 <p><\/p>\n              <\/div>\n            <\/div>\n            <\/a>          <\/div>\n         <\/div><div class=\"gallery-col col\" >\n          <div class=\"col-inner\">\n            <a class=\"image-lightbox lightbox-gallery\" href=\"https:\/\/arturf.com\/wp-content\/uploads\/2020\/05\/Colored-Artificial-Turf-for-Playgrounds.jpg\" title=\"\">            <div class=\"box has-hover gallery-box box-normal\">\n              <div class=\"box-image image-cover\" style=\"padding-top:75%;\">\n                <img loading=\"lazy\" decoding=\"async\" width=\"300\" height=\"225\" src=\"https:\/\/arturf.com\/wp-content\/uploads\/2020\/05\/Colored-Artificial-Turf-for-Playgrounds-300x225.jpg\" class=\"attachment-medium size-medium\" alt=\"\" ids=\"8218,11691,10219,11692,11695,11693,11696,11697,11694,5866\" style=\"normal\" type=\"slider\" col_spacing=\"small\" columns=\"8\" image_height=\"75%\" srcset=\"https:\/\/arturf.com\/wp-content\/uploads\/2020\/05\/Colored-Artificial-Turf-for-Playgrounds-300x225.jpg 300w, https:\/\/arturf.com\/wp-content\/uploads\/2020\/05\/Colored-Artificial-Turf-for-Playgrounds-200x150.jpg 200w, https:\/\/arturf.com\/wp-content\/uploads\/2020\/05\/Colored-Artificial-Turf-for-Playgrounds-768x576.jpg 768w, https:\/\/arturf.com\/wp-content\/uploads\/2020\/05\/Colored-Artificial-Turf-for-Playgrounds-16x12.jpg 16w, https:\/\/arturf.com\/wp-content\/uploads\/2020\/05\/Colored-Artificial-Turf-for-Playgrounds-350x263.jpg 350w, https:\/\/arturf.com\/wp-content\/uploads\/2020\/05\/Colored-Artificial-Turf-for-Playgrounds-510x383.jpg 510w, https:\/\/arturf.com\/wp-content\/uploads\/2020\/05\/Colored-Artificial-Turf-for-Playgrounds.jpg 800w\" sizes=\"auto, (max-width: 300px) 100vw, 300px\" \/>                                                              <\/div>\n              <div class=\"box-text text-left\" >\n                 <p><\/p>\n              <\/div>\n            <\/div>\n            <\/a>          <\/div>\n         <\/div><div class=\"gallery-col col\" >\n          <div class=\"col-inner\">\n            <a class=\"image-lightbox lightbox-gallery\" href=\"https:\/\/arturf.com\/wp-content\/uploads\/2020\/05\/Colored-Artificial-Grass-5.jpg\" title=\"\">            <div class=\"box has-hover gallery-box box-normal\">\n              <div class=\"box-image image-cover\" style=\"padding-top:75%;\">\n                <img loading=\"lazy\" decoding=\"async\" width=\"225\" height=\"300\" src=\"https:\/\/arturf.com\/wp-content\/uploads\/2020\/05\/Colored-Artificial-Grass-5-225x300.jpg\" class=\"attachment-medium size-medium\" alt=\"\" ids=\"8218,11691,10219,11692,11695,11693,11696,11697,11694,5866\" style=\"normal\" type=\"slider\" col_spacing=\"small\" columns=\"8\" image_height=\"75%\" srcset=\"https:\/\/arturf.com\/wp-content\/uploads\/2020\/05\/Colored-Artificial-Grass-5-225x300.jpg 225w, https:\/\/arturf.com\/wp-content\/uploads\/2020\/05\/Colored-Artificial-Grass-5-9x12.jpg 9w, https:\/\/arturf.com\/wp-content\/uploads\/2020\/05\/Colored-Artificial-Grass-5-510x680.jpg 510w, https:\/\/arturf.com\/wp-content\/uploads\/2020\/05\/Colored-Artificial-Grass-5.jpg 600w\" sizes=\"auto, (max-width: 225px) 100vw, 225px\" \/>                                                              <\/div>\n              <div class=\"box-text text-left\" >\n                 <p><\/p>\n              <\/div>\n            <\/div>\n            <\/a>          <\/div>\n         <\/div><div class=\"gallery-col col\" >\n          <div class=\"col-inner\">\n            <a class=\"image-lightbox lightbox-gallery\" href=\"https:\/\/arturf.com\/wp-content\/uploads\/2020\/05\/Colored-Artificial-Grass-4.jpg\" title=\"\">            <div class=\"box has-hover gallery-box box-normal\">\n              <div class=\"box-image image-cover\" style=\"padding-top:75%;\">\n                <img loading=\"lazy\" decoding=\"async\" width=\"300\" height=\"225\" src=\"https:\/\/arturf.com\/wp-content\/uploads\/2020\/05\/Colored-Artificial-Grass-4-300x225.jpg\" class=\"attachment-medium size-medium\" alt=\"\" ids=\"8218,11691,10219,11692,11695,11693,11696,11697,11694,5866\" style=\"normal\" type=\"slider\" col_spacing=\"small\" columns=\"8\" image_height=\"75%\" srcset=\"https:\/\/arturf.com\/wp-content\/uploads\/2020\/05\/Colored-Artificial-Grass-4-300x225.jpg 300w, https:\/\/arturf.com\/wp-content\/uploads\/2020\/05\/Colored-Artificial-Grass-4-200x150.jpg 200w, https:\/\/arturf.com\/wp-content\/uploads\/2020\/05\/Colored-Artificial-Grass-4-768x575.jpg 768w, https:\/\/arturf.com\/wp-content\/uploads\/2020\/05\/Colored-Artificial-Grass-4-16x12.jpg 16w, https:\/\/arturf.com\/wp-content\/uploads\/2020\/05\/Colored-Artificial-Grass-4-350x263.jpg 350w, https:\/\/arturf.com\/wp-content\/uploads\/2020\/05\/Colored-Artificial-Grass-4-510x382.jpg 510w, https:\/\/arturf.com\/wp-content\/uploads\/2020\/05\/Colored-Artificial-Grass-4.jpg 800w\" sizes=\"auto, (max-width: 300px) 100vw, 300px\" \/>                                                              <\/div>\n              <div class=\"box-text text-left\" >\n                 <p><\/p>\n              <\/div>\n            <\/div>\n            <\/a>          <\/div>\n         <\/div><div class=\"gallery-col col\" >\n          <div class=\"col-inner\">\n            <a class=\"image-lightbox lightbox-gallery\" href=\"https:\/\/arturf.com\/wp-content\/uploads\/2020\/05\/Artificial-Grass-for-stairway.jpg\" title=\"\">            <div class=\"box has-hover gallery-box box-normal\">\n              <div class=\"box-image image-cover\" style=\"padding-top:75%;\">\n                <img loading=\"lazy\" decoding=\"async\" width=\"300\" height=\"225\" src=\"https:\/\/arturf.com\/wp-content\/uploads\/2020\/05\/Artificial-Grass-for-stairway-300x225.jpg\" class=\"attachment-medium size-medium\" alt=\"\" ids=\"8218,11691,10219,11692,11695,11693,11696,11697,11694,5866\" style=\"normal\" type=\"slider\" col_spacing=\"small\" columns=\"8\" image_height=\"75%\" srcset=\"https:\/\/arturf.com\/wp-content\/uploads\/2020\/05\/Artificial-Grass-for-stairway-300x225.jpg 300w, https:\/\/arturf.com\/wp-content\/uploads\/2020\/05\/Artificial-Grass-for-stairway-200x150.jpg 200w, https:\/\/arturf.com\/wp-content\/uploads\/2020\/05\/Artificial-Grass-for-stairway-768x576.jpg 768w, https:\/\/arturf.com\/wp-content\/uploads\/2020\/05\/Artificial-Grass-for-stairway-16x12.jpg 16w, https:\/\/arturf.com\/wp-content\/uploads\/2020\/05\/Artificial-Grass-for-stairway-350x263.jpg 350w, https:\/\/arturf.com\/wp-content\/uploads\/2020\/05\/Artificial-Grass-for-stairway-510x383.jpg 510w, https:\/\/arturf.com\/wp-content\/uploads\/2020\/05\/Artificial-Grass-for-stairway.jpg 800w\" sizes=\"auto, (max-width: 300px) 100vw, 300px\" \/>                                                              <\/div>\n              <div class=\"box-text text-left\" >\n                 <p><\/p>\n              <\/div>\n            <\/div>\n            <\/a>          <\/div>\n         <\/div><div class=\"gallery-col col\" >\n          <div class=\"col-inner\">\n            <a class=\"image-lightbox lightbox-gallery\" href=\"https:\/\/arturf.com\/wp-content\/uploads\/2016\/12\/Artificial-Grass-Logo-4.jpg\" title=\"\">            <div class=\"box has-hover gallery-box box-normal\">\n              <div class=\"box-image image-cover\" style=\"padding-top:75%;\">\n                <img loading=\"lazy\" decoding=\"async\" width=\"300\" height=\"200\" src=\"https:\/\/arturf.com\/wp-content\/uploads\/2016\/12\/Artificial-Grass-Logo-4-300x200.jpg\" class=\"attachment-medium size-medium\" alt=\"\" ids=\"8218,11691,10219,11692,11695,11693,11696,11697,11694,5866\" style=\"normal\" type=\"slider\" col_spacing=\"small\" columns=\"8\" image_height=\"75%\" srcset=\"https:\/\/arturf.com\/wp-content\/uploads\/2016\/12\/Artificial-Grass-Logo-4-300x200.jpg 300w, https:\/\/arturf.com\/wp-content\/uploads\/2016\/12\/Artificial-Grass-Logo-4-18x12.jpg 18w, https:\/\/arturf.com\/wp-content\/uploads\/2016\/12\/Artificial-Grass-Logo-4-510x339.jpg 510w, https:\/\/arturf.com\/wp-content\/uploads\/2016\/12\/Artificial-Grass-Logo-4.jpg 600w\" sizes=\"auto, (max-width: 300px) 100vw, 300px\" \/>                                                              <\/div>\n              <div class=\"box-text text-left\" >\n                 <p><\/p>\n              <\/div>\n            <\/div>\n            <\/a>          <\/div>\n         <\/div><\/div>\n<p>M\u00e1s sobre c\u00e9sped artificial de colores, visite la publicaci\u00f3n &#039;<a href=\"https:\/\/arturf.com\/es\/support\/colored-artificial-grass\/\">C\u00e9sped Artificial Coloreado<\/a>\u2018<\/p>","protected":false},"excerpt":{"rendered":"<p>A veces, la hierba no siempre es m\u00e1s verde ... puede ser m\u00e1s rosada, m\u00e1s azul o incluso m\u00e1s p\u00farpura. El c\u00e9sped sint\u00e9tico com\u00fan se mezcla con cualquier entorno natural con peque\u00f1os ajustes en los tonos de color verde para mayor profundidad.<\/p>","protected":false},"featured_media":11698,"template":"","meta":{"_seopress_robots_primary_cat":"none","_seopress_titles_title":"Colored Artificial Grass for Unique Designs | Sports Fields, Play Areas & More","_seopress_titles_desc":"Discover the versatility of colored artificial grass for both indoor and outdoor spaces. Ideal for sports fields, play areas, and decorative designs. Explore endless possibilities with vibrant colors and custom shapes for a unique touch in any environment.","_seopress_robots_index":""},"product_brand":[],"product_cat":[69],"product_tag":[],"class_list":{"0":"post-6713","1":"product","2":"type-product","3":"status-publish","4":"has-post-thumbnail","6":"product_cat-multi-purpose","8":"first","9":"instock","10":"shipping-taxable","11":"product-type-simple"},"_links":{"self":[{"href":"https:\/\/arturf.com\/es\/wp-json\/wp\/v2\/product\/6713","targetHints":{"allow":["GET"]}}],"collection":[{"href":"https:\/\/arturf.com\/es\/wp-json\/wp\/v2\/product"}],"about":[{"href":"https:\/\/arturf.com\/es\/wp-json\/wp\/v2\/types\/product"}],"wp:featuredmedia":[{"embeddable":true,"href":"https:\/\/arturf.com\/es\/wp-json\/wp\/v2\/media\/11698"}],"wp:attachment":[{"href":"https:\/\/arturf.com\/es\/wp-json\/wp\/v2\/media?parent=6713"}],"wp:term":[{"taxonomy":"product_brand","embeddable":true,"href":"https:\/\/arturf.com\/es\/wp-json\/wp\/v2\/product_brand?post=6713"},{"taxonomy":"product_cat","embeddable":true,"href":"https:\/\/arturf.com\/es\/wp-json\/wp\/v2\/product_cat?post=6713"},{"taxonomy":"product_tag","embeddable":true,"href":"https:\/\/arturf.com\/es\/wp-json\/wp\/v2\/product_tag?post=6713"}],"curies":[{"name":"gracias","href":"https:\/\/api.w.org\/{rel}","templated":true}]}}