{"id":6882,"date":"2018-08-20T03:03:34","date_gmt":"2018-08-20T03:03:34","guid":{"rendered":"https:\/\/arturf.com\/?post_type=product&#038;p=6882"},"modified":"2024-07-13T21:25:22","modified_gmt":"2024-07-13T13:25:22","slug":"sports-fencing","status":"publish","type":"product","link":"https:\/\/arturf.com\/es\/product\/sports-fencing\/","title":{"rendered":"Valla deportiva"},"content":{"rendered":"<div class=\"row\"  id=\"row-1867357292\">\n\n\t<div id=\"col-1080624205\" class=\"col small-12 large-12\"  >\n\t\t\t\t<div class=\"col-inner\"  >\n\t\t\t\n\t\t\t\n<p>En Arturf nos dedicamos a ofrecer soluciones de m\u00e1xima calidad para instalaciones deportivas. Adem\u00e1s de nuestro c\u00e9sped artificial de primera calidad, ofrecemos vallas deportivas y postes para vallas de alta calidad en colaboraci\u00f3n con fabricantes de renombre. Nuestras cercas deportivas est\u00e1n dise\u00f1adas para garantizar seguridad, durabilidad y atractivo est\u00e9tico para diversas aplicaciones. Aqu\u00ed presentamos nuestros productos de vallas deportivas:<\/p>\n<h3>Valla de tela met\u00e1lica: valla met\u00e1lica recubierta de PE\/PVC de primera calidad<\/h3>\n<p>Nuestra cerca de alambre es una cerca de metal recubierta de PE\/PVC de calidad superior, conocida por varios nombres como malla de alambre, cerca de malla de alambre, cerca de alambre de cadena, cerca de cicl\u00f3n, cerca de huracanes o cerca de malla de diamante. Es la opci\u00f3n ideal para cercas de campos deportivos, particularmente en \u00e1reas donde es crucial una alta resistencia al impacto, la corrosi\u00f3n y la humedad. Construidas con acero dulce, acero inoxidable o alambre de hierro, estas cercas sirven como barreras seguras y se usan ampliamente en escuelas, parques, patios de recreo y campos de f\u00fatbol para mantener las pelotas contenidas y proteger a las personas fuera de la cerca.<\/p>\n<h4><strong>Caracter\u00edsticas clave:<\/strong><\/h4>\n<ul>\n<li>Resistencia, durabilidad y flexibilidad sin concesiones.<\/li>\n<li>Dise\u00f1o llamativo con varias opciones de color.<\/li>\n<li>Perfecto para recintos deportivos que experimentan impactos constantes de la pelota, como campos de f\u00fatbol, canchas de tenis, redes de cricket y redes de b\u00e9isbol.<\/li>\n<li>Adecuado para cercas dom\u00e9sticas e industriales que necesitan una resistencia superior a los impactos y la corrosi\u00f3n.<\/li>\n<li>Se instala f\u00e1cilmente en terrenos de tierra o concreto.<\/li>\n<li>Durable, con m\u00ednimo mantenimiento requerido.<\/li>\n<\/ul>\n\n  \n    <div class=\"row large-columns-4 medium-columns-3 small-columns-2\" >\n  <div class=\"gallery-col col\" >\n          <div class=\"col-inner\">\n            <a class=\"image-lightbox lightbox-gallery\" href=\"https:\/\/arturf.com\/wp-content\/uploads\/2020\/09\/PE-coated-wire-mesh-fence-1024x768.jpg\" title=\"\">            <div class=\"box has-hover gallery-box box-overlay dark\">\n              <div class=\"box-image image-cover\" style=\"padding-top:75%;\">\n                <img loading=\"lazy\" decoding=\"async\" width=\"300\" height=\"225\" src=\"https:\/\/arturf.com\/wp-content\/uploads\/2020\/09\/PE-coated-wire-mesh-fence-300x225.jpg\" class=\"attachment-medium size-medium\" alt=\"\" ids=\"12746,19853,19859\" image_height=\"75%\" srcset=\"https:\/\/arturf.com\/wp-content\/uploads\/2020\/09\/PE-coated-wire-mesh-fence-300x225.jpg 300w, https:\/\/arturf.com\/wp-content\/uploads\/2020\/09\/PE-coated-wire-mesh-fence-1024x768.jpg 1024w, https:\/\/arturf.com\/wp-content\/uploads\/2020\/09\/PE-coated-wire-mesh-fence-200x150.jpg 200w, https:\/\/arturf.com\/wp-content\/uploads\/2020\/09\/PE-coated-wire-mesh-fence-768x576.jpg 768w, https:\/\/arturf.com\/wp-content\/uploads\/2020\/09\/PE-coated-wire-mesh-fence-16x12.jpg 16w, https:\/\/arturf.com\/wp-content\/uploads\/2020\/09\/PE-coated-wire-mesh-fence-350x263.jpg 350w, https:\/\/arturf.com\/wp-content\/uploads\/2020\/09\/PE-coated-wire-mesh-fence-510x383.jpg 510w, https:\/\/arturf.com\/wp-content\/uploads\/2020\/09\/PE-coated-wire-mesh-fence.jpg 1200w\" sizes=\"auto, (max-width: 300px) 100vw, 300px\" \/>                                  <div class=\"overlay fill\"\n                      style=\"background-color: rgba(0,0,0,.15)\">\n                  <\/div>\n                                                              <\/div>\n              <div class=\"box-text text-left\" >\n                 <p><\/p>\n              <\/div>\n            <\/div>\n            <\/a>          <\/div>\n         <\/div><div class=\"gallery-col col\" >\n          <div class=\"col-inner\">\n            <a class=\"image-lightbox lightbox-gallery\" href=\"https:\/\/arturf.com\/wp-content\/uploads\/2018\/08\/Easy-install-Sport-Fence.jpg\" title=\"\">            <div class=\"box has-hover gallery-box box-overlay dark\">\n              <div class=\"box-image image-cover\" style=\"padding-top:75%;\">\n                <img loading=\"lazy\" decoding=\"async\" width=\"500\" height=\"500\" src=\"https:\/\/arturf.com\/wp-content\/uploads\/2018\/08\/Easy-install-Sport-Fence-500x500.jpg\" class=\"attachment-medium size-medium\" alt=\"\" ids=\"12746,19853,19859\" image_height=\"75%\" srcset=\"https:\/\/arturf.com\/wp-content\/uploads\/2018\/08\/Easy-install-Sport-Fence-500x500.jpg 500w, https:\/\/arturf.com\/wp-content\/uploads\/2018\/08\/Easy-install-Sport-Fence-768x768.jpg 768w, https:\/\/arturf.com\/wp-content\/uploads\/2018\/08\/Easy-install-Sport-Fence-12x12.jpg 12w, https:\/\/arturf.com\/wp-content\/uploads\/2018\/08\/Easy-install-Sport-Fence-510x510.jpg 510w, https:\/\/arturf.com\/wp-content\/uploads\/2018\/08\/Easy-install-Sport-Fence-100x100.jpg 100w, https:\/\/arturf.com\/wp-content\/uploads\/2018\/08\/Easy-install-Sport-Fence.jpg 960w\" sizes=\"auto, (max-width: 500px) 100vw, 500px\" \/>                                  <div class=\"overlay fill\"\n                      style=\"background-color: rgba(0,0,0,.15)\">\n                  <\/div>\n                                                              <\/div>\n              <div class=\"box-text text-left\" >\n                 <p><\/p>\n              <\/div>\n            <\/div>\n            <\/a>          <\/div>\n         <\/div><div class=\"gallery-col col\" >\n          <div class=\"col-inner\">\n            <a class=\"image-lightbox lightbox-gallery\" href=\"https:\/\/arturf.com\/wp-content\/uploads\/2018\/08\/Secure-chain-link-fence-by-inserting-steel-bars-1-1.jpg\" title=\"\">            <div class=\"box has-hover gallery-box box-overlay dark\">\n              <div class=\"box-image image-cover\" style=\"padding-top:75%;\">\n                <img loading=\"lazy\" decoding=\"async\" width=\"500\" height=\"454\" src=\"https:\/\/arturf.com\/wp-content\/uploads\/2018\/08\/Secure-chain-link-fence-by-inserting-steel-bars-1-1-500x454.jpg\" class=\"attachment-medium size-medium\" alt=\"\" ids=\"12746,19853,19859\" image_height=\"75%\" srcset=\"https:\/\/arturf.com\/wp-content\/uploads\/2018\/08\/Secure-chain-link-fence-by-inserting-steel-bars-1-1-500x454.jpg 500w, https:\/\/arturf.com\/wp-content\/uploads\/2018\/08\/Secure-chain-link-fence-by-inserting-steel-bars-1-1-768x697.jpg 768w, https:\/\/arturf.com\/wp-content\/uploads\/2018\/08\/Secure-chain-link-fence-by-inserting-steel-bars-1-1-13x12.jpg 13w, https:\/\/arturf.com\/wp-content\/uploads\/2018\/08\/Secure-chain-link-fence-by-inserting-steel-bars-1-1-510x463.jpg 510w, https:\/\/arturf.com\/wp-content\/uploads\/2018\/08\/Secure-chain-link-fence-by-inserting-steel-bars-1-1.jpg 790w\" sizes=\"auto, (max-width: 500px) 100vw, 500px\" \/>                                  <div class=\"overlay fill\"\n                      style=\"background-color: rgba(0,0,0,.15)\">\n                  <\/div>\n                                                              <\/div>\n              <div class=\"box-text text-left\" >\n                 <p><\/p>\n              <\/div>\n            <\/div>\n            <\/a>          <\/div>\n         <\/div><\/div>\n\t\t<\/div>\n\t\t\t\t\t<\/div>\n\n\t\n<\/div>\n<div class=\"row\"  id=\"row-1359308070\">\n\n\t<div id=\"col-2077302354\" class=\"col small-12 large-12\"  >\n\t\t\t\t<div class=\"col-inner\"  >\n\t\t\t\n\t\t\t\n<h3><span style=\"font-size: 20.16px;\">Valla de panel de malla soldada 2D<\/span><\/h3>\n<p>La cerca de panel de malla soldada 2D, tambi\u00e9n conocida como cerca de malla de alambre doble, cerca de malla de alambre doble o cerca de panel 2D, est\u00e1 hecha de alambre de acero inoxidable con bajo contenido de carbono de alta calidad. Con un alambre vertical y dos alambres horizontales, esta cerca ofrece mayor resistencia en comparaci\u00f3n con los paneles de cerca soldados est\u00e1ndar. Es ideal para proteger el per\u00edmetro de instalaciones comerciales, industriales, educativas y deportivas.<\/p>\n<h4>Caracter\u00edsticas clave:<\/h4>\n<ul>\n<li>Disponible en patrones de dise\u00f1o de parte superior plana y superior en arco.<\/li>\n<li>Alambres horizontales dobles soldados al alambre vertical para mayor rigidez.<\/li>\n<li>Grandes aberturas de malla para alta visibilidad y excelente seguridad.<\/li>\n<li>Precios competitivos con alta calidad, rigidez y larga vida \u00fatil.<\/li>\n<li>Superficie galvanizada o con recubrimiento en polvo para una excelente resistencia al \u00f3xido y la corrosi\u00f3n.<\/li>\n<li>Dise\u00f1ado para soportar diversas condiciones ambientales adversas.<\/li>\n<li>Requiere un mantenimiento m\u00ednimo debido a su construcci\u00f3n robusta.<\/li>\n<\/ul>\n\n  \n    <div class=\"row large-columns-4 medium-columns-3 small-columns-2\" >\n  <div class=\"gallery-col col\" >\n          <div class=\"col-inner\">\n            <a class=\"image-lightbox lightbox-gallery\" href=\"https:\/\/arturf.com\/wp-content\/uploads\/2018\/08\/2D-Welded-Mesh-Fence-01.jpg\" title=\"\">            <div class=\"box has-hover gallery-box box-overlay dark\">\n              <div class=\"box-image image-cover\" style=\"padding-top:75%;\">\n                <img loading=\"lazy\" decoding=\"async\" width=\"500\" height=\"500\" src=\"https:\/\/arturf.com\/wp-content\/uploads\/2018\/08\/2D-Welded-Mesh-Fence-01-500x500.jpg\" class=\"attachment-medium size-medium\" alt=\"\" ids=\"19855,19858,19857\" image_height=\"75%\" srcset=\"https:\/\/arturf.com\/wp-content\/uploads\/2018\/08\/2D-Welded-Mesh-Fence-01-500x500.jpg 500w, https:\/\/arturf.com\/wp-content\/uploads\/2018\/08\/2D-Welded-Mesh-Fence-01-12x12.jpg 12w, https:\/\/arturf.com\/wp-content\/uploads\/2018\/08\/2D-Welded-Mesh-Fence-01-510x510.jpg 510w, https:\/\/arturf.com\/wp-content\/uploads\/2018\/08\/2D-Welded-Mesh-Fence-01-100x100.jpg 100w, https:\/\/arturf.com\/wp-content\/uploads\/2018\/08\/2D-Welded-Mesh-Fence-01.jpg 550w\" sizes=\"auto, (max-width: 500px) 100vw, 500px\" \/>                                  <div class=\"overlay fill\"\n                      style=\"background-color: rgba(0,0,0,.15)\">\n                  <\/div>\n                                                              <\/div>\n              <div class=\"box-text text-left\" >\n                 <p><\/p>\n              <\/div>\n            <\/div>\n            <\/a>          <\/div>\n         <\/div><div class=\"gallery-col col\" >\n          <div class=\"col-inner\">\n            <a class=\"image-lightbox lightbox-gallery\" href=\"https:\/\/arturf.com\/wp-content\/uploads\/2018\/08\/2D-Welded-Mesh-Fence-02-1-865x1024.jpg\" title=\"\">            <div class=\"box has-hover gallery-box box-overlay dark\">\n              <div class=\"box-image image-cover\" style=\"padding-top:75%;\">\n                <img loading=\"lazy\" decoding=\"async\" width=\"423\" height=\"500\" src=\"https:\/\/arturf.com\/wp-content\/uploads\/2018\/08\/2D-Welded-Mesh-Fence-02-1-423x500.jpg\" class=\"attachment-medium size-medium\" alt=\"\" ids=\"19855,19858,19857\" image_height=\"75%\" srcset=\"https:\/\/arturf.com\/wp-content\/uploads\/2018\/08\/2D-Welded-Mesh-Fence-02-1-423x500.jpg 423w, https:\/\/arturf.com\/wp-content\/uploads\/2018\/08\/2D-Welded-Mesh-Fence-02-1-865x1024.jpg 865w, https:\/\/arturf.com\/wp-content\/uploads\/2018\/08\/2D-Welded-Mesh-Fence-02-1-768x909.jpg 768w, https:\/\/arturf.com\/wp-content\/uploads\/2018\/08\/2D-Welded-Mesh-Fence-02-1-1298x1536.jpg 1298w, https:\/\/arturf.com\/wp-content\/uploads\/2018\/08\/2D-Welded-Mesh-Fence-02-1-1731x2048.jpg 1731w, https:\/\/arturf.com\/wp-content\/uploads\/2018\/08\/2D-Welded-Mesh-Fence-02-1-10x12.jpg 10w, https:\/\/arturf.com\/wp-content\/uploads\/2018\/08\/2D-Welded-Mesh-Fence-02-1-510x604.jpg 510w, https:\/\/arturf.com\/wp-content\/uploads\/2018\/08\/2D-Welded-Mesh-Fence-02-1.jpg 1920w\" sizes=\"auto, (max-width: 423px) 100vw, 423px\" \/>                                  <div class=\"overlay fill\"\n                      style=\"background-color: rgba(0,0,0,.15)\">\n                  <\/div>\n                                                              <\/div>\n              <div class=\"box-text text-left\" >\n                 <p><\/p>\n              <\/div>\n            <\/div>\n            <\/a>          <\/div>\n         <\/div><div class=\"gallery-col col\" >\n          <div class=\"col-inner\">\n            <a class=\"image-lightbox lightbox-gallery\" href=\"https:\/\/arturf.com\/wp-content\/uploads\/2018\/08\/2D-Welded-Mesh-Fence-03-1024x768.jpg\" title=\"\">            <div class=\"box has-hover gallery-box box-overlay dark\">\n              <div class=\"box-image image-cover\" style=\"padding-top:75%;\">\n                <img loading=\"lazy\" decoding=\"async\" width=\"500\" height=\"375\" src=\"https:\/\/arturf.com\/wp-content\/uploads\/2018\/08\/2D-Welded-Mesh-Fence-03-500x375.jpg\" class=\"attachment-medium size-medium\" alt=\"\" ids=\"19855,19858,19857\" image_height=\"75%\" srcset=\"https:\/\/arturf.com\/wp-content\/uploads\/2018\/08\/2D-Welded-Mesh-Fence-03-500x375.jpg 500w, https:\/\/arturf.com\/wp-content\/uploads\/2018\/08\/2D-Welded-Mesh-Fence-03-1024x768.jpg 1024w, https:\/\/arturf.com\/wp-content\/uploads\/2018\/08\/2D-Welded-Mesh-Fence-03-200x150.jpg 200w, https:\/\/arturf.com\/wp-content\/uploads\/2018\/08\/2D-Welded-Mesh-Fence-03-768x576.jpg 768w, https:\/\/arturf.com\/wp-content\/uploads\/2018\/08\/2D-Welded-Mesh-Fence-03-1536x1152.jpg 1536w, https:\/\/arturf.com\/wp-content\/uploads\/2018\/08\/2D-Welded-Mesh-Fence-03-2048x1536.jpg 2048w, https:\/\/arturf.com\/wp-content\/uploads\/2018\/08\/2D-Welded-Mesh-Fence-03-16x12.jpg 16w, https:\/\/arturf.com\/wp-content\/uploads\/2018\/08\/2D-Welded-Mesh-Fence-03-350x263.jpg 350w, https:\/\/arturf.com\/wp-content\/uploads\/2018\/08\/2D-Welded-Mesh-Fence-03-510x383.jpg 510w\" sizes=\"auto, (max-width: 500px) 100vw, 500px\" \/>                                  <div class=\"overlay fill\"\n                      style=\"background-color: rgba(0,0,0,.15)\">\n                  <\/div>\n                                                              <\/div>\n              <div class=\"box-text text-left\" >\n                 <p><\/p>\n              <\/div>\n            <\/div>\n            <\/a>          <\/div>\n         <\/div><\/div>\n\t\t<\/div>\n\t\t\t\t\t<\/div>\n\n\t\n<\/div>\n<div class=\"row\"  id=\"row-1516848505\">\n\n\t<div id=\"col-626496430\" class=\"col small-12 large-12\"  >\n\t\t\t\t<div class=\"col-inner\"  >\n\t\t\t\n\t\t\t\n<h3><span style=\"font-size: 20.16px;\">Postes de cerca<\/span><\/h3>\n<p>Adem\u00e1s de nuestras cercas deportivas, ofrecemos una gama de postes para cercas de alta calidad dise\u00f1ados para complementar y soportar nuestros sistemas de cercas. Nuestros postes para cercas est\u00e1n hechos de materiales duraderos, lo que garantiza que brinden un soporte confiable y mejoren la longevidad de su cerca. Los postes pueden ser de tubo redondo o cuadrado, lo que ofrece versatilidad para satisfacer diferentes necesidades de dise\u00f1o e instalaci\u00f3n.<\/p>\n<h4>Caracter\u00edsticas clave:<\/h4>\n<ul>\n<li>Fabricado con materiales de alta calidad para mayor durabilidad.<\/li>\n<li>Disponible en dise\u00f1os de tubo redondo o tubo cuadrado.<\/li>\n<li>Dise\u00f1ado para proporcionar un fuerte soporte para varios tipos de vallas.<\/li>\n<li>Resistente a la corrosi\u00f3n y al desgaste ambiental.<\/li>\n<li>Disponible en varios tama\u00f1os y estilos para adaptarse a diferentes necesidades de cercado.<\/li>\n<li>F\u00e1cil de instalar y mantener.<\/li>\n<\/ul>\n<h3>Soluciones optimizadas de esgrima deportiva<\/h3>\n<p>En la construcci\u00f3n de instalaciones deportivas, es fundamental lograr rentabilidad sin sacrificar la calidad. En Arturf, brindamos soluciones duraderas y asequibles combinando diferentes tipos de cercas para cumplir con los requisitos del proyecto de manera eficiente.<\/p>\n<h4>Alturas comunes y combinaciones que ahorran costos<\/h4>\n<p>Las alturas t\u00edpicas de las vallas deportivas son de 4 y 6 m. Para optimizar costes, solemos combinar dos tipos de vallado. Para una valla de f\u00fatbol de 4 m de altura, los ejemplos incluyen:<\/p>\n<ul>\n<li>Valla de panel de malla soldada 2D de 2 m de altura (inferior) + Valla de alambre de cadena de 2 m de altura (superior)<\/li>\n<li>Valla de panel de malla soldada 2D de 2 m de alto (inferior) + red de polietileno de 2 m (superior)<\/li>\n<li>Valla de alambre de 2 m de altura (abajo) + 2 m <a href=\"https:\/\/arturf.com\/es\/product\/sport-netting-barrier\/\">Red de polietileno<\/a> (Arriba)<\/li>\n<\/ul>\n<p>Estas combinaciones garantizan una seguridad y durabilidad s\u00f3lidas a un costo menor.<\/p>\n<hr \/>\n<p>Estamos ampliando continuamente nuestra gama de productos para ofrecer m\u00e1s opciones de cercas. Para obtener m\u00e1s informaci\u00f3n sobre nuestros productos de vallas deportivas o solicitar un presupuesto, cont\u00e1ctenos en info@arturf.com. Deje que Arturf le ayude a crear un entorno seguro y est\u00e9ticamente agradable para sus instalaciones deportivas.<\/p>\n\t\t<\/div>\n\t\t\t\t\t<\/div>\n\n\t\n<\/div>","protected":false},"excerpt":{"rendered":"<p>Explore la gama de vallas deportivas de alta calidad de Arturf, incluidas vallas de malla soldada 2D y de malla soldada recubiertas de PE\/PVC. Opciones adicionales disponibles a pedido para soluciones personalizadas que se adapten a las necesidades de sus instalaciones deportivas.<\/p>","protected":false},"featured_media":14465,"template":"","meta":{"_seopress_robots_primary_cat":"","_seopress_titles_title":"","_seopress_titles_desc":"","_seopress_robots_index":""},"product_brand":[],"product_cat":[66],"product_tag":[],"class_list":{"0":"post-6882","1":"product","2":"type-product","3":"status-publish","4":"has-post-thumbnail","6":"product_cat-accessories","8":"first","9":"instock","10":"shipping-taxable","11":"product-type-simple"},"_links":{"self":[{"href":"https:\/\/arturf.com\/es\/wp-json\/wp\/v2\/product\/6882","targetHints":{"allow":["GET"]}}],"collection":[{"href":"https:\/\/arturf.com\/es\/wp-json\/wp\/v2\/product"}],"about":[{"href":"https:\/\/arturf.com\/es\/wp-json\/wp\/v2\/types\/product"}],"wp:featuredmedia":[{"embeddable":true,"href":"https:\/\/arturf.com\/es\/wp-json\/wp\/v2\/media\/14465"}],"wp:attachment":[{"href":"https:\/\/arturf.com\/es\/wp-json\/wp\/v2\/media?parent=6882"}],"wp:term":[{"taxonomy":"product_brand","embeddable":true,"href":"https:\/\/arturf.com\/es\/wp-json\/wp\/v2\/product_brand?post=6882"},{"taxonomy":"product_cat","embeddable":true,"href":"https:\/\/arturf.com\/es\/wp-json\/wp\/v2\/product_cat?post=6882"},{"taxonomy":"product_tag","embeddable":true,"href":"https:\/\/arturf.com\/es\/wp-json\/wp\/v2\/product_tag?post=6882"}],"curies":[{"name":"gracias","href":"https:\/\/api.w.org\/{rel}","templated":true}]}}