{"id":7196,"date":"2010-12-04T11:55:55","date_gmt":"2010-12-04T11:55:55","guid":{"rendered":"https:\/\/arturf.com\/?post_type=product&#038;p=7196"},"modified":"2020-06-10T09:53:50","modified_gmt":"2020-06-10T01:53:50","slug":"golf-putting-training-aid","status":"publish","type":"product","link":"https:\/\/arturf.com\/es\/product\/golf-putting-training-aid\/","title":{"rendered":"AYUDA DE ENTRENAMIENTO DE GOLF"},"content":{"rendered":"<p>Hecho de una base de goma de calidad y pasto verde sint\u00e9tico que ser\u00e1 duradero e inofensivo. El c\u00e9sped de simulaci\u00f3n premium se mantiene suave y se siente como c\u00e9sped real. Disfrutar\u00e1 practicando las habilidades de putt con el c\u00e9sped de 2 colores. Alfombra de longitud extendida de 300 * 30 cm solo para ti. M\u00e1s pr\u00e1ctica para beneficiar su salud y facilitar su social.<\/p>\n<h3>caracteristicas:<\/h3>\n<p><strong>1. Agujeros de dos tama\u00f1os<\/strong><br \/>Dise\u00f1o de 6,5 cm y 8,5 cm para formaci\u00f3n profesional. Mejora tu habilidad en el juego de putt practicando con nuestro tama\u00f1o de 6,5 cm m\u00e1s peque\u00f1o. Mientras que el hoyo de golf est\u00e1ndar es de 10,8 cm (4,25 \u2033), nuestras copas de dise\u00f1o exclusivo de 8,5 cm y 6,5 cm le ayudar\u00e1n a desarrollar la precisi\u00f3n.<\/p>\n<p><strong>2. Sistema de retorno de bola de gravedad para ahorrar tiempo.<\/strong> <br \/>\u00bfQuieres que tu pr\u00e1ctica de putt sea m\u00e1s eficiente? El canal de retorno de la pelota podr\u00eda ahorrarle el tiempo de caminar hasta el hoyo para recuperar la pelota una y otra vez.<\/p>\n<p><strong>3. Poner en todas partes<\/strong><br \/>Para un f\u00e1cil almacenamiento en casa o en la oficina, simplemente puede enrollar el c\u00e9sped y se ajustar\u00e1 c\u00f3modamente a un armario o caj\u00f3n vac\u00edo.<\/p>\n<p>Tenga en cuenta que no sugerimos comprar la AYUDA DE ENTRENAMIENTO DE GOLF PUTTING individualmente porque el flete a\u00e9reo ser\u00e1 muy alto, y probablemente mucho m\u00e1s alto que el valor de los productos. Recomendamos hacer el pedido junto con c\u00e9sped artificial y poner la AYUDA PARA EL ENTRENAMIENTO DE GOLF en el mismo recipiente. \u00a1Cont\u00e1ctenos para saber c\u00f3mo obtener un juego de ayudas para el entrenamiento de golf GRATIS!<\/p>\n\t<div class=\"img has-hover x md-x lg-x y md-y lg-y\" id=\"image_1808608622\">\n\t\t\t\t\t\t\t\t<div class=\"img-inner dark\" >\n\t\t\t<img loading=\"lazy\" decoding=\"async\" width=\"788\" height=\"325\" src=\"https:\/\/arturf.com\/wp-content\/uploads\/2020\/06\/wood-putting-trainer-packing.jpg\" class=\"attachment-large size-large\" alt=\"\" srcset=\"https:\/\/arturf.com\/wp-content\/uploads\/2020\/06\/wood-putting-trainer-packing.jpg 788w, https:\/\/arturf.com\/wp-content\/uploads\/2020\/06\/wood-putting-trainer-packing-300x124.jpg 300w, https:\/\/arturf.com\/wp-content\/uploads\/2020\/06\/wood-putting-trainer-packing-768x317.jpg 768w, https:\/\/arturf.com\/wp-content\/uploads\/2020\/06\/wood-putting-trainer-packing-18x7.jpg 18w, https:\/\/arturf.com\/wp-content\/uploads\/2020\/06\/wood-putting-trainer-packing-510x210.jpg 510w\" sizes=\"auto, (max-width: 788px) 100vw, 788px\" \/>\t\t\t\t\t\t\n\t\t\t\t\t<\/div>\n\t\t\t\t\t\t\t\t\n<style>\n#image_1808608622 {\n  width: 100%;\n}\n<\/style>\n\t<\/div>\n\t\n\t<div class=\"img has-hover x md-x lg-x y md-y lg-y\" id=\"image_1993075417\">\n\t\t\t\t\t\t\t\t<div class=\"img-inner dark\" >\n\t\t\t<img loading=\"lazy\" decoding=\"async\" width=\"789\" height=\"486\" src=\"https:\/\/arturf.com\/wp-content\/uploads\/2020\/06\/wood-putting-trainer-box-packing.jpg\" class=\"attachment-large size-large\" alt=\"\" srcset=\"https:\/\/arturf.com\/wp-content\/uploads\/2020\/06\/wood-putting-trainer-box-packing.jpg 789w, https:\/\/arturf.com\/wp-content\/uploads\/2020\/06\/wood-putting-trainer-box-packing-300x185.jpg 300w, https:\/\/arturf.com\/wp-content\/uploads\/2020\/06\/wood-putting-trainer-box-packing-768x473.jpg 768w, https:\/\/arturf.com\/wp-content\/uploads\/2020\/06\/wood-putting-trainer-box-packing-18x12.jpg 18w, https:\/\/arturf.com\/wp-content\/uploads\/2020\/06\/wood-putting-trainer-box-packing-510x314.jpg 510w\" sizes=\"auto, (max-width: 789px) 100vw, 789px\" \/>\t\t\t\t\t\t\n\t\t\t\t\t<\/div>\n\t\t\t\t\t\t\t\t\n<style>\n#image_1993075417 {\n  width: 100%;\n}\n<\/style>\n\t<\/div>\n\t\n\n\t<section class=\"section\" id=\"section_1452052612\">\n\t\t<div class=\"section-bg fill\" >\n\t\t\t\t\t\t\t\t\t\n\t\t\t\n\n\t\t<\/div>\n\n\t\t\n\n\t\t<div class=\"section-content relative\">\n\t\t\t\n\n<div class=\"row\"  id=\"row-1475349454\">\n\n\n\t<div id=\"col-477440696\" class=\"col small-12 large-12\"  >\n\t\t\t\t<div class=\"col-inner text-center\"  >\n\t\t\t\n\t\t\t\n\n<h2>preguntas frecuentes<\/h2>\n\n\t\t<\/div>\n\t\t\t\t\t<\/div>\n\n\t\n\n<\/div>\n<div class=\"row align-center row-box-shadow-1\"  id=\"row-442080517\">\n\n\n\t<div id=\"col-365943567\" class=\"col medium-10 small-12 large-9\"  >\n\t\t\t\t<div class=\"col-inner\" style=\"background-color:rgb(255,255,255);\" >\n\t\t\t\n\t\t\t\n\n<div class=\"accordion\">\n\n\t<div id=\"accordion-4061129029\" class=\"accordion-item\">\n\t\t<a id=\"accordion-4061129029-label\" class=\"accordion-title plain\" href=\"#accordion-item-can-you-customize-specifications-for-your-artificial-turf-products?\" aria-expanded=\"false\" aria-controls=\"accordion-4061129029-content\">\n\t\t\t<button class=\"toggle\" aria-label=\"Palanca\"><i class=\"icon-angle-down\" aria-hidden=\"true\"><\/i><\/button>\n\t\t\t<span>\u00bfPuede personalizar las especificaciones de sus productos de c\u00e9sped artificial?<\/span>\n\t\t<\/a>\n\t\t<div id=\"accordion-4061129029-content\" class=\"accordion-inner\" aria-labelledby=\"accordion-4061129029-label\">\n\t\t\t\n\n<p>S\u00ed, ofrecemos opciones de personalizaci\u00f3n para el color, la forma del hilo, la altura del pelo, la densidad y el respaldo. Tambi\u00e9n podemos producir de acuerdo con una muestra proporcionada.<\/p>\n\n\t\t<\/div>\n\t<\/div>\n\t\n\t<div id=\"accordion-2821892114\" class=\"accordion-item\">\n\t\t<a id=\"accordion-2821892114-label\" class=\"accordion-title plain\" href=\"#accordion-item-do-you-have-stock?\" aria-expanded=\"false\" aria-controls=\"accordion-2821892114-content\">\n\t\t\t<button class=\"toggle\" aria-label=\"Palanca\"><i class=\"icon-angle-down\" aria-hidden=\"true\"><\/i><\/button>\n\t\t\t<span>\u00bfTiene existencias?<\/span>\n\t\t<\/a>\n\t\t<div id=\"accordion-2821892114-content\" class=\"accordion-inner\" aria-labelledby=\"accordion-2821892114-label\">\n\t\t\t\n\n<p>No, no mantenemos stock. Comenzamos la producci\u00f3n en base a pedidos espec\u00edficos.<\/p>\n\n\t\t<\/div>\n\t<\/div>\n\t\n\t<div id=\"accordion-1867231577\" class=\"accordion-item\">\n\t\t<a id=\"accordion-1867231577-label\" class=\"accordion-title plain\" href=\"#accordion-item-what-is-your-moq?\" aria-expanded=\"false\" aria-controls=\"accordion-1867231577-content\">\n\t\t\t<button class=\"toggle\" aria-label=\"Palanca\"><i class=\"icon-angle-down\" aria-hidden=\"true\"><\/i><\/button>\n\t\t\t<span>\u00bfCu\u00e1l es su MOQ?<\/span>\n\t\t<\/a>\n\t\t<div id=\"accordion-1867231577-content\" class=\"accordion-inner\" aria-labelledby=\"accordion-1867231577-label\">\n\t\t\t\n\n<p>Para la mayor\u00eda de los c\u00e9spedes artificiales, nuestra cantidad m\u00ednima de pedido (MOQ) es de 500 metros cuadrados. Para algunos productos de peso ligero, el pedido m\u00ednimo es de 800 metros cuadrados.<\/p>\n\n\t\t<\/div>\n\t<\/div>\n\t\n\t<div id=\"accordion-1003402208\" class=\"accordion-item\">\n\t\t<a id=\"accordion-1003402208-label\" class=\"accordion-title plain\" href=\"#accordion-item-what-are-the-width-and-length-options-for-artificial-grass?\" aria-expanded=\"false\" aria-controls=\"accordion-1003402208-content\">\n\t\t\t<button class=\"toggle\" aria-label=\"Palanca\"><i class=\"icon-angle-down\" aria-hidden=\"true\"><\/i><\/button>\n\t\t\t<span>\u00bfCu\u00e1les son las opciones de ancho y largo para el c\u00e9sped artificial?<\/span>\n\t\t<\/a>\n\t\t<div id=\"accordion-1003402208-content\" class=\"accordion-inner\" aria-labelledby=\"accordion-1003402208-label\">\n\t\t\t\n\n<p>Nuestras opciones de ancho comunes son 2 m, 3,75 m, 3,95 m, 4 m y 5 m. La longitud se puede personalizar de acuerdo con los requisitos espec\u00edficos de su proyecto. Por defecto, mezclamos c\u00e9sped de 4 m de ancho y 2 m de ancho para optimizar el espacio del contenedor.<\/p>\n\n\t\t<\/div>\n\t<\/div>\n\t\n\t<div id=\"accordion-3164091436\" class=\"accordion-item\">\n\t\t<a id=\"accordion-3164091436-label\" class=\"accordion-title plain\" href=\"#accordion-item-what-information-do-you-need-to-provide-the-landed-cost-for-international-customers?\" aria-expanded=\"false\" aria-controls=\"accordion-3164091436-content\">\n\t\t\t<button class=\"toggle\" aria-label=\"Palanca\"><i class=\"icon-angle-down\" aria-hidden=\"true\"><\/i><\/button>\n\t\t\t<span>\u00bfQu\u00e9 informaci\u00f3n necesita para proporcionar el costo de entrega para clientes internacionales?<\/span>\n\t\t<\/a>\n\t\t<div id=\"accordion-3164091436-content\" class=\"accordion-inner\" aria-labelledby=\"accordion-3164091436-label\">\n\t\t\t\n\n<p>Para proporcionar el costo de desembarque, requerimos informaci\u00f3n sobre los detalles del producto, la cantidad y el puerto mar\u00edtimo de destino.<\/p>\n\n\t\t<\/div>\n\t<\/div>\n\t\n\n<\/div>\n\n\t\t<\/div>\n\t\t\t\t\t<\/div>\n\n\t\n\n\n<style>\n#row-442080517 > .col > .col-inner {\n  padding: 0px 0px 0px 0px;\n}\n@media (min-width:550px) {\n  #row-442080517 > .col > .col-inner {\n    padding: 30px 30px 30px 30px;\n  }\n}\n<\/style>\n<\/div>\n\n\t\t<\/div>\n\n\t\t\n<style>\n#section_1452052612 {\n  padding-top: 60px;\n  padding-bottom: 60px;\n}\n<\/style>\n\t<\/section>\n\t\n<div class=\"row align-center\"  id=\"row-2142604150\">\n\n\n\t<div id=\"col-2102724680\" class=\"col medium-4 large-4\"  >\n\t\t\t\t<div class=\"col-inner\"  >\n\t\t\t\n\t<div class=\"is-border\"\n\t\tstyle=\"border-width:0px 0px 0px 0px;\">\n\t<\/div>\n\t\t\t\n\n\n\t\t<div class=\"icon-box featured-box icon-box-center text-center\"  style=\"margin:0px 0px 0px 0px;\">\n\t\t\t\t\t<div class=\"icon-box-img has-icon-bg\" style=\"width: 100px\">\n\t\t\t\t<div class=\"icon\">\n\t\t\t\t\t<div class=\"icon-inner\" style=\"border-width:2px;color:rgba(47, 159, 18, 0.88);\">\n\t\t\t\t\t\t<img loading=\"lazy\" decoding=\"async\" width=\"100\" height=\"100\" src=\"https:\/\/arturf.com\/wp-content\/uploads\/2018\/06\/Icon-Good-quality.png\" class=\"attachment-medium size-medium\" alt=\"\" srcset=\"https:\/\/arturf.com\/wp-content\/uploads\/2018\/06\/Icon-Good-quality.png 100w, https:\/\/arturf.com\/wp-content\/uploads\/2018\/06\/Icon-Good-quality-12x12.png 12w\" sizes=\"auto, (max-width: 100px) 100vw, 100px\" \/>\t\t\t\t\t<\/div>\n\t\t\t\t<\/div>\n\t\t\t<\/div>\n\t\t\t\t<div class=\"icon-box-text last-reset\">\n\t\t\t<h5 class=\"uppercase\">Calidad comprobada<\/h5>\t\t\t\t\t\t\n\n<p>C\u00e9sped artificial premium con resistencia a los rayos UV y al desgaste. Las s\u00f3lidas garant\u00edas aseguran una satisfacci\u00f3n duradera.<\/p>\n\n\t\t<\/div>\n\t<\/div>\n\t\n\t\n\n\t\t<\/div>\n\t\t\t\t\t<\/div>\n\n\t\n\n\t<div id=\"col-1939029216\" class=\"col medium-4 large-4\"  >\n\t\t\t\t<div class=\"col-inner\"  >\n\t\t\t\n\t<div class=\"is-border\"\n\t\tstyle=\"border-width:0px 0px 0px 0px;\">\n\t<\/div>\n\t\t\t\n\n\n\t\t<div class=\"icon-box featured-box icon-box-center text-center\"  style=\"margin:0px 0px 0px 0px;\">\n\t\t\t\t\t<div class=\"icon-box-img has-icon-bg\" style=\"width: 100px\">\n\t\t\t\t<div class=\"icon\">\n\t\t\t\t\t<div class=\"icon-inner\" style=\"border-width:2px;color:rgba(47, 159, 18, 0.88);\">\n\t\t\t\t\t\t<img loading=\"lazy\" decoding=\"async\" width=\"100\" height=\"100\" src=\"https:\/\/arturf.com\/wp-content\/uploads\/2018\/06\/Icon-Good-price.png\" class=\"attachment-medium size-medium\" alt=\"\" srcset=\"https:\/\/arturf.com\/wp-content\/uploads\/2018\/06\/Icon-Good-price.png 100w, https:\/\/arturf.com\/wp-content\/uploads\/2018\/06\/Icon-Good-price-12x12.png 12w\" sizes=\"auto, (max-width: 100px) 100vw, 100px\" \/>\t\t\t\t\t<\/div>\n\t\t\t\t<\/div>\n\t\t\t<\/div>\n\t\t\t\t<div class=\"icon-box-text last-reset\">\n\t\t\t<h5 class=\"uppercase\">Precio competitivo<\/h5>\t\t\t\t\t\t\n\n<p>Ofrecemos precios competitivos, fomentando el crecimiento mutuo y el \u00e9xito a largo plazo con nuestros estimados distribuidores.<\/p>\n\n\t\t<\/div>\n\t<\/div>\n\t\n\t\n\n\t\t<\/div>\n\t\t\t\t\t<\/div>\n\n\t\n\n\t<div id=\"col-433668579\" class=\"col medium-4 large-4\"  >\n\t\t\t\t<div class=\"col-inner\"  >\n\t\t\t\n\t<div class=\"is-border\"\n\t\tstyle=\"border-width:0px 0px 0px 0px;\">\n\t<\/div>\n\t\t\t\n\n\n\t\t<div class=\"icon-box featured-box icon-box-center text-center\"  style=\"margin:0px 0px 0px 0px;\">\n\t\t\t\t\t<div class=\"icon-box-img has-icon-bg\" style=\"width: 100px\">\n\t\t\t\t<div class=\"icon\">\n\t\t\t\t\t<div class=\"icon-inner\" style=\"border-width:2px;color:rgba(47, 159, 18, 0.88);\">\n\t\t\t\t\t\t<img loading=\"lazy\" decoding=\"async\" width=\"100\" height=\"100\" src=\"https:\/\/arturf.com\/wp-content\/uploads\/2018\/06\/Icon-tailor-made.png\" class=\"attachment-medium size-medium\" alt=\"\" srcset=\"https:\/\/arturf.com\/wp-content\/uploads\/2018\/06\/Icon-tailor-made.png 100w, https:\/\/arturf.com\/wp-content\/uploads\/2018\/06\/Icon-tailor-made-12x12.png 12w\" sizes=\"auto, (max-width: 100px) 100vw, 100px\" \/>\t\t\t\t\t<\/div>\n\t\t\t\t<\/div>\n\t\t\t<\/div>\n\t\t\t\t<div class=\"icon-box-text last-reset\">\n\t\t\t<h5 class=\"uppercase\">Soluciones personalizadas<\/h5>\t\t\t\t\t\t\n\n<p>Libere el potencial del mercado con diversas opciones de c\u00e9sped artificial. <a href=\"https:\/\/arturf.com\/es\/buyers-guide\/customized-artificial-grass-products\/\">Adaptado a necesidades o muestras \u00fanicas<\/a>.<\/p>\n\n\t\t<\/div>\n\t<\/div>\n\t\n\t\n\n\t\t<\/div>\n\t\t\t\t\t<\/div>\n\n\t\n\n<\/div>","protected":false},"excerpt":{"rendered":"<p>Una magn\u00edfica ayuda para el entrenamiento de la habilidad del putt para practicar su putt en interiores. Para una pr\u00e1ctica de putt realista donde quieras practicar, ya que el green se enrolla f\u00e1cilmente para transportarlo y guardarlo. Los agujeros est\u00e1n dise\u00f1ados en una pendiente para mejorar la firmeza del golpe y para un desaf\u00edo adicional.<\/p>","protected":false},"featured_media":7763,"template":"","meta":{"_seopress_robots_primary_cat":"","_seopress_titles_title":"","_seopress_titles_desc":"","_seopress_robots_index":""},"product_brand":[],"product_cat":[65],"product_tag":[],"class_list":{"0":"post-7196","1":"product","2":"type-product","3":"status-publish","4":"has-post-thumbnail","6":"product_cat-golf","8":"first","9":"instock","10":"shipping-taxable","11":"product-type-simple"},"_links":{"self":[{"href":"https:\/\/arturf.com\/es\/wp-json\/wp\/v2\/product\/7196","targetHints":{"allow":["GET"]}}],"collection":[{"href":"https:\/\/arturf.com\/es\/wp-json\/wp\/v2\/product"}],"about":[{"href":"https:\/\/arturf.com\/es\/wp-json\/wp\/v2\/types\/product"}],"wp:featuredmedia":[{"embeddable":true,"href":"https:\/\/arturf.com\/es\/wp-json\/wp\/v2\/media\/7763"}],"wp:attachment":[{"href":"https:\/\/arturf.com\/es\/wp-json\/wp\/v2\/media?parent=7196"}],"wp:term":[{"taxonomy":"product_brand","embeddable":true,"href":"https:\/\/arturf.com\/es\/wp-json\/wp\/v2\/product_brand?post=7196"},{"taxonomy":"product_cat","embeddable":true,"href":"https:\/\/arturf.com\/es\/wp-json\/wp\/v2\/product_cat?post=7196"},{"taxonomy":"product_tag","embeddable":true,"href":"https:\/\/arturf.com\/es\/wp-json\/wp\/v2\/product_tag?post=7196"}],"curies":[{"name":"gracias","href":"https:\/\/api.w.org\/{rel}","templated":true}]}}