{"id":7422,"date":"2018-12-20T02:35:02","date_gmt":"2018-12-20T02:35:02","guid":{"rendered":"https:\/\/arturf.com\/?post_type=product&#038;p=7422"},"modified":"2023-07-15T11:18:17","modified_gmt":"2023-07-15T03:18:17","slug":"artificial-grass-ecoway","status":"publish","type":"product","link":"https:\/\/arturf.com\/es\/product\/artificial-grass-ecoway\/","title":{"rendered":"Camino ecol\u00f3gico"},"content":{"rendered":"<h3>Caracter\u00edsticas clave:<\/h3>\n<ol>\n<li>Calidad premium a un precio asequible<\/li>\n<li>Resistencia mejorada con fibras principales en forma de W y paja densa<\/li>\n<li>Apariencia de aspecto natural<\/li>\n<\/ol>\n<p>Transforma tus jardines o zonas de juego con nuestro excepcional c\u00e9sped artificial EcoWay. Dise\u00f1ado para darle vida a su espacio al aire libre, su apariencia realista y sus tonos de color naturales seguramente lo impresionar\u00e1n. Dise\u00f1ado meticulosamente, EcoWay est\u00e1 dise\u00f1ado para resistir diversas condiciones clim\u00e1ticas, lo que garantiza la belleza de su c\u00e9sped durante todo el a\u00f1o.<\/p>\n<p>EcoWay destaca por su uso innovador de fibras en forma de W como componente principal del c\u00e9sped. A diferencia de otras formas de hilo, la hoja en forma de W mantiene su resiliencia con el tiempo, lo que reduce el aplanamiento y el desgaste. Adem\u00e1s, el dise\u00f1o \u00fanico de la hoja en forma de W difunde la luz, creando una apariencia m\u00e1s aut\u00e9ntica y menos brillante. Esto tambi\u00e9n ayuda en la dispersi\u00f3n del calor, lo que hace que EcoWay sea m\u00e1s fresco que otras opciones de c\u00e9sped artificial cuando se expone a la luz solar directa y prolongada.<\/p>\n\n\t<section class=\"section\" id=\"section_1750940384\">\n\t\t<div class=\"section-bg fill\" >\n\t\t\t\t\t\t\t\t\t\n\t\t\t\n\n\t\t<\/div>\n\n\t\t\n\n\t\t<div class=\"section-content relative\">\n\t\t\t\n\n<div class=\"row\"  id=\"row-1914007647\">\n\n\n\t<div id=\"col-772299867\" class=\"col small-12 large-12\"  >\n\t\t\t\t<div class=\"col-inner text-center\"  >\n\t\t\t\n\t\t\t\n\n<h2>preguntas frecuentes<\/h2>\n\n\t\t<\/div>\n\t\t\t\t\t<\/div>\n\n\t\n\n<\/div>\n<div class=\"row align-center row-box-shadow-1\"  id=\"row-1565353435\">\n\n\n\t<div id=\"col-648568768\" class=\"col medium-10 small-12 large-9\"  >\n\t\t\t\t<div class=\"col-inner\" style=\"background-color:rgb(255,255,255);\" >\n\t\t\t\n\t\t\t\n\n<div class=\"accordion\">\n\n\t<div id=\"accordion-1506242197\" class=\"accordion-item\">\n\t\t<a id=\"accordion-1506242197-label\" class=\"accordion-title plain\" href=\"#accordion-item-can-you-customize-specifications-for-your-artificial-turf-products?\" aria-expanded=\"false\" aria-controls=\"accordion-1506242197-content\">\n\t\t\t<button class=\"toggle\" aria-label=\"Palanca\"><i class=\"icon-angle-down\" aria-hidden=\"true\"><\/i><\/button>\n\t\t\t<span>\u00bfPuede personalizar las especificaciones de sus productos de c\u00e9sped artificial?<\/span>\n\t\t<\/a>\n\t\t<div id=\"accordion-1506242197-content\" class=\"accordion-inner\" aria-labelledby=\"accordion-1506242197-label\">\n\t\t\t\n\n<p>S\u00ed, ofrecemos opciones de personalizaci\u00f3n para el color, la forma del hilo, la altura del pelo, la densidad y el respaldo. Tambi\u00e9n podemos producir de acuerdo con una muestra proporcionada.<\/p>\n\n\t\t<\/div>\n\t<\/div>\n\t\n\t<div id=\"accordion-2079630491\" class=\"accordion-item\">\n\t\t<a id=\"accordion-2079630491-label\" class=\"accordion-title plain\" href=\"#accordion-item-do-you-have-stock?\" aria-expanded=\"false\" aria-controls=\"accordion-2079630491-content\">\n\t\t\t<button class=\"toggle\" aria-label=\"Palanca\"><i class=\"icon-angle-down\" aria-hidden=\"true\"><\/i><\/button>\n\t\t\t<span>\u00bfTiene existencias?<\/span>\n\t\t<\/a>\n\t\t<div id=\"accordion-2079630491-content\" class=\"accordion-inner\" aria-labelledby=\"accordion-2079630491-label\">\n\t\t\t\n\n<p>No, no mantenemos stock. Comenzamos la producci\u00f3n en base a pedidos espec\u00edficos.<\/p>\n\n\t\t<\/div>\n\t<\/div>\n\t\n\t<div id=\"accordion-3269426322\" class=\"accordion-item\">\n\t\t<a id=\"accordion-3269426322-label\" class=\"accordion-title plain\" href=\"#accordion-item-what-is-your-moq?\" aria-expanded=\"false\" aria-controls=\"accordion-3269426322-content\">\n\t\t\t<button class=\"toggle\" aria-label=\"Palanca\"><i class=\"icon-angle-down\" aria-hidden=\"true\"><\/i><\/button>\n\t\t\t<span>\u00bfCu\u00e1l es su MOQ?<\/span>\n\t\t<\/a>\n\t\t<div id=\"accordion-3269426322-content\" class=\"accordion-inner\" aria-labelledby=\"accordion-3269426322-label\">\n\t\t\t\n\n<p>Para la mayor\u00eda de los c\u00e9spedes artificiales, nuestra cantidad m\u00ednima de pedido (MOQ) es de 500 metros cuadrados. Para algunos productos de peso ligero, el pedido m\u00ednimo es de 800 metros cuadrados.<\/p>\n\n\t\t<\/div>\n\t<\/div>\n\t\n\t<div id=\"accordion-4047381680\" class=\"accordion-item\">\n\t\t<a id=\"accordion-4047381680-label\" class=\"accordion-title plain\" href=\"#accordion-item-what-are-the-width-and-length-options-for-artificial-grass?\" aria-expanded=\"false\" aria-controls=\"accordion-4047381680-content\">\n\t\t\t<button class=\"toggle\" aria-label=\"Palanca\"><i class=\"icon-angle-down\" aria-hidden=\"true\"><\/i><\/button>\n\t\t\t<span>\u00bfCu\u00e1les son las opciones de ancho y largo para el c\u00e9sped artificial?<\/span>\n\t\t<\/a>\n\t\t<div id=\"accordion-4047381680-content\" class=\"accordion-inner\" aria-labelledby=\"accordion-4047381680-label\">\n\t\t\t\n\n<p>Nuestras opciones de ancho comunes son 2 m, 3,75 m, 3,95 m, 4 m y 5 m. La longitud se puede personalizar de acuerdo con los requisitos espec\u00edficos de su proyecto. Por defecto, mezclamos c\u00e9sped de 4 m de ancho y 2 m de ancho para optimizar el espacio del contenedor.<\/p>\n\n\t\t<\/div>\n\t<\/div>\n\t\n\t<div id=\"accordion-424854883\" class=\"accordion-item\">\n\t\t<a id=\"accordion-424854883-label\" class=\"accordion-title plain\" href=\"#accordion-item-what-information-do-you-need-to-provide-the-landed-cost-for-international-customers?\" aria-expanded=\"false\" aria-controls=\"accordion-424854883-content\">\n\t\t\t<button class=\"toggle\" aria-label=\"Palanca\"><i class=\"icon-angle-down\" aria-hidden=\"true\"><\/i><\/button>\n\t\t\t<span>\u00bfQu\u00e9 informaci\u00f3n necesita para proporcionar el costo de entrega para clientes internacionales?<\/span>\n\t\t<\/a>\n\t\t<div id=\"accordion-424854883-content\" class=\"accordion-inner\" aria-labelledby=\"accordion-424854883-label\">\n\t\t\t\n\n<p>Para proporcionar el costo de desembarque, requerimos informaci\u00f3n sobre los detalles del producto, la cantidad y el puerto mar\u00edtimo de destino.<\/p>\n\n\t\t<\/div>\n\t<\/div>\n\t\n\n<\/div>\n\n\t\t<\/div>\n\t\t\t\t\t<\/div>\n\n\t\n\n\n<style>\n#row-1565353435 > .col > .col-inner {\n  padding: 0px 0px 0px 0px;\n}\n@media (min-width:550px) {\n  #row-1565353435 > .col > .col-inner {\n    padding: 30px 30px 30px 30px;\n  }\n}\n<\/style>\n<\/div>\n\n\t\t<\/div>\n\n\t\t\n<style>\n#section_1750940384 {\n  padding-top: 60px;\n  padding-bottom: 60px;\n}\n<\/style>\n\t<\/section>\n\t\n<div class=\"row align-center\"  id=\"row-315454488\">\n\n\n\t<div id=\"col-180169840\" class=\"col medium-4 large-4\"  >\n\t\t\t\t<div class=\"col-inner\"  >\n\t\t\t\n\t<div class=\"is-border\"\n\t\tstyle=\"border-width:0px 0px 0px 0px;\">\n\t<\/div>\n\t\t\t\n\n\n\t\t<div class=\"icon-box featured-box icon-box-center text-center\"  style=\"margin:0px 0px 0px 0px;\">\n\t\t\t\t\t<div class=\"icon-box-img has-icon-bg\" style=\"width: 100px\">\n\t\t\t\t<div class=\"icon\">\n\t\t\t\t\t<div class=\"icon-inner\" style=\"border-width:2px;color:rgba(47, 159, 18, 0.88);\">\n\t\t\t\t\t\t<img loading=\"lazy\" decoding=\"async\" width=\"100\" height=\"100\" src=\"https:\/\/arturf.com\/wp-content\/uploads\/2018\/06\/Icon-Good-quality.png\" class=\"attachment-medium size-medium\" alt=\"\" srcset=\"https:\/\/arturf.com\/wp-content\/uploads\/2018\/06\/Icon-Good-quality.png 100w, https:\/\/arturf.com\/wp-content\/uploads\/2018\/06\/Icon-Good-quality-12x12.png 12w\" sizes=\"auto, (max-width: 100px) 100vw, 100px\" \/>\t\t\t\t\t<\/div>\n\t\t\t\t<\/div>\n\t\t\t<\/div>\n\t\t\t\t<div class=\"icon-box-text last-reset\">\n\t\t\t<h5 class=\"uppercase\">Calidad comprobada<\/h5>\t\t\t\t\t\t\n\n<p>C\u00e9sped artificial premium con resistencia a los rayos UV y al desgaste. Las s\u00f3lidas garant\u00edas aseguran una satisfacci\u00f3n duradera.<\/p>\n\n\t\t<\/div>\n\t<\/div>\n\t\n\t\n\n\t\t<\/div>\n\t\t\t\t\t<\/div>\n\n\t\n\n\t<div id=\"col-142784156\" class=\"col medium-4 large-4\"  >\n\t\t\t\t<div class=\"col-inner\"  >\n\t\t\t\n\t<div class=\"is-border\"\n\t\tstyle=\"border-width:0px 0px 0px 0px;\">\n\t<\/div>\n\t\t\t\n\n\n\t\t<div class=\"icon-box featured-box icon-box-center text-center\"  style=\"margin:0px 0px 0px 0px;\">\n\t\t\t\t\t<div class=\"icon-box-img has-icon-bg\" style=\"width: 100px\">\n\t\t\t\t<div class=\"icon\">\n\t\t\t\t\t<div class=\"icon-inner\" style=\"border-width:2px;color:rgba(47, 159, 18, 0.88);\">\n\t\t\t\t\t\t<img loading=\"lazy\" decoding=\"async\" width=\"100\" height=\"100\" src=\"https:\/\/arturf.com\/wp-content\/uploads\/2018\/06\/Icon-Good-price.png\" class=\"attachment-medium size-medium\" alt=\"\" srcset=\"https:\/\/arturf.com\/wp-content\/uploads\/2018\/06\/Icon-Good-price.png 100w, https:\/\/arturf.com\/wp-content\/uploads\/2018\/06\/Icon-Good-price-12x12.png 12w\" sizes=\"auto, (max-width: 100px) 100vw, 100px\" \/>\t\t\t\t\t<\/div>\n\t\t\t\t<\/div>\n\t\t\t<\/div>\n\t\t\t\t<div class=\"icon-box-text last-reset\">\n\t\t\t<h5 class=\"uppercase\">Precio competitivo<\/h5>\t\t\t\t\t\t\n\n<p>Ofrecemos precios competitivos, fomentando el crecimiento mutuo y el \u00e9xito a largo plazo con nuestros estimados distribuidores.<\/p>\n\n\t\t<\/div>\n\t<\/div>\n\t\n\t\n\n\t\t<\/div>\n\t\t\t\t\t<\/div>\n\n\t\n\n\t<div id=\"col-2059244508\" class=\"col medium-4 large-4\"  >\n\t\t\t\t<div class=\"col-inner\"  >\n\t\t\t\n\t<div class=\"is-border\"\n\t\tstyle=\"border-width:0px 0px 0px 0px;\">\n\t<\/div>\n\t\t\t\n\n\n\t\t<div class=\"icon-box featured-box icon-box-center text-center\"  style=\"margin:0px 0px 0px 0px;\">\n\t\t\t\t\t<div class=\"icon-box-img has-icon-bg\" style=\"width: 100px\">\n\t\t\t\t<div class=\"icon\">\n\t\t\t\t\t<div class=\"icon-inner\" style=\"border-width:2px;color:rgba(47, 159, 18, 0.88);\">\n\t\t\t\t\t\t<img loading=\"lazy\" decoding=\"async\" width=\"100\" height=\"100\" src=\"https:\/\/arturf.com\/wp-content\/uploads\/2018\/06\/Icon-tailor-made.png\" class=\"attachment-medium size-medium\" alt=\"\" srcset=\"https:\/\/arturf.com\/wp-content\/uploads\/2018\/06\/Icon-tailor-made.png 100w, https:\/\/arturf.com\/wp-content\/uploads\/2018\/06\/Icon-tailor-made-12x12.png 12w\" sizes=\"auto, (max-width: 100px) 100vw, 100px\" \/>\t\t\t\t\t<\/div>\n\t\t\t\t<\/div>\n\t\t\t<\/div>\n\t\t\t\t<div class=\"icon-box-text last-reset\">\n\t\t\t<h5 class=\"uppercase\">Soluciones personalizadas<\/h5>\t\t\t\t\t\t\n\n<p>Libere el potencial del mercado con diversas opciones de c\u00e9sped artificial. <a href=\"https:\/\/arturf.com\/es\/buyers-guide\/customized-artificial-grass-products\/\">Adaptado a necesidades o muestras \u00fanicas<\/a>.<\/p>\n\n\t\t<\/div>\n\t<\/div>\n\t\n\t\n\n\t\t<\/div>\n\t\t\t\t\t<\/div>\n\n\t\n\n<\/div>","protected":false},"excerpt":{"rendered":"<p>Experimente la transformaci\u00f3n definitiva para sus jardines o zonas de juego con el c\u00e9sped artificial EcoWay. Elaborado con precisi\u00f3n, este c\u00e9sped de alta calidad cuenta con una apariencia natural y tonos de color realistas, lo que le da nueva vida a su espacio al aire libre.<\/p>","protected":false},"featured_media":19240,"template":"","meta":{"_seopress_robots_primary_cat":"","_seopress_titles_title":"EcoWay - Cost-effective Artificial Lawn for Garden And Play Areas","_seopress_titles_desc":"","_seopress_robots_index":""},"product_brand":[],"product_cat":[64],"product_tag":[],"class_list":{"0":"post-7422","1":"product","2":"type-product","3":"status-publish","4":"has-post-thumbnail","6":"product_cat-landscape","8":"first","9":"instock","10":"shipping-taxable","11":"product-type-simple"},"_links":{"self":[{"href":"https:\/\/arturf.com\/es\/wp-json\/wp\/v2\/product\/7422","targetHints":{"allow":["GET"]}}],"collection":[{"href":"https:\/\/arturf.com\/es\/wp-json\/wp\/v2\/product"}],"about":[{"href":"https:\/\/arturf.com\/es\/wp-json\/wp\/v2\/types\/product"}],"wp:featuredmedia":[{"embeddable":true,"href":"https:\/\/arturf.com\/es\/wp-json\/wp\/v2\/media\/19240"}],"wp:attachment":[{"href":"https:\/\/arturf.com\/es\/wp-json\/wp\/v2\/media?parent=7422"}],"wp:term":[{"taxonomy":"product_brand","embeddable":true,"href":"https:\/\/arturf.com\/es\/wp-json\/wp\/v2\/product_brand?post=7422"},{"taxonomy":"product_cat","embeddable":true,"href":"https:\/\/arturf.com\/es\/wp-json\/wp\/v2\/product_cat?post=7422"},{"taxonomy":"product_tag","embeddable":true,"href":"https:\/\/arturf.com\/es\/wp-json\/wp\/v2\/product_tag?post=7422"}],"curies":[{"name":"gracias","href":"https:\/\/api.w.org\/{rel}","templated":true}]}}