{"id":7430,"date":"2018-12-20T03:27:57","date_gmt":"2018-12-20T03:27:57","guid":{"rendered":"https:\/\/arturf.com\/?post_type=product&#038;p=7430"},"modified":"2023-07-14T20:17:09","modified_gmt":"2023-07-14T12:17:09","slug":"artificial-grass-mixx","status":"publish","type":"product","link":"https:\/\/arturf.com\/es\/product\/artificial-grass-mixx\/","title":{"rendered":"Mixx"},"content":{"rendered":"<p>Mixx es un producto excepcional de c\u00e9sped artificial creado espec\u00edficamente para jardines lujosos y \u00e1reas de juego. Su hilo y colores \u00fanicos de formas mixtas brindan una apariencia incre\u00edblemente realista, mientras que el hilo fuerte garantiza una durabilidad y resistencia al desgaste excepcionales.<\/p>\n<p>Este producto de gama alta ofrece una excelente durabilidad, un aspecto notablemente natural y una excelente resistencia a los rayos UV. Adecuado para jardines y parques infantiles de lujo, Mixx garantiza una vida \u00fatil de m\u00e1s de 8 a\u00f1os.<\/p>\n<h3>Caracter\u00edsticas clave:<\/h3>\n<ol>\n<li>Colores \u00fanicos con varios colores mezclados para una est\u00e9tica natural.<\/li>\n<li>Fibras en forma de W para el c\u00e9sped principal, que proporcionan una durabilidad excepcional con un alto Dtex<\/li>\n<li>Un producto de lujo, con el \u00fanico inconveniente de ser un costo m\u00e1s alto, pero a\u00fan asequible a nuestro precio directo de f\u00e1brica.<\/li>\n<\/ol>\n<p><img alt=\"\" loading=\"lazy\" decoding=\"async\" class=\"wp-image-14334 size-full alignnone\" src=\"https:\/\/arturf.com\/wp-content\/uploads\/2021\/04\/Top-quality-artificial-grass-Mixx-3-Details.jpg\" width=\"800\" height=\"533\" srcset=\"https:\/\/arturf.com\/wp-content\/uploads\/2021\/04\/Top-quality-artificial-grass-Mixx-3-Details.jpg 800w, https:\/\/arturf.com\/wp-content\/uploads\/2021\/04\/Top-quality-artificial-grass-Mixx-3-Details-300x200.jpg 300w, https:\/\/arturf.com\/wp-content\/uploads\/2021\/04\/Top-quality-artificial-grass-Mixx-3-Details-768x512.jpg 768w, https:\/\/arturf.com\/wp-content\/uploads\/2021\/04\/Top-quality-artificial-grass-Mixx-3-Details-18x12.jpg 18w, https:\/\/arturf.com\/wp-content\/uploads\/2021\/04\/Top-quality-artificial-grass-Mixx-3-Details-510x340.jpg 510w\" sizes=\"auto, (max-width: 800px) 100vw, 800px\" \/><\/p>\n<p><img alt=\"\" loading=\"lazy\" decoding=\"async\" class=\"wp-image-14335 size-full alignnone\" src=\"https:\/\/arturf.com\/wp-content\/uploads\/2021\/04\/Top-quality-artificial-grass-Mixx-4-Details.jpg\" width=\"800\" height=\"533\" srcset=\"https:\/\/arturf.com\/wp-content\/uploads\/2021\/04\/Top-quality-artificial-grass-Mixx-4-Details.jpg 800w, https:\/\/arturf.com\/wp-content\/uploads\/2021\/04\/Top-quality-artificial-grass-Mixx-4-Details-300x200.jpg 300w, https:\/\/arturf.com\/wp-content\/uploads\/2021\/04\/Top-quality-artificial-grass-Mixx-4-Details-768x512.jpg 768w, https:\/\/arturf.com\/wp-content\/uploads\/2021\/04\/Top-quality-artificial-grass-Mixx-4-Details-18x12.jpg 18w, https:\/\/arturf.com\/wp-content\/uploads\/2021\/04\/Top-quality-artificial-grass-Mixx-4-Details-510x340.jpg 510w\" sizes=\"auto, (max-width: 800px) 100vw, 800px\" \/><\/p>\n\n\t<section class=\"section\" id=\"section_1779070911\">\n\t\t<div class=\"section-bg fill\" >\n\t\t\t\t\t\t\t\t\t\n\t\t\t\n\n\t\t<\/div>\n\n\t\t\n\n\t\t<div class=\"section-content relative\">\n\t\t\t\n\n<div class=\"row\"  id=\"row-822344910\">\n\n\n\t<div id=\"col-654395304\" class=\"col small-12 large-12\"  >\n\t\t\t\t<div class=\"col-inner text-center\"  >\n\t\t\t\n\t\t\t\n\n<h2>preguntas frecuentes<\/h2>\n\n\t\t<\/div>\n\t\t\t\t\t<\/div>\n\n\t\n\n<\/div>\n<div class=\"row align-center row-box-shadow-1\"  id=\"row-1692476320\">\n\n\n\t<div id=\"col-715599062\" class=\"col medium-10 small-12 large-9\"  >\n\t\t\t\t<div class=\"col-inner\" style=\"background-color:rgb(255,255,255);\" >\n\t\t\t\n\t\t\t\n\n<div class=\"accordion\">\n\n\t<div id=\"accordion-2696694779\" class=\"accordion-item\">\n\t\t<a id=\"accordion-2696694779-label\" class=\"accordion-title plain\" href=\"#accordion-item-can-you-customize-specifications-for-your-artificial-turf-products?\" aria-expanded=\"false\" aria-controls=\"accordion-2696694779-content\">\n\t\t\t<button class=\"toggle\" aria-label=\"Palanca\"><i class=\"icon-angle-down\" aria-hidden=\"true\"><\/i><\/button>\n\t\t\t<span>\u00bfPuede personalizar las especificaciones de sus productos de c\u00e9sped artificial?<\/span>\n\t\t<\/a>\n\t\t<div id=\"accordion-2696694779-content\" class=\"accordion-inner\" aria-labelledby=\"accordion-2696694779-label\">\n\t\t\t\n\n<p>S\u00ed, ofrecemos opciones de personalizaci\u00f3n para el color, la forma del hilo, la altura del pelo, la densidad y el respaldo. Tambi\u00e9n podemos producir de acuerdo con una muestra proporcionada.<\/p>\n\n\t\t<\/div>\n\t<\/div>\n\t\n\t<div id=\"accordion-1379118961\" class=\"accordion-item\">\n\t\t<a id=\"accordion-1379118961-label\" class=\"accordion-title plain\" href=\"#accordion-item-do-you-have-stock?\" aria-expanded=\"false\" aria-controls=\"accordion-1379118961-content\">\n\t\t\t<button class=\"toggle\" aria-label=\"Palanca\"><i class=\"icon-angle-down\" aria-hidden=\"true\"><\/i><\/button>\n\t\t\t<span>\u00bfTiene existencias?<\/span>\n\t\t<\/a>\n\t\t<div id=\"accordion-1379118961-content\" class=\"accordion-inner\" aria-labelledby=\"accordion-1379118961-label\">\n\t\t\t\n\n<p>No, no mantenemos stock. Comenzamos la producci\u00f3n en base a pedidos espec\u00edficos.<\/p>\n\n\t\t<\/div>\n\t<\/div>\n\t\n\t<div id=\"accordion-1706146119\" class=\"accordion-item\">\n\t\t<a id=\"accordion-1706146119-label\" class=\"accordion-title plain\" href=\"#accordion-item-what-is-your-moq?\" aria-expanded=\"false\" aria-controls=\"accordion-1706146119-content\">\n\t\t\t<button class=\"toggle\" aria-label=\"Palanca\"><i class=\"icon-angle-down\" aria-hidden=\"true\"><\/i><\/button>\n\t\t\t<span>\u00bfCu\u00e1l es su MOQ?<\/span>\n\t\t<\/a>\n\t\t<div id=\"accordion-1706146119-content\" class=\"accordion-inner\" aria-labelledby=\"accordion-1706146119-label\">\n\t\t\t\n\n<p>Para la mayor\u00eda de los c\u00e9spedes artificiales, nuestra cantidad m\u00ednima de pedido (MOQ) es de 500 metros cuadrados. Para algunos productos de peso ligero, el pedido m\u00ednimo es de 800 metros cuadrados.<\/p>\n\n\t\t<\/div>\n\t<\/div>\n\t\n\t<div id=\"accordion-1194209156\" class=\"accordion-item\">\n\t\t<a id=\"accordion-1194209156-label\" class=\"accordion-title plain\" href=\"#accordion-item-what-are-the-width-and-length-options-for-artificial-grass?\" aria-expanded=\"false\" aria-controls=\"accordion-1194209156-content\">\n\t\t\t<button class=\"toggle\" aria-label=\"Palanca\"><i class=\"icon-angle-down\" aria-hidden=\"true\"><\/i><\/button>\n\t\t\t<span>\u00bfCu\u00e1les son las opciones de ancho y largo para el c\u00e9sped artificial?<\/span>\n\t\t<\/a>\n\t\t<div id=\"accordion-1194209156-content\" class=\"accordion-inner\" aria-labelledby=\"accordion-1194209156-label\">\n\t\t\t\n\n<p>Nuestras opciones de ancho comunes son 2 m, 3,75 m, 3,95 m, 4 m y 5 m. La longitud se puede personalizar de acuerdo con los requisitos espec\u00edficos de su proyecto. Por defecto, mezclamos c\u00e9sped de 4 m de ancho y 2 m de ancho para optimizar el espacio del contenedor.<\/p>\n\n\t\t<\/div>\n\t<\/div>\n\t\n\t<div id=\"accordion-2250742287\" class=\"accordion-item\">\n\t\t<a id=\"accordion-2250742287-label\" class=\"accordion-title plain\" href=\"#accordion-item-what-information-do-you-need-to-provide-the-landed-cost-for-international-customers?\" aria-expanded=\"false\" aria-controls=\"accordion-2250742287-content\">\n\t\t\t<button class=\"toggle\" aria-label=\"Palanca\"><i class=\"icon-angle-down\" aria-hidden=\"true\"><\/i><\/button>\n\t\t\t<span>\u00bfQu\u00e9 informaci\u00f3n necesita para proporcionar el costo de entrega para clientes internacionales?<\/span>\n\t\t<\/a>\n\t\t<div id=\"accordion-2250742287-content\" class=\"accordion-inner\" aria-labelledby=\"accordion-2250742287-label\">\n\t\t\t\n\n<p>Para proporcionar el costo de desembarque, requerimos informaci\u00f3n sobre los detalles del producto, la cantidad y el puerto mar\u00edtimo de destino.<\/p>\n\n\t\t<\/div>\n\t<\/div>\n\t\n\n<\/div>\n\n\t\t<\/div>\n\t\t\t\t\t<\/div>\n\n\t\n\n\n<style>\n#row-1692476320 > .col > .col-inner {\n  padding: 0px 0px 0px 0px;\n}\n@media (min-width:550px) {\n  #row-1692476320 > .col > .col-inner {\n    padding: 30px 30px 30px 30px;\n  }\n}\n<\/style>\n<\/div>\n\n\t\t<\/div>\n\n\t\t\n<style>\n#section_1779070911 {\n  padding-top: 60px;\n  padding-bottom: 60px;\n}\n<\/style>\n\t<\/section>\n\t\n<div class=\"row align-center\"  id=\"row-545027839\">\n\n\n\t<div id=\"col-387017263\" class=\"col medium-4 large-4\"  >\n\t\t\t\t<div class=\"col-inner\"  >\n\t\t\t\n\t<div class=\"is-border\"\n\t\tstyle=\"border-width:0px 0px 0px 0px;\">\n\t<\/div>\n\t\t\t\n\n\n\t\t<div class=\"icon-box featured-box icon-box-center text-center\"  style=\"margin:0px 0px 0px 0px;\">\n\t\t\t\t\t<div class=\"icon-box-img has-icon-bg\" style=\"width: 100px\">\n\t\t\t\t<div class=\"icon\">\n\t\t\t\t\t<div class=\"icon-inner\" style=\"border-width:2px;color:rgba(47, 159, 18, 0.88);\">\n\t\t\t\t\t\t<img loading=\"lazy\" decoding=\"async\" width=\"100\" height=\"100\" src=\"https:\/\/arturf.com\/wp-content\/uploads\/2018\/06\/Icon-Good-quality.png\" class=\"attachment-medium size-medium\" alt=\"\" srcset=\"https:\/\/arturf.com\/wp-content\/uploads\/2018\/06\/Icon-Good-quality.png 100w, https:\/\/arturf.com\/wp-content\/uploads\/2018\/06\/Icon-Good-quality-12x12.png 12w\" sizes=\"auto, (max-width: 100px) 100vw, 100px\" \/>\t\t\t\t\t<\/div>\n\t\t\t\t<\/div>\n\t\t\t<\/div>\n\t\t\t\t<div class=\"icon-box-text last-reset\">\n\t\t\t<h5 class=\"uppercase\">Calidad comprobada<\/h5>\t\t\t\t\t\t\n\n<p>C\u00e9sped artificial premium con resistencia a los rayos UV y al desgaste. Las s\u00f3lidas garant\u00edas aseguran una satisfacci\u00f3n duradera.<\/p>\n\n\t\t<\/div>\n\t<\/div>\n\t\n\t\n\n\t\t<\/div>\n\t\t\t\t\t<\/div>\n\n\t\n\n\t<div id=\"col-940997947\" class=\"col medium-4 large-4\"  >\n\t\t\t\t<div class=\"col-inner\"  >\n\t\t\t\n\t<div class=\"is-border\"\n\t\tstyle=\"border-width:0px 0px 0px 0px;\">\n\t<\/div>\n\t\t\t\n\n\n\t\t<div class=\"icon-box featured-box icon-box-center text-center\"  style=\"margin:0px 0px 0px 0px;\">\n\t\t\t\t\t<div class=\"icon-box-img has-icon-bg\" style=\"width: 100px\">\n\t\t\t\t<div class=\"icon\">\n\t\t\t\t\t<div class=\"icon-inner\" style=\"border-width:2px;color:rgba(47, 159, 18, 0.88);\">\n\t\t\t\t\t\t<img loading=\"lazy\" decoding=\"async\" width=\"100\" height=\"100\" src=\"https:\/\/arturf.com\/wp-content\/uploads\/2018\/06\/Icon-Good-price.png\" class=\"attachment-medium size-medium\" alt=\"\" srcset=\"https:\/\/arturf.com\/wp-content\/uploads\/2018\/06\/Icon-Good-price.png 100w, https:\/\/arturf.com\/wp-content\/uploads\/2018\/06\/Icon-Good-price-12x12.png 12w\" sizes=\"auto, (max-width: 100px) 100vw, 100px\" \/>\t\t\t\t\t<\/div>\n\t\t\t\t<\/div>\n\t\t\t<\/div>\n\t\t\t\t<div class=\"icon-box-text last-reset\">\n\t\t\t<h5 class=\"uppercase\">Precio competitivo<\/h5>\t\t\t\t\t\t\n\n<p>Ofrecemos precios competitivos, fomentando el crecimiento mutuo y el \u00e9xito a largo plazo con nuestros estimados distribuidores.<\/p>\n\n\t\t<\/div>\n\t<\/div>\n\t\n\t\n\n\t\t<\/div>\n\t\t\t\t\t<\/div>\n\n\t\n\n\t<div id=\"col-94699983\" class=\"col medium-4 large-4\"  >\n\t\t\t\t<div class=\"col-inner\"  >\n\t\t\t\n\t<div class=\"is-border\"\n\t\tstyle=\"border-width:0px 0px 0px 0px;\">\n\t<\/div>\n\t\t\t\n\n\n\t\t<div class=\"icon-box featured-box icon-box-center text-center\"  style=\"margin:0px 0px 0px 0px;\">\n\t\t\t\t\t<div class=\"icon-box-img has-icon-bg\" style=\"width: 100px\">\n\t\t\t\t<div class=\"icon\">\n\t\t\t\t\t<div class=\"icon-inner\" style=\"border-width:2px;color:rgba(47, 159, 18, 0.88);\">\n\t\t\t\t\t\t<img loading=\"lazy\" decoding=\"async\" width=\"100\" height=\"100\" src=\"https:\/\/arturf.com\/wp-content\/uploads\/2018\/06\/Icon-tailor-made.png\" class=\"attachment-medium size-medium\" alt=\"\" srcset=\"https:\/\/arturf.com\/wp-content\/uploads\/2018\/06\/Icon-tailor-made.png 100w, https:\/\/arturf.com\/wp-content\/uploads\/2018\/06\/Icon-tailor-made-12x12.png 12w\" sizes=\"auto, (max-width: 100px) 100vw, 100px\" \/>\t\t\t\t\t<\/div>\n\t\t\t\t<\/div>\n\t\t\t<\/div>\n\t\t\t\t<div class=\"icon-box-text last-reset\">\n\t\t\t<h5 class=\"uppercase\">Soluciones personalizadas<\/h5>\t\t\t\t\t\t\n\n<p>Libere el potencial del mercado con diversas opciones de c\u00e9sped artificial. <a href=\"https:\/\/arturf.com\/es\/buyers-guide\/customized-artificial-grass-products\/\">Adaptado a necesidades o muestras \u00fanicas<\/a>.<\/p>\n\n\t\t<\/div>\n\t<\/div>\n\t\n\t\n\n\t\t<\/div>\n\t\t\t\t\t<\/div>\n\n\t\n\n<\/div>","protected":false},"excerpt":{"rendered":"<p>Experimente el lujo y la belleza realista con Mixx, nuestro c\u00e9sped artificial excepcional dise\u00f1ado para jardines y \u00e1reas de juego lujosos. Sus formas y colores mixtos \u00fanicos crean una est\u00e9tica natural, mientras que las fuertes fibras de alto Dtex garantizan una durabilidad excepcional.<\/p>","protected":false},"featured_media":14333,"template":"","meta":{"_seopress_robots_primary_cat":"","_seopress_titles_title":"","_seopress_titles_desc":"","_seopress_robots_index":""},"product_brand":[],"product_cat":[64],"product_tag":[],"class_list":{"0":"post-7430","1":"product","2":"type-product","3":"status-publish","4":"has-post-thumbnail","6":"product_cat-landscape","8":"first","9":"instock","10":"shipping-taxable","11":"product-type-simple"},"_links":{"self":[{"href":"https:\/\/arturf.com\/es\/wp-json\/wp\/v2\/product\/7430","targetHints":{"allow":["GET"]}}],"collection":[{"href":"https:\/\/arturf.com\/es\/wp-json\/wp\/v2\/product"}],"about":[{"href":"https:\/\/arturf.com\/es\/wp-json\/wp\/v2\/types\/product"}],"wp:featuredmedia":[{"embeddable":true,"href":"https:\/\/arturf.com\/es\/wp-json\/wp\/v2\/media\/14333"}],"wp:attachment":[{"href":"https:\/\/arturf.com\/es\/wp-json\/wp\/v2\/media?parent=7430"}],"wp:term":[{"taxonomy":"product_brand","embeddable":true,"href":"https:\/\/arturf.com\/es\/wp-json\/wp\/v2\/product_brand?post=7430"},{"taxonomy":"product_cat","embeddable":true,"href":"https:\/\/arturf.com\/es\/wp-json\/wp\/v2\/product_cat?post=7430"},{"taxonomy":"product_tag","embeddable":true,"href":"https:\/\/arturf.com\/es\/wp-json\/wp\/v2\/product_tag?post=7430"}],"curies":[{"name":"gracias","href":"https:\/\/api.w.org\/{rel}","templated":true}]}}