{"id":7820,"date":"2019-01-14T02:16:13","date_gmt":"2019-01-14T02:16:13","guid":{"rendered":"https:\/\/arturf.com\/?post_type=product&#038;p=7820"},"modified":"2022-07-02T21:43:47","modified_gmt":"2022-07-02T13:43:47","slug":"self-adhesive-seam-tape","status":"publish","type":"product","link":"https:\/\/arturf.com\/es\/product\/self-adhesive-seam-tape\/","title":{"rendered":"Cinta de costura autoadhesiva"},"content":{"rendered":"<p>EasyTape es una cinta autoadhesiva sensible a la presi\u00f3n dise\u00f1ada para \u00e1reas de ocio. Con el adhesivo y la cinta ya combinados, esta es la opci\u00f3n de costura m\u00e1s f\u00e1cil y r\u00e1pida.<\/p>\n\t<div class=\"img has-hover x md-x lg-x y md-y lg-y\" id=\"image_293685779\">\n\t\t\t\t\t\t\t\t<div class=\"img-inner dark\" >\n\t\t\t<img loading=\"lazy\" decoding=\"async\" width=\"1000\" height=\"574\" src=\"https:\/\/arturf.com\/wp-content\/uploads\/2019\/12\/ARTURF-self-adhesive-seam-tape-easy-install.jpg\" class=\"attachment-large size-large\" alt=\"\" srcset=\"https:\/\/arturf.com\/wp-content\/uploads\/2019\/12\/ARTURF-self-adhesive-seam-tape-easy-install.jpg 1000w, https:\/\/arturf.com\/wp-content\/uploads\/2019\/12\/ARTURF-self-adhesive-seam-tape-easy-install-300x172.jpg 300w, https:\/\/arturf.com\/wp-content\/uploads\/2019\/12\/ARTURF-self-adhesive-seam-tape-easy-install-768x441.jpg 768w, https:\/\/arturf.com\/wp-content\/uploads\/2019\/12\/ARTURF-self-adhesive-seam-tape-easy-install-18x10.jpg 18w, https:\/\/arturf.com\/wp-content\/uploads\/2019\/12\/ARTURF-self-adhesive-seam-tape-easy-install-510x293.jpg 510w\" sizes=\"auto, (max-width: 1000px) 100vw, 1000px\" \/>\t\t\t\t\t\t\n\t\t\t\t\t<\/div>\n\t\t\t\t\t\t\t\t\n<style>\n#image_293685779 {\n  width: 80%;\n}\n<\/style>\n\t<\/div>\n\t\n<h4><strong>M\u00e9todos de aplicaci\u00f3n<\/strong><\/h4>\n<ul>\n<li style=\"list-style-type: none;\">\n<ul>\n<li class=\"bullet-checkmark bullet-arrow\">Extienda el c\u00e9sped artificial en tiras paralelas de modo que los bordes se toquen.<\/li>\n<li class=\"bullet-checkmark bullet-arrow\">Doble los bordes hacia atr\u00e1s e instale la cinta entre los rollos donde se doblar\u00e1 la costura, con el lado adhesivo hacia arriba.<\/li>\n<li class=\"bullet-checkmark bullet-arrow\">Doble los bordes hacia atr\u00e1s sobre la cinta. Aseg\u00farese de que las fibras de la hierba no toquen la superficie del adhesivo, presione la costura firmemente.<\/li>\n<li class=\"bullet-checkmark bullet-arrow\">D\u00e9jelas las costuras lastradas con tablones o similar durante 24 horas antes de usar la superficie.<\/li>\n<\/ul>\n<\/li>\n<\/ul>\n<div class=\"row\"  id=\"row-1649657786\">\n\n\t<div id=\"col-533390013\" class=\"col medium-6 small-12 large-6\"  >\n\t\t\t\t<div class=\"col-inner\"  >\n\t\t\t\n\t\t\t\n<div class=\"video video-fit mb\" style=\"padding-top:56.25%;\"><p><iframe loading=\"lazy\" title=\"Cinta de costura autoadhesiva para instalaci\u00f3n de c\u00e9sped artificial\" width=\"1020\" height=\"574\" src=\"https:\/\/www.youtube.com\/embed\/9cIFHRVDGTQ?feature=oembed\" frameborder=\"0\" allow=\"accelerometer; autoplay; clipboard-write; encrypted-media; gyroscope; picture-in-picture; web-share\" referrerpolicy=\"strict-origin-when-cross-origin\" allowfullscreen><\/iframe><\/p>\n<\/div>\n\t\t<\/div>\n\t\t\t\t\t<\/div>\n\n\t\n<\/div>\n\t<div id=\"gap-1923858013\" class=\"gap-element clearfix\" style=\"display:block; height:auto;\">\n\t\t\n<style>\n#gap-1923858013 {\n  padding-top: 30px;\n}\n<\/style>\n\t<\/div>\n\t\n<h4>Caracter\u00edsticas de la cinta de costura autoadhesiva<\/h4>\n<ul>\n<li class=\"bullet-checkmark\">\u00a0<strong>F\u00e1cil de usar:<\/strong> La forma tradicional de unir dos piezas de c\u00e9sped artificial es utilizar <a href=\"https:\/\/arturf.com\/es\/product\/artificial-grass-adhesive\/\">adhesivo \/ pegamento<\/a> y <a href=\"https:\/\/arturf.com\/es\/product\/artificial-grass-seaming-tape\/\">cinta de costura<\/a>. La cinta autoadhesiva ahorra tiempo y trabajo. Solo necesita quitar la pel\u00edcula de PE y pegarla a la parte posterior del corredor de c\u00e9sped sint\u00e9tico para unir el c\u00e9sped.<\/li>\n<li class=\"bullet-checkmark\"><strong>Fuerte adhesi\u00f3n:<\/strong> recubierto con adhesivo acr\u00edlico de primera calidad. Con fuerte adherencia, caracter\u00edsticas antideslizantes e impermeables.<\/li>\n<li class=\"bullet-checkmark\"><strong>Durable y duradero:<\/strong> Despu\u00e9s de unir el c\u00e9sped artificial, la cinta funciona durante 6-8 a\u00f1os. Excelentes propiedades de autoadhesi\u00f3n, sin fugas f\u00e1ciles de usar, lo que garantiza un largo tiempo de servicio.<\/li>\n<li class=\"bullet-checkmark\"><strong>De m\u00faltiples fines:<\/strong> Ideal para aplicaciones de jardiner\u00eda como patio, decoraci\u00f3n de pisos, jard\u00edn, jard\u00edn de infantes, balc\u00f3n, entrada y \u00e1rea para perros.<\/li>\n<\/ul>\n\t<div class=\"img has-hover x md-x lg-x y md-y lg-y\" id=\"image_1876773487\">\n\t\t\t\t\t\t\t\t<div class=\"img-inner dark\" >\n\t\t\t<img loading=\"lazy\" decoding=\"async\" width=\"1500\" height=\"1500\" src=\"https:\/\/arturf.com\/wp-content\/uploads\/2019\/12\/Features-of-ARTURF-self-adhesive-seaming-tape.jpg\" class=\"attachment-original size-original\" alt=\"\" srcset=\"https:\/\/arturf.com\/wp-content\/uploads\/2019\/12\/Features-of-ARTURF-self-adhesive-seaming-tape.jpg 1500w, https:\/\/arturf.com\/wp-content\/uploads\/2019\/12\/Features-of-ARTURF-self-adhesive-seaming-tape-300x300.jpg 300w, https:\/\/arturf.com\/wp-content\/uploads\/2019\/12\/Features-of-ARTURF-self-adhesive-seaming-tape-1024x1024.jpg 1024w, https:\/\/arturf.com\/wp-content\/uploads\/2019\/12\/Features-of-ARTURF-self-adhesive-seaming-tape-768x768.jpg 768w, https:\/\/arturf.com\/wp-content\/uploads\/2019\/12\/Features-of-ARTURF-self-adhesive-seaming-tape-12x12.jpg 12w, https:\/\/arturf.com\/wp-content\/uploads\/2019\/12\/Features-of-ARTURF-self-adhesive-seaming-tape-510x510.jpg 510w, https:\/\/arturf.com\/wp-content\/uploads\/2019\/12\/Features-of-ARTURF-self-adhesive-seaming-tape-100x100.jpg 100w\" sizes=\"auto, (max-width: 1500px) 100vw, 1500px\" \/>\t\t\t\t\t\t\n\t\t\t\t\t<\/div>\n\t\t\t\t\t\t\t\t\n<style>\n#image_1876773487 {\n  width: 75%;\n}\n<\/style>\n\t<\/div>","protected":false},"excerpt":{"rendered":"<p>Nuestra cinta de costura autoadhesiva (EasyTape) tiene adhesivo incluido \/ prerrecubierto. Es muy conveniente de usar, ideal para aplicaciones de paisaje como un patio, decoraci\u00f3n de pisos, jard\u00edn, jard\u00edn de infantes, balc\u00f3n, entrada y \u00e1rea para perros.<\/p>\n<p>La cinta de costura autoadhesiva es f\u00e1cil de usar y se empaqueta como un rollo individual.<\/p>","protected":false},"featured_media":7822,"template":"","meta":{"_seopress_robots_primary_cat":"","_seopress_titles_title":"","_seopress_titles_desc":"Our self-adhesive seam tape \u2018TURF-FIX\u2019 is adhesive included\/pre-coated. It is very convenient to use, Ideal for landscape applications.","_seopress_robots_index":""},"product_brand":[],"product_cat":[66],"product_tag":[],"class_list":{"0":"post-7820","1":"product","2":"type-product","3":"status-publish","4":"has-post-thumbnail","6":"product_cat-accessories","8":"first","9":"instock","10":"shipping-taxable","11":"product-type-simple"},"_links":{"self":[{"href":"https:\/\/arturf.com\/es\/wp-json\/wp\/v2\/product\/7820","targetHints":{"allow":["GET"]}}],"collection":[{"href":"https:\/\/arturf.com\/es\/wp-json\/wp\/v2\/product"}],"about":[{"href":"https:\/\/arturf.com\/es\/wp-json\/wp\/v2\/types\/product"}],"wp:featuredmedia":[{"embeddable":true,"href":"https:\/\/arturf.com\/es\/wp-json\/wp\/v2\/media\/7822"}],"wp:attachment":[{"href":"https:\/\/arturf.com\/es\/wp-json\/wp\/v2\/media?parent=7820"}],"wp:term":[{"taxonomy":"product_brand","embeddable":true,"href":"https:\/\/arturf.com\/es\/wp-json\/wp\/v2\/product_brand?post=7820"},{"taxonomy":"product_cat","embeddable":true,"href":"https:\/\/arturf.com\/es\/wp-json\/wp\/v2\/product_cat?post=7820"},{"taxonomy":"product_tag","embeddable":true,"href":"https:\/\/arturf.com\/es\/wp-json\/wp\/v2\/product_tag?post=7820"}],"curies":[{"name":"gracias","href":"https:\/\/api.w.org\/{rel}","templated":true}]}}