{"id":12123,"date":"2020-07-26T15:30:18","date_gmt":"2020-07-26T07:30:18","guid":{"rendered":"https:\/\/arturf.com\/?page_id=12123"},"modified":"2024-08-23T09:33:59","modified_gmt":"2024-08-23T01:33:59","slug":"privacy-policy","status":"publish","type":"page","link":"https:\/\/arturf.com\/fr\/privacy-policy\/","title":{"rendered":"Politique de confidentialit\u00e9"},"content":{"rendered":"<p>Team Sports Industry Limited (ARTURF, <a href=\"https:\/\/arturf.com\/fr\/\" target=\"_new\" rel=\"noopener\">https:\/\/arturf.com<\/a>) s&#039;engage \u00e0 respecter votre vie priv\u00e9e et reconna\u00eet l&#039;importance de prot\u00e9ger toute information que vous pourriez nous fournir via notre site Web. Cette politique de confidentialit\u00e9 d\u00e9crit la mani\u00e8re dont nous collectons, utilisons et prot\u00e9geons vos informations.<\/p>\n<p>Veuillez noter que Team Sports Industry Limited peut mettre \u00e0 jour cette politique p\u00e9riodiquement. Nous vous recommandons de consulter cette page de temps \u00e0 autre pour vous assurer d&#039;\u00eatre au courant de tout changement. Cette politique est en vigueur \u00e0 compter du 9 octobre 2018.<\/p>\n<h3>Informations collect\u00e9es<\/h3>\n<p>Vous pouvez parcourir notre site Web sans r\u00e9v\u00e9ler aucune information personnelle vous concernant. Lorsque vous visitez notre site, nos serveurs collectent automatiquement certaines informations, telles que les noms de domaine, les syst\u00e8mes d&#039;exploitation utilis\u00e9s (par exemple, Macintosh, Windows) et les types de navigateur (par exemple, Netscape, Internet Explorer). Ces informations sont agr\u00e9g\u00e9es pour mesurer le nombre de visites, le temps moyen pass\u00e9 sur le site, les pages consult\u00e9es et d&#039;autres mesures d&#039;utilisation similaires. Nous utilisons ces donn\u00e9es pour analyser et am\u00e9liorer les performances et le contenu de notre site Web.<\/p>\n<p>Les informations personnelles telles que votre adresse e-mail, votre nom, votre adresse physique et votre num\u00e9ro de t\u00e9l\u00e9phone ne sont collect\u00e9es que lorsque vous les fournissez volontairement, par exemple lorsque vous vous inscrivez sur notre site ou participez \u00e0 des activit\u00e9s en ligne.<\/p>\n<h3>Utilisation des informations<\/h3>\n<p>Les informations que nous collectons sont utilis\u00e9es aux fins suivantes :<\/p>\n<ul>\n<li>Traitement des commandes et exp\u00e9dition des produits.<\/li>\n<li>Tenue de registres internes.<\/li>\n<li>Am\u00e9liorer nos produits et services.<\/li>\n<li>Envoi d&#039;e-mails promotionnels sur de nouveaux produits, des offres sp\u00e9ciales ou d&#039;autres informations que nous pensons susceptibles de vous int\u00e9resser, en utilisant l&#039;adresse e-mail que vous avez fournie.<\/li>\n<li>Vous contacter \u00e0 des fins d&#039;\u00e9tude de march\u00e9. Nous pouvons vous contacter par e-mail, t\u00e9l\u00e9phone, fax ou courrier.<\/li>\n<\/ul>\n<h3>S\u00e9curit\u00e9<\/h3>\n<p>Nous nous engageons \u00e0 garantir la s\u00e9curit\u00e9 de vos informations. Pour emp\u00eacher tout acc\u00e8s ou divulgation non autoris\u00e9s, nous avons mis en place des proc\u00e9dures physiques, \u00e9lectroniques et de gestion appropri\u00e9es pour prot\u00e9ger et s\u00e9curiser les informations que nous collectons en ligne.<\/p>\n<h3>Cookies<\/h3>\n<p>Nous pouvons utiliser une technologie appel\u00e9e \u00ab cookies \u00bb pour vous fournir des informations personnalis\u00e9es et am\u00e9liorer votre exp\u00e9rience sur notre site Web. Un cookie est un petit \u00e9l\u00e9ment de donn\u00e9es qu&#039;un site Web peut envoyer \u00e0 votre navigateur, qui peut ensuite \u00eatre stock\u00e9 sur votre appareil. Vous pouvez configurer votre navigateur pour qu&#039;il vous avertisse lorsque vous recevez un cookie, vous donnant ainsi la possibilit\u00e9 de d\u00e9cider de l&#039;accepter ou non. Nos cookies peuvent collecter des informations telles que le syst\u00e8me d&#039;exploitation et le navigateur que vous utilisez.<\/p>\n<h3>Liens vers d&#039;autres sites Web<\/h3>\n<p>Notre site Web peut contenir des liens vers d&#039;autres sites Web susceptibles de vous int\u00e9resser. Cependant, une fois que vous quittez notre site en utilisant ces liens, nous n&#039;avons aucun contr\u00f4le sur les autres sites Web. Par cons\u00e9quent, nous ne pouvons pas \u00eatre responsables de la protection et de la confidentialit\u00e9 des informations que vous fournissez lorsque vous visitez ces sites. Ces sites ne sont pas r\u00e9gis par la pr\u00e9sente politique de confidentialit\u00e9. Nous vous conseillons de faire preuve de prudence et de consulter la politique de confidentialit\u00e9 de tout site Web que vous visitez.<\/p>\n<h3>Mises \u00e0 jour des politiques<\/h3>\n<p>Notre politique de confidentialit\u00e9 peut changer de temps \u00e0 autre, et toutes les mises \u00e0 jour seront publi\u00e9es sur cette page.<\/p>\n<p>Si vous avez des inqui\u00e9tudes concernant nos pratiques de confidentialit\u00e9, veuillez nous contacter imm\u00e9diatement par t\u00e9l\u00e9phone au (+86) 760 87994998 ou par e-mail \u00e0 <a rel=\"noopener\">info@arturf.com<\/a>.<\/p>","protected":false},"excerpt":{"rendered":"","protected":false},"author":3,"featured_media":0,"parent":0,"menu_order":29,"comment_status":"closed","ping_status":"closed","template":"page-blank-title-center.php","meta":{"_seopress_robots_primary_cat":"","_seopress_titles_title":"","_seopress_titles_desc":"","_seopress_robots_index":"","footnotes":""},"class_list":["post-12123","page","type-page","status-publish","hentry"],"_links":{"self":[{"href":"https:\/\/arturf.com\/fr\/wp-json\/wp\/v2\/pages\/12123","targetHints":{"allow":["GET"]}}],"collection":[{"href":"https:\/\/arturf.com\/fr\/wp-json\/wp\/v2\/pages"}],"about":[{"href":"https:\/\/arturf.com\/fr\/wp-json\/wp\/v2\/types\/page"}],"author":[{"embeddable":true,"href":"https:\/\/arturf.com\/fr\/wp-json\/wp\/v2\/users\/3"}],"replies":[{"embeddable":true,"href":"https:\/\/arturf.com\/fr\/wp-json\/wp\/v2\/comments?post=12123"}],"version-history":[{"count":0,"href":"https:\/\/arturf.com\/fr\/wp-json\/wp\/v2\/pages\/12123\/revisions"}],"wp:attachment":[{"href":"https:\/\/arturf.com\/fr\/wp-json\/wp\/v2\/media?parent=12123"}],"curies":[{"name":"wp","href":"https:\/\/api.w.org\/{rel}","templated":true}]}}