{"id":1331,"date":"2011-04-12T03:06:46","date_gmt":"2011-04-11T19:06:46","guid":{"rendered":"https:\/\/arturf.com\/"},"modified":"2023-09-03T22:22:44","modified_gmt":"2023-09-03T14:22:44","slug":"support","status":"publish","type":"page","link":"https:\/\/arturf.com\/fr\/support\/","title":{"rendered":"Soutien"},"content":{"rendered":"<div class=\"banner has-hover\" id=\"banner-1817259551\">\n          <div class=\"banner-inner fill\">\n        <div class=\"banner-bg fill\" >\n            <img loading=\"lazy\" decoding=\"async\" width=\"1020\" height=\"237\" src=\"https:\/\/arturf.com\/wp-content\/uploads\/2018\/04\/Artificial-Grass-Installation_supportsubheader-1024x238.jpg\" class=\"bg attachment-large size-large\" alt=\"achat, installation, maintenance\" \/>                        <div class=\"overlay\"><\/div>            \n                    <\/div>\n\t\t\n        <div class=\"banner-layers container\">\n            <div class=\"fill banner-link\"><\/div>            \n\n   <div id=\"text-box-980361996\" class=\"text-box banner-layer x50 md-x50 lg-x50 y50 md-y50 lg-y50 res-text\">\n                                <div class=\"text-box-content text dark\">\n              \n              <div class=\"text-inner text-center\">\n                  \n\n<h1>Soutien<\/h1>\n<p>Obtenez une assistance compl\u00e8te pour le gazon artificiel, y compris un guide de l&#039;acheteur, des conseils d&#039;installation, des conseils d&#039;entretien et une base de connaissances pour toutes vos demandes.<\/p>\n\n              <\/div>\n           <\/div>\n                            \n<style>\n#text-box-980361996 {\n  width: 60%;\n}\n#text-box-980361996 .text-box-content {\n  font-size: 100%;\n}\n<\/style>\n    <\/div>\n \n\n        <\/div>\n      <\/div>\n\n            \n<style>\n#banner-1817259551 {\n  padding-top: 400px;\n}\n#banner-1817259551 .overlay {\n  background-color: rgba(0,0,0,.5);\n}\n<\/style>\n  <\/div>\n\n\n\n\t<section class=\"section\" id=\"section_1191802470\">\n\t\t<div class=\"section-bg fill\" >\n\t\t\t\t\t\t\t\t\t\n\t\t\t\n\n\t\t<\/div>\n\n\t\t\n\n\t\t<div class=\"section-content relative\">\n\t\t\t\n\n\t<div id=\"gap-1809365986\" class=\"gap-element clearfix\" style=\"display:block; height:auto;\">\n\t\t\n<style>\n#gap-1809365986 {\n  padding-top: 50px;\n}\n<\/style>\n\t<\/div>\n\t\n\n<div class=\"row\"  id=\"row-100274351\">\n\n\n\t<div id=\"col-1840284847\" class=\"col medium-4 small-12 large-4\"  >\n\t\t\t\t<div class=\"col-inner\"  >\n\t\t\t\n\t\t\t\n\n<h2><a href=\"https:\/\/arturf.com\/fr\/category\/buyers-guide\/\"><span style=\"font-size: 130%;\">Guide de l&#039;acheteur<\/span><\/a><\/h2>\n<p>Votre guide essentiel pour choisir le gazon artificiel parfait, permettant aux acheteurs de prendre des d\u00e9cisions \u00e9clair\u00e9es pour leurs besoins sp\u00e9cifiques.<\/p>\n\n\t\t<\/div>\n\t\t\t\t\n<style>\n#col-1840284847 > .col-inner {\n  padding: 0px 40px 0px 0px;\n}\n<\/style>\n\t<\/div>\n\n\t\n\n\t<div id=\"col-1879282759\" class=\"col medium-8 small-12 large-8\"  >\n\t\t\t\t<div class=\"col-inner\"  >\n\t\t\t\n\t\t\t\n\n<p>&nbsp;Votre ressource experte pour les achats de gazon artificiel de qualit\u00e9. Apprenez \u00e0 choisir et \u00e0 acheter du gazon artificiel de qualit\u00e9 sup\u00e9rieure en toute confiance. Conseils et informations essentiels pour les acheteurs \u00e0 la recherche de solutions de gazon synth\u00e9tique haut de gamme.<\/p>\n<ul class=\"lcp_catlist\" id=\"lcp_instance_0\"><li><a href=\"https:\/\/arturf.com\/fr\/buyers-guide\/artificial-grass-cost\/\">Le co\u00fbt de l&#039;importation de gazon artificiel de Chine<\/a><\/li><li><a href=\"https:\/\/arturf.com\/fr\/buyers-guide\/infill-or-non-infill-artificial-grass\/\">Gazon synth\u00e9tique avec ou sans remplissage : faire le bon choix<\/a><\/li><li><a href=\"https:\/\/arturf.com\/fr\/knowledge-hub\/artificial-grass-specifications\/\">Sp\u00e9cifications du gazon artificiel\u00a0: comprendre ce qu&#039;elles signifient<\/a><\/li><li><a href=\"https:\/\/arturf.com\/fr\/buyers-guide\/minimum-order-quantity\/\">Quantit\u00e9 minimale de commande (MOQ) pour le gazon artificiel\u00a0: expliqu\u00e9<\/a><\/li><li><a href=\"https:\/\/arturf.com\/fr\/tennis-court\/things-to-consider-when-constructing-a-tennis-court\/\">Consid\u00e9rations essentielles pour la construction de courts de tennis r\u00e9sidentiels<\/a><\/li><li><a href=\"https:\/\/arturf.com\/fr\/knowledge-hub\/why-choose-polyurethane-backed-artificial-grass\/\">Gazon Artificiel \u00e0 Dos en Polyur\u00e9thane : Avantages et B\u00e9n\u00e9fices<\/a><\/li><li><a href=\"https:\/\/arturf.com\/fr\/buyers-guide\/customized-artificial-grass-products\/\">Gazon artificiel personnalis\u00e9 : la cl\u00e9 du succ\u00e8s sur le march\u00e9<\/a><\/li><li><a href=\"https:\/\/arturf.com\/fr\/blog\/different-colors-packing-artificial-grass-rolls\/\">Diff\u00e9rentes couleurs d&#039;emballage pour les rouleaux de gazon artificiel : am\u00e9lioration de l&#039;efficacit\u00e9<\/a><\/li><li><a href=\"https:\/\/arturf.com\/fr\/buyers-guide\/considerations-for-choosing-and-ordering-synthetic-grass\/\">Neuf consid\u00e9rations pour choisir et commander du gazon synth\u00e9tique<\/a><\/li><li><a href=\"https:\/\/arturf.com\/fr\/buyers-guide\/cheap-artificial-grass\/\">Puis-je acheter du Gazon Artificiel Pas Cher ? Votre guide des solutions rentables<\/a><\/li><li><a href=\"https:\/\/arturf.com\/fr\/buyers-guide\/choose-artificial-grass\/\">Comment trouver un fournisseur de gazon artificiel fiable<\/a><\/li><\/ul>\n\n\t\t<\/div>\n\t\t\t\t\t<\/div>\n\n\t\n\n<\/div>\n<div class=\"text-center\"><div class=\"is-divider divider clearfix\" ><\/div><\/div>\n\n\t<div id=\"gap-1515301625\" class=\"gap-element clearfix\" style=\"display:block; height:auto;\">\n\t\t\n<style>\n#gap-1515301625 {\n  padding-top: 30px;\n}\n<\/style>\n\t<\/div>\n\t\n\n<div class=\"row\"  id=\"row-1559202531\">\n\n\n\t<div id=\"col-1626335357\" class=\"col medium-4 small-12 large-4\"  >\n\t\t\t\t<div class=\"col-inner\"  >\n\t\t\t\n\t\t\t\n\n<h2><a href=\"https:\/\/arturf.com\/fr\/category\/installation\/\"><span style=\"font-size: 130%;\">Installation<\/span><\/a><\/h2>\n<p>Apprenez \u00e0 installer du gazon artificiel, \u00e0 la fois pour les sports et les espaces paysagers.&nbsp;<\/p>\n\n\t\t<\/div>\n\t\t\t\t\n<style>\n#col-1626335357 > .col-inner {\n  padding: 0px 40px 0px 0px;\n}\n<\/style>\n\t<\/div>\n\n\t\n\n\t<div id=\"col-463759948\" class=\"col medium-8 small-12 large-8\"  >\n\t\t\t\t<div class=\"col-inner\"  >\n\t\t\t\n\t\t\t\n\n<p>Une installation correcte est cruciale pour une performance et une long\u00e9vit\u00e9 optimales de votre surface de gazon artificiel, garantissant sa durabilit\u00e9 et am\u00e9liorant sa dur\u00e9e de vie.<\/p>\n<ul class=\"lcp_catlist\" id=\"lcp_instance_0\"><li><a href=\"https:\/\/arturf.com\/fr\/landscape-grass\/how-to-install-landscape-artificial-grass\/\">Comment installer de l&#039;herbe artificielle de paysage<\/a><\/li><li><a href=\"https:\/\/arturf.com\/fr\/football-grass\/how-to-install-football-artificial-grass\/\">Comment installer l&#039;herbe artificielle de football<\/a><\/li><li><a href=\"https:\/\/arturf.com\/fr\/football-grass\/base-preparation-for-football-grass\/\">Pr\u00e9paration de base pour gazon de football\u00a0: principes essentiels et diff\u00e9rents types<\/a><\/li><li><a href=\"https:\/\/arturf.com\/fr\/landscape-grass\/base-preparation-for-landscape-grass\/\">\u00c9tapes essentielles pour pr\u00e9parer la base pour l&#039;installation de gazon paysager<\/a><\/li><li><a href=\"https:\/\/arturf.com\/fr\/installation\/how-much-infill-do-you-need-for-artificial-grass\/\">De combien de remplissage avez-vous besoin pour le gazon artificiel\u00a0?<\/a><\/li><li><a href=\"https:\/\/arturf.com\/fr\/installation\/artificial-turf-rubber-granule-infill\/\">Pourquoi utiliser un remplissage de granules de caoutchouc pour le gazon artificiel?<\/a><\/li><li><a href=\"https:\/\/arturf.com\/fr\/installation\/how-to-avoid-the-common-mistakes-when-installing-artificial-grass\/\">Erreurs courantes \u00e0 \u00e9viter lors de l&#039;installation de gazon artificiel<\/a><\/li><li><a href=\"https:\/\/arturf.com\/fr\/installation\/cut-artificial-grass-to-match-a-special-shaped-area\/\">Comment couper du gazon artificiel pour s&#039;adapter \u00e0 n&#039;importe quelle zone de forme<\/a><\/li><li><a href=\"https:\/\/arturf.com\/fr\/installation\/artificial-grass-line-marking\/\">Marquage de lignes sur les terrains de sport en gazon artificiel<\/a><\/li><li><a href=\"https:\/\/arturf.com\/fr\/installation\/artificial-grass-melting\/\">La lumi\u00e8re du soleil refl\u00e8te les r\u00e9sultats dans la fonte du gazon artificiel et comment l&#039;\u00e9viter<\/a><\/li><li><a href=\"https:\/\/arturf.com\/fr\/golf-grass\/how-to-install-synthetic-putting-green-grass\/\">Comment installer de l&#039;herbe verte synth\u00e9tique<\/a><\/li><li><a href=\"https:\/\/arturf.com\/fr\/installation\/artificial-grass-infills\/\">Remplissages de gazon artificiel\u00a0: am\u00e9lioration de l&#039;apparence et des performances<\/a><\/li><li><a href=\"https:\/\/arturf.com\/fr\/installation\/artificial-turf-wrinkles\/\">Les rides du gazon artificiel\u00a0: causes, solutions et conseils de pr\u00e9vention (guide complet)<\/a><\/li><li><a href=\"https:\/\/arturf.com\/fr\/installation\/artificial-grass-installation-mistakes\/\">Erreurs courantes lors de la pose de gazon artificiel (et comment les \u00e9viter)<\/a><\/li><\/ul>\n\n\t\t<\/div>\n\t\t\t\t\t<\/div>\n\n\t\n\n<\/div>\n<div class=\"text-center\"><div class=\"is-divider divider clearfix\" ><\/div><\/div>\n\n\t<div id=\"gap-1643748273\" class=\"gap-element clearfix\" style=\"display:block; height:auto;\">\n\t\t\n<style>\n#gap-1643748273 {\n  padding-top: 30px;\n}\n<\/style>\n\t<\/div>\n\t\n\n<div class=\"row\"  id=\"row-1773481271\">\n\n\n\t<div id=\"col-1401367958\" class=\"col medium-4 small-12 large-4\"  >\n\t\t\t\t<div class=\"col-inner\"  >\n\t\t\t\n\t\t\t\n\n<h2><a href=\"https:\/\/arturf.com\/fr\/category\/maintenance\/\"><span style=\"font-size: 130%;\">Entretien et maintenance<\/span><\/a><\/h2>\n<p>Gardez votre gazon artificiel propre et debout.<\/p>\n\n\t\t<\/div>\n\t\t\t\t\n<style>\n#col-1401367958 > .col-inner {\n  padding: 0px 40px 0px 0px;\n}\n<\/style>\n\t<\/div>\n\n\t\n\n\t<div id=\"col-1779200594\" class=\"col medium-8 small-12 large-8\"  >\n\t\t\t\t<div class=\"col-inner\"  >\n\t\t\t\n\t\t\t\n\n<p>D\u00e9couvrez les conseils d&#039;entretien et d&#039;entretien essentiels pour votre gazon artificiel, garantissant son \u00e9tat irr\u00e9prochable et sa long\u00e9vit\u00e9. Apprenez \u00e0 garder votre gazon synth\u00e9tique sous son meilleur jour gr\u00e2ce \u00e0 nos conseils d&#039;experts.<\/p>\n<ul class=\"lcp_catlist\" id=\"lcp_instance_0\"><li><a href=\"https:\/\/arturf.com\/fr\/landscape-grass\/landscape-artificial-lawn-mainteiance\/\">Entretien du gazon artificiel de jardin : un guide complet pour un espace ext\u00e9rieur luxuriant et sans tracas<\/a><\/li><li><a href=\"https:\/\/arturf.com\/fr\/maintenance\/sports-artificial-grass-maintenance\/\">Entretien du Gazon Artificiel Sportif : Conseils pour des Performances Optimales<\/a><\/li><li><a href=\"https:\/\/arturf.com\/fr\/maintenance\/how-to-clean-residential-artificial-grass\/\">Comment nettoyer le gazon artificiel r\u00e9sidentiel?<\/a><\/li><li><a href=\"https:\/\/arturf.com\/fr\/maintenance\/repair-artificial-turf\/\">Un guide \u00e9tape par \u00e9tape pour r\u00e9parer le gazon artificiel : R\u00e9parer les d\u00e9chirures, les br\u00fblures et les coutures desserr\u00e9es<\/a><\/li><li><a href=\"https:\/\/arturf.com\/fr\/installation\/artificial-grass-melting\/\">La lumi\u00e8re du soleil refl\u00e8te les r\u00e9sultats dans la fonte du gazon artificiel et comment l&#039;\u00e9viter<\/a><\/li><li><a href=\"https:\/\/arturf.com\/fr\/maintenance\/pet-urine-on-artificial-grass-and-how-to-remove-the-smell\/\">Urine d&#039;animal de compagnie sur gazon artificiel et comment \u00e9liminer l&#039;odeur<\/a><\/li><li><a href=\"https:\/\/arturf.com\/fr\/maintenance\/comprehensive-maintenance-guide-for-your-padel-court\/\">Guide d\u2019entretien complet de votre terrain de padel<\/a><\/li><li><a href=\"https:\/\/arturf.com\/fr\/maintenance\/artificial-grass-maintenance-problems\/\">Comment entretenir son gazon artificiel et pr\u00e9venir les probl\u00e8mes courants (Guide complet du propri\u00e9taire)<\/a><\/li><\/ul>\n\n\t\t<\/div>\n\t\t\t\t\t<\/div>\n\n\t\n\n<\/div>\n<div class=\"row\"  id=\"row-777182043\">\n\n\n\t<div id=\"col-470680042\" class=\"col medium-4 small-12 large-4\"  >\n\t\t\t\t<div class=\"col-inner\"  >\n\t\t\t\n\t\t\t\n\n<h2><a href=\"https:\/\/arturf.com\/fr\/category\/knowledge-hub\/\"><span style=\"font-size: 130%;\">Centre de connaissances<\/span><\/a><\/h2>\n<p>D\u00e9verrouillez une mine de connaissances sur le gazon artificiel dans notre hub, en fournissant des informations et des ressources d&#039;experts pour toutes vos demandes.<\/p>\n\n\t\t<\/div>\n\t\t\t\t\n<style>\n#col-470680042 > .col-inner {\n  padding: 0px 40px 0px 0px;\n}\n<\/style>\n\t<\/div>\n\n\t\n\n\t<div id=\"col-30252673\" class=\"col medium-8 small-12 large-8\"  >\n\t\t\t\t<div class=\"col-inner\"  >\n\t\t\t\n\t\t\t\n\n<p>Explorez notre centre de connaissances complet, votre ressource incontournable pour tout ce qui concerne le gazon artificiel. D\u00e9veloppez votre compr\u00e9hension et restez inform\u00e9 gr\u00e2ce \u00e0 des id\u00e9es et des informations pr\u00e9cieuses sur le gazon synth\u00e9tique.<\/p>\n<ul class=\"lcp_catlist\" id=\"lcp_instance_0\"><li><a href=\"https:\/\/arturf.com\/fr\/blog\/the-history-of-artificial-grass\/\">D\u00e9voilement de l&#039;\u00e9volution du gazon artificiel\u00a0: un voyage \u00e0 travers l&#039;histoire<\/a><\/li><li><a href=\"https:\/\/arturf.com\/fr\/blog\/history-of-artificial-grass-in-china\/\">D\u00e9mystifier les id\u00e9es fausses courantes sur les pelouses artificielles<\/a><\/li><li><a href=\"https:\/\/arturf.com\/fr\/knowledge-hub\/artificial-grass-faq\/\">FAQ sur l&#039;herbe artificielle<\/a><\/li><li><a href=\"https:\/\/arturf.com\/fr\/knowledge-hub\/applications-of-artificial-grass\/\">Applications polyvalentes du gazon artificiel<\/a><\/li><li><a href=\"https:\/\/arturf.com\/fr\/knowledge-hub\/artificial-grass-specifications\/\">Sp\u00e9cifications du gazon artificiel\u00a0: comprendre ce qu&#039;elles signifient<\/a><\/li><li><a href=\"https:\/\/arturf.com\/fr\/knowledge-hub\/w-stitch-tufted-artificial-grass\/\">Coutures W ou Z dans le gazon artificiel : am\u00e9lioration de la durabilit\u00e9 et de l&#039;esth\u00e9tique<\/a><\/li><li><a href=\"https:\/\/arturf.com\/fr\/knowledge-hub\/why-choose-polyurethane-backed-artificial-grass\/\">Gazon Artificiel \u00e0 Dos en Polyur\u00e9thane : Avantages et B\u00e9n\u00e9fices<\/a><\/li><li><a href=\"https:\/\/arturf.com\/fr\/knowledge-hub\/artificial-grass-glossary\/\">Le glossaire ultime du gazon artificiel\u00a0: un guide de r\u00e9f\u00e9rence complet<\/a><\/li><li><a href=\"https:\/\/arturf.com\/fr\/knowledge-hub\/artificial-grass-heat\/\">G\u00e9rer la chaleur dans le gazon artificiel\u00a0: conseils et consid\u00e9rations<\/a><\/li><li><a href=\"https:\/\/arturf.com\/fr\/knowledge-hub\/raw-material-affecting-the-quality-and-price-of-artificial-grass\/\">Mati\u00e8res premi\u00e8res\u00a0: impact sur la qualit\u00e9 et le prix du gazon artificiel<\/a><\/li><li><a href=\"https:\/\/arturf.com\/fr\/blog\/different-colors-packing-artificial-grass-rolls\/\">Diff\u00e9rentes couleurs d&#039;emballage pour les rouleaux de gazon artificiel : am\u00e9lioration de l&#039;efficacit\u00e9<\/a><\/li><li><a href=\"https:\/\/arturf.com\/fr\/knowledge-hub\/colored-artificial-grass\/\">Gazon Artificiel Color\u00e9 : Lib\u00e9rer les Possibilit\u00e9s de Design Cr\u00e9atif<\/a><\/li><li><a href=\"https:\/\/arturf.com\/fr\/knowledge-hub\/artificial-grass-face-weight\/\">Poids de la face du gazon artificiel\u00a0: comprendre son importance et faire le bon choix<\/a><\/li><li><a href=\"https:\/\/arturf.com\/fr\/knowledge-hub\/artificial-grass-backing\/\">Les faits du support de gazon artificiel<\/a><\/li><li><a href=\"https:\/\/arturf.com\/fr\/knowledge-hub\/artificial-grass-yarn\/\">Fil d&#039;herbe artificielle<\/a><\/li><li><a href=\"https:\/\/arturf.com\/fr\/knowledge-hub\/the-artificial-turf-system\/\">Composants cl\u00e9s d&#039;un syst\u00e8me de gazon artificiel<\/a><\/li><li><a href=\"https:\/\/arturf.com\/fr\/tennis-court\/things-to-consider-when-constructing-a-tennis-court\/\">Consid\u00e9rations essentielles pour la construction de courts de tennis r\u00e9sidentiels<\/a><\/li><li><a href=\"https:\/\/arturf.com\/fr\/knowledge-hub\/silica-sand-for-artificial-grass-infill\/\">Sable de silice pour remplissage de gazon artificiel : am\u00e9lioration des performances et de la durabilit\u00e9<\/a><\/li><li><a href=\"https:\/\/arturf.com\/fr\/knowledge-hub\/artificial-grass-logo\/\">Logo de gazon artificiel\u00a0: am\u00e9liorez l&#039;identit\u00e9 de votre marque<\/a><\/li><li><a href=\"https:\/\/arturf.com\/fr\/knowledge-hub\/how-to-remove-static-electricity-from-artificial-grass\/\">Comment supprimer l&#039;\u00e9lectricit\u00e9 statique du gazon artificiel : conseils et solutions<\/a><\/li><li><a href=\"https:\/\/arturf.com\/fr\/knowledge-hub\/exploring-artificial-turf-yarn-shapes\/\">Formes de fils de gazon artificiel : am\u00e9lioration de la r\u00e9sistance, de la r\u00e9silience et de l&#039;apparence naturelle<\/a><\/li><li><a href=\"https:\/\/arturf.com\/fr\/knowledge-hub\/how-to-select-appropriate-lighting-for-your-sports-fields\/\">Le guide complet pour choisir l&#039;\u00e9clairage des terrains de sport<\/a><\/li><li><a href=\"https:\/\/arturf.com\/fr\/knowledge-hub\/what-is-pickleball-a-complete-guide-to-the-fastest-growing-sport\/\">Qu&#039;est-ce que le pickleball\u00a0? Guide complet du sport \u00e0 la croissance la plus rapide<\/a><\/li><li><a href=\"https:\/\/arturf.com\/fr\/installation\/artificial-turf-wrinkles\/\">Les rides du gazon artificiel\u00a0: causes, solutions et conseils de pr\u00e9vention (guide complet)<\/a><\/li><\/ul>\n\n\t\t<\/div>\n\t\t\t\t\t<\/div>\n\n\t\n\n<\/div>\n\n\t\t<\/div>\n\n\t\t\n<style>\n#section_1191802470 {\n  padding-top: 20px;\n  padding-bottom: 20px;\n}\n<\/style>\n\t<\/section>\n\t\n<div class=\"row align-center\"  id=\"row-1400757637\">\n\n\n\t<div id=\"col-30943718\" class=\"col medium-9 small-12 large-9\"  >\n\t\t\t\t<div class=\"col-inner\"  >\n\t\t\t\n\t\t\t\n\n<hr>\n<p>Si vous ne trouvez pas les informations n\u00e9cessaires ou si vous avez des questions sur le contenu, n&#039;h\u00e9sitez pas \u00e0 <a href=\"https:\/\/arturf.com\/fr\/contact\/\">Nous contacter<\/a>. L&#039;un de nos sp\u00e9cialistes du gazon synth\u00e9tique vous r\u00e9pondra dans les plus brefs d\u00e9lais.<\/p>\n\n\t\t<\/div>\n\t\t\t\t\t<\/div>\n\n\t\n\n<\/div>","protected":false},"excerpt":{"rendered":"","protected":false},"author":3,"featured_media":0,"parent":0,"menu_order":21,"comment_status":"closed","ping_status":"closed","template":"page-blank.php","meta":{"_seopress_robots_primary_cat":"","_seopress_titles_title":"Support Hub: Artificial Turf Resources for Buying, Installing, Maintaining","_seopress_titles_desc":"Discover a wealth of resources in our artificial turf support hub. From buyer&#039;s guides to installation and maintenance tips, we&#039;ve got you covered!","_seopress_robots_index":"","footnotes":""},"class_list":["post-1331","page","type-page","status-publish","hentry"],"_links":{"self":[{"href":"https:\/\/arturf.com\/fr\/wp-json\/wp\/v2\/pages\/1331","targetHints":{"allow":["GET"]}}],"collection":[{"href":"https:\/\/arturf.com\/fr\/wp-json\/wp\/v2\/pages"}],"about":[{"href":"https:\/\/arturf.com\/fr\/wp-json\/wp\/v2\/types\/page"}],"author":[{"embeddable":true,"href":"https:\/\/arturf.com\/fr\/wp-json\/wp\/v2\/users\/3"}],"replies":[{"embeddable":true,"href":"https:\/\/arturf.com\/fr\/wp-json\/wp\/v2\/comments?post=1331"}],"version-history":[{"count":0,"href":"https:\/\/arturf.com\/fr\/wp-json\/wp\/v2\/pages\/1331\/revisions"}],"wp:attachment":[{"href":"https:\/\/arturf.com\/fr\/wp-json\/wp\/v2\/media?parent=1331"}],"curies":[{"name":"wp","href":"https:\/\/api.w.org\/{rel}","templated":true}]}}