{"id":1336,"date":"2011-04-12T03:08:19","date_gmt":"2011-04-11T19:08:19","guid":{"rendered":"https:\/\/arturf.com\/"},"modified":"2023-07-19T08:35:43","modified_gmt":"2023-07-19T00:35:43","slug":"dealer","status":"publish","type":"page","link":"https:\/\/arturf.com\/fr\/contact\/dealer\/","title":{"rendered":"Opportunit\u00e9 du concessionnaire"},"content":{"rendered":"<div class=\"banner has-hover\" id=\"banner-2057253588\">\n          <div class=\"banner-inner fill\">\n        <div class=\"banner-bg fill\" >\n            <img loading=\"lazy\" decoding=\"async\" width=\"1020\" height=\"325\" src=\"https:\/\/arturf.com\/wp-content\/uploads\/2020\/08\/Arturf-Artificial-Grass-Dealer-1024x326.jpg\" class=\"bg attachment-large size-large\" alt=\"\" \/>                        <div class=\"overlay\"><\/div>            \n                    <\/div>\n\t\t\n        <div class=\"banner-layers container\">\n            <div class=\"fill banner-link\"><\/div>            \n\n   <div id=\"text-box-2051819567\" class=\"text-box banner-layer x50 md-x50 lg-x50 y50 md-y50 lg-y50 res-text\">\n                                <div class=\"text-box-content text dark\">\n              \n              <div class=\"text-inner text-center\">\n                  \n\n\t<div id=\"text-2752660365\" class=\"text\">\n\t\t\n\n<h3>Votre partenaire commercial fiable en gazon artificiel<\/h3>\n\t\t\n<style>\n#text-2752660365 {\n  font-size: 1rem;\n}\n@media (min-width:550px) {\n  #text-2752660365 {\n    font-size: 1.5rem;\n  }\n}\n<\/style>\n\t<\/div>\n\t\n\n              <\/div>\n           <\/div>\n                            \n<style>\n#text-box-2051819567 {\n  width: 60%;\n}\n#text-box-2051819567 .text-box-content {\n  font-size: 100%;\n}\n@media (min-width:550px) {\n  #text-box-2051819567 {\n    width: 40%;\n  }\n}\n<\/style>\n    <\/div>\n \n\n        <\/div>\n      <\/div>\n\n            \n<style>\n#banner-2057253588 {\n  padding-top: 400px;\n}\n#banner-2057253588 .overlay {\n  background-color: rgba(0, 0, 0, 0.35);\n}\n<\/style>\n  <\/div>\n\n\n\n\t<section class=\"section\" id=\"section_883428717\">\n\t\t<div class=\"section-bg fill\" >\n\t\t\t\t\t\t\t\t\t\n\t\t\t\n\n\t\t<\/div>\n\n\t\t\n\n\t\t<div class=\"section-content relative\">\n\t\t\t\n\n\t<div id=\"gap-1065476640\" class=\"gap-element clearfix\" style=\"display:block; height:auto;\">\n\t\t\n<style>\n#gap-1065476640 {\n  padding-top: 40px;\n}\n<\/style>\n\t<\/div>\n\t\n\n<div class=\"row align-center\"  id=\"row-518330711\">\n\n\n\t<div id=\"col-574015529\" class=\"col medium-4 small-12 large-4\"  >\n\t\t\t\t<div class=\"col-inner\"  >\n\t\t\t\n\t\t\t\n\n<h1 class=\"uppercase\"><span style=\"font-size: 150%;\">devenir revendeur<\/span><\/h1>\n<p>D\u00e9veloppez votre entreprise sur les \u00e9paules d&#039;un important fabricant de gazon artificiel.\u00a0<\/p>\n\n\t\t<\/div>\n\t\t\t\t\t<\/div>\n\n\t\n\n\t<div id=\"col-1009354205\" class=\"col medium-8 small-12 large-8\"  >\n\t\t\t\t<div class=\"col-inner\"  >\n\t\t\t\n\t\t\t\n\n<p style=\"text-align: left;\">Vous cherchez \u00e0 importer du gazon artificiel pour une meilleure rentabilit\u00e9 plut\u00f4t que de vous approvisionner localement ?<br \/>Vous cherchez un fournisseur plus fiable pour vos besoins en gazon artificiel ?<br \/>\u00cates-vous int\u00e9ress\u00e9 par une opportunit\u00e9 d&#039;affaires \u00e0 temps partiel ou \u00e0 temps plein?<br \/>Envisagez-vous d&#039;ajouter du gazon artificiel comme activit\u00e9 secondaire lucrative \u00e0 votre entreprise existante ?<\/p>\n<p style=\"text-align: left;\">Ne cherchez pas plus loin que Arturf !<\/p>\n<h3 style=\"text-align: left;\">En vous associant \u00e0 nous, vous b\u00e9n\u00e9ficierez des avantages suivants\u00a0:<\/h3>\n<ol>\n<li>Assurance qualit\u00e9 in\u00e9branlable : notre qualit\u00e9 stable et constante garantit la tranquillit\u00e9 d&#039;esprit.<\/li>\n<li>Prix comp\u00e9titifs des concessionnaires : S\u00e9curisez le gazon artificiel \u00e0 des prix comp\u00e9titifs pour maximiser votre avantage sur le march\u00e9.<\/li>\n<li>Options de personnalisation : Profitez de la commodit\u00e9 de nos services OEM\/ODM, <a href=\"https:\/\/arturf.com\/fr\/info\/customized-artificial-grass-products\/\">confection de produits en gazon artificiel<\/a> sp\u00e9cifiquement pour votre entreprise. Tirez parti de notre expertise pour recommander des produits adapt\u00e9s \u00e0 votre march\u00e9 ou fournissez-nous des \u00e9chantillons \u00e0 reproduire (en garantissant l&#039;absence de contrefa\u00e7on de brevet).<\/li>\n<li>Soutien financier pour les revendeurs VIP : Assistance financi\u00e8re exclusive disponible pour nos pr\u00e9cieux partenaires.<\/li>\n<li>\u00c9quipe professionnelle d\u00e9di\u00e9e\u00a0: b\u00e9n\u00e9ficiez d&#039;une assistance compl\u00e8te de la part de notre \u00e9quipe exp\u00e9riment\u00e9e.<\/li>\n<li>Assistance marketing\u00a0: b\u00e9n\u00e9ficiez de notre expertise marketing, y compris des suggestions personnalis\u00e9es, l&#039;impression gratuite de mat\u00e9riel marketing et, si n\u00e9cessaire, un site Web et un h\u00e9bergement (ou une assistance informatique) gratuits.<\/li>\n<li>Garantie robuste : nos produits sont accompagn\u00e9s d&#039;une garantie fiable pour une satisfaction client accrue.<\/li>\n<li>Et beaucoup plus\u2026<\/li>\n<\/ol>\n<p style=\"text-align: left;\">Si vous souhaitez devenir l&#039;un de nos revendeurs, veuillez remplir le formulaire de contact ci-dessous. Nous aurons un repr\u00e9sentant pour vous contacter dans les 48 heures.<\/p>\n<form id=\"forminator-module-15408\" class=\"forminator-custom-form forminator-custom-form-15408\" method=\"post\" data-forminator-render=\"0\" data-uid=\"69dff3a316785\" action=\"\"><div role=\"alert\" aria-live=\"polite\" class=\"forminator-response-message forminator-error\" aria-hidden=\"true\"><\/div><input type=\"hidden\" name=\"trp-form-language\" value=\"fr\"\/><\/form>\n\n\t\t<\/div>\n\t\t\t\t\t<\/div>\n\n\t\n\n<\/div>\n\n\t\t<\/div>\n\n\t\t\n<style>\n#section_883428717 {\n  padding-top: 30px;\n  padding-bottom: 30px;\n}\n<\/style>\n\t<\/section>","protected":false},"excerpt":{"rendered":"","protected":false},"author":3,"featured_media":0,"parent":2234,"menu_order":26,"comment_status":"closed","ping_status":"closed","template":"page-blank.php","meta":{"_seopress_robots_primary_cat":"","_seopress_titles_title":"Artificial Grass Dealer Opportunity","_seopress_titles_desc":"Our dealership package can provide complete range of artificial grass products,related materials such as infill-rubber granules,special glue for installation","_seopress_robots_index":"","footnotes":""},"class_list":["post-1336","page","type-page","status-publish","hentry"],"_links":{"self":[{"href":"https:\/\/arturf.com\/fr\/wp-json\/wp\/v2\/pages\/1336","targetHints":{"allow":["GET"]}}],"collection":[{"href":"https:\/\/arturf.com\/fr\/wp-json\/wp\/v2\/pages"}],"about":[{"href":"https:\/\/arturf.com\/fr\/wp-json\/wp\/v2\/types\/page"}],"author":[{"embeddable":true,"href":"https:\/\/arturf.com\/fr\/wp-json\/wp\/v2\/users\/3"}],"replies":[{"embeddable":true,"href":"https:\/\/arturf.com\/fr\/wp-json\/wp\/v2\/comments?post=1336"}],"version-history":[{"count":0,"href":"https:\/\/arturf.com\/fr\/wp-json\/wp\/v2\/pages\/1336\/revisions"}],"up":[{"embeddable":true,"href":"https:\/\/arturf.com\/fr\/wp-json\/wp\/v2\/pages\/2234"}],"wp:attachment":[{"href":"https:\/\/arturf.com\/fr\/wp-json\/wp\/v2\/media?parent=1336"}],"curies":[{"name":"wp","href":"https:\/\/api.w.org\/{rel}","templated":true}]}}