{"id":13630,"date":"2021-01-05T21:12:52","date_gmt":"2021-01-05T13:12:52","guid":{"rendered":"https:\/\/arturf.com\/?page_id=13630"},"modified":"2023-08-25T21:55:53","modified_gmt":"2023-08-25T13:55:53","slug":"wall-grass","status":"publish","type":"page","link":"https:\/\/arturf.com\/fr\/landscape\/wall-grass\/","title":{"rendered":"Mur Herbe"},"content":{"rendered":"<section class=\"section dark has-scroll-for-more\" id=\"section_1066115101\">\n\t\t<div class=\"section-bg fill\" >\n\t\t\t<img loading=\"lazy\" decoding=\"async\" width=\"1500\" height=\"681\" src=\"https:\/\/arturf.com\/wp-content\/uploads\/2021\/01\/Artificial-Hedge-Wall-HX.jpg\" class=\"bg attachment- size-\" alt=\"\" \/>\t\t\t\t\t\t<div class=\"section-bg-overlay absolute fill\"><\/div><button class=\"scroll-for-more z-5 icon absolute bottom h-center\" aria-label=\"Fais d\u00e9filer pour en savoir plus\"><i class=\"icon-angle-down\" aria-hidden=\"true\" style=\"font-size:42px;\"><\/i><\/button><div class=\"effect-rain bg-effect fill no-click\"><\/div>\n\t\t\t\n\n\t\t<\/div>\n\n\t\t\n\n\t\t<div class=\"section-content relative\">\n\t\t\t\n\n<div class=\"row\"  id=\"row-1583308035\">\n\n\n\t<div id=\"col-174309672\" class=\"col small-12 large-12\"  >\n\t\t\t\t<div class=\"col-inner\"  >\n\t\t\t\n\t\t\t\n\n<p><a href=\"https:\/\/arturf.com\/fr\/\">Accueil<\/a> \/ <a href=\"https:\/\/arturf.com\/fr\/landscape\/wall-grass\/\">Mur Herbe \/<\/a> <a href=\"https:\/\/arturf.com\/fr\/products\/artificial-hedge\/\">Des produits<\/a><\/p>\n\n\t\t<\/div>\n\t\t\t\t\t<\/div>\n\n\t\n\n<\/div>\n<div class=\"row\"  id=\"row-928839274\">\n\n\n\t<div id=\"col-1936358873\" class=\"col medium-8 small-12 large-6\"  >\n\t\t\t\t<div class=\"col-inner\"  >\n\t\t\t\n\t\t\t\n\n<h1 style=\"font-size: 300%;\">Mur Gazon &amp; Haies Artificielles<\/h1>\n<p>Le gazon artificiel a gagn\u00e9 en popularit\u00e9. Les haies artificielles, les cl\u00f4tures artificielles et les pelouses murales sont \u00e9galement de plus en plus populaires. Outre la fabrication de gazon artificiel, nous fournissons des haies artificielles de qualit\u00e9 commerciale, des cl\u00f4tures artificielles, du gazon mural et des plantes.<\/p>\n\n\t\t<\/div>\n\t\t\t\t\t<\/div>\n\n\t\n\n<\/div>\n\n\t\t<\/div>\n\n\t\t\n<style>\n#section_1066115101 {\n  padding-top: 20px;\n  padding-bottom: 20px;\n}\n#section_1066115101 .section-bg-overlay {\n  background-color: rgba(0,0,0,.5);\n}\n<\/style>\n\t<\/section>\n\t\n\n\t<section class=\"section\" id=\"section_540216716\">\n\t\t<div class=\"section-bg fill\" >\n\t\t\t\t\t\t\t\t\t\n\t\t\t\n\n\t\t<\/div>\n\n\t\t\n\n\t\t<div class=\"section-content relative\">\n\t\t\t\n\n<div class=\"row\"  id=\"row-1538513378\">\n\n\n\t<div id=\"col-649389463\" class=\"col small-12 large-12\"  >\n\t\t\t\t<div class=\"col-inner\"  >\n\t\t\t\n\t\t\t\n\n<div class=\"row row-collapse align-middle\"  id=\"row-1301137329\">\n\n\n\t<div id=\"col-962999499\" class=\"col medium-5 small-12 large-4\"  >\n\t\t\t\t<div class=\"col-inner\"  >\n\t\t\t\n\t\t\t\n\n\n  <div class=\"banner has-hover\" id=\"banner-737602596\">\n          <div class=\"banner-inner fill\">\n        <div class=\"banner-bg fill\" >\n            <img loading=\"lazy\" decoding=\"async\" width=\"700\" height=\"700\" src=\"https:\/\/arturf.com\/wp-content\/uploads\/2021\/01\/Artificial-Boxwood-Hedges.jpg\" class=\"bg attachment-original size-original\" alt=\"\" \/>                                    \n                    <\/div>\n\t\t\n        <div class=\"banner-layers container\">\n            <div class=\"fill banner-link\"><\/div>            \n\n\n        <\/div>\n      <\/div>\n\n            \n<style>\n#banner-737602596 {\n  padding-top: 400px;\n  background-color: rgb(244, 244, 244);\n}\n@media (min-width:550px) {\n  #banner-737602596 {\n    padding-top: 500px;\n  }\n}\n<\/style>\n  <\/div>\n\n\n\n\t\t<\/div>\n\t\t\t\t\t<\/div>\n\n\t\n\n\t<div id=\"col-1820366708\" class=\"col team-sorted-info medium-7 small-12 large-8\"  >\n\t\t\t\t<div class=\"col-inner\"  >\n\t\t\t\n\t\t\t\n\n<h2>Tapis de haie artificiels<\/h2>\n\t<div id=\"gap-956380559\" class=\"gap-element clearfix\" style=\"display:block; height:auto;\">\n\t\t\n<style>\n#gap-956380559 {\n  padding-top: 5px;\n}\n<\/style>\n\t<\/div>\n\t\n\n<p>Nos tapis de haie et de cl\u00f4ture artificiels sont fabriqu\u00e9s avec des feuilles simples mais r\u00e9alistes qui ne se d\u00e9modent jamais. Ils peuvent \u00eatre coup\u00e9s pour s&#039;adapter \u00e0 des zones irr\u00e9guli\u00e8res et peuvent \u00eatre install\u00e9s facilement sur des surfaces courbes ou ondul\u00e9es. Peu importe la taille, la forme ou l&#039;\u00e9chelle de votre projet, nos tapis de haie artificiels sont le moyen id\u00e9al d&#039;apporter le vert luxuriant d&#039;une haie luxueuse \u00e0 n&#039;importe quel espace.<\/p>\n<div class=\"is-divider divider clearfix\" style=\"margin-top:1.2em;margin-bottom:1.2em;max-width:100%;height:2px;background-color:rgba(0, 0, 0, 0.09);\"><\/div>\n\n<div class=\"row row-small\"  id=\"row-408466296\">\n\n\n\t<div id=\"col-753733861\" class=\"col medium-12 small-12 large-7\"  >\n\t\t\t\t<div class=\"col-inner\"  >\n\t\t\t\n\t\t\t\n\n\n\t\t<\/div>\n\t\t\t\t\t<\/div>\n\n\t\n\n\t<div id=\"col-1116193348\" class=\"col medium-12 small-12 large-5\"  >\n\t\t\t\t<div class=\"col-inner\"  >\n\t\t\t\n\t\t\t\n\n<a href=\"https:\/\/arturf.com\/fr\/product\/artificial-hedge-mats\/\" class=\"button secondary lowercase expand\" >\n\t\t<span>d\u00e9tails du produit<\/span>\n\t<i class=\"icon-angle-right\" aria-hidden=\"true\"><\/i><\/a>\n\n\n\n\t\t<\/div>\n\t\t\t\t\t<\/div>\n\n\t\n\n<\/div>\n\n\t\t<\/div>\n\t\t\t\t\n<style>\n#col-1820366708 > .col-inner {\n  padding: 40px 40px 40px 40px;\n}\n<\/style>\n\t<\/div>\n\n\t\n\n<\/div>\n\n\t\t<\/div>\n\t\t\t\t\n<style>\n#col-649389463 > .col-inner {\n  margin: 10px 0px 10px 0px;\n}\n<\/style>\n\t<\/div>\n\n\t\n\n\n<style>\n#row-1538513378 > .col > .col-inner {\n  background-color: rgb(255,255,255);\n}\n<\/style>\n<\/div>\n<div class=\"row\"  id=\"row-234949043\">\n\n\n\t<div id=\"col-82825137\" class=\"col small-12 large-12\"  >\n\t\t\t\t<div class=\"col-inner\"  >\n\t\t\t\n\t\t\t\n\n<div class=\"row row-collapse align-middle\"  id=\"row-708992350\">\n\n\n\t<div id=\"col-422535626\" class=\"col team-sorted-info medium-7 small-12 large-8\"  >\n\t\t\t\t<div class=\"col-inner\"  >\n\t\t\t\n\t\t\t\n\n<h2>Panneaux de jardin verticaux<\/h2>\n\t<div id=\"gap-122596418\" class=\"gap-element clearfix\" style=\"display:block; height:auto;\">\n\t\t\n<style>\n#gap-122596418 {\n  padding-top: 5px;\n}\n<\/style>\n\t<\/div>\n\t\n\n<p>L&#039;effet 3D \u00e9tonnant de ces panneaux de haie artificielle tropicale est cr\u00e9\u00e9 par les diff\u00e9rentes tailles, profondeurs et styles de plantes contenues dans la conception. Les plantes d\u00e9collent et s&#039;\u00e9loignent du panneau et conf\u00e8rent au mur v\u00e9g\u00e9tal plus de profondeur et de r\u00e9alisme.<\/p>\n<p>Id\u00e9al pour les murs verts artificiels dans les bureaux, maisons, magasins, h\u00f4tels, bars, caf\u00e9s et restaurants. Id\u00e9al pour les stands d&#039;exposition, les \u00e9v\u00e9nements d&#039;entreprise, les mariages et autres \u00e9v\u00e9nements priv\u00e9s, ainsi que les superbes arri\u00e8re-plans pour les logos, les enseignes au n\u00e9on et les lettres.<\/p>\n<div class=\"is-divider divider clearfix\" style=\"margin-top:1.2em;margin-bottom:1.2em;max-width:100%;height:2px;background-color:rgba(0, 0, 0, 0.09);\"><\/div>\n\n<div class=\"row row-small\"  id=\"row-1693019666\">\n\n\n\t<div id=\"col-1627589772\" class=\"col medium-12 small-12 large-5\"  >\n\t\t\t\t<div class=\"col-inner\"  >\n\t\t\t\n\t\t\t\n\n<a href=\"https:\/\/arturf.com\/fr\/product\/vertical-garden-panels\/\" class=\"button secondary lowercase expand\" >\n\t\t<span>d\u00e9tails du produit<\/span>\n\t<i class=\"icon-angle-right\" aria-hidden=\"true\"><\/i><\/a>\n\n\n\n\t\t<\/div>\n\t\t\t\t\t<\/div>\n\n\t\n\n\t<div id=\"col-973436942\" class=\"col medium-12 small-12 large-7\"  >\n\t\t\t\t<div class=\"col-inner\"  >\n\t\t\t\n\t\t\t\n\n\n\t\t<\/div>\n\t\t\t\t\t<\/div>\n\n\t\n\n<\/div>\n\n\t\t<\/div>\n\t\t\t\t\n<style>\n#col-422535626 > .col-inner {\n  padding: 40px 40px 40px 40px;\n}\n<\/style>\n\t<\/div>\n\n\t\n\n\t<div id=\"col-1452921084\" class=\"col medium-5 small-12 large-4 small-col-first\"  >\n\t\t\t\t<div class=\"col-inner\"  >\n\t\t\t\n\t\t\t\n\n\n  <div class=\"banner has-hover\" id=\"banner-319155858\">\n          <div class=\"banner-inner fill\">\n        <div class=\"banner-bg fill\" >\n            <img loading=\"lazy\" decoding=\"async\" width=\"600\" height=\"838\" src=\"https:\/\/arturf.com\/wp-content\/uploads\/2021\/01\/3D-Vertical-Garden-Panel.jpg\" class=\"bg attachment-original size-original\" alt=\"\" \/>                                    \n                    <\/div>\n\t\t\n        <div class=\"banner-layers container\">\n            <div class=\"fill banner-link\"><\/div>            \n\n\n        <\/div>\n      <\/div>\n\n            \n<style>\n#banner-319155858 {\n  padding-top: 400px;\n  background-color: rgb(244, 244, 244);\n}\n@media (min-width:550px) {\n  #banner-319155858 {\n    padding-top: 500px;\n  }\n}\n<\/style>\n  <\/div>\n\n\n\n\t\t<\/div>\n\t\t\t\t\t<\/div>\n\n\t\n\n<\/div>\n\n\t\t<\/div>\n\t\t\t\t\n<style>\n#col-82825137 > .col-inner {\n  margin: 10px 0px 10px 0px;\n}\n<\/style>\n\t<\/div>\n\n\t\n\n\n<style>\n#row-234949043 > .col > .col-inner {\n  background-color: rgb(255,255,255);\n}\n<\/style>\n<\/div>\n\n\t\t<\/div>\n\n\t\t\n<style>\n#section_540216716 {\n  padding-top: 60px;\n  padding-bottom: 60px;\n  background-color: rgb(228, 228, 228);\n}\n<\/style>\n\t<\/section>\n\t\n<div class=\"row\"  id=\"row-1011035727\">\n\n\n\t<div id=\"col-424722253\" class=\"col medium-4 small-12 large-4\"  >\n\t\t\t\t<div class=\"col-inner\"  >\n\t\t\t\n\t\t\t\n\n<h3 style=\"text-align: center;\">100% PE frais<\/h3>\n<p style=\"text-align: center;\">Fabriqu\u00e9 \u00e0 partir de poly\u00e9thyl\u00e8ne de premi\u00e8re qualit\u00e9. Les mat\u00e9riaux frais 100% assurent \u00e0 nos haies artificielles une longue dur\u00e9e de vie.<\/p>\n\n\t\t<\/div>\n\t\t\t\t\t<\/div>\n\n\t\n\n\t<div id=\"col-894354516\" class=\"col medium-4 small-12 large-4\"  >\n\t\t\t\t<div class=\"col-inner\"  >\n\t\t\t\n\t\t\t\n\n<h3 style=\"text-align: center;\">Stabilis\u00e9 aux UV<\/h3>\n<p style=\"text-align: center;\">Des haies artificielles r\u00e9sistantes aux UV (Oui ou en option) con\u00e7ues pour garder votre plante plus longtemps et pleine de couleurs.<\/p>\n\n\t\t<\/div>\n\t\t\t\t\t<\/div>\n\n\t\n\n\t<div id=\"col-1616887652\" class=\"col medium-4 small-12 large-4\"  >\n\t\t\t\t<div class=\"col-inner\"  >\n\t\t\t\n\t\t\t\n\n<h3 style=\"text-align: center;\">R\u00e9aliste<\/h3>\n<p style=\"text-align: center;\">Chaque feuille est moul\u00e9e individuellement, garantissant que le produit final est presque impossible \u00e0 distinguer d&#039;une haie r\u00e9elle.<\/p>\n\n\t\t<\/div>\n\t\t\t\t\t<\/div>\n\n\t\n\n<\/div>\n\n\t<section class=\"section dark\" id=\"section_1240837386\">\n\t\t<div class=\"section-bg fill\" >\n\t\t\t\t\t\t\t\t\t\n\t\t\t\n\n\t\t<\/div>\n\n\t\t\n\n\t\t<div class=\"section-content relative\">\n\t\t\t\n\n<div class=\"row\"  id=\"row-257384053\">\n\n\n\t<div id=\"col-2100098498\" class=\"col medium-8 small-12 large-6\"  >\n\t\t\t\t<div class=\"col-inner\"  >\n\t\t\t\n\t\t\t\n\n<h3 style=\"font-size: 250%;\">Demandez des \u00e9chantillons et des devis gratuits d\u00e8s aujourd&#039;hui\u00a0!<\/h3>\n<p>Contactez-nous pour recevoir des \u00e9chantillons gratuits de nos haies artificielles et obtenir un devis gratuit. Nous appr\u00e9cions votre int\u00e9r\u00eat pour nos produits et nous nous engageons \u00e0 fournir un excellent service client.<\/p>\n<a href=\"mailto:info@arturf.com\" class=\"button white lowercase\" >\n\t\t<span>hedge@arturf.com<\/span>\n\t<\/a>\n\n\n\n\t\t<\/div>\n\t\t\t\t\n<style>\n#col-2100098498 > .col-inner {\n  padding: 30px 0px 0px 0px;\n}\n<\/style>\n\t<\/div>\n\n\t\n\n\t<div id=\"col-38412718\" class=\"col medium-8 small-12 large-6\"  >\n\t\t\t\t<div class=\"col-inner\"  >\n\t\t\t\n\t\t\t\n\n<form id=\"forminator-module-15348\" class=\"forminator-custom-form forminator-custom-form-15348\" method=\"post\" data-forminator-render=\"0\" data-uid=\"69e4a40ce4255\" action=\"\"><div role=\"alert\" aria-live=\"polite\" class=\"forminator-response-message forminator-error\" aria-hidden=\"true\"><\/div><input type=\"hidden\" name=\"trp-form-language\" value=\"fr\"\/><\/form>\n<p><em>Pour des informations d\u00e9taill\u00e9es, veuillez visiter notre site Web d\u00e9di\u00e9 pour <a href=\"https:\/\/pandagreens.com\/\">haies artificielles<\/a><\/em><\/p>\n\n\t\t<\/div>\n\t\t\t\t\n<style>\n#col-38412718 > .col-inner {\n  padding: 30px 0px 0px 0px;\n}\n<\/style>\n\t<\/div>\n\n\t\n\n<\/div>\n\n\t\t<\/div>\n\n\t\t\n<style>\n#section_1240837386 {\n  padding-top: 60px;\n  padding-bottom: 60px;\n  background-color: rgb(43, 43, 43);\n}\n<\/style>\n\t<\/section>","protected":false},"excerpt":{"rendered":"","protected":false},"author":3,"featured_media":0,"parent":6461,"menu_order":0,"comment_status":"closed","ping_status":"closed","template":"page-blank-landingpage.php","meta":{"_seopress_robots_primary_cat":"","_seopress_titles_title":"Artificial Hedge Mats-Vertical Garden Panels-Wall Grass","_seopress_titles_desc":"We provide commercial-grade artificial hedges and plants at unbeatable price. Reliable artificial hedge manufacturer located in China.","_seopress_robots_index":"","footnotes":""},"class_list":["post-13630","page","type-page","status-publish","hentry"],"_links":{"self":[{"href":"https:\/\/arturf.com\/fr\/wp-json\/wp\/v2\/pages\/13630","targetHints":{"allow":["GET"]}}],"collection":[{"href":"https:\/\/arturf.com\/fr\/wp-json\/wp\/v2\/pages"}],"about":[{"href":"https:\/\/arturf.com\/fr\/wp-json\/wp\/v2\/types\/page"}],"author":[{"embeddable":true,"href":"https:\/\/arturf.com\/fr\/wp-json\/wp\/v2\/users\/3"}],"replies":[{"embeddable":true,"href":"https:\/\/arturf.com\/fr\/wp-json\/wp\/v2\/comments?post=13630"}],"version-history":[{"count":0,"href":"https:\/\/arturf.com\/fr\/wp-json\/wp\/v2\/pages\/13630\/revisions"}],"up":[{"embeddable":true,"href":"https:\/\/arturf.com\/fr\/wp-json\/wp\/v2\/pages\/6461"}],"wp:attachment":[{"href":"https:\/\/arturf.com\/fr\/wp-json\/wp\/v2\/media?parent=13630"}],"curies":[{"name":"wp","href":"https:\/\/api.w.org\/{rel}","templated":true}]}}