{"id":18911,"date":"2023-07-08T18:19:01","date_gmt":"2023-07-08T10:19:01","guid":{"rendered":"https:\/\/arturf.com\/?page_id=18911"},"modified":"2023-07-10T15:10:33","modified_gmt":"2023-07-10T07:10:33","slug":"quality-assurance","status":"publish","type":"page","link":"https:\/\/arturf.com\/fr\/about\/quality-assurance\/","title":{"rendered":"Assurance qualit\u00e9"},"content":{"rendered":"<section class=\"section\" id=\"section_50654427\">\n\t\t<div class=\"section-bg fill\" >\n\t\t\t<img loading=\"lazy\" decoding=\"async\" width=\"1440\" height=\"500\" src=\"https:\/\/arturf.com\/wp-content\/uploads\/2023\/07\/Artificial-Turf-Durability-Testing.webp\" class=\"bg attachment-1536x1536 size-1536x1536\" alt=\"Qualit\u00e9\" \/>\t\t\t\t\t\t\n\t\t\t\n\n\t\t<\/div>\n\n\t\t\n\n\t\t<div class=\"section-content relative\">\n\t\t\t\n\n<div class=\"row\" style=\"max-width:1200px\" id=\"row-1698106966\">\n\n\n\t<div id=\"col-217974857\" class=\"col medium-5 small-12 large-5\"  >\n\t\t\t\t<div class=\"col-inner\"  >\n\t\t\t\n\t\t\t\n\n\t<div id=\"gap-1763258496\" class=\"gap-element clearfix\" style=\"display:block; height:auto;\">\n\t\t\n<style>\n#gap-1763258496 {\n  padding-top: 0px;\n}\n@media (min-width:850px) {\n  #gap-1763258496 {\n    padding-top: 30px;\n  }\n}\n<\/style>\n\t<\/div>\n\t\n\n\n\t\t<\/div>\n\t\t\t\t\t<\/div>\n\n\t\n\n\t<div id=\"col-901125640\" class=\"col medium-12 small-12 large-7\"  >\n\t\t\t\t<div class=\"col-inner\"  >\n\t\t\t\n\t\t\t\n\n\t<div id=\"gap-1279738989\" class=\"gap-element clearfix\" style=\"display:block; height:auto;\">\n\t\t\n<style>\n#gap-1279738989 {\n  padding-top: 30px;\n}\n<\/style>\n\t<\/div>\n\t\n\n\t<div id=\"text-1863795191\" class=\"text\">\n\t\t\n\n<h1>Assurance qualit\u00e9<\/h1>\n\t\t\n<style>\n#text-1863795191 {\n  font-size: 2.5rem;\n  color: rgb(255,255,255);\n}\n#text-1863795191 > * {\n  color: rgb(255,255,255);\n}\n@media (min-width:550px) {\n  #text-1863795191 {\n    font-size: 2rem;\n  }\n}\n<\/style>\n\t<\/div>\n\t\n\n\t\t<\/div>\n\t\t\t\t\n<style>\n#col-901125640 > .col-inner {\n  padding: 0px 0px 0px 0;\n}\n@media (min-width:550px) {\n  #col-901125640 > .col-inner {\n    padding: 0px 0px 0px 30px;\n  }\n}\n<\/style>\n\t<\/div>\n\n\t\n\n<\/div>\n\n\t\t<\/div>\n\n\t\t\n<style>\n#section_50654427 {\n  padding-top: 30px;\n  padding-bottom: 30px;\n  min-height: 300px;\n}\n#section_50654427 .section-bg img {\n  object-position: left;\n}\n@media (min-width:550px) {\n  #section_50654427 {\n    min-height: 450px;\n  }\n}\n@media (min-width:850px) {\n  #section_50654427 {\n    min-height: 500px;\n  }\n}\n<\/style>\n\t<\/section>\n\t\n<div class=\"row\" style=\"max-width:1200px\" id=\"row-1016685229\">\n\n\n\t<div id=\"col-1419095083\" class=\"col medium-12 small-12 large-5\"  >\n\t\t\t\t<div class=\"col-inner\"  >\n\t\t\t\n\t\t\t\n\n\n  <div class=\"banner has-hover\" id=\"banner-749612090\">\n          <div class=\"banner-inner fill\">\n        <div class=\"banner-bg fill\" >\n            <img loading=\"lazy\" decoding=\"async\" width=\"780\" height=\"844\" src=\"https:\/\/arturf.com\/wp-content\/uploads\/2023\/07\/Artificial-Turf-Fiber-Tensile-Test.jpg\" class=\"bg attachment-large size-large\" alt=\"Qualit\u00e9\" \/>                                    \n                    <\/div>\n\t\t\n        <div class=\"banner-layers container\">\n            <div class=\"fill banner-link\"><\/div>            \n\n\n        <\/div>\n      <\/div>\n\n            \n<style>\n#banner-749612090 {\n  padding-top: 300px;\n  background-color: rgb(255, 255, 255);\n}\n#banner-749612090 .banner-bg img {\n  object-position: 50% 56%;\n}\n@media (min-width:550px) {\n  #banner-749612090 {\n    padding-top: 500px;\n  }\n}\n@media (min-width:850px) {\n  #banner-749612090 {\n    padding-top: 650px;\n  }\n}\n<\/style>\n  <\/div>\n\n\n\t<div id=\"gap-1826454744\" class=\"gap-element clearfix\" style=\"display:block; height:auto;\">\n\t\t\n<style>\n#gap-1826454744 {\n  padding-top: 0px;\n}\n@media (min-width:850px) {\n  #gap-1826454744 {\n    padding-top: 50px;\n  }\n}\n<\/style>\n\t<\/div>\n\t\n\n\n\t\t<\/div>\n\t\t\t\t\n<style>\n#col-1419095083 > .col-inner {\n  margin: -100px 0px 0px 0px;\n}\n@media (min-width:550px) {\n  #col-1419095083 > .col-inner {\n    margin: -150px 0px 0px 0px;\n  }\n}\n@media (min-width:850px) {\n  #col-1419095083 > .col-inner {\n    margin: -400px 0px 0px 0px;\n  }\n}\n<\/style>\n\t<\/div>\n\n\t\n\n\t<div id=\"col-1754383735\" class=\"col medium-11 small-12 large-7\"  >\n\t\t\t\t<div class=\"col-inner\"  >\n\t\t\t\n\t\t\t\n\n\t<div id=\"gap-229045230\" class=\"gap-element clearfix\" style=\"display:block; height:auto;\">\n\t\t\n<style>\n#gap-229045230 {\n  padding-top: 30px;\n}\n<\/style>\n\t<\/div>\n\t\n\n<p>Chez Arturf, nous sommes extr\u00eamement fiers d&#039;\u00eatre le premier fabricant de gazon artificiel en Chine, engag\u00e9 \u00e0 fournir des produits de haute qualit\u00e9 qui d\u00e9passent les attentes des clients. Notre engagement envers l&#039;assurance qualit\u00e9 est ancr\u00e9 \u00e0 chaque \u00e9tape de notre processus de fabrication. De la s\u00e9lection des meilleures mati\u00e8res premi\u00e8res \u00e0 la mise en \u0153uvre de protocoles de test rigoureux, nous ne m\u00e9nageons aucun effort pour garantir que notre gazon artificiel se d\u00e9marque en termes de durabilit\u00e9, d&#039;esth\u00e9tique et de performance.<\/p>\n\n\t\t<\/div>\n\t\t\t\t\n<style>\n#col-1754383735 > .col-inner {\n  padding: 0px 0px 0px 0;\n}\n@media (min-width:550px) {\n  #col-1754383735 > .col-inner {\n    padding: 0px 0px 0px 30px;\n  }\n}\n<\/style>\n\t<\/div>\n\n\t\n\n<\/div>\n\n\t<section class=\"section\" id=\"section_1068432920\">\n\t\t<div class=\"section-bg fill\" >\n\t\t\t\t\t\t\t\t\t\n\t\t\t\n\n\t\t<\/div>\n\n\t\t\n\n\t\t<div class=\"section-content relative\">\n\t\t\t\n\n<div class=\"row\" style=\"max-width:1200px\" id=\"row-1750538442\">\n\n\n\t<div id=\"col-1981492849\" class=\"col small-12 large-12\"  >\n\t\t\t\t<div class=\"col-inner\"  >\n\t\t\t\n\t\t\t\n\n\t<div id=\"text-318611444\" class=\"text\">\n\t\t\n\n<h3>Notre engagement envers l&#039;excellence<\/h3>\n\t\t\n<style>\n#text-318611444 {\n  font-size: 1.75rem;\n  text-align: center;\n}\n<\/style>\n\t<\/div>\n\t\n\n\t\t<\/div>\n\t\t\t\t\t<\/div>\n\n\t\n\n<\/div>\n<div class=\"row row-large row-solid\" style=\"max-width:1200px\" id=\"row-1231255684\">\n\n\n\t<div id=\"col-158544968\" class=\"col medium-10 small-12 large-6\"  >\n\t\t\t\t<div class=\"col-inner\"  >\n\t\t\t\n\t\t\t\n\n\n\t\t<div class=\"icon-box featured-box icon-box-left text-left\"  >\n\t\t\t\t\t<div class=\"icon-box-img\" style=\"width: 69px\">\n\t\t\t\t<div class=\"icon\">\n\t\t\t\t\t<div class=\"icon-inner\" >\n\t\t\t\t\t\t<img loading=\"lazy\" decoding=\"async\" width=\"120\" height=\"120\" src=\"https:\/\/arturf.com\/wp-content\/uploads\/2023\/07\/check-line.png\" class=\"attachment-medium size-medium\" alt=\"Qualit\u00e9\" srcset=\"https:\/\/arturf.com\/wp-content\/uploads\/2023\/07\/check-line.png 120w, https:\/\/arturf.com\/wp-content\/uploads\/2023\/07\/check-line-12x12.png 12w, https:\/\/arturf.com\/wp-content\/uploads\/2023\/07\/check-line-100x100.png 100w\" sizes=\"auto, (max-width: 120px) 100vw, 120px\" \/>\t\t\t\t\t<\/div>\n\t\t\t\t<\/div>\n\t\t\t<\/div>\n\t\t\t\t<div class=\"icon-box-text last-reset\">\n\t\t\t\t\t\t\t\t\t\n\n<h4>Mat\u00e9riaux haut de gamme<\/h4>\n<p>Des mat\u00e9riaux de premi\u00e8re qualit\u00e9 soigneusement s\u00e9lectionn\u00e9s garantissent une qualit\u00e9, une durabilit\u00e9 et une r\u00e9sistance sup\u00e9rieures \u00e0 l&#039;usure, aux rayons UV et aux facteurs environnementaux.<\/p>\n\n\t\t<\/div>\n\t<\/div>\n\t\n\t\n\t<div id=\"gap-1337640058\" class=\"gap-element clearfix\" style=\"display:block; height:auto;\">\n\t\t\n<style>\n#gap-1337640058 {\n  padding-top: 30px;\n}\n<\/style>\n\t<\/div>\n\t\n\n\n\t\t<div class=\"icon-box featured-box icon-box-left text-left\"  >\n\t\t\t\t\t<div class=\"icon-box-img\" style=\"width: 69px\">\n\t\t\t\t<div class=\"icon\">\n\t\t\t\t\t<div class=\"icon-inner\" >\n\t\t\t\t\t\t<img loading=\"lazy\" decoding=\"async\" width=\"120\" height=\"120\" src=\"https:\/\/arturf.com\/wp-content\/uploads\/2023\/07\/check-line.png\" class=\"attachment-medium size-medium\" alt=\"Qualit\u00e9\" srcset=\"https:\/\/arturf.com\/wp-content\/uploads\/2023\/07\/check-line.png 120w, https:\/\/arturf.com\/wp-content\/uploads\/2023\/07\/check-line-12x12.png 12w, https:\/\/arturf.com\/wp-content\/uploads\/2023\/07\/check-line-100x100.png 100w\" sizes=\"auto, (max-width: 120px) 100vw, 120px\" \/>\t\t\t\t\t<\/div>\n\t\t\t\t<\/div>\n\t\t\t<\/div>\n\t\t\t\t<div class=\"icon-box-text last-reset\">\n\t\t\t\t\t\t\t\t\t\n\n<h4>Machinerie de pointe<\/h4>\n<p>Usine de gazon artificiel \u00e0 la pointe de la technologie avec des machines d&#039;extrusion, de touffetage et de rev\u00eatement avanc\u00e9es, \u00e0 la pointe de la technologie et de l&#039;innovation.<\/p>\n\n\t\t<\/div>\n\t<\/div>\n\t\n\t\n\t<div id=\"gap-1432909180\" class=\"gap-element clearfix\" style=\"display:block; height:auto;\">\n\t\t\n<style>\n#gap-1432909180 {\n  padding-top: 30px;\n}\n<\/style>\n\t<\/div>\n\t\n\n\n\t\t<div class=\"icon-box featured-box icon-box-left text-left\"  >\n\t\t\t\t\t<div class=\"icon-box-img\" style=\"width: 69px\">\n\t\t\t\t<div class=\"icon\">\n\t\t\t\t\t<div class=\"icon-inner\" >\n\t\t\t\t\t\t<img loading=\"lazy\" decoding=\"async\" width=\"120\" height=\"120\" src=\"https:\/\/arturf.com\/wp-content\/uploads\/2023\/07\/check-line.png\" class=\"attachment-medium size-medium\" alt=\"Qualit\u00e9\" srcset=\"https:\/\/arturf.com\/wp-content\/uploads\/2023\/07\/check-line.png 120w, https:\/\/arturf.com\/wp-content\/uploads\/2023\/07\/check-line-12x12.png 12w, https:\/\/arturf.com\/wp-content\/uploads\/2023\/07\/check-line-100x100.png 100w\" sizes=\"auto, (max-width: 120px) 100vw, 120px\" \/>\t\t\t\t\t<\/div>\n\t\t\t\t<\/div>\n\t\t\t<\/div>\n\t\t\t\t<div class=\"icon-box-text last-reset\">\n\t\t\t\t\t\t\t\t\t\n\n<h4>Artisanat qualifi\u00e9<\/h4>\n<p>Des techniciens hautement exp\u00e9riment\u00e9s garantissent une attention exceptionnelle aux d\u00e9tails et \u00e0 l&#039;excellence dans chaque produit, tirant parti d&#039;une expertise approfondie dans la fabrication de gazon synth\u00e9tique.<\/p>\n\n\t\t<\/div>\n\t<\/div>\n\t\n\t\n\t<div id=\"gap-2075683164\" class=\"gap-element clearfix\" style=\"display:block; height:auto;\">\n\t\t\n<style>\n#gap-2075683164 {\n  padding-top: 30px;\n}\n<\/style>\n\t<\/div>\n\t\n\n\n\t\t<\/div>\n\t\t\t\t\n<style>\n#col-158544968 > .col-inner {\n  padding: 0px 0 0px 0px;\n}\n@media (min-width:850px) {\n  #col-158544968 > .col-inner {\n    padding: 0px 40px 0px 0px;\n  }\n}\n<\/style>\n\t<\/div>\n\n\t\n\n\t<div id=\"col-1428829538\" class=\"col medium-10 small-12 large-6\"  >\n\t\t\t\t<div class=\"col-inner\"  >\n\t\t\t\n\t\t\t\n\n\n\t\t<div class=\"icon-box featured-box icon-box-left text-left\"  >\n\t\t\t\t\t<div class=\"icon-box-img\" style=\"width: 69px\">\n\t\t\t\t<div class=\"icon\">\n\t\t\t\t\t<div class=\"icon-inner\" >\n\t\t\t\t\t\t<img loading=\"lazy\" decoding=\"async\" width=\"120\" height=\"120\" src=\"https:\/\/arturf.com\/wp-content\/uploads\/2023\/07\/check-line.png\" class=\"attachment-medium size-medium\" alt=\"Qualit\u00e9\" srcset=\"https:\/\/arturf.com\/wp-content\/uploads\/2023\/07\/check-line.png 120w, https:\/\/arturf.com\/wp-content\/uploads\/2023\/07\/check-line-12x12.png 12w, https:\/\/arturf.com\/wp-content\/uploads\/2023\/07\/check-line-100x100.png 100w\" sizes=\"auto, (max-width: 120px) 100vw, 120px\" \/>\t\t\t\t\t<\/div>\n\t\t\t\t<\/div>\n\t\t\t<\/div>\n\t\t\t\t<div class=\"icon-box-text last-reset\">\n\t\t\t\t\t\t\t\t\t\n\n<h4>Tests de pr\u00e9-lancement approfondis<\/h4>\n<p>Notre \u00e9quipe QC effectue des tests complets de r\u00e9sistance \u00e0 l&#039;usure, de r\u00e9sistance aux UV et de performances, d\u00e9passant les normes de l&#039;industrie, garantissant une qualit\u00e9 de produit exceptionnelle.<\/p>\n\n\t\t<\/div>\n\t<\/div>\n\t\n\t\n\t<div id=\"gap-1650917510\" class=\"gap-element clearfix\" style=\"display:block; height:auto;\">\n\t\t\n<style>\n#gap-1650917510 {\n  padding-top: 30px;\n}\n<\/style>\n\t<\/div>\n\t\n\n\n\t\t<div class=\"icon-box featured-box icon-box-left text-left\"  >\n\t\t\t\t\t<div class=\"icon-box-img\" style=\"width: 69px\">\n\t\t\t\t<div class=\"icon\">\n\t\t\t\t\t<div class=\"icon-inner\" >\n\t\t\t\t\t\t<img loading=\"lazy\" decoding=\"async\" width=\"120\" height=\"120\" src=\"https:\/\/arturf.com\/wp-content\/uploads\/2023\/07\/check-line.png\" class=\"attachment-medium size-medium\" alt=\"Qualit\u00e9\" srcset=\"https:\/\/arturf.com\/wp-content\/uploads\/2023\/07\/check-line.png 120w, https:\/\/arturf.com\/wp-content\/uploads\/2023\/07\/check-line-12x12.png 12w, https:\/\/arturf.com\/wp-content\/uploads\/2023\/07\/check-line-100x100.png 100w\" sizes=\"auto, (max-width: 120px) 100vw, 120px\" \/>\t\t\t\t\t<\/div>\n\t\t\t\t<\/div>\n\t\t\t<\/div>\n\t\t\t\t<div class=\"icon-box-text last-reset\">\n\t\t\t\t\t\t\t\t\t\n\n<h4>Inspections approfondies<\/h4>\n<p>Nous effectuons des inspections de production et d&#039;\u00e9chantillonnage de routine rigoureuses pour chaque commande, garantissant des produits exceptionnels et la satisfaction de nos clients.<\/p>\n\n\t\t<\/div>\n\t<\/div>\n\t\n\t\n\t<div id=\"gap-90902079\" class=\"gap-element clearfix\" style=\"display:block; height:auto;\">\n\t\t\n<style>\n#gap-90902079 {\n  padding-top: 30px;\n}\n<\/style>\n\t<\/div>\n\t\n\n\n\t\t<div class=\"icon-box featured-box icon-box-left text-left\"  >\n\t\t\t\t\t<div class=\"icon-box-img\" style=\"width: 69px\">\n\t\t\t\t<div class=\"icon\">\n\t\t\t\t\t<div class=\"icon-inner\" >\n\t\t\t\t\t\t<img loading=\"lazy\" decoding=\"async\" width=\"120\" height=\"120\" src=\"https:\/\/arturf.com\/wp-content\/uploads\/2023\/07\/check-line.png\" class=\"attachment-medium size-medium\" alt=\"Qualit\u00e9\" srcset=\"https:\/\/arturf.com\/wp-content\/uploads\/2023\/07\/check-line.png 120w, https:\/\/arturf.com\/wp-content\/uploads\/2023\/07\/check-line-12x12.png 12w, https:\/\/arturf.com\/wp-content\/uploads\/2023\/07\/check-line-100x100.png 100w\" sizes=\"auto, (max-width: 120px) 100vw, 120px\" \/>\t\t\t\t\t<\/div>\n\t\t\t\t<\/div>\n\t\t\t<\/div>\n\t\t\t\t<div class=\"icon-box-text last-reset\">\n\t\t\t\t\t\t\t\t\t\n\n<h4>Garantie fiable<\/h4>\n<p>Notre garantie fiable garantit la satisfaction totale du client, r\u00e9solvant rapidement tout d\u00e9faut ou probl\u00e8me dans notre gazon artificiel.<\/p>\n\n\t\t<\/div>\n\t<\/div>\n\t\n\t\n\n\t\t<\/div>\n\t\t\t\t\n<style>\n#col-1428829538 > .col-inner {\n  padding: 0px 0px 0px 0;\n}\n@media (min-width:850px) {\n  #col-1428829538 > .col-inner {\n    padding: 0px 0px 0px 30px;\n  }\n}\n<\/style>\n\t<\/div>\n\n\t\n\n<\/div>\n\t<div id=\"gap-1930358134\" class=\"gap-element clearfix\" style=\"display:block; height:auto;\">\n\t\t\n<style>\n#gap-1930358134 {\n  padding-top: 30px;\n}\n<\/style>\n\t<\/div>\n\t\n\n\n\t\t<\/div>\n\n\t\t\n<style>\n#section_1068432920 {\n  padding-top: 80px;\n  padding-bottom: 80px;\n  background-color: rgb(242, 238, 241);\n}\n<\/style>\n\t<\/section>\n\t\n\n\t<section class=\"section\" id=\"section_288372648\">\n\t\t<div class=\"section-bg fill\" >\n\t\t\t\t\t\t\t\t\t\n\t\t\t\n\n\t\t<\/div>\n\n\t\t\n\n\t\t<div class=\"section-content relative\">\n\t\t\t\n\n<div class=\"row align-center\" style=\"max-width:1200px\" id=\"row-2075859992\">\n\n\n\t<div id=\"col-1371209956\" class=\"col medium-10 small-12 large-8\"  >\n\t\t\t\t<div class=\"col-inner\"  >\n\t\t\t\n\t\t\t\n\n\t<div id=\"gap-109053946\" class=\"gap-element clearfix\" style=\"display:block; height:auto;\">\n\t\t\n<style>\n#gap-109053946 {\n  padding-top: 30px;\n}\n<\/style>\n\t<\/div>\n\t\n\n\t<div id=\"text-216490392\" class=\"text\">\n\t\t\n\n<h1>Priorit\u00e9 de qualit\u00e9 constante<\/h1>\n\t\t\n<style>\n#text-216490392 {\n  font-size: 1.75rem;\n  text-align: center;\n}\n<\/style>\n\t<\/div>\n\t\n\t<div id=\"gap-846571212\" class=\"gap-element clearfix\" style=\"display:block; height:auto;\">\n\t\t\n<style>\n#gap-846571212 {\n  padding-top: 10px;\n}\n<\/style>\n\t<\/div>\n\t\n\n\t<div id=\"text-2210239361\" class=\"text\">\n\t\t\n\n<p>Chez Arturf, nous accordons une importance in\u00e9branlable \u00e0 l&#039;assurance qualit\u00e9. Gr\u00e2ce \u00e0 une s\u00e9lection m\u00e9ticuleuse des mati\u00e8res premi\u00e8res, \u00e0 l&#039;utilisation de machines avanc\u00e9es, \u00e0 une main-d&#039;\u0153uvre qualifi\u00e9e, \u00e0 des tests complets, \u00e0 des inspections de routine et d&#039;\u00e9chantillonnage et \u00e0 des conditions de garantie fiables, nous garantissons la production d&#039;un gazon artificiel de premier ordre qui excelle en termes de durabilit\u00e9, d&#039;esth\u00e9tique et de performances. Choisissez Arturf pour des solutions de gazon synth\u00e9tique de qualit\u00e9 sup\u00e9rieure, transformant n&#039;importe quel espace en un paysage magnifique et fonctionnel.<\/p>\n\t\t\n<style>\n#text-2210239361 {\n  text-align: center;\n}\n<\/style>\n\t<\/div>\n\t\n\n\t\t<\/div>\n\t\t\t\t\t<\/div>\n\n\t\n\n<\/div>\n<div class=\"nav-wrapper\"><ul class=\"nav nav-uppercase nav-horizontal nav-pills text-center nav-center\"><p class=\"lead shortcode-error text-center\">D\u00e9sol\u00e9, aucune page n&#039;a \u00e9t\u00e9 trouv\u00e9e<\/p><\/ul><\/div>\n\n\n\t\t<\/div>\n\n\t\t\n<style>\n#section_288372648 {\n  padding-top: 30px;\n  padding-bottom: 30px;\n}\n<\/style>\n\t<\/section>","protected":false},"excerpt":{"rendered":"","protected":false},"author":3,"featured_media":0,"parent":5652,"menu_order":2,"comment_status":"closed","ping_status":"closed","template":"page-blank.php","meta":{"_seopress_robots_primary_cat":"","_seopress_titles_title":"","_seopress_titles_desc":"Arturf is dedicated to delivering high-quality products that surpass customer expectations. Our commitment to quality assurance is ingrained in every step of our manufacturing process.","_seopress_robots_index":"","footnotes":""},"class_list":["post-18911","page","type-page","status-publish","hentry"],"_links":{"self":[{"href":"https:\/\/arturf.com\/fr\/wp-json\/wp\/v2\/pages\/18911","targetHints":{"allow":["GET"]}}],"collection":[{"href":"https:\/\/arturf.com\/fr\/wp-json\/wp\/v2\/pages"}],"about":[{"href":"https:\/\/arturf.com\/fr\/wp-json\/wp\/v2\/types\/page"}],"author":[{"embeddable":true,"href":"https:\/\/arturf.com\/fr\/wp-json\/wp\/v2\/users\/3"}],"replies":[{"embeddable":true,"href":"https:\/\/arturf.com\/fr\/wp-json\/wp\/v2\/comments?post=18911"}],"version-history":[{"count":0,"href":"https:\/\/arturf.com\/fr\/wp-json\/wp\/v2\/pages\/18911\/revisions"}],"up":[{"embeddable":true,"href":"https:\/\/arturf.com\/fr\/wp-json\/wp\/v2\/pages\/5652"}],"wp:attachment":[{"href":"https:\/\/arturf.com\/fr\/wp-json\/wp\/v2\/media?parent=18911"}],"curies":[{"name":"wp","href":"https:\/\/api.w.org\/{rel}","templated":true}]}}