{"id":3460,"date":"2012-08-16T14:28:45","date_gmt":"2012-08-16T14:28:45","guid":{"rendered":"https:\/\/arturf.com\/?page_id=3460"},"modified":"2023-07-08T00:24:53","modified_gmt":"2023-07-07T16:24:53","slug":"field-hockey","status":"publish","type":"page","link":"https:\/\/arturf.com\/fr\/sports\/field-hockey\/","title":{"rendered":"Terrain de hockey sur gazon artificiel"},"content":{"rendered":"<div class=\"banner has-hover\" id=\"banner-1950382963\">\n          <div class=\"banner-inner fill\">\n        <div class=\"banner-bg fill\" >\n            <img loading=\"lazy\" decoding=\"async\" width=\"1020\" height=\"365\" src=\"https:\/\/arturf.com\/wp-content\/uploads\/2019\/01\/artificial-grass-field-hockey-1024x366.jpg\" class=\"bg attachment-large size-large\" alt=\"Hockey\" \/>                                    \n                    <\/div>\n\t\t\n        <div class=\"banner-layers container\">\n            <div class=\"fill banner-link\"><\/div>            \n\n   <div id=\"text-box-347785645\" class=\"text-box banner-layer x50 md-x50 lg-x50 y50 md-y50 lg-y50 res-text\">\n                                <div class=\"text-box-content text dark\">\n              \n              <div class=\"text-inner text-center\">\n                  \n\n<h1>Gazon artificiel pour le hockey<\/h1>\n<p>Am\u00e9liorez votre jeu avec un contr\u00f4le de balle in\u00e9gal\u00e9 et des performances in\u00e9gal\u00e9es.<\/p>\n\n              <\/div>\n           <\/div>\n                            \n<style>\n#text-box-347785645 {\n  width: 60%;\n}\n#text-box-347785645 .text-box-content {\n  font-size: 100%;\n}\n<\/style>\n    <\/div>\n \n\n        <\/div>\n      <\/div>\n\n            \n<style>\n#banner-1950382963 {\n  padding-top: 400px;\n}\n<\/style>\n  <\/div>\n\n\n<div class=\"row align-center\"  id=\"row-634880355\">\n\n\n\t<div id=\"col-1657970528\" class=\"col medium-10 small-12 large-10\"  >\n\t\t\t\t<div class=\"col-inner\"  >\n\t\t\t\n\t\t\t\n\n<p>Vous recherchez les meilleures conditions de jeu en hockey sur gazon ? Tournez-vous vers Arturf, l&#039;un des principaux fabricants de gazon artificiel en Chine. Nous proposons un gazon de hockey de qualit\u00e9 sup\u00e9rieure qui offre une pr\u00e9cision et des performances in\u00e9gal\u00e9es. Avec notre gazon artificiel, le hockey sur gazon est devenu un jeu plus rapide et plus populaire, permettant aux joueurs d&#039;ex\u00e9cuter des passes rapides avec un contr\u00f4le pr\u00e9cis du ballon.<\/p>\n<h3>Pourquoi choisir le gazon synth\u00e9tique pour le hockey ?<\/h3>\n<p>L&#039;introduction du gazon artificiel a r\u00e9volutionn\u00e9 le jeu de hockey, offrant aux joueurs une exp\u00e9rience de jeu am\u00e9lior\u00e9e. Notre gazon de hockey offre une surface lisse qui assure une interaction balle\/surface optimale, r\u00e9sultant en une excellente jouabilit\u00e9. La durabilit\u00e9 de notre gazon est in\u00e9gal\u00e9e, avec une r\u00e9sistance extr\u00eame \u00e0 l&#039;usure.<\/p>\n<h3>Caract\u00e9ristiques de notre gazon de hockey\u00a0:<\/h3>\n<ol>\n<li>\n<h4>Interaction balle\/surface optimale : <\/h4>\n<p>Notre gazon de hockey est con\u00e7u pour fournir un \u00e9quilibre parfait entre la balle et la surface, permettant un roulement et un contr\u00f4le pr\u00e9cis de la balle.\n<\/li>\n<li>\n<h4>Surface lisse pour une excellente jouabilit\u00e9\u00a0: <\/h4>\n<p>La douceur de notre gazon garantit un roulement de balle constant, permettant aux joueurs de montrer leurs comp\u00e9tences et d&#039;ex\u00e9cuter des jeux dynamiques.\n<\/li>\n<li>\n<h4>Durabilit\u00e9 extr\u00eame : <\/h4>\n<p>Notre gazon de hockey est construit pour durer. Il peut r\u00e9sister aux exigences d&#039;un gameplay intense, assurant une long\u00e9vit\u00e9 et un entretien minimal.\n<\/li>\n<li>\n<h4>Point dense pour une apparence compacte\u00a0: <\/h4>\n<p>Les fibres dens\u00e9ment cousues de notre gazon cr\u00e9ent une apparence visuellement attrayante et compacte, am\u00e9liorant l&#039;esth\u00e9tique globale du terrain de hockey.\n<\/li>\n<li>\n<h4>Convivial pour les joueurs avec un confort in\u00e9gal\u00e9\u00a0: <\/h4>\n<p>Nous privil\u00e9gions le confort et la s\u00e9curit\u00e9 des joueurs. Notre gazon de hockey offre une surface coussin\u00e9e qui r\u00e9duit le risque de blessures et offre une exp\u00e9rience de jeu confortable.\n<\/li>\n<\/ol>\n<h3>D\u00e9couvrez la diff\u00e9rence avec le gazon de hockey Arturf<\/h3>\n<p>Chez Arturf, nous nous engageons \u00e0 fournir des solutions de gazon artificiel qui r\u00e9pondent aux plus hauts standards de qualit\u00e9 et de performance. Notre gazon de hockey est con\u00e7u pour \u00e9lever le jeu et cr\u00e9er un environnement de jeu optimal. Que vous soyez un athl\u00e8te professionnel, un gestionnaire d&#039;installations sportives ou une \u00e9cole cherchant \u00e0 am\u00e9liorer votre terrain de hockey, notre gazon artificiel est le choix id\u00e9al.<\/p>\n<p>Lib\u00e9rez le potentiel du hockey sur gazon avec le gazon de hockey de pointe du Arturf. Contactez-nous d\u00e8s aujourd&#039;hui pour discuter de vos besoins et laissez notre \u00e9quipe d&#039;experts vous aider \u00e0 trouver la solution parfaite pour votre terrain de hockey.<\/p>\n\t\n  \n    <div class=\"row large-columns-4 medium-columns-3 small-columns-2 row-small slider row-slider slider-nav-reveal slider-nav-push\"  data-flickity-options='{&quot;imagesLoaded&quot;: true, &quot;groupCells&quot;: &quot;100%&quot;, &quot;dragThreshold&quot; : 5, &quot;cellAlign&quot;: &quot;left&quot;,&quot;wrapAround&quot;: true,&quot;prevNextButtons&quot;: true,&quot;percentPosition&quot;: true,&quot;pageDots&quot;: false, &quot;rightToLeft&quot;: false, &quot;autoPlay&quot; : false}' >\n\n  \n\t     <div class=\"col\" >\n\t\t\t\t\t\t<div class=\"col-inner\">\n\t\t\t\t\t\t\n<div class=\"badge-container absolute left top z-1\">\n\n<\/div>\n\t\t\t\t\t\t<div class=\"product-small box has-hover box-normal box-text-bottom\">\n\t\t\t\t\t\t\t<div class=\"box-image\" >\n\t\t\t\t\t\t\t\t<div class=\"\" >\n\t\t\t\t\t\t\t\t\t<a href=\"https:\/\/arturf.com\/fr\/product\/speed\/\" aria-label=\"La vitesse\">\n\t\t\t\t\t\t\t\t\t\t<img loading=\"lazy\" decoding=\"async\" width=\"350\" height=\"263\" src=\"https:\/\/arturf.com\/wp-content\/uploads\/2019\/01\/Field-Hockey-Grass-Olive-Green-350x263.jpg\" class=\"show-on-hover absolute fill hide-for-small back-image\" alt=\"Vision alternative de la vitesse\" aria-hidden=\"true\" srcset=\"https:\/\/arturf.com\/wp-content\/uploads\/2019\/01\/Field-Hockey-Grass-Olive-Green-350x263.jpg 350w, https:\/\/arturf.com\/wp-content\/uploads\/2019\/01\/Field-Hockey-Grass-Olive-Green-300x225.jpg 300w, https:\/\/arturf.com\/wp-content\/uploads\/2019\/01\/Field-Hockey-Grass-Olive-Green-200x150.jpg 200w, https:\/\/arturf.com\/wp-content\/uploads\/2019\/01\/Field-Hockey-Grass-Olive-Green-768x576.jpg 768w, https:\/\/arturf.com\/wp-content\/uploads\/2019\/01\/Field-Hockey-Grass-Olive-Green-16x12.jpg 16w, https:\/\/arturf.com\/wp-content\/uploads\/2019\/01\/Field-Hockey-Grass-Olive-Green-510x383.jpg 510w, https:\/\/arturf.com\/wp-content\/uploads\/2019\/01\/Field-Hockey-Grass-Olive-Green.jpg 800w\" sizes=\"auto, (max-width: 350px) 100vw, 350px\" \/><img loading=\"lazy\" decoding=\"async\" width=\"350\" height=\"263\" src=\"https:\/\/arturf.com\/wp-content\/uploads\/2019\/01\/Field-Hocky-Multi-sports-Artificial-Grass-350x263.jpg\" class=\"attachment-woocommerce_thumbnail size-woocommerce_thumbnail\" alt=\"La vitesse\" srcset=\"https:\/\/arturf.com\/wp-content\/uploads\/2019\/01\/Field-Hocky-Multi-sports-Artificial-Grass-350x263.jpg 350w, https:\/\/arturf.com\/wp-content\/uploads\/2019\/01\/Field-Hocky-Multi-sports-Artificial-Grass-300x225.jpg 300w, https:\/\/arturf.com\/wp-content\/uploads\/2019\/01\/Field-Hocky-Multi-sports-Artificial-Grass-200x150.jpg 200w, https:\/\/arturf.com\/wp-content\/uploads\/2019\/01\/Field-Hocky-Multi-sports-Artificial-Grass-768x576.jpg 768w, https:\/\/arturf.com\/wp-content\/uploads\/2019\/01\/Field-Hocky-Multi-sports-Artificial-Grass-16x12.jpg 16w, https:\/\/arturf.com\/wp-content\/uploads\/2019\/01\/Field-Hocky-Multi-sports-Artificial-Grass-510x383.jpg 510w, https:\/\/arturf.com\/wp-content\/uploads\/2019\/01\/Field-Hocky-Multi-sports-Artificial-Grass.jpg 800w\" sizes=\"auto, (max-width: 350px) 100vw, 350px\" \/>\t\t\t\t\t\t\t\t\t<\/a>\n\t\t\t\t\t\t\t\t\t\t\t\t\t\t\t\t\t\t \t\t\t\t\t\t\t\t<\/div>\n\t\t\t\t\t\t\t\t<div class=\"image-tools top right show-on-hover\">\n\t\t\t\t\t\t\t\t\t\t\t\t\t\t\t\t\t<\/div>\n\t\t\t\t\t\t\t\t\t\t\t\t\t\t\t\t\t<div class=\"image-tools grid-tools text-center hide-for-small bottom hover-slide-in show-on-hover\">\n\t\t\t\t\t\t\t\t\t\t<a href=\"#quick-view\" class=\"quick-view\" role=\"button\" data-prod=\"7609\" aria-haspopup=\"dialog\" aria-expanded=\"false\" data-flatsome-role-button>Aper\u00e7u<\/a>\t\t\t\t\t\t\t\t\t<\/div>\n\t\t\t\t\t\t\t\t\t\t\t\t\t\t\t\t\t\t\t\t\t\t\t<\/div>\n\n\t\t\t\t\t\t\t<div class=\"box-text text-center dark\" style=\"background-color:rgb(255, 102, 0);\">\n\t\t\t\t\t\t\t\t<div class=\"title-wrapper\"><p class=\"name product-title woocommerce-loop-product__title\"><a href=\"https:\/\/arturf.com\/fr\/product\/speed\/\" class=\"woocommerce-LoopProduct-link woocommerce-loop-product__link\">La vitesse<\/a><\/p><\/div><div class=\"price-wrapper\"><\/div>\t\t\t\t\t\t\t<\/div>\n\t\t\t\t\t\t<\/div>\n\t\t\t\t\t\t<\/div>\n\t\t\t\t\t<\/div><div class=\"col\" >\n\t\t\t\t\t\t<div class=\"col-inner\">\n\t\t\t\t\t\t\n<div class=\"badge-container absolute left top z-1\">\n\n<\/div>\n\t\t\t\t\t\t<div class=\"product-small box has-hover box-normal box-text-bottom\">\n\t\t\t\t\t\t\t<div class=\"box-image\" >\n\t\t\t\t\t\t\t\t<div class=\"\" >\n\t\t\t\t\t\t\t\t\t<a href=\"https:\/\/arturf.com\/fr\/product\/flex\/\" aria-label=\"Fl\u00e9chir\">\n\t\t\t\t\t\t\t\t\t\t<img loading=\"lazy\" decoding=\"async\" width=\"350\" height=\"263\" src=\"https:\/\/arturf.com\/wp-content\/uploads\/2018\/05\/Flex-Green-350x263.jpg\" class=\"show-on-hover absolute fill hide-for-small back-image\" alt=\"Vue alternative de Flex\" aria-hidden=\"true\" srcset=\"https:\/\/arturf.com\/wp-content\/uploads\/2018\/05\/Flex-Green-350x263.jpg 350w, https:\/\/arturf.com\/wp-content\/uploads\/2018\/05\/Flex-Green-500x375.jpg 500w, https:\/\/arturf.com\/wp-content\/uploads\/2018\/05\/Flex-Green-200x150.jpg 200w, https:\/\/arturf.com\/wp-content\/uploads\/2018\/05\/Flex-Green-768x576.jpg 768w, https:\/\/arturf.com\/wp-content\/uploads\/2018\/05\/Flex-Green-16x12.jpg 16w, https:\/\/arturf.com\/wp-content\/uploads\/2018\/05\/Flex-Green-510x383.jpg 510w, https:\/\/arturf.com\/wp-content\/uploads\/2018\/05\/Flex-Green.jpg 800w\" sizes=\"auto, (max-width: 350px) 100vw, 350px\" \/><img loading=\"lazy\" decoding=\"async\" width=\"350\" height=\"263\" src=\"https:\/\/arturf.com\/wp-content\/uploads\/2018\/05\/Arturf-Putting-Green-Flex-Pro-16-1-1-350x263.jpg\" class=\"attachment-woocommerce_thumbnail size-woocommerce_thumbnail\" alt=\"Fl\u00e9chir\" srcset=\"https:\/\/arturf.com\/wp-content\/uploads\/2018\/05\/Arturf-Putting-Green-Flex-Pro-16-1-1-350x263.jpg 350w, https:\/\/arturf.com\/wp-content\/uploads\/2018\/05\/Arturf-Putting-Green-Flex-Pro-16-1-1-500x375.jpg 500w, https:\/\/arturf.com\/wp-content\/uploads\/2018\/05\/Arturf-Putting-Green-Flex-Pro-16-1-1-200x150.jpg 200w, https:\/\/arturf.com\/wp-content\/uploads\/2018\/05\/Arturf-Putting-Green-Flex-Pro-16-1-1-768x576.jpg 768w, https:\/\/arturf.com\/wp-content\/uploads\/2018\/05\/Arturf-Putting-Green-Flex-Pro-16-1-1-16x12.jpg 16w, https:\/\/arturf.com\/wp-content\/uploads\/2018\/05\/Arturf-Putting-Green-Flex-Pro-16-1-1-510x383.jpg 510w, https:\/\/arturf.com\/wp-content\/uploads\/2018\/05\/Arturf-Putting-Green-Flex-Pro-16-1-1.jpg 800w\" sizes=\"auto, (max-width: 350px) 100vw, 350px\" \/>\t\t\t\t\t\t\t\t\t<\/a>\n\t\t\t\t\t\t\t\t\t\t\t\t\t\t\t\t\t\t \t\t\t\t\t\t\t\t<\/div>\n\t\t\t\t\t\t\t\t<div class=\"image-tools top right show-on-hover\">\n\t\t\t\t\t\t\t\t\t\t\t\t\t\t\t\t\t<\/div>\n\t\t\t\t\t\t\t\t\t\t\t\t\t\t\t\t\t<div class=\"image-tools grid-tools text-center hide-for-small bottom hover-slide-in show-on-hover\">\n\t\t\t\t\t\t\t\t\t\t<a href=\"#quick-view\" class=\"quick-view\" role=\"button\" data-prod=\"6519\" aria-haspopup=\"dialog\" aria-expanded=\"false\" data-flatsome-role-button>Aper\u00e7u<\/a>\t\t\t\t\t\t\t\t\t<\/div>\n\t\t\t\t\t\t\t\t\t\t\t\t\t\t\t\t\t\t\t\t\t\t\t<\/div>\n\n\t\t\t\t\t\t\t<div class=\"box-text text-center dark\" style=\"background-color:rgb(255, 102, 0);\">\n\t\t\t\t\t\t\t\t<div class=\"title-wrapper\"><p class=\"name product-title woocommerce-loop-product__title\"><a href=\"https:\/\/arturf.com\/fr\/product\/flex\/\" class=\"woocommerce-LoopProduct-link woocommerce-loop-product__link\">Fl\u00e9chir<\/a><\/p><\/div><div class=\"price-wrapper\"><\/div>\t\t\t\t\t\t\t<\/div>\n\t\t\t\t\t\t<\/div>\n\t\t\t\t\t\t<\/div>\n\t\t\t\t\t<\/div><\/div>\n\n\n\t\t<\/div>\n\t\t\t\t\t<\/div>\n\n\t\n\n<\/div>","protected":false},"excerpt":{"rendered":"","protected":false},"author":3,"featured_media":0,"parent":2230,"menu_order":14,"comment_status":"closed","ping_status":"closed","template":"page-blank.php","meta":{"_seopress_robots_primary_cat":"","_seopress_titles_title":"Hockey Turf - Artificial Turf for Precision Ball Roll","_seopress_titles_desc":"Elevate your field hockey game with Arturf&#039;s high-quality hockey turf. Optimum ball roll, durability, and player comfort for unmatched performance.","_seopress_robots_index":"","footnotes":""},"class_list":["post-3460","page","type-page","status-publish","hentry"],"_links":{"self":[{"href":"https:\/\/arturf.com\/fr\/wp-json\/wp\/v2\/pages\/3460","targetHints":{"allow":["GET"]}}],"collection":[{"href":"https:\/\/arturf.com\/fr\/wp-json\/wp\/v2\/pages"}],"about":[{"href":"https:\/\/arturf.com\/fr\/wp-json\/wp\/v2\/types\/page"}],"author":[{"embeddable":true,"href":"https:\/\/arturf.com\/fr\/wp-json\/wp\/v2\/users\/3"}],"replies":[{"embeddable":true,"href":"https:\/\/arturf.com\/fr\/wp-json\/wp\/v2\/comments?post=3460"}],"version-history":[{"count":0,"href":"https:\/\/arturf.com\/fr\/wp-json\/wp\/v2\/pages\/3460\/revisions"}],"up":[{"embeddable":true,"href":"https:\/\/arturf.com\/fr\/wp-json\/wp\/v2\/pages\/2230"}],"wp:attachment":[{"href":"https:\/\/arturf.com\/fr\/wp-json\/wp\/v2\/media?parent=3460"}],"curies":[{"name":"wp","href":"https:\/\/api.w.org\/{rel}","templated":true}]}}