{"id":3470,"date":"2012-08-16T14:37:46","date_gmt":"2012-08-16T14:37:46","guid":{"rendered":"https:\/\/arturf.com\/?page_id=3470"},"modified":"2023-07-08T11:12:44","modified_gmt":"2023-07-08T03:12:44","slug":"rugby","status":"publish","type":"page","link":"https:\/\/arturf.com\/fr\/sports\/rugby\/","title":{"rendered":"Terrain de rugby en gazon artificiel"},"content":{"rendered":"<div class=\"banner has-hover\" id=\"banner-591724023\">\n          <div class=\"banner-inner fill\">\n        <div class=\"banner-bg fill\" >\n            <img loading=\"lazy\" decoding=\"async\" width=\"1020\" height=\"325\" src=\"https:\/\/arturf.com\/wp-content\/uploads\/2020\/05\/Artificial-Turf-Rugby-1024x326.jpg\" class=\"bg attachment-large size-large\" alt=\"Rugby, gazon artificiel\" \/>                                    \n                    <\/div>\n\t\t\n        <div class=\"banner-layers container\">\n            <div class=\"fill banner-link\"><\/div>            \n\n   <div id=\"text-box-560334230\" class=\"text-box banner-layer x50 md-x50 lg-x50 y50 md-y50 lg-y50 res-text\">\n                                <div class=\"text-box-content text dark\">\n              \n              <div class=\"text-inner text-center\">\n                  \n\n<h3 class=\"uppercase\"><strong>Gazon artificiel pour le rugby<\/strong><\/h3>\n<p>D\u00e9couvrez des performances sup\u00e9rieures et la s\u00e9curit\u00e9 des joueurs avec le gazon artificiel de rugby Arturf. Am\u00e9liorez votre jeu avec notre solution durable et r\u00e9sistante aux intemp\u00e9ries.<\/p>\n\n              <\/div>\n           <\/div>\n                            \n<style>\n#text-box-560334230 {\n  width: 60%;\n}\n#text-box-560334230 .text-box-content {\n  font-size: 100%;\n}\n<\/style>\n    <\/div>\n \n\n        <\/div>\n      <\/div>\n\n            \n<style>\n#banner-591724023 {\n  padding-top: 400px;\n}\n<\/style>\n  <\/div>\n\n\n<div class=\"row align-center\"  id=\"row-1458021726\">\n\n\n\t<div id=\"col-1394357128\" class=\"col medium-10 small-12 large-10\"  >\n\t\t\t\t<div class=\"col-inner\"  >\n\t\t\t\n\t\t\t\n\n<p>Les terrains en gazon synth\u00e9tique ont r\u00e9volutionn\u00e9 le jeu de rugby, offrant une meilleure jouabilit\u00e9 et surmontant les d\u00e9fis pos\u00e9s par les terrains en gazon naturel. Chez Arturf, l&#039;un des principaux fabricants de gazon artificiel en Chine, nous privil\u00e9gions une qualit\u00e9 et des performances sup\u00e9rieures. Notre gazon de rugby r\u00e9pond \u00e0 des sp\u00e9cifications de performances strictes, garantissant la s\u00e9curit\u00e9 des joueurs, des performances de balle optimales et une durabilit\u00e9 \u00e0 long terme.<\/p>\n<h3>Jouabilit\u00e9 am\u00e9lior\u00e9e avec le gazon artificiel de troisi\u00e8me g\u00e9n\u00e9ration<\/h3>\n<p>Avec les progr\u00e8s des surfaces synth\u00e9tiques, le gazon artificiel de rugby, souvent connu sous le nom de gazon artificiel \u00e0 poils longs ou de troisi\u00e8me g\u00e9n\u00e9ration, a \u00e9merg\u00e9 pour changer la donne. Il pr\u00e9sente un poil plus long que les surfaces traditionnelles remplies de sable et est g\u00e9n\u00e9ralement rempli de caoutchouc ou d&#039;un m\u00e9lange de caoutchouc et de sable. Cette combinaison offre une traction et une stabilit\u00e9 sup\u00e9rieures aux joueurs, am\u00e9liorant leurs performances sur le terrain.<\/p>\n<h3>Surface r\u00e9sistante aux intemp\u00e9ries pour un jeu ininterrompu<\/h3>\n<p>Contrairement aux terrains en gazon naturel qui deviennent boueux et glissants par temps de pluie, notre gazon artificiel conserve son int\u00e9grit\u00e9, permettant aux joueurs de rugby de s&#039;entra\u00eener et de concourir sans interruption. Imaginez des s\u00e9ances d&#039;entra\u00eenement et des matchs sans vous soucier de glisser dans la boue froide et humide. Notre gazon synth\u00e9tique offre une surface de jeu fiable, assurant un gameplay coh\u00e9rent dans toutes les conditions m\u00e9t\u00e9orologiques.<\/p>\n<h3>S\u00e9curit\u00e9 des joueurs : une pr\u00e9occupation primordiale<\/h3>\n<p>Chez Arturf, la s\u00e9curit\u00e9 des joueurs est une priorit\u00e9 absolue. Notre gazon artificiel de rugby est con\u00e7u avec des mat\u00e9riaux soigneusement s\u00e9lectionn\u00e9s et des techniques de construction avanc\u00e9es pour minimiser les risques de blessures. La surface indulgente et absorbant les chocs r\u00e9duit l&#039;impact des chutes et des collisions, prot\u00e9geant les joueurs pendant les parties intenses. De plus, la surface de jeu uniforme du gazon synth\u00e9tique minimise le risque d&#039;entorses de la cheville et d&#039;autres blessures souvent associ\u00e9es \u00e0 des terrains en gazon naturel in\u00e9gaux.<\/p>\n<h3>Performance de balle optimale pour des jeux de pr\u00e9cision<\/h3>\n<p>La performance du ballon est cruciale au rugby, et notre gazon artificiel offre des r\u00e9sultats exceptionnels. La consistance constante de la surface assure des rebonds et des roulements de balle pr\u00e9visibles, permettant aux joueurs de garder le contr\u00f4le du ballon et d&#039;ex\u00e9cuter des passes et des coups de pied pr\u00e9cis. Cette pr\u00e9visibilit\u00e9 am\u00e9liore la qualit\u00e9 globale du jeu, facilitant une concurrence loyale et un jeu strat\u00e9gique.<\/p>\n<h3>Performances durables et durables<\/h3>\n<p>Notre gazon artificiel de rugby est construit pour durer. Avec une construction robuste et des mat\u00e9riaux de haute qualit\u00e9, il r\u00e9siste \u00e0 une utilisation intensive, ce qui le rend adapt\u00e9 aux s\u00e9ances d&#039;entra\u00eenement intenses et aux matchs de comp\u00e9tition. Vous pouvez compter sur notre gazon synth\u00e9tique pour fournir une surface de jeu durable qui r\u00e9sistera aux exigences du sport pour les ann\u00e9es \u00e0 venir.<\/p>\n<h3>Vivez l&#039;excellence avec le Rugby Turf de Arturf<\/h3>\n<p>En tant que fabricant leader de gazon artificiel en Chine, Arturf se consacre \u00e0 fournir des produits de qualit\u00e9 sup\u00e9rieure. Notre page de gazon de rugby pr\u00e9sente la qualit\u00e9 et les performances in\u00e9gal\u00e9es de notre gazon synth\u00e9tique, garantissant une exp\u00e9rience de rugby am\u00e9lior\u00e9e. Dites adieu aux toboggans boueux et profitez de l&#039;excellence de notre gazon artificiel haut de gamme.<\/p>\n<h3>Am\u00e9liorez votre exp\u00e9rience de rugby avec Arturf<\/h3>\n<p>Choisissez le gazon artificiel de rugby Arturf pour des performances, une s\u00e9curit\u00e9 des joueurs et une durabilit\u00e9 in\u00e9gal\u00e9es. En tant que fabricant leader, nous fournissons un gazon synth\u00e9tique qui d\u00e9passe les attentes. Notre engagement qualit\u00e9 garantit que vos matchs et entra\u00eenements de rugby se d\u00e9roulent sur une surface fiable et performante.<\/p>\n<p>Investissez dans le gazon de rugby Arturf et transformez votre fa\u00e7on de jouer. D\u00e9couvrez la diff\u00e9rence entre une qualit\u00e9 sup\u00e9rieure, la s\u00e9curit\u00e9 des joueurs et des performances constantes. D\u00e9couvrez pourquoi nos joueurs de rugby du monde entier font confiance \u00e0 notre gazon synth\u00e9tique. Contactez-nous d\u00e8s aujourd&#039;hui pour en savoir plus sur nos solutions de gazon de rugby.<\/p>\n\n\t\t<\/div>\n\t\t\t\t\t<\/div>\n\n\t\n\n<\/div>\n<div class=\"row align-center\"  id=\"row-533664488\">\n\n\n\t<div id=\"col-1651274055\" class=\"col medium-7 small-12 large-7\"  >\n\t\t\t\t<div class=\"col-inner\"  >\n\t\t\t\n\t\t\t\n\n\t\n  \n    <div class=\"row large-columns-1 medium-columns- small-columns- row-small\" >\n  \n\t     <div class=\"col\" >\n\t\t\t\t\t\t<div class=\"col-inner\">\n\t\t\t\t\t\t\n<div class=\"badge-container absolute left top z-1\">\n\n<\/div>\n\t\t\t\t\t\t<div class=\"product-small box has-hover box-normal box-text-bottom\">\n\t\t\t\t\t\t\t<div class=\"box-image\" >\n\t\t\t\t\t\t\t\t<div class=\"\" >\n\t\t\t\t\t\t\t\t\t<a href=\"https:\/\/arturf.com\/fr\/product\/dura-60\/\" aria-label=\"Dura 60\">\n\t\t\t\t\t\t\t\t\t\t<img loading=\"lazy\" decoding=\"async\" width=\"800\" height=\"600\" src=\"https:\/\/arturf.com\/wp-content\/uploads\/2018\/05\/Artificial-Grass-Diamond-Football-Grass.jpg\" class=\"attachment-large size-large\" alt=\"Dura 60\" srcset=\"https:\/\/arturf.com\/wp-content\/uploads\/2018\/05\/Artificial-Grass-Diamond-Football-Grass.jpg 800w, https:\/\/arturf.com\/wp-content\/uploads\/2018\/05\/Artificial-Grass-Diamond-Football-Grass-300x225.jpg 300w, https:\/\/arturf.com\/wp-content\/uploads\/2018\/05\/Artificial-Grass-Diamond-Football-Grass-200x150.jpg 200w, https:\/\/arturf.com\/wp-content\/uploads\/2018\/05\/Artificial-Grass-Diamond-Football-Grass-768x576.jpg 768w, https:\/\/arturf.com\/wp-content\/uploads\/2018\/05\/Artificial-Grass-Diamond-Football-Grass-16x12.jpg 16w, https:\/\/arturf.com\/wp-content\/uploads\/2018\/05\/Artificial-Grass-Diamond-Football-Grass-350x263.jpg 350w, https:\/\/arturf.com\/wp-content\/uploads\/2018\/05\/Artificial-Grass-Diamond-Football-Grass-510x383.jpg 510w\" sizes=\"auto, (max-width: 800px) 100vw, 800px\" \/>\t\t\t\t\t\t\t\t\t<\/a>\n\t\t\t\t\t\t\t\t\t\t\t\t\t\t\t\t\t\t \t\t\t\t\t\t\t\t<\/div>\n\t\t\t\t\t\t\t\t<div class=\"image-tools top right show-on-hover\">\n\t\t\t\t\t\t\t\t\t\t\t\t\t\t\t\t\t<\/div>\n\t\t\t\t\t\t\t\t\t\t\t\t\t\t\t\t\t<div class=\"image-tools grid-tools text-center hide-for-small bottom hover-slide-in show-on-hover\">\n\t\t\t\t\t\t\t\t\t\t<a href=\"#quick-view\" class=\"quick-view\" role=\"button\" data-prod=\"11631\" aria-haspopup=\"dialog\" aria-expanded=\"false\" data-flatsome-role-button>Aper\u00e7u<\/a>\t\t\t\t\t\t\t\t\t<\/div>\n\t\t\t\t\t\t\t\t\t\t\t\t\t\t\t\t\t\t\t\t\t\t\t<\/div>\n\n\t\t\t\t\t\t\t<div class=\"box-text text-center\" >\n\t\t\t\t\t\t\t\t<div class=\"title-wrapper\"><p class=\"name product-title woocommerce-loop-product__title\"><a href=\"https:\/\/arturf.com\/fr\/product\/dura-60\/\" class=\"woocommerce-LoopProduct-link woocommerce-loop-product__link\">Dura 60<\/a><\/p><\/div><div class=\"price-wrapper\"><\/div>\t\t\t\t\t\t\t<\/div>\n\t\t\t\t\t\t<\/div>\n\t\t\t\t\t\t<\/div>\n\t\t\t\t\t<\/div><\/div>\n\n\n\t\t<\/div>\n\t\t\t\t\t<\/div>\n\n\t\n\n<\/div>","protected":false},"excerpt":{"rendered":"","protected":false},"author":3,"featured_media":0,"parent":2230,"menu_order":17,"comment_status":"closed","ping_status":"closed","template":"page-blank.php","meta":{"_seopress_robots_primary_cat":"","_seopress_titles_title":"","_seopress_titles_desc":"Experience superior performance and player safety with Arturf&#039;s rugby artificial turf. Enhance your game with our durable and weather-resistant solution.","_seopress_robots_index":"","footnotes":""},"class_list":["post-3470","page","type-page","status-publish","hentry"],"_links":{"self":[{"href":"https:\/\/arturf.com\/fr\/wp-json\/wp\/v2\/pages\/3470","targetHints":{"allow":["GET"]}}],"collection":[{"href":"https:\/\/arturf.com\/fr\/wp-json\/wp\/v2\/pages"}],"about":[{"href":"https:\/\/arturf.com\/fr\/wp-json\/wp\/v2\/types\/page"}],"author":[{"embeddable":true,"href":"https:\/\/arturf.com\/fr\/wp-json\/wp\/v2\/users\/3"}],"replies":[{"embeddable":true,"href":"https:\/\/arturf.com\/fr\/wp-json\/wp\/v2\/comments?post=3470"}],"version-history":[{"count":0,"href":"https:\/\/arturf.com\/fr\/wp-json\/wp\/v2\/pages\/3470\/revisions"}],"up":[{"embeddable":true,"href":"https:\/\/arturf.com\/fr\/wp-json\/wp\/v2\/pages\/2230"}],"wp:attachment":[{"href":"https:\/\/arturf.com\/fr\/wp-json\/wp\/v2\/media?parent=3470"}],"curies":[{"name":"wp","href":"https:\/\/api.w.org\/{rel}","templated":true}]}}