{"id":3472,"date":"2012-08-16T14:39:27","date_gmt":"2012-08-16T14:39:27","guid":{"rendered":"https:\/\/arturf.com\/?page_id=3472"},"modified":"2019-04-25T02:14:53","modified_gmt":"2019-04-25T02:14:53","slug":"baseball","status":"publish","type":"page","link":"https:\/\/arturf.com\/fr\/sports\/baseball\/","title":{"rendered":"Terrain de baseball en gazon artificiel"},"content":{"rendered":"<div class=\"banner has-hover\" id=\"banner-1614724162\">\n          <div class=\"banner-inner fill\">\n        <div class=\"banner-bg fill\" >\n            <img loading=\"lazy\" decoding=\"async\" width=\"1020\" height=\"366\" src=\"https:\/\/arturf.com\/wp-content\/uploads\/2019\/02\/Artificial-Grass-Baseball-Field-1024x367.jpg\" class=\"bg attachment-large size-large\" alt=\"\" \/>                        <div class=\"overlay\"><\/div>            \n                    <\/div>\n\t\t\n        <div class=\"banner-layers container\">\n            <div class=\"fill banner-link\"><\/div>            \n\n   <div id=\"text-box-1637932141\" class=\"text-box banner-layer x50 md-x50 lg-x50 y50 md-y50 lg-y50 res-text\">\n                                <div class=\"text-box-content text dark\">\n              \n              <div class=\"text-inner text-center\">\n                  \n\n<h3 class=\"uppercase\">Changer ceci en n&#039;importe quoi<\/h3>\n<p>Lorem ipsum dolor sit amet, consectetuer adipiscing elit, sed diam nonummy nibh euismod tincidunt ut laoreet dolore magna aliquam erat volutpat.<\/p>\n<a class=\"button white is-outline\" >\n\t\t<span>Clique moi<\/span>\n\t<\/a>\n\n\n\n              <\/div>\n           <\/div>\n                            \n<style>\n#text-box-1637932141 {\n  width: 60%;\n}\n#text-box-1637932141 .text-box-content {\n  font-size: 100%;\n}\n<\/style>\n    <\/div>\n \n\n        <\/div>\n      <\/div>\n\n            \n<style>\n#banner-1614724162 {\n  padding-top: 400px;\n}\n#banner-1614724162 .overlay {\n  background-color: rgba(0, 0, 0, 0.17);\n}\n<\/style>\n  <\/div>\n\n\n<div class=\"row\"  id=\"row-740018110\">\n\n\n\t<div id=\"col-2024469265\" class=\"col small-12 large-12\"  >\n\t\t\t\t<div class=\"col-inner\"  >\n\t\t\t\n\t\t\t\n\n<p>Le gazon des terrains de sport pour le baseball est devenu une tendance si croissante que de nombreuses \u00e9quipes de coll\u00e8ges et d&#039;universit\u00e9s du monde entier ont choisi de jouer leurs matchs sur gazon synth\u00e9tique sur gazon naturel.<\/p>\n<p>\u00a0La texture du gazon synth\u00e9tique est \u00e9galement id\u00e9ale pour un sport comme le baseball, car certaines \u00e9tudes indiquent que le gazon synth\u00e9tique a une traction probablement comparable \u00e0 celle du gazon naturel. En effet, les lames en poly\u00e9thyl\u00e8ne cr\u00e9ent une surface qui n&#039;est ni trop dure ni trop glissante pour jouer, \u00e9vitant ainsi le glissement et d&#039;\u00e9ventuelles blessures. Ce type de gazon artificiel pour terrain de sport est si favorable \u00e0 la traction qu&#039;il est parfait pour les athl\u00e8tes de pivoter et d&#039;assumer les nombreuses positions et positions de baseball dans leurs crampons.<\/p>\n<p>Il existe \u00e9galement de nombreuses \u00e9conomies pour les propri\u00e9taires de stades de baseball, car les terrains synth\u00e9tiques ne n\u00e9cessitent pas le m\u00eame temps d&#039;entretien intensif de taille, d&#039;arrosage et de tonte que les terrains traditionnels. Comme vous pouvez le voir, le baseball a \u00e9t\u00e9 \u00e0 l&#039;avant-garde de la tendance du gazon artificiel.<\/p>\n\n\t\t<\/div>\n\t\t\t\t\t<\/div>\n\n\t\n\n<\/div>","protected":false},"excerpt":{"rendered":"","protected":false},"author":3,"featured_media":0,"parent":2230,"menu_order":15,"comment_status":"closed","ping_status":"closed","template":"page-blank.php","meta":{"_seopress_robots_primary_cat":"","_seopress_titles_title":"Artificial Turf for Baseball Field-China Artificial Grass Factory","_seopress_titles_desc":"Artificial turf for baseball has become such a growing trend that many colleges and universities\u2019 teams have chosen to play their games on synthetic grass.","_seopress_robots_index":"","footnotes":""},"class_list":["post-3472","page","type-page","status-publish","hentry"],"_links":{"self":[{"href":"https:\/\/arturf.com\/fr\/wp-json\/wp\/v2\/pages\/3472","targetHints":{"allow":["GET"]}}],"collection":[{"href":"https:\/\/arturf.com\/fr\/wp-json\/wp\/v2\/pages"}],"about":[{"href":"https:\/\/arturf.com\/fr\/wp-json\/wp\/v2\/types\/page"}],"author":[{"embeddable":true,"href":"https:\/\/arturf.com\/fr\/wp-json\/wp\/v2\/users\/3"}],"replies":[{"embeddable":true,"href":"https:\/\/arturf.com\/fr\/wp-json\/wp\/v2\/comments?post=3472"}],"version-history":[{"count":0,"href":"https:\/\/arturf.com\/fr\/wp-json\/wp\/v2\/pages\/3472\/revisions"}],"up":[{"embeddable":true,"href":"https:\/\/arturf.com\/fr\/wp-json\/wp\/v2\/pages\/2230"}],"wp:attachment":[{"href":"https:\/\/arturf.com\/fr\/wp-json\/wp\/v2\/media?parent=3472"}],"curies":[{"name":"wp","href":"https:\/\/api.w.org\/{rel}","templated":true}]}}