{"id":4360,"date":"2013-04-20T15:15:44","date_gmt":"2013-04-20T15:15:44","guid":{"rendered":"https:\/\/arturf.com\/?page_id=4360"},"modified":"2023-07-08T15:38:22","modified_gmt":"2023-07-08T07:38:22","slug":"paintball-field","status":"publish","type":"page","link":"https:\/\/arturf.com\/fr\/sports\/paintball-field\/","title":{"rendered":"Terrain de paintball en gazon artificiel"},"content":{"rendered":"<div class=\"banner has-hover\" id=\"banner-427976274\">\n          <div class=\"banner-inner fill\">\n        <div class=\"banner-bg fill\" >\n            <img loading=\"lazy\" decoding=\"async\" width=\"1536\" height=\"614\" src=\"https:\/\/arturf.com\/wp-content\/uploads\/2023\/07\/Arturf-Artificial-Grass-for-Paintball-Banner-1536x614.jpg\" class=\"bg attachment-1536x1536 size-1536x1536\" alt=\"Paintball\" \/>                                    \n                    <\/div>\n\t\t\n        <div class=\"banner-layers container\">\n            <div class=\"fill banner-link\"><\/div>            \n\n   <div id=\"text-box-2066836612\" class=\"text-box banner-layer x50 md-x50 lg-x50 y50 md-y50 lg-y50 res-text\">\n                                <div class=\"text-box-content text dark\">\n              \n              <div class=\"text-inner text-center\">\n                  \n\n<h1>Gazon synth\u00e9tique de qualit\u00e9 sup\u00e9rieure pour les terrains de paintball<\/h1>\n<p>Gazon artificiel de paintball durable et s\u00fbr con\u00e7u pour un gameplay sup\u00e9rieur et un entretien facile.<\/p>\n\n              <\/div>\n           <\/div>\n                            \n<style>\n#text-box-2066836612 {\n  width: 60%;\n}\n#text-box-2066836612 .text-box-content {\n  font-size: 100%;\n}\n<\/style>\n    <\/div>\n \n\n        <\/div>\n      <\/div>\n\n            \n<style>\n#banner-427976274 {\n  padding-top: 500px;\n}\n<\/style>\n  <\/div>\n\n\n<div class=\"row align-center\"  id=\"row-1648734559\">\n\n\n\t<div id=\"col-248773102\" class=\"col medium-10 small-12 large-10\"  >\n\t\t\t\t<div class=\"col-inner\"  >\n\t\t\t\n\t\t\t\n\n<p>Le paintball, une activit\u00e9 sportive et r\u00e9cr\u00e9ative populaire, n\u00e9cessite un terrain de jeu durable et durable. Alors que certains terrains de paintball int\u00e8grent des environnements naturels comme les for\u00eats ou les d\u00e9serts, de nombreuses installations int\u00e9rieures et ext\u00e9rieures optent pour le gazon artificiel. Con\u00e7u sp\u00e9cifiquement pour l&#039;environnement du paintball, le gazon artificiel offre traction et s\u00e9curit\u00e9 aux joueurs. En mati\u00e8re de gazon artificiel de haute qualit\u00e9 pour les terrains de paintball, Arturf ouvre la voie en tant que fabricant renomm\u00e9. Nous proposons une gamme vari\u00e9e d&#039;options de gazon synth\u00e9tique modernes sp\u00e9cialement con\u00e7ues pour r\u00e9pondre aux exigences uniques du paintball.<\/p>\n<h2>Pourquoi choisir le gazon synth\u00e9tique professionnel Arturf pour le paintball ?<\/h2>\n<ol>\n<li>\n<h4>Qualit\u00e9 et durabilit\u00e9 sup\u00e9rieures<\/h4>\n<p>Chez Arturf, nous sommes fiers de fournir du gazon synth\u00e9tique d&#039;une qualit\u00e9 exceptionnelle. Notre gazon est con\u00e7u pour r\u00e9sister aux exigences d&#039;un jeu de paintball intense, garantissant des performances et une durabilit\u00e9 durables. Vous pouvez faire confiance \u00e0 nos produits pour fournir une surface de jeu fiable et s\u00fbre aux joueurs de tous niveaux.<\/p>\n<\/li>\n<li>\n<h4>Adapt\u00e9 \u00e0 vos besoins<\/h4>\n<p>Nous comprenons que chaque terrain de paintball est unique, et c&#039;est pourquoi nous proposons une large gamme d&#039;options de personnalisation. Des diff\u00e9rents poids de face aux diff\u00e9rentes hauteurs et densit\u00e9s de poils, notre gazon synth\u00e9tique peut \u00eatre adapt\u00e9 pour r\u00e9pondre \u00e0 vos besoins sp\u00e9cifiques. Nous travaillons en \u00e9troite collaboration avec vous pour trouver la solution parfaite qui am\u00e9liore l&#039;exp\u00e9rience globale du paintball.<\/p>\n<\/li>\n<li>\n<h4>Faible maintenance et adaptabilit\u00e9<\/h4>\n<p>Le gazon synth\u00e9tique de Arturf est con\u00e7u avec un faible entretien \u00e0 l&#039;esprit. Dites adieu \u00e0 l&#039;arrosage, \u00e0 la tonte et \u00e0 la fertilisation constants n\u00e9cessaires au gazon naturel. Notre gazon n\u00e9cessite un entretien minimal, ce qui vous permet de vous concentrer davantage sur le jeu. De plus, notre gazon s&#039;adapte \u00e0 diff\u00e9rentes configurations de terrain, s&#039;adapte facilement aux bunkers de terrain et offre une traction et une s\u00e9curit\u00e9 optimales pour les joueurs.<\/p>\n<\/li>\n<li>\n<h4>Expertise et confiance<\/h4>\n<p>Gr\u00e2ce \u00e0 notre vaste exp\u00e9rience dans l&#039;industrie, Arturf a gagn\u00e9 la confiance des passionn\u00e9s de paintball du monde entier. Nous nous engageons \u00e0 fournir des solutions de gazon synth\u00e9tique de haute qualit\u00e9 qui r\u00e9pondent aux normes les plus \u00e9lev\u00e9es. Lorsque vous choisissez Arturf, vous choisissez un partenaire fiable d\u00e9di\u00e9 \u00e0 assurer le succ\u00e8s de votre terrain de paintball.<\/p>\n<\/li>\n<\/ol>\n<p><img alt=\"Paintball\" loading=\"lazy\" decoding=\"async\" class=\"aligncenter wp-image-4466 size-full\" src=\"https:\/\/arturf.com\/wp-content\/uploads\/2013\/04\/Artificial-Turf-Paintball-Field-3.jpg\" width=\"600\" height=\"450\" srcset=\"https:\/\/arturf.com\/wp-content\/uploads\/2013\/04\/Artificial-Turf-Paintball-Field-3.jpg 600w, https:\/\/arturf.com\/wp-content\/uploads\/2013\/04\/Artificial-Turf-Paintball-Field-3-300x225.jpg 300w, https:\/\/arturf.com\/wp-content\/uploads\/2013\/04\/Artificial-Turf-Paintball-Field-3-200x150.jpg 200w, https:\/\/arturf.com\/wp-content\/uploads\/2013\/04\/Artificial-Turf-Paintball-Field-3-16x12.jpg 16w, https:\/\/arturf.com\/wp-content\/uploads\/2013\/04\/Artificial-Turf-Paintball-Field-3-350x263.jpg 350w, https:\/\/arturf.com\/wp-content\/uploads\/2013\/04\/Artificial-Turf-Paintball-Field-3-510x383.jpg 510w\" sizes=\"auto, (max-width: 600px) 100vw, 600px\" \/><\/p>\n<h2>Choisir le bon gazon artificiel pour les terrains de paintball<\/h2>\n<ol>\n<li>\n<h4>Gazon \u00e0 pales courtes<\/h4>\n<p>Le gazon \u00e0 lame courte convient aux terrains int\u00e9rieurs et ext\u00e9rieurs et offre un nettoyage plus facile. Si vous pr\u00e9f\u00e9rez une esth\u00e9tique &quot;vraie herbe&quot; pour votre terrain de paintball ext\u00e9rieur, pensez \u00e0 notre <a href=\"https:\/\/arturf.com\/fr\/products\/landscape-grass\/\">Gazon \u00e0 longues lames<\/a>.<\/p>\n<\/li>\n<li>\n<h4>Gazon \u00e0 longues lames<\/h4>\n<p>Le gazon \u00e0 longues lames est principalement utilis\u00e9 pour les terrains ext\u00e9rieurs en raison des d\u00e9fis li\u00e9s au nettoyage des longues lames \u00e0 l&#039;int\u00e9rieur. Si vous avez une installation de paintball int\u00e9rieure, nous vous recommandons d&#039;explorer notre s\u00e9lection de <a href=\"https:\/\/arturf.com\/fr\/products\/multi-purpose\/\">Gazon &quot;court&quot;<\/a> pour un entretien plus pratique.<\/p>\n<\/li>\n<\/ol>\n<h2>Choisissez Arturf pour une solution sup\u00e9rieure de terrain de paintball<\/h2>\n<p>En ce qui concerne le gazon synth\u00e9tique professionnel pour les terrains de paintball, Arturf est le nom sur lequel vous pouvez compter. Avec des caract\u00e9ristiques personnalisables telles que le poids du visage, la densit\u00e9 et la hauteur des poils, nos produits garantissent un ajustement parfait pour votre installation de paintball, que ce soit \u00e0 l&#039;int\u00e9rieur ou \u00e0 l&#039;ext\u00e9rieur. Attendez-vous \u00e0 une qualit\u00e9, une s\u00e9curit\u00e9 et une durabilit\u00e9 sup\u00e9rieures avec le gazon synth\u00e9tique Arturf, qui est connu pour son adaptabilit\u00e9 et son faible entretien. Faites confiance \u00e0 notre expertise pour fournir une solution de terrain de paintball durable et exceptionnelle. Choisissez Arturf pour le meilleur du gazon synth\u00e9tique.<\/p>\n\n\t\t<\/div>\n\t\t\t\t\t<\/div>\n\n\t\n\n<\/div>","protected":false},"excerpt":{"rendered":"","protected":false},"author":3,"featured_media":0,"parent":2230,"menu_order":22,"comment_status":"closed","ping_status":"closed","template":"page-blank.php","meta":{"_seopress_robots_primary_cat":"","_seopress_titles_title":"Superior Synthetic Turf for Paintball Fields","_seopress_titles_desc":"Experience safe and enjoyable paintball with Arturf&#039;s durable, adaptable, and low-maintenance synthetic turf. Discover our high-quality products today.","_seopress_robots_index":"","footnotes":""},"class_list":["post-4360","page","type-page","status-publish","hentry"],"_links":{"self":[{"href":"https:\/\/arturf.com\/fr\/wp-json\/wp\/v2\/pages\/4360","targetHints":{"allow":["GET"]}}],"collection":[{"href":"https:\/\/arturf.com\/fr\/wp-json\/wp\/v2\/pages"}],"about":[{"href":"https:\/\/arturf.com\/fr\/wp-json\/wp\/v2\/types\/page"}],"author":[{"embeddable":true,"href":"https:\/\/arturf.com\/fr\/wp-json\/wp\/v2\/users\/3"}],"replies":[{"embeddable":true,"href":"https:\/\/arturf.com\/fr\/wp-json\/wp\/v2\/comments?post=4360"}],"version-history":[{"count":0,"href":"https:\/\/arturf.com\/fr\/wp-json\/wp\/v2\/pages\/4360\/revisions"}],"up":[{"embeddable":true,"href":"https:\/\/arturf.com\/fr\/wp-json\/wp\/v2\/pages\/2230"}],"wp:attachment":[{"href":"https:\/\/arturf.com\/fr\/wp-json\/wp\/v2\/media?parent=4360"}],"curies":[{"name":"wp","href":"https:\/\/api.w.org\/{rel}","templated":true}]}}