{"id":4501,"date":"2013-10-25T14:22:25","date_gmt":"2013-10-25T14:22:25","guid":{"rendered":"https:\/\/arturf.com\/?page_id=4501"},"modified":"2023-07-08T15:49:35","modified_gmt":"2023-07-08T07:49:35","slug":"cricket","status":"publish","type":"page","link":"https:\/\/arturf.com\/fr\/sports\/cricket\/","title":{"rendered":"Terrain de cricket artificiel"},"content":{"rendered":"<div class=\"banner has-hover\" id=\"banner-1236852039\">\n          <div class=\"banner-inner fill\">\n        <div class=\"banner-bg fill\" >\n            <img loading=\"lazy\" decoding=\"async\" width=\"1536\" height=\"614\" src=\"https:\/\/arturf.com\/wp-content\/uploads\/2023\/07\/Artificial-turf-Cricket-Pitch-Arturf-1536x614.jpg\" class=\"bg attachment-1536x1536 size-1536x1536\" alt=\"Cricket, gazon artificiel\" \/>                                    \n                    <\/div>\n\t\t\n        <div class=\"banner-layers container\">\n            <div class=\"fill banner-link\"><\/div>            \n\n   <div id=\"text-box-1238266997\" class=\"text-box banner-layer x50 md-x50 lg-x50 y50 md-y50 lg-y50 res-text\">\n                                <div class=\"text-box-content text dark\">\n              \n              <div class=\"text-inner text-center\">\n                  \n\n<h1>Gazon artificiel de qualit\u00e9 sup\u00e9rieure pour terrains de cricket<\/h1>\n\n              <\/div>\n           <\/div>\n                            \n<style>\n#text-box-1238266997 {\n  width: 60%;\n}\n#text-box-1238266997 .text-box-content {\n  font-size: 100%;\n}\n<\/style>\n    <\/div>\n \n\n        <\/div>\n      <\/div>\n\n            \n<style>\n#banner-1236852039 {\n  padding-top: 500px;\n}\n<\/style>\n  <\/div>\n\n\n<div class=\"row align-center\"  id=\"row-118815575\">\n\n\n\t<div id=\"col-907013759\" class=\"col medium-10 small-12 large-10\"  >\n\t\t\t\t<div class=\"col-inner\"  >\n\t\t\t\n\t\t\t\n\n<p>Le gazon artificiel a r\u00e9volutionn\u00e9 la fa\u00e7on <a href=\"https:\/\/arturf.com\/fr\/sports\/\">des sports<\/a> sont jou\u00e9s et appr\u00e9ci\u00e9s dans le monde entier, et le cricket ne fait pas exception. Avec ses nombreux avantages par rapport au gazon naturel, le gazon artificiel est devenu de plus en plus populaire pour les terrains de cricket, offrant une surface de jeu constante, durable et n\u00e9cessitant peu d&#039;entretien. En tant que fournisseur leader de gazon artificiel haut de gamme, Arturf propose une gamme de solutions de gazon synth\u00e9tique de haute qualit\u00e9 sp\u00e9cialement con\u00e7ues pour les terrains de cricket. Dans cet article, nous explorerons les avantages de l&#039;utilisation du gazon artificiel et comment il peut am\u00e9liorer votre exp\u00e9rience de cricket.<\/p>\n<h3>Durabilit\u00e9 et performances in\u00e9gal\u00e9es\u00a0:<\/h3>\n<p>Le gazon artificiel pour les terrains de cricket est con\u00e7u pour r\u00e9sister aux rigueurs d&#039;un jeu intense et d&#039;une utilisation fr\u00e9quente. Contrairement au gazon naturel, qui peut s&#039;user rapidement et d\u00e9velopper des plaques in\u00e9gales, le gazon synth\u00e9tique conserve son \u00e9tat impeccable m\u00eame apr\u00e8s une utilisation intensive. Les mat\u00e9riaux avanc\u00e9s et les techniques de fabrication innovantes utilis\u00e9es garantissent que le gazon artificiel est tr\u00e8s r\u00e9sistant \u00e0 l&#039;usure, \u00e0 la d\u00e9chirure et \u00e0 l&#039;impact des balles de cricket, permettant aux joueurs de profiter d&#039;une surface de jeu constante et fiable pour les ann\u00e9es \u00e0 venir.<\/p>\n<h3>Surface de jeu coh\u00e9rente :<\/h3>\n<p>L&#039;un des principaux avantages du gazon artificiel est sa capacit\u00e9 \u00e0 fournir une surface de jeu constante tout au long de l&#039;ann\u00e9e, quelles que soient les conditions m\u00e9t\u00e9orologiques. Con\u00e7u pour imiter les caract\u00e9ristiques du gazon naturel, il offre un excellent rebond de balle et un comportement de balle pr\u00e9visible. Cette coh\u00e9rence permet aux joueurs de d\u00e9velopper leurs comp\u00e9tences et leurs strat\u00e9gies sans \u00eatre g\u00ean\u00e9s par des variations impr\u00e9visibles du terrain. Qu&#039;il s&#039;agisse d&#039;un match rapide ou d&#039;une s\u00e9ance d&#039;entra\u00eenement tranquille, le gazon artificiel garantit des conditions de jeu \u00e9quitables pour tous les amateurs de cricket.<\/p>\n<h3>Peu d&#039;entretien et rentable\u00a0:<\/h3>\n<p>L&#039;entretien d&#039;un terrain de cricket en gazon naturel n\u00e9cessite beaucoup de temps, d&#039;efforts et de ressources financi\u00e8res. La tonte r\u00e9guli\u00e8re, l&#039;arrosage et la lutte antiparasitaire ne sont que quelques-unes des t\u00e2ches n\u00e9cessaires pour maintenir le terrain dans des conditions optimales. Le gazon artificiel \u00e9limine le besoin d&#039;un entretien aussi important, ce qui permet d&#039;\u00e9conomiser du temps et de l&#039;argent. Avec des exigences d&#039;entretien minimales, telles qu&#039;un brossage et un nettoyage occasionnels, les clubs et les installations de cricket peuvent allouer leurs ressources plus efficacement et se concentrer sur l&#039;am\u00e9lioration de l&#039;exp\u00e9rience globale du cricket pour les joueurs et les spectateurs.<\/p>\n<h3>Avantages environnementaux:<\/h3>\n<p>Le gazon artificiel refl\u00e8te un engagement \u00e0 fournir des solutions durables et respectueuses de l&#039;environnement. En optant pour le gazon synth\u00e9tique au lieu du gazon naturel, les clubs de cricket contribuent aux efforts de conservation de l&#039;eau en \u00e9liminant le besoin d&#039;irrigation. De plus, l&#039;absence de pesticides, d&#039;engrais et d&#039;herbicides g\u00e9n\u00e9ralement associ\u00e9s \u00e0 l&#039;entretien du gazon naturel r\u00e9duit la pollution de l&#039;environnement. Avec le gazon artificiel, vous pouvez profiter du jeu de cricket tout en minimisant votre empreinte \u00e9cologique.<\/p>\n<h3>Conclusion:<\/h3>\n<p>Le gazon artificiel a transform\u00e9 la fa\u00e7on dont le cricket est jou\u00e9, offrant durabilit\u00e9, constance des performances et rentabilit\u00e9. En tant que fournisseur leader de gazon artificiel haut de gamme, Arturf fournit des solutions de haute qualit\u00e9 sp\u00e9cialement con\u00e7ues pour les terrains de cricket. En choisissant le gazon artificiel, les amateurs de cricket peuvent profiter d&#039;une surface de jeu fiable et n\u00e9cessitant peu d&#039;entretien qui am\u00e9liore l&#039;exp\u00e9rience globale du cricket. Que vous soyez un joueur professionnel, un amateur passionn\u00e9 ou un club de cricket cherchant \u00e0 moderniser vos installations, investir dans du gazon artificiel haut de gamme pour les terrains de cricket peut \u00e9lever votre jeu vers de nouveaux sommets.<\/p>\n<p><img loading=\"lazy\" decoding=\"async\" class=\"alignnone size-full wp-image-4727\" title=\"Terrain de cricket artificiel\" src=\"https:\/\/arturf.com\/wp-content\/uploads\/2013\/10\/cricket-3.jpg\" alt=\"Terrain de cricket artificiel\" width=\"600\" height=\"450\" srcset=\"https:\/\/arturf.com\/wp-content\/uploads\/2013\/10\/cricket-3.jpg 600w, https:\/\/arturf.com\/wp-content\/uploads\/2013\/10\/cricket-3-300x225.jpg 300w, https:\/\/arturf.com\/wp-content\/uploads\/2013\/10\/cricket-3-200x150.jpg 200w, https:\/\/arturf.com\/wp-content\/uploads\/2013\/10\/cricket-3-16x12.jpg 16w, https:\/\/arturf.com\/wp-content\/uploads\/2013\/10\/cricket-3-350x263.jpg 350w, https:\/\/arturf.com\/wp-content\/uploads\/2013\/10\/cricket-3-510x383.jpg 510w\" sizes=\"auto, (max-width: 600px) 100vw, 600px\" \/><\/p>\n\t\n  \n    <div class=\"row large-columns-4 medium-columns-3 small-columns-2 row-small slider row-slider slider-nav-reveal slider-nav-push\"  data-flickity-options='{&quot;imagesLoaded&quot;: true, &quot;groupCells&quot;: &quot;100%&quot;, &quot;dragThreshold&quot; : 5, &quot;cellAlign&quot;: &quot;left&quot;,&quot;wrapAround&quot;: true,&quot;prevNextButtons&quot;: true,&quot;percentPosition&quot;: true,&quot;pageDots&quot;: false, &quot;rightToLeft&quot;: false, &quot;autoPlay&quot; : false}' >\n\n  \n\t     <div class=\"product-small col has-hover product type-product post-6559 status-publish first instock product_cat-tennis product_cat-multi-purpose product_cat-hockey has-post-thumbnail shipping-taxable product-type-simple\">\n\t<div class=\"col-inner\">\n\t\n<div class=\"badge-container absolute left top z-1\">\n\n<\/div>\n\t<div class=\"product-small box\">\n\t\t<div class=\"box-image\">\n\t\t\t<div class=\"image-fade_in_back\">\n\t\t\t\t<a href=\"https:\/\/arturf.com\/fr\/product\/tennis-multi-sports-artificial-grass-elite\/\">\n\t\t\t\t\t<img loading=\"lazy\" decoding=\"async\" width=\"350\" height=\"263\" src=\"https:\/\/arturf.com\/wp-content\/uploads\/2018\/06\/Fibrillated-Artificial-Grass-Elite-12-350x263.jpg\" class=\"attachment-woocommerce_thumbnail size-woocommerce_thumbnail\" alt=\"Gazon artificiel de tennis et multisports - \u00c9lite\" srcset=\"https:\/\/arturf.com\/wp-content\/uploads\/2018\/06\/Fibrillated-Artificial-Grass-Elite-12-350x263.jpg 350w, https:\/\/arturf.com\/wp-content\/uploads\/2018\/06\/Fibrillated-Artificial-Grass-Elite-12-300x225.jpg 300w, https:\/\/arturf.com\/wp-content\/uploads\/2018\/06\/Fibrillated-Artificial-Grass-Elite-12-200x150.jpg 200w, https:\/\/arturf.com\/wp-content\/uploads\/2018\/06\/Fibrillated-Artificial-Grass-Elite-12-768x576.jpg 768w, https:\/\/arturf.com\/wp-content\/uploads\/2018\/06\/Fibrillated-Artificial-Grass-Elite-12-16x12.jpg 16w, https:\/\/arturf.com\/wp-content\/uploads\/2018\/06\/Fibrillated-Artificial-Grass-Elite-12-510x383.jpg 510w, https:\/\/arturf.com\/wp-content\/uploads\/2018\/06\/Fibrillated-Artificial-Grass-Elite-12.jpg 800w\" sizes=\"auto, (max-width: 350px) 100vw, 350px\" \/><img loading=\"lazy\" decoding=\"async\" width=\"350\" height=\"263\" src=\"https:\/\/arturf.com\/wp-content\/uploads\/2018\/06\/Tennis-Court-Artificial-Turf-F15-Red-350x263.jpg\" class=\"show-on-hover absolute fill hide-for-small back-image\" alt=\"Vue alternative du gazon synth\u00e9tique pour terrains de tennis et multisports - Elite\" aria-hidden=\"true\" srcset=\"https:\/\/arturf.com\/wp-content\/uploads\/2018\/06\/Tennis-Court-Artificial-Turf-F15-Red-350x263.jpg 350w, https:\/\/arturf.com\/wp-content\/uploads\/2018\/06\/Tennis-Court-Artificial-Turf-F15-Red-300x225.jpg 300w, https:\/\/arturf.com\/wp-content\/uploads\/2018\/06\/Tennis-Court-Artificial-Turf-F15-Red-200x150.jpg 200w, https:\/\/arturf.com\/wp-content\/uploads\/2018\/06\/Tennis-Court-Artificial-Turf-F15-Red-768x576.jpg 768w, https:\/\/arturf.com\/wp-content\/uploads\/2018\/06\/Tennis-Court-Artificial-Turf-F15-Red-16x12.jpg 16w, https:\/\/arturf.com\/wp-content\/uploads\/2018\/06\/Tennis-Court-Artificial-Turf-F15-Red-510x383.jpg 510w, https:\/\/arturf.com\/wp-content\/uploads\/2018\/06\/Tennis-Court-Artificial-Turf-F15-Red.jpg 800w\" sizes=\"auto, (max-width: 350px) 100vw, 350px\" \/>\t\t\t\t<\/a>\n\t\t\t<\/div>\n\t\t\t<div class=\"image-tools is-small top right show-on-hover\">\n\t\t\t\t\t\t\t<\/div>\n\t\t\t<div class=\"image-tools is-small hide-for-small bottom left show-on-hover\">\n\t\t\t\t\t\t\t<\/div>\n\t\t\t<div class=\"image-tools grid-tools text-center hide-for-small bottom hover-slide-in show-on-hover\">\n\t\t\t\t<a href=\"#quick-view\" class=\"quick-view\" role=\"button\" data-prod=\"6559\" aria-haspopup=\"dialog\" aria-expanded=\"false\" data-flatsome-role-button>Aper\u00e7u<\/a>\t\t\t<\/div>\n\t\t\t\t\t<\/div>\n\n\t\t<div class=\"box-text box-text-products\">\n\t\t\t<div class=\"title-wrapper\">\t\t<p class=\"category uppercase is-smaller no-text-overflow product-cat op-8\">\n\t\t\tTennis\t\t<\/p>\n\t<p class=\"name product-title woocommerce-loop-product__title\"><a href=\"https:\/\/arturf.com\/fr\/product\/tennis-multi-sports-artificial-grass-elite\/\" class=\"woocommerce-LoopProduct-link woocommerce-loop-product__link\">Gazon artificiel de tennis et multisports - \u00c9lite<\/a><\/p><\/div><div class=\"price-wrapper\"><\/div>\t\t<\/div>\n\t<\/div>\n\t\t<\/div>\n<\/div><div class=\"product-small col has-hover product type-product post-6519 status-publish instock product_cat-golf product_cat-tennis product_cat-multi-purpose has-post-thumbnail shipping-taxable product-type-simple\">\n\t<div class=\"col-inner\">\n\t\n<div class=\"badge-container absolute left top z-1\">\n\n<\/div>\n\t<div class=\"product-small box\">\n\t\t<div class=\"box-image\">\n\t\t\t<div class=\"image-fade_in_back\">\n\t\t\t\t<a href=\"https:\/\/arturf.com\/fr\/product\/flex\/\">\n\t\t\t\t\t<img loading=\"lazy\" decoding=\"async\" width=\"350\" height=\"263\" src=\"https:\/\/arturf.com\/wp-content\/uploads\/2018\/05\/Arturf-Putting-Green-Flex-Pro-16-1-1-350x263.jpg\" class=\"attachment-woocommerce_thumbnail size-woocommerce_thumbnail\" alt=\"Fl\u00e9chir\" srcset=\"https:\/\/arturf.com\/wp-content\/uploads\/2018\/05\/Arturf-Putting-Green-Flex-Pro-16-1-1-350x263.jpg 350w, https:\/\/arturf.com\/wp-content\/uploads\/2018\/05\/Arturf-Putting-Green-Flex-Pro-16-1-1-500x375.jpg 500w, https:\/\/arturf.com\/wp-content\/uploads\/2018\/05\/Arturf-Putting-Green-Flex-Pro-16-1-1-200x150.jpg 200w, https:\/\/arturf.com\/wp-content\/uploads\/2018\/05\/Arturf-Putting-Green-Flex-Pro-16-1-1-768x576.jpg 768w, https:\/\/arturf.com\/wp-content\/uploads\/2018\/05\/Arturf-Putting-Green-Flex-Pro-16-1-1-16x12.jpg 16w, https:\/\/arturf.com\/wp-content\/uploads\/2018\/05\/Arturf-Putting-Green-Flex-Pro-16-1-1-510x383.jpg 510w, https:\/\/arturf.com\/wp-content\/uploads\/2018\/05\/Arturf-Putting-Green-Flex-Pro-16-1-1.jpg 800w\" sizes=\"auto, (max-width: 350px) 100vw, 350px\" \/><img loading=\"lazy\" decoding=\"async\" width=\"350\" height=\"263\" src=\"https:\/\/arturf.com\/wp-content\/uploads\/2018\/05\/Flex-Green-350x263.jpg\" class=\"show-on-hover absolute fill hide-for-small back-image\" alt=\"Vue alternative de Flex\" aria-hidden=\"true\" srcset=\"https:\/\/arturf.com\/wp-content\/uploads\/2018\/05\/Flex-Green-350x263.jpg 350w, https:\/\/arturf.com\/wp-content\/uploads\/2018\/05\/Flex-Green-500x375.jpg 500w, https:\/\/arturf.com\/wp-content\/uploads\/2018\/05\/Flex-Green-200x150.jpg 200w, https:\/\/arturf.com\/wp-content\/uploads\/2018\/05\/Flex-Green-768x576.jpg 768w, https:\/\/arturf.com\/wp-content\/uploads\/2018\/05\/Flex-Green-16x12.jpg 16w, https:\/\/arturf.com\/wp-content\/uploads\/2018\/05\/Flex-Green-510x383.jpg 510w, https:\/\/arturf.com\/wp-content\/uploads\/2018\/05\/Flex-Green.jpg 800w\" sizes=\"auto, (max-width: 350px) 100vw, 350px\" \/>\t\t\t\t<\/a>\n\t\t\t<\/div>\n\t\t\t<div class=\"image-tools is-small top right show-on-hover\">\n\t\t\t\t\t\t\t<\/div>\n\t\t\t<div class=\"image-tools is-small hide-for-small bottom left show-on-hover\">\n\t\t\t\t\t\t\t<\/div>\n\t\t\t<div class=\"image-tools grid-tools text-center hide-for-small bottom hover-slide-in show-on-hover\">\n\t\t\t\t<a href=\"#quick-view\" class=\"quick-view\" role=\"button\" data-prod=\"6519\" aria-haspopup=\"dialog\" aria-expanded=\"false\" data-flatsome-role-button>Aper\u00e7u<\/a>\t\t\t<\/div>\n\t\t\t\t\t<\/div>\n\n\t\t<div class=\"box-text box-text-products\">\n\t\t\t<div class=\"title-wrapper\">\t\t<p class=\"category uppercase is-smaller no-text-overflow product-cat op-8\">\n\t\t\tProduits de golf\t\t<\/p>\n\t<p class=\"name product-title woocommerce-loop-product__title\"><a href=\"https:\/\/arturf.com\/fr\/product\/flex\/\" class=\"woocommerce-LoopProduct-link woocommerce-loop-product__link\">Fl\u00e9chir<\/a><\/p><\/div><div class=\"price-wrapper\"><\/div>\t\t<\/div>\n\t<\/div>\n\t\t<\/div>\n<\/div><\/div>\n\n\n\t\t<\/div>\n\t\t\t\t\t<\/div>\n\n\t\n\n<\/div>","protected":false},"excerpt":{"rendered":"","protected":false},"author":3,"featured_media":0,"parent":2230,"menu_order":20,"comment_status":"closed","ping_status":"closed","template":"page-blank.php","meta":{"_seopress_robots_primary_cat":"","_seopress_titles_title":"","_seopress_titles_desc":"Enhance cricket with Arturf&#039;s premium artificial grass - durable, high-performance, low maintenance. Elevate your game now!","_seopress_robots_index":"","footnotes":""},"class_list":["post-4501","page","type-page","status-publish","hentry"],"_links":{"self":[{"href":"https:\/\/arturf.com\/fr\/wp-json\/wp\/v2\/pages\/4501","targetHints":{"allow":["GET"]}}],"collection":[{"href":"https:\/\/arturf.com\/fr\/wp-json\/wp\/v2\/pages"}],"about":[{"href":"https:\/\/arturf.com\/fr\/wp-json\/wp\/v2\/types\/page"}],"author":[{"embeddable":true,"href":"https:\/\/arturf.com\/fr\/wp-json\/wp\/v2\/users\/3"}],"replies":[{"embeddable":true,"href":"https:\/\/arturf.com\/fr\/wp-json\/wp\/v2\/comments?post=4501"}],"version-history":[{"count":0,"href":"https:\/\/arturf.com\/fr\/wp-json\/wp\/v2\/pages\/4501\/revisions"}],"up":[{"embeddable":true,"href":"https:\/\/arturf.com\/fr\/wp-json\/wp\/v2\/pages\/2230"}],"wp:attachment":[{"href":"https:\/\/arturf.com\/fr\/wp-json\/wp\/v2\/media?parent=4501"}],"curies":[{"name":"wp","href":"https:\/\/api.w.org\/{rel}","templated":true}]}}