{"id":5652,"date":"2016-12-11T12:12:47","date_gmt":"2016-12-11T12:12:47","guid":{"rendered":"https:\/\/arturf.com\/?page_id=5652"},"modified":"2023-09-03T20:37:29","modified_gmt":"2023-09-03T12:37:29","slug":"about","status":"publish","type":"page","link":"https:\/\/arturf.com\/fr\/about\/","title":{"rendered":"\u00c0 propos"},"content":{"rendered":"<section class=\"section dark\" id=\"section_1536881494\">\n\t\t<div class=\"section-bg fill\" >\n\t\t\t<img loading=\"lazy\" decoding=\"async\" width=\"2000\" height=\"1500\" src=\"https:\/\/arturf.com\/wp-content\/uploads\/2023\/07\/Arturf-Factory-Artificial-Grass-Tufting.jpg\" class=\"bg attachment- size-\" alt=\"Fabricant, Arturf\" \/>\t\t\t\t<div class=\"video-overlay no-click fill\"><\/div>\n\t<div id=\"ytplayer-759\" class=\"ux-youtube fill object-fit hide-for-medium\" data-videoid=\"zJLf-lc35wc\" data-loop=\"1\" data-audio=\"0\"><\/div>\n\t\t\t<div class=\"section-bg-overlay absolute fill\"><\/div>\n\t\t\t\n\n\t\t<\/div>\n\n\t\t\n\n\t\t<div class=\"section-content relative\">\n\t\t\t\n\n<div class=\"row\"  id=\"row-1216111118\">\n\n\n\t<div id=\"col-1626704531\" class=\"col medium-7 small-9 large-5\"  >\n\t\t\t\t<div class=\"col-inner\"  >\n\t\t\t\n\t\t\t\n\n\t<div id=\"text-1710995451\" class=\"text\">\n\t\t\n\n<h1>Premier fabricant de gazon artificiel - Votre partenaire commercial fiable<\/h1>\n\t\t\n<style>\n#text-1710995451 {\n  font-size: 1.5rem;\n}\n<\/style>\n\t<\/div>\n\t\n\n\t\t<\/div>\n\t\t\t\t\t<\/div>\n\n\t\n\n<\/div>\n\n\t\t<\/div>\n\n\t\t\n<style>\n#section_1536881494 {\n  padding-top: 100px;\n  padding-bottom: 100px;\n}\n#section_1536881494 .section-bg-overlay {\n  background-color: rgba(0, 0, 0, 0.13);\n}\n@media (min-width:550px) {\n  #section_1536881494 {\n    padding-top: 140px;\n    padding-bottom: 140px;\n  }\n}\n@media (min-width:850px) {\n  #section_1536881494 {\n    padding-top: 180px;\n    padding-bottom: 180px;\n  }\n}\n<\/style>\n\t<\/section>\n\t\n\n\t<section class=\"section\" id=\"section_508934578\">\n\t\t<div class=\"section-bg fill\" >\n\t\t\t\t\t\t\t\t\t\n\t\t\t\n\n\t\t<\/div>\n\n\t\t\n\n\t\t<div class=\"section-content relative\">\n\t\t\t\n\n<div class=\"row row-large align-right\"  id=\"row-558991630\">\n\n\n\t<div id=\"col-1397987624\" class=\"col medium-4 small-12 large-4\"  >\n\t\t\t\t<div class=\"col-inner\"  >\n\t\t\t\n\t\t\t\n\n\t<div class=\"ux-menu stack stack-col justify-start ux-menu--divider-solid\">\n\t\t\n\n\t<div class=\"ux-menu-link flex menu-item\">\n\t\t<a class=\"ux-menu-link__link flex\" href=\"https:\/\/arturf.com\/fr\/about\/artificial-grass-factory\/\" >\n\t\t\t<i class=\"ux-menu-link__icon text-center icon-angle-right\" aria-hidden=\"true\"><\/i>\t\t\t<span class=\"ux-menu-link__text\">\n\t\t\t\tVisite de l&#039;usine\t\t\t<\/span>\n\t\t<\/a>\n\t<\/div>\n\t\n\n\t<div class=\"ux-menu-link flex menu-item\">\n\t\t<a class=\"ux-menu-link__link flex\" href=\"https:\/\/arturf.com\/fr\/about\/quality-assurance\/\" >\n\t\t\t<i class=\"ux-menu-link__icon text-center icon-angle-right\" aria-hidden=\"true\"><\/i>\t\t\t<span class=\"ux-menu-link__text\">\n\t\t\t\tAssurance qualit\u00e9\t\t\t<\/span>\n\t\t<\/a>\n\t<\/div>\n\t\n\n\t<div class=\"ux-menu-link flex menu-item\">\n\t\t<a class=\"ux-menu-link__link flex\" href=\"https:\/\/arturf.com\/fr\/about\/technology-innovation\/\" >\n\t\t\t<i class=\"ux-menu-link__icon text-center icon-angle-right\" aria-hidden=\"true\"><\/i>\t\t\t<span class=\"ux-menu-link__text\">\n\t\t\t\tTechnologie et innovation\t\t\t<\/span>\n\t\t<\/a>\n\t<\/div>\n\t\n\n\n\t<\/div>\n\t\n\n\t\t<\/div>\n\t\t\t\t\t<\/div>\n\n\t\n\n\t<div id=\"col-99573695\" class=\"col medium-8 small-12 large-8\"  >\n\t\t\t\t<div class=\"col-inner\"  >\n\t\t\t\n\t\t\t\n\n<h2>Pr\u00e9sentation de l&#039;entreprise<\/h2>\n<p>Arturf, ou Team Sports Industry Ltd., est l&#039;un des principaux fabricants de gazon artificiel en Chine. Notre usine \u00e0 la pointe de la technologie est \u00e9quip\u00e9e de machines de pointe, assurant la production de gazon synth\u00e9tique de haute qualit\u00e9. Nous priorisons la s\u00e9curit\u00e9, la durabilit\u00e9 et l&#039;esth\u00e9tique pour offrir la meilleure valeur de l&#039;industrie.<\/p>\n<p>Avec notre propre usine d&#039;extrusion de fil, nous maintenons un contr\u00f4le de qualit\u00e9 strict d\u00e8s le d\u00e9but. Notre usine propose des options de personnalisation en fonction de vos sp\u00e9cifications, ainsi que des services OEM\/ODM pour les revendeurs. Nous avons un r\u00e9seau de clients bien \u00e9tabli et priorisons la satisfaction du client avant tout. Chez ARTURF, nous pensons que le gazon artificiel est une forme d&#039;art et nous nous engageons \u00e0 fournir des produits exceptionnels qui refl\u00e8tent notre passion pour cette industrie innovante.<\/p>\n\n\t\t<\/div>\n\t\t\t\t\t<\/div>\n\n\t\n\n<\/div>\n\t<div id=\"gap-85309781\" class=\"gap-element clearfix\" style=\"display:block; height:auto;\">\n\t\t\n<style>\n#gap-85309781 {\n  padding-top: 400px;\n}\n<\/style>\n\t<\/div>\n\t\n\n\n\t\t<\/div>\n\n\t\t\n<style>\n#section_508934578 {\n  padding-top: 30px;\n  padding-bottom: 30px;\n}\n<\/style>\n\t<\/section>\n\t\n\n\t<section class=\"section\" id=\"section_1096218103\">\n\t\t<div class=\"section-bg fill\" >\n\t\t\t\t\t\t\t\t\t\n\t\t\t\n\n\t\t<\/div>\n\n\t\t\n\n\t\t<div class=\"section-content relative\">\n\t\t\t\n\n<div class=\"row\"  id=\"row-746705541\">\n\n\n\t<div id=\"col-200514255\" class=\"col small-12 large-12\"  >\n\t\t\t\t<div class=\"col-inner\"  >\n\t\t\t\n\t\t\t\n\n<div class=\"row\"  id=\"row-179578606\">\n\n\n\t<div id=\"col-44768864\" class=\"col medium-6 small-12 large-6\"  >\n\t\t\t\t<div class=\"col-inner\"  >\n\t\t\t\n\t\t\t\n\n\n  <div class=\"banner has-hover\" id=\"banner-399741770\">\n          <div class=\"banner-inner fill\">\n        <div class=\"banner-bg fill\" >\n            <img loading=\"lazy\" decoding=\"async\" width=\"1000\" height=\"750\" src=\"https:\/\/arturf.com\/wp-content\/uploads\/2018\/12\/Yarn-Producing-4.jpg\" class=\"bg attachment-large size-large\" alt=\"Fabricant, Arturf\" \/>                                    \n                    <\/div>\n\t\t\n        <div class=\"banner-layers container\">\n            <div class=\"fill banner-link\"><\/div>            \n\n   <div id=\"text-box-36638173\" class=\"text-box banner-layer x50 md-x50 lg-x50 y50 md-y50 lg-y50 res-text\">\n                                <div class=\"text-box-content text dark\">\n              \n              <div class=\"text-inner text-center\">\n                  \n\n\n              <\/div>\n           <\/div>\n                            \n<style>\n#text-box-36638173 {\n  width: 60%;\n}\n#text-box-36638173 .text-box-content {\n  font-size: 100%;\n}\n@media (min-width:550px) {\n  #text-box-36638173 {\n    width: 60%;\n  }\n}\n<\/style>\n    <\/div>\n \n\n        <\/div>\n      <\/div>\n\n            \n<style>\n#banner-399741770 {\n  padding-top: 360px;\n  background-color: rgb(250, 250, 250);\n}\n<\/style>\n  <\/div>\n\n\n\n\t\t<\/div>\n\t\t\t\t\t<\/div>\n\n\t\n\n\t<div id=\"col-1815393947\" class=\"col medium-6 small-12 large-6\"  >\n\t\t\t\t<div class=\"col-inner\"  >\n\t\t\t\n\t\t\t\n\n\n  <div class=\"banner has-hover\" id=\"banner-460004767\">\n          <div class=\"banner-inner fill\">\n        <div class=\"banner-bg fill\" >\n            <img loading=\"lazy\" decoding=\"async\" width=\"768\" height=\"576\" src=\"https:\/\/arturf.com\/wp-content\/uploads\/2023\/07\/Arturf-Tufting-Machine-768x576.jpg\" class=\"bg attachment-medium_large size-medium_large\" alt=\"Fabricant, Arturf\" \/>                                    \n                    <\/div>\n\t\t\n        <div class=\"banner-layers container\">\n            <div class=\"fill banner-link\"><\/div>            \n\n   <div id=\"text-box-296142506\" class=\"text-box banner-layer x50 md-x50 lg-x50 y50 md-y50 lg-y50 res-text\">\n                                <div class=\"text-box-content text dark\">\n              \n              <div class=\"text-inner text-center\">\n                  \n\n\n              <\/div>\n           <\/div>\n                            \n<style>\n#text-box-296142506 {\n  width: 60%;\n}\n#text-box-296142506 .text-box-content {\n  font-size: 100%;\n}\n@media (min-width:550px) {\n  #text-box-296142506 {\n    width: 60%;\n  }\n}\n<\/style>\n    <\/div>\n \n\n        <\/div>\n      <\/div>\n\n            \n<style>\n#banner-460004767 {\n  padding-top: 500px;\n  background-color: rgb(250, 250, 250);\n}\n#banner-460004767 .banner-bg img {\n  object-position: 60% 88%;\n}\n<\/style>\n  <\/div>\n\n\n\n\t\t<\/div>\n\t\t\t\t\t<\/div>\n\n\t\n\n<\/div>\n\n\t\t<\/div>\n\t\t\t\t\n<style>\n#col-200514255 > .col-inner {\n  margin: -390px 0px 0px 0px;\n}\n<\/style>\n\t<\/div>\n\n\t\n\n<\/div>\n\n\t\t<\/div>\n\n\t\t\n<style>\n#section_1096218103 {\n  padding-top: 30px;\n  padding-bottom: 30px;\n  background-color: rgb(122, 156, 89);\n}\n<\/style>\n\t<\/section>\n\t\n\n\t<section class=\"section dark\" id=\"section_2001934296\">\n\t\t<div class=\"section-bg fill\" >\n\t\t\t\t\t\t\t\t\t\n\t\t\t\n\n\t\t<\/div>\n\n\t\t\n\n\t\t<div class=\"section-content relative\">\n\t\t\t\n\n<div class=\"row\"  id=\"row-950179440\">\n\n\n\t<div id=\"col-1453937535\" class=\"col small-12 large-12\"  >\n\t\t\t\t<div class=\"col-inner\"  >\n\t\t\t\n\t\t\t\n\n\t<div id=\"text-2880974984\" class=\"text\">\n\t\t\n\n<h2>Pourquoi Arturf ?<\/h2>\n\t\t\n<style>\n#text-2880974984 {\n  font-size: 1.45rem;\n  text-align: center;\n}\n<\/style>\n\t<\/div>\n\t\n\n\t\t<\/div>\n\t\t\t\t\t<\/div>\n\n\t\n\n<\/div>\n<div class=\"row row-large\"  id=\"row-172943062\">\n\n\n\t<div id=\"col-1656466853\" class=\"col small-12 large-12\"  >\n\t\t\t\t<div class=\"col-inner\"  >\n\t\t\t\n\t\t\t\n\n<div class=\"container section-title-container\" style=\"margin-top:5px;margin-bottom:5px;\"><h3 class=\"section-title section-title-normal\"><b aria-hidden=\"true\"><\/b><span class=\"section-title-main\" style=\"font-size:80%;color:rgb(251, 251, 251);\">01<\/span><b aria-hidden=\"true\"><\/b><\/h3><\/div>\n\n\n\t\t<\/div>\n\t\t\t\t\n<style>\n#col-1656466853 > .col-inner {\n  margin: 0px 0px -20px 0px;\n}\n<\/style>\n\t<\/div>\n\n\t\n\n\t<div id=\"col-112230478\" class=\"col medium-12 small-12 large-6\"  >\n\t\t\t\t<div class=\"col-inner\"  >\n\t\t\t\n\t\t\t\n\n\t<div id=\"text-3832428237\" class=\"text\">\n\t\t\n\n<h3><span style=\"font-size: 180%;\">Assurance qualit\u00e9<\/span><\/h3>\n\t\t\n<style>\n#text-3832428237 {\n  font-size: 0.8rem;\n}\n<\/style>\n\t<\/div>\n\t\n\n\t\t<\/div>\n\t\t\t\t\t<\/div>\n\n\t\n\n\t<div id=\"col-1834545312\" class=\"col medium-12 small-12 large-6\"  >\n\t\t\t\t<div class=\"col-inner\"  >\n\t\t\t\n\t\t\t\n\n<p>Nous contr\u00f4lons l&#039;ensemble du processus de fabrication du gazon artificiel, en travaillant en \u00e9troite collaboration avec les fournisseurs mondiaux de mati\u00e8res premi\u00e8res pour garantir un gazon artificiel de haute qualit\u00e9 \u00e0 des prix comp\u00e9titifs.<\/p>\n\n\t\t<\/div>\n\t\t\t\t\t<\/div>\n\n\t\n\n<\/div>\n<div class=\"row row-large\"  id=\"row-1251543698\">\n\n\n\t<div id=\"col-1202116330\" class=\"col small-12 large-12\"  >\n\t\t\t\t<div class=\"col-inner\"  >\n\t\t\t\n\t\t\t\n\n<div class=\"container section-title-container\" style=\"margin-top:5px;margin-bottom:5px;\"><h3 class=\"section-title section-title-normal\"><b aria-hidden=\"true\"><\/b><span class=\"section-title-main\" style=\"font-size:80%;color:rgb(255, 255, 255);\">02<\/span><b aria-hidden=\"true\"><\/b><\/h3><\/div>\n\n\n\t\t<\/div>\n\t\t\t\t\n<style>\n#col-1202116330 > .col-inner {\n  padding: 60px 0px 0px 0px;\n  margin: 0px 0px -20px 0px;\n}\n<\/style>\n\t<\/div>\n\n\t\n\n\t<div id=\"col-332512429\" class=\"col medium-12 small-12 large-6\"  >\n\t\t\t\t<div class=\"col-inner\"  >\n\t\t\t\n\t\t\t\n\n\t<div id=\"text-2650868631\" class=\"text\">\n\t\t\n\n<h3><span style=\"font-size: 180%;\">Int\u00e9grit\u00e9 transparente<\/span><\/h3>\n\t\t\n<style>\n#text-2650868631 {\n  font-size: 0.8rem;\n}\n<\/style>\n\t<\/div>\n\t\n\n\t\t<\/div>\n\t\t\t\t\t<\/div>\n\n\t\n\n\t<div id=\"col-880688934\" class=\"col medium-12 small-12 large-6\"  >\n\t\t\t\t<div class=\"col-inner\"  >\n\t\t\t\n\t\t\t\n\n<p>Nous menons nos affaires avec honn\u00eatet\u00e9, en fournissant des sp\u00e9cifications pr\u00e9cises, des prix transparents et des garanties fiables sans recourir \u00e0 des tactiques de vente ou \u00e0 des co\u00fbts cach\u00e9s.<\/p>\n\n\t\t<\/div>\n\t\t\t\t\t<\/div>\n\n\t\n\n<\/div>\n<div class=\"row row-large\"  id=\"row-1635563037\">\n\n\n\t<div id=\"col-891834339\" class=\"col small-12 large-12\"  >\n\t\t\t\t<div class=\"col-inner\"  >\n\t\t\t\n\t\t\t\n\n<div class=\"container section-title-container\" style=\"margin-top:5px;margin-bottom:5px;\"><h3 class=\"section-title section-title-normal\"><b aria-hidden=\"true\"><\/b><span class=\"section-title-main\" style=\"font-size:80%;color:rgb(255, 255, 255);\">03<\/span><b aria-hidden=\"true\"><\/b><\/h3><\/div>\n\n\n\t\t<\/div>\n\t\t\t\t\n<style>\n#col-891834339 > .col-inner {\n  padding: 60px 0px 0px 0px;\n  margin: 0px 0px -20px 0px;\n}\n<\/style>\n\t<\/div>\n\n\t\n\n\t<div id=\"col-1466958023\" class=\"col medium-12 small-12 large-6\"  >\n\t\t\t\t<div class=\"col-inner\"  >\n\t\t\t\n\t\t\t\n\n\t<div id=\"text-475782391\" class=\"text\">\n\t\t\n\n<h3><span style=\"font-size: 180%;\">Approche centr\u00e9e sur le client<br><\/span><\/h3>\n\t\t\n<style>\n#text-475782391 {\n  font-size: 0.8rem;\n}\n<\/style>\n\t<\/div>\n\t\n\n\t\t<\/div>\n\t\t\t\t\t<\/div>\n\n\t\n\n\t<div id=\"col-1708283573\" class=\"col medium-12 small-12 large-6\"  >\n\t\t\t\t<div class=\"col-inner\"  >\n\t\t\t\n\t\t\t\n\n<p>Nous priorisons la satisfaction de nos clients en respectant leurs besoins et leurs attentes. Nous d\u00e9passons les attentes gr\u00e2ce \u00e0 des prix abordables, une qualit\u00e9 sup\u00e9rieure, une livraison rapide et l&#039;option de sp\u00e9cifications de gazon artificiel personnalis\u00e9es.<\/p>\n\n\t\t<\/div>\n\t\t\t\t\t<\/div>\n\n\t\n\n<\/div>\n<div class=\"row row-large\"  id=\"row-1571076708\">\n\n\n\t<div id=\"col-406295156\" class=\"col small-12 large-12\"  >\n\t\t\t\t<div class=\"col-inner\"  >\n\t\t\t\n\t\t\t\n\n<div class=\"container section-title-container\" style=\"margin-top:5px;margin-bottom:5px;\"><h3 class=\"section-title section-title-normal\"><b aria-hidden=\"true\"><\/b><span class=\"section-title-main\" style=\"font-size:80%;color:rgb(255, 255, 255);\">04<\/span><b aria-hidden=\"true\"><\/b><\/h3><\/div>\n\n\n\t\t<\/div>\n\t\t\t\t\n<style>\n#col-406295156 > .col-inner {\n  padding: 60px 0px 0px 0px;\n  margin: 0px 0px -20px 0px;\n}\n<\/style>\n\t<\/div>\n\n\t\n\n\t<div id=\"col-1849986403\" class=\"col medium-12 small-12 large-6\"  >\n\t\t\t\t<div class=\"col-inner\"  >\n\t\t\t\n\t\t\t\n\n\t<div id=\"text-1725486862\" class=\"text\">\n\t\t\n\n<h3><span style=\"font-size: 180%;\">Solutions compl\u00e8tes<\/span><\/h3>\n\t\t\n<style>\n#text-1725486862 {\n  font-size: 0.8rem;\n}\n<\/style>\n\t<\/div>\n\t\n\n\t\t<\/div>\n\t\t\t\t\t<\/div>\n\n\t\n\n\t<div id=\"col-439534600\" class=\"col medium-12 small-12 large-6\"  >\n\t\t\t\t<div class=\"col-inner\"  >\n\t\t\t\n\t\t\t\n\n<p>Compl\u00e9tez votre installation avec nos <a href=\"https:\/\/arturf.com\/fr\/products\/accessories\/\">accessoires uniques<\/a>: sous-couche anti-chocs, granul\u00e9s de caoutchouc, ruban de couture, adh\u00e9sif, cl\u00f4ture et \u00e9clairage\u2026<\/p>\n\n\t\t<\/div>\n\t\t\t\t\t<\/div>\n\n\t\n\n<\/div>\n\n\t\t<\/div>\n\n\t\t\n<style>\n#section_2001934296 {\n  padding-top: 80px;\n  padding-bottom: 80px;\n  background-color: #7a9c59;\n}\n<\/style>\n\t<\/section>","protected":false},"excerpt":{"rendered":"","protected":false},"author":3,"featured_media":0,"parent":0,"menu_order":1,"comment_status":"closed","ping_status":"closed","template":"page-blank.php","meta":{"_seopress_robots_primary_cat":"","_seopress_titles_title":"Premier Artificial Turf Manufacturer- Your Reliable Business Partner","_seopress_titles_desc":"Arturf: A manufacturer and your trusted partner for premium artificial grass. We offer customization, transparency, and complete solutions for all your turf needs.","_seopress_robots_index":"","footnotes":""},"class_list":["post-5652","page","type-page","status-publish","hentry"],"_links":{"self":[{"href":"https:\/\/arturf.com\/fr\/wp-json\/wp\/v2\/pages\/5652","targetHints":{"allow":["GET"]}}],"collection":[{"href":"https:\/\/arturf.com\/fr\/wp-json\/wp\/v2\/pages"}],"about":[{"href":"https:\/\/arturf.com\/fr\/wp-json\/wp\/v2\/types\/page"}],"author":[{"embeddable":true,"href":"https:\/\/arturf.com\/fr\/wp-json\/wp\/v2\/users\/3"}],"replies":[{"embeddable":true,"href":"https:\/\/arturf.com\/fr\/wp-json\/wp\/v2\/comments?post=5652"}],"version-history":[{"count":0,"href":"https:\/\/arturf.com\/fr\/wp-json\/wp\/v2\/pages\/5652\/revisions"}],"wp:attachment":[{"href":"https:\/\/arturf.com\/fr\/wp-json\/wp\/v2\/media?parent=5652"}],"curies":[{"name":"wp","href":"https:\/\/api.w.org\/{rel}","templated":true}]}}