{"id":6786,"date":"2018-08-04T08:57:54","date_gmt":"2018-08-04T08:57:54","guid":{"rendered":"https:\/\/arturf.com\/?page_id=6786"},"modified":"2023-07-13T11:29:03","modified_gmt":"2023-07-13T03:29:03","slug":"artificial-grass-factory","status":"publish","type":"page","link":"https:\/\/arturf.com\/fr\/about\/artificial-grass-factory\/","title":{"rendered":"Usine d&#039;herbe artificielle"},"content":{"rendered":"<section class=\"section dark\" id=\"section_1188087\">\n\t\t<div class=\"section-bg fill\" >\n\t\t\t<img loading=\"lazy\" decoding=\"async\" width=\"1536\" height=\"1152\" src=\"https:\/\/arturf.com\/wp-content\/uploads\/2023\/07\/Arturf-Factory-Artificial-Grass-Tufting-1536x1152.jpg\" class=\"bg attachment-1536x1536 size-1536x1536\" alt=\"fabricant\" \/>\t\t\t\t\t\t<div class=\"section-bg-overlay absolute fill\"><\/div>\n\t\t\t\n\n\t\t<\/div>\n\n\t\t\n\n\t\t<div class=\"section-content relative\">\n\t\t\t\n\n<div class=\"row align-center\"  id=\"row-1983717408\">\n\n\n\t<div id=\"col-142217203\" class=\"col medium-10 small-12 large-7\"  >\n\t\t\t\t<div class=\"col-inner text-center\"  >\n\t\t\t\n\t\t\t\n\n<div class=\"video-button-wrapper\" style=\"font-size:120%\"><a href=\"https:\/\/www.youtube.com\/watch?v=zJLf-lc35wc\" class=\"button open-video icon circle is-outline is-xlarge\" role=\"button\" aria-label=\"Ouvrir la vid\u00e9o dans la lightbox\" data-flatsome-role-button><i class=\"icon-play\" aria-hidden=\"true\" style=\"font-size:1.5em;\"><\/i><\/a><\/div>\n\n\t<div id=\"text-1541726855\" class=\"text\">\n\t\t\n\n<h1>Usine d&#039;herbe artificielle<\/h1>\n\t\t\n<style>\n#text-1541726855 {\n  font-size: 1.5rem;\n}\n<\/style>\n\t<\/div>\n\t\n<p>Arturf se distingue comme l&#039;un des principaux fabricants de gazon artificiel en Chine en maintenant un contr\u00f4le complet sur l&#039;ensemble du processus de fabrication.<\/p>\n\t<div id=\"gap-1768476616\" class=\"gap-element clearfix\" style=\"display:block; height:auto;\">\n\t\t\n<style>\n#gap-1768476616 {\n  padding-top: 10px;\n}\n<\/style>\n\t<\/div>\n\t\n\n\n\t\t<\/div>\n\t\t\t\t\t<\/div>\n\n\t\n\n<\/div>\n\n\t\t<\/div>\n\n\t\t\n<style>\n#section_1188087 {\n  padding-top: 30px;\n  padding-bottom: 30px;\n  min-height: 600px;\n}\n#section_1188087 .section-bg-overlay {\n  background-color: rgba(0, 0, 0, 0.5);\n}\n@media (min-width:550px) {\n  #section_1188087 {\n    min-height: 700px;\n  }\n}\n@media (min-width:850px) {\n  #section_1188087 {\n    min-height: 900px;\n  }\n}\n<\/style>\n\t<\/section>\n\t\n<div class=\"row align-middle align-center\"  id=\"row-1254803950\">\n\n\n\t<div id=\"col-2041806194\" class=\"col small-12 large-12\"  >\n\t\t\t\t<div class=\"col-inner\"  >\n\t\t\t\n\t\t\t\n\n\t<div id=\"gap-475538904\" class=\"gap-element clearfix\" style=\"display:block; height:auto;\">\n\t\t\n<style>\n#gap-475538904 {\n  padding-top: 30px;\n}\n<\/style>\n\t<\/div>\n\t\n\n<p>Arturf, fabricant fiable de gazon artificiel en Chine, se d\u00e9marque de la concurrence en supervisant l&#039;ensemble du processus de fabrication, assurant un contr\u00f4le strict et une qualit\u00e9 irr\u00e9prochable. Rejoignez-nous pour une visite extraordinaire de l&#039;usine alors que nous r\u00e9v\u00e9lons les subtilit\u00e9s de nos trois \u00e9tapes de fabrication essentielles\u00a0: l&#039;extrusion de fibres, le tuftage de gazon et le rev\u00eatement arri\u00e8re. Chaque \u00e9tape contribue \u00e0 la cr\u00e9ation de nos produits de gazon artificiel de qualit\u00e9 sup\u00e9rieure.<\/p>\n\n\t\t<\/div>\n\t\t\t\t\t<\/div>\n\n\t\n\n<\/div>\n<div class=\"row align-middle\"  id=\"row-2020896003\">\n\n\n\t<div id=\"col-200481231\" class=\"col medium-6 small-12 large-6\"  >\n\t\t\t\t<div class=\"col-inner\"  >\n\t\t\t\n\t\t\t\n\n\t<div id=\"gap-1493543101\" class=\"gap-element clearfix\" style=\"display:block; height:auto;\">\n\t\t\n<style>\n#gap-1493543101 {\n  padding-top: 30px;\n}\n<\/style>\n\t<\/div>\n\t\n\n<h3>Extrusion - Fabriquer l&#039;essence du gazon artificiel<\/h3>\n<p>Au c\u0153ur de tout syst\u00e8me de gazon artificiel se trouve le fil, un composant crucial qui influence directement les performances et la dur\u00e9e de vie. Chez Arturf, nous prenons cet aspect au s\u00e9rieux. Notre fil est m\u00e9ticuleusement fabriqu\u00e9 \u00e0 l&#039;aide de granul\u00e9s de r\u00e9sine de premi\u00e8re qualit\u00e9, qui sont fondus pour former la base de nos fils de gazon artificiel. Au cours de ce processus d&#039;extrusion crucial, nous incorporons des inhibiteurs d&#039;UV de qualit\u00e9 sup\u00e9rieure et d&#039;autres additifs qui am\u00e9liorent la long\u00e9vit\u00e9 de nos produits de gazon synth\u00e9tique. Ces caract\u00e9ristiques deviennent une partie inh\u00e9rente de l&#039;herbe, garantissant qu&#039;elles ne s&#039;estompent ni ne s&#039;effacent avec le temps. Gr\u00e2ce \u00e0 l&#039;art de l&#039;extrusion, nous donnons vie \u00e0 nos r\u00e9sines, les transformant en fils r\u00e9sistants et durables.<\/p>\n\n\t\t<\/div>\n\t\t\t\t\t<\/div>\n\n\t\n\n\t<div id=\"col-722862987\" class=\"col medium-6 small-12 large-6 small-col-first\"  >\n\t\t\t\t<div class=\"col-inner\"  >\n\t\t\t\n\t\t\t\n\n\t<div id=\"gap-1537551484\" class=\"gap-element clearfix\" style=\"display:block; height:auto;\">\n\t\t\n<style>\n#gap-1537551484 {\n  padding-top: 30px;\n}\n<\/style>\n\t<\/div>\n\t\n\n\t<div class=\"box has-hover   has-hover box-overlay dark box-text-middle\" >\n\n\t\t<div class=\"box-image\" style=\"border-radius:100%;width:80%;\">\n\t\t\t\t\t\t<div class=\"image-zoom-long image-cover\" style=\"padding-top:100%;\">\n\t\t\t\t<img loading=\"lazy\" decoding=\"async\" width=\"1000\" height=\"750\" src=\"https:\/\/arturf.com\/wp-content\/uploads\/2018\/12\/Yarn-Producing-4.jpg\" class=\"attachment-large size-large\" alt=\"fabricant\" srcset=\"https:\/\/arturf.com\/wp-content\/uploads\/2018\/12\/Yarn-Producing-4.jpg 1000w, https:\/\/arturf.com\/wp-content\/uploads\/2018\/12\/Yarn-Producing-4-300x225.jpg 300w, https:\/\/arturf.com\/wp-content\/uploads\/2018\/12\/Yarn-Producing-4-200x150.jpg 200w, https:\/\/arturf.com\/wp-content\/uploads\/2018\/12\/Yarn-Producing-4-768x576.jpg 768w, https:\/\/arturf.com\/wp-content\/uploads\/2018\/12\/Yarn-Producing-4-16x12.jpg 16w, https:\/\/arturf.com\/wp-content\/uploads\/2018\/12\/Yarn-Producing-4-350x263.jpg 350w, https:\/\/arturf.com\/wp-content\/uploads\/2018\/12\/Yarn-Producing-4-510x383.jpg 510w\" sizes=\"auto, (max-width: 1000px) 100vw, 1000px\" \/>\t\t\t\t<div class=\"overlay\" style=\"background-color:1\"><\/div>\t\t\t\t\t\t\t<\/div>\n\t\t\t\t\t<\/div>\n\n\t\t<div class=\"box-text text-center\" >\n\t\t\t<div class=\"box-text-inner\">\n\t\t\t\t\n\n<h4>Extrusion de fil<\/h4>\n\n\t\t\t<\/div>\n\t\t<\/div>\n\t<\/div>\n\t\n\n\t\t<\/div>\n\t\t\t\t\t<\/div>\n\n\t\n\n<\/div>\n\t<div id=\"gap-756707312\" class=\"gap-element clearfix\" style=\"display:block; height:auto;\">\n\t\t\n<style>\n#gap-756707312 {\n  padding-top: 80px;\n}\n<\/style>\n\t<\/div>\n\t\n\n<div class=\"row align-middle\"  id=\"row-1534022898\">\n\n\n\t<div id=\"col-1864492669\" class=\"col medium-6 small-12 large-6 small-col-first\"  >\n\t\t\t\t<div class=\"col-inner\"  >\n\t\t\t\n\t\t\t\n\n\t<div id=\"gap-1424687763\" class=\"gap-element clearfix\" style=\"display:block; height:auto;\">\n\t\t\n<style>\n#gap-1424687763 {\n  padding-top: 30px;\n}\n<\/style>\n\t<\/div>\n\t\n\n\t<div class=\"box has-hover   has-hover box-overlay dark box-text-middle\" >\n\n\t\t<div class=\"box-image\" style=\"border-radius:100%;width:80%;\">\n\t\t\t\t\t\t<div class=\"image-zoom-long image-cover\" style=\"padding-top:100%;\">\n\t\t\t\t<img loading=\"lazy\" decoding=\"async\" width=\"1000\" height=\"750\" src=\"https:\/\/arturf.com\/wp-content\/uploads\/2018\/12\/Artificial-Grass-Tufting-2.jpg\" class=\"attachment- size-\" alt=\"fabricant\" srcset=\"https:\/\/arturf.com\/wp-content\/uploads\/2018\/12\/Artificial-Grass-Tufting-2.jpg 1000w, https:\/\/arturf.com\/wp-content\/uploads\/2018\/12\/Artificial-Grass-Tufting-2-300x225.jpg 300w, https:\/\/arturf.com\/wp-content\/uploads\/2018\/12\/Artificial-Grass-Tufting-2-200x150.jpg 200w, https:\/\/arturf.com\/wp-content\/uploads\/2018\/12\/Artificial-Grass-Tufting-2-768x576.jpg 768w, https:\/\/arturf.com\/wp-content\/uploads\/2018\/12\/Artificial-Grass-Tufting-2-16x12.jpg 16w, https:\/\/arturf.com\/wp-content\/uploads\/2018\/12\/Artificial-Grass-Tufting-2-350x263.jpg 350w, https:\/\/arturf.com\/wp-content\/uploads\/2018\/12\/Artificial-Grass-Tufting-2-510x383.jpg 510w\" sizes=\"auto, (max-width: 1000px) 100vw, 1000px\" \/>\t\t\t\t<div class=\"overlay\" style=\"background-color:1\"><\/div>\t\t\t\t\t\t\t<\/div>\n\t\t\t\t\t<\/div>\n\n\t\t<div class=\"box-text text-center\" >\n\t\t\t<div class=\"box-text-inner\">\n\t\t\t\t\n\n<h4>Touffe de gazon artificiel<\/h4>\n\n\t\t\t<\/div>\n\t\t<\/div>\n\t<\/div>\n\t\n\n\t\t<\/div>\n\t\t\t\t\t<\/div>\n\n\t\n\n\t<div id=\"col-960298466\" class=\"col medium-6 small-12 large-6\"  >\n\t\t\t\t<div class=\"col-inner\"  >\n\t\t\t\n\t\t\t\n\n\t<div id=\"gap-1758562829\" class=\"gap-element clearfix\" style=\"display:block; height:auto;\">\n\t\t\n<style>\n#gap-1758562829 {\n  padding-top: 30px;\n}\n<\/style>\n\t<\/div>\n\t\n\n<h3>Tufting - Tisser l&#039;excellence dans chaque fil<\/h3>\n<p>Une fois les fils de gazon artificiel termin\u00e9s, ils subissent le processus de touffetage pour cr\u00e9er un support robuste. Ce support, fabriqu\u00e9 \u00e0 partir de tissu tiss\u00e9 ou de tissu, constitue la base du gazon synth\u00e9tique.<\/p>\n<p>Pendant le touffetage, les fils de gazon artificiel ou les faisceaux de filaments sont m\u00e9ticuleusement tiss\u00e9s dans le support, formant des boucles. Une aiguille sp\u00e9cialis\u00e9e, semblable \u00e0 une grande aiguille \u00e0 coudre, pousse \u00e0 travers le support, s&#039;entrela\u00e7ant avec les fils pour cr\u00e9er des boucles ou des piles. Ces boucles sont ensuite coup\u00e9es avec pr\u00e9cision, ce qui donne des tas d&#039;herbe individuels. Dans nos lignes de production de touffetage, nous utilisons des machines de pointe \u00e9quip\u00e9es de plus de 1000 aiguilles par rang\u00e9e, variant en fonction de la largeur du tapis de gazon et de l&#039;intensit\u00e9 de poils souhait\u00e9e. \u00c0 l&#039;usine de gazon artificiel de Arturf, nous sommes fiers de nos lignes de production de touffetage avanc\u00e9es, compos\u00e9es de professionnels exp\u00e9riment\u00e9s avec plus de six ans d&#039;expertise.<\/p>\n\n\t\t<\/div>\n\t\t\t\t\t<\/div>\n\n\t\n\n<\/div>\n\t<div id=\"gap-1172940425\" class=\"gap-element clearfix\" style=\"display:block; height:auto;\">\n\t\t\n<style>\n#gap-1172940425 {\n  padding-top: 80px;\n}\n<\/style>\n\t<\/div>\n\t\n\n<div class=\"row align-middle\"  id=\"row-1800523427\">\n\n\n\t<div id=\"col-407682117\" class=\"col medium-6 small-12 large-6\"  >\n\t\t\t\t<div class=\"col-inner\"  >\n\t\t\t\n\t\t\t\n\n\t<div id=\"gap-368452857\" class=\"gap-element clearfix\" style=\"display:block; height:auto;\">\n\t\t\n<style>\n#gap-368452857 {\n  padding-top: 30px;\n}\n<\/style>\n\t<\/div>\n\t\n\n<h3>Rev\u00eatement \u2013 Garantir la qualit\u00e9 pour des performances optimales<\/h3>\n<p>Apr\u00e8s le processus de touffetage, il est essentiel de fixer fermement les fils de gazon artificiel au support, en \u00e9vitant tout risque qu&#039;ils se d\u00e9tachent pendant l&#039;utilisation.<\/p>\n<p>Dans la troisi\u00e8me \u00e9tape, nous appliquons du latex ou du polyur\u00e9thane \u00e0 l&#039;arri\u00e8re du support, assurant une liaison solide entre les fils et le support, tout en offrant une rigidit\u00e9 suppl\u00e9mentaire.<\/p>\n<p>Le latex ou le polyur\u00e9thane est initialement \u00e0 l&#039;\u00e9tat liquide, semblable \u00e0 de la colle, lorsqu&#039;il est appliqu\u00e9 sur le tapis. Cependant, pendant le processus de rev\u00eatement, il durcit, renfor\u00e7ant le tapis et fixant fermement les tas d&#039;herbe. Pour faciliter un drainage efficace, de petits trous sont m\u00e9ticuleusement perc\u00e9s dans le tapis d&#039;herbe, permettant \u00e0 l&#039;eau de s&#039;\u00e9couler de la surface et dans le sol sous-jacent, m\u00eame lors de fortes pluies. Bien que ces trous de drainage restent invisibles, ils jouent un r\u00f4le crucial dans le maintien de l&#039;int\u00e9grit\u00e9 du syst\u00e8me de gazon artificiel.<\/p>\n\n\t\t<\/div>\n\t\t\t\t\t<\/div>\n\n\t\n\n\t<div id=\"col-346253936\" class=\"col medium-6 small-12 large-6 small-col-first\"  >\n\t\t\t\t<div class=\"col-inner\"  >\n\t\t\t\n\t\t\t\n\n\t<div id=\"gap-1088629707\" class=\"gap-element clearfix\" style=\"display:block; height:auto;\">\n\t\t\n<style>\n#gap-1088629707 {\n  padding-top: 30px;\n}\n<\/style>\n\t<\/div>\n\t\n\n\t<div class=\"box has-hover   has-hover box-overlay dark box-text-middle\" >\n\n\t\t<div class=\"box-image\" style=\"border-radius:100%;width:80%;\">\n\t\t\t\t\t\t<div class=\"image-zoom-long image-cover\" style=\"padding-top:100%;\">\n\t\t\t\t<img loading=\"lazy\" decoding=\"async\" width=\"750\" height=\"562\" src=\"https:\/\/arturf.com\/wp-content\/uploads\/2018\/12\/Artificial-Grass-Coating.jpg\" class=\"attachment- size-\" alt=\"fabricant\" srcset=\"https:\/\/arturf.com\/wp-content\/uploads\/2018\/12\/Artificial-Grass-Coating.jpg 750w, https:\/\/arturf.com\/wp-content\/uploads\/2018\/12\/Artificial-Grass-Coating-300x225.jpg 300w, https:\/\/arturf.com\/wp-content\/uploads\/2018\/12\/Artificial-Grass-Coating-200x150.jpg 200w, https:\/\/arturf.com\/wp-content\/uploads\/2018\/12\/Artificial-Grass-Coating-16x12.jpg 16w, https:\/\/arturf.com\/wp-content\/uploads\/2018\/12\/Artificial-Grass-Coating-350x263.jpg 350w, https:\/\/arturf.com\/wp-content\/uploads\/2018\/12\/Artificial-Grass-Coating-510x382.jpg 510w\" sizes=\"auto, (max-width: 750px) 100vw, 750px\" \/>\t\t\t\t<div class=\"overlay\" style=\"background-color:1\"><\/div>\t\t\t\t\t\t\t<\/div>\n\t\t\t\t\t<\/div>\n\n\t\t<div class=\"box-text text-center\" >\n\t\t\t<div class=\"box-text-inner\">\n\t\t\t\t\n\n<h4>Rev\u00eatement de support<\/h4>\n\n\t\t\t<\/div>\n\t\t<\/div>\n\t<\/div>\n\t\n\n\t\t<\/div>\n\t\t\t\t\t<\/div>\n\n\t\n\n<\/div>\n\t<div id=\"gap-2132230136\" class=\"gap-element clearfix\" style=\"display:block; height:auto;\">\n\t\t\n<style>\n#gap-2132230136 {\n  padding-top: 80px;\n}\n<\/style>\n\t<\/div>\n\t\n\n\t<div id=\"gap-707687830\" class=\"gap-element clearfix\" style=\"display:block; height:auto;\">\n\t\t\n<style>\n#gap-707687830 {\n  padding-top: 80px;\n}\n<\/style>\n\t<\/div>\n\t\n\n<div class=\"row align-middle\"  id=\"row-522563909\">\n\n\n\t<div id=\"col-1760651562\" class=\"col medium-6 small-12 large-6 small-col-first\"  >\n\t\t\t\t<div class=\"col-inner\"  >\n\t\t\t\n\t\t\t\n\n\t<div id=\"gap-1958269582\" class=\"gap-element clearfix\" style=\"display:block; height:auto;\">\n\t\t\n<style>\n#gap-1958269582 {\n  padding-top: 30px;\n}\n<\/style>\n\t<\/div>\n\t\n\n\t<div class=\"box has-hover   has-hover box-overlay dark box-text-middle\" >\n\n\t\t<div class=\"box-image\" style=\"border-radius:100%;width:80%;\">\n\t\t\t\t\t\t<div class=\"image-zoom-long image-cover\" style=\"padding-top:100%;\">\n\t\t\t\t<img loading=\"lazy\" decoding=\"async\" width=\"1000\" height=\"749\" src=\"https:\/\/arturf.com\/wp-content\/uploads\/2018\/12\/Artificial-Grass-Warehousing.jpg\" class=\"attachment- size-\" alt=\"fabricant\" srcset=\"https:\/\/arturf.com\/wp-content\/uploads\/2018\/12\/Artificial-Grass-Warehousing.jpg 1000w, https:\/\/arturf.com\/wp-content\/uploads\/2018\/12\/Artificial-Grass-Warehousing-300x225.jpg 300w, https:\/\/arturf.com\/wp-content\/uploads\/2018\/12\/Artificial-Grass-Warehousing-200x150.jpg 200w, https:\/\/arturf.com\/wp-content\/uploads\/2018\/12\/Artificial-Grass-Warehousing-768x575.jpg 768w, https:\/\/arturf.com\/wp-content\/uploads\/2018\/12\/Artificial-Grass-Warehousing-16x12.jpg 16w, https:\/\/arturf.com\/wp-content\/uploads\/2018\/12\/Artificial-Grass-Warehousing-350x263.jpg 350w, https:\/\/arturf.com\/wp-content\/uploads\/2018\/12\/Artificial-Grass-Warehousing-510x382.jpg 510w\" sizes=\"auto, (max-width: 1000px) 100vw, 1000px\" \/>\t\t\t\t<div class=\"overlay\" style=\"background-color:1\"><\/div>\t\t\t\t\t\t\t<\/div>\n\t\t\t\t\t<\/div>\n\n\t\t<div class=\"box-text text-center\" >\n\t\t\t<div class=\"box-text-inner\">\n\t\t\t\t\n\n<h4>Entreposage des produits finis<\/h4>\n\n\t\t\t<\/div>\n\t\t<\/div>\n\t<\/div>\n\t\n\n\t\t<\/div>\n\t\t\t\t\t<\/div>\n\n\t\n\n\t<div id=\"col-1697691032\" class=\"col medium-6 small-12 large-6\"  >\n\t\t\t\t<div class=\"col-inner\"  >\n\t\t\t\n\t\t\t\n\n\t<div id=\"gap-1463691497\" class=\"gap-element clearfix\" style=\"display:block; height:auto;\">\n\t\t\n<style>\n#gap-1463691497 {\n  padding-top: 30px;\n}\n<\/style>\n\t<\/div>\n\t\n\n<h3>Entreposage - Protection de la qualit\u00e9<\/h3>\n<p>Avant exp\u00e9dition, les rouleaux de gazon artificiel sont stock\u00e9s en toute s\u00e9curit\u00e9 dans notre entrep\u00f4t moderne, sp\u00e9cialement con\u00e7u pour le stockage de gazon artificiel. Chaque rouleau se voit attribuer un code pour une diff\u00e9renciation facile et le plus grand soin jusqu&#039;\u00e0 la livraison.<\/p>\n\n\t\t<\/div>\n\t\t\t\t\t<\/div>\n\n\t\n\n<\/div>\n\t<div id=\"gap-932934192\" class=\"gap-element clearfix\" style=\"display:block; height:auto;\">\n\t\t\n<style>\n#gap-932934192 {\n  padding-top: 30px;\n}\n<\/style>\n\t<\/div>\n\t\n\n<div class=\"row align-center\"  id=\"row-918113046\">\n\n\n\t<div id=\"col-1105143054\" class=\"col medium-10 small-12 large-10\"  >\n\t\t\t\t<div class=\"col-inner text-left\"  >\n\t\t\t\n\t\t\t\n\n<p>La satisfaction du client est notre priorit\u00e9 absolue chez Arturf. Pour garantir cela, nous nous effor\u00e7ons continuellement d&#039;am\u00e9liorer et d&#039;affiner divers aspects de nos op\u00e9rations, y compris notre cha\u00eene d&#039;approvisionnement, nos processus de contr\u00f4le de la qualit\u00e9, la fabrication, la formation du personnel et les lignes de production. Si vous recherchez un fabricant de gazon artificiel fiable, Arturf est le choix parfait pour vous.<\/p>\n\t<div id=\"gap-2021708820\" class=\"gap-element clearfix\" style=\"display:block; height:auto;\">\n\t\t\n<style>\n#gap-2021708820 {\n  padding-top: 30px;\n}\n<\/style>\n\t<\/div>\n\t\n\n<div class=\"nav-wrapper\"><ul class=\"nav nav-uppercase nav-horizontal nav-pills text-center nav-center\"><li class=\"active\"><a href=\"https:\/\/arturf.com\/fr\/about\/artificial-grass-factory\/\">Usine d&#039;herbe artificielle<\/a><\/li><li class=\"\"><a href=\"https:\/\/arturf.com\/fr\/about\/quality-assurance\/\">Assurance qualit\u00e9<\/a><\/li><li class=\"\"><a href=\"https:\/\/arturf.com\/fr\/about\/technology-innovation\/\">Technologie et innovation<\/a><\/li><\/ul><\/div>\n\n\n\t\t<\/div>\n\t\t\t\t\t<\/div>\n\n\t\n\n<\/div>","protected":false},"excerpt":{"rendered":"","protected":false},"author":3,"featured_media":0,"parent":5652,"menu_order":1,"comment_status":"closed","ping_status":"closed","template":"page-blank.php","meta":{"_seopress_robots_primary_cat":"","_seopress_titles_title":"Artificial Grass Factory","_seopress_titles_desc":"A leading artificial grass factory in China. We control the whole process of manufacturing from start to finish.","_seopress_robots_index":"","footnotes":""},"class_list":["post-6786","page","type-page","status-publish","hentry"],"_links":{"self":[{"href":"https:\/\/arturf.com\/fr\/wp-json\/wp\/v2\/pages\/6786","targetHints":{"allow":["GET"]}}],"collection":[{"href":"https:\/\/arturf.com\/fr\/wp-json\/wp\/v2\/pages"}],"about":[{"href":"https:\/\/arturf.com\/fr\/wp-json\/wp\/v2\/types\/page"}],"author":[{"embeddable":true,"href":"https:\/\/arturf.com\/fr\/wp-json\/wp\/v2\/users\/3"}],"replies":[{"embeddable":true,"href":"https:\/\/arturf.com\/fr\/wp-json\/wp\/v2\/comments?post=6786"}],"version-history":[{"count":0,"href":"https:\/\/arturf.com\/fr\/wp-json\/wp\/v2\/pages\/6786\/revisions"}],"up":[{"embeddable":true,"href":"https:\/\/arturf.com\/fr\/wp-json\/wp\/v2\/pages\/5652"}],"wp:attachment":[{"href":"https:\/\/arturf.com\/fr\/wp-json\/wp\/v2\/media?parent=6786"}],"curies":[{"name":"wp","href":"https:\/\/api.w.org\/{rel}","templated":true}]}}