{"id":7057,"date":"2018-11-29T08:02:12","date_gmt":"2018-11-29T08:02:12","guid":{"rendered":"https:\/\/arturf.com\/?page_id=7057"},"modified":"2023-07-14T22:00:30","modified_gmt":"2023-07-14T14:00:30","slug":"technology-innovation","status":"publish","type":"page","link":"https:\/\/arturf.com\/fr\/about\/technology-innovation\/","title":{"rendered":"Technologie et innovation"},"content":{"rendered":"<section class=\"section has-scroll-for-more\" id=\"section_1441557820\">\n\t\t<div class=\"section-bg fill\" >\n\t\t\t\t\t\t\t\t\t<button class=\"scroll-for-more z-5 icon absolute bottom h-center\" aria-label=\"Fais d\u00e9filer pour en savoir plus\"><i class=\"icon-angle-down\" aria-hidden=\"true\" style=\"font-size:42px;\"><\/i><\/button>\n\t\t\t\n\n\t\t<\/div>\n\n\t\t\n\n\t\t<div class=\"section-content relative\">\n\t\t\t\n\n<div class=\"row align-center\"  id=\"row-1178488599\">\n\n\n\t<div id=\"col-671982783\" class=\"col medium-8 small-10 large-7\"  >\n\t\t\t\t<div class=\"col-inner text-center\"  >\n\t\t\t\n\t\t\t\n\n<h2 style=\"font-size: 250%;\">Nous nous engageons \u00e0 rester \u00e0 la pointe de la technologie et de l&#039;innovation<\/h2>\n\n\t\t<\/div>\n\t\t\t\t\n<style>\n#col-671982783 > .col-inner {\n  padding: 40px 0px 0px 0px;\n}\n<\/style>\n\t<\/div>\n\n\t\n\n<\/div>\n\n\t\t<\/div>\n\n\t\t\n<style>\n#section_1441557820 {\n  padding-top: 30px;\n  padding-bottom: 30px;\n}\n<\/style>\n\t<\/section>\n\t\n\n\t<section class=\"section\" id=\"section_1809811417\">\n\t\t<div class=\"section-bg fill\" >\n\t\t\t\t\t\t\t\t\t\n\t\t\t\n\n\t\t<\/div>\n\n\t\t\n\n\t\t<div class=\"section-content relative\">\n\t\t\t\n\n<div class=\"row align-middle\"  id=\"row-1086189636\">\n\n\n\t<div id=\"col-736918199\" class=\"col medium-4 small-12 large-4\"  >\n\t\t\t\t<div class=\"col-inner\"  >\n\t\t\t\n\t\t\t\n\n\n  <div class=\"banner has-hover\" id=\"banner-1633479429\">\n          <div class=\"banner-inner fill\">\n        <div class=\"banner-bg fill\" >\n            <img loading=\"lazy\" decoding=\"async\" width=\"500\" height=\"375\" src=\"https:\/\/arturf.com\/wp-content\/uploads\/2023\/07\/Arturf-Artificial-Turf-Fiber-500x375.jpg\" class=\"bg attachment-medium size-medium\" alt=\"Technologie, innovation\" \/>                                    \n                    <\/div>\n\t\t\n        <div class=\"banner-layers container\">\n            <div class=\"fill banner-link\"><\/div>            \n\n\n        <\/div>\n      <\/div>\n\n            \n<style>\n#banner-1633479429 {\n  padding-top: 250px;\n  background-color: rgb(247, 245, 244);\n}\n@media (min-width:550px) {\n  #banner-1633479429 {\n    padding-top: 99.99%;\n  }\n}\n<\/style>\n  <\/div>\n\n\n\n\t\t<\/div>\n\t\t\t\t\t<\/div>\n\n\t\n\n\t<div id=\"col-70515277\" class=\"col medium-4 small-12 large-4\"  >\n\t\t\t\t<div class=\"col-inner\"  >\n\t\t\t\n\t\t\t\n\n\n  <div class=\"banner has-hover has-parallax\" id=\"banner-1746933029\">\n          <div class=\"banner-inner fill\">\n        <div class=\"banner-bg fill\" data-parallax=\"-6\" data-parallax-container=\".banner\" data-parallax-background>\n            <img loading=\"lazy\" decoding=\"async\" width=\"768\" height=\"575\" src=\"https:\/\/arturf.com\/wp-content\/uploads\/2018\/04\/NON-INFILL-FOOTBALL-GRASS-NFMT30-2-768x575.jpg\" class=\"bg attachment-medium_large size-medium_large\" alt=\"Technologie, innovation\" \/>                                    \n                    <\/div>\n\t\t\n        <div class=\"banner-layers container\">\n            <div class=\"fill banner-link\"><\/div>            \n\n\n        <\/div>\n      <\/div>\n\n            \n<style>\n#banner-1746933029 {\n  padding-top: 400px;\n  background-color: rgb(247, 245, 244);\n}\n@media (min-width:850px) {\n  #banner-1746933029 {\n    padding-top: 500px;\n  }\n}\n<\/style>\n  <\/div>\n\n\n\n\t\t<\/div>\n\t\t\t\t\t<\/div>\n\n\t\n\n\t<div id=\"col-1876336977\" class=\"col medium-4 small-12 large-4\"  >\n\t\t\t\t<div class=\"col-inner\"  >\n\t\t\t\n\t\t\t\n\n\n  <div class=\"banner has-hover\" id=\"banner-1717927125\">\n          <div class=\"banner-inner fill\">\n        <div class=\"banner-bg fill\" >\n            <img loading=\"lazy\" decoding=\"async\" width=\"500\" height=\"334\" src=\"https:\/\/arturf.com\/wp-content\/uploads\/2023\/07\/Pet-Artificial-Turf-PetGo-2-500x334.jpg\" class=\"bg attachment-medium size-medium\" alt=\"Technologie, innovation\" \/>                                    \n                    <\/div>\n\t\t\n        <div class=\"banner-layers container\">\n            <div class=\"fill banner-link\"><\/div>            \n\n\n        <\/div>\n      <\/div>\n\n            \n<style>\n#banner-1717927125 {\n  padding-top: 250px;\n  background-color: rgb(247, 245, 244);\n}\n@media (min-width:550px) {\n  #banner-1717927125 {\n    padding-top: 99.99%;\n  }\n}\n<\/style>\n  <\/div>\n\n\n\n\t\t<\/div>\n\t\t\t\t\t<\/div>\n\n\t\n\n<\/div>\n\n\t\t<\/div>\n\n\t\t\n<style>\n#section_1809811417 {\n  padding-top: 30px;\n  padding-bottom: 30px;\n}\n<\/style>\n\t<\/section>\n\t\n\n\t<section class=\"section\" id=\"section_310430100\">\n\t\t<div class=\"section-bg fill\" >\n\t\t\t\t\t\t\t\t\t\n\t\t\t\n\n\t\t<\/div>\n\n\t\t\n\n\t\t<div class=\"section-content relative\">\n\t\t\t\n\n<div class=\"row align-center\"  id=\"row-2077256495\">\n\n\n\t<div id=\"col-1159889288\" class=\"col medium-7 small-12 large-7\"  >\n\t\t\t\t<div class=\"col-inner\"  >\n\t\t\t\n\t\t\t\n\n<p>Chez Arturf, nous nous engageons \u00e0 investir continuellement dans la technologie et l&#039;innovation pour ouvrir la voie dans l&#039;industrie du gazon artificiel. Gr\u00e2ce \u00e0 nos efforts continus de recherche et de d\u00e9veloppement, nous nous effor\u00e7ons d&#039;am\u00e9liorer les performances, l&#039;esth\u00e9tique naturelle et la durabilit\u00e9 de nos produits de gazon artificiel.<\/p>\n<h3>Exemples de nos avanc\u00e9es technologiques\u00a0:<\/h3>\n<h4>1. Forme du fil\u00a0:<\/h4>\n<p>La forme du fil est un facteur crucial pour d\u00e9terminer la qualit\u00e9 finale du gazon artificiel. Notre \u00e9quipe de Arturf a d\u00e9velopp\u00e9 une gamme de produits distincts <a href=\"https:\/\/arturf.com\/fr\/knowledge-hub\/exploring-artificial-turf-yarn-shapes\/\">formes de fils<\/a>, chacun offrant des caract\u00e9ristiques uniques. Ces formes influencent consid\u00e9rablement l&#039;attrait visuel, la texture et les performances globales des brins de gazon artificiel.<\/p>\n<h4>2. Couleur r\u00e9aliste :<\/h4>\n<p>S&#039;inspirant de la beaut\u00e9 du gazon naturel, nous reproduisons m\u00e9ticuleusement les couleurs de diverses esp\u00e8ces de gramin\u00e9es pour imiter leurs teintes vibrantes au fil des saisons. Nous comprenons que les clients de diff\u00e9rentes r\u00e9gions ont des pr\u00e9f\u00e9rences diverses et nous proposons une gamme vari\u00e9e de couleurs pour r\u00e9pondre aux besoins individuels.<\/p>\n<h4>3. Gazon non intercalaire\u00a0:<\/h4>\n<p>Gr\u00e2ce \u00e0 une ing\u00e9nierie innovante, nous avons \u00e9t\u00e9 les pionniers <a href=\"https:\/\/arturf.com\/fr\/buyers-guide\/infill-or-non-infill-artificial-grass\/\">gazon sans remplissage<\/a> des solutions qui \u00e9liminent le besoin de mat\u00e9riaux de remplissage comme le caoutchouc ou le sable. Cette technologie r\u00e9volutionnaire rationalise le processus d&#039;installation, r\u00e9duit les besoins de maintenance et garantit des performances et une durabilit\u00e9 exceptionnelles.<\/p>\n<h4>4. Gazon pour animaux de compagnie\u00a0:<\/h4>\n<p>Nous reconnaissons l&#039;importance de fournir un environnement s\u00fbr et confortable \u00e0 nos amis \u00e0 fourrure. Pour r\u00e9soudre ce probl\u00e8me, nous avons d\u00e9velopp\u00e9 un gazon sp\u00e9cialis\u00e9 pour animaux de compagnie con\u00e7u pour r\u00e9sister \u00e0 une utilisation intensive, r\u00e9sister aux odeurs et permettre un nettoyage facile. Notre <a href=\"https:\/\/arturf.com\/fr\/product\/pet-artificial-grass-pawscape\/\">gazon artificiel adapt\u00e9 aux animaux de compagnie<\/a> est id\u00e9al pour les applications r\u00e9sidentielles et commerciales.<\/p>\n<h4>5. Gazon antistatique\u00a0:<\/h4>\n<p>Pour am\u00e9liorer l&#039;exp\u00e9rience utilisateur, nous avons introduit <a href=\"https:\/\/arturf.com\/fr\/product\/anti-static-artificial-grass\/\">gazon antistatique<\/a>. Cette solution innovante minimise efficacement l&#039;accumulation d&#039;\u00e9lectricit\u00e9 statique sur la surface de l&#039;herbe, cr\u00e9ant un environnement plus agr\u00e9able et confortable pour les individus et les animaux de compagnie.<\/p>\n<h4>6. Couture en Z :<\/h4>\n<p>Nous proposons deux m\u00e9thodes de couture : 1-forme de couture et <a href=\"https:\/\/arturf.com\/fr\/knowledge-hub\/w-stitch-tufted-artificial-grass\/\">Forme de couture en Z<\/a>. Alors que les deux m\u00e9thodes r\u00e9pondent \u00e0 des normes rigoureuses, la forme de couture en Z assure une distribution plus uniforme des fibres d&#039;herbe et am\u00e9liore la force d&#039;adh\u00e9rence. Cela se traduit par une am\u00e9lioration de la qualit\u00e9 et des performances globales de notre gazon artificiel.<\/p>\n<p>Ces exemples ne sont qu&#039;un aper\u00e7u de notre engagement envers les avanc\u00e9es technologiques et l&#039;innovation. Chez Arturf, nous restons d\u00e9termin\u00e9s \u00e0 repousser les limites de la technologie du gazon artificiel. En investissant continuellement dans la recherche et le d\u00e9veloppement, nous nous effor\u00e7ons de fournir des produits exceptionnels qui d\u00e9passent les attentes des clients.<\/p>\n\n\t\t<\/div>\n\t\t\t\t\n<style>\n#col-1159889288 > .col-inner {\n  margin: 0px 0px -60px 0px;\n}\n<\/style>\n\t<\/div>\n\n\t\n\n<\/div>\n\n\t\t<\/div>\n\n\t\t\n<style>\n#section_310430100 {\n  padding-top: 60px;\n  padding-bottom: 60px;\n}\n<\/style>\n\t<\/section>\n\t\n\n\t<section class=\"section\" id=\"section_667559040\">\n\t\t<div class=\"section-bg fill\" >\n\t\t\t\t\t\t\t\t\t\n\t\t\t\n\n\t\t<\/div>\n\n\t\t\n\n\t\t<div class=\"section-content relative\">\n\t\t\t\n\n<div class=\"nav-wrapper\"><ul class=\"nav nav-uppercase nav-horizontal nav-pills text-center nav-center\"><li class=\"\"><a href=\"https:\/\/arturf.com\/fr\/about\/artificial-grass-factory\/\">Usine d&#039;herbe artificielle<\/a><\/li><li class=\"\"><a href=\"https:\/\/arturf.com\/fr\/about\/quality-assurance\/\">Assurance qualit\u00e9<\/a><\/li><li class=\"active\"><a href=\"https:\/\/arturf.com\/fr\/about\/technology-innovation\/\">Technologie et innovation<\/a><\/li><\/ul><\/div>\n\n\n\t\t<\/div>\n\n\t\t\n<style>\n#section_667559040 {\n  padding-top: 30px;\n  padding-bottom: 30px;\n}\n<\/style>\n\t<\/section>","protected":false},"excerpt":{"rendered":"","protected":false},"author":3,"featured_media":0,"parent":5652,"menu_order":3,"comment_status":"closed","ping_status":"closed","template":"page-blank.php","meta":{"_seopress_robots_primary_cat":"","_seopress_titles_title":"Technology and Innovation-Leading Artificial Grass Manufacturer","_seopress_titles_desc":"Experience our industry-leading dedication to technology and innovation. Enhancing performance, aesthetics, and durability in artificial grass.","_seopress_robots_index":"","footnotes":""},"class_list":["post-7057","page","type-page","status-publish","hentry"],"_links":{"self":[{"href":"https:\/\/arturf.com\/fr\/wp-json\/wp\/v2\/pages\/7057","targetHints":{"allow":["GET"]}}],"collection":[{"href":"https:\/\/arturf.com\/fr\/wp-json\/wp\/v2\/pages"}],"about":[{"href":"https:\/\/arturf.com\/fr\/wp-json\/wp\/v2\/types\/page"}],"author":[{"embeddable":true,"href":"https:\/\/arturf.com\/fr\/wp-json\/wp\/v2\/users\/3"}],"replies":[{"embeddable":true,"href":"https:\/\/arturf.com\/fr\/wp-json\/wp\/v2\/comments?post=7057"}],"version-history":[{"count":0,"href":"https:\/\/arturf.com\/fr\/wp-json\/wp\/v2\/pages\/7057\/revisions"}],"up":[{"embeddable":true,"href":"https:\/\/arturf.com\/fr\/wp-json\/wp\/v2\/pages\/5652"}],"wp:attachment":[{"href":"https:\/\/arturf.com\/fr\/wp-json\/wp\/v2\/media?parent=7057"}],"curies":[{"name":"wp","href":"https:\/\/api.w.org\/{rel}","templated":true}]}}