{"id":10362,"date":"2019-12-10T02:40:11","date_gmt":"2019-12-10T02:40:11","guid":{"rendered":"https:\/\/arturf.com\/?post_type=product&#038;p=10362"},"modified":"2023-07-19T18:00:19","modified_gmt":"2023-07-19T10:00:19","slug":"golf-hitting-mat","status":"publish","type":"product","link":"https:\/\/arturf.com\/fr\/product\/golf-hitting-mat\/","title":{"rendered":"Tapis de frappe de golf - Stabilit\u00e9 et durabilit\u00e9 sup\u00e9rieures"},"content":{"rendered":"<p>D\u00e9couvrez l&#039;exp\u00e9rience d&#039;entra\u00eenement de golf ultime avec notre tapis de golf haut de gamme. Que vous soyez un golfeur chevronn\u00e9 ou d\u00e9butant, ce tapis est con\u00e7u pour vous aider \u00e0 r\u00e9aliser vos meilleurs swings et \u00e0 perfectionner vos coups.<\/p>\n<h3>Stabilit\u00e9 et durabilit\u00e9 in\u00e9gal\u00e9es :<\/h3>\n<p>Notre tapis de frappe de golf est soigneusement con\u00e7u avec une base en caoutchouc EVA \u00e9paisse et robuste, offrant une stabilit\u00e9 imbattable sur toute surface plane. Avec cette construction robuste, vous pouvez pratiquer en toute confiance vos entra\u00eenements \u00e0 longue port\u00e9e sans craindre de glisser ou de perdre pied.<\/p>\n<h3>Parfait pour chaque golfeur :<\/h3>\n<p>Que vous soyez un golfeur professionnel ou un novice qui commence tout juste \u00e0 apprendre le jeu, notre tapis de frappe de golf s&#039;adresse \u00e0 tous les niveaux de comp\u00e9tence. Les d\u00e9butants peuvent gagner en confiance et am\u00e9liorer leurs swings, tandis que les joueurs chevronn\u00e9s peuvent affiner leurs techniques et maintenir la coh\u00e9rence.<\/p>\n<h3>L&#039;outil d&#039;entra\u00eenement ultime\u00a0:<\/h3>\n<p>Faites passer votre entra\u00eenement de golf au niveau sup\u00e9rieur avec ce tapis de frappe haut de gamme. Pratiquer r\u00e9guli\u00e8rement avec notre tapis am\u00e9liorera non seulement votre m\u00e9canique de swing, mais minimisera \u00e9galement l&#039;impact sur vos articulations, gr\u00e2ce \u00e0 ses propri\u00e9t\u00e9s d&#039;absorption des chocs.<\/p>\n<p>Am\u00e9liorez votre exp\u00e9rience de golf avec notre tapis de golf professionnel. Am\u00e9liorez votre jeu, am\u00e9liorez votre pr\u00e9cision et regardez votre confiance monter en fl\u00e8che lorsque vous frappez les greens comme un pro. Investissez dans votre voyage de golf d\u00e8s aujourd&#039;hui\u00a0!<\/p>\n\n  \n    <div class=\"row large-columns-6 medium-columns-3 small-columns-2\" >\n  <div class=\"gallery-col col\" >\n          <div class=\"col-inner\">\n            <a class=\"image-lightbox lightbox-gallery\" href=\"https:\/\/arturf.com\/wp-content\/uploads\/2020\/08\/ARTURF-Golf-Hitting-Mat-Stock.jpg\" title=\"\">            <div class=\"box has-hover gallery-box box-overlay dark\">\n              <div class=\"box-image\" >\n                <img loading=\"lazy\" decoding=\"async\" width=\"300\" height=\"200\" src=\"https:\/\/arturf.com\/wp-content\/uploads\/2020\/08\/ARTURF-Golf-Hitting-Mat-Stock-300x200.jpg\" class=\"attachment-medium size-medium\" alt=\"\" ids=\"12516,12517,12518,12519\" columns=\"6\" srcset=\"https:\/\/arturf.com\/wp-content\/uploads\/2020\/08\/ARTURF-Golf-Hitting-Mat-Stock-300x200.jpg 300w, https:\/\/arturf.com\/wp-content\/uploads\/2020\/08\/ARTURF-Golf-Hitting-Mat-Stock-768x511.jpg 768w, https:\/\/arturf.com\/wp-content\/uploads\/2020\/08\/ARTURF-Golf-Hitting-Mat-Stock-18x12.jpg 18w, https:\/\/arturf.com\/wp-content\/uploads\/2020\/08\/ARTURF-Golf-Hitting-Mat-Stock-510x339.jpg 510w, https:\/\/arturf.com\/wp-content\/uploads\/2020\/08\/ARTURF-Golf-Hitting-Mat-Stock.jpg 800w\" sizes=\"auto, (max-width: 300px) 100vw, 300px\" \/>                                  <div class=\"overlay fill\"\n                      style=\"background-color: rgba(0,0,0,.15)\">\n                  <\/div>\n                                                              <\/div>\n              <div class=\"box-text text-left\" >\n                 <p><\/p>\n              <\/div>\n            <\/div>\n            <\/a>          <\/div>\n         <\/div><div class=\"gallery-col col\" >\n          <div class=\"col-inner\">\n            <a class=\"image-lightbox lightbox-gallery\" href=\"https:\/\/arturf.com\/wp-content\/uploads\/2020\/08\/Arturf-Golf-Hitting-Mat-Use-2.jpg\" title=\"\">            <div class=\"box has-hover gallery-box box-overlay dark\">\n              <div class=\"box-image\" >\n                <img loading=\"lazy\" decoding=\"async\" width=\"300\" height=\"200\" src=\"https:\/\/arturf.com\/wp-content\/uploads\/2020\/08\/Arturf-Golf-Hitting-Mat-Use-2-300x200.jpg\" class=\"attachment-medium size-medium\" alt=\"\" ids=\"12516,12517,12518,12519\" columns=\"6\" srcset=\"https:\/\/arturf.com\/wp-content\/uploads\/2020\/08\/Arturf-Golf-Hitting-Mat-Use-2-300x200.jpg 300w, https:\/\/arturf.com\/wp-content\/uploads\/2020\/08\/Arturf-Golf-Hitting-Mat-Use-2-768x512.jpg 768w, https:\/\/arturf.com\/wp-content\/uploads\/2020\/08\/Arturf-Golf-Hitting-Mat-Use-2-18x12.jpg 18w, https:\/\/arturf.com\/wp-content\/uploads\/2020\/08\/Arturf-Golf-Hitting-Mat-Use-2-510x340.jpg 510w, https:\/\/arturf.com\/wp-content\/uploads\/2020\/08\/Arturf-Golf-Hitting-Mat-Use-2.jpg 800w\" sizes=\"auto, (max-width: 300px) 100vw, 300px\" \/>                                  <div class=\"overlay fill\"\n                      style=\"background-color: rgba(0,0,0,.15)\">\n                  <\/div>\n                                                              <\/div>\n              <div class=\"box-text text-left\" >\n                 <p><\/p>\n              <\/div>\n            <\/div>\n            <\/a>          <\/div>\n         <\/div><div class=\"gallery-col col\" >\n          <div class=\"col-inner\">\n            <a class=\"image-lightbox lightbox-gallery\" href=\"https:\/\/arturf.com\/wp-content\/uploads\/2020\/08\/Arturf-Golf-Hitting-Mat-Use-1.jpg\" title=\"\">            <div class=\"box has-hover gallery-box box-overlay dark\">\n              <div class=\"box-image\" >\n                <img loading=\"lazy\" decoding=\"async\" width=\"300\" height=\"200\" src=\"https:\/\/arturf.com\/wp-content\/uploads\/2020\/08\/Arturf-Golf-Hitting-Mat-Use-1-300x200.jpg\" class=\"attachment-medium size-medium\" alt=\"\" ids=\"12516,12517,12518,12519\" columns=\"6\" srcset=\"https:\/\/arturf.com\/wp-content\/uploads\/2020\/08\/Arturf-Golf-Hitting-Mat-Use-1-300x200.jpg 300w, https:\/\/arturf.com\/wp-content\/uploads\/2020\/08\/Arturf-Golf-Hitting-Mat-Use-1-768x511.jpg 768w, https:\/\/arturf.com\/wp-content\/uploads\/2020\/08\/Arturf-Golf-Hitting-Mat-Use-1-18x12.jpg 18w, https:\/\/arturf.com\/wp-content\/uploads\/2020\/08\/Arturf-Golf-Hitting-Mat-Use-1-510x339.jpg 510w, https:\/\/arturf.com\/wp-content\/uploads\/2020\/08\/Arturf-Golf-Hitting-Mat-Use-1.jpg 800w\" sizes=\"auto, (max-width: 300px) 100vw, 300px\" \/>                                  <div class=\"overlay fill\"\n                      style=\"background-color: rgba(0,0,0,.15)\">\n                  <\/div>\n                                                              <\/div>\n              <div class=\"box-text text-left\" >\n                 <p><\/p>\n              <\/div>\n            <\/div>\n            <\/a>          <\/div>\n         <\/div><div class=\"gallery-col col\" >\n          <div class=\"col-inner\">\n            <a class=\"image-lightbox lightbox-gallery\" href=\"https:\/\/arturf.com\/wp-content\/uploads\/2020\/08\/Arturf-Golf-Hitting-Mat-Use-3.jpg\" title=\"\">            <div class=\"box has-hover gallery-box box-overlay dark\">\n              <div class=\"box-image\" >\n                <img loading=\"lazy\" decoding=\"async\" width=\"300\" height=\"200\" src=\"https:\/\/arturf.com\/wp-content\/uploads\/2020\/08\/Arturf-Golf-Hitting-Mat-Use-3-300x200.jpg\" class=\"attachment-medium size-medium\" alt=\"\" ids=\"12516,12517,12518,12519\" columns=\"6\" srcset=\"https:\/\/arturf.com\/wp-content\/uploads\/2020\/08\/Arturf-Golf-Hitting-Mat-Use-3-300x200.jpg 300w, https:\/\/arturf.com\/wp-content\/uploads\/2020\/08\/Arturf-Golf-Hitting-Mat-Use-3-768x512.jpg 768w, https:\/\/arturf.com\/wp-content\/uploads\/2020\/08\/Arturf-Golf-Hitting-Mat-Use-3-18x12.jpg 18w, https:\/\/arturf.com\/wp-content\/uploads\/2020\/08\/Arturf-Golf-Hitting-Mat-Use-3-510x340.jpg 510w, https:\/\/arturf.com\/wp-content\/uploads\/2020\/08\/Arturf-Golf-Hitting-Mat-Use-3.jpg 800w\" sizes=\"auto, (max-width: 300px) 100vw, 300px\" \/>                                  <div class=\"overlay fill\"\n                      style=\"background-color: rgba(0,0,0,.15)\">\n                  <\/div>\n                                                              <\/div>\n              <div class=\"box-text text-left\" >\n                 <p><\/p>\n              <\/div>\n            <\/div>\n            <\/a>          <\/div>\n         <\/div><\/div>","protected":false},"excerpt":{"rendered":"<p>Am\u00e9liorez votre jeu de golf avec notre tapis de golf professionnel. Fabriqu\u00e9 avec une base \u00e9paisse en EVA, ce tapis haut de gamme est con\u00e7u pour les professionnels comme pour les d\u00e9butants. Que vous pr\u00e9f\u00e9riez pratiquer \u00e0 l&#039;int\u00e9rieur ou \u00e0 l&#039;ext\u00e9rieur, notre tapis de golf offre la solution parfaite pour am\u00e9liorer vos comp\u00e9tences et vos performances.<\/p>","protected":false},"featured_media":10365,"template":"","meta":{"_seopress_robots_primary_cat":"","_seopress_titles_title":"","_seopress_titles_desc":"","_seopress_robots_index":""},"product_brand":[],"product_cat":[65],"product_tag":[],"class_list":{"0":"post-10362","1":"product","2":"type-product","3":"status-publish","4":"has-post-thumbnail","6":"product_cat-golf","8":"first","9":"instock","10":"shipping-taxable","11":"product-type-simple"},"_links":{"self":[{"href":"https:\/\/arturf.com\/fr\/wp-json\/wp\/v2\/product\/10362","targetHints":{"allow":["GET"]}}],"collection":[{"href":"https:\/\/arturf.com\/fr\/wp-json\/wp\/v2\/product"}],"about":[{"href":"https:\/\/arturf.com\/fr\/wp-json\/wp\/v2\/types\/product"}],"wp:featuredmedia":[{"embeddable":true,"href":"https:\/\/arturf.com\/fr\/wp-json\/wp\/v2\/media\/10365"}],"wp:attachment":[{"href":"https:\/\/arturf.com\/fr\/wp-json\/wp\/v2\/media?parent=10362"}],"wp:term":[{"taxonomy":"product_brand","embeddable":true,"href":"https:\/\/arturf.com\/fr\/wp-json\/wp\/v2\/product_brand?post=10362"},{"taxonomy":"product_cat","embeddable":true,"href":"https:\/\/arturf.com\/fr\/wp-json\/wp\/v2\/product_cat?post=10362"},{"taxonomy":"product_tag","embeddable":true,"href":"https:\/\/arturf.com\/fr\/wp-json\/wp\/v2\/product_tag?post=10362"}],"curies":[{"name":"wp","href":"https:\/\/api.w.org\/{rel}","templated":true}]}}