{"id":11306,"date":"2020-03-14T14:33:00","date_gmt":"2020-03-14T06:33:00","guid":{"rendered":"https:\/\/arturf.com\/?post_type=product&#038;p=11306"},"modified":"2023-09-06T10:07:01","modified_gmt":"2023-09-06T02:07:01","slug":"artificial-grass-brush-machine","status":"publish","type":"product","link":"https:\/\/arturf.com\/fr\/product\/artificial-grass-brush-machine\/","title":{"rendered":"Machine \u00e0 brosse \u00e0 herbe artificielle"},"content":{"rendered":"<h3>Brosse pour jardin et aires de jeux<\/h3>\n<p>Notre brosse \u00e0 gazon artificiel facile \u00e0 utiliser et portable est id\u00e9ale pour l&#039;installation et l&#039;entretien des aires de jeux et de certains terrains de sport. La brosse de cet appareil \u00e0 moteur sert \u00e0 brosser le gazon artificiel \u00e0 des fins d&#039;installation et d&#039;entretien. Les \u00ab\u00a0poils\u00a0\u00bb sp\u00e9ciaux de la brosse emp\u00eachent tout dommage aux fibres de gazon artificiel dans le gazon tout en effectuant le bon nettoyage et l&#039;action de peigne. Cela rendra les coutures moins visibles, \u00e9liminera les d\u00e9bris, peignera les fibres et brossera le remplissage (si en vigueur). Le moteur \u00e0 essence n\u00e9cessite peu d&#039;entretien et est tr\u00e8s \u00e9conomique. Le guidon large offre un bon contr\u00f4le directionnel et une bonne adh\u00e9rence.<\/p>\n\t<div id=\"gap-1596738448\" class=\"gap-element clearfix\" style=\"display:block; height:auto;\">\n\t\t\n<style>\n#gap-1596738448 {\n  padding-top: 30px;\n}\n<\/style>\n\t<\/div>\n\t\n<div class=\"row align-middle\"  id=\"row-352580984\">\n\n\t<div id=\"col-1133629146\" class=\"col medium-4 small-12 large-4\"  >\n\t\t\t\t<div class=\"col-inner\"  >\n\t\t\t\n\t\t\t\n\t<div class=\"img has-hover x md-x lg-x y md-y lg-y\" id=\"image_674392000\">\n\t\t\t\t\t\t\t\t<div class=\"img-inner image-cover dark\" style=\"padding-top:75%;\">\n\t\t\t<img loading=\"lazy\" decoding=\"async\" width=\"800\" height=\"599\" src=\"https:\/\/arturf.com\/wp-content\/uploads\/2020\/03\/Artificial-Grass-Brush-Machine-1.jpg\" class=\"attachment-large size-large\" alt=\"Machine \u00e0 brosser\" srcset=\"https:\/\/arturf.com\/wp-content\/uploads\/2020\/03\/Artificial-Grass-Brush-Machine-1.jpg 800w, https:\/\/arturf.com\/wp-content\/uploads\/2020\/03\/Artificial-Grass-Brush-Machine-1-300x225.jpg 300w, https:\/\/arturf.com\/wp-content\/uploads\/2020\/03\/Artificial-Grass-Brush-Machine-1-200x150.jpg 200w, https:\/\/arturf.com\/wp-content\/uploads\/2020\/03\/Artificial-Grass-Brush-Machine-1-768x575.jpg 768w, https:\/\/arturf.com\/wp-content\/uploads\/2020\/03\/Artificial-Grass-Brush-Machine-1-16x12.jpg 16w, https:\/\/arturf.com\/wp-content\/uploads\/2020\/03\/Artificial-Grass-Brush-Machine-1-350x263.jpg 350w, https:\/\/arturf.com\/wp-content\/uploads\/2020\/03\/Artificial-Grass-Brush-Machine-1-510x382.jpg 510w\" sizes=\"auto, (max-width: 800px) 100vw, 800px\" \/>\t\t\t\t\t\t\n\t\t\t\t\t<\/div>\n\t\t\t\t\t\t\t\t\n<style>\n#image_674392000 {\n  width: 100%;\n}\n<\/style>\n\t<\/div>\n\t\n\t\t<\/div>\n\t\t\t\t\t<\/div>\n\n\t\n\n\t<div id=\"col-883378803\" class=\"col medium-8 small-12 large-8\"  >\n\t\t\t\t<div class=\"col-inner\"  >\n\t\t\t\n\t\t\t\n<p>Utilis\u00e9 pour brosser le sable de silice dans le gazon artificiel. Id\u00e9al pour l&#039;installation et l&#039;entretien du gazon artificiel de jardin, l&#039;entretien des mini terrains de sport. <\/p>\n<ul>\n<li>Produit: Machine \u00e0 brosser l&#039;herbe artificielle LW60<\/li>\n<li>Largeur de travail\u00a0: 600\u00a0mmPuissance\u00a0: 1,2\u00a0kw<\/li>\n<li>Poids: 28kg<\/li>\n<li>Dimension du contour: (L xlxh) 1100 mm x 600 mm x 900 mm<\/li>\n<\/ul>\n\t\t<\/div>\n\t\t\t\t\t<\/div>\n\n\t\n<\/div>\n<div class=\"row align-middle\"  id=\"row-2077466153\">\n\n\t<div id=\"col-1753269919\" class=\"col medium-4 small-12 large-4\"  >\n\t\t\t\t<div class=\"col-inner\"  >\n\t\t\t\n\t\t\t\n\t<div class=\"img has-hover x md-x lg-x y md-y lg-y\" id=\"image_39783620\">\n\t\t\t\t\t\t\t\t<div class=\"img-inner image-cover dark\" style=\"padding-top:75%;\">\n\t\t\t<img loading=\"lazy\" decoding=\"async\" width=\"800\" height=\"534\" src=\"https:\/\/arturf.com\/wp-content\/uploads\/2020\/03\/Artificial-Grass-Brush-Machine-LW70.jpg\" class=\"attachment-large size-large\" alt=\"Machine \u00e0 brosser\" srcset=\"https:\/\/arturf.com\/wp-content\/uploads\/2020\/03\/Artificial-Grass-Brush-Machine-LW70.jpg 800w, https:\/\/arturf.com\/wp-content\/uploads\/2020\/03\/Artificial-Grass-Brush-Machine-LW70-300x200.jpg 300w, https:\/\/arturf.com\/wp-content\/uploads\/2020\/03\/Artificial-Grass-Brush-Machine-LW70-768x513.jpg 768w, https:\/\/arturf.com\/wp-content\/uploads\/2020\/03\/Artificial-Grass-Brush-Machine-LW70-18x12.jpg 18w, https:\/\/arturf.com\/wp-content\/uploads\/2020\/03\/Artificial-Grass-Brush-Machine-LW70-510x340.jpg 510w\" sizes=\"auto, (max-width: 800px) 100vw, 800px\" \/>\t\t\t\t\t\t\n\t\t\t\t\t<\/div>\n\t\t\t\t\t\t\t\t\n<style>\n#image_39783620 {\n  width: 100%;\n}\n<\/style>\n\t<\/div>\n\t\n\t\t<\/div>\n\t\t\t\t\t<\/div>\n\n\t\n\n\t<div id=\"col-779532997\" class=\"col medium-8 small-12 large-8\"  >\n\t\t\t\t<div class=\"col-inner\"  >\n\t\t\t\n\t\t\t\n<p>Utilis\u00e9 pour brosser le sable de silice dans le gazon artificiel. Id\u00e9al pour l&#039;installation et l&#039;entretien du gazon artificiel de jardin et des mini terrains de sport. <\/p>\n<ul>\n<li>Produit: Brosse \u00e0 herbe artificielle LW70<\/li>\n<li>Largeur de travail: 700 mm<\/li>\n<li>Puissance: 6.5HP (essence)<\/li>\n<li>Poids: 80kg<\/li>\n<li>Dimension du contour: (L xlxh) 1700 mm x 700 mm x 1020 mm<\/li>\n<\/ul>\n\t\t<\/div>\n\t\t\t\t\t<\/div>\n\n\t\n<\/div>\n<hr \/>\n<h3>Machine \u00e0 brosser pour terrains de sport<\/h3>\n<p>Une bonne brosseuse est encore plus importante pour les terrains de sport que pour les jardins et les aires de jeux, car la plupart des terrains de sport sont beaucoup plus grands et n\u00e9cessitent plus de remplissage. Par exemple, pour le terrain de football en gazon artificiel, vous devez non seulement remplir de sable de silice, mais \u00e9galement remplir de granul\u00e9s de caoutchouc. Un terrain de football \u00e0 5 fait environ 800 m\u00e8tres carr\u00e9s. Les terrains de football \u00e0 7 et \u00e0 11 sont encore plus grands. Dans ces cas, il est tr\u00e8s difficile de brosser uniform\u00e9ment les mat\u00e9riaux de remplissage manuellement. Pour un terrain de football \u00e0 5 ou des terrains de sport plus petits, vous pouvez toujours utiliser les deux machines portables ci-dessus. Si vous \u00eates un constructeur de terrains de sport ou un installateur de gazon de sport, vous aurez peut-\u00eatre besoin d&#039;une brosse \u00e0 gazon synth\u00e9tique plus professionnelle comme les deux brosses suivantes :<\/p>\n<div class=\"row align-middle\"  id=\"row-1333831808\">\n\n\t<div id=\"col-636085751\" class=\"col medium-4 small-12 large-4\"  >\n\t\t\t\t<div class=\"col-inner text-center\"  >\n\t\t\t\n\t\t\t\n\t<div class=\"img has-hover x md-x lg-x y md-y lg-y\" id=\"image_2054227158\">\n\t\t\t\t\t\t\t\t<div class=\"img-inner dark\" >\n\t\t\t<img loading=\"lazy\" decoding=\"async\" width=\"768\" height=\"512\" src=\"https:\/\/arturf.com\/wp-content\/uploads\/2020\/03\/Artificial-turf-brushing-machine-SW-Pro-768x512.jpg\" class=\"attachment-medium_large size-medium_large\" alt=\"Machine \u00e0 brosser\" srcset=\"https:\/\/arturf.com\/wp-content\/uploads\/2020\/03\/Artificial-turf-brushing-machine-SW-Pro-768x512.jpg 768w, https:\/\/arturf.com\/wp-content\/uploads\/2020\/03\/Artificial-turf-brushing-machine-SW-Pro-300x200.jpg 300w, https:\/\/arturf.com\/wp-content\/uploads\/2020\/03\/Artificial-turf-brushing-machine-SW-Pro-18x12.jpg 18w, https:\/\/arturf.com\/wp-content\/uploads\/2020\/03\/Artificial-turf-brushing-machine-SW-Pro-510x340.jpg 510w, https:\/\/arturf.com\/wp-content\/uploads\/2020\/03\/Artificial-turf-brushing-machine-SW-Pro.jpg 800w\" sizes=\"auto, (max-width: 768px) 100vw, 768px\" \/>\t\t\t\t\t\t\n\t\t\t\t\t<\/div>\n\t\t\t\t\t\t\t\t\n<style>\n#image_2054227158 {\n  width: 100%;\n}\n<\/style>\n\t<\/div>\n\t\n\t\t<\/div>\n\t\t\t\t\t<\/div>\n\n\t\n\n\t<div id=\"col-519621746\" class=\"col medium-8 small-12 large-8\"  >\n\t\t\t\t<div class=\"col-inner\"  >\n\t\t\t\n\t\t\t\n<ul>\n<li>Produit: herbe artificielle <strong>Remplissage et brosse<\/strong> Machine SFB 145<\/li>\n<li>Capacit\u00e9 de chargement Pro: 1000kg-1200kg<\/li>\n<li>Largeur de remplissage de sable: 1450 mm<\/li>\n<li>Vitesse de d\u00e9placement: 1,9-2,2 km \/ h<\/li>\n<li>Puissance: 12kw<\/li>\n<li>Poids: 1800kg<\/li>\n<li>Dimension du contour: (L xlxh) 2800 mm x 2000 mm x 2100 mm<\/li>\n<\/ul>\n<div class=\"video-button-wrapper\"><a href=\"https:\/\/www.youtube.com\/watch?v=mHL9izhv9WI\" class=\"button open-video icon circle is-outline is-xlarge\" role=\"button\" aria-label=\"Ouvrir la vid\u00e9o dans la lightbox\" data-flatsome-role-button><i class=\"icon-play\" aria-hidden=\"true\" style=\"font-size:1.5em;\"><\/i><\/a><\/div>\n\t\t<\/div>\n\t\t\t\t\t<\/div>\n\n\t\n<\/div>\n\t<div id=\"gap-1614283722\" class=\"gap-element clearfix\" style=\"display:block; height:auto;\">\n\t\t\n<style>\n#gap-1614283722 {\n  padding-top: 30px;\n}\n<\/style>\n\t<\/div>\n\t\n<div class=\"row align-middle\"  id=\"row-149254270\">\n\n\t<div id=\"col-1061472339\" class=\"col medium-4 small-12 large-4\"  >\n\t\t\t\t<div class=\"col-inner\"  >\n\t\t\t\n\t\t\t\n\t<div class=\"img has-hover x md-x lg-x y md-y lg-y\" id=\"image_271182486\">\n\t\t\t\t\t\t\t\t<div class=\"img-inner image-cover dark\" style=\"padding-top:75%;\">\n\t\t\t<img loading=\"lazy\" decoding=\"async\" width=\"800\" height=\"533\" src=\"https:\/\/arturf.com\/wp-content\/uploads\/2020\/03\/Artificial-turf-brushing-machine-SW150-.jpg\" class=\"attachment-large size-large\" alt=\"Machine \u00e0 brosser\" srcset=\"https:\/\/arturf.com\/wp-content\/uploads\/2020\/03\/Artificial-turf-brushing-machine-SW150-.jpg 800w, https:\/\/arturf.com\/wp-content\/uploads\/2020\/03\/Artificial-turf-brushing-machine-SW150--300x200.jpg 300w, https:\/\/arturf.com\/wp-content\/uploads\/2020\/03\/Artificial-turf-brushing-machine-SW150--768x512.jpg 768w, https:\/\/arturf.com\/wp-content\/uploads\/2020\/03\/Artificial-turf-brushing-machine-SW150--18x12.jpg 18w, https:\/\/arturf.com\/wp-content\/uploads\/2020\/03\/Artificial-turf-brushing-machine-SW150--510x340.jpg 510w\" sizes=\"auto, (max-width: 800px) 100vw, 800px\" \/>\t\t\t\t\t\t\n\t\t\t\t\t<\/div>\n\t\t\t\t\t\t\t\t\n<style>\n#image_271182486 {\n  width: 100%;\n}\n<\/style>\n\t<\/div>\n\t\n\t\t<\/div>\n\t\t\t\t\t<\/div>\n\n\t\n\n\t<div id=\"col-1402475265\" class=\"col medium-8 small-12 large-8\"  >\n\t\t\t\t<div class=\"col-inner\"  >\n\t\t\t\n\t\t\t\n<ul>\n<li>Produit: Brosse \u00e0 herbe artificielle SW 150<\/li>\n<li>Largeur de travail: 1500 mm<\/li>\n<li>Puissance: 5.5HP (essence)<\/li>\n<li>Poids: 200kg<\/li>\n<li>Dimension du contour: (L xlxh) 1800 mm x 1100 mm x 950 mm<\/li>\n<\/ul>\n<div class=\"video-button-wrapper\"><a href=\"https:\/\/www.youtube.com\/watch?v=8nj2IHufir8\" class=\"button open-video icon circle is-outline is-xlarge\" role=\"button\" aria-label=\"Ouvrir la vid\u00e9o dans la lightbox\" data-flatsome-role-button><i class=\"icon-play\" aria-hidden=\"true\" style=\"font-size:1.5em;\"><\/i><\/a><\/div>\n\t\t<\/div>\n\t\t\t\t\t<\/div>\n\n\t\n<\/div>\n\t<div id=\"gap-313250905\" class=\"gap-element clearfix\" style=\"display:block; height:auto;\">\n\t\t\n<style>\n#gap-313250905 {\n  padding-top: 30px;\n}\n<\/style>\n\t<\/div>\n\t\n<hr \/>\n<h3>\u00c9quipement suppl\u00e9mentaire<\/h3>\n<p>\u00c9quipements ou outils suppl\u00e9mentaires qui peuvent aider \u00e0 \u00e9tendre les mat\u00e9riaux de remplissage tels que le sable de silice et les granul\u00e9s de caoutchouc, et \u00e0 brosser la surface du gazon artificiel.<\/p>\n<div class=\"row align-middle\"  id=\"row-2064557692\">\n\n\t<div id=\"col-233923378\" class=\"col medium-4 small-12 large-4\"  >\n\t\t\t\t<div class=\"col-inner\"  >\n\t\t\t\n\t\t\t\n\t<div class=\"img has-hover x md-x lg-x y md-y lg-y\" id=\"image_597256278\">\n\t\t\t\t\t\t\t\t<div class=\"img-inner image-cover dark\" style=\"padding-top:75%;\">\n\t\t\t<img loading=\"lazy\" decoding=\"async\" width=\"800\" height=\"600\" src=\"https:\/\/arturf.com\/wp-content\/uploads\/2022\/07\/Triangular-Turf-Brush.jpg\" class=\"attachment-large size-large\" alt=\"Machine \u00e0 brosser\" srcset=\"https:\/\/arturf.com\/wp-content\/uploads\/2022\/07\/Triangular-Turf-Brush.jpg 800w, https:\/\/arturf.com\/wp-content\/uploads\/2022\/07\/Triangular-Turf-Brush-500x375.jpg 500w, https:\/\/arturf.com\/wp-content\/uploads\/2022\/07\/Triangular-Turf-Brush-200x150.jpg 200w, https:\/\/arturf.com\/wp-content\/uploads\/2022\/07\/Triangular-Turf-Brush-768x576.jpg 768w, https:\/\/arturf.com\/wp-content\/uploads\/2022\/07\/Triangular-Turf-Brush-16x12.jpg 16w, https:\/\/arturf.com\/wp-content\/uploads\/2022\/07\/Triangular-Turf-Brush-350x263.jpg 350w, https:\/\/arturf.com\/wp-content\/uploads\/2022\/07\/Triangular-Turf-Brush-510x383.jpg 510w\" sizes=\"auto, (max-width: 800px) 100vw, 800px\" \/>\t\t\t\t\t\t\n\t\t\t\t\t<\/div>\n\t\t\t\t\t\t\t\t\n<style>\n#image_597256278 {\n  width: 100%;\n}\n<\/style>\n\t<\/div>\n\t\n\t\t<\/div>\n\t\t\t\t\t<\/div>\n\n\t\n\n\t<div id=\"col-1531821366\" class=\"col medium-8 small-12 large-8\"  >\n\t\t\t\t<div class=\"col-inner\"  >\n\t\t\t\n\t\t\t\n<h3>Brosse \u00e0 gazon triangulaire<\/h3>\n<p>Le balai \u00e0 gazon a une forme triangulaire. La disposition triangulaire tr\u00e8s efficace des brosses redressera et toilettera chaque brin d&#039;herbe ou soul\u00e8vera les fibres synth\u00e9tiques et redistribuera le remplissage pour une meilleure uniformit\u00e9 du pas.<\/p>\n\n  \n    <div class=\"row large-columns-6 medium-columns-3 small-columns-2\" >\n  <div class=\"gallery-col col\" >\n          <div class=\"col-inner\">\n            <a class=\"image-lightbox lightbox-gallery\" href=\"https:\/\/arturf.com\/wp-content\/uploads\/2020\/12\/Triangular-Turf-Brush-002.jpg\" title=\"\">            <div class=\"box has-hover gallery-box box-overlay dark\">\n              <div class=\"box-image\" >\n                <img loading=\"lazy\" decoding=\"async\" width=\"300\" height=\"200\" src=\"https:\/\/arturf.com\/wp-content\/uploads\/2020\/12\/Triangular-Turf-Brush-002-300x200.jpg\" class=\"attachment-medium size-medium\" alt=\"Machine \u00e0 brosser\" ids=\"13572,13571,13574\" columns=\"6\" srcset=\"https:\/\/arturf.com\/wp-content\/uploads\/2020\/12\/Triangular-Turf-Brush-002-300x200.jpg 300w, https:\/\/arturf.com\/wp-content\/uploads\/2020\/12\/Triangular-Turf-Brush-002-18x12.jpg 18w, https:\/\/arturf.com\/wp-content\/uploads\/2020\/12\/Triangular-Turf-Brush-002-510x339.jpg 510w, https:\/\/arturf.com\/wp-content\/uploads\/2020\/12\/Triangular-Turf-Brush-002.jpg 600w\" sizes=\"auto, (max-width: 300px) 100vw, 300px\" \/>                                  <div class=\"overlay fill\"\n                      style=\"background-color: rgba(0,0,0,.15)\">\n                  <\/div>\n                                                              <\/div>\n              <div class=\"box-text text-left\" >\n                 <p><\/p>\n              <\/div>\n            <\/div>\n            <\/a>          <\/div>\n         <\/div><div class=\"gallery-col col\" >\n          <div class=\"col-inner\">\n            <a class=\"image-lightbox lightbox-gallery\" href=\"https:\/\/arturf.com\/wp-content\/uploads\/2020\/12\/Triangular-Turf-Brush-001.jpg\" title=\"\">            <div class=\"box has-hover gallery-box box-overlay dark\">\n              <div class=\"box-image\" >\n                <img loading=\"lazy\" decoding=\"async\" width=\"300\" height=\"200\" src=\"https:\/\/arturf.com\/wp-content\/uploads\/2020\/12\/Triangular-Turf-Brush-001-300x200.jpg\" class=\"attachment-medium size-medium\" alt=\"Machine \u00e0 brosser\" ids=\"13572,13571,13574\" columns=\"6\" srcset=\"https:\/\/arturf.com\/wp-content\/uploads\/2020\/12\/Triangular-Turf-Brush-001-300x200.jpg 300w, https:\/\/arturf.com\/wp-content\/uploads\/2020\/12\/Triangular-Turf-Brush-001-18x12.jpg 18w, https:\/\/arturf.com\/wp-content\/uploads\/2020\/12\/Triangular-Turf-Brush-001-510x339.jpg 510w, https:\/\/arturf.com\/wp-content\/uploads\/2020\/12\/Triangular-Turf-Brush-001.jpg 600w\" sizes=\"auto, (max-width: 300px) 100vw, 300px\" \/>                                  <div class=\"overlay fill\"\n                      style=\"background-color: rgba(0,0,0,.15)\">\n                  <\/div>\n                                                              <\/div>\n              <div class=\"box-text text-left\" >\n                 <p><\/p>\n              <\/div>\n            <\/div>\n            <\/a>          <\/div>\n         <\/div><div class=\"gallery-col col\" >\n          <div class=\"col-inner\">\n            <a class=\"image-lightbox lightbox-gallery\" href=\"https:\/\/arturf.com\/wp-content\/uploads\/2020\/12\/Triangular-Turf-Brush-003-1.jpg\" title=\"\">            <div class=\"box has-hover gallery-box box-overlay dark\">\n              <div class=\"box-image\" >\n                <img loading=\"lazy\" decoding=\"async\" width=\"300\" height=\"200\" src=\"https:\/\/arturf.com\/wp-content\/uploads\/2020\/12\/Triangular-Turf-Brush-003-1-300x200.jpg\" class=\"attachment-medium size-medium\" alt=\"Machine \u00e0 brosser\" ids=\"13572,13571,13574\" columns=\"6\" srcset=\"https:\/\/arturf.com\/wp-content\/uploads\/2020\/12\/Triangular-Turf-Brush-003-1-300x200.jpg 300w, https:\/\/arturf.com\/wp-content\/uploads\/2020\/12\/Triangular-Turf-Brush-003-1-18x12.jpg 18w, https:\/\/arturf.com\/wp-content\/uploads\/2020\/12\/Triangular-Turf-Brush-003-1-510x339.jpg 510w, https:\/\/arturf.com\/wp-content\/uploads\/2020\/12\/Triangular-Turf-Brush-003-1.jpg 600w\" sizes=\"auto, (max-width: 300px) 100vw, 300px\" \/>                                  <div class=\"overlay fill\"\n                      style=\"background-color: rgba(0,0,0,.15)\">\n                  <\/div>\n                                                              <\/div>\n              <div class=\"box-text text-left\" >\n                 <p><\/p>\n              <\/div>\n            <\/div>\n            <\/a>          <\/div>\n         <\/div><\/div>\n\t\t<\/div>\n\t\t\t\t\t<\/div>\n\n\t\n<\/div>\n\t<div id=\"gap-1721710040\" class=\"gap-element clearfix\" style=\"display:block; height:auto;\">\n\t\t\n<style>\n#gap-1721710040 {\n  padding-top: 30px;\n}\n<\/style>\n\t<\/div>\n\t\n<div class=\"row align-middle\"  id=\"row-679915646\">\n\n\t<div id=\"col-1219808282\" class=\"col medium-4 small-12 large-4\"  >\n\t\t\t\t<div class=\"col-inner\"  >\n\t\t\t\n\t\t\t\n\t<div class=\"img has-hover x md-x lg-x y md-y lg-y\" id=\"image_2087783422\">\n\t\t\t\t\t\t\t\t<div class=\"img-inner image-cover dark\" style=\"padding-top:75%;\">\n\t\t\t<img loading=\"lazy\" decoding=\"async\" width=\"800\" height=\"600\" src=\"https:\/\/arturf.com\/wp-content\/uploads\/2021\/08\/Infill-Drop-Spreader-1.jpg\" class=\"attachment-large size-large\" alt=\"Machine \u00e0 brosser\" srcset=\"https:\/\/arturf.com\/wp-content\/uploads\/2021\/08\/Infill-Drop-Spreader-1.jpg 800w, https:\/\/arturf.com\/wp-content\/uploads\/2021\/08\/Infill-Drop-Spreader-1-300x225.jpg 300w, https:\/\/arturf.com\/wp-content\/uploads\/2021\/08\/Infill-Drop-Spreader-1-200x150.jpg 200w, https:\/\/arturf.com\/wp-content\/uploads\/2021\/08\/Infill-Drop-Spreader-1-768x576.jpg 768w, https:\/\/arturf.com\/wp-content\/uploads\/2021\/08\/Infill-Drop-Spreader-1-16x12.jpg 16w, https:\/\/arturf.com\/wp-content\/uploads\/2021\/08\/Infill-Drop-Spreader-1-350x263.jpg 350w, https:\/\/arturf.com\/wp-content\/uploads\/2021\/08\/Infill-Drop-Spreader-1-510x383.jpg 510w\" sizes=\"auto, (max-width: 800px) 100vw, 800px\" \/>\t\t\t\t\t\t\n\t\t\t\t\t<\/div>\n\t\t\t\t\t\t\t\t\n<style>\n#image_2087783422 {\n  width: 100%;\n}\n<\/style>\n\t<\/div>\n\t\n\t\t<\/div>\n\t\t\t\t\t<\/div>\n\n\t\n\n\t<div id=\"col-255040317\" class=\"col medium-8 small-12 large-8\"  >\n\t\t\t\t<div class=\"col-inner\"  >\n\t\t\t\n\t\t\t\n<h3>\u00c9pandeur de gouttes de remplissage<\/h3>\n<p>Un moyen pratique et efficace de r\u00e9partir le sable sur de plus petites surfaces de gazon synth\u00e9tique. L&#039;\u00e9pandeur de gouttes de remplissage r\u00e9partit le sable de mani\u00e8re \u00e9gale sur le terrain en gazon artificiel. La quantit\u00e9 de sable peut \u00eatre ajust\u00e9e avec le levier sous le guidon.<\/p>\n<p>Il peut augmenter la productivit\u00e9 de toute \u00e9quipe d&#039;installation professionnelle, car il r\u00e9duira consid\u00e9rablement le temps n\u00e9cessaire pour appliquer le rev\u00eatement de sable.<\/p>\n\n  \n    <div class=\"row large-columns-6 medium-columns-3 small-columns-2\" >\n  <div class=\"gallery-col col\" >\n          <div class=\"col-inner\">\n            <a class=\"image-lightbox lightbox-gallery\" href=\"https:\/\/arturf.com\/wp-content\/uploads\/2021\/08\/Infill-Drop-Spreader-3.jpg\" title=\"\">            <div class=\"box has-hover gallery-box box-overlay dark\">\n              <div class=\"box-image\" >\n                <img loading=\"lazy\" decoding=\"async\" width=\"300\" height=\"225\" src=\"https:\/\/arturf.com\/wp-content\/uploads\/2021\/08\/Infill-Drop-Spreader-3-300x225.jpg\" class=\"attachment-medium size-medium\" alt=\"Machine \u00e0 brosser\" ids=\"15507,15509,15506\" columns=\"6\" srcset=\"https:\/\/arturf.com\/wp-content\/uploads\/2021\/08\/Infill-Drop-Spreader-3-300x225.jpg 300w, https:\/\/arturf.com\/wp-content\/uploads\/2021\/08\/Infill-Drop-Spreader-3-200x150.jpg 200w, https:\/\/arturf.com\/wp-content\/uploads\/2021\/08\/Infill-Drop-Spreader-3-768x575.jpg 768w, https:\/\/arturf.com\/wp-content\/uploads\/2021\/08\/Infill-Drop-Spreader-3-16x12.jpg 16w, https:\/\/arturf.com\/wp-content\/uploads\/2021\/08\/Infill-Drop-Spreader-3-350x263.jpg 350w, https:\/\/arturf.com\/wp-content\/uploads\/2021\/08\/Infill-Drop-Spreader-3-510x382.jpg 510w, https:\/\/arturf.com\/wp-content\/uploads\/2021\/08\/Infill-Drop-Spreader-3.jpg 800w\" sizes=\"auto, (max-width: 300px) 100vw, 300px\" \/>                                  <div class=\"overlay fill\"\n                      style=\"background-color: rgba(0,0,0,.15)\">\n                  <\/div>\n                                                              <\/div>\n              <div class=\"box-text text-left\" >\n                 <p><\/p>\n              <\/div>\n            <\/div>\n            <\/a>          <\/div>\n         <\/div><div class=\"gallery-col col\" >\n          <div class=\"col-inner\">\n            <a class=\"image-lightbox lightbox-gallery\" href=\"https:\/\/arturf.com\/wp-content\/uploads\/2021\/08\/Infill-Drop-Spreader-2-1.jpg\" title=\"\">            <div class=\"box has-hover gallery-box box-overlay dark\">\n              <div class=\"box-image\" >\n                <img loading=\"lazy\" decoding=\"async\" width=\"300\" height=\"225\" src=\"https:\/\/arturf.com\/wp-content\/uploads\/2021\/08\/Infill-Drop-Spreader-2-1-300x225.jpg\" class=\"attachment-medium size-medium\" alt=\"Machine \u00e0 brosser\" ids=\"15507,15509,15506\" columns=\"6\" srcset=\"https:\/\/arturf.com\/wp-content\/uploads\/2021\/08\/Infill-Drop-Spreader-2-1-300x225.jpg 300w, https:\/\/arturf.com\/wp-content\/uploads\/2021\/08\/Infill-Drop-Spreader-2-1-200x150.jpg 200w, https:\/\/arturf.com\/wp-content\/uploads\/2021\/08\/Infill-Drop-Spreader-2-1-768x576.jpg 768w, https:\/\/arturf.com\/wp-content\/uploads\/2021\/08\/Infill-Drop-Spreader-2-1-16x12.jpg 16w, https:\/\/arturf.com\/wp-content\/uploads\/2021\/08\/Infill-Drop-Spreader-2-1-350x263.jpg 350w, https:\/\/arturf.com\/wp-content\/uploads\/2021\/08\/Infill-Drop-Spreader-2-1-510x383.jpg 510w, https:\/\/arturf.com\/wp-content\/uploads\/2021\/08\/Infill-Drop-Spreader-2-1.jpg 800w\" sizes=\"auto, (max-width: 300px) 100vw, 300px\" \/>                                  <div class=\"overlay fill\"\n                      style=\"background-color: rgba(0,0,0,.15)\">\n                  <\/div>\n                                                              <\/div>\n              <div class=\"box-text text-left\" >\n                 <p><\/p>\n              <\/div>\n            <\/div>\n            <\/a>          <\/div>\n         <\/div><div class=\"gallery-col col\" >\n          <div class=\"col-inner\">\n            <a class=\"image-lightbox lightbox-gallery\" href=\"https:\/\/arturf.com\/wp-content\/uploads\/2021\/08\/Infill-Drop-Spreader-4.jpg\" title=\"\">            <div class=\"box has-hover gallery-box box-overlay dark\">\n              <div class=\"box-image\" >\n                <img loading=\"lazy\" decoding=\"async\" width=\"300\" height=\"225\" src=\"https:\/\/arturf.com\/wp-content\/uploads\/2021\/08\/Infill-Drop-Spreader-4-300x225.jpg\" class=\"attachment-medium size-medium\" alt=\"Machine \u00e0 brosser\" ids=\"15507,15509,15506\" columns=\"6\" srcset=\"https:\/\/arturf.com\/wp-content\/uploads\/2021\/08\/Infill-Drop-Spreader-4-300x225.jpg 300w, https:\/\/arturf.com\/wp-content\/uploads\/2021\/08\/Infill-Drop-Spreader-4-200x150.jpg 200w, https:\/\/arturf.com\/wp-content\/uploads\/2021\/08\/Infill-Drop-Spreader-4-768x576.jpg 768w, https:\/\/arturf.com\/wp-content\/uploads\/2021\/08\/Infill-Drop-Spreader-4-16x12.jpg 16w, https:\/\/arturf.com\/wp-content\/uploads\/2021\/08\/Infill-Drop-Spreader-4-350x263.jpg 350w, https:\/\/arturf.com\/wp-content\/uploads\/2021\/08\/Infill-Drop-Spreader-4-510x383.jpg 510w, https:\/\/arturf.com\/wp-content\/uploads\/2021\/08\/Infill-Drop-Spreader-4.jpg 800w\" sizes=\"auto, (max-width: 300px) 100vw, 300px\" \/>                                  <div class=\"overlay fill\"\n                      style=\"background-color: rgba(0,0,0,.15)\">\n                  <\/div>\n                                                              <\/div>\n              <div class=\"box-text text-left\" >\n                 <p><\/p>\n              <\/div>\n            <\/div>\n            <\/a>          <\/div>\n         <\/div><\/div>\n\t\t<\/div>\n\t\t\t\t\t<\/div>\n\n\t\n<\/div>","protected":false},"excerpt":{"rendered":"<p>La brosse \u00e0 gazon artificiel est l&#039;un des outils \/ machines les plus importants pour l&#039;installation et l&#039;entretien du gazon artificiel. Nous proposons diff\u00e9rentes options pour <strong>zones paysag\u00e8res<\/strong> et <strong>terrains de sport<\/strong>.<\/p>","protected":false},"featured_media":11307,"template":"","meta":{"_seopress_robots_primary_cat":"","_seopress_titles_title":"","_seopress_titles_desc":"","_seopress_robots_index":""},"product_brand":[],"product_cat":[66],"product_tag":[],"class_list":{"0":"post-11306","1":"product","2":"type-product","3":"status-publish","4":"has-post-thumbnail","6":"product_cat-accessories","8":"first","9":"instock","10":"shipping-taxable","11":"product-type-simple"},"_links":{"self":[{"href":"https:\/\/arturf.com\/fr\/wp-json\/wp\/v2\/product\/11306","targetHints":{"allow":["GET"]}}],"collection":[{"href":"https:\/\/arturf.com\/fr\/wp-json\/wp\/v2\/product"}],"about":[{"href":"https:\/\/arturf.com\/fr\/wp-json\/wp\/v2\/types\/product"}],"wp:featuredmedia":[{"embeddable":true,"href":"https:\/\/arturf.com\/fr\/wp-json\/wp\/v2\/media\/11307"}],"wp:attachment":[{"href":"https:\/\/arturf.com\/fr\/wp-json\/wp\/v2\/media?parent=11306"}],"wp:term":[{"taxonomy":"product_brand","embeddable":true,"href":"https:\/\/arturf.com\/fr\/wp-json\/wp\/v2\/product_brand?post=11306"},{"taxonomy":"product_cat","embeddable":true,"href":"https:\/\/arturf.com\/fr\/wp-json\/wp\/v2\/product_cat?post=11306"},{"taxonomy":"product_tag","embeddable":true,"href":"https:\/\/arturf.com\/fr\/wp-json\/wp\/v2\/product_tag?post=11306"}],"curies":[{"name":"wp","href":"https:\/\/api.w.org\/{rel}","templated":true}]}}