{"id":11452,"date":"2020-04-29T16:37:37","date_gmt":"2020-04-29T08:37:37","guid":{"rendered":"https:\/\/arturf.com\/?post_type=product&#038;p=11452"},"modified":"2023-07-14T18:00:42","modified_gmt":"2023-07-14T10:00:42","slug":"artificial-grass-winter","status":"publish","type":"product","link":"https:\/\/arturf.com\/fr\/product\/artificial-grass-winter\/","title":{"rendered":"\u2661Hiver"},"content":{"rendered":"<p>Un gazon artificiel de haute qualit\u00e9 con\u00e7u pour reproduire la beaut\u00e9 des paysages hivernaux. Contrairement aux fibres vertes bicolores traditionnelles, \u2661Winter pr\u00e9sente une combinaison de fibres principales vert champ et blanc cr\u00e8me, rappelant l&#039;herbe naturelle en hiver. Cette combinaison de couleurs unique a gagn\u00e9 en popularit\u00e9 en Europe et en Australie. Avec une hauteur de poils recommand\u00e9e de 30 \u00e0 40 mm, \u2661Winter offre une apparence r\u00e9aliste et une durabilit\u00e9 exceptionnelle, ce qui en fait un choix id\u00e9al pour vos besoins d&#039;am\u00e9nagement paysager.<\/p>\n<h3>Principales caract\u00e9ristiques:<\/h3>\n<ol>\n<li>Couleurs uniques : les fibres principales vert champ et blanc cr\u00e8me cr\u00e9ent un look distinctif.<\/li>\n<li>Fibres \u00e0 m\u00e9moire de forme en C et chaume dense : Am\u00e9liore la r\u00e9silience et la durabilit\u00e9.<\/li>\n<li>R\u00e9aliste et durable : offre une apparence naturelle semblable \u00e0 celle de l&#039;herbe et des performances durables.<\/li>\n<\/ol>\n\n\t<section class=\"section\" id=\"section_212292317\">\n\t\t<div class=\"section-bg fill\" >\n\t\t\t\t\t\t\t\t\t\n\t\t\t\n\n\t\t<\/div>\n\n\t\t\n\n\t\t<div class=\"section-content relative\">\n\t\t\t\n\n<div class=\"row\"  id=\"row-536348088\">\n\n\n\t<div id=\"col-449569541\" class=\"col small-12 large-12\"  >\n\t\t\t\t<div class=\"col-inner text-center\"  >\n\t\t\t\n\t\t\t\n\n<h2>FAQ<\/h2>\n\n\t\t<\/div>\n\t\t\t\t\t<\/div>\n\n\t\n\n<\/div>\n<div class=\"row align-center row-box-shadow-1\"  id=\"row-198161582\">\n\n\n\t<div id=\"col-155013573\" class=\"col medium-10 small-12 large-9\"  >\n\t\t\t\t<div class=\"col-inner\" style=\"background-color:rgb(255,255,255);\" >\n\t\t\t\n\t\t\t\n\n<div class=\"accordion\">\n\n\t<div id=\"accordion-1190412926\" class=\"accordion-item\">\n\t\t<a id=\"accordion-1190412926-label\" class=\"accordion-title plain\" href=\"#accordion-item-can-you-customize-specifications-for-your-artificial-turf-products?\" aria-expanded=\"false\" aria-controls=\"accordion-1190412926-content\">\n\t\t\t<button class=\"toggle\" aria-label=\"Basculer\"><i class=\"icon-angle-down\" aria-hidden=\"true\"><\/i><\/button>\n\t\t\t<span>Pouvez-vous personnaliser les sp\u00e9cifications de vos produits de gazon artificiel ?<\/span>\n\t\t<\/a>\n\t\t<div id=\"accordion-1190412926-content\" class=\"accordion-inner\" aria-labelledby=\"accordion-1190412926-label\">\n\t\t\t\n\n<p>Oui, nous proposons des options de personnalisation pour la couleur, la forme du fil, la hauteur du poil, la densit\u00e9 et le support. Nous pouvons \u00e9galement produire selon un \u00e9chantillon fourni.<\/p>\n\n\t\t<\/div>\n\t<\/div>\n\t\n\t<div id=\"accordion-810675965\" class=\"accordion-item\">\n\t\t<a id=\"accordion-810675965-label\" class=\"accordion-title plain\" href=\"#accordion-item-do-you-have-stock?\" aria-expanded=\"false\" aria-controls=\"accordion-810675965-content\">\n\t\t\t<button class=\"toggle\" aria-label=\"Basculer\"><i class=\"icon-angle-down\" aria-hidden=\"true\"><\/i><\/button>\n\t\t\t<span>Avez-vous des stocks?<\/span>\n\t\t<\/a>\n\t\t<div id=\"accordion-810675965-content\" class=\"accordion-inner\" aria-labelledby=\"accordion-810675965-label\">\n\t\t\t\n\n<p>Non, nous ne gardons pas de stock. Nous commen\u00e7ons la production sur la base de commandes sp\u00e9cifiques.<\/p>\n\n\t\t<\/div>\n\t<\/div>\n\t\n\t<div id=\"accordion-588951045\" class=\"accordion-item\">\n\t\t<a id=\"accordion-588951045-label\" class=\"accordion-title plain\" href=\"#accordion-item-what-is-your-moq?\" aria-expanded=\"false\" aria-controls=\"accordion-588951045-content\">\n\t\t\t<button class=\"toggle\" aria-label=\"Basculer\"><i class=\"icon-angle-down\" aria-hidden=\"true\"><\/i><\/button>\n\t\t\t<span>Quel est votre MOQ?<\/span>\n\t\t<\/a>\n\t\t<div id=\"accordion-588951045-content\" class=\"accordion-inner\" aria-labelledby=\"accordion-588951045-label\">\n\t\t\t\n\n<p>Pour la plupart des gazons artificiels, notre quantit\u00e9 minimum de commande (MOQ) est de 500 m\u00e8tres carr\u00e9s. Pour certains produits l\u00e9gers, le MOQ est de 800 m\u00e8tres carr\u00e9s.<\/p>\n\n\t\t<\/div>\n\t<\/div>\n\t\n\t<div id=\"accordion-1922849890\" class=\"accordion-item\">\n\t\t<a id=\"accordion-1922849890-label\" class=\"accordion-title plain\" href=\"#accordion-item-what-are-the-width-and-length-options-for-artificial-grass?\" aria-expanded=\"false\" aria-controls=\"accordion-1922849890-content\">\n\t\t\t<button class=\"toggle\" aria-label=\"Basculer\"><i class=\"icon-angle-down\" aria-hidden=\"true\"><\/i><\/button>\n\t\t\t<span>Quelles sont les options de largeur et de longueur pour le gazon artificiel ?<\/span>\n\t\t<\/a>\n\t\t<div id=\"accordion-1922849890-content\" class=\"accordion-inner\" aria-labelledby=\"accordion-1922849890-label\">\n\t\t\t\n\n<p>Nos options de largeur courantes sont de 2 m, 3,75 m, 3,95 m, 4 m et 5 m. La longueur peut \u00eatre personnalis\u00e9e en fonction des exigences sp\u00e9cifiques de votre projet. Par d\u00e9faut, nous m\u00e9langeons du gazon de 4 m de large et de 2 m de large pour optimiser l&#039;espace du conteneur.<\/p>\n\n\t\t<\/div>\n\t<\/div>\n\t\n\t<div id=\"accordion-2972282372\" class=\"accordion-item\">\n\t\t<a id=\"accordion-2972282372-label\" class=\"accordion-title plain\" href=\"#accordion-item-what-information-do-you-need-to-provide-the-landed-cost-for-international-customers?\" aria-expanded=\"false\" aria-controls=\"accordion-2972282372-content\">\n\t\t\t<button class=\"toggle\" aria-label=\"Basculer\"><i class=\"icon-angle-down\" aria-hidden=\"true\"><\/i><\/button>\n\t\t\t<span>De quelles informations avez-vous besoin pour fournir le co\u00fbt au d\u00e9barquement pour les clients internationaux\u00a0?<\/span>\n\t\t<\/a>\n\t\t<div id=\"accordion-2972282372-content\" class=\"accordion-inner\" aria-labelledby=\"accordion-2972282372-label\">\n\t\t\t\n\n<p>Pour fournir le co\u00fbt au d\u00e9barquement, nous avons besoin d&#039;informations sur les d\u00e9tails du produit, la quantit\u00e9 et le port maritime de destination.<\/p>\n\n\t\t<\/div>\n\t<\/div>\n\t\n\n<\/div>\n\n\t\t<\/div>\n\t\t\t\t\t<\/div>\n\n\t\n\n\n<style>\n#row-198161582 > .col > .col-inner {\n  padding: 0px 0px 0px 0px;\n}\n@media (min-width:550px) {\n  #row-198161582 > .col > .col-inner {\n    padding: 30px 30px 30px 30px;\n  }\n}\n<\/style>\n<\/div>\n\n\t\t<\/div>\n\n\t\t\n<style>\n#section_212292317 {\n  padding-top: 60px;\n  padding-bottom: 60px;\n}\n<\/style>\n\t<\/section>\n\t\n<div class=\"row align-center\"  id=\"row-475289483\">\n\n\n\t<div id=\"col-404747100\" class=\"col medium-4 large-4\"  >\n\t\t\t\t<div class=\"col-inner\"  >\n\t\t\t\n\t<div class=\"is-border\"\n\t\tstyle=\"border-width:0px 0px 0px 0px;\">\n\t<\/div>\n\t\t\t\n\n\n\t\t<div class=\"icon-box featured-box icon-box-center text-center\"  style=\"margin:0px 0px 0px 0px;\">\n\t\t\t\t\t<div class=\"icon-box-img has-icon-bg\" style=\"width: 100px\">\n\t\t\t\t<div class=\"icon\">\n\t\t\t\t\t<div class=\"icon-inner\" style=\"border-width:2px;color:rgba(47, 159, 18, 0.88);\">\n\t\t\t\t\t\t<img loading=\"lazy\" decoding=\"async\" width=\"100\" height=\"100\" src=\"https:\/\/arturf.com\/wp-content\/uploads\/2018\/06\/Icon-Good-quality.png\" class=\"attachment-medium size-medium\" alt=\"\" srcset=\"https:\/\/arturf.com\/wp-content\/uploads\/2018\/06\/Icon-Good-quality.png 100w, https:\/\/arturf.com\/wp-content\/uploads\/2018\/06\/Icon-Good-quality-12x12.png 12w\" sizes=\"auto, (max-width: 100px) 100vw, 100px\" \/>\t\t\t\t\t<\/div>\n\t\t\t\t<\/div>\n\t\t\t<\/div>\n\t\t\t\t<div class=\"icon-box-text last-reset\">\n\t\t\t<h5 class=\"uppercase\">Qualit\u00e9 \u00e9prouv\u00e9e<\/h5>\t\t\t\t\t\t\n\n<p>Gazon artificiel de qualit\u00e9 sup\u00e9rieure avec r\u00e9sistance aux UV et \u00e0 l&#039;usure. Des garanties solides assurent une satisfaction durable.<\/p>\n\n\t\t<\/div>\n\t<\/div>\n\t\n\t\n\n\t\t<\/div>\n\t\t\t\t\t<\/div>\n\n\t\n\n\t<div id=\"col-332277439\" class=\"col medium-4 large-4\"  >\n\t\t\t\t<div class=\"col-inner\"  >\n\t\t\t\n\t<div class=\"is-border\"\n\t\tstyle=\"border-width:0px 0px 0px 0px;\">\n\t<\/div>\n\t\t\t\n\n\n\t\t<div class=\"icon-box featured-box icon-box-center text-center\"  style=\"margin:0px 0px 0px 0px;\">\n\t\t\t\t\t<div class=\"icon-box-img has-icon-bg\" style=\"width: 100px\">\n\t\t\t\t<div class=\"icon\">\n\t\t\t\t\t<div class=\"icon-inner\" style=\"border-width:2px;color:rgba(47, 159, 18, 0.88);\">\n\t\t\t\t\t\t<img loading=\"lazy\" decoding=\"async\" width=\"100\" height=\"100\" src=\"https:\/\/arturf.com\/wp-content\/uploads\/2018\/06\/Icon-Good-price.png\" class=\"attachment-medium size-medium\" alt=\"\" srcset=\"https:\/\/arturf.com\/wp-content\/uploads\/2018\/06\/Icon-Good-price.png 100w, https:\/\/arturf.com\/wp-content\/uploads\/2018\/06\/Icon-Good-price-12x12.png 12w\" sizes=\"auto, (max-width: 100px) 100vw, 100px\" \/>\t\t\t\t\t<\/div>\n\t\t\t\t<\/div>\n\t\t\t<\/div>\n\t\t\t\t<div class=\"icon-box-text last-reset\">\n\t\t\t<h5 class=\"uppercase\">Des prix comp\u00e9titifs<\/h5>\t\t\t\t\t\t\n\n<p>Nous offrons des prix comp\u00e9titifs, favorisant la croissance mutuelle et le succ\u00e8s \u00e0 long terme avec nos revendeurs estim\u00e9s.<\/p>\n\n\t\t<\/div>\n\t<\/div>\n\t\n\t\n\n\t\t<\/div>\n\t\t\t\t\t<\/div>\n\n\t\n\n\t<div id=\"col-1061849153\" class=\"col medium-4 large-4\"  >\n\t\t\t\t<div class=\"col-inner\"  >\n\t\t\t\n\t<div class=\"is-border\"\n\t\tstyle=\"border-width:0px 0px 0px 0px;\">\n\t<\/div>\n\t\t\t\n\n\n\t\t<div class=\"icon-box featured-box icon-box-center text-center\"  style=\"margin:0px 0px 0px 0px;\">\n\t\t\t\t\t<div class=\"icon-box-img has-icon-bg\" style=\"width: 100px\">\n\t\t\t\t<div class=\"icon\">\n\t\t\t\t\t<div class=\"icon-inner\" style=\"border-width:2px;color:rgba(47, 159, 18, 0.88);\">\n\t\t\t\t\t\t<img loading=\"lazy\" decoding=\"async\" width=\"100\" height=\"100\" src=\"https:\/\/arturf.com\/wp-content\/uploads\/2018\/06\/Icon-tailor-made.png\" class=\"attachment-medium size-medium\" alt=\"\" srcset=\"https:\/\/arturf.com\/wp-content\/uploads\/2018\/06\/Icon-tailor-made.png 100w, https:\/\/arturf.com\/wp-content\/uploads\/2018\/06\/Icon-tailor-made-12x12.png 12w\" sizes=\"auto, (max-width: 100px) 100vw, 100px\" \/>\t\t\t\t\t<\/div>\n\t\t\t\t<\/div>\n\t\t\t<\/div>\n\t\t\t\t<div class=\"icon-box-text last-reset\">\n\t\t\t<h5 class=\"uppercase\">Solutions personnalis\u00e9es<\/h5>\t\t\t\t\t\t\n\n<p>Lib\u00e9rez le potentiel du march\u00e9 avec diverses options de gazon artificiel. <a href=\"https:\/\/arturf.com\/fr\/buyers-guide\/customized-artificial-grass-products\/\">Adapt\u00e9 aux besoins ou aux \u00e9chantillons uniques<\/a>.<\/p>\n\n\t\t<\/div>\n\t<\/div>\n\t\n\t\n\n\t\t<\/div>\n\t\t\t\t\t<\/div>\n\n\t\n\n<\/div>","protected":false},"excerpt":{"rendered":"<p>Gazon artificiel de haute qualit\u00e9 avec des couleurs uniques, des fibres r\u00e9sistantes en forme de C et un chaume dense, recr\u00e9ant la beaut\u00e9 des paysages hivernaux avec durabilit\u00e9 et r\u00e9alisme.<\/p>","protected":false},"featured_media":11455,"template":"","meta":{"_seopress_robots_primary_cat":"","_seopress_titles_title":"","_seopress_titles_desc":"","_seopress_robots_index":""},"product_brand":[],"product_cat":[64],"product_tag":[],"class_list":{"0":"post-11452","1":"product","2":"type-product","3":"status-publish","4":"has-post-thumbnail","6":"product_cat-landscape","8":"first","9":"instock","10":"shipping-taxable","11":"product-type-simple"},"_links":{"self":[{"href":"https:\/\/arturf.com\/fr\/wp-json\/wp\/v2\/product\/11452","targetHints":{"allow":["GET"]}}],"collection":[{"href":"https:\/\/arturf.com\/fr\/wp-json\/wp\/v2\/product"}],"about":[{"href":"https:\/\/arturf.com\/fr\/wp-json\/wp\/v2\/types\/product"}],"wp:featuredmedia":[{"embeddable":true,"href":"https:\/\/arturf.com\/fr\/wp-json\/wp\/v2\/media\/11455"}],"wp:attachment":[{"href":"https:\/\/arturf.com\/fr\/wp-json\/wp\/v2\/media?parent=11452"}],"wp:term":[{"taxonomy":"product_brand","embeddable":true,"href":"https:\/\/arturf.com\/fr\/wp-json\/wp\/v2\/product_brand?post=11452"},{"taxonomy":"product_cat","embeddable":true,"href":"https:\/\/arturf.com\/fr\/wp-json\/wp\/v2\/product_cat?post=11452"},{"taxonomy":"product_tag","embeddable":true,"href":"https:\/\/arturf.com\/fr\/wp-json\/wp\/v2\/product_tag?post=11452"}],"curies":[{"name":"wp","href":"https:\/\/api.w.org\/{rel}","templated":true}]}}